{"id":7035,"date":"2024-05-06T14:42:37","date_gmt":"2024-05-06T14:42:37","guid":{"rendered":"https:\/\/distribucionarc.com\/?post_type=product&#038;p=7035"},"modified":"2024-05-06T14:42:40","modified_gmt":"2024-05-06T14:42:40","slug":"703staubentferner-fur-kalziumtabletten","status":"publish","type":"product","link":"https:\/\/distribucionarc.com\/de\/producto\/703desempolvador-eliminador-de-polvo-para-tabletas-de-calcio\/","title":{"rendered":"STAUBENTFERNER F\u00dcR KALZIUMTABLETTEN"},"content":{"rendered":"<p>Entdecken Sie die <strong>ZWARS137 Hochgeschwindigkeits-Staubsammler<\/strong>, eine innovative L\u00f6sung, die fortschrittliche Prinzipien des Druckluftblasens, der Zentrifugalstaubentfernung und des Trommelkantenpolierens nutzt, um Kalziumtabletten ein makelloses Finish zu verleihen. Hergestellt aus hochwertigem SS304-Material, garantiert es einen sicheren Teilkontakt mit dem Rohmaterial und erf\u00fcllt die erforderlichen Qualit\u00e4tsstandards. Dar\u00fcber hinaus erleichtert sein Design die Reinigung und gew\u00e4hrleistet eine einfache und effiziente Wartung. Optimieren Sie Ihre Produktionsprozesse und stellen Sie die Qualit\u00e4t Ihrer Produkte sicher <strong>ZWARS137 Hochgeschwindigkeits-Staubsammler<\/strong>.<\/p>\n<p>&nbsp;<\/p>\n<table>\n<tbody>\n<tr>\n<td width=\"283\">Modell<\/td>\n<td width=\"283\">ZWARS137<\/td>\n<\/tr>\n<tr>\n<td width=\"283\">Ausbringungskapazit\u00e4t (St\u00fcck\/h)<\/td>\n<td width=\"283\">800000<\/td>\n<\/tr>\n<tr>\n<td width=\"283\">Siebdurchmesser (mm)<\/td>\n<td width=\"283\">3<\/td>\n<\/tr>\n<tr>\n<td width=\"283\">Siebdurchmesser (mm)<\/td>\n<td width=\"283\">25<\/td>\n<\/tr>\n<tr>\n<td width=\"283\">Siebzylinderdurchmesser (mm)<\/td>\n<td width=\"283\">137<\/td>\n<\/tr>\n<tr>\n<td width=\"283\">Max. Drehzahl (Umdrehung\/min)<\/td>\n<td width=\"283\">30<\/td>\n<\/tr>\n<tr>\n<td width=\"283\">Leistung (W)<\/td>\n<td width=\"283\">60<\/td>\n<\/tr>\n<tr>\n<td width=\"283\">Stromversorgung<\/td>\n<td width=\"283\">220V\/110V 50Hz<\/td>\n<\/tr>\n<tr>\n<td width=\"283\">Druckspannung (kg)<\/td>\n<td width=\"283\">4<\/td>\n<\/tr>\n<tr>\n<td width=\"283\">Nettogewicht (kg)<\/td>\n<td width=\"283\">750*<\/p>\n<p>320*<\/p>\n<p>1030*<\/td>\n<\/tr>\n<tr>\n<td width=\"283\">Gesamtgr\u00f6\u00dfe (mm)<\/td>\n<td width=\"283\">37<\/td>\n<\/tr>\n<\/tbody>\n<\/table>","protected":false},"excerpt":{"rendered":"<p>Entdecken Sie den ZWARS137 High Speed Dust Remover, eine innovative L\u00f6sung, die fortschrittliche Druckluft-Blasprinzipien nutzt,<\/p>","protected":false},"featured_media":7037,"comment_status":"open","ping_status":"closed","template":"","meta":{"wds_primary_product_brand":0,"wds_primary_product_cat":0},"product_brand":[],"product_cat":[84],"product_tag":[],"class_list":{"0":"post-7035","1":"product","2":"type-product","3":"status-publish","4":"has-post-thumbnail","6":"product_cat-maquinas-para-hacer-pastillas","8":"first","9":"instock","10":"taxable","11":"shipping-taxable","12":"purchasable","13":"product-type-simple"},"yoast_head":"<!-- This site is optimized with the Yoast SEO Premium plugin v24.9 (Yoast SEO v26.1) - https:\/\/yoast.com\/wordpress\/plugins\/seo\/ -->\n<title>DESEMPOLVADOR ELIMINADOR DE POLVO PARA TABLETAS DE CALCIO - distribuci\u00f3n ARC<\/title>\n<meta name=\"robots\" content=\"index, follow, max-snippet:-1, max-image-preview:large, max-video-preview:-1\" \/>\n<link rel=\"canonical\" href=\"https:\/\/distribucionarc.com\/de\/produkt-2\/703staubentferner-fur-kalziumtabletten\/\" \/>\n<meta property=\"og:locale\" content=\"de_DE\" \/>\n<meta property=\"og:type\" content=\"article\" \/>\n<meta property=\"og:title\" content=\"DESEMPOLVADOR ELIMINADOR DE POLVO PARA TABLETAS DE CALCIO\" \/>\n<meta property=\"og:description\" content=\"Descubre el Desempolvador de Alta Velocidad ZWARS137, una soluci\u00f3n innovadora que utiliza principios avanzados de soplado de aire comprimido, eliminaci\u00f3n\" \/>\n<meta property=\"og:url\" content=\"https:\/\/distribucionarc.com\/de\/produkt-2\/703staubentferner-fur-kalziumtabletten\/\" \/>\n<meta property=\"og:site_name\" content=\"distribuci\u00f3n ARC\" \/>\n<meta property=\"article:modified_time\" content=\"2024-05-06T14:42:40+00:00\" \/>\n<meta property=\"og:image\" content=\"https:\/\/distribucionarc.com\/wp-content\/uploads\/2024\/05\/DESEMPOLVADOR-ELIMINADOR-DE-POLVO-PARA-TABLETAS-DE-CALCIO.webp\" \/>\n\t<meta property=\"og:image:width\" content=\"944\" \/>\n\t<meta property=\"og:image:height\" content=\"968\" \/>\n\t<meta property=\"og:image:type\" content=\"image\/webp\" \/>\n<meta name=\"twitter:card\" content=\"summary_large_image\" \/>\n<meta name=\"twitter:label1\" content=\"Gesch\u00e4tzte Lesezeit\" \/>\n\t<meta name=\"twitter:data1\" content=\"1\u00a0Minute\" \/>\n<script type=\"application\/ld+json\" class=\"yoast-schema-graph\">{\"@context\":\"https:\/\/schema.org\",\"@graph\":[{\"@type\":\"WebPage\",\"@id\":\"https:\/\/distribucionarc.com\/pt\/producto\/703desempolvador-eliminador-de-polvo-para-tabletas-de-calcio\/\",\"url\":\"https:\/\/distribucionarc.com\/pt\/producto\/703desempolvador-eliminador-de-polvo-para-tabletas-de-calcio\/\",\"name\":\"DESEMPOLVADOR ELIMINADOR DE POLVO PARA TABLETAS DE CALCIO - distribuci\u00f3n ARC\",\"isPartOf\":{\"@id\":\"https:\/\/www.distribucionarc.com\/tr\/#website\"},\"primaryImageOfPage\":{\"@id\":\"https:\/\/distribucionarc.com\/pt\/producto\/703desempolvador-eliminador-de-polvo-para-tabletas-de-calcio\/#primaryimage\"},\"image\":{\"@id\":\"https:\/\/distribucionarc.com\/pt\/producto\/703desempolvador-eliminador-de-polvo-para-tabletas-de-calcio\/#primaryimage\"},\"thumbnailUrl\":\"https:\/\/distribucionarc.com\/wp-content\/uploads\/2024\/05\/DESEMPOLVADOR-ELIMINADOR-DE-POLVO-PARA-TABLETAS-DE-CALCIO.webp\",\"datePublished\":\"2024-05-06T14:42:37+00:00\",\"dateModified\":\"2024-05-06T14:42:40+00:00\",\"breadcrumb\":{\"@id\":\"https:\/\/distribucionarc.com\/pt\/producto\/703desempolvador-eliminador-de-polvo-para-tabletas-de-calcio\/#breadcrumb\"},\"inLanguage\":\"de\",\"potentialAction\":[{\"@type\":\"ReadAction\",\"target\":[\"https:\/\/distribucionarc.com\/pt\/producto\/703desempolvador-eliminador-de-polvo-para-tabletas-de-calcio\/\"]}]},{\"@type\":\"ImageObject\",\"inLanguage\":\"de\",\"@id\":\"https:\/\/distribucionarc.com\/pt\/producto\/703desempolvador-eliminador-de-polvo-para-tabletas-de-calcio\/#primaryimage\",\"url\":\"https:\/\/distribucionarc.com\/wp-content\/uploads\/2024\/05\/DESEMPOLVADOR-ELIMINADOR-DE-POLVO-PARA-TABLETAS-DE-CALCIO.webp\",\"contentUrl\":\"https:\/\/distribucionarc.com\/wp-content\/uploads\/2024\/05\/DESEMPOLVADOR-ELIMINADOR-DE-POLVO-PARA-TABLETAS-DE-CALCIO.webp\",\"width\":944,\"height\":968,\"caption\":\"#image_title\"},{\"@type\":\"BreadcrumbList\",\"@id\":\"https:\/\/distribucionarc.com\/pt\/producto\/703desempolvador-eliminador-de-polvo-para-tabletas-de-calcio\/#breadcrumb\",\"itemListElement\":[{\"@type\":\"ListItem\",\"position\":1,\"name\":\"Portada\",\"item\":\"https:\/\/www.distribucionarc.com\/tr\/\"},{\"@type\":\"ListItem\",\"position\":2,\"name\":\"Produktai\",\"item\":\"https:\/\/distribucionarc.com\/lt\/parduotuve\/\"},{\"@type\":\"ListItem\",\"position\":3,\"name\":\"DESEMPOLVADOR ELIMINADOR DE POLVO PARA TABLETAS DE CALCIO\"}]},{\"@type\":\"WebSite\",\"@id\":\"https:\/\/www.distribucionarc.com\/tr\/#website\",\"url\":\"https:\/\/www.distribucionarc.com\/tr\/\",\"name\":\"distribuci\u00f3n ARC\",\"description\":\"Empresa especializada en la fabricaci\u00f3n y distribuci\u00f3n de maquinaria industrial, selladoras de latas, Maquinas de hacer pastillas, Maquinas de cortar carne...\",\"publisher\":{\"@id\":\"https:\/\/www.distribucionarc.com\/tr\/#organization\"},\"potentialAction\":[{\"@type\":\"SearchAction\",\"target\":{\"@type\":\"EntryPoint\",\"urlTemplate\":\"https:\/\/www.distribucionarc.com\/tr\/?s={search_term_string}\"},\"query-input\":{\"@type\":\"PropertyValueSpecification\",\"valueRequired\":true,\"valueName\":\"search_term_string\"}}],\"inLanguage\":\"de\"},{\"@type\":\"Organization\",\"@id\":\"https:\/\/www.distribucionarc.com\/tr\/#organization\",\"name\":\"Distribuci\u00f3n ARC\",\"url\":\"https:\/\/www.distribucionarc.com\/tr\/\",\"logo\":{\"@type\":\"ImageObject\",\"inLanguage\":\"de\",\"@id\":\"https:\/\/www.distribucionarc.com\/tr\/#\/schema\/logo\/image\/\",\"url\":\"https:\/\/distribucionarc.com\/wp-content\/uploads\/2024\/10\/distribucion-ARC-COLOR-SIN-FONDO-e1732295305345.png\",\"contentUrl\":\"https:\/\/distribucionarc.com\/wp-content\/uploads\/2024\/10\/distribucion-ARC-COLOR-SIN-FONDO-e1732295305345.png\",\"width\":1164,\"height\":558,\"caption\":\"Distribuci\u00f3n ARC\"},\"image\":{\"@id\":\"https:\/\/www.distribucionarc.com\/tr\/#\/schema\/logo\/image\/\"},\"description\":\"Empresa especializada en la fabricaci\u00f3n y distribuci\u00f3n de maquinaria industrial para los sectores alimentario y farmac\u00e9utico. Nos especializamos en: M\u00e1quinas de cortar carne Fabricaci\u00f3n de comprimidos Sistemas de transporte industrial L\u00edneas de embotellado Dosificadores Y mucho m\u00e1s... Ofrecemos soluciones innovadoras y personalizadas para optimizar los procesos productivos de tu empresa.\",\"email\":\"Admistracion@distribucionarc.com\",\"telephone\":\"+34 643496664\",\"legalName\":\"ARC TECH SOLUTIONS\",\"foundingDate\":\"2024-04-09\",\"vatID\":\"B55480172\",\"numberOfEmployees\":{\"@type\":\"QuantitativeValue\",\"minValue\":\"1\",\"maxValue\":\"10\"}}]}<\/script>\n<!-- \/ Yoast SEO Premium plugin. -->","yoast_head_json":{"title":"STAUBENTFERNER F\u00dcR KALZIUMTABLETTEN - ARC-Verteilung","robots":{"index":"index","follow":"follow","max-snippet":"max-snippet:-1","max-image-preview":"max-image-preview:large","max-video-preview":"max-video-preview:-1"},"canonical":"https:\/\/distribucionarc.com\/de\/produkt-2\/703staubentferner-fur-kalziumtabletten\/","og_locale":"de_DE","og_type":"article","og_title":"DESEMPOLVADOR ELIMINADOR DE POLVO PARA TABLETAS DE CALCIO","og_description":"Descubre el Desempolvador de Alta Velocidad ZWARS137, una soluci\u00f3n innovadora que utiliza principios avanzados de soplado de aire comprimido, eliminaci\u00f3n","og_url":"https:\/\/distribucionarc.com\/de\/produkt-2\/703staubentferner-fur-kalziumtabletten\/","og_site_name":"distribuci\u00f3n ARC","article_modified_time":"2024-05-06T14:42:40+00:00","og_image":[{"width":944,"height":968,"url":"https:\/\/distribucionarc.com\/wp-content\/uploads\/2024\/05\/DESEMPOLVADOR-ELIMINADOR-DE-POLVO-PARA-TABLETAS-DE-CALCIO.webp","type":"image\/webp"}],"twitter_card":"summary_large_image","twitter_misc":{"Gesch\u00e4tzte Lesezeit":"1\u00a0Minute"},"schema":{"@context":"https:\/\/schema.org","@graph":[{"@type":"WebPage","@id":"https:\/\/distribucionarc.com\/pt\/producto\/703desempolvador-eliminador-de-polvo-para-tabletas-de-calcio\/","url":"https:\/\/distribucionarc.com\/pt\/producto\/703desempolvador-eliminador-de-polvo-para-tabletas-de-calcio\/","name":"STAUBENTFERNER F\u00dcR KALZIUMTABLETTEN - ARC-Verteilung","isPartOf":{"@id":"https:\/\/www.distribucionarc.com\/tr\/#website"},"primaryImageOfPage":{"@id":"https:\/\/distribucionarc.com\/pt\/producto\/703desempolvador-eliminador-de-polvo-para-tabletas-de-calcio\/#primaryimage"},"image":{"@id":"https:\/\/distribucionarc.com\/pt\/producto\/703desempolvador-eliminador-de-polvo-para-tabletas-de-calcio\/#primaryimage"},"thumbnailUrl":"https:\/\/distribucionarc.com\/wp-content\/uploads\/2024\/05\/DESEMPOLVADOR-ELIMINADOR-DE-POLVO-PARA-TABLETAS-DE-CALCIO.webp","datePublished":"2024-05-06T14:42:37+00:00","dateModified":"2024-05-06T14:42:40+00:00","breadcrumb":{"@id":"https:\/\/distribucionarc.com\/pt\/producto\/703desempolvador-eliminador-de-polvo-para-tabletas-de-calcio\/#breadcrumb"},"inLanguage":"de","potentialAction":[{"@type":"ReadAction","target":["https:\/\/distribucionarc.com\/pt\/producto\/703desempolvador-eliminador-de-polvo-para-tabletas-de-calcio\/"]}]},{"@type":"ImageObject","inLanguage":"de","@id":"https:\/\/distribucionarc.com\/pt\/producto\/703desempolvador-eliminador-de-polvo-para-tabletas-de-calcio\/#primaryimage","url":"https:\/\/distribucionarc.com\/wp-content\/uploads\/2024\/05\/DESEMPOLVADOR-ELIMINADOR-DE-POLVO-PARA-TABLETAS-DE-CALCIO.webp","contentUrl":"https:\/\/distribucionarc.com\/wp-content\/uploads\/2024\/05\/DESEMPOLVADOR-ELIMINADOR-DE-POLVO-PARA-TABLETAS-DE-CALCIO.webp","width":944,"height":968,"caption":"#image_title"},{"@type":"BreadcrumbList","@id":"https:\/\/distribucionarc.com\/pt\/producto\/703desempolvador-eliminador-de-polvo-para-tabletas-de-calcio\/#breadcrumb","itemListElement":[{"@type":"ListItem","position":1,"name":"Portada","item":"https:\/\/www.distribucionarc.com\/tr\/"},{"@type":"ListItem","position":2,"name":"Produktai","item":"https:\/\/distribucionarc.com\/lt\/parduotuve\/"},{"@type":"ListItem","position":3,"name":"DESEMPOLVADOR ELIMINADOR DE POLVO PARA TABLETAS DE CALCIO"}]},{"@type":"WebSite","@id":"https:\/\/www.distribucionarc.com\/tr\/#website","url":"https:\/\/www.distribucionarc.com\/tr\/","name":"ARC-Verteilung","description":"Das Unternehmen ist auf die Herstellung und den Vertrieb von Industriemaschinen, Dosenverschlie\u00dfmaschinen, Tablettenmaschinen, Fleischschneidemaschinen...","publisher":{"@id":"https:\/\/www.distribucionarc.com\/tr\/#organization"},"potentialAction":[{"@type":"SearchAction","target":{"@type":"EntryPoint","urlTemplate":"https:\/\/www.distribucionarc.com\/tr\/?s={search_term_string}"},"query-input":{"@type":"PropertyValueSpecification","valueRequired":true,"valueName":"search_term_string"}}],"inLanguage":"de"},{"@type":"Organization","@id":"https:\/\/www.distribucionarc.com\/tr\/#organization","name":"ARC-Verteilung","url":"https:\/\/www.distribucionarc.com\/tr\/","logo":{"@type":"ImageObject","inLanguage":"de","@id":"https:\/\/www.distribucionarc.com\/tr\/#\/schema\/logo\/image\/","url":"https:\/\/distribucionarc.com\/wp-content\/uploads\/2024\/10\/distribucion-ARC-COLOR-SIN-FONDO-e1732295305345.png","contentUrl":"https:\/\/distribucionarc.com\/wp-content\/uploads\/2024\/10\/distribucion-ARC-COLOR-SIN-FONDO-e1732295305345.png","width":1164,"height":558,"caption":"Distribuci\u00f3n ARC"},"image":{"@id":"https:\/\/www.distribucionarc.com\/tr\/#\/schema\/logo\/image\/"},"description":"Unternehmen, das auf die Herstellung und den Vertrieb von Industriemaschinen f\u00fcr den Lebensmittel- und Pharmasektor spezialisiert ist. Wir sind spezialisiert auf: Fleischschneidemaschinen Tablettenherstellung Industrielle F\u00f6rdersysteme Abf\u00fcllanlagen Dispenser Und vieles mehr... Wir bieten innovative und ma\u00dfgeschneiderte L\u00f6sungen zur Optimierung der Produktionsprozesse in Ihrem Unternehmen.","email":"Admistracion@distribucionarc.com","telephone":"+34 643496664","legalName":"ARC TECH SOLUTIONS","foundingDate":"2024-04-09","vatID":"B55480172","numberOfEmployees":{"@type":"QuantitativeValue","minValue":"1","maxValue":"10"}}]}},"_links":{"self":[{"href":"https:\/\/distribucionarc.com\/de\/wp-json\/wp\/v2\/product\/7035","targetHints":{"allow":["GET"]}}],"collection":[{"href":"https:\/\/distribucionarc.com\/de\/wp-json\/wp\/v2\/product"}],"about":[{"href":"https:\/\/distribucionarc.com\/de\/wp-json\/wp\/v2\/types\/product"}],"replies":[{"embeddable":true,"href":"https:\/\/distribucionarc.com\/de\/wp-json\/wp\/v2\/comments?post=7035"}],"version-history":[{"count":0,"href":"https:\/\/distribucionarc.com\/de\/wp-json\/wp\/v2\/product\/7035\/revisions"}],"wp:featuredmedia":[{"embeddable":true,"href":"https:\/\/distribucionarc.com\/de\/wp-json\/wp\/v2\/media\/7037"}],"wp:attachment":[{"href":"https:\/\/distribucionarc.com\/de\/wp-json\/wp\/v2\/media?parent=7035"}],"wp:term":[{"taxonomy":"product_brand","embeddable":true,"href":"https:\/\/distribucionarc.com\/de\/wp-json\/wp\/v2\/product_brand?post=7035"},{"taxonomy":"product_cat","embeddable":true,"href":"https:\/\/distribucionarc.com\/de\/wp-json\/wp\/v2\/product_cat?post=7035"},{"taxonomy":"product_tag","embeddable":true,"href":"https:\/\/distribucionarc.com\/de\/wp-json\/wp\/v2\/product_tag?post=7035"}],"curies":[{"name":"wp","href":"https:\/\/api.w.org\/{rel}","templated":true}]}}