{"id":7059,"date":"2024-05-06T16:41:28","date_gmt":"2024-05-06T16:41:28","guid":{"rendered":"https:\/\/distribucionarc.com\/?post_type=product&#038;p=7059"},"modified":"2024-05-06T16:41:30","modified_gmt":"2024-05-06T16:41:30","slug":"kapselsortier-und-poliermaschine","status":"publish","type":"product","link":"https:\/\/distribucionarc.com\/de\/producto\/clasificadora-y-pulidora-de-capsulas\/","title":{"rendered":"KAPSELSORTIER- UND POLIERMASCHINE"},"content":{"rendered":"<p>Entdecken Sie die <strong>FARJP-A Kapselsortier- und Poliermaschine<\/strong>, konzipiert f\u00fcr Kapseln der Gr\u00f6\u00dfen #00-5, entfernt Staub ohne Besch\u00e4digung der Kapsel und kann unqualifizierte Kapseln automatisch trennen. Dar\u00fcber hinaus kann diese Maschine mit einer speziellen Zuf\u00fchrung zum Anschluss an eine automatische Abf\u00fcllmaschine ausgestattet werden, wodurch sie leicht in Ihre Produktionslinie integriert werden kann. Optimieren Sie Ihre Prozesse und garantieren Sie die Qualit\u00e4t Ihrer Produkte mit dieser fortschrittlichen und zuverl\u00e4ssigen L\u00f6sung.<\/p>\n<p>&nbsp;<\/p>\n<table>\n<tbody>\n<tr>\n<td width=\"283\">Modell<\/td>\n<td width=\"283\">FARJP-A<\/td>\n<\/tr>\n<tr>\n<td width=\"283\">Produktivit\u00e4t (Einheiten\/Stunde)<\/td>\n<td width=\"283\">300000<\/td>\n<\/tr>\n<tr>\n<td width=\"283\">Stromversorgung<\/td>\n<td width=\"283\">220 V 50 Hz, 2. Gang, 180 W<\/td>\n<\/tr>\n<tr>\n<td width=\"283\">Unterdruck<\/td>\n<td width=\"283\">2,7 m3\/min-0,014 MPa<\/td>\n<\/tr>\n<tr>\n<td width=\"283\">Druckluft<\/td>\n<td width=\"283\">0,25 m3\/min 0,3 MPa<\/td>\n<\/tr>\n<tr>\n<td width=\"283\">Maschinenabmessungen (Millimeter)<\/td>\n<td width=\"283\">800*<\/p>\n<p>550*<\/p>\n<p>1000*<\/td>\n<\/tr>\n<tr>\n<td width=\"283\">Packungsgr\u00f6\u00dfe (Millimeter)<\/td>\n<td width=\"283\">960*<\/p>\n<p>720*<\/p>\n<p>640*<\/td>\n<\/tr>\n<tr>\n<td width=\"283\">Maschinengewicht<\/td>\n<td width=\"283\">45kg<\/td>\n<\/tr>\n<tr>\n<td width=\"283\">Bruttogewicht<\/td>\n<td width=\"283\">&nbsp;<\/td>\n<\/tr>\n<\/tbody>\n<\/table>","protected":false},"excerpt":{"rendered":"<p>Entdecken Sie die Kapselsortier- und Poliermaschine FARJP-A, die f\u00fcr Kapseln der Gr\u00f6\u00dfe #00-5 entwickelt wurde und Staub entfernt, ohne<\/p>","protected":false},"featured_media":7060,"comment_status":"open","ping_status":"closed","template":"","meta":{"wds_primary_product_brand":0,"wds_primary_product_cat":0},"product_brand":[],"product_cat":[84],"product_tag":[],"class_list":{"0":"post-7059","1":"product","2":"type-product","3":"status-publish","4":"has-post-thumbnail","6":"product_cat-maquinas-para-hacer-pastillas","8":"first","9":"instock","10":"taxable","11":"shipping-taxable","12":"product-type-simple"},"yoast_head":"<!-- This site is optimized with the Yoast SEO Premium plugin v24.9 (Yoast SEO v26.1) - https:\/\/yoast.com\/wordpress\/plugins\/seo\/ -->\n<title>CLASIFICADORA Y PULIDORA DE CAPSULAS - distribuci\u00f3n ARC<\/title>\n<meta name=\"robots\" content=\"index, follow, max-snippet:-1, max-image-preview:large, max-video-preview:-1\" \/>\n<link rel=\"canonical\" href=\"https:\/\/distribucionarc.com\/de\/produkt-2\/kapselsortier-und-poliermaschine\/\" \/>\n<meta property=\"og:locale\" content=\"de_DE\" \/>\n<meta property=\"og:type\" content=\"article\" \/>\n<meta property=\"og:title\" content=\"CLASIFICADORA Y PULIDORA DE CAPSULAS\" \/>\n<meta property=\"og:description\" content=\"Descubre la M\u00e1quina Clasificadora y Pulidora de C\u00e1psulas FARJP-A, dise\u00f1ada para c\u00e1psulas en tama\u00f1os #00-5, que elimina el polvo sin\" \/>\n<meta property=\"og:url\" content=\"https:\/\/distribucionarc.com\/de\/produkt-2\/kapselsortier-und-poliermaschine\/\" \/>\n<meta property=\"og:site_name\" content=\"distribuci\u00f3n ARC\" \/>\n<meta property=\"article:modified_time\" content=\"2024-05-06T16:41:30+00:00\" \/>\n<meta property=\"og:image\" content=\"https:\/\/distribucionarc.com\/wp-content\/uploads\/2024\/05\/CLASIFICADORA-Y-PULIDORA-DE-CAPSULAS.webp\" \/>\n\t<meta property=\"og:image:width\" content=\"1080\" \/>\n\t<meta property=\"og:image:height\" content=\"1112\" \/>\n\t<meta property=\"og:image:type\" content=\"image\/webp\" \/>\n<meta name=\"twitter:card\" content=\"summary_large_image\" \/>\n<meta name=\"twitter:label1\" content=\"Gesch\u00e4tzte Lesezeit\" \/>\n\t<meta name=\"twitter:data1\" content=\"1\u00a0Minute\" \/>\n<script type=\"application\/ld+json\" class=\"yoast-schema-graph\">{\"@context\":\"https:\/\/schema.org\",\"@graph\":[{\"@type\":\"WebPage\",\"@id\":\"https:\/\/distribucionarc.com\/it\/producto\/clasificadora-y-pulidora-de-capsulas\/\",\"url\":\"https:\/\/distribucionarc.com\/it\/producto\/clasificadora-y-pulidora-de-capsulas\/\",\"name\":\"CLASIFICADORA Y PULIDORA DE CAPSULAS - distribuci\u00f3n ARC\",\"isPartOf\":{\"@id\":\"https:\/\/www.distribucionarc.com\/tr\/#website\"},\"primaryImageOfPage\":{\"@id\":\"https:\/\/distribucionarc.com\/it\/producto\/clasificadora-y-pulidora-de-capsulas\/#primaryimage\"},\"image\":{\"@id\":\"https:\/\/distribucionarc.com\/it\/producto\/clasificadora-y-pulidora-de-capsulas\/#primaryimage\"},\"thumbnailUrl\":\"https:\/\/distribucionarc.com\/wp-content\/uploads\/2024\/05\/CLASIFICADORA-Y-PULIDORA-DE-CAPSULAS.webp\",\"datePublished\":\"2024-05-06T16:41:28+00:00\",\"dateModified\":\"2024-05-06T16:41:30+00:00\",\"breadcrumb\":{\"@id\":\"https:\/\/distribucionarc.com\/it\/producto\/clasificadora-y-pulidora-de-capsulas\/#breadcrumb\"},\"inLanguage\":\"de\",\"potentialAction\":[{\"@type\":\"ReadAction\",\"target\":[\"https:\/\/distribucionarc.com\/it\/producto\/clasificadora-y-pulidora-de-capsulas\/\"]}]},{\"@type\":\"ImageObject\",\"inLanguage\":\"de\",\"@id\":\"https:\/\/distribucionarc.com\/it\/producto\/clasificadora-y-pulidora-de-capsulas\/#primaryimage\",\"url\":\"https:\/\/distribucionarc.com\/wp-content\/uploads\/2024\/05\/CLASIFICADORA-Y-PULIDORA-DE-CAPSULAS.webp\",\"contentUrl\":\"https:\/\/distribucionarc.com\/wp-content\/uploads\/2024\/05\/CLASIFICADORA-Y-PULIDORA-DE-CAPSULAS.webp\",\"width\":1080,\"height\":1112,\"caption\":\"#image_title\"},{\"@type\":\"BreadcrumbList\",\"@id\":\"https:\/\/distribucionarc.com\/it\/producto\/clasificadora-y-pulidora-de-capsulas\/#breadcrumb\",\"itemListElement\":[{\"@type\":\"ListItem\",\"position\":1,\"name\":\"Portada\",\"item\":\"https:\/\/www.distribucionarc.com\/tr\/\"},{\"@type\":\"ListItem\",\"position\":2,\"name\":\"Produktai\",\"item\":\"https:\/\/distribucionarc.com\/lt\/parduotuve\/\"},{\"@type\":\"ListItem\",\"position\":3,\"name\":\"CLASIFICADORA Y PULIDORA DE CAPSULAS\"}]},{\"@type\":\"WebSite\",\"@id\":\"https:\/\/www.distribucionarc.com\/tr\/#website\",\"url\":\"https:\/\/www.distribucionarc.com\/tr\/\",\"name\":\"distribuci\u00f3n ARC\",\"description\":\"Empresa especializada en la fabricaci\u00f3n y distribuci\u00f3n de maquinaria industrial, selladoras de latas, Maquinas de hacer pastillas, Maquinas de cortar carne...\",\"publisher\":{\"@id\":\"https:\/\/www.distribucionarc.com\/tr\/#organization\"},\"potentialAction\":[{\"@type\":\"SearchAction\",\"target\":{\"@type\":\"EntryPoint\",\"urlTemplate\":\"https:\/\/www.distribucionarc.com\/tr\/?s={search_term_string}\"},\"query-input\":{\"@type\":\"PropertyValueSpecification\",\"valueRequired\":true,\"valueName\":\"search_term_string\"}}],\"inLanguage\":\"de\"},{\"@type\":\"Organization\",\"@id\":\"https:\/\/www.distribucionarc.com\/tr\/#organization\",\"name\":\"Distribuci\u00f3n ARC\",\"url\":\"https:\/\/www.distribucionarc.com\/tr\/\",\"logo\":{\"@type\":\"ImageObject\",\"inLanguage\":\"de\",\"@id\":\"https:\/\/www.distribucionarc.com\/tr\/#\/schema\/logo\/image\/\",\"url\":\"https:\/\/distribucionarc.com\/wp-content\/uploads\/2024\/10\/distribucion-ARC-COLOR-SIN-FONDO-e1732295305345.png\",\"contentUrl\":\"https:\/\/distribucionarc.com\/wp-content\/uploads\/2024\/10\/distribucion-ARC-COLOR-SIN-FONDO-e1732295305345.png\",\"width\":1164,\"height\":558,\"caption\":\"Distribuci\u00f3n ARC\"},\"image\":{\"@id\":\"https:\/\/www.distribucionarc.com\/tr\/#\/schema\/logo\/image\/\"},\"description\":\"Empresa especializada en la fabricaci\u00f3n y distribuci\u00f3n de maquinaria industrial para los sectores alimentario y farmac\u00e9utico. Nos especializamos en: M\u00e1quinas de cortar carne Fabricaci\u00f3n de comprimidos Sistemas de transporte industrial L\u00edneas de embotellado Dosificadores Y mucho m\u00e1s... Ofrecemos soluciones innovadoras y personalizadas para optimizar los procesos productivos de tu empresa.\",\"email\":\"Admistracion@distribucionarc.com\",\"telephone\":\"+34 643496664\",\"legalName\":\"ARC TECH SOLUTIONS\",\"foundingDate\":\"2024-04-09\",\"vatID\":\"B55480172\",\"numberOfEmployees\":{\"@type\":\"QuantitativeValue\",\"minValue\":\"1\",\"maxValue\":\"10\"}}]}<\/script>\n<!-- \/ Yoast SEO Premium plugin. -->","yoast_head_json":{"title":"KAPSELSORTIER- UND POLIERMASCHINE - ARC-Verteilung","robots":{"index":"index","follow":"follow","max-snippet":"max-snippet:-1","max-image-preview":"max-image-preview:large","max-video-preview":"max-video-preview:-1"},"canonical":"https:\/\/distribucionarc.com\/de\/produkt-2\/kapselsortier-und-poliermaschine\/","og_locale":"de_DE","og_type":"article","og_title":"CLASIFICADORA Y PULIDORA DE CAPSULAS","og_description":"Descubre la M\u00e1quina Clasificadora y Pulidora de C\u00e1psulas FARJP-A, dise\u00f1ada para c\u00e1psulas en tama\u00f1os #00-5, que elimina el polvo sin","og_url":"https:\/\/distribucionarc.com\/de\/produkt-2\/kapselsortier-und-poliermaschine\/","og_site_name":"distribuci\u00f3n ARC","article_modified_time":"2024-05-06T16:41:30+00:00","og_image":[{"width":1080,"height":1112,"url":"https:\/\/distribucionarc.com\/wp-content\/uploads\/2024\/05\/CLASIFICADORA-Y-PULIDORA-DE-CAPSULAS.webp","type":"image\/webp"}],"twitter_card":"summary_large_image","twitter_misc":{"Gesch\u00e4tzte Lesezeit":"1\u00a0Minute"},"schema":{"@context":"https:\/\/schema.org","@graph":[{"@type":"WebPage","@id":"https:\/\/distribucionarc.com\/it\/producto\/clasificadora-y-pulidora-de-capsulas\/","url":"https:\/\/distribucionarc.com\/it\/producto\/clasificadora-y-pulidora-de-capsulas\/","name":"KAPSELSORTIER- UND POLIERMASCHINE - ARC-Verteilung","isPartOf":{"@id":"https:\/\/www.distribucionarc.com\/tr\/#website"},"primaryImageOfPage":{"@id":"https:\/\/distribucionarc.com\/it\/producto\/clasificadora-y-pulidora-de-capsulas\/#primaryimage"},"image":{"@id":"https:\/\/distribucionarc.com\/it\/producto\/clasificadora-y-pulidora-de-capsulas\/#primaryimage"},"thumbnailUrl":"https:\/\/distribucionarc.com\/wp-content\/uploads\/2024\/05\/CLASIFICADORA-Y-PULIDORA-DE-CAPSULAS.webp","datePublished":"2024-05-06T16:41:28+00:00","dateModified":"2024-05-06T16:41:30+00:00","breadcrumb":{"@id":"https:\/\/distribucionarc.com\/it\/producto\/clasificadora-y-pulidora-de-capsulas\/#breadcrumb"},"inLanguage":"de","potentialAction":[{"@type":"ReadAction","target":["https:\/\/distribucionarc.com\/it\/producto\/clasificadora-y-pulidora-de-capsulas\/"]}]},{"@type":"ImageObject","inLanguage":"de","@id":"https:\/\/distribucionarc.com\/it\/producto\/clasificadora-y-pulidora-de-capsulas\/#primaryimage","url":"https:\/\/distribucionarc.com\/wp-content\/uploads\/2024\/05\/CLASIFICADORA-Y-PULIDORA-DE-CAPSULAS.webp","contentUrl":"https:\/\/distribucionarc.com\/wp-content\/uploads\/2024\/05\/CLASIFICADORA-Y-PULIDORA-DE-CAPSULAS.webp","width":1080,"height":1112,"caption":"#image_title"},{"@type":"BreadcrumbList","@id":"https:\/\/distribucionarc.com\/it\/producto\/clasificadora-y-pulidora-de-capsulas\/#breadcrumb","itemListElement":[{"@type":"ListItem","position":1,"name":"Portada","item":"https:\/\/www.distribucionarc.com\/tr\/"},{"@type":"ListItem","position":2,"name":"Produktai","item":"https:\/\/distribucionarc.com\/lt\/parduotuve\/"},{"@type":"ListItem","position":3,"name":"CLASIFICADORA Y PULIDORA DE CAPSULAS"}]},{"@type":"WebSite","@id":"https:\/\/www.distribucionarc.com\/tr\/#website","url":"https:\/\/www.distribucionarc.com\/tr\/","name":"ARC-Verteilung","description":"Das Unternehmen ist auf die Herstellung und den Vertrieb von Industriemaschinen, Dosenverschlie\u00dfmaschinen, Tablettenmaschinen, Fleischschneidemaschinen...","publisher":{"@id":"https:\/\/www.distribucionarc.com\/tr\/#organization"},"potentialAction":[{"@type":"SearchAction","target":{"@type":"EntryPoint","urlTemplate":"https:\/\/www.distribucionarc.com\/tr\/?s={search_term_string}"},"query-input":{"@type":"PropertyValueSpecification","valueRequired":true,"valueName":"search_term_string"}}],"inLanguage":"de"},{"@type":"Organization","@id":"https:\/\/www.distribucionarc.com\/tr\/#organization","name":"ARC-Verteilung","url":"https:\/\/www.distribucionarc.com\/tr\/","logo":{"@type":"ImageObject","inLanguage":"de","@id":"https:\/\/www.distribucionarc.com\/tr\/#\/schema\/logo\/image\/","url":"https:\/\/distribucionarc.com\/wp-content\/uploads\/2024\/10\/distribucion-ARC-COLOR-SIN-FONDO-e1732295305345.png","contentUrl":"https:\/\/distribucionarc.com\/wp-content\/uploads\/2024\/10\/distribucion-ARC-COLOR-SIN-FONDO-e1732295305345.png","width":1164,"height":558,"caption":"Distribuci\u00f3n ARC"},"image":{"@id":"https:\/\/www.distribucionarc.com\/tr\/#\/schema\/logo\/image\/"},"description":"Unternehmen, das auf die Herstellung und den Vertrieb von Industriemaschinen f\u00fcr den Lebensmittel- und Pharmasektor spezialisiert ist. Wir sind spezialisiert auf: Fleischschneidemaschinen Tablettenherstellung Industrielle F\u00f6rdersysteme Abf\u00fcllanlagen Dispenser Und vieles mehr... Wir bieten innovative und ma\u00dfgeschneiderte L\u00f6sungen zur Optimierung der Produktionsprozesse in Ihrem Unternehmen.","email":"Admistracion@distribucionarc.com","telephone":"+34 643496664","legalName":"ARC TECH SOLUTIONS","foundingDate":"2024-04-09","vatID":"B55480172","numberOfEmployees":{"@type":"QuantitativeValue","minValue":"1","maxValue":"10"}}]}},"_links":{"self":[{"href":"https:\/\/distribucionarc.com\/de\/wp-json\/wp\/v2\/product\/7059","targetHints":{"allow":["GET"]}}],"collection":[{"href":"https:\/\/distribucionarc.com\/de\/wp-json\/wp\/v2\/product"}],"about":[{"href":"https:\/\/distribucionarc.com\/de\/wp-json\/wp\/v2\/types\/product"}],"replies":[{"embeddable":true,"href":"https:\/\/distribucionarc.com\/de\/wp-json\/wp\/v2\/comments?post=7059"}],"version-history":[{"count":0,"href":"https:\/\/distribucionarc.com\/de\/wp-json\/wp\/v2\/product\/7059\/revisions"}],"wp:featuredmedia":[{"embeddable":true,"href":"https:\/\/distribucionarc.com\/de\/wp-json\/wp\/v2\/media\/7060"}],"wp:attachment":[{"href":"https:\/\/distribucionarc.com\/de\/wp-json\/wp\/v2\/media?parent=7059"}],"wp:term":[{"taxonomy":"product_brand","embeddable":true,"href":"https:\/\/distribucionarc.com\/de\/wp-json\/wp\/v2\/product_brand?post=7059"},{"taxonomy":"product_cat","embeddable":true,"href":"https:\/\/distribucionarc.com\/de\/wp-json\/wp\/v2\/product_cat?post=7059"},{"taxonomy":"product_tag","embeddable":true,"href":"https:\/\/distribucionarc.com\/de\/wp-json\/wp\/v2\/product_tag?post=7059"}],"curies":[{"name":"wp","href":"https:\/\/api.w.org\/{rel}","templated":true}]}}