{"id":799,"date":"2020-07-10T11:03:05","date_gmt":"2020-07-10T11:03:05","guid":{"rendered":"https:\/\/distribucionarc.com\/?post_type=product&#038;p=799"},"modified":"2023-01-13T16:44:36","modified_gmt":"2023-01-13T16:44:36","slug":"2-etagen-stein-elektro-pizzaofen","status":"publish","type":"product","link":"https:\/\/distribucionarc.com\/de\/producto\/horno-de-pizza-de-2-niveles-de-piedra-electrico\/","title":{"rendered":"2-st\u00f6ckiger elektrischer Steinpizzaofen"},"content":{"rendered":"<h3>2-st\u00f6ckiger elektrischer Steinpizzaofen <span style=\"color: #ff0000;\">ZU<\/span><span style=\"color: #0000ff;\">R<\/span>CHPN2<\/h3>\n<p>&nbsp;<\/p>\n<p>Die Temperatur kann individuell angepasst werden, um perfekte und leckere Pizzen zuzubereiten. Er <strong>Pizzaofen<\/strong> kann auf eine maximale Temperatur von 350 \u00b0C erhitzt werden. Sobald die gew\u00fcnschte Temperatur erreicht ist, h\u00e4lt der Pizzaofen die Temperatur aufrecht <strong><span style=\"color: #008000;\">konstante Temperatur bei minimalem Energieverbrauch<\/span><\/strong>. Das garantiert knusprige Pizzen und andere Teiggerichte. Es verf\u00fcgt \u00fcber zwei Ebenen zur Steigerung der Produktion<\/p>\n<p>Der Pizzaofen <span style=\"color: #ff0000;\">ZU<\/span><span style=\"color: #0000ff;\">R<\/span>CHPN2 verf\u00fcgt \u00fcber rutschfeste Gumminoppen und eine solide Konstruktion sorgt f\u00fcr einen sicheren Stand. F\u00fcr perfektes Garen verf\u00fcgt der Pizzaofen \u00fcber eine integrierte Beleuchtung und Glast\u00fcren. Die Kochfl\u00e4che ist mit einem ausgestattet <strong>Schamottstein<\/strong>. Der feuerfeste Stein macht Pizzen wie eine <strong>Steinofen,<\/strong>\u00a0 Speicherung der abgegebenen W\u00e4rme. Der Stein sorgt somit f\u00fcr eine konstante Temperatur der Pizzen und macht sie knusprig.<\/p>\n<p>Die Vorderseite des Pizzaofens besteht aus Edelstahl und ist <strong>leicht zu reinigen.<\/strong> Dank der Verarbeitung hitzebest\u00e4ndiger und rostfreier Materialien ist der Ofen nicht nur robust, sondern verf\u00fcgt auch \u00fcber eine lange Lebensdauer. Entwickelt f\u00fcr l\u00e4ngere Arbeiten, geeignet f\u00fcr den industriellen Einsatz<\/p>\n<p>&nbsp;<\/p>\n<h6><strong>Garantie\u00a0<span style=\"color: #ff0000;\">ZU<\/span><span style=\"color: #0000ff;\">R<\/span>C 2 JAHRE<\/strong><\/h6>\n<h6><span style=\"color: #008000;\"><strong>Effizienter Pizzaofen mit geringem Verbrauch, 2500 W<\/strong><\/span><\/h6>\n<h6><strong>Technischer Support inklusive.<\/strong><\/h6>\n<p>&nbsp;<\/p>\n<p><iframe loading=\"lazy\" src=\"https:\/\/www.youtube.com\/embed\/M6amTii8wPs\" width=\"560\" height=\"315\" frameborder=\"0\" allowfullscreen=\"allowfullscreen\"><\/iframe><\/p>\n<table role=\"presentation\" width=\"100%\" cellspacing=\"0\" cellpadding=\"0\">\n<tbody>\n<tr>\n<td class=\"attrLabels\">Temperatur:<\/td>\n<td width=\"50.0%\">0-350 \u00b0C<\/td>\n<\/tr>\n<tr>\n<td class=\"attrLabels\">Vertriebsland:<\/td>\n<td width=\"50.0%\">Spanien, Deutschland, USA<\/td>\n<td class=\"attrLabels\">Gewicht:<\/td>\n<td width=\"50.0%\">26,kg<\/td>\n<\/tr>\n<tr>\n<td class=\"attrLabels\">Marke:<\/td>\n<td width=\"50.0%\">BOGEN<\/td>\n<td class=\"attrLabels\">H\u00f6he:<\/td>\n<td width=\"50.0%\">48cm<\/td>\n<\/tr>\n<tr>\n<td class=\"attrLabels\">Farbe:<\/td>\n<td width=\"50.0%\">Silber<\/td>\n<td class=\"attrLabels\">Lang:<\/td>\n<td width=\"50.0%\">63cm<\/td>\n<\/tr>\n<tr>\n<td class=\"attrLabels\">Produkttyp:<\/td>\n<td width=\"50.0%\">Steinofen<\/td>\n<td class=\"attrLabels\">Breit:<\/td>\n<td width=\"50.0%\">58cm<\/td>\n<\/tr>\n<tr>\n<td class=\"attrLabels\">Herstellernummer:<\/td>\n<td width=\"50.0%\"><span style=\"color: #ff0000;\">ZU<\/span><span style=\"color: #0000ff;\">R<\/span>CHPN2<\/td>\n<td class=\"attrLabels\">Leistung:<\/td>\n<td width=\"50.0%\">2500W<\/td>\n<\/tr>\n<tr>\n<td class=\"attrLabels\">Material:<\/td>\n<td width=\"50.0%\">Edelstahl, reflektierender Stein<\/td>\n<td class=\"attrLabels\">Eingangsspannung<\/td>\n<td width=\"50.0%\">230V \u2013 50Hz<\/td>\n<\/tr>\n<tr>\n<td class=\"attrLabels\">Breite:<\/td>\n<td width=\"50.0%\">57cm<\/td>\n<td class=\"attrLabels\">Formmodelle:<\/td>\n<td width=\"50.0%\">5. Stk<\/td>\n<\/tr>\n<tr>\n<td class=\"attrLabels\">Installationswerkzeuge:<\/td>\n<td width=\"50.0%\">Ja<\/td>\n<td class=\"attrLabels\">Garantie:<\/td>\n<td width=\"50.0%\">ARC 2 JAHRE<\/td>\n<\/tr>\n<\/tbody>\n<\/table>\n<p>&nbsp;<\/p>","protected":false},"excerpt":{"rendered":"<h2>2-st\u00f6ckiger Pizzaofen <span style=\"color: #ff0000;\">ZU<\/span><span style=\"color: #0000ff;\">R<\/span>CHPN2<\/h2>\n<p>&nbsp;<\/p>\n<p>Der Pizzaofen 2 x 40 ist ein kompakter und robuster Ofen aus Edelstahl. Dieser Pizzaofen von <strong><span style=\"color: #ff0000;\">ZU<\/span><span style=\"color: #0000ff;\">R<\/span>C<\/strong> Es verf\u00fcgt nicht nur \u00fcber Steinplatten, sondern auch \u00fcber Kameralichter. Es gibt Platz f\u00fcr 2 Pizzen von etwa 40 Zentimetern gleichzeitig. Dieser Pizzaofen <strong><span style=\"color: #ff0000;\">ZU<\/span><span style=\"color: #0000ff;\">R<\/span>CHPN2<\/strong><\/p>\n<p>Es ist etwas, das man heben kann, da es nicht mehr als 26 Kilogramm wiegt. Das Praktische an diesem Pizzaofen ist, dass Sie die Temperatur sowohl unten als auch oben pro Kammer regulieren k\u00f6nnen.<\/p>\n<p>&nbsp;<\/p>\n<h6><strong>Garantie\u00a0<span style=\"color: #ff0000;\">ZU<\/span><span style=\"color: #0000ff;\">R<\/span>C 2 JAHRE<\/strong><\/h6>\n<h6><span style=\"color: #008000;\"><strong>Effizienter Pizzaofen mit geringem Verbrauch, 2500 W<\/strong><\/span><\/h6>\n<h6><strong>Technischer Support inklusive.<\/strong><\/h6>","protected":false},"featured_media":800,"comment_status":"open","ping_status":"closed","template":"","meta":{"wds_primary_product_brand":0,"wds_primary_product_cat":0},"product_brand":[],"product_cat":[40],"product_tag":[],"class_list":{"0":"post-799","1":"product","2":"type-product","3":"status-publish","4":"has-post-thumbnail","6":"product_cat-hornos","7":"product_shipping_class-hosteleria","9":"first","10":"instock","11":"sale","12":"taxable","13":"shipping-taxable","14":"purchasable","15":"product-type-simple"},"yoast_head":"<!-- This site is optimized with the Yoast SEO Premium plugin v24.9 (Yoast SEO v26.1) - https:\/\/yoast.com\/wordpress\/plugins\/seo\/ -->\n<title>Horno de pizza de 2 niveles de piedra electrico - distribuci\u00f3n ARC<\/title>\n<meta name=\"robots\" content=\"index, follow, max-snippet:-1, max-image-preview:large, max-video-preview:-1\" \/>\n<link rel=\"canonical\" href=\"https:\/\/distribucionarc.com\/de\/produkt-2\/2-etagen-stein-elektro-pizzaofen\/\" \/>\n<meta property=\"og:locale\" content=\"de_DE\" \/>\n<meta property=\"og:type\" content=\"article\" \/>\n<meta property=\"og:title\" content=\"Horno de pizza de 2 niveles de piedra electrico\" \/>\n<meta property=\"og:description\" content=\"Horno de pizza de 2 niveles ARCHPN2 &nbsp;  Horno de pizza 2 x 40 es un horno compacto y robusto hecho de acero inoxidable. Este horno de pizza por ARC no s\u00f3lo tiene placas de piedra, pero tambi\u00e9n luces de la c\u00e1mara. Hay espacio para 2 pizzas de alrededor de 40 cent\u00edmetros al mismo tiempo. Este horno de pizza ARCHPN2  es algo que se puede levantar, ya que no pesa m\u00e1s de 26 kilogramos. Lo conveniente de este horno de pizza es que se puede ajustar la temperatura por c\u00e1mara tanto en la parte inferior y la parte superior.  &nbsp; garantia\u00a0ARC 2A\u00d1OS Horno Pizza eficiente bajo consumo 2500w soporte tecnico incluido.\" \/>\n<meta property=\"og:url\" content=\"https:\/\/distribucionarc.com\/de\/produkt-2\/2-etagen-stein-elektro-pizzaofen\/\" \/>\n<meta property=\"og:site_name\" content=\"distribuci\u00f3n ARC\" \/>\n<meta property=\"article:modified_time\" content=\"2023-01-13T16:44:36+00:00\" \/>\n<meta property=\"og:image\" content=\"https:\/\/distribucionarc.com\/wp-content\/uploads\/2020\/07\/Horno-de-pizza-de-2-niveles-de-piedra-electrico-0.jpg\" \/>\n\t<meta property=\"og:image:width\" content=\"1600\" \/>\n\t<meta property=\"og:image:height\" content=\"1600\" \/>\n\t<meta property=\"og:image:type\" content=\"image\/jpeg\" \/>\n<meta name=\"twitter:card\" content=\"summary_large_image\" \/>\n<meta name=\"twitter:label1\" content=\"Gesch\u00e4tzte Lesezeit\" \/>\n\t<meta name=\"twitter:data1\" content=\"1\u00a0Minute\" \/>\n<script type=\"application\/ld+json\" class=\"yoast-schema-graph\">{\"@context\":\"https:\/\/schema.org\",\"@graph\":[{\"@type\":\"WebPage\",\"@id\":\"https:\/\/distribucionarc.com\/producto\/horno-de-pizza-de-2-niveles-de-piedra-electrico\/\",\"url\":\"https:\/\/distribucionarc.com\/producto\/horno-de-pizza-de-2-niveles-de-piedra-electrico\/\",\"name\":\"Horno de pizza de 2 niveles de piedra electrico - distribuci\u00f3n ARC\",\"isPartOf\":{\"@id\":\"https:\/\/www.distribucionarc.com\/de\/#website\"},\"primaryImageOfPage\":{\"@id\":\"https:\/\/distribucionarc.com\/producto\/horno-de-pizza-de-2-niveles-de-piedra-electrico\/#primaryimage\"},\"image\":{\"@id\":\"https:\/\/distribucionarc.com\/producto\/horno-de-pizza-de-2-niveles-de-piedra-electrico\/#primaryimage\"},\"thumbnailUrl\":\"https:\/\/distribucionarc.com\/wp-content\/uploads\/2020\/07\/Horno-de-pizza-de-2-niveles-de-piedra-electrico-0.jpg\",\"datePublished\":\"2020-07-10T11:03:05+00:00\",\"dateModified\":\"2023-01-13T16:44:36+00:00\",\"breadcrumb\":{\"@id\":\"https:\/\/distribucionarc.com\/producto\/horno-de-pizza-de-2-niveles-de-piedra-electrico\/#breadcrumb\"},\"inLanguage\":\"de\",\"potentialAction\":[{\"@type\":\"ReadAction\",\"target\":[\"https:\/\/distribucionarc.com\/producto\/horno-de-pizza-de-2-niveles-de-piedra-electrico\/\"]}]},{\"@type\":\"ImageObject\",\"inLanguage\":\"de\",\"@id\":\"https:\/\/distribucionarc.com\/producto\/horno-de-pizza-de-2-niveles-de-piedra-electrico\/#primaryimage\",\"url\":\"https:\/\/distribucionarc.com\/wp-content\/uploads\/2020\/07\/Horno-de-pizza-de-2-niveles-de-piedra-electrico-0.jpg\",\"contentUrl\":\"https:\/\/distribucionarc.com\/wp-content\/uploads\/2020\/07\/Horno-de-pizza-de-2-niveles-de-piedra-electrico-0.jpg\",\"width\":1600,\"height\":1600,\"caption\":\"Horno-de-pizza-de-2-niveles-de-piedra-electrico\"},{\"@type\":\"BreadcrumbList\",\"@id\":\"https:\/\/distribucionarc.com\/producto\/horno-de-pizza-de-2-niveles-de-piedra-electrico\/#breadcrumb\",\"itemListElement\":[{\"@type\":\"ListItem\",\"position\":1,\"name\":\"Portada\",\"item\":\"https:\/\/www.distribucionarc.com\/en\/\"},{\"@type\":\"ListItem\",\"position\":2,\"name\":\"Products\",\"item\":\"https:\/\/www.distribucionarc.com\/en\/shop\/\"},{\"@type\":\"ListItem\",\"position\":3,\"name\":\"Horno de pizza de 2 niveles de piedra electrico\"}]},{\"@type\":\"WebSite\",\"@id\":\"https:\/\/www.distribucionarc.com\/de\/#website\",\"url\":\"https:\/\/www.distribucionarc.com\/de\/\",\"name\":\"distribuci\u00f3n ARC\",\"description\":\"Empresa especializada en la fabricaci\u00f3n y distribuci\u00f3n de maquinaria industrial, selladoras de latas, Maquinas de hacer pastillas, Maquinas de cortar carne...\",\"publisher\":{\"@id\":\"https:\/\/www.distribucionarc.com\/de\/#organization\"},\"potentialAction\":[{\"@type\":\"SearchAction\",\"target\":{\"@type\":\"EntryPoint\",\"urlTemplate\":\"https:\/\/www.distribucionarc.com\/de\/?s={search_term_string}\"},\"query-input\":{\"@type\":\"PropertyValueSpecification\",\"valueRequired\":true,\"valueName\":\"search_term_string\"}}],\"inLanguage\":\"de\"},{\"@type\":\"Organization\",\"@id\":\"https:\/\/www.distribucionarc.com\/de\/#organization\",\"name\":\"Distribuci\u00f3n ARC\",\"url\":\"https:\/\/www.distribucionarc.com\/de\/\",\"logo\":{\"@type\":\"ImageObject\",\"inLanguage\":\"de\",\"@id\":\"https:\/\/www.distribucionarc.com\/de\/#\/schema\/logo\/image\/\",\"url\":\"https:\/\/distribucionarc.com\/wp-content\/uploads\/2024\/10\/distribucion-ARC-COLOR-SIN-FONDO-e1732295305345.png\",\"contentUrl\":\"https:\/\/distribucionarc.com\/wp-content\/uploads\/2024\/10\/distribucion-ARC-COLOR-SIN-FONDO-e1732295305345.png\",\"width\":1164,\"height\":558,\"caption\":\"Distribuci\u00f3n ARC\"},\"image\":{\"@id\":\"https:\/\/www.distribucionarc.com\/de\/#\/schema\/logo\/image\/\"},\"description\":\"Empresa especializada en la fabricaci\u00f3n y distribuci\u00f3n de maquinaria industrial para los sectores alimentario y farmac\u00e9utico. Nos especializamos en: M\u00e1quinas de cortar carne Fabricaci\u00f3n de comprimidos Sistemas de transporte industrial L\u00edneas de embotellado Dosificadores Y mucho m\u00e1s... Ofrecemos soluciones innovadoras y personalizadas para optimizar los procesos productivos de tu empresa.\",\"email\":\"Admistracion@distribucionarc.com\",\"telephone\":\"+34 643496664\",\"legalName\":\"ARC TECH SOLUTIONS\",\"foundingDate\":\"2024-04-09\",\"vatID\":\"B55480172\",\"numberOfEmployees\":{\"@type\":\"QuantitativeValue\",\"minValue\":\"1\",\"maxValue\":\"10\"}}]}<\/script>\n<!-- \/ Yoast SEO Premium plugin. -->","yoast_head_json":{"title":"Elektrischer Steinpizzaofen mit 2 Ebenen \u2013 ARC-Verteilung","robots":{"index":"index","follow":"follow","max-snippet":"max-snippet:-1","max-image-preview":"max-image-preview:large","max-video-preview":"max-video-preview:-1"},"canonical":"https:\/\/distribucionarc.com\/de\/produkt-2\/2-etagen-stein-elektro-pizzaofen\/","og_locale":"de_DE","og_type":"article","og_title":"Horno de pizza de 2 niveles de piedra electrico","og_description":"Horno de pizza de 2 niveles ARCHPN2 &nbsp;  Horno de pizza 2 x 40 es un horno compacto y robusto hecho de acero inoxidable. Este horno de pizza por ARC no s\u00f3lo tiene placas de piedra, pero tambi\u00e9n luces de la c\u00e1mara. Hay espacio para 2 pizzas de alrededor de 40 cent\u00edmetros al mismo tiempo. Este horno de pizza ARCHPN2  es algo que se puede levantar, ya que no pesa m\u00e1s de 26 kilogramos. Lo conveniente de este horno de pizza es que se puede ajustar la temperatura por c\u00e1mara tanto en la parte inferior y la parte superior.  &nbsp; garantia\u00a0ARC 2A\u00d1OS Horno Pizza eficiente bajo consumo 2500w soporte tecnico incluido.","og_url":"https:\/\/distribucionarc.com\/de\/produkt-2\/2-etagen-stein-elektro-pizzaofen\/","og_site_name":"distribuci\u00f3n ARC","article_modified_time":"2023-01-13T16:44:36+00:00","og_image":[{"width":1600,"height":1600,"url":"https:\/\/distribucionarc.com\/wp-content\/uploads\/2020\/07\/Horno-de-pizza-de-2-niveles-de-piedra-electrico-0.jpg","type":"image\/jpeg"}],"twitter_card":"summary_large_image","twitter_misc":{"Gesch\u00e4tzte Lesezeit":"1\u00a0Minute"},"schema":{"@context":"https:\/\/schema.org","@graph":[{"@type":"WebPage","@id":"https:\/\/distribucionarc.com\/producto\/horno-de-pizza-de-2-niveles-de-piedra-electrico\/","url":"https:\/\/distribucionarc.com\/producto\/horno-de-pizza-de-2-niveles-de-piedra-electrico\/","name":"Elektrischer Steinpizzaofen mit 2 Ebenen \u2013 ARC-Verteilung","isPartOf":{"@id":"https:\/\/www.distribucionarc.com\/de\/#website"},"primaryImageOfPage":{"@id":"https:\/\/distribucionarc.com\/producto\/horno-de-pizza-de-2-niveles-de-piedra-electrico\/#primaryimage"},"image":{"@id":"https:\/\/distribucionarc.com\/producto\/horno-de-pizza-de-2-niveles-de-piedra-electrico\/#primaryimage"},"thumbnailUrl":"https:\/\/distribucionarc.com\/wp-content\/uploads\/2020\/07\/Horno-de-pizza-de-2-niveles-de-piedra-electrico-0.jpg","datePublished":"2020-07-10T11:03:05+00:00","dateModified":"2023-01-13T16:44:36+00:00","breadcrumb":{"@id":"https:\/\/distribucionarc.com\/producto\/horno-de-pizza-de-2-niveles-de-piedra-electrico\/#breadcrumb"},"inLanguage":"de","potentialAction":[{"@type":"ReadAction","target":["https:\/\/distribucionarc.com\/producto\/horno-de-pizza-de-2-niveles-de-piedra-electrico\/"]}]},{"@type":"ImageObject","inLanguage":"de","@id":"https:\/\/distribucionarc.com\/producto\/horno-de-pizza-de-2-niveles-de-piedra-electrico\/#primaryimage","url":"https:\/\/distribucionarc.com\/wp-content\/uploads\/2020\/07\/Horno-de-pizza-de-2-niveles-de-piedra-electrico-0.jpg","contentUrl":"https:\/\/distribucionarc.com\/wp-content\/uploads\/2020\/07\/Horno-de-pizza-de-2-niveles-de-piedra-electrico-0.jpg","width":1600,"height":1600,"caption":"Horno-de-pizza-de-2-niveles-de-piedra-electrico"},{"@type":"BreadcrumbList","@id":"https:\/\/distribucionarc.com\/producto\/horno-de-pizza-de-2-niveles-de-piedra-electrico\/#breadcrumb","itemListElement":[{"@type":"ListItem","position":1,"name":"Portada","item":"https:\/\/www.distribucionarc.com\/en\/"},{"@type":"ListItem","position":2,"name":"Products","item":"https:\/\/www.distribucionarc.com\/en\/shop\/"},{"@type":"ListItem","position":3,"name":"Horno de pizza de 2 niveles de piedra electrico"}]},{"@type":"WebSite","@id":"https:\/\/www.distribucionarc.com\/de\/#website","url":"https:\/\/www.distribucionarc.com\/de\/","name":"ARC-Verteilung","description":"Das Unternehmen ist auf die Herstellung und den Vertrieb von Industriemaschinen, Dosenverschlie\u00dfmaschinen, Tablettenmaschinen, Fleischschneidemaschinen...","publisher":{"@id":"https:\/\/www.distribucionarc.com\/de\/#organization"},"potentialAction":[{"@type":"SearchAction","target":{"@type":"EntryPoint","urlTemplate":"https:\/\/www.distribucionarc.com\/de\/?s={search_term_string}"},"query-input":{"@type":"PropertyValueSpecification","valueRequired":true,"valueName":"search_term_string"}}],"inLanguage":"de"},{"@type":"Organization","@id":"https:\/\/www.distribucionarc.com\/de\/#organization","name":"ARC-Verteilung","url":"https:\/\/www.distribucionarc.com\/de\/","logo":{"@type":"ImageObject","inLanguage":"de","@id":"https:\/\/www.distribucionarc.com\/de\/#\/schema\/logo\/image\/","url":"https:\/\/distribucionarc.com\/wp-content\/uploads\/2024\/10\/distribucion-ARC-COLOR-SIN-FONDO-e1732295305345.png","contentUrl":"https:\/\/distribucionarc.com\/wp-content\/uploads\/2024\/10\/distribucion-ARC-COLOR-SIN-FONDO-e1732295305345.png","width":1164,"height":558,"caption":"Distribuci\u00f3n ARC"},"image":{"@id":"https:\/\/www.distribucionarc.com\/de\/#\/schema\/logo\/image\/"},"description":"Unternehmen, das auf die Herstellung und den Vertrieb von Industriemaschinen f\u00fcr den Lebensmittel- und Pharmasektor spezialisiert ist. Wir sind spezialisiert auf: Fleischschneidemaschinen Tablettenherstellung Industrielle F\u00f6rdersysteme Abf\u00fcllanlagen Dispenser Und vieles mehr... Wir bieten innovative und ma\u00dfgeschneiderte L\u00f6sungen zur Optimierung der Produktionsprozesse in Ihrem Unternehmen.","email":"Admistracion@distribucionarc.com","telephone":"+34 643496664","legalName":"ARC TECH SOLUTIONS","foundingDate":"2024-04-09","vatID":"B55480172","numberOfEmployees":{"@type":"QuantitativeValue","minValue":"1","maxValue":"10"}}]}},"_links":{"self":[{"href":"https:\/\/distribucionarc.com\/de\/wp-json\/wp\/v2\/product\/799","targetHints":{"allow":["GET"]}}],"collection":[{"href":"https:\/\/distribucionarc.com\/de\/wp-json\/wp\/v2\/product"}],"about":[{"href":"https:\/\/distribucionarc.com\/de\/wp-json\/wp\/v2\/types\/product"}],"replies":[{"embeddable":true,"href":"https:\/\/distribucionarc.com\/de\/wp-json\/wp\/v2\/comments?post=799"}],"version-history":[{"count":0,"href":"https:\/\/distribucionarc.com\/de\/wp-json\/wp\/v2\/product\/799\/revisions"}],"wp:featuredmedia":[{"embeddable":true,"href":"https:\/\/distribucionarc.com\/de\/wp-json\/wp\/v2\/media\/800"}],"wp:attachment":[{"href":"https:\/\/distribucionarc.com\/de\/wp-json\/wp\/v2\/media?parent=799"}],"wp:term":[{"taxonomy":"product_brand","embeddable":true,"href":"https:\/\/distribucionarc.com\/de\/wp-json\/wp\/v2\/product_brand?post=799"},{"taxonomy":"product_cat","embeddable":true,"href":"https:\/\/distribucionarc.com\/de\/wp-json\/wp\/v2\/product_cat?post=799"},{"taxonomy":"product_tag","embeddable":true,"href":"https:\/\/distribucionarc.com\/de\/wp-json\/wp\/v2\/product_tag?post=799"}],"curies":[{"name":"wp","href":"https:\/\/api.w.org\/{rel}","templated":true}]}}