{"id":820,"date":"2020-07-12T16:37:37","date_gmt":"2020-07-12T16:37:37","guid":{"rendered":"https:\/\/distribucionarc.com\/?post_type=product&#038;p=820"},"modified":"2020-09-26T15:30:52","modified_gmt":"2020-09-26T15:30:52","slug":"pfannkuchenmaschine","status":"publish","type":"product","link":"https:\/\/distribucionarc.com\/de\/producto\/maquina-de-panqueques\/","title":{"rendered":"Mini-Pfannkuchenmaschine"},"content":{"rendered":"<h3>Mini-Pfannkuchenmaschine<\/h3>\n<p>Das<strong> Pfannkuchenmaschine<\/strong> Professional ist mit einem hochwertigen, lebensmittelechten Edelstahlgeh\u00e4use und einer antihaftbeschichteten Gusseisenplatte ausgestattet. Hygienisch und langlebig.<\/p>\n<p>Die hochleitende Gusseisenplatte verteilt die W\u00e4rme gleichm\u00e4\u00dfig und sorgt f\u00fcr W\u00e4rme <strong>Pfannkuchen<\/strong> golden mit einer gro\u00dfen Backfl\u00e4che von (260 x 260 mm). Das gleichzeitige Garen von bis zu 25 Pfannkuchen (45 x 10 mm) dauert nur 3-5 Minuten.<\/p>\n<p>Der <strong>Pfannkuchenmaschine<\/strong> von <strong><span style=\"color: #ff0000;\">ZU<\/span><span style=\"color: #0000ff;\">R<\/span>CMP1<\/strong> Es ist mit zwei Thermostaten und einem 5-Minuten-Timer ausgestattet, der eine separate Steuerung zweier verschiedener Bereiche erm\u00f6glicht. Der Temperaturbereich liegt zwischen 50 und 300 \u00b0C.<\/p>\n<p>Nachdem Sie Pfannkuchen mit dieser Maschine gebacken haben, k\u00f6nnen Sie diese einfach mit nicht scheuernden Schw\u00e4mmen und etwas Sp\u00fclmittel reinigen, da scheuernde Schw\u00e4mme die Antihaftoberfl\u00e4che besch\u00e4digen oder entfernen k\u00f6nnen.<\/p>\n<p>Der Mini <strong>Pfannkuchenbackmaschine<\/strong> ist zum Backen geeignet <strong>dorayaki<\/strong>, <strong>Cr\u00eapes<\/strong>, <strong>poffertjes<\/strong>, <strong>Cupcakes<\/strong> Und<strong> holl\u00e4ndische Pfannkuchen<\/strong>. Es wird h\u00e4ufig in Restaurants, Caf\u00e9s, Tiefk\u00fchltruhen, Kantinen und anderen Lebensmittelindustrien eingesetzt.<\/p>\n<p><b>Garantie<\/b><strong>\u00a0<\/strong><span style=\"color: #ff0000;\"><strong>ZU<\/strong><\/span><span style=\"color: #0000ff;\"><strong>R<\/strong><\/span><strong>C 2 JAHRE<\/strong><\/p>\n<p><span style=\"color: #008000;\"><b>Pfannkuchenmaschine mit geringem Verbrauch, 600 W<\/b><\/span><\/p>\n<p><b>Technischer Support inklusive.\u00a0<\/b><\/p>\n<p>&nbsp;<\/p>\n<table role=\"presentation\" width=\"100%\" cellspacing=\"0\" cellpadding=\"0\">\n<tbody>\n<tr>\n<td class=\"attrLabels\">Temperatur:<\/td>\n<td width=\"50.0%\">50-300 \u00b0C<\/td>\n<\/tr>\n<tr>\n<td class=\"attrLabels\">Vertriebsland:<\/td>\n<td width=\"50.0%\">Spanien, Deutschland, USA<\/td>\n<td class=\"attrLabels\">Gewicht:<\/td>\n<td width=\"50.0%\">7kg<\/td>\n<\/tr>\n<tr>\n<td class=\"attrLabels\">Marke:<\/td>\n<td width=\"50.0%\">BOGEN<\/td>\n<td class=\"attrLabels\">H\u00f6he:<\/td>\n<td width=\"50.0%\">7,5 cm<\/td>\n<\/tr>\n<tr>\n<td class=\"attrLabels\">Farbe:<\/td>\n<td width=\"50.0%\">Silber<\/td>\n<td class=\"attrLabels\">Lang:<\/td>\n<td width=\"50.0%\">14cm<\/td>\n<\/tr>\n<tr>\n<td class=\"attrLabels\">Produkttyp:<\/td>\n<td width=\"50.0%\">Pfannkuchenmaschine<\/td>\n<td class=\"attrLabels\">Breit:<\/td>\n<td width=\"50.0%\">12cm<\/td>\n<\/tr>\n<tr>\n<td class=\"attrLabels\">Herstellernummer:<\/td>\n<td width=\"50.0%\"><span style=\"color: #ff0000;\">ZU<\/span><span style=\"color: #0000ff;\">R<\/span>CMP1<\/td>\n<td class=\"attrLabels\">Leistung:<\/td>\n<td width=\"50.0%\">600W<\/td>\n<\/tr>\n<tr>\n<td class=\"attrLabels\">Material:<\/td>\n<td width=\"50.0%\">Edelstahl, antihaftbeschichtet<\/td>\n<td class=\"attrLabels\">Eingangsspannung<\/td>\n<td width=\"50.0%\">230V \u2013 50Hz<\/td>\n<\/tr>\n<tr>\n<td class=\"attrLabels\">Pfannkuchengr\u00f6\u00dfe:<\/td>\n<td width=\"50.0%\">4,5x1cm<\/td>\n<td class=\"attrLabels\">Garantie<\/td>\n<td width=\"50.0%\">\u00a0<span style=\"color: #ff0000;\">ZU<\/span><span style=\"color: #0000ff;\">R<\/span>C 2 Jahre<\/td>\n<\/tr>\n<tr>\n<td class=\"attrLabels\">Aufheizzeit:<\/td>\n<td width=\"50.0%\">0-5 Min<\/td>\n<td class=\"attrLabels\">Paketinhalt<\/td>\n<td width=\"50.0%\">1 * Pfannkuchenmaschine<\/p>\n<p>4 x Reinigungsschw\u00e4mme<\/p>\n<p>2 x Pinsel<\/p>\n<p>1 x Skimmer<\/p>\n<p>1 x Lebensmittelzange<\/td>\n<\/tr>\n<\/tbody>\n<\/table>\n<p>&nbsp;<\/p>","protected":false},"excerpt":{"rendered":"<h2>Pfannkuchenmaschine<\/h2>\n<p><strong>Professionelles Waffeleisen<\/strong> <span style=\"color: #ff0000;\">ZU<\/span><span style=\"color: #0000ff;\">R<\/span>C Kleine, fluffige Pfannkuchen mit einer lockeren, lockeren Konsistenz. Perfekt zum Fr\u00fchst\u00fcck oder als Aperitif. Damit <strong>professioneller Waffeleisen<\/strong> <span style=\"color: #ff0000;\">ZU<\/span><span style=\"color: #0000ff;\">R<\/span>CMP1 kann bis zu 25 kleine Pfannkuchen gleichzeitig in nur 3\u20135 Minuten backen, sodass Sie diese Vorspeise bequemer schnell servieren k\u00f6nnen, ohne dass Ihre Kunden warten m\u00fcssen.<\/p>\n<p>&nbsp;<\/p>\n<p><b>Garantie<\/b><strong>\u00a0<\/strong><span style=\"color: #ff0000;\"><strong>ZU<\/strong><span style=\"color: #0000ff;\"><strong>R<\/strong><\/span><\/span><strong>C 2 JAHRE<\/strong><\/p>\n<p><span style=\"color: #008000;\"><b>Pfannkuchenmaschine 600W<\/b><\/span><\/p>\n<p><b>Technischer Support inklusive.<\/b><\/p>","protected":false},"featured_media":830,"comment_status":"open","ping_status":"closed","template":"","meta":{"wds_primary_product_brand":0,"wds_primary_product_cat":0},"product_brand":[],"product_cat":[51],"product_tag":[],"class_list":{"0":"post-820","1":"product","2":"type-product","3":"status-publish","4":"has-post-thumbnail","6":"product_cat-gofreras-profesionales","7":"product_shipping_class-hosteleria","9":"first","10":"instock","11":"sale","12":"taxable","13":"shipping-taxable","14":"purchasable","15":"product-type-simple"},"yoast_head":"<!-- This site is optimized with the Yoast SEO Premium plugin v24.9 (Yoast SEO v26.1) - https:\/\/yoast.com\/wordpress\/plugins\/seo\/ -->\n<title>M\u00e1quina de mini Pancakes - distribuci\u00f3n ARC<\/title>\n<meta name=\"robots\" content=\"index, follow, max-snippet:-1, max-image-preview:large, max-video-preview:-1\" \/>\n<link rel=\"canonical\" href=\"https:\/\/distribucionarc.com\/de\/produkt-2\/pfannkuchenmaschine\/\" \/>\n<meta property=\"og:locale\" content=\"de_DE\" \/>\n<meta property=\"og:type\" content=\"article\" \/>\n<meta property=\"og:title\" content=\"M\u00e1quina de mini Pancakes\" \/>\n<meta property=\"og:description\" content=\"M\u00e1quina de pancakes Gofrera profesional ARC Peque\u00f1os panqueques esponjosos con una textura ligera y esponjosa. Perfecto para el desayuno o como aperitivo. Con esta gofrera profesional ARCMP1, puede hornear hasta 25 tortitas peque\u00f1as a la vez en s\u00f3lo 3-5 minutos, por lo que es m\u00e1s c\u00f3modo para usted servir este aperitivo r\u00e1pidamente sin hacer esperar a sus clientes.  &nbsp;  Garant\u00eda\u00a0ARC 2 A\u00d1OS  Maquina de Panqueques 600W  soporte t\u00e9cnico incluido.\" \/>\n<meta property=\"og:url\" content=\"https:\/\/distribucionarc.com\/de\/produkt-2\/pfannkuchenmaschine\/\" \/>\n<meta property=\"og:site_name\" content=\"distribuci\u00f3n ARC\" \/>\n<meta property=\"article:modified_time\" content=\"2020-09-26T15:30:52+00:00\" \/>\n<meta property=\"og:image\" content=\"https:\/\/distribucionarc.com\/wp-content\/uploads\/2020\/07\/M\u00e1quina-de-Panqueques-3.jpg\" \/>\n\t<meta property=\"og:image:width\" content=\"1600\" \/>\n\t<meta property=\"og:image:height\" content=\"1600\" \/>\n\t<meta property=\"og:image:type\" content=\"image\/jpeg\" \/>\n<meta name=\"twitter:card\" content=\"summary_large_image\" \/>\n<meta name=\"twitter:label1\" content=\"Gesch\u00e4tzte Lesezeit\" \/>\n\t<meta name=\"twitter:data1\" content=\"1\u00a0Minute\" \/>\n<script type=\"application\/ld+json\" class=\"yoast-schema-graph\">{\"@context\":\"https:\/\/schema.org\",\"@graph\":[{\"@type\":\"WebPage\",\"@id\":\"https:\/\/distribucionarc.com\/en\/producto\/maquina-de-panqueques\/\",\"url\":\"https:\/\/distribucionarc.com\/en\/producto\/maquina-de-panqueques\/\",\"name\":\"M\u00e1quina de mini Pancakes - distribuci\u00f3n ARC\",\"isPartOf\":{\"@id\":\"https:\/\/www.distribucionarc.com\/sl\/#website\"},\"primaryImageOfPage\":{\"@id\":\"https:\/\/distribucionarc.com\/en\/producto\/maquina-de-panqueques\/#primaryimage\"},\"image\":{\"@id\":\"https:\/\/distribucionarc.com\/en\/producto\/maquina-de-panqueques\/#primaryimage\"},\"thumbnailUrl\":\"https:\/\/distribucionarc.com\/wp-content\/uploads\/2020\/07\/M\u00e1quina-de-Panqueques-3.jpg\",\"datePublished\":\"2020-07-12T16:37:37+00:00\",\"dateModified\":\"2020-09-26T15:30:52+00:00\",\"breadcrumb\":{\"@id\":\"https:\/\/distribucionarc.com\/en\/producto\/maquina-de-panqueques\/#breadcrumb\"},\"inLanguage\":\"de\",\"potentialAction\":[{\"@type\":\"ReadAction\",\"target\":[\"https:\/\/distribucionarc.com\/en\/producto\/maquina-de-panqueques\/\"]}]},{\"@type\":\"ImageObject\",\"inLanguage\":\"de\",\"@id\":\"https:\/\/distribucionarc.com\/en\/producto\/maquina-de-panqueques\/#primaryimage\",\"url\":\"https:\/\/distribucionarc.com\/wp-content\/uploads\/2020\/07\/M\u00e1quina-de-Panqueques-3.jpg\",\"contentUrl\":\"https:\/\/distribucionarc.com\/wp-content\/uploads\/2020\/07\/M\u00e1quina-de-Panqueques-3.jpg\",\"width\":1600,\"height\":1600,\"caption\":\"M\u00e1quina de panqueques\"},{\"@type\":\"BreadcrumbList\",\"@id\":\"https:\/\/distribucionarc.com\/en\/producto\/maquina-de-panqueques\/#breadcrumb\",\"itemListElement\":[{\"@type\":\"ListItem\",\"position\":1,\"name\":\"Portada\",\"item\":\"https:\/\/www.distribucionarc.com\/\"},{\"@type\":\"ListItem\",\"position\":2,\"name\":\"\u00dcr\u00fcnler\",\"item\":\"https:\/\/www.distribucionarc.com\/tr\/magaza\/\"},{\"@type\":\"ListItem\",\"position\":3,\"name\":\"M\u00e1quina de mini Pancakes\"}]},{\"@type\":\"WebSite\",\"@id\":\"https:\/\/www.distribucionarc.com\/sl\/#website\",\"url\":\"https:\/\/www.distribucionarc.com\/sl\/\",\"name\":\"distribuci\u00f3n ARC\",\"description\":\"Empresa especializada en la fabricaci\u00f3n y distribuci\u00f3n de maquinaria industrial, selladoras de latas, Maquinas de hacer pastillas, Maquinas de cortar carne...\",\"publisher\":{\"@id\":\"https:\/\/www.distribucionarc.com\/sl\/#organization\"},\"potentialAction\":[{\"@type\":\"SearchAction\",\"target\":{\"@type\":\"EntryPoint\",\"urlTemplate\":\"https:\/\/www.distribucionarc.com\/sl\/?s={search_term_string}\"},\"query-input\":{\"@type\":\"PropertyValueSpecification\",\"valueRequired\":true,\"valueName\":\"search_term_string\"}}],\"inLanguage\":\"de\"},{\"@type\":\"Organization\",\"@id\":\"https:\/\/www.distribucionarc.com\/sl\/#organization\",\"name\":\"Distribuci\u00f3n ARC\",\"url\":\"https:\/\/www.distribucionarc.com\/sl\/\",\"logo\":{\"@type\":\"ImageObject\",\"inLanguage\":\"de\",\"@id\":\"https:\/\/www.distribucionarc.com\/sl\/#\/schema\/logo\/image\/\",\"url\":\"https:\/\/distribucionarc.com\/wp-content\/uploads\/2024\/10\/distribucion-ARC-COLOR-SIN-FONDO-e1732295305345.png\",\"contentUrl\":\"https:\/\/distribucionarc.com\/wp-content\/uploads\/2024\/10\/distribucion-ARC-COLOR-SIN-FONDO-e1732295305345.png\",\"width\":1164,\"height\":558,\"caption\":\"Distribuci\u00f3n ARC\"},\"image\":{\"@id\":\"https:\/\/www.distribucionarc.com\/sl\/#\/schema\/logo\/image\/\"},\"description\":\"Empresa especializada en la fabricaci\u00f3n y distribuci\u00f3n de maquinaria industrial para los sectores alimentario y farmac\u00e9utico. Nos especializamos en: M\u00e1quinas de cortar carne Fabricaci\u00f3n de comprimidos Sistemas de transporte industrial L\u00edneas de embotellado Dosificadores Y mucho m\u00e1s... Ofrecemos soluciones innovadoras y personalizadas para optimizar los procesos productivos de tu empresa.\",\"email\":\"Admistracion@distribucionarc.com\",\"telephone\":\"+34 643496664\",\"legalName\":\"ARC TECH SOLUTIONS\",\"foundingDate\":\"2024-04-09\",\"vatID\":\"B55480172\",\"numberOfEmployees\":{\"@type\":\"QuantitativeValue\",\"minValue\":\"1\",\"maxValue\":\"10\"}}]}<\/script>\n<!-- \/ Yoast SEO Premium plugin. -->","yoast_head_json":{"title":"Mini-Pfannkuchenmaschine - ARC-Vertrieb","robots":{"index":"index","follow":"follow","max-snippet":"max-snippet:-1","max-image-preview":"max-image-preview:large","max-video-preview":"max-video-preview:-1"},"canonical":"https:\/\/distribucionarc.com\/de\/produkt-2\/pfannkuchenmaschine\/","og_locale":"de_DE","og_type":"article","og_title":"M\u00e1quina de mini Pancakes","og_description":"M\u00e1quina de pancakes Gofrera profesional ARC Peque\u00f1os panqueques esponjosos con una textura ligera y esponjosa. Perfecto para el desayuno o como aperitivo. Con esta gofrera profesional ARCMP1, puede hornear hasta 25 tortitas peque\u00f1as a la vez en s\u00f3lo 3-5 minutos, por lo que es m\u00e1s c\u00f3modo para usted servir este aperitivo r\u00e1pidamente sin hacer esperar a sus clientes.  &nbsp;  Garant\u00eda\u00a0ARC 2 A\u00d1OS  Maquina de Panqueques 600W  soporte t\u00e9cnico incluido.","og_url":"https:\/\/distribucionarc.com\/de\/produkt-2\/pfannkuchenmaschine\/","og_site_name":"distribuci\u00f3n ARC","article_modified_time":"2020-09-26T15:30:52+00:00","og_image":[{"width":1600,"height":1600,"url":"https:\/\/distribucionarc.com\/wp-content\/uploads\/2020\/07\/M\u00e1quina-de-Panqueques-3.jpg","type":"image\/jpeg"}],"twitter_card":"summary_large_image","twitter_misc":{"Gesch\u00e4tzte Lesezeit":"1\u00a0Minute"},"schema":{"@context":"https:\/\/schema.org","@graph":[{"@type":"WebPage","@id":"https:\/\/distribucionarc.com\/en\/producto\/maquina-de-panqueques\/","url":"https:\/\/distribucionarc.com\/en\/producto\/maquina-de-panqueques\/","name":"Mini-Pfannkuchenmaschine - ARC-Vertrieb","isPartOf":{"@id":"https:\/\/www.distribucionarc.com\/sl\/#website"},"primaryImageOfPage":{"@id":"https:\/\/distribucionarc.com\/en\/producto\/maquina-de-panqueques\/#primaryimage"},"image":{"@id":"https:\/\/distribucionarc.com\/en\/producto\/maquina-de-panqueques\/#primaryimage"},"thumbnailUrl":"https:\/\/distribucionarc.com\/wp-content\/uploads\/2020\/07\/M\u00e1quina-de-Panqueques-3.jpg","datePublished":"2020-07-12T16:37:37+00:00","dateModified":"2020-09-26T15:30:52+00:00","breadcrumb":{"@id":"https:\/\/distribucionarc.com\/en\/producto\/maquina-de-panqueques\/#breadcrumb"},"inLanguage":"de","potentialAction":[{"@type":"ReadAction","target":["https:\/\/distribucionarc.com\/en\/producto\/maquina-de-panqueques\/"]}]},{"@type":"ImageObject","inLanguage":"de","@id":"https:\/\/distribucionarc.com\/en\/producto\/maquina-de-panqueques\/#primaryimage","url":"https:\/\/distribucionarc.com\/wp-content\/uploads\/2020\/07\/M\u00e1quina-de-Panqueques-3.jpg","contentUrl":"https:\/\/distribucionarc.com\/wp-content\/uploads\/2020\/07\/M\u00e1quina-de-Panqueques-3.jpg","width":1600,"height":1600,"caption":"M\u00e1quina de panqueques"},{"@type":"BreadcrumbList","@id":"https:\/\/distribucionarc.com\/en\/producto\/maquina-de-panqueques\/#breadcrumb","itemListElement":[{"@type":"ListItem","position":1,"name":"Portada","item":"https:\/\/www.distribucionarc.com\/"},{"@type":"ListItem","position":2,"name":"\u00dcr\u00fcnler","item":"https:\/\/www.distribucionarc.com\/tr\/magaza\/"},{"@type":"ListItem","position":3,"name":"M\u00e1quina de mini Pancakes"}]},{"@type":"WebSite","@id":"https:\/\/www.distribucionarc.com\/sl\/#website","url":"https:\/\/www.distribucionarc.com\/sl\/","name":"ARC-Verteilung","description":"Das Unternehmen ist auf die Herstellung und den Vertrieb von Industriemaschinen, Dosenverschlie\u00dfmaschinen, Tablettenmaschinen, Fleischschneidemaschinen...","publisher":{"@id":"https:\/\/www.distribucionarc.com\/sl\/#organization"},"potentialAction":[{"@type":"SearchAction","target":{"@type":"EntryPoint","urlTemplate":"https:\/\/www.distribucionarc.com\/sl\/?s={search_term_string}"},"query-input":{"@type":"PropertyValueSpecification","valueRequired":true,"valueName":"search_term_string"}}],"inLanguage":"de"},{"@type":"Organization","@id":"https:\/\/www.distribucionarc.com\/sl\/#organization","name":"ARC-Verteilung","url":"https:\/\/www.distribucionarc.com\/sl\/","logo":{"@type":"ImageObject","inLanguage":"de","@id":"https:\/\/www.distribucionarc.com\/sl\/#\/schema\/logo\/image\/","url":"https:\/\/distribucionarc.com\/wp-content\/uploads\/2024\/10\/distribucion-ARC-COLOR-SIN-FONDO-e1732295305345.png","contentUrl":"https:\/\/distribucionarc.com\/wp-content\/uploads\/2024\/10\/distribucion-ARC-COLOR-SIN-FONDO-e1732295305345.png","width":1164,"height":558,"caption":"Distribuci\u00f3n ARC"},"image":{"@id":"https:\/\/www.distribucionarc.com\/sl\/#\/schema\/logo\/image\/"},"description":"Unternehmen, das auf die Herstellung und den Vertrieb von Industriemaschinen f\u00fcr den Lebensmittel- und Pharmasektor spezialisiert ist. Wir sind spezialisiert auf: Fleischschneidemaschinen Tablettenherstellung Industrielle F\u00f6rdersysteme Abf\u00fcllanlagen Dispenser Und vieles mehr... Wir bieten innovative und ma\u00dfgeschneiderte L\u00f6sungen zur Optimierung der Produktionsprozesse in Ihrem Unternehmen.","email":"Admistracion@distribucionarc.com","telephone":"+34 643496664","legalName":"ARC TECH SOLUTIONS","foundingDate":"2024-04-09","vatID":"B55480172","numberOfEmployees":{"@type":"QuantitativeValue","minValue":"1","maxValue":"10"}}]}},"_links":{"self":[{"href":"https:\/\/distribucionarc.com\/de\/wp-json\/wp\/v2\/product\/820","targetHints":{"allow":["GET"]}}],"collection":[{"href":"https:\/\/distribucionarc.com\/de\/wp-json\/wp\/v2\/product"}],"about":[{"href":"https:\/\/distribucionarc.com\/de\/wp-json\/wp\/v2\/types\/product"}],"replies":[{"embeddable":true,"href":"https:\/\/distribucionarc.com\/de\/wp-json\/wp\/v2\/comments?post=820"}],"version-history":[{"count":0,"href":"https:\/\/distribucionarc.com\/de\/wp-json\/wp\/v2\/product\/820\/revisions"}],"wp:featuredmedia":[{"embeddable":true,"href":"https:\/\/distribucionarc.com\/de\/wp-json\/wp\/v2\/media\/830"}],"wp:attachment":[{"href":"https:\/\/distribucionarc.com\/de\/wp-json\/wp\/v2\/media?parent=820"}],"wp:term":[{"taxonomy":"product_brand","embeddable":true,"href":"https:\/\/distribucionarc.com\/de\/wp-json\/wp\/v2\/product_brand?post=820"},{"taxonomy":"product_cat","embeddable":true,"href":"https:\/\/distribucionarc.com\/de\/wp-json\/wp\/v2\/product_cat?post=820"},{"taxonomy":"product_tag","embeddable":true,"href":"https:\/\/distribucionarc.com\/de\/wp-json\/wp\/v2\/product_tag?post=820"}],"curies":[{"name":"wp","href":"https:\/\/api.w.org\/{rel}","templated":true}]}}