{"id":8212,"date":"2024-10-28T19:19:09","date_gmt":"2024-10-28T19:19:09","guid":{"rendered":"https:\/\/distribucionarc.com\/?post_type=product&#038;p=8212"},"modified":"2024-10-28T22:47:25","modified_gmt":"2024-10-28T22:47:25","slug":"groser-quadratischer-und-runder-dosenverschlieser-nr-170","status":"publish","type":"product","link":"https:\/\/distribucionarc.com\/de\/producto\/selladora-de-latas-grandes-cuadradas-y-circulares-anr-170\/","title":{"rendered":"Gro\u00dfer quadratischer und runder Dosenverschlie\u00dfer ANR-170"},"content":{"rendered":"<p>Der <strong>ANR-170 gro\u00dfer Dosenverschlie\u00dfer<\/strong> ist eine Maschine, die auf das Verschlie\u00dfen von Dosen unterschiedlicher Gr\u00f6\u00dfe und Form, haupts\u00e4chlich rund und quadratisch, spezialisiert ist und in Branchen wie Lebensmitteln, chemischen, landwirtschaftlichen und kosmetischen Produkten eingesetzt wird. Seine Hauptfunktion besteht darin, eine hochwertige hermetische Versiegelung verschiedener Beh\u00e4ltertypen durchzuf\u00fchren und sicherzustellen, dass die darin enthaltenen Produkte ordnungsgem\u00e4\u00df konserviert werden, bei minimaler Belastung durch Verunreinigungen und l\u00e4ngerer Haltbarkeit.<\/p>\n<p>Das Hauptziel der <strong>Siegelmaschine ANR-170<\/strong> besteht darin, eine pr\u00e4zise und gleichm\u00e4\u00dfige Versiegelung von Metallbeh\u00e4ltern unterschiedlicher Gr\u00f6\u00dfe und Form sicherzustellen. Dieser Prozess ist entscheidend, um die Qualit\u00e4t des Produkts im Inneren zu bewahren und es vor \u00e4u\u00dferen Faktoren wie Luft, Feuchtigkeit oder m\u00f6glichen Mikroorganismen zu sch\u00fctzen. Die pr\u00e4zise Versiegelung erleichtert au\u00dferdem die Produktverteilung und -lagerung.<\/p>\n<p>Seine Hauptkomponenten sind die folgenden:<\/p>\n<p><strong>Der Siegelkopf,<\/strong> Eine wesentliche Komponente, die direkten Kontakt mit der Dose herstellt und den Druck und die Hitze aus\u00fcbt, die zum Verschmelzen der Teile des Beh\u00e4lters erforderlich sind, wodurch ein luftdichter Verschluss gew\u00e4hrleistet wird <strong>F\u00fctterungssystem <\/strong>bestehend aus einem F\u00f6rderband und verstellbaren F\u00fchrungen, die die Dosen genau an der Stelle zum Verschlie\u00dfen positionieren, <strong>F\u00fctterungssystem <\/strong>Es besteht aus einem F\u00f6rderband und verstellbaren F\u00fchrungen, die die Dosen genau an der Stelle positionieren, an der sie versiegelt werden sollen. Der <strong>St\u00fctzstruktur <\/strong>Sie ist aus widerstandsf\u00e4higem Stahl (201, 304 und 420) gefertigt. Diese Struktur sorgt f\u00fcr Stabilit\u00e4t und Haltbarkeit der Maschine und tr\u00e4gt das Gewicht der Dosen und des Siegelkopfs. Er <strong>Sicherheitssystem i<\/strong>Es umfasst Sensoren, die den Betrieb stoppen, wenn Probleme erkannt werden, wie z. B. eine schlechte Positionierung einer Dose, wodurch Unf\u00e4lle und Sch\u00e4den an der Maschine minimiert werden.<\/p>\n<p>&nbsp;<\/p>\n<p>Der Trend bei Siegelmaschinen wie der ANR-170 umfasst die Integration von <strong>Echtzeit-\u00dcberwachungssysteme<\/strong> um Betriebsprobleme zu erkennen und zu melden, a <strong>bessere Automatisierung<\/strong> um eine gr\u00f6\u00dfere Vielfalt an Dosengr\u00f6\u00dfen und -formen verarbeiten zu k\u00f6nnen, und zuk\u00fcnftige Modelle k\u00f6nnten dies integrieren <strong>intelligente Sensoren<\/strong> die die Siegeltemperatur und den Siegeldruck automatisch an die Art des Beh\u00e4ltermaterials anpassen.<\/p>\n<p>Zusammenfassend l\u00e4sst sich sagen, dass <strong>Siegelmaschine ANR-170<\/strong> Es handelt sich um eine robuste, effiziente und vielseitige Maschine, die die Produktivit\u00e4t steigert und die Qualit\u00e4t beim Dosenverschlie\u00dfen in zahlreichen Branchen sicherstellt, mit einfacher Wartung und einem Design, das auf Langlebigkeit und Sicherheit ausgerichtet ist.<\/p>\n<p><a href=\"https:\/\/distribucionarc.com\/wp-content\/uploads\/2024\/10\/Sellado-de-Latas-Grandes.png\"><img loading=\"lazy\" decoding=\"async\" class=\"alignnone size-medium wp-image-8213\" src=\"https:\/\/distribucionarc.com\/wp-content\/uploads\/2024\/10\/Sellado-de-Latas-Grandes-292x300.png\" alt=\"\" width=\"292\" height=\"300\" srcset=\"https:\/\/distribucionarc.com\/wp-content\/uploads\/2024\/10\/Sellado-de-Latas-Grandes-292x300.png 292w, https:\/\/distribucionarc.com\/wp-content\/uploads\/2024\/10\/Sellado-de-Latas-Grandes-430x441.png 430w, https:\/\/distribucionarc.com\/wp-content\/uploads\/2024\/10\/Sellado-de-Latas-Grandes-150x154.png 150w, https:\/\/distribucionarc.com\/wp-content\/uploads\/2024\/10\/Sellado-de-Latas-Grandes-12x12.png 12w, https:\/\/distribucionarc.com\/wp-content\/uploads\/2024\/10\/Sellado-de-Latas-Grandes.png 563w\" sizes=\"auto, (max-width: 292px) 100vw, 292px\" \/><\/a>\u00a0 \u00a0 \u00a0 <a href=\"https:\/\/distribucionarc.com\/wp-content\/uploads\/2024\/10\/Selladora-de-Latas-industrial.png\"><img loading=\"lazy\" decoding=\"async\" class=\"alignnone size-medium wp-image-8216\" src=\"https:\/\/distribucionarc.com\/wp-content\/uploads\/2024\/10\/Selladora-de-Latas-industrial-285x300.png\" alt=\"\" width=\"285\" height=\"300\" srcset=\"https:\/\/distribucionarc.com\/wp-content\/uploads\/2024\/10\/Selladora-de-Latas-industrial-285x300.png 285w, https:\/\/distribucionarc.com\/wp-content\/uploads\/2024\/10\/Selladora-de-Latas-industrial-430x452.png 430w, https:\/\/distribucionarc.com\/wp-content\/uploads\/2024\/10\/Selladora-de-Latas-industrial-150x158.png 150w, https:\/\/distribucionarc.com\/wp-content\/uploads\/2024\/10\/Selladora-de-Latas-industrial-11x12.png 11w, https:\/\/distribucionarc.com\/wp-content\/uploads\/2024\/10\/Selladora-de-Latas-industrial.png 541w\" sizes=\"auto, (max-width: 285px) 100vw, 285px\" \/><\/a><\/p>\n<p>&nbsp;<\/p>\n<table>\n<thead>\n<tr>\n<th>Spezifikation<\/th>\n<th>Detail<\/th>\n<\/tr>\n<\/thead>\n<tbody>\n<tr>\n<td><strong>Maschinengr\u00f6\u00dfe<\/strong><\/td>\n<td>1000 x 917 x 1885 mm<\/td>\n<\/tr>\n<tr>\n<td><strong>Stromspannung<\/strong><\/td>\n<td>220V\/50Hz<\/td>\n<\/tr>\n<tr>\n<td><strong>Produktion (Runden)<\/strong><\/td>\n<td>25-30 Dosen\/Minute<\/td>\n<\/tr>\n<tr>\n<td><strong>Produktion (Quadrat)<\/strong><\/td>\n<td>15-20 Dosen\/Minute<\/td>\n<\/tr>\n<tr>\n<td><strong>Leistung<\/strong><\/td>\n<td>2,2 kW<\/td>\n<\/tr>\n<tr>\n<td><strong>Dosendurchmesser<\/strong><\/td>\n<td>50-330mm<\/td>\n<\/tr>\n<tr>\n<td><strong>Maximale Dosenh\u00f6he<\/strong><\/td>\n<td>420mm<\/td>\n<\/tr>\n<tr>\n<td><strong>Gewicht<\/strong><\/td>\n<td>800kg<\/td>\n<\/tr>\n<tr>\n<td><strong>Modell<\/strong><\/td>\n<td>ANR-170<\/td>\n<\/tr>\n<tr>\n<td><strong>Luftdruck<\/strong><\/td>\n<td>0,4\u20130,6 MPa<\/td>\n<\/tr>\n<tr>\n<td><strong>Dicke des Wei\u00dfblechs<\/strong><\/td>\n<td>Bis zu 0,4 mm<\/td>\n<\/tr>\n<tr>\n<td><strong>Motordrehzahl<\/strong><\/td>\n<td>940 U\/min<\/td>\n<\/tr>\n<tr>\n<td><strong>Artikelnummer<\/strong><\/td>\n<td>AR00127<\/td>\n<\/tr>\n<tr>\n<td><strong>Garantie<\/strong><\/td>\n<td>2 Jahre<\/td>\n<\/tr>\n<\/tbody>\n<\/table>\n<p>&nbsp;<\/p>\n<p>&nbsp;<\/p>","protected":false},"excerpt":{"rendered":"<p>Die Maschine <strong>ANR-170 gro\u00dfer Dosenverschlie\u00dfer<\/strong> ist eine Spezialausr\u00fcstung zum effizienten Verschlie\u00dfen von runden und speziell geformten Dosen, beispielsweise quadratischen Dosen, in verschiedenen Industriebereichen, darunter Lebensmittel, Chemie, Landwirtschaft und Kosmetik. Seine Bedienung ist einfach und zeichnet sich durch seine hohe Effizienz und Vielseitigkeit bei verschiedenen Dichtungsarten aus. Der aus hochwertigem Stahl (201, 304 und 420) gefertigte ANR-170 bietet Haltbarkeit und Widerstandsf\u00e4higkeit bei einer niedrigen Ausfallrate, die eine lange Nutzungsdauer garantiert. Zu den Hauptkomponenten geh\u00f6ren der Siegelkopf, das Steuersystem und die St\u00fctzbasis, was die Verwendung und Wartung in industriellen Umgebungen erleichtert. Diese Ausr\u00fcstung optimiert den Verpackungsprozess und verbessert die Produktsicherheit und -konservierung.<\/p>","protected":false},"featured_media":8215,"comment_status":"open","ping_status":"closed","template":"","meta":{"wds_primary_product_brand":0,"wds_primary_product_cat":0},"product_brand":[],"product_cat":[62],"product_tag":[],"class_list":{"0":"post-8212","1":"product","2":"type-product","3":"status-publish","4":"has-post-thumbnail","6":"product_cat-selladoras-de-latas","8":"first","9":"instock","10":"taxable","11":"shipping-taxable","12":"purchasable","13":"product-type-simple"},"yoast_head":"<!-- This site is optimized with the Yoast SEO Premium plugin v24.9 (Yoast SEO v26.1) - https:\/\/yoast.com\/wordpress\/plugins\/seo\/ -->\n<title>Selladora de latas grandes cuadradas y circulares ANR-170 - distribuci\u00f3n ARC<\/title>\n<meta name=\"robots\" content=\"index, follow, max-snippet:-1, max-image-preview:large, max-video-preview:-1\" \/>\n<link rel=\"canonical\" href=\"https:\/\/distribucionarc.com\/de\/produkt-2\/groser-quadratischer-und-runder-dosenverschlieser-nr-170\/\" \/>\n<meta property=\"og:locale\" content=\"de_DE\" \/>\n<meta property=\"og:type\" content=\"article\" \/>\n<meta property=\"og:title\" content=\"Selladora de latas grandes cuadradas y circulares ANR-170\" \/>\n<meta property=\"og:description\" content=\"La m\u00e1quina Selladora de latas grandes ANR-170 es un equipo especializado dise\u00f1ado para sellar eficientemente latas redondas y de formas especiales, como las cuadradas, en diversos sectores industriales, incluyendo alimentos, productos qu\u00edmicos, agr\u00edcolas y cosm\u00e9ticos. Su operaci\u00f3n es simple, caracteriz\u00e1ndose por su alta eficiencia y versatilidad en diferentes tipos de sellado. Fabricada con acero de alta calidad (201, 304 y 420), la ANR-170 ofrece durabilidad y resistencia, con una baja tasa de fallos que garantiza una larga vida \u00fatil. Sus principales componentes incluyen el cabezal de sellado, el sistema de control y la base de soporte, lo que facilita su uso y mantenimiento en entornos industriales. Este equipo optimiza el proceso de envasado, mejorando la seguridad y la conservaci\u00f3n de los productos.\" \/>\n<meta property=\"og:url\" content=\"https:\/\/distribucionarc.com\/de\/produkt-2\/groser-quadratischer-und-runder-dosenverschlieser-nr-170\/\" \/>\n<meta property=\"og:site_name\" content=\"distribuci\u00f3n ARC\" \/>\n<meta property=\"article:modified_time\" content=\"2024-10-28T22:47:25+00:00\" \/>\n<meta property=\"og:image\" content=\"https:\/\/distribucionarc.com\/wp-content\/uploads\/2024\/10\/Tecnologia-de-Sellado-Preciso-con-la-Selladora-de-latas-grandes.png\" \/>\n\t<meta property=\"og:image:width\" content=\"283\" \/>\n\t<meta property=\"og:image:height\" content=\"457\" \/>\n\t<meta property=\"og:image:type\" content=\"image\/png\" \/>\n<meta name=\"twitter:card\" content=\"summary_large_image\" \/>\n<meta name=\"twitter:label1\" content=\"Gesch\u00e4tzte Lesezeit\" \/>\n\t<meta name=\"twitter:data1\" content=\"3\u00a0Minuten\" \/>\n<script type=\"application\/ld+json\" class=\"yoast-schema-graph\">{\"@context\":\"https:\/\/schema.org\",\"@graph\":[{\"@type\":\"WebPage\",\"@id\":\"https:\/\/distribucionarc.com\/el\/producto\/selladora-de-latas-grandes-cuadradas-y-circulares-anr-170\/\",\"url\":\"https:\/\/distribucionarc.com\/el\/producto\/selladora-de-latas-grandes-cuadradas-y-circulares-anr-170\/\",\"name\":\"Selladora de latas grandes cuadradas y circulares ANR-170 - distribuci\u00f3n ARC\",\"isPartOf\":{\"@id\":\"https:\/\/www.distribucionarc.com\/sl\/#website\"},\"primaryImageOfPage\":{\"@id\":\"https:\/\/distribucionarc.com\/el\/producto\/selladora-de-latas-grandes-cuadradas-y-circulares-anr-170\/#primaryimage\"},\"image\":{\"@id\":\"https:\/\/distribucionarc.com\/el\/producto\/selladora-de-latas-grandes-cuadradas-y-circulares-anr-170\/#primaryimage\"},\"thumbnailUrl\":\"https:\/\/distribucionarc.com\/wp-content\/uploads\/2024\/10\/Tecnologia-de-Sellado-Preciso-con-la-Selladora-de-latas-grandes.png\",\"datePublished\":\"2024-10-28T19:19:09+00:00\",\"dateModified\":\"2024-10-28T22:47:25+00:00\",\"breadcrumb\":{\"@id\":\"https:\/\/distribucionarc.com\/el\/producto\/selladora-de-latas-grandes-cuadradas-y-circulares-anr-170\/#breadcrumb\"},\"inLanguage\":\"de\",\"potentialAction\":[{\"@type\":\"ReadAction\",\"target\":[\"https:\/\/distribucionarc.com\/el\/producto\/selladora-de-latas-grandes-cuadradas-y-circulares-anr-170\/\"]}]},{\"@type\":\"ImageObject\",\"inLanguage\":\"de\",\"@id\":\"https:\/\/distribucionarc.com\/el\/producto\/selladora-de-latas-grandes-cuadradas-y-circulares-anr-170\/#primaryimage\",\"url\":\"https:\/\/distribucionarc.com\/wp-content\/uploads\/2024\/10\/Tecnologia-de-Sellado-Preciso-con-la-Selladora-de-latas-grandes.png\",\"contentUrl\":\"https:\/\/distribucionarc.com\/wp-content\/uploads\/2024\/10\/Tecnologia-de-Sellado-Preciso-con-la-Selladora-de-latas-grandes.png\",\"width\":283,\"height\":457},{\"@type\":\"BreadcrumbList\",\"@id\":\"https:\/\/distribucionarc.com\/el\/producto\/selladora-de-latas-grandes-cuadradas-y-circulares-anr-170\/#breadcrumb\",\"itemListElement\":[{\"@type\":\"ListItem\",\"position\":1,\"name\":\"Portada\",\"item\":\"https:\/\/www.distribucionarc.com\/\"},{\"@type\":\"ListItem\",\"position\":2,\"name\":\"\u00dcr\u00fcnler\",\"item\":\"https:\/\/www.distribucionarc.com\/tr\/magaza\/\"},{\"@type\":\"ListItem\",\"position\":3,\"name\":\"Selladora de latas grandes cuadradas y circulares ANR-170\"}]},{\"@type\":\"WebSite\",\"@id\":\"https:\/\/www.distribucionarc.com\/sl\/#website\",\"url\":\"https:\/\/www.distribucionarc.com\/sl\/\",\"name\":\"distribuci\u00f3n ARC\",\"description\":\"Empresa especializada en la fabricaci\u00f3n y distribuci\u00f3n de maquinaria industrial, selladoras de latas, Maquinas de hacer pastillas, Maquinas de cortar carne...\",\"publisher\":{\"@id\":\"https:\/\/www.distribucionarc.com\/sl\/#organization\"},\"potentialAction\":[{\"@type\":\"SearchAction\",\"target\":{\"@type\":\"EntryPoint\",\"urlTemplate\":\"https:\/\/www.distribucionarc.com\/sl\/?s={search_term_string}\"},\"query-input\":{\"@type\":\"PropertyValueSpecification\",\"valueRequired\":true,\"valueName\":\"search_term_string\"}}],\"inLanguage\":\"de\"},{\"@type\":\"Organization\",\"@id\":\"https:\/\/www.distribucionarc.com\/sl\/#organization\",\"name\":\"Distribuci\u00f3n ARC\",\"url\":\"https:\/\/www.distribucionarc.com\/sl\/\",\"logo\":{\"@type\":\"ImageObject\",\"inLanguage\":\"de\",\"@id\":\"https:\/\/www.distribucionarc.com\/sl\/#\/schema\/logo\/image\/\",\"url\":\"https:\/\/distribucionarc.com\/wp-content\/uploads\/2024\/10\/distribucion-ARC-COLOR-SIN-FONDO-e1732295305345.png\",\"contentUrl\":\"https:\/\/distribucionarc.com\/wp-content\/uploads\/2024\/10\/distribucion-ARC-COLOR-SIN-FONDO-e1732295305345.png\",\"width\":1164,\"height\":558,\"caption\":\"Distribuci\u00f3n ARC\"},\"image\":{\"@id\":\"https:\/\/www.distribucionarc.com\/sl\/#\/schema\/logo\/image\/\"},\"description\":\"Empresa especializada en la fabricaci\u00f3n y distribuci\u00f3n de maquinaria industrial para los sectores alimentario y farmac\u00e9utico. Nos especializamos en: M\u00e1quinas de cortar carne Fabricaci\u00f3n de comprimidos Sistemas de transporte industrial L\u00edneas de embotellado Dosificadores Y mucho m\u00e1s... Ofrecemos soluciones innovadoras y personalizadas para optimizar los procesos productivos de tu empresa.\",\"email\":\"Admistracion@distribucionarc.com\",\"telephone\":\"+34 643496664\",\"legalName\":\"ARC TECH SOLUTIONS\",\"foundingDate\":\"2024-04-09\",\"vatID\":\"B55480172\",\"numberOfEmployees\":{\"@type\":\"QuantitativeValue\",\"minValue\":\"1\",\"maxValue\":\"10\"}}]}<\/script>\n<!-- \/ Yoast SEO Premium plugin. -->","yoast_head_json":{"title":"ANR-170 gro\u00dfer quadratischer und runder Dosenverschlie\u00dfer \u2013 ARC-Verteilung","robots":{"index":"index","follow":"follow","max-snippet":"max-snippet:-1","max-image-preview":"max-image-preview:large","max-video-preview":"max-video-preview:-1"},"canonical":"https:\/\/distribucionarc.com\/de\/produkt-2\/groser-quadratischer-und-runder-dosenverschlieser-nr-170\/","og_locale":"de_DE","og_type":"article","og_title":"Selladora de latas grandes cuadradas y circulares ANR-170","og_description":"La m\u00e1quina Selladora de latas grandes ANR-170 es un equipo especializado dise\u00f1ado para sellar eficientemente latas redondas y de formas especiales, como las cuadradas, en diversos sectores industriales, incluyendo alimentos, productos qu\u00edmicos, agr\u00edcolas y cosm\u00e9ticos. Su operaci\u00f3n es simple, caracteriz\u00e1ndose por su alta eficiencia y versatilidad en diferentes tipos de sellado. Fabricada con acero de alta calidad (201, 304 y 420), la ANR-170 ofrece durabilidad y resistencia, con una baja tasa de fallos que garantiza una larga vida \u00fatil. Sus principales componentes incluyen el cabezal de sellado, el sistema de control y la base de soporte, lo que facilita su uso y mantenimiento en entornos industriales. Este equipo optimiza el proceso de envasado, mejorando la seguridad y la conservaci\u00f3n de los productos.","og_url":"https:\/\/distribucionarc.com\/de\/produkt-2\/groser-quadratischer-und-runder-dosenverschlieser-nr-170\/","og_site_name":"distribuci\u00f3n ARC","article_modified_time":"2024-10-28T22:47:25+00:00","og_image":[{"width":283,"height":457,"url":"https:\/\/distribucionarc.com\/wp-content\/uploads\/2024\/10\/Tecnologia-de-Sellado-Preciso-con-la-Selladora-de-latas-grandes.png","type":"image\/png"}],"twitter_card":"summary_large_image","twitter_misc":{"Gesch\u00e4tzte Lesezeit":"3\u00a0Minuten"},"schema":{"@context":"https:\/\/schema.org","@graph":[{"@type":"WebPage","@id":"https:\/\/distribucionarc.com\/el\/producto\/selladora-de-latas-grandes-cuadradas-y-circulares-anr-170\/","url":"https:\/\/distribucionarc.com\/el\/producto\/selladora-de-latas-grandes-cuadradas-y-circulares-anr-170\/","name":"ANR-170 gro\u00dfer quadratischer und runder Dosenverschlie\u00dfer \u2013 ARC-Verteilung","isPartOf":{"@id":"https:\/\/www.distribucionarc.com\/sl\/#website"},"primaryImageOfPage":{"@id":"https:\/\/distribucionarc.com\/el\/producto\/selladora-de-latas-grandes-cuadradas-y-circulares-anr-170\/#primaryimage"},"image":{"@id":"https:\/\/distribucionarc.com\/el\/producto\/selladora-de-latas-grandes-cuadradas-y-circulares-anr-170\/#primaryimage"},"thumbnailUrl":"https:\/\/distribucionarc.com\/wp-content\/uploads\/2024\/10\/Tecnologia-de-Sellado-Preciso-con-la-Selladora-de-latas-grandes.png","datePublished":"2024-10-28T19:19:09+00:00","dateModified":"2024-10-28T22:47:25+00:00","breadcrumb":{"@id":"https:\/\/distribucionarc.com\/el\/producto\/selladora-de-latas-grandes-cuadradas-y-circulares-anr-170\/#breadcrumb"},"inLanguage":"de","potentialAction":[{"@type":"ReadAction","target":["https:\/\/distribucionarc.com\/el\/producto\/selladora-de-latas-grandes-cuadradas-y-circulares-anr-170\/"]}]},{"@type":"ImageObject","inLanguage":"de","@id":"https:\/\/distribucionarc.com\/el\/producto\/selladora-de-latas-grandes-cuadradas-y-circulares-anr-170\/#primaryimage","url":"https:\/\/distribucionarc.com\/wp-content\/uploads\/2024\/10\/Tecnologia-de-Sellado-Preciso-con-la-Selladora-de-latas-grandes.png","contentUrl":"https:\/\/distribucionarc.com\/wp-content\/uploads\/2024\/10\/Tecnologia-de-Sellado-Preciso-con-la-Selladora-de-latas-grandes.png","width":283,"height":457},{"@type":"BreadcrumbList","@id":"https:\/\/distribucionarc.com\/el\/producto\/selladora-de-latas-grandes-cuadradas-y-circulares-anr-170\/#breadcrumb","itemListElement":[{"@type":"ListItem","position":1,"name":"Portada","item":"https:\/\/www.distribucionarc.com\/"},{"@type":"ListItem","position":2,"name":"\u00dcr\u00fcnler","item":"https:\/\/www.distribucionarc.com\/tr\/magaza\/"},{"@type":"ListItem","position":3,"name":"Selladora de latas grandes cuadradas y circulares ANR-170"}]},{"@type":"WebSite","@id":"https:\/\/www.distribucionarc.com\/sl\/#website","url":"https:\/\/www.distribucionarc.com\/sl\/","name":"ARC-Verteilung","description":"Das Unternehmen ist auf die Herstellung und den Vertrieb von Industriemaschinen, Dosenverschlie\u00dfmaschinen, Tablettenmaschinen, Fleischschneidemaschinen...","publisher":{"@id":"https:\/\/www.distribucionarc.com\/sl\/#organization"},"potentialAction":[{"@type":"SearchAction","target":{"@type":"EntryPoint","urlTemplate":"https:\/\/www.distribucionarc.com\/sl\/?s={search_term_string}"},"query-input":{"@type":"PropertyValueSpecification","valueRequired":true,"valueName":"search_term_string"}}],"inLanguage":"de"},{"@type":"Organization","@id":"https:\/\/www.distribucionarc.com\/sl\/#organization","name":"ARC-Verteilung","url":"https:\/\/www.distribucionarc.com\/sl\/","logo":{"@type":"ImageObject","inLanguage":"de","@id":"https:\/\/www.distribucionarc.com\/sl\/#\/schema\/logo\/image\/","url":"https:\/\/distribucionarc.com\/wp-content\/uploads\/2024\/10\/distribucion-ARC-COLOR-SIN-FONDO-e1732295305345.png","contentUrl":"https:\/\/distribucionarc.com\/wp-content\/uploads\/2024\/10\/distribucion-ARC-COLOR-SIN-FONDO-e1732295305345.png","width":1164,"height":558,"caption":"Distribuci\u00f3n ARC"},"image":{"@id":"https:\/\/www.distribucionarc.com\/sl\/#\/schema\/logo\/image\/"},"description":"Unternehmen, das auf die Herstellung und den Vertrieb von Industriemaschinen f\u00fcr den Lebensmittel- und Pharmasektor spezialisiert ist. Wir sind spezialisiert auf: Fleischschneidemaschinen Tablettenherstellung Industrielle F\u00f6rdersysteme Abf\u00fcllanlagen Dispenser Und vieles mehr... Wir bieten innovative und ma\u00dfgeschneiderte L\u00f6sungen zur Optimierung der Produktionsprozesse in Ihrem Unternehmen.","email":"Admistracion@distribucionarc.com","telephone":"+34 643496664","legalName":"ARC TECH SOLUTIONS","foundingDate":"2024-04-09","vatID":"B55480172","numberOfEmployees":{"@type":"QuantitativeValue","minValue":"1","maxValue":"10"}}]}},"_links":{"self":[{"href":"https:\/\/distribucionarc.com\/de\/wp-json\/wp\/v2\/product\/8212","targetHints":{"allow":["GET"]}}],"collection":[{"href":"https:\/\/distribucionarc.com\/de\/wp-json\/wp\/v2\/product"}],"about":[{"href":"https:\/\/distribucionarc.com\/de\/wp-json\/wp\/v2\/types\/product"}],"replies":[{"embeddable":true,"href":"https:\/\/distribucionarc.com\/de\/wp-json\/wp\/v2\/comments?post=8212"}],"version-history":[{"count":0,"href":"https:\/\/distribucionarc.com\/de\/wp-json\/wp\/v2\/product\/8212\/revisions"}],"wp:featuredmedia":[{"embeddable":true,"href":"https:\/\/distribucionarc.com\/de\/wp-json\/wp\/v2\/media\/8215"}],"wp:attachment":[{"href":"https:\/\/distribucionarc.com\/de\/wp-json\/wp\/v2\/media?parent=8212"}],"wp:term":[{"taxonomy":"product_brand","embeddable":true,"href":"https:\/\/distribucionarc.com\/de\/wp-json\/wp\/v2\/product_brand?post=8212"},{"taxonomy":"product_cat","embeddable":true,"href":"https:\/\/distribucionarc.com\/de\/wp-json\/wp\/v2\/product_cat?post=8212"},{"taxonomy":"product_tag","embeddable":true,"href":"https:\/\/distribucionarc.com\/de\/wp-json\/wp\/v2\/product_tag?post=8212"}],"curies":[{"name":"wp","href":"https:\/\/api.w.org\/{rel}","templated":true}]}}