{"id":858,"date":"2020-07-14T11:23:55","date_gmt":"2020-07-14T11:23:55","guid":{"rendered":"https:\/\/distribucionarc.com\/?post_type=product&#038;p=858"},"modified":"2022-10-04T13:23:19","modified_gmt":"2022-10-04T13:23:19","slug":"kommerzielle-taiyaki-waffelmaschine","status":"publish","type":"product","link":"https:\/\/distribucionarc.com\/de\/producto\/maquina-comercial-para-gofres-taiyaki\/","title":{"rendered":"Kommerzielle Taiyaki-Waffelmaschine"},"content":{"rendered":"<h2>Kommerzielle Taiyaki-Waffelmaschine<\/h2>\n<p>&nbsp;<\/p>\n<p><strong>Die Taiyaki-Waffelmaschine <span style=\"color: #ff0000;\">ZU<\/span><span style=\"color: #0000ff;\">R<\/span>C <\/strong>Es besteht aus Edelstahl, ist langlebig, robust und leicht zu reinigen. Es verf\u00fcgt \u00fcber eine Heizplatte aus Gusseisen mit Teflonbeschichtung, um dies zu verhindern <strong>Taiyaki<\/strong> haftet auf der Oberfl\u00e4che und ist f\u00fcr den Langzeitgebrauch konzipiert. Die Backform ist korrosionsbest\u00e4ndig und bietet eine hohe W\u00e4rmeleitf\u00e4higkeit. Es ist sehr leicht zu reinigen. Benutzer m\u00fcssen zum Reinigen der Oberfl\u00e4che lediglich ein trockenes oder feuchtes Tuch verwenden und m\u00fcssen sie nicht mit Wasser abwaschen.<\/p>\n<p>In <strong><span style=\"color: #ff0000;\">ZU<\/span><span style=\"color: #0000ff;\">R<\/span>C<\/strong> Der Komfort unserer Kunden liegt uns am Herzen, deshalb verf\u00fcgt unsere Gewerbemaschine \u00fcber einen Temperaturregler an der Vorderseite der Maschine. Die Temperatur kann zwischen 0 und 300\u2103 eingestellt werden. Mit der 0-5-Minuten-Timer-Taste k\u00f6nnen Sie freier arbeiten, ohne sich Gedanken \u00fcber die Backzeit machen zu m\u00fcssen. <strong>Die Taiyaki-Waffelmaschine <span style=\"color: #ff0000;\">ZU<\/span><span style=\"color: #0000ff;\">R<\/span>CMGT1<\/strong> Damit k\u00f6nnen Sie in 3\u20135 Minuten Chargen von 5 Waffeln zubereiten.<\/p>\n<p>Das <strong>Taiyaki-Waffeleisen<\/strong> Es verf\u00fcgt \u00fcber einen Abfallteller mit Griff, der es Ihnen erm\u00f6glicht, Waffelabf\u00e4lle f\u00fcr eine einfache Reinigung aufzubewahren. Zwei Holzgriffe an der rechten und linken Kochplatte sind hitzebest\u00e4ndig und verhindern, dass Sie sich beim Kochen die H\u00e4nde verbrennen. <span style=\"color: #008000;\">Dar\u00fcber hinaus die <strong>Waffelmaschine<\/strong> von<\/span> <strong><span style=\"color: #ff0000;\">ZU<\/span><span style=\"color: #0000ff;\">R<\/span>C<\/strong> <span style=\"color: #008000;\">Es stabilisiert nicht nur die Temperatur, sondern auch den Verbrauch, sobald die maximale Temperatur erreicht ist.\u00a0<\/span><\/p>\n<p>Sein originelles Design ist ideal f\u00fcr den privaten oder gewerblichen Gebrauch. Seine vielen Details und sein attraktiver Geruch werden viele Kunden anziehen<\/p>\n<h6><strong>Garantie\u00a0<span style=\"color: #ff0000;\">ZU<\/span><span style=\"color: #0000ff;\">R<\/span>C 2 JAHRE<\/strong><\/h6>\n<h6><strong><span style=\"color: #008000;\">Effiziente Taiyaki-Waffelmaschine, geringer Verbrauch 2800 W<\/span><\/strong><\/h6>\n<h6><strong>Technischer Support inklusive<\/strong><\/h6>\n<p>&nbsp;<\/p>\n<p>&nbsp;<\/p>\n<p>&nbsp;<\/p>\n<table role=\"presentation\" width=\"100%\" cellspacing=\"0\" cellpadding=\"0\">\n<tbody>\n<tr>\n<td class=\"attrLabels\">Temperatur:<\/td>\n<td width=\"50.0%\">50-300 \u00b0C<\/td>\n<\/tr>\n<tr>\n<td class=\"attrLabels\">Vertriebsland:<\/td>\n<td width=\"50.0%\">Spanien, Deutschland, USA<\/td>\n<td class=\"attrLabels\">Gewicht:<\/td>\n<td width=\"50.0%\">22,2 kg<\/td>\n<\/tr>\n<tr>\n<td class=\"attrLabels\">Marke:<\/td>\n<td width=\"50.0%\">BOGEN<\/td>\n<td class=\"attrLabels\">H\u00f6he:<\/td>\n<td width=\"50.0%\">37,3 cm<\/td>\n<\/tr>\n<tr>\n<td class=\"attrLabels\">Farbe:<\/td>\n<td width=\"50.0%\">Silber<\/td>\n<td class=\"attrLabels\">Lang:<\/td>\n<td width=\"50.0%\">36,6 cm<\/td>\n<\/tr>\n<tr>\n<td class=\"attrLabels\">Produkttyp:<\/td>\n<td width=\"50.0%\">Taiyaki-Waffeleisen<\/td>\n<td class=\"attrLabels\">Breit:<\/td>\n<td width=\"50.0%\">58,8 cm<\/td>\n<\/tr>\n<tr>\n<td class=\"attrLabels\">Herstellernummer:<\/td>\n<td width=\"50.0%\">ARCMGT1<\/td>\n<td class=\"attrLabels\">Leistung:<\/td>\n<td width=\"50.0%\">2800W<\/td>\n<\/tr>\n<tr>\n<td class=\"attrLabels\">Material:<\/td>\n<td width=\"50.0%\">Edelstahl, Teflonplatte, Temperaturregelung<\/td>\n<td class=\"attrLabels\">Eingangsspannung<\/td>\n<td width=\"50.0%\">220V \u2013 60Hz<\/td>\n<\/tr>\n<tr>\n<td class=\"attrLabels\">Taiyaki-Gr\u00f6\u00dfe:<\/td>\n<td width=\"50.0%\">12\u00d77cm<\/td>\n<td class=\"attrLabels\">Formmodelle:<\/td>\n<td width=\"50.0%\">5. Stk<\/td>\n<\/tr>\n<tr>\n<td class=\"attrLabels\">Installationswerkzeuge:<\/td>\n<td width=\"50.0%\">Ja<\/td>\n<td class=\"attrLabels\">Produktion:<\/td>\n<td width=\"50.0%\">5 St\u00fcck<\/td>\n<\/tr>\n<\/tbody>\n<\/table>\n<p>&nbsp;<\/p>","protected":false},"excerpt":{"rendered":"<h3>Kommerzielle Taiyaki-Waffelmaschine<\/h3>\n<p><strong>Der Taiyaki-Waffeleisen<\/strong> <span style=\"color: #ff0000;\">ZU<\/span><span style=\"color: #0000ff;\">R<\/span>C hat ein wundersch\u00f6nes Fischdesign, das Ihren Toppings ein innovatives und ansprechendes Design verleiht, das Sie auf dem Markt \u00fcberraschen wird. <strong>Die Kegelmaschine <span style=\"color: #ff0000;\">ZU<\/span><span style=\"color: #0000ff;\">R<\/span>CMCT1<\/strong> basiert auf der koreanischen Popul\u00e4rkultur, unter der diese Waffeln bekannt sind<strong> Taiyaki<\/strong>Die Menschen lieben es wegen seines attraktiven Aussehens und k\u00f6stlichen Geschmacks. Aus <strong><span style=\"color: #ff0000;\">ZU<\/span><span style=\"color: #0000ff;\">R<\/span>C<\/strong> Wir bieten Ihnen ein <strong>Waffelmaschine<\/strong> von Fischen, die sich leicht f\u00fcllen lassen. Sie k\u00f6nnen hinzuf\u00fcgen <strong>gefroren<\/strong>, <strong>Sirupe<\/strong>, <strong>Fruchtmarmelade<\/strong>, <strong>Schokolade<\/strong> oder was auch immer Ihrem Geschmack am besten entspricht, um eine sehr attraktive und gewagte Waffel aufgrund ihrer tollen optischen Wirkung zu genie\u00dfen. Eine Portion Fischwaffeln kann in etwa f\u00fcnf Minuten zubereitet werden. <strong>Ideal f\u00fcr den gewerblichen Einsatz.<\/strong><\/p>\n<h6><strong>Garantie\u00a0<span style=\"color: #ff0000;\">ZU<\/span><span style=\"color: #0000ff;\">R<\/span>C 2 JAHRE<\/strong><\/h6>\n<h6><span style=\"color: #008000;\"><strong>Effiziente Taiyaki-Waffelmaschine, geringer Verbrauch 2800 W<\/strong><\/span><\/h6>\n<h6><strong>Technischer Support inklusive<\/strong><\/h6>","protected":false},"featured_media":869,"comment_status":"open","ping_status":"closed","template":"","meta":{"wds_primary_product_brand":0,"wds_primary_product_cat":0},"product_brand":[],"product_cat":[51],"product_tag":[],"class_list":{"0":"post-858","1":"product","2":"type-product","3":"status-publish","4":"has-post-thumbnail","6":"product_cat-gofreras-profesionales","7":"product_shipping_class-hosteleria","9":"first","10":"instock","11":"sale","12":"taxable","13":"shipping-taxable","14":"purchasable","15":"product-type-simple"},"yoast_head":"<!-- This site is optimized with the Yoast SEO Premium plugin v24.9 (Yoast SEO v26.1) - https:\/\/yoast.com\/wordpress\/plugins\/seo\/ -->\n<title>M\u00e1quina comercial para gofres Taiyaki - distribuci\u00f3n ARC<\/title>\n<meta name=\"robots\" content=\"index, follow, max-snippet:-1, max-image-preview:large, max-video-preview:-1\" \/>\n<link rel=\"canonical\" href=\"https:\/\/www.distribucionarc.com\/tr\/producto\/maquina-comercial-para-gofres-taiyaki\/\" \/>\n<meta property=\"og:locale\" content=\"de_DE\" \/>\n<meta property=\"og:type\" content=\"article\" \/>\n<meta property=\"og:title\" content=\"M\u00e1quina comercial para gofres Taiyaki\" \/>\n<meta property=\"og:description\" content=\"M\u00e1quina comercial para gofres Taiyaki La m\u00e1quina para gofres Taiyaki ARC tiene un precioso dise\u00f1o de pez que le dar\u00e1 a tus toppings un dise\u00f1o innovador y bastante visual con lo que sorprender en el mercado. La m\u00e1quina para conos ARCMCT1 est\u00e1 basada en la cultura popular de Corea donde estos gofres son conocidos como Taiyaki, a la gente le encanta por su aspecto atractivo y delicioso sabor. Desde ARC les ofrecemos una m\u00e1quina de gofres de pescado sencillos de rellenar. Puedes a\u00f1adir helado, siropes, mermelada de frutas, chocolate o lo que m\u00e1s se adapte a tus gustos para disfrutar de un gofre muy atractivo y atrevido por su gran efecto visual. Un lote de gofres de pescado se puede hacer alrededor de cinco minutos. Ideal para uso comercial. Garant\u00eda\u00a0ARC 2 A\u00d1OS Maquina gofres Taiyaki eficiente, bajo consumo 2800w soporte t\u00e9cnico\u00a0incluido\" \/>\n<meta property=\"og:url\" content=\"https:\/\/www.distribucionarc.com\/tr\/producto\/maquina-comercial-para-gofres-taiyaki\/\" \/>\n<meta property=\"og:site_name\" content=\"distribuci\u00f3n ARC\" \/>\n<meta property=\"article:modified_time\" content=\"2022-10-04T13:23:19+00:00\" \/>\n<meta property=\"og:image\" content=\"https:\/\/distribucionarc.com\/wp-content\/uploads\/2020\/07\/M\u00e1quina-comercial-para-gofres-Taiyaki-0.jpg\" \/>\n\t<meta property=\"og:image:width\" content=\"1600\" \/>\n\t<meta property=\"og:image:height\" content=\"1600\" \/>\n\t<meta property=\"og:image:type\" content=\"image\/jpeg\" \/>\n<meta name=\"twitter:card\" content=\"summary_large_image\" \/>\n<meta name=\"twitter:label1\" content=\"Gesch\u00e4tzte Lesezeit\" \/>\n\t<meta name=\"twitter:data1\" content=\"2\u00a0Minuten\" \/>\n<script type=\"application\/ld+json\" class=\"yoast-schema-graph\">{\"@context\":\"https:\/\/schema.org\",\"@graph\":[{\"@type\":\"WebPage\",\"@id\":\"https:\/\/www.distribucionarc.com\/tr\/producto\/maquina-comercial-para-gofres-taiyaki\/\",\"url\":\"https:\/\/www.distribucionarc.com\/tr\/producto\/maquina-comercial-para-gofres-taiyaki\/\",\"name\":\"M\u00e1quina comercial para gofres Taiyaki - distribuci\u00f3n ARC\",\"isPartOf\":{\"@id\":\"https:\/\/www.distribucionarc.com\/sl\/#website\"},\"primaryImageOfPage\":{\"@id\":\"https:\/\/www.distribucionarc.com\/tr\/producto\/maquina-comercial-para-gofres-taiyaki\/#primaryimage\"},\"image\":{\"@id\":\"https:\/\/www.distribucionarc.com\/tr\/producto\/maquina-comercial-para-gofres-taiyaki\/#primaryimage\"},\"thumbnailUrl\":\"https:\/\/distribucionarc.com\/wp-content\/uploads\/2020\/07\/M\u00e1quina-comercial-para-gofres-Taiyaki-0.jpg\",\"datePublished\":\"2020-07-14T11:23:55+00:00\",\"dateModified\":\"2022-10-04T13:23:19+00:00\",\"breadcrumb\":{\"@id\":\"https:\/\/www.distribucionarc.com\/tr\/producto\/maquina-comercial-para-gofres-taiyaki\/#breadcrumb\"},\"inLanguage\":\"de\",\"potentialAction\":[{\"@type\":\"ReadAction\",\"target\":[\"https:\/\/www.distribucionarc.com\/tr\/producto\/maquina-comercial-para-gofres-taiyaki\/\"]}]},{\"@type\":\"ImageObject\",\"inLanguage\":\"de\",\"@id\":\"https:\/\/www.distribucionarc.com\/tr\/producto\/maquina-comercial-para-gofres-taiyaki\/#primaryimage\",\"url\":\"https:\/\/distribucionarc.com\/wp-content\/uploads\/2020\/07\/M\u00e1quina-comercial-para-gofres-Taiyaki-0.jpg\",\"contentUrl\":\"https:\/\/distribucionarc.com\/wp-content\/uploads\/2020\/07\/M\u00e1quina-comercial-para-gofres-Taiyaki-0.jpg\",\"width\":1600,\"height\":1600,\"caption\":\"M\u00e1quina comercial para gofres Taiyaki\"},{\"@type\":\"BreadcrumbList\",\"@id\":\"https:\/\/www.distribucionarc.com\/tr\/producto\/maquina-comercial-para-gofres-taiyaki\/#breadcrumb\",\"itemListElement\":[{\"@type\":\"ListItem\",\"position\":1,\"name\":\"Portada\",\"item\":\"https:\/\/www.distribucionarc.com\/\"},{\"@type\":\"ListItem\",\"position\":2,\"name\":\"\u00dcr\u00fcnler\",\"item\":\"https:\/\/www.distribucionarc.com\/tr\/magaza\/\"},{\"@type\":\"ListItem\",\"position\":3,\"name\":\"M\u00e1quina comercial para gofres Taiyaki\"}]},{\"@type\":\"WebSite\",\"@id\":\"https:\/\/www.distribucionarc.com\/sl\/#website\",\"url\":\"https:\/\/www.distribucionarc.com\/sl\/\",\"name\":\"distribuci\u00f3n ARC\",\"description\":\"Empresa especializada en la fabricaci\u00f3n y distribuci\u00f3n de maquinaria industrial, selladoras de latas, Maquinas de hacer pastillas, Maquinas de cortar carne...\",\"publisher\":{\"@id\":\"https:\/\/www.distribucionarc.com\/sl\/#organization\"},\"potentialAction\":[{\"@type\":\"SearchAction\",\"target\":{\"@type\":\"EntryPoint\",\"urlTemplate\":\"https:\/\/www.distribucionarc.com\/sl\/?s={search_term_string}\"},\"query-input\":{\"@type\":\"PropertyValueSpecification\",\"valueRequired\":true,\"valueName\":\"search_term_string\"}}],\"inLanguage\":\"de\"},{\"@type\":\"Organization\",\"@id\":\"https:\/\/www.distribucionarc.com\/sl\/#organization\",\"name\":\"Distribuci\u00f3n ARC\",\"url\":\"https:\/\/www.distribucionarc.com\/sl\/\",\"logo\":{\"@type\":\"ImageObject\",\"inLanguage\":\"de\",\"@id\":\"https:\/\/www.distribucionarc.com\/sl\/#\/schema\/logo\/image\/\",\"url\":\"https:\/\/distribucionarc.com\/wp-content\/uploads\/2024\/10\/distribucion-ARC-COLOR-SIN-FONDO-e1732295305345.png\",\"contentUrl\":\"https:\/\/distribucionarc.com\/wp-content\/uploads\/2024\/10\/distribucion-ARC-COLOR-SIN-FONDO-e1732295305345.png\",\"width\":1164,\"height\":558,\"caption\":\"Distribuci\u00f3n ARC\"},\"image\":{\"@id\":\"https:\/\/www.distribucionarc.com\/sl\/#\/schema\/logo\/image\/\"},\"description\":\"Empresa especializada en la fabricaci\u00f3n y distribuci\u00f3n de maquinaria industrial para los sectores alimentario y farmac\u00e9utico. Nos especializamos en: M\u00e1quinas de cortar carne Fabricaci\u00f3n de comprimidos Sistemas de transporte industrial L\u00edneas de embotellado Dosificadores Y mucho m\u00e1s... Ofrecemos soluciones innovadoras y personalizadas para optimizar los procesos productivos de tu empresa.\",\"email\":\"Admistracion@distribucionarc.com\",\"telephone\":\"+34 643496664\",\"legalName\":\"ARC TECH SOLUTIONS\",\"foundingDate\":\"2024-04-09\",\"vatID\":\"B55480172\",\"numberOfEmployees\":{\"@type\":\"QuantitativeValue\",\"minValue\":\"1\",\"maxValue\":\"10\"}}]}<\/script>\n<!-- \/ Yoast SEO Premium plugin. -->","yoast_head_json":{"title":"Kommerzielle Taiyaki-Waffelmaschine \u2013 ARC Distribution","robots":{"index":"index","follow":"follow","max-snippet":"max-snippet:-1","max-image-preview":"max-image-preview:large","max-video-preview":"max-video-preview:-1"},"canonical":"https:\/\/www.distribucionarc.com\/tr\/producto\/maquina-comercial-para-gofres-taiyaki\/","og_locale":"de_DE","og_type":"article","og_title":"M\u00e1quina comercial para gofres Taiyaki","og_description":"M\u00e1quina comercial para gofres Taiyaki La m\u00e1quina para gofres Taiyaki ARC tiene un precioso dise\u00f1o de pez que le dar\u00e1 a tus toppings un dise\u00f1o innovador y bastante visual con lo que sorprender en el mercado. La m\u00e1quina para conos ARCMCT1 est\u00e1 basada en la cultura popular de Corea donde estos gofres son conocidos como Taiyaki, a la gente le encanta por su aspecto atractivo y delicioso sabor. Desde ARC les ofrecemos una m\u00e1quina de gofres de pescado sencillos de rellenar. Puedes a\u00f1adir helado, siropes, mermelada de frutas, chocolate o lo que m\u00e1s se adapte a tus gustos para disfrutar de un gofre muy atractivo y atrevido por su gran efecto visual. Un lote de gofres de pescado se puede hacer alrededor de cinco minutos. Ideal para uso comercial. Garant\u00eda\u00a0ARC 2 A\u00d1OS Maquina gofres Taiyaki eficiente, bajo consumo 2800w soporte t\u00e9cnico\u00a0incluido","og_url":"https:\/\/www.distribucionarc.com\/tr\/producto\/maquina-comercial-para-gofres-taiyaki\/","og_site_name":"distribuci\u00f3n ARC","article_modified_time":"2022-10-04T13:23:19+00:00","og_image":[{"width":1600,"height":1600,"url":"https:\/\/distribucionarc.com\/wp-content\/uploads\/2020\/07\/M\u00e1quina-comercial-para-gofres-Taiyaki-0.jpg","type":"image\/jpeg"}],"twitter_card":"summary_large_image","twitter_misc":{"Gesch\u00e4tzte Lesezeit":"2\u00a0Minuten"},"schema":{"@context":"https:\/\/schema.org","@graph":[{"@type":"WebPage","@id":"https:\/\/www.distribucionarc.com\/tr\/producto\/maquina-comercial-para-gofres-taiyaki\/","url":"https:\/\/www.distribucionarc.com\/tr\/producto\/maquina-comercial-para-gofres-taiyaki\/","name":"Kommerzielle Taiyaki-Waffelmaschine \u2013 ARC Distribution","isPartOf":{"@id":"https:\/\/www.distribucionarc.com\/sl\/#website"},"primaryImageOfPage":{"@id":"https:\/\/www.distribucionarc.com\/tr\/producto\/maquina-comercial-para-gofres-taiyaki\/#primaryimage"},"image":{"@id":"https:\/\/www.distribucionarc.com\/tr\/producto\/maquina-comercial-para-gofres-taiyaki\/#primaryimage"},"thumbnailUrl":"https:\/\/distribucionarc.com\/wp-content\/uploads\/2020\/07\/M\u00e1quina-comercial-para-gofres-Taiyaki-0.jpg","datePublished":"2020-07-14T11:23:55+00:00","dateModified":"2022-10-04T13:23:19+00:00","breadcrumb":{"@id":"https:\/\/www.distribucionarc.com\/tr\/producto\/maquina-comercial-para-gofres-taiyaki\/#breadcrumb"},"inLanguage":"de","potentialAction":[{"@type":"ReadAction","target":["https:\/\/www.distribucionarc.com\/tr\/producto\/maquina-comercial-para-gofres-taiyaki\/"]}]},{"@type":"ImageObject","inLanguage":"de","@id":"https:\/\/www.distribucionarc.com\/tr\/producto\/maquina-comercial-para-gofres-taiyaki\/#primaryimage","url":"https:\/\/distribucionarc.com\/wp-content\/uploads\/2020\/07\/M\u00e1quina-comercial-para-gofres-Taiyaki-0.jpg","contentUrl":"https:\/\/distribucionarc.com\/wp-content\/uploads\/2020\/07\/M\u00e1quina-comercial-para-gofres-Taiyaki-0.jpg","width":1600,"height":1600,"caption":"M\u00e1quina comercial para gofres Taiyaki"},{"@type":"BreadcrumbList","@id":"https:\/\/www.distribucionarc.com\/tr\/producto\/maquina-comercial-para-gofres-taiyaki\/#breadcrumb","itemListElement":[{"@type":"ListItem","position":1,"name":"Portada","item":"https:\/\/www.distribucionarc.com\/"},{"@type":"ListItem","position":2,"name":"\u00dcr\u00fcnler","item":"https:\/\/www.distribucionarc.com\/tr\/magaza\/"},{"@type":"ListItem","position":3,"name":"M\u00e1quina comercial para gofres Taiyaki"}]},{"@type":"WebSite","@id":"https:\/\/www.distribucionarc.com\/sl\/#website","url":"https:\/\/www.distribucionarc.com\/sl\/","name":"ARC-Verteilung","description":"Das Unternehmen ist auf die Herstellung und den Vertrieb von Industriemaschinen, Dosenverschlie\u00dfmaschinen, Tablettenmaschinen, Fleischschneidemaschinen...","publisher":{"@id":"https:\/\/www.distribucionarc.com\/sl\/#organization"},"potentialAction":[{"@type":"SearchAction","target":{"@type":"EntryPoint","urlTemplate":"https:\/\/www.distribucionarc.com\/sl\/?s={search_term_string}"},"query-input":{"@type":"PropertyValueSpecification","valueRequired":true,"valueName":"search_term_string"}}],"inLanguage":"de"},{"@type":"Organization","@id":"https:\/\/www.distribucionarc.com\/sl\/#organization","name":"ARC-Verteilung","url":"https:\/\/www.distribucionarc.com\/sl\/","logo":{"@type":"ImageObject","inLanguage":"de","@id":"https:\/\/www.distribucionarc.com\/sl\/#\/schema\/logo\/image\/","url":"https:\/\/distribucionarc.com\/wp-content\/uploads\/2024\/10\/distribucion-ARC-COLOR-SIN-FONDO-e1732295305345.png","contentUrl":"https:\/\/distribucionarc.com\/wp-content\/uploads\/2024\/10\/distribucion-ARC-COLOR-SIN-FONDO-e1732295305345.png","width":1164,"height":558,"caption":"Distribuci\u00f3n ARC"},"image":{"@id":"https:\/\/www.distribucionarc.com\/sl\/#\/schema\/logo\/image\/"},"description":"Unternehmen, das auf die Herstellung und den Vertrieb von Industriemaschinen f\u00fcr den Lebensmittel- und Pharmasektor spezialisiert ist. Wir sind spezialisiert auf: Fleischschneidemaschinen Tablettenherstellung Industrielle F\u00f6rdersysteme Abf\u00fcllanlagen Dispenser Und vieles mehr... Wir bieten innovative und ma\u00dfgeschneiderte L\u00f6sungen zur Optimierung der Produktionsprozesse in Ihrem Unternehmen.","email":"Admistracion@distribucionarc.com","telephone":"+34 643496664","legalName":"ARC TECH SOLUTIONS","foundingDate":"2024-04-09","vatID":"B55480172","numberOfEmployees":{"@type":"QuantitativeValue","minValue":"1","maxValue":"10"}}]}},"_links":{"self":[{"href":"https:\/\/distribucionarc.com\/de\/wp-json\/wp\/v2\/product\/858","targetHints":{"allow":["GET"]}}],"collection":[{"href":"https:\/\/distribucionarc.com\/de\/wp-json\/wp\/v2\/product"}],"about":[{"href":"https:\/\/distribucionarc.com\/de\/wp-json\/wp\/v2\/types\/product"}],"replies":[{"embeddable":true,"href":"https:\/\/distribucionarc.com\/de\/wp-json\/wp\/v2\/comments?post=858"}],"version-history":[{"count":0,"href":"https:\/\/distribucionarc.com\/de\/wp-json\/wp\/v2\/product\/858\/revisions"}],"wp:featuredmedia":[{"embeddable":true,"href":"https:\/\/distribucionarc.com\/de\/wp-json\/wp\/v2\/media\/869"}],"wp:attachment":[{"href":"https:\/\/distribucionarc.com\/de\/wp-json\/wp\/v2\/media?parent=858"}],"wp:term":[{"taxonomy":"product_brand","embeddable":true,"href":"https:\/\/distribucionarc.com\/de\/wp-json\/wp\/v2\/product_brand?post=858"},{"taxonomy":"product_cat","embeddable":true,"href":"https:\/\/distribucionarc.com\/de\/wp-json\/wp\/v2\/product_cat?post=858"},{"taxonomy":"product_tag","embeddable":true,"href":"https:\/\/distribucionarc.com\/de\/wp-json\/wp\/v2\/product_tag?post=858"}],"curies":[{"name":"wp","href":"https:\/\/api.w.org\/{rel}","templated":true}]}}