{"id":901,"date":"2020-07-14T16:13:43","date_gmt":"2020-07-14T16:13:43","guid":{"rendered":"https:\/\/distribucionarc.com\/?post_type=product&#038;p=901"},"modified":"2020-09-26T15:46:27","modified_gmt":"2020-09-26T15:46:27","slug":"maschine-fur-mini-waffeln-herz","status":"publish","type":"product","link":"https:\/\/distribucionarc.com\/de\/producto\/maquina-para-mini-gofres-corazon\/","title":{"rendered":"Mini-Herz-Pfannkuchenmaschine"},"content":{"rendered":"<h3>Mini-Herz-Pfannkuchenmaschine<\/h3>\n<p>&nbsp;<\/p>\n<p>Der <strong>Waffelmaschine<\/strong> <strong><span style=\"color: #ff0000;\">ZU<\/span><span style=\"color: #0000ff;\">R<\/span>CMGC2<\/strong> Es ist mit Gusseisenplatten und einer abnehmbaren, abgerundeten Tropfschale aus Edelstahl ausgestattet. Die Backformen sind antihaftbeschichtet und haben eine hohe W\u00e4rmeleitf\u00e4higkeit <span style=\"color: #008000;\"><strong>Sie beg\u00fcnstigen den geringen Stromverbrauch des Waffeleisens<\/strong><\/span>.<\/p>\n<p>Der Heizteil ist getrennt, sodass hohe Temperaturen nicht bis zum Boden der Maschine gelangen k\u00f6nnen. Die elektronischen Komponenten im Inneren des Geh\u00e4uses sind gesch\u00fctzt und erm\u00f6glichen eine l\u00e4ngere Lebensdauer. Es ist sehr leicht zu reinigen. Benutzer m\u00fcssen zum Reinigen der Oberfl\u00e4che lediglich ein trockenes oder feuchtes Tuch verwenden und m\u00fcssen sie nicht mit Wasser abwaschen<\/p>\n<p>Dieses Produkt eignet sich sehr gut zum Backen von Speisen <strong>Gesch\u00e4fte<\/strong>, <strong>Restaurants<\/strong>, <strong>\u00d6fen<\/strong>, <strong>Eisdielen,<\/strong> usw Dank seines effektiven Systems k\u00f6nnen Sie Ihren Kunden auf bequemste und einfachste Weise warme Speisen anbieten.<\/p>\n<p>Die hochleitf\u00e4hige Gusseisenplatte verteilt die W\u00e4rme gleichm\u00e4\u00dfig und sorgt f\u00fcr eine gleichm\u00e4\u00dfige Verteilung des Waffeleisens <strong><span style=\"color: #ff0000;\">ZU<\/span><span style=\"color: #0000ff;\">R<\/span>C<\/strong> kann bis zu 50 kleine backen <strong>Waffeln<\/strong> Mit der Herzform dauert es jeweils nur 3-5 Minuten, das Lichtger\u00e4t erinnert Sie daran, wann <strong>Waffeln<\/strong> und zu welcher Zeit <strong>Waffeleisen<\/strong> Es hat seinen hei\u00dfen Punkt erreicht.<\/p>\n<p>&nbsp;<\/p>\n<h6><strong>Garantie<span style=\"color: #ff0000;\">\u00a0ZU<\/span><span style=\"color: #0000ff;\">R<\/span>C 2 JAHRE<\/strong><\/h6>\n<h6><span style=\"color: #008000;\">Effiziente Herz-Mini-Waffelmaschine, geringer Verbrauch 1600 W<\/span><\/h6>\n<h6><strong>Technischer Support inklusive<\/strong><\/h6>\n<p>&nbsp;<\/p>\n<table role=\"presentation\" width=\"100%\" cellspacing=\"0\" cellpadding=\"0\">\n<tbody>\n<tr>\n<td class=\"attrLabels\">Temperatur:<\/td>\n<td width=\"50.0%\">0-300 \u00b0C<\/td>\n<\/tr>\n<tr>\n<td class=\"attrLabels\">Vertriebsland:<\/td>\n<td width=\"50.0%\">Spanien, Deutschland, USA<\/td>\n<td class=\"attrLabels\">Gewicht:<\/td>\n<td width=\"50.0%\">10,5 kg<\/td>\n<\/tr>\n<tr>\n<td class=\"attrLabels\">Marke:<\/td>\n<td width=\"50.0%\">BOGEN<\/td>\n<td class=\"attrLabels\">H\u00f6he:<\/td>\n<td width=\"50.0%\">11,6 cm<\/td>\n<\/tr>\n<tr>\n<td class=\"attrLabels\">Farbe:<\/td>\n<td width=\"50.0%\">Silber<\/td>\n<td class=\"attrLabels\">Lang:<\/td>\n<td width=\"50.0%\">\u00a027,6 cm<\/td>\n<\/tr>\n<tr>\n<td class=\"attrLabels\">Produkttyp:<\/td>\n<td width=\"50.0%\">Herzwaffeleisen<\/td>\n<td class=\"attrLabels\">Breit:<\/td>\n<td width=\"50.0%\">16,5 cm<\/td>\n<\/tr>\n<tr>\n<td class=\"attrLabels\">Herstellernummer:<\/td>\n<td width=\"50.0%\">ARCMGC2<\/td>\n<td class=\"attrLabels\">Leistung:<\/td>\n<td width=\"50.0%\">2800W<\/td>\n<\/tr>\n<tr>\n<td class=\"attrLabels\">Material:<\/td>\n<td width=\"50.0%\">Edelstahl, Teflonplatte, Temperaturregelung<\/td>\n<td class=\"attrLabels\">Eingangsspannung<\/td>\n<td width=\"50.0%\">220V \u2013 60Hz<\/td>\n<\/tr>\n<tr>\n<td class=\"attrLabels\">Herzgr\u00f6\u00dfe:<\/td>\n<td width=\"50.0%\">4cm<\/td>\n<td class=\"attrLabels\">Garantie:<\/td>\n<td width=\"50.0%\">2 JAHRE<\/td>\n<\/tr>\n<tr>\n<td class=\"attrLabels\">Installationswerkzeuge:<\/td>\n<td width=\"50.0%\">Ja<\/td>\n<td class=\"attrLabels\">Produktion:<\/td>\n<td width=\"50.0%\">50 St\u00fcck<\/td>\n<\/tr>\n<\/tbody>\n<\/table>\n<p>&nbsp;<\/p>\n<h3><\/h3>","protected":false},"excerpt":{"rendered":"<h2>Mini-Herz-Pfannkuchenmaschine<\/h2>\n<p>Er <strong>Waffel<\/strong> Es ist das Lieblingsessen der meisten Menschen und mit <strong>Waffelmaschine<\/strong> von<strong><span style=\"color: #ff0000;\"> ZU<\/span><span style=\"color: #0000ff;\">R<\/span>C<\/strong> Durch das Herzdesign k\u00f6nnen Sie sie noch attraktiver gestalten und Ihre Kunden in den k\u00f6stlichen Geschmack verlieben.<\/p>\n<p><strong><span style=\"color: #ff0000;\">ZU<\/span><span style=\"color: #0000ff;\">R<\/span>CMGC2<\/strong> Es ist zum Backen gedacht <strong>Waffeln<\/strong> flauschiger und ger\u00f6stet in Form eines Miniherzens. Bestehend aus zwei Platten, kann es zur Herstellung verwendet werden <strong>50 St\u00fcck Waffeln<\/strong> Dieser Vorgang dauert jeweils nur 5\u20138 Minuten. Auf diese Weise k\u00f6nnen Sie eine Produktion von 100 St\u00fcck erzielen <strong>Mini<\/strong> <strong>Waffeln<\/strong> in 10 Min. Dar\u00fcber hinaus verf\u00fcgt es \u00fcber einen neuartigen Stil, eine einfache Bedienung und eine automatische Temperaturregelung. <strong><span style=\"color: #008000;\">geringer Stromverbrauch<\/span><\/strong>, schnelle Heizgeschwindigkeit.<\/p>\n<h6><\/h6>\n<h6><strong>Garantie<span style=\"color: #ff0000;\">\u00a0ZU<\/span><span style=\"color: #0000ff;\">R<\/span>C 2 JAHRE<\/strong><\/h6>\n<h6><span style=\"color: #008000;\">Effiziente Herz-Mini-Waffelmaschine, geringer Verbrauch 1600 W<\/span><\/h6>\n<h6><strong>Technischer Support inklusive<\/strong><\/h6>","protected":false},"featured_media":902,"comment_status":"open","ping_status":"closed","template":"","meta":{"wds_primary_product_brand":0,"wds_primary_product_cat":0},"product_brand":[],"product_cat":[51],"product_tag":[],"class_list":{"0":"post-901","1":"product","2":"type-product","3":"status-publish","4":"has-post-thumbnail","6":"product_cat-gofreras-profesionales","7":"product_shipping_class-hosteleria","9":"first","10":"instock","11":"sale","12":"taxable","13":"shipping-taxable","14":"purchasable","15":"product-type-simple"},"yoast_head":"<!-- This site is optimized with the Yoast SEO Premium plugin v24.9 (Yoast SEO v26.1) - https:\/\/yoast.com\/wordpress\/plugins\/seo\/ -->\n<title>M\u00e1quina para mini pancakes coraz\u00f3n - distribuci\u00f3n ARC<\/title>\n<meta name=\"robots\" content=\"index, follow, max-snippet:-1, max-image-preview:large, max-video-preview:-1\" \/>\n<link rel=\"canonical\" href=\"https:\/\/www.distribucionarc.com\/bg\/producto\/maquina-para-mini-gofres-corazon\/\" \/>\n<meta property=\"og:locale\" content=\"de_DE\" \/>\n<meta property=\"og:type\" content=\"article\" \/>\n<meta property=\"og:title\" content=\"M\u00e1quina para mini pancakes coraz\u00f3n\" \/>\n<meta property=\"og:description\" content=\"M\u00e1quina para mini pancakes coraz\u00f3n El gofre es la comida favorita de la mayor\u00eda de la gente y con la m\u00e1quina de gofres de ARC puedes conseguir que sean a\u00fan m\u00e1s atractivos por su dise\u00f1o de coraz\u00f3n enamorando a tus clientes con su delicioso sabor.  ARCMGC2 est\u00e1 dise\u00f1ada para hornear los gofres m\u00e1s esponjosos y tostados en forma de mini coraz\u00f3n. Compuesto de dos placas, se puede utilizar para hacer 50pcs gofres a la vez y este proceso s\u00f3lo toma 5-8 minutos de esta forma puedes obtener una producci\u00f3n de 100 mini gofres en 10 min. Adem\u00e1s, cuenta con estilo novedoso, f\u00e1cil de utilizar, control autom\u00e1tico de la temperatura, bajo consumo de energ\u00eda, velocidad de calentamiento r\u00e1pida.  Garant\u00eda\u00a0ARC 2 A\u00d1OS Maquina para mini gofres coraz\u00f3n eficiente, bajo consumo 1600w soporte t\u00e9cnico\u00a0incluido\" \/>\n<meta property=\"og:url\" content=\"https:\/\/www.distribucionarc.com\/bg\/producto\/maquina-para-mini-gofres-corazon\/\" \/>\n<meta property=\"og:site_name\" content=\"distribuci\u00f3n ARC\" \/>\n<meta property=\"article:modified_time\" content=\"2020-09-26T15:46:27+00:00\" \/>\n<meta property=\"og:image\" content=\"https:\/\/distribucionarc.com\/wp-content\/uploads\/2020\/07\/M\u00e1quina-para-mini-gofres-coraz\u00f3n-5.jpg\" \/>\n\t<meta property=\"og:image:width\" content=\"1001\" \/>\n\t<meta property=\"og:image:height\" content=\"1001\" \/>\n\t<meta property=\"og:image:type\" content=\"image\/jpeg\" \/>\n<meta name=\"twitter:card\" content=\"summary_large_image\" \/>\n<meta name=\"twitter:label1\" content=\"Gesch\u00e4tzte Lesezeit\" \/>\n\t<meta name=\"twitter:data1\" content=\"2\u00a0Minuten\" \/>\n<script type=\"application\/ld+json\" class=\"yoast-schema-graph\">{\"@context\":\"https:\/\/schema.org\",\"@graph\":[{\"@type\":\"WebPage\",\"@id\":\"https:\/\/www.distribucionarc.com\/bg\/producto\/maquina-para-mini-gofres-corazon\/\",\"url\":\"https:\/\/www.distribucionarc.com\/bg\/producto\/maquina-para-mini-gofres-corazon\/\",\"name\":\"M\u00e1quina para mini pancakes coraz\u00f3n - distribuci\u00f3n ARC\",\"isPartOf\":{\"@id\":\"https:\/\/www.distribucionarc.com\/sl\/#website\"},\"primaryImageOfPage\":{\"@id\":\"https:\/\/www.distribucionarc.com\/bg\/producto\/maquina-para-mini-gofres-corazon\/#primaryimage\"},\"image\":{\"@id\":\"https:\/\/www.distribucionarc.com\/bg\/producto\/maquina-para-mini-gofres-corazon\/#primaryimage\"},\"thumbnailUrl\":\"https:\/\/distribucionarc.com\/wp-content\/uploads\/2020\/07\/M\u00e1quina-para-mini-gofres-coraz\u00f3n-5.jpg\",\"datePublished\":\"2020-07-14T16:13:43+00:00\",\"dateModified\":\"2020-09-26T15:46:27+00:00\",\"breadcrumb\":{\"@id\":\"https:\/\/www.distribucionarc.com\/bg\/producto\/maquina-para-mini-gofres-corazon\/#breadcrumb\"},\"inLanguage\":\"de\",\"potentialAction\":[{\"@type\":\"ReadAction\",\"target\":[\"https:\/\/www.distribucionarc.com\/bg\/producto\/maquina-para-mini-gofres-corazon\/\"]}]},{\"@type\":\"ImageObject\",\"inLanguage\":\"de\",\"@id\":\"https:\/\/www.distribucionarc.com\/bg\/producto\/maquina-para-mini-gofres-corazon\/#primaryimage\",\"url\":\"https:\/\/distribucionarc.com\/wp-content\/uploads\/2020\/07\/M\u00e1quina-para-mini-gofres-coraz\u00f3n-5.jpg\",\"contentUrl\":\"https:\/\/distribucionarc.com\/wp-content\/uploads\/2020\/07\/M\u00e1quina-para-mini-gofres-coraz\u00f3n-5.jpg\",\"width\":1001,\"height\":1001,\"caption\":\"maquina para mini gofres coraz\u00f3n\"},{\"@type\":\"BreadcrumbList\",\"@id\":\"https:\/\/www.distribucionarc.com\/bg\/producto\/maquina-para-mini-gofres-corazon\/#breadcrumb\",\"itemListElement\":[{\"@type\":\"ListItem\",\"position\":1,\"name\":\"Portada\",\"item\":\"https:\/\/www.distribucionarc.com\/\"},{\"@type\":\"ListItem\",\"position\":2,\"name\":\"\u00dcr\u00fcnler\",\"item\":\"https:\/\/www.distribucionarc.com\/tr\/magaza\/\"},{\"@type\":\"ListItem\",\"position\":3,\"name\":\"M\u00e1quina para mini pancakes coraz\u00f3n\"}]},{\"@type\":\"WebSite\",\"@id\":\"https:\/\/www.distribucionarc.com\/sl\/#website\",\"url\":\"https:\/\/www.distribucionarc.com\/sl\/\",\"name\":\"distribuci\u00f3n ARC\",\"description\":\"Empresa especializada en la fabricaci\u00f3n y distribuci\u00f3n de maquinaria industrial, selladoras de latas, Maquinas de hacer pastillas, Maquinas de cortar carne...\",\"publisher\":{\"@id\":\"https:\/\/www.distribucionarc.com\/sl\/#organization\"},\"potentialAction\":[{\"@type\":\"SearchAction\",\"target\":{\"@type\":\"EntryPoint\",\"urlTemplate\":\"https:\/\/www.distribucionarc.com\/sl\/?s={search_term_string}\"},\"query-input\":{\"@type\":\"PropertyValueSpecification\",\"valueRequired\":true,\"valueName\":\"search_term_string\"}}],\"inLanguage\":\"de\"},{\"@type\":\"Organization\",\"@id\":\"https:\/\/www.distribucionarc.com\/sl\/#organization\",\"name\":\"Distribuci\u00f3n ARC\",\"url\":\"https:\/\/www.distribucionarc.com\/sl\/\",\"logo\":{\"@type\":\"ImageObject\",\"inLanguage\":\"de\",\"@id\":\"https:\/\/www.distribucionarc.com\/sl\/#\/schema\/logo\/image\/\",\"url\":\"https:\/\/distribucionarc.com\/wp-content\/uploads\/2024\/10\/distribucion-ARC-COLOR-SIN-FONDO-e1732295305345.png\",\"contentUrl\":\"https:\/\/distribucionarc.com\/wp-content\/uploads\/2024\/10\/distribucion-ARC-COLOR-SIN-FONDO-e1732295305345.png\",\"width\":1164,\"height\":558,\"caption\":\"Distribuci\u00f3n ARC\"},\"image\":{\"@id\":\"https:\/\/www.distribucionarc.com\/sl\/#\/schema\/logo\/image\/\"},\"description\":\"Empresa especializada en la fabricaci\u00f3n y distribuci\u00f3n de maquinaria industrial para los sectores alimentario y farmac\u00e9utico. Nos especializamos en: M\u00e1quinas de cortar carne Fabricaci\u00f3n de comprimidos Sistemas de transporte industrial L\u00edneas de embotellado Dosificadores Y mucho m\u00e1s... Ofrecemos soluciones innovadoras y personalizadas para optimizar los procesos productivos de tu empresa.\",\"email\":\"Admistracion@distribucionarc.com\",\"telephone\":\"+34 643496664\",\"legalName\":\"ARC TECH SOLUTIONS\",\"foundingDate\":\"2024-04-09\",\"vatID\":\"B55480172\",\"numberOfEmployees\":{\"@type\":\"QuantitativeValue\",\"minValue\":\"1\",\"maxValue\":\"10\"}}]}<\/script>\n<!-- \/ Yoast SEO Premium plugin. -->","yoast_head_json":{"title":"Mini-Herz-Pfannkuchenmaschine \u2013 ARC-Verteilung","robots":{"index":"index","follow":"follow","max-snippet":"max-snippet:-1","max-image-preview":"max-image-preview:large","max-video-preview":"max-video-preview:-1"},"canonical":"https:\/\/www.distribucionarc.com\/bg\/producto\/maquina-para-mini-gofres-corazon\/","og_locale":"de_DE","og_type":"article","og_title":"M\u00e1quina para mini pancakes coraz\u00f3n","og_description":"M\u00e1quina para mini pancakes coraz\u00f3n El gofre es la comida favorita de la mayor\u00eda de la gente y con la m\u00e1quina de gofres de ARC puedes conseguir que sean a\u00fan m\u00e1s atractivos por su dise\u00f1o de coraz\u00f3n enamorando a tus clientes con su delicioso sabor.  ARCMGC2 est\u00e1 dise\u00f1ada para hornear los gofres m\u00e1s esponjosos y tostados en forma de mini coraz\u00f3n. Compuesto de dos placas, se puede utilizar para hacer 50pcs gofres a la vez y este proceso s\u00f3lo toma 5-8 minutos de esta forma puedes obtener una producci\u00f3n de 100 mini gofres en 10 min. Adem\u00e1s, cuenta con estilo novedoso, f\u00e1cil de utilizar, control autom\u00e1tico de la temperatura, bajo consumo de energ\u00eda, velocidad de calentamiento r\u00e1pida.  Garant\u00eda\u00a0ARC 2 A\u00d1OS Maquina para mini gofres coraz\u00f3n eficiente, bajo consumo 1600w soporte t\u00e9cnico\u00a0incluido","og_url":"https:\/\/www.distribucionarc.com\/bg\/producto\/maquina-para-mini-gofres-corazon\/","og_site_name":"distribuci\u00f3n ARC","article_modified_time":"2020-09-26T15:46:27+00:00","og_image":[{"width":1001,"height":1001,"url":"https:\/\/distribucionarc.com\/wp-content\/uploads\/2020\/07\/M\u00e1quina-para-mini-gofres-coraz\u00f3n-5.jpg","type":"image\/jpeg"}],"twitter_card":"summary_large_image","twitter_misc":{"Gesch\u00e4tzte Lesezeit":"2\u00a0Minuten"},"schema":{"@context":"https:\/\/schema.org","@graph":[{"@type":"WebPage","@id":"https:\/\/www.distribucionarc.com\/bg\/producto\/maquina-para-mini-gofres-corazon\/","url":"https:\/\/www.distribucionarc.com\/bg\/producto\/maquina-para-mini-gofres-corazon\/","name":"Mini-Herz-Pfannkuchenmaschine \u2013 ARC-Verteilung","isPartOf":{"@id":"https:\/\/www.distribucionarc.com\/sl\/#website"},"primaryImageOfPage":{"@id":"https:\/\/www.distribucionarc.com\/bg\/producto\/maquina-para-mini-gofres-corazon\/#primaryimage"},"image":{"@id":"https:\/\/www.distribucionarc.com\/bg\/producto\/maquina-para-mini-gofres-corazon\/#primaryimage"},"thumbnailUrl":"https:\/\/distribucionarc.com\/wp-content\/uploads\/2020\/07\/M\u00e1quina-para-mini-gofres-coraz\u00f3n-5.jpg","datePublished":"2020-07-14T16:13:43+00:00","dateModified":"2020-09-26T15:46:27+00:00","breadcrumb":{"@id":"https:\/\/www.distribucionarc.com\/bg\/producto\/maquina-para-mini-gofres-corazon\/#breadcrumb"},"inLanguage":"de","potentialAction":[{"@type":"ReadAction","target":["https:\/\/www.distribucionarc.com\/bg\/producto\/maquina-para-mini-gofres-corazon\/"]}]},{"@type":"ImageObject","inLanguage":"de","@id":"https:\/\/www.distribucionarc.com\/bg\/producto\/maquina-para-mini-gofres-corazon\/#primaryimage","url":"https:\/\/distribucionarc.com\/wp-content\/uploads\/2020\/07\/M\u00e1quina-para-mini-gofres-coraz\u00f3n-5.jpg","contentUrl":"https:\/\/distribucionarc.com\/wp-content\/uploads\/2020\/07\/M\u00e1quina-para-mini-gofres-coraz\u00f3n-5.jpg","width":1001,"height":1001,"caption":"maquina para mini gofres coraz\u00f3n"},{"@type":"BreadcrumbList","@id":"https:\/\/www.distribucionarc.com\/bg\/producto\/maquina-para-mini-gofres-corazon\/#breadcrumb","itemListElement":[{"@type":"ListItem","position":1,"name":"Portada","item":"https:\/\/www.distribucionarc.com\/"},{"@type":"ListItem","position":2,"name":"\u00dcr\u00fcnler","item":"https:\/\/www.distribucionarc.com\/tr\/magaza\/"},{"@type":"ListItem","position":3,"name":"M\u00e1quina para mini pancakes coraz\u00f3n"}]},{"@type":"WebSite","@id":"https:\/\/www.distribucionarc.com\/sl\/#website","url":"https:\/\/www.distribucionarc.com\/sl\/","name":"ARC-Verteilung","description":"Das Unternehmen ist auf die Herstellung und den Vertrieb von Industriemaschinen, Dosenverschlie\u00dfmaschinen, Tablettenmaschinen, Fleischschneidemaschinen...","publisher":{"@id":"https:\/\/www.distribucionarc.com\/sl\/#organization"},"potentialAction":[{"@type":"SearchAction","target":{"@type":"EntryPoint","urlTemplate":"https:\/\/www.distribucionarc.com\/sl\/?s={search_term_string}"},"query-input":{"@type":"PropertyValueSpecification","valueRequired":true,"valueName":"search_term_string"}}],"inLanguage":"de"},{"@type":"Organization","@id":"https:\/\/www.distribucionarc.com\/sl\/#organization","name":"ARC-Verteilung","url":"https:\/\/www.distribucionarc.com\/sl\/","logo":{"@type":"ImageObject","inLanguage":"de","@id":"https:\/\/www.distribucionarc.com\/sl\/#\/schema\/logo\/image\/","url":"https:\/\/distribucionarc.com\/wp-content\/uploads\/2024\/10\/distribucion-ARC-COLOR-SIN-FONDO-e1732295305345.png","contentUrl":"https:\/\/distribucionarc.com\/wp-content\/uploads\/2024\/10\/distribucion-ARC-COLOR-SIN-FONDO-e1732295305345.png","width":1164,"height":558,"caption":"Distribuci\u00f3n ARC"},"image":{"@id":"https:\/\/www.distribucionarc.com\/sl\/#\/schema\/logo\/image\/"},"description":"Unternehmen, das auf die Herstellung und den Vertrieb von Industriemaschinen f\u00fcr den Lebensmittel- und Pharmasektor spezialisiert ist. Wir sind spezialisiert auf: Fleischschneidemaschinen Tablettenherstellung Industrielle F\u00f6rdersysteme Abf\u00fcllanlagen Dispenser Und vieles mehr... Wir bieten innovative und ma\u00dfgeschneiderte L\u00f6sungen zur Optimierung der Produktionsprozesse in Ihrem Unternehmen.","email":"Admistracion@distribucionarc.com","telephone":"+34 643496664","legalName":"ARC TECH SOLUTIONS","foundingDate":"2024-04-09","vatID":"B55480172","numberOfEmployees":{"@type":"QuantitativeValue","minValue":"1","maxValue":"10"}}]}},"_links":{"self":[{"href":"https:\/\/distribucionarc.com\/de\/wp-json\/wp\/v2\/product\/901","targetHints":{"allow":["GET"]}}],"collection":[{"href":"https:\/\/distribucionarc.com\/de\/wp-json\/wp\/v2\/product"}],"about":[{"href":"https:\/\/distribucionarc.com\/de\/wp-json\/wp\/v2\/types\/product"}],"replies":[{"embeddable":true,"href":"https:\/\/distribucionarc.com\/de\/wp-json\/wp\/v2\/comments?post=901"}],"version-history":[{"count":0,"href":"https:\/\/distribucionarc.com\/de\/wp-json\/wp\/v2\/product\/901\/revisions"}],"wp:featuredmedia":[{"embeddable":true,"href":"https:\/\/distribucionarc.com\/de\/wp-json\/wp\/v2\/media\/902"}],"wp:attachment":[{"href":"https:\/\/distribucionarc.com\/de\/wp-json\/wp\/v2\/media?parent=901"}],"wp:term":[{"taxonomy":"product_brand","embeddable":true,"href":"https:\/\/distribucionarc.com\/de\/wp-json\/wp\/v2\/product_brand?post=901"},{"taxonomy":"product_cat","embeddable":true,"href":"https:\/\/distribucionarc.com\/de\/wp-json\/wp\/v2\/product_cat?post=901"},{"taxonomy":"product_tag","embeddable":true,"href":"https:\/\/distribucionarc.com\/de\/wp-json\/wp\/v2\/product_tag?post=901"}],"curies":[{"name":"wp","href":"https:\/\/api.w.org\/{rel}","templated":true}]}}