{"id":936,"date":"2020-07-15T10:07:35","date_gmt":"2020-07-15T10:07:35","guid":{"rendered":"https:\/\/distribucionarc.com\/?post_type=product&#038;p=936"},"modified":"2020-09-26T15:48:18","modified_gmt":"2020-09-26T15:48:18","slug":"topf-mazeration-topf","status":"publish","type":"product","link":"https:\/\/distribucionarc.com\/de\/producto\/marmita-olla-de-maceracion\/","title":{"rendered":"Wasserkocher zum Einweichen"},"content":{"rendered":"<h2>Wasserkocher zum Einweichen<\/h2>\n<p>\u00dcberraschen und erfreuen Sie Ihre Kunden mit Ihrem eigenen <strong>Craft-Bier<\/strong>, mit dem <strong>Wasserkocher, Br\u00fchtopf <span style=\"color: #ff0000;\">ZU<\/span><span style=\"color: #0000ff;\">R<\/span>CMO98<\/strong>\u00a0von <strong>98 Liter<\/strong> Volumen wird in der Lage sein, sein Produktionsniveau zu steigern. Es verf\u00fcgt \u00fcber eine aufgedruckte F\u00fcllskala in Litern und Gallonen.<\/p>\n<p>Inklusive G\u00e4rr\u00f6hrchen zum Druckausgleich, ohne den luftdichten Verschluss zu \u00f6ffnen. Wunsch <strong><span style=\"color: #ff0000;\">ZU<\/span><span style=\"color: #0000ff;\">R<\/span>C<\/strong> Wir m\u00f6chten an dem Stolz teilhaben, ein Brauer zu sein, um Ihnen dabei zu helfen, Ihr eigenes Bier nach Ihrem Geschmack auf hygienischste und sorgf\u00e4ltigste Weise zuzubereiten.\u00a0 <strong>Mazerationstank<\/strong> Es besteht aus Edelstahl 304 und verhindert, dass das Bier einen metallischen Geschmack annimmt.<\/p>\n<p>Der gro\u00dfe Edelstahltank von bis zu <strong>98 Liter<\/strong> Die Kapazit\u00e4t erm\u00f6glicht eine gute Reifung. Feste Verschl\u00fcsse halten den Teedeckel dicht<strong>Mazerationstank<\/strong> um den Fermentationsprozess nicht zu beeintr\u00e4chtigen. Es enth\u00e4lt ein Manometer und die Herstellungsmaterialien entsprechen den CE-Vorschriften.<\/p>\n<p>Damit <strong>Mazerationskessel<\/strong> Es kann Biere, Weine, verschiedene Spirituosen usw. g\u00e4ren oder lagern. Ob blond oder schwarz, trocken oder halbs\u00fc\u00df, Wein oder Bier, mit dem <strong>Mazerationstank <span style=\"color: #ff0000;\">ZU<\/span><span style=\"color: #0000ff;\">R<\/span>C<\/strong> Sie m\u00fcssen Ihrer Fantasie nur freien Lauf lassen, um Ihr eigenes Bier oder den besten Lik\u00f6r aus Fruchtsaft herzustellen.<\/p>\n<p>Egal, ob Sie ein Weinanf\u00e4nger oder ein fortgeschrittener Brauer sind, im <strong>G\u00e4rkessel<\/strong> <strong><span style=\"color: #ff0000;\">ZU<\/span><span style=\"color: #0000ff;\">R<\/span>CMO98<\/strong>\u00a0Sie erhalten eine passende Kombination ohne Geschmacksver\u00e4nderung und auf einfachste Weise das beste Vakuumbier oder Wein aus Gerste oder Fruchtsaft<\/p>\n<p>&nbsp;<\/p>\n<h6><strong>Garantie\u00a0<span style=\"color: #ff0000;\">ZU<\/span><span style=\"color: #0000ff;\">R<\/span>C 2 JAHRE<\/strong><\/h6>\n<h6><strong>Technischer Support inklusive<\/strong><\/h6>\n<p>&nbsp;<\/p>\n<table role=\"presentation\" width=\"100%\" cellspacing=\"0\" cellpadding=\"0\">\n<tbody>\n<tr>\n<td class=\"attrLabels\">Temperatur:<\/td>\n<td width=\"50.0%\">0-220 \u00b0C<\/td>\n<\/tr>\n<tr>\n<td class=\"attrLabels\">Vertriebsland:<\/td>\n<td width=\"50.0%\">Spanien, Deutschland, USA<\/td>\n<td class=\"attrLabels\">Gewicht:<\/td>\n<td width=\"50.0%\">12kg<\/td>\n<\/tr>\n<tr>\n<td class=\"attrLabels\">Marke:<\/td>\n<td width=\"50.0%\">BOGEN<\/td>\n<td class=\"attrLabels\">H\u00f6he:<\/td>\n<td width=\"50.0%\">50cm<\/td>\n<\/tr>\n<tr>\n<td class=\"attrLabels\">Farbe:<\/td>\n<td width=\"50.0%\">Silber<\/td>\n<td class=\"attrLabels\">Lang:<\/td>\n<td width=\"50.0%\">\u00a060cm<\/td>\n<\/tr>\n<tr>\n<td class=\"attrLabels\">Produkttyp:<\/td>\n<td width=\"50.0%\">Kesselmazerationstopf<\/td>\n<td class=\"attrLabels\">Breit:<\/td>\n<td width=\"50.0%\">60cm<\/td>\n<\/tr>\n<tr>\n<td class=\"attrLabels\">Herstellernummer:<\/td>\n<td width=\"50.0%\">ARCMO98<\/td>\n<td class=\"attrLabels\">Stahlsorte:<\/td>\n<td width=\"50.0%\">304<\/td>\n<\/tr>\n<tr>\n<td class=\"attrLabels\">Material:<\/td>\n<td width=\"50.0%\">Edelstahl, Spezialsockel, Druckregelung,<\/td>\n<td class=\"attrLabels\">Kappentyp:<\/td>\n<td width=\"50.0%\">Ausbeulende, schlie\u00dfende Haken<\/td>\n<\/tr>\n<tr>\n<td class=\"attrLabels\">Kesseldurchmesser:<\/td>\n<td width=\"50.0%\">45cm<\/td>\n<td class=\"attrLabels\">Garantie:<\/td>\n<td width=\"50.0%\">2 JAHRE<\/td>\n<\/tr>\n<tr>\n<td class=\"attrLabels\">Installationswerkzeuge:<\/td>\n<td width=\"50.0%\">Ja<\/td>\n<td class=\"attrLabels\">Liter:<\/td>\n<td width=\"50.0%\">98L<\/td>\n<\/tr>\n<\/tbody>\n<\/table>\n<p>&nbsp;<\/p>\n<p>&nbsp;<\/p>\n<h2><\/h2>","protected":false},"excerpt":{"rendered":"<h2>Wasserkocher zum Einweichen<\/h2>\n<p style=\"margin: 0cm; margin-bottom: .0001pt; line-height: 18.75pt;\"><span style=\"font-family: 'Arial',sans-serif; color: black;\">Es gibt nichts Sch\u00f6neres, als etwas Gutes zu genie\u00dfen <strong>Bier<\/strong>, obwohl es immer verbessert werden kann. Aus<strong><span style=\"color: #ff0000;\"> ZU<\/span><span style=\"color: #0000ff;\">R<\/span>C,<\/strong> Wir m\u00f6chten zu diesem Traum beitragen, indem wir Sie unterst\u00fctzen <strong>Kessel <span style=\"color: #ff0000;\">ZU<\/span><span style=\"color: #0000ff;\">R<\/span>CMO98<\/strong>\u00a0Die <strong>Craft-Bier<\/strong> erh\u00e4lt diese primitive und handwerkliche Essenz.<\/span><\/p>\n<p style=\"margin: 0cm; margin-bottom: .0001pt; line-height: 18.75pt;\"><span style=\"font-family: 'Arial',sans-serif; color: black;\">Mit dem <strong>Mazerationskessel <span style=\"color: #ff0000;\">ZU<\/span><span style=\"color: #0000ff;\">R<\/span>C<\/strong>, Sie k\u00f6nnen Ihren F\u00e4higkeiten vertrauen <strong>Malz fermentieren<\/strong>. Hier haben Sie den gesamten Steuerungsprozess <strong>Mazeration<\/strong>. Im <strong>gro\u00dfer Kessel<\/strong> Edelstahl kann bis zu 70 Liter Fl\u00fcssigkeit oder 60 Liter Fl\u00fcssigkeit mit Malz kochen. Das Design des Maischetopfs garantiert eine optimale W\u00e4rmeverteilung im Kessel, er ist auch f\u00fcr Induktionsherde geeignet. Um das vergorene Malz leicht umf\u00fcllen zu k\u00f6nnen, muss das <strong><span style=\"font-family: 'Arial',sans-serif;\">Kessel zur Mazeration<\/span><\/strong>\u00a0<strong><span style=\"font-family: 'Arial',sans-serif;\"><span style=\"color: #ff0000;\">ZU<\/span><span style=\"color: #0000ff;\">R<\/span>CMO70<\/span><\/strong> Es verf\u00fcgt \u00fcber einen 1-cm-Ablasshahn zum Anschluss an das Schlauchsystem. <\/span><span style=\"font-family: 'Arial',sans-serif; color: black;\">Die Welt der Aromen ist sehr umfangreich <strong><span style=\"color: #ff0000;\">ZU<\/span><span style=\"color: #0000ff;\">R<\/span>C<\/strong> hilft Ihnen, diese Reise mit einem zu meistern <strong>Pot<\/strong> in dem die <strong>Braumeister<\/strong> Sie erreichen das entsprechende Grundprinzip ohne Probleme.<\/span><\/p>\n<p>&nbsp;<\/p>\n<h6><strong>Garantie\u00a0<span style=\"color: #ff0000;\">ZU<\/span><span style=\"color: #0000ff;\">R<\/span>C 2 JAHRE<\/strong><\/h6>\n<h6><strong>Technischer Support inklusive<\/strong><\/h6>","protected":false},"featured_media":942,"comment_status":"open","ping_status":"closed","template":"","meta":{"wds_primary_product_brand":0,"wds_primary_product_cat":0},"product_brand":[],"product_cat":[54],"product_tag":[],"class_list":{"0":"post-936","1":"product","2":"type-product","3":"status-publish","4":"has-post-thumbnail","6":"product_cat-maceracion-fermentacion","7":"product_shipping_class-hosteleria","9":"first","10":"instock","11":"sale","12":"taxable","13":"shipping-taxable","14":"purchasable","15":"product-type-simple"},"yoast_head":"<!-- This site is optimized with the Yoast SEO Premium plugin v24.9 (Yoast SEO v26.1) - https:\/\/yoast.com\/wordpress\/plugins\/seo\/ -->\n<title>Marmita olla de maceraci\u00f3n - distribuci\u00f3n ARC<\/title>\n<meta name=\"robots\" content=\"index, follow, max-snippet:-1, max-image-preview:large, max-video-preview:-1\" \/>\n<link rel=\"canonical\" href=\"https:\/\/www.distribucionarc.com\/nl\/producto\/marmita-olla-de-maceracion\/\" \/>\n<meta property=\"og:locale\" content=\"de_DE\" \/>\n<meta property=\"og:type\" content=\"article\" \/>\n<meta property=\"og:title\" content=\"Marmita olla de maceraci\u00f3n\" \/>\n<meta property=\"og:description\" content=\"Marmita olla de maceraci\u00f3n No hay nada como disfrutar de una buena cerveza, aunque siempre se puede mejorar. Desde ARC, queremos contribuir a ese sue\u00f1o facilitandote el caldero ARCMO98\u00a0la cerveza artesanal adquiere esa esencia primitiva y artesanal. Con la marmita de maceraci\u00f3n de ARC, puede confiar en sus habilidades para fermentar la malta. Aqu\u00ed tiene todo el proceso de control de maceraci\u00f3n. En la gran caldera de acero inoxidable se pueden hervir hasta 70 litros de l\u00edquido o 60 litros de l\u00edquido con malta. El dise\u00f1o de la olla de maceraci\u00f3n le garantiza una distribuci\u00f3n \u00f3ptima del calor en el caldero, tambi\u00e9n se adapta a las cocinas de inducci\u00f3n. Para trasvasar f\u00e1cilmente la malta fermentada, el caldero para macerar\u00a0ARCMO70 posee un grifo de desag\u00fce de 1 cm para conectar al sistema de mangueras. El mundo de los sabores es muy extenso ARC te ayuda a recorrer este viaje con una marmita en la que los maestros cerveceros logran sin problemas el mosto primitivo adecuado. &nbsp; Garant\u00eda\u00a0ARC 2 A\u00d1OS soporte t\u00e9cnico\u00a0incluido\" \/>\n<meta property=\"og:url\" content=\"https:\/\/www.distribucionarc.com\/nl\/producto\/marmita-olla-de-maceracion\/\" \/>\n<meta property=\"og:site_name\" content=\"distribuci\u00f3n ARC\" \/>\n<meta property=\"article:modified_time\" content=\"2020-09-26T15:48:18+00:00\" \/>\n<meta property=\"og:image\" content=\"https:\/\/distribucionarc.com\/wp-content\/uploads\/2020\/07\/Marmita-olla-de-maceraci\u00f3n-8.jpg\" \/>\n\t<meta property=\"og:image:width\" content=\"1600\" \/>\n\t<meta property=\"og:image:height\" content=\"1600\" \/>\n\t<meta property=\"og:image:type\" content=\"image\/jpeg\" \/>\n<meta name=\"twitter:card\" content=\"summary_large_image\" \/>\n<meta name=\"twitter:label1\" content=\"Gesch\u00e4tzte Lesezeit\" \/>\n\t<meta name=\"twitter:data1\" content=\"2\u00a0Minuten\" \/>\n<script type=\"application\/ld+json\" class=\"yoast-schema-graph\">{\"@context\":\"https:\/\/schema.org\",\"@graph\":[{\"@type\":\"WebPage\",\"@id\":\"https:\/\/www.distribucionarc.com\/nl\/producto\/marmita-olla-de-maceracion\/\",\"url\":\"https:\/\/www.distribucionarc.com\/nl\/producto\/marmita-olla-de-maceracion\/\",\"name\":\"Marmita olla de maceraci\u00f3n - distribuci\u00f3n ARC\",\"isPartOf\":{\"@id\":\"https:\/\/distribucionarc.com\/ro\/#website\"},\"primaryImageOfPage\":{\"@id\":\"https:\/\/www.distribucionarc.com\/nl\/producto\/marmita-olla-de-maceracion\/#primaryimage\"},\"image\":{\"@id\":\"https:\/\/www.distribucionarc.com\/nl\/producto\/marmita-olla-de-maceracion\/#primaryimage\"},\"thumbnailUrl\":\"https:\/\/distribucionarc.com\/wp-content\/uploads\/2020\/07\/Marmita-olla-de-maceraci\u00f3n-8.jpg\",\"datePublished\":\"2020-07-15T10:07:35+00:00\",\"dateModified\":\"2020-09-26T15:48:18+00:00\",\"breadcrumb\":{\"@id\":\"https:\/\/www.distribucionarc.com\/nl\/producto\/marmita-olla-de-maceracion\/#breadcrumb\"},\"inLanguage\":\"de\",\"potentialAction\":[{\"@type\":\"ReadAction\",\"target\":[\"https:\/\/www.distribucionarc.com\/nl\/producto\/marmita-olla-de-maceracion\/\"]}]},{\"@type\":\"ImageObject\",\"inLanguage\":\"de\",\"@id\":\"https:\/\/www.distribucionarc.com\/nl\/producto\/marmita-olla-de-maceracion\/#primaryimage\",\"url\":\"https:\/\/distribucionarc.com\/wp-content\/uploads\/2020\/07\/Marmita-olla-de-maceraci\u00f3n-8.jpg\",\"contentUrl\":\"https:\/\/distribucionarc.com\/wp-content\/uploads\/2020\/07\/Marmita-olla-de-maceraci\u00f3n-8.jpg\",\"width\":1600,\"height\":1600,\"caption\":\"Marmita olla de maceraci\u00f3n\"},{\"@type\":\"BreadcrumbList\",\"@id\":\"https:\/\/www.distribucionarc.com\/nl\/producto\/marmita-olla-de-maceracion\/#breadcrumb\",\"itemListElement\":[{\"@type\":\"ListItem\",\"position\":1,\"name\":\"Portada\",\"item\":\"https:\/\/distribucionarc.com\/ar\/\"},{\"@type\":\"ListItem\",\"position\":2,\"name\":\"Proizvodi\",\"item\":\"https:\/\/www.distribucionarc.com\/hr\/ducan\/\"},{\"@type\":\"ListItem\",\"position\":3,\"name\":\"Marmita olla de maceraci\u00f3n\"}]},{\"@type\":\"WebSite\",\"@id\":\"https:\/\/distribucionarc.com\/ro\/#website\",\"url\":\"https:\/\/distribucionarc.com\/ro\/\",\"name\":\"distribuci\u00f3n ARC\",\"description\":\"Empresa especializada en la fabricaci\u00f3n y distribuci\u00f3n de maquinaria industrial, selladoras de latas, Maquinas de hacer pastillas, Maquinas de cortar carne...\",\"publisher\":{\"@id\":\"https:\/\/distribucionarc.com\/ro\/#organization\"},\"potentialAction\":[{\"@type\":\"SearchAction\",\"target\":{\"@type\":\"EntryPoint\",\"urlTemplate\":\"https:\/\/distribucionarc.com\/ro\/?s={search_term_string}\"},\"query-input\":{\"@type\":\"PropertyValueSpecification\",\"valueRequired\":true,\"valueName\":\"search_term_string\"}}],\"inLanguage\":\"de\"},{\"@type\":\"Organization\",\"@id\":\"https:\/\/distribucionarc.com\/ro\/#organization\",\"name\":\"Distribuci\u00f3n ARC\",\"url\":\"https:\/\/distribucionarc.com\/ro\/\",\"logo\":{\"@type\":\"ImageObject\",\"inLanguage\":\"de\",\"@id\":\"https:\/\/distribucionarc.com\/ro\/#\/schema\/logo\/image\/\",\"url\":\"https:\/\/distribucionarc.com\/wp-content\/uploads\/2024\/10\/distribucion-ARC-COLOR-SIN-FONDO-e1732295305345.png\",\"contentUrl\":\"https:\/\/distribucionarc.com\/wp-content\/uploads\/2024\/10\/distribucion-ARC-COLOR-SIN-FONDO-e1732295305345.png\",\"width\":1164,\"height\":558,\"caption\":\"Distribuci\u00f3n ARC\"},\"image\":{\"@id\":\"https:\/\/distribucionarc.com\/ro\/#\/schema\/logo\/image\/\"},\"description\":\"Empresa especializada en la fabricaci\u00f3n y distribuci\u00f3n de maquinaria industrial para los sectores alimentario y farmac\u00e9utico. Nos especializamos en: M\u00e1quinas de cortar carne Fabricaci\u00f3n de comprimidos Sistemas de transporte industrial L\u00edneas de embotellado Dosificadores Y mucho m\u00e1s... Ofrecemos soluciones innovadoras y personalizadas para optimizar los procesos productivos de tu empresa.\",\"email\":\"Admistracion@distribucionarc.com\",\"telephone\":\"+34 643496664\",\"legalName\":\"ARC TECH SOLUTIONS\",\"foundingDate\":\"2024-04-09\",\"vatID\":\"B55480172\",\"numberOfEmployees\":{\"@type\":\"QuantitativeValue\",\"minValue\":\"1\",\"maxValue\":\"10\"}}]}<\/script>\n<!-- \/ Yoast SEO Premium plugin. -->","yoast_head_json":{"title":"Maischkessel - ARC-Verteilung","robots":{"index":"index","follow":"follow","max-snippet":"max-snippet:-1","max-image-preview":"max-image-preview:large","max-video-preview":"max-video-preview:-1"},"canonical":"https:\/\/www.distribucionarc.com\/nl\/producto\/marmita-olla-de-maceracion\/","og_locale":"de_DE","og_type":"article","og_title":"Marmita olla de maceraci\u00f3n","og_description":"Marmita olla de maceraci\u00f3n No hay nada como disfrutar de una buena cerveza, aunque siempre se puede mejorar. Desde ARC, queremos contribuir a ese sue\u00f1o facilitandote el caldero ARCMO98\u00a0la cerveza artesanal adquiere esa esencia primitiva y artesanal. Con la marmita de maceraci\u00f3n de ARC, puede confiar en sus habilidades para fermentar la malta. Aqu\u00ed tiene todo el proceso de control de maceraci\u00f3n. En la gran caldera de acero inoxidable se pueden hervir hasta 70 litros de l\u00edquido o 60 litros de l\u00edquido con malta. El dise\u00f1o de la olla de maceraci\u00f3n le garantiza una distribuci\u00f3n \u00f3ptima del calor en el caldero, tambi\u00e9n se adapta a las cocinas de inducci\u00f3n. Para trasvasar f\u00e1cilmente la malta fermentada, el caldero para macerar\u00a0ARCMO70 posee un grifo de desag\u00fce de 1 cm para conectar al sistema de mangueras. El mundo de los sabores es muy extenso ARC te ayuda a recorrer este viaje con una marmita en la que los maestros cerveceros logran sin problemas el mosto primitivo adecuado. &nbsp; Garant\u00eda\u00a0ARC 2 A\u00d1OS soporte t\u00e9cnico\u00a0incluido","og_url":"https:\/\/www.distribucionarc.com\/nl\/producto\/marmita-olla-de-maceracion\/","og_site_name":"distribuci\u00f3n ARC","article_modified_time":"2020-09-26T15:48:18+00:00","og_image":[{"width":1600,"height":1600,"url":"https:\/\/distribucionarc.com\/wp-content\/uploads\/2020\/07\/Marmita-olla-de-maceraci\u00f3n-8.jpg","type":"image\/jpeg"}],"twitter_card":"summary_large_image","twitter_misc":{"Gesch\u00e4tzte Lesezeit":"2\u00a0Minuten"},"schema":{"@context":"https:\/\/schema.org","@graph":[{"@type":"WebPage","@id":"https:\/\/www.distribucionarc.com\/nl\/producto\/marmita-olla-de-maceracion\/","url":"https:\/\/www.distribucionarc.com\/nl\/producto\/marmita-olla-de-maceracion\/","name":"Maischkessel - ARC-Verteilung","isPartOf":{"@id":"https:\/\/distribucionarc.com\/ro\/#website"},"primaryImageOfPage":{"@id":"https:\/\/www.distribucionarc.com\/nl\/producto\/marmita-olla-de-maceracion\/#primaryimage"},"image":{"@id":"https:\/\/www.distribucionarc.com\/nl\/producto\/marmita-olla-de-maceracion\/#primaryimage"},"thumbnailUrl":"https:\/\/distribucionarc.com\/wp-content\/uploads\/2020\/07\/Marmita-olla-de-maceraci\u00f3n-8.jpg","datePublished":"2020-07-15T10:07:35+00:00","dateModified":"2020-09-26T15:48:18+00:00","breadcrumb":{"@id":"https:\/\/www.distribucionarc.com\/nl\/producto\/marmita-olla-de-maceracion\/#breadcrumb"},"inLanguage":"de","potentialAction":[{"@type":"ReadAction","target":["https:\/\/www.distribucionarc.com\/nl\/producto\/marmita-olla-de-maceracion\/"]}]},{"@type":"ImageObject","inLanguage":"de","@id":"https:\/\/www.distribucionarc.com\/nl\/producto\/marmita-olla-de-maceracion\/#primaryimage","url":"https:\/\/distribucionarc.com\/wp-content\/uploads\/2020\/07\/Marmita-olla-de-maceraci\u00f3n-8.jpg","contentUrl":"https:\/\/distribucionarc.com\/wp-content\/uploads\/2020\/07\/Marmita-olla-de-maceraci\u00f3n-8.jpg","width":1600,"height":1600,"caption":"Marmita olla de maceraci\u00f3n"},{"@type":"BreadcrumbList","@id":"https:\/\/www.distribucionarc.com\/nl\/producto\/marmita-olla-de-maceracion\/#breadcrumb","itemListElement":[{"@type":"ListItem","position":1,"name":"Portada","item":"https:\/\/distribucionarc.com\/ar\/"},{"@type":"ListItem","position":2,"name":"Proizvodi","item":"https:\/\/www.distribucionarc.com\/hr\/ducan\/"},{"@type":"ListItem","position":3,"name":"Marmita olla de maceraci\u00f3n"}]},{"@type":"WebSite","@id":"https:\/\/distribucionarc.com\/ro\/#website","url":"https:\/\/distribucionarc.com\/ro\/","name":"ARC-Verteilung","description":"Das Unternehmen ist auf die Herstellung und den Vertrieb von Industriemaschinen, Dosenverschlie\u00dfmaschinen, Tablettenmaschinen, Fleischschneidemaschinen...","publisher":{"@id":"https:\/\/distribucionarc.com\/ro\/#organization"},"potentialAction":[{"@type":"SearchAction","target":{"@type":"EntryPoint","urlTemplate":"https:\/\/distribucionarc.com\/ro\/?s={search_term_string}"},"query-input":{"@type":"PropertyValueSpecification","valueRequired":true,"valueName":"search_term_string"}}],"inLanguage":"de"},{"@type":"Organization","@id":"https:\/\/distribucionarc.com\/ro\/#organization","name":"ARC-Verteilung","url":"https:\/\/distribucionarc.com\/ro\/","logo":{"@type":"ImageObject","inLanguage":"de","@id":"https:\/\/distribucionarc.com\/ro\/#\/schema\/logo\/image\/","url":"https:\/\/distribucionarc.com\/wp-content\/uploads\/2024\/10\/distribucion-ARC-COLOR-SIN-FONDO-e1732295305345.png","contentUrl":"https:\/\/distribucionarc.com\/wp-content\/uploads\/2024\/10\/distribucion-ARC-COLOR-SIN-FONDO-e1732295305345.png","width":1164,"height":558,"caption":"Distribuci\u00f3n ARC"},"image":{"@id":"https:\/\/distribucionarc.com\/ro\/#\/schema\/logo\/image\/"},"description":"Unternehmen, das auf die Herstellung und den Vertrieb von Industriemaschinen f\u00fcr den Lebensmittel- und Pharmasektor spezialisiert ist. Wir sind spezialisiert auf: Fleischschneidemaschinen Tablettenherstellung Industrielle F\u00f6rdersysteme Abf\u00fcllanlagen Dispenser Und vieles mehr... Wir bieten innovative und ma\u00dfgeschneiderte L\u00f6sungen zur Optimierung der Produktionsprozesse in Ihrem Unternehmen.","email":"Admistracion@distribucionarc.com","telephone":"+34 643496664","legalName":"ARC TECH SOLUTIONS","foundingDate":"2024-04-09","vatID":"B55480172","numberOfEmployees":{"@type":"QuantitativeValue","minValue":"1","maxValue":"10"}}]}},"_links":{"self":[{"href":"https:\/\/distribucionarc.com\/de\/wp-json\/wp\/v2\/product\/936","targetHints":{"allow":["GET"]}}],"collection":[{"href":"https:\/\/distribucionarc.com\/de\/wp-json\/wp\/v2\/product"}],"about":[{"href":"https:\/\/distribucionarc.com\/de\/wp-json\/wp\/v2\/types\/product"}],"replies":[{"embeddable":true,"href":"https:\/\/distribucionarc.com\/de\/wp-json\/wp\/v2\/comments?post=936"}],"version-history":[{"count":0,"href":"https:\/\/distribucionarc.com\/de\/wp-json\/wp\/v2\/product\/936\/revisions"}],"wp:featuredmedia":[{"embeddable":true,"href":"https:\/\/distribucionarc.com\/de\/wp-json\/wp\/v2\/media\/942"}],"wp:attachment":[{"href":"https:\/\/distribucionarc.com\/de\/wp-json\/wp\/v2\/media?parent=936"}],"wp:term":[{"taxonomy":"product_brand","embeddable":true,"href":"https:\/\/distribucionarc.com\/de\/wp-json\/wp\/v2\/product_brand?post=936"},{"taxonomy":"product_cat","embeddable":true,"href":"https:\/\/distribucionarc.com\/de\/wp-json\/wp\/v2\/product_cat?post=936"},{"taxonomy":"product_tag","embeddable":true,"href":"https:\/\/distribucionarc.com\/de\/wp-json\/wp\/v2\/product_tag?post=936"}],"curies":[{"name":"wp","href":"https:\/\/api.w.org\/{rel}","templated":true}]}}