{"id":983,"date":"2020-07-15T15:30:51","date_gmt":"2020-07-15T15:30:51","guid":{"rendered":"https:\/\/distribucionarc.com\/?post_type=product&#038;p=983"},"modified":"2024-09-05T17:41:15","modified_gmt":"2024-09-05T17:41:15","slug":"waffeleisen-profi-doppelt","status":"publish","type":"product","link":"https:\/\/distribucionarc.com\/de\/producto\/gofrera-profesional-doble\/","title":{"rendered":"Doppeltes professionelles Waffeleisen"},"content":{"rendered":"<h3>Doppeltes professionelles Waffeleisen<\/h3>\n<p>Der <strong>Doppeltes professionelles Waffeleisen<\/strong> von <strong><span style=\"color: #ff0000;\">ZU<\/span><span style=\"color: #0000ff;\">R<\/span>C<\/strong>, nimmt ein Doppelkopf-Design an, das den Kochvorgang erleichtert <strong>Waffeln<\/strong> effizienter und profitabler sein. Eine ausreichende Leistung von 1000 W pro Form sorgt f\u00fcr eine kontinuierliche 360-Grad-Erhitzung und ein besseres Backerlebnis. Sie tragen auch noch mehr bei<span style=\"color: #008000;\"><strong>effiziente Energieleistung<\/strong><\/span> des <strong>professioneller Waffeleisen<\/strong>.<\/p>\n<p>Jeder Kopf wird unabh\u00e4ngig mit glatten Kn\u00f6pfen gesteuert. Die Temperatur liegt zwischen 50 und 300 \u00b0C, mit LED-Licht, das den Betriebszustand anzeigt. Der <strong>professioneller Waffeleisen <span style=\"color: #ff0000;\">ZU<\/span><span style=\"color: #0000ff;\">R<\/span>CMGE1<\/strong> Es verf\u00fcgt \u00fcber einen pr\u00e4zisen Timer von maximal 5 Minuten und einen klaren und melodischen Alarm, wenn die Waffeln fertig sind.<\/p>\n<p>Jeder Leiter der <strong>professioneller Waffeleisen<\/strong> Es nimmt zwei Formen an (oben und unten). Zusammen ergeben sie k\u00f6stliche Waffeln. Beide Formen sorgen f\u00fcr eine gleichm\u00e4\u00dfige Erw\u00e4rmung. Die mit Teflon beschichtete Kochfl\u00e4che ist antihaftbeschichtet und erleichtert die Reinigung der Maschine. <strong>Waffeln<\/strong>.<\/p>\n<p>Die verdickte hintere St\u00fctze verbindet die Form mit <strong>die Waffelmaschine<\/strong>, die vordere St\u00fctze nimmt eine stabile Dreiecksstruktur an. Ein solches Design verbessert das Sicherheitsniveau, macht es langlebiger und macht es langlebiger<strong> Waffeleisen <span style=\"color: #ff0000;\">ZU<\/span><span style=\"color: #0000ff;\">R<\/span>CMGE1<\/strong> Erhalten Sie ein funktionales Design, das auch \u00e4sthetisch elegant ist. Dickes Griffset aus Edelstahl f\u00fcr einfachen Halt und m\u00fchelose Verwendung. Durch die Verwendung von Material mit guter W\u00e4rmeableitung wird sichergestellt, dass die Temperatur nicht zu hoch ist. Sch\u00fctzt den Benutzer vor Verbrennungen.<\/p>\n<p>Mit dem <strong>Professionelles Waffeleisen<\/strong> von <strong><span style=\"color: #ff0000;\">ZU<span style=\"color: #0000ff;\">R<\/span><\/span>C<\/strong> Du wirst welche bekommen <strong>Waffeln<\/strong> rund, mit weichem Inneren und knackigem \u00c4u\u00dferen mit endlosem Nachgeschmack. Schokolade, S\u00fc\u00dfigkeiten und andere Dekorationen k\u00f6nnen beliebig hinzugef\u00fcgt werden, um Geschmack zu verleihen.<\/p>\n<p>&nbsp;<\/p>\n<h6><strong>Garantie\u00a0<span style=\"color: #ff0000;\">ZU<\/span><span style=\"color: #0000ff;\">R<\/span>C 2 JAHRE<\/strong><\/h6>\n<h6><span style=\"color: #008000;\">Doppeltes professionelles Waffeleisen, geringer Verbrauch, 1000 W<\/span><\/h6>\n<h6><strong>Technischer Support inklusive.<\/strong><\/h6>\n<p>&nbsp;<\/p>\n<p>&nbsp;<\/p>\n<table role=\"presentation\" width=\"100%\" cellspacing=\"0\" cellpadding=\"0\">\n<tbody>\n<tr>\n<td class=\"attrLabels\">Temperatur:<\/td>\n<td width=\"50.0%\">50-300 \u00b0C<\/td>\n<\/tr>\n<tr>\n<td class=\"attrLabels\">Vertriebsland:<\/td>\n<td width=\"50.0%\">Spanien, Deutschland, USA<\/td>\n<td class=\"attrLabels\">Gewicht:<\/td>\n<td width=\"50.0%\">18,5 kg<\/td>\n<\/tr>\n<tr>\n<td class=\"attrLabels\">Marke:<\/td>\n<td width=\"50.0%\">BOGEN<\/td>\n<td class=\"attrLabels\">H\u00f6he:<\/td>\n<td width=\"50.0%\">45cm<\/td>\n<\/tr>\n<tr>\n<td class=\"attrLabels\">Farbe:<\/td>\n<td width=\"50.0%\">Silber<\/td>\n<td class=\"attrLabels\">Lang:<\/td>\n<td width=\"50.0%\">62cm<\/td>\n<\/tr>\n<tr>\n<td class=\"attrLabels\">Produkttyp:<\/td>\n<td width=\"50.0%\">Doppeltes professionelles Waffeleisen<\/td>\n<td class=\"attrLabels\">Breit:<\/td>\n<td width=\"50.0%\">35cm<\/td>\n<\/tr>\n<tr>\n<td class=\"attrLabels\">Herstellernummer:<\/td>\n<td width=\"50.0%\">ARCMGE1<\/td>\n<td class=\"attrLabels\">Leistung:<\/td>\n<td width=\"50.0%\">1000W<\/td>\n<\/tr>\n<tr>\n<td class=\"attrLabels\">Material:<\/td>\n<td width=\"50.0%\">Edelstahl, Teflonplatte, Temperaturregelung<\/td>\n<td class=\"attrLabels\">Eingangsspannung<\/td>\n<td width=\"50.0%\">220V \u2013 60Hz<\/td>\n<\/tr>\n<tr>\n<td class=\"attrLabels\">Waffelgr\u00f6\u00dfe:<\/td>\n<td width=\"50.0%\">\u00a018cm Durchmesser<\/td>\n<td class=\"attrLabels\">Garantie:<\/td>\n<td width=\"50.0%\">2 JAHRE<\/td>\n<\/tr>\n<tr>\n<td class=\"attrLabels\">Installationswerkzeuge:<\/td>\n<td width=\"50.0%\">Ja<\/td>\n<td class=\"attrLabels\">Produktion:<\/td>\n<td width=\"50.0%\">2 St\u00fcck<\/td>\n<\/tr>\n<\/tbody>\n<\/table>","protected":false},"excerpt":{"rendered":"<div class=\"flex-shrink-0 flex flex-col relative items-end\">\n<div>\n<div class=\"pt-0\">\n<div class=\"gizmo-bot-avatar flex h-8 w-8 items-center justify-center overflow-hidden rounded-full\"><\/div>\n<\/div>\n<\/div>\n<\/div>\n<div class=\"group\/conversation-turn relative flex w-full min-w-0 flex-col agent-turn\">\n<div class=\"flex-col gap-1 md:gap-3\">\n<div class=\"flex max-w-full flex-col flex-grow\">\n<div class=\"min-h-[20px] text-message flex w-full flex-col items-end gap-2 break-words [.text-message+&amp;]:mt-5 overflow-x-auto whitespace-normal\" dir=\"auto\" data-message-author-role=\"assistant\" data-message-id=\"feda014c-c5d2-4115-8ea5-ca39a495231a\">\n<div class=\"flex w-full flex-col gap-1 empty:hidden first:pt-[3px]\">\n<div class=\"markdown prose w-full break-words dark:prose-invert light\">\n<p>&nbsp;<\/p>\n<h2><strong>M\u00e1quina para hacer gofres doble profesional el\u00e9ctrica \u2013 1200W<\/strong><\/h2>\n<p>La <strong>m\u00e1quina para hacer gofres doble profesional el\u00e9ctrica<\/strong> es la herramienta perfecta para aquellos negocios que buscan ofrecer productos de alta calidad de manera eficiente. Con una potencia de <strong>1200 vatios (W)<\/strong>, esta gofrera permite preparar gofres de manera r\u00e1pida y uniforme, garantizando un acabado dorado y crujiente.<\/p>\n<h3>Productos que puedes hacer con esta <strong>gofrera profesional<\/strong>:<\/h3>\n<ul>\n<li><strong>Gofres tradicionales<\/strong>: Crujientes por fuera y esponjosos por dentro, perfectos para servir con miel, chocolate o frutas.<\/li>\n<li><strong>Gofres belgas<\/strong>: De mayor tama\u00f1o y con una textura m\u00e1s ligera, ideales para postres gourmet.<\/li>\n<li><strong>Gofres salados<\/strong>: Como gofres de queso, espinacas o con jam\u00f3n, perfectos para desayunos o brunches.<\/li>\n<li><strong>Gofres de masa integral o sin gluten<\/strong>: Adaptados para diferentes necesidades diet\u00e9ticas, ideales para cafeter\u00edas y restaurantes con men\u00fas saludables.<\/li>\n<\/ul>\n<h3>Sectores donde puedes implementar esta <strong>gofrera doble profesional<\/strong>:<\/h3>\n<ul>\n<li><strong>Cafeter\u00edas<\/strong>: Ofrece gofres como parte de un men\u00fa variado de desayunos o meriendas.<\/li>\n<li><strong>Restaurantes<\/strong>: Ideal para crear postres personalizados y atractivos para los comensales.<\/li>\n<li><strong>Food trucks<\/strong>: Perfecta para preparar gofres frescos y calientes en eventos o ferias.<\/li>\n<li><strong>Pasteler\u00edas y panader\u00edas<\/strong>: A\u00f1ade gofres frescos a tu oferta de productos dulces.<\/li>\n<li><strong>Hoteles y buffets<\/strong>: La rapidez y eficiencia de esta <strong>gofrera el\u00e9ctrica<\/strong> te permite servir gofres calientes en el desayuno sin problemas.<\/li>\n<\/ul>\n<p>Gracias a su dise\u00f1o <strong>doble<\/strong>, esta m\u00e1quina permite preparar dos gofres al mismo tiempo, lo que maximiza la productividad en entornos comerciales. Su placa antiadherente facilita la limpieza, lo que la convierte en una herramienta imprescindible para cualquier negocio que quiera incorporar gofres en su men\u00fa.<\/p>\n<p>Si est\u00e1s buscando una <strong>gofrera profesional el\u00e9ctrica<\/strong> que combine potencia, eficiencia y durabilidad, esta m\u00e1quina de <strong>1200W<\/strong> es la elecci\u00f3n perfecta para cualquier negocio que busque ofrecer productos de calidad de forma r\u00e1pida y consistente.<\/p>\n<\/div>\n<\/div>\n<\/div>\n<\/div>\n<\/div>\n<\/div>\n","protected":false},"featured_media":992,"comment_status":"open","ping_status":"closed","template":"","meta":{"wds_primary_product_brand":0,"wds_primary_product_cat":0},"product_brand":[],"product_cat":[51],"product_tag":[],"class_list":{"0":"post-983","1":"product","2":"type-product","3":"status-publish","4":"has-post-thumbnail","6":"product_cat-gofreras-profesionales","8":"first","9":"instock","10":"taxable","11":"shipping-taxable","12":"purchasable","13":"product-type-simple"},"yoast_head":"<!-- This site is optimized with the Yoast SEO Premium plugin v24.9 (Yoast SEO v26.1) - https:\/\/yoast.com\/wordpress\/plugins\/seo\/ -->\n<title>Gofrera profesional doble - distribuci\u00f3n ARC<\/title>\n<meta name=\"robots\" content=\"index, follow, max-snippet:-1, max-image-preview:large, max-video-preview:-1\" \/>\n<link rel=\"canonical\" href=\"https:\/\/distribucionarc.com\/de\/produkt-2\/waffeleisen-profi-doppelt\/\" \/>\n<meta property=\"og:locale\" content=\"de_DE\" \/>\n<meta property=\"og:type\" content=\"article\" \/>\n<meta property=\"og:title\" content=\"Gofrera profesional doble\" \/>\n<meta property=\"og:description\" content=\"&nbsp; M\u00e1quina para hacer gofres doble profesional el\u00e9ctrica \u2013 1200W La m\u00e1quina para hacer gofres doble profesional el\u00e9ctrica es la herramienta perfecta para aquellos negocios que buscan ofrecer productos de alta calidad de manera eficiente. Con una potencia de 1200 vatios (W), esta gofrera permite preparar gofres de manera r\u00e1pida y uniforme, garantizando un acabado dorado y crujiente. Productos que puedes hacer con esta gofrera profesional:   Gofres tradicionales: Crujientes por fuera y esponjosos por dentro, perfectos para servir con miel, chocolate o frutas.  Gofres belgas: De mayor tama\u00f1o y con una textura m\u00e1s ligera, ideales para postres gourmet.  Gofres salados: Como gofres de queso, espinacas o con jam\u00f3n, perfectos para desayunos o brunches.  Gofres de masa integral o sin gluten: Adaptados para diferentes necesidades diet\u00e9ticas, ideales para cafeter\u00edas y restaurantes con men\u00fas saludables.  Sectores donde puedes implementar esta gofrera doble profesional:   Cafeter\u00edas: Ofrece gofres como parte de un men\u00fa variado de desayunos o meriendas.  Restaurantes: Ideal para crear postres personalizados y atractivos para los comensales.  Food trucks: Perfecta para preparar gofres frescos y calientes en eventos o ferias.  Pasteler\u00edas y panader\u00edas: A\u00f1ade gofres frescos a tu oferta de productos dulces.  Hoteles y buffets: La rapidez y eficiencia de esta gofrera el\u00e9ctrica te permite servir gofres calientes en el desayuno sin problemas.  Gracias a su dise\u00f1o doble, esta m\u00e1quina permite preparar dos gofres al mismo tiempo, lo que maximiza la productividad en entornos comerciales. Su placa antiadherente facilita la limpieza, lo que la convierte en una herramienta imprescindible para cualquier negocio que quiera incorporar gofres en su men\u00fa.  Si est\u00e1s buscando una gofrera profesional el\u00e9ctrica que combine potencia, eficiencia y durabilidad, esta m\u00e1quina de 1200W es la elecci\u00f3n perfecta para cualquier negocio que busque ofrecer productos de calidad de forma r\u00e1pida y consistente.\" \/>\n<meta property=\"og:url\" content=\"https:\/\/distribucionarc.com\/de\/produkt-2\/waffeleisen-profi-doppelt\/\" \/>\n<meta property=\"og:site_name\" content=\"distribuci\u00f3n ARC\" \/>\n<meta property=\"article:modified_time\" content=\"2024-09-05T17:41:15+00:00\" \/>\n<meta property=\"og:image\" content=\"https:\/\/distribucionarc.com\/wp-content\/uploads\/2020\/07\/Gofrera-profesional-doble-0.jpg\" \/>\n\t<meta property=\"og:image:width\" content=\"1600\" \/>\n\t<meta property=\"og:image:height\" content=\"1600\" \/>\n\t<meta property=\"og:image:type\" content=\"image\/jpeg\" \/>\n<meta name=\"twitter:card\" content=\"summary_large_image\" \/>\n<meta name=\"twitter:label1\" content=\"Gesch\u00e4tzte Lesezeit\" \/>\n\t<meta name=\"twitter:data1\" content=\"2\u00a0Minuten\" \/>\n<script type=\"application\/ld+json\" class=\"yoast-schema-graph\">{\"@context\":\"https:\/\/schema.org\",\"@graph\":[{\"@type\":\"WebPage\",\"@id\":\"https:\/\/distribucionarc.com\/pt\/producto\/gofrera-profesional-doble\/\",\"url\":\"https:\/\/distribucionarc.com\/pt\/producto\/gofrera-profesional-doble\/\",\"name\":\"Gofrera profesional doble - distribuci\u00f3n ARC\",\"isPartOf\":{\"@id\":\"https:\/\/www.distribucionarc.com\/sl\/#website\"},\"primaryImageOfPage\":{\"@id\":\"https:\/\/distribucionarc.com\/pt\/producto\/gofrera-profesional-doble\/#primaryimage\"},\"image\":{\"@id\":\"https:\/\/distribucionarc.com\/pt\/producto\/gofrera-profesional-doble\/#primaryimage\"},\"thumbnailUrl\":\"https:\/\/distribucionarc.com\/wp-content\/uploads\/2020\/07\/Gofrera-profesional-doble-0.jpg\",\"datePublished\":\"2020-07-15T15:30:51+00:00\",\"dateModified\":\"2024-09-05T17:41:15+00:00\",\"breadcrumb\":{\"@id\":\"https:\/\/distribucionarc.com\/pt\/producto\/gofrera-profesional-doble\/#breadcrumb\"},\"inLanguage\":\"de\",\"potentialAction\":[{\"@type\":\"ReadAction\",\"target\":[\"https:\/\/distribucionarc.com\/pt\/producto\/gofrera-profesional-doble\/\"]}]},{\"@type\":\"ImageObject\",\"inLanguage\":\"de\",\"@id\":\"https:\/\/distribucionarc.com\/pt\/producto\/gofrera-profesional-doble\/#primaryimage\",\"url\":\"https:\/\/distribucionarc.com\/wp-content\/uploads\/2020\/07\/Gofrera-profesional-doble-0.jpg\",\"contentUrl\":\"https:\/\/distribucionarc.com\/wp-content\/uploads\/2020\/07\/Gofrera-profesional-doble-0.jpg\",\"width\":1600,\"height\":1600,\"caption\":\"Gofrera profesional doble\"},{\"@type\":\"BreadcrumbList\",\"@id\":\"https:\/\/distribucionarc.com\/pt\/producto\/gofrera-profesional-doble\/#breadcrumb\",\"itemListElement\":[{\"@type\":\"ListItem\",\"position\":1,\"name\":\"Portada\",\"item\":\"https:\/\/www.distribucionarc.com\/\"},{\"@type\":\"ListItem\",\"position\":2,\"name\":\"\u00dcr\u00fcnler\",\"item\":\"https:\/\/www.distribucionarc.com\/tr\/magaza\/\"},{\"@type\":\"ListItem\",\"position\":3,\"name\":\"Gofrera profesional doble\"}]},{\"@type\":\"WebSite\",\"@id\":\"https:\/\/www.distribucionarc.com\/sl\/#website\",\"url\":\"https:\/\/www.distribucionarc.com\/sl\/\",\"name\":\"distribuci\u00f3n ARC\",\"description\":\"Empresa especializada en la fabricaci\u00f3n y distribuci\u00f3n de maquinaria industrial, selladoras de latas, Maquinas de hacer pastillas, Maquinas de cortar carne...\",\"publisher\":{\"@id\":\"https:\/\/www.distribucionarc.com\/sl\/#organization\"},\"potentialAction\":[{\"@type\":\"SearchAction\",\"target\":{\"@type\":\"EntryPoint\",\"urlTemplate\":\"https:\/\/www.distribucionarc.com\/sl\/?s={search_term_string}\"},\"query-input\":{\"@type\":\"PropertyValueSpecification\",\"valueRequired\":true,\"valueName\":\"search_term_string\"}}],\"inLanguage\":\"de\"},{\"@type\":\"Organization\",\"@id\":\"https:\/\/www.distribucionarc.com\/sl\/#organization\",\"name\":\"Distribuci\u00f3n ARC\",\"url\":\"https:\/\/www.distribucionarc.com\/sl\/\",\"logo\":{\"@type\":\"ImageObject\",\"inLanguage\":\"de\",\"@id\":\"https:\/\/www.distribucionarc.com\/sl\/#\/schema\/logo\/image\/\",\"url\":\"https:\/\/distribucionarc.com\/wp-content\/uploads\/2024\/10\/distribucion-ARC-COLOR-SIN-FONDO-e1732295305345.png\",\"contentUrl\":\"https:\/\/distribucionarc.com\/wp-content\/uploads\/2024\/10\/distribucion-ARC-COLOR-SIN-FONDO-e1732295305345.png\",\"width\":1164,\"height\":558,\"caption\":\"Distribuci\u00f3n ARC\"},\"image\":{\"@id\":\"https:\/\/www.distribucionarc.com\/sl\/#\/schema\/logo\/image\/\"},\"description\":\"Empresa especializada en la fabricaci\u00f3n y distribuci\u00f3n de maquinaria industrial para los sectores alimentario y farmac\u00e9utico. Nos especializamos en: M\u00e1quinas de cortar carne Fabricaci\u00f3n de comprimidos Sistemas de transporte industrial L\u00edneas de embotellado Dosificadores Y mucho m\u00e1s... Ofrecemos soluciones innovadoras y personalizadas para optimizar los procesos productivos de tu empresa.\",\"email\":\"Admistracion@distribucionarc.com\",\"telephone\":\"+34 643496664\",\"legalName\":\"ARC TECH SOLUTIONS\",\"foundingDate\":\"2024-04-09\",\"vatID\":\"B55480172\",\"numberOfEmployees\":{\"@type\":\"QuantitativeValue\",\"minValue\":\"1\",\"maxValue\":\"10\"}}]}<\/script>\n<!-- \/ Yoast SEO Premium plugin. -->","yoast_head_json":{"title":"Doppeltes professionelles Waffeleisen - ARC-Vertrieb","robots":{"index":"index","follow":"follow","max-snippet":"max-snippet:-1","max-image-preview":"max-image-preview:large","max-video-preview":"max-video-preview:-1"},"canonical":"https:\/\/distribucionarc.com\/de\/produkt-2\/waffeleisen-profi-doppelt\/","og_locale":"de_DE","og_type":"article","og_title":"Gofrera profesional doble","og_description":"&nbsp; M\u00e1quina para hacer gofres doble profesional el\u00e9ctrica \u2013 1200W La m\u00e1quina para hacer gofres doble profesional el\u00e9ctrica es la herramienta perfecta para aquellos negocios que buscan ofrecer productos de alta calidad de manera eficiente. Con una potencia de 1200 vatios (W), esta gofrera permite preparar gofres de manera r\u00e1pida y uniforme, garantizando un acabado dorado y crujiente. Productos que puedes hacer con esta gofrera profesional:   Gofres tradicionales: Crujientes por fuera y esponjosos por dentro, perfectos para servir con miel, chocolate o frutas.  Gofres belgas: De mayor tama\u00f1o y con una textura m\u00e1s ligera, ideales para postres gourmet.  Gofres salados: Como gofres de queso, espinacas o con jam\u00f3n, perfectos para desayunos o brunches.  Gofres de masa integral o sin gluten: Adaptados para diferentes necesidades diet\u00e9ticas, ideales para cafeter\u00edas y restaurantes con men\u00fas saludables.  Sectores donde puedes implementar esta gofrera doble profesional:   Cafeter\u00edas: Ofrece gofres como parte de un men\u00fa variado de desayunos o meriendas.  Restaurantes: Ideal para crear postres personalizados y atractivos para los comensales.  Food trucks: Perfecta para preparar gofres frescos y calientes en eventos o ferias.  Pasteler\u00edas y panader\u00edas: A\u00f1ade gofres frescos a tu oferta de productos dulces.  Hoteles y buffets: La rapidez y eficiencia de esta gofrera el\u00e9ctrica te permite servir gofres calientes en el desayuno sin problemas.  Gracias a su dise\u00f1o doble, esta m\u00e1quina permite preparar dos gofres al mismo tiempo, lo que maximiza la productividad en entornos comerciales. Su placa antiadherente facilita la limpieza, lo que la convierte en una herramienta imprescindible para cualquier negocio que quiera incorporar gofres en su men\u00fa.  Si est\u00e1s buscando una gofrera profesional el\u00e9ctrica que combine potencia, eficiencia y durabilidad, esta m\u00e1quina de 1200W es la elecci\u00f3n perfecta para cualquier negocio que busque ofrecer productos de calidad de forma r\u00e1pida y consistente.","og_url":"https:\/\/distribucionarc.com\/de\/produkt-2\/waffeleisen-profi-doppelt\/","og_site_name":"distribuci\u00f3n ARC","article_modified_time":"2024-09-05T17:41:15+00:00","og_image":[{"width":1600,"height":1600,"url":"https:\/\/distribucionarc.com\/wp-content\/uploads\/2020\/07\/Gofrera-profesional-doble-0.jpg","type":"image\/jpeg"}],"twitter_card":"summary_large_image","twitter_misc":{"Gesch\u00e4tzte Lesezeit":"2\u00a0Minuten"},"schema":{"@context":"https:\/\/schema.org","@graph":[{"@type":"WebPage","@id":"https:\/\/distribucionarc.com\/pt\/producto\/gofrera-profesional-doble\/","url":"https:\/\/distribucionarc.com\/pt\/producto\/gofrera-profesional-doble\/","name":"Doppeltes professionelles Waffeleisen - ARC-Vertrieb","isPartOf":{"@id":"https:\/\/www.distribucionarc.com\/sl\/#website"},"primaryImageOfPage":{"@id":"https:\/\/distribucionarc.com\/pt\/producto\/gofrera-profesional-doble\/#primaryimage"},"image":{"@id":"https:\/\/distribucionarc.com\/pt\/producto\/gofrera-profesional-doble\/#primaryimage"},"thumbnailUrl":"https:\/\/distribucionarc.com\/wp-content\/uploads\/2020\/07\/Gofrera-profesional-doble-0.jpg","datePublished":"2020-07-15T15:30:51+00:00","dateModified":"2024-09-05T17:41:15+00:00","breadcrumb":{"@id":"https:\/\/distribucionarc.com\/pt\/producto\/gofrera-profesional-doble\/#breadcrumb"},"inLanguage":"de","potentialAction":[{"@type":"ReadAction","target":["https:\/\/distribucionarc.com\/pt\/producto\/gofrera-profesional-doble\/"]}]},{"@type":"ImageObject","inLanguage":"de","@id":"https:\/\/distribucionarc.com\/pt\/producto\/gofrera-profesional-doble\/#primaryimage","url":"https:\/\/distribucionarc.com\/wp-content\/uploads\/2020\/07\/Gofrera-profesional-doble-0.jpg","contentUrl":"https:\/\/distribucionarc.com\/wp-content\/uploads\/2020\/07\/Gofrera-profesional-doble-0.jpg","width":1600,"height":1600,"caption":"Gofrera profesional doble"},{"@type":"BreadcrumbList","@id":"https:\/\/distribucionarc.com\/pt\/producto\/gofrera-profesional-doble\/#breadcrumb","itemListElement":[{"@type":"ListItem","position":1,"name":"Portada","item":"https:\/\/www.distribucionarc.com\/"},{"@type":"ListItem","position":2,"name":"\u00dcr\u00fcnler","item":"https:\/\/www.distribucionarc.com\/tr\/magaza\/"},{"@type":"ListItem","position":3,"name":"Gofrera profesional doble"}]},{"@type":"WebSite","@id":"https:\/\/www.distribucionarc.com\/sl\/#website","url":"https:\/\/www.distribucionarc.com\/sl\/","name":"ARC-Verteilung","description":"Das Unternehmen ist auf die Herstellung und den Vertrieb von Industriemaschinen, Dosenverschlie\u00dfmaschinen, Tablettenmaschinen, Fleischschneidemaschinen...","publisher":{"@id":"https:\/\/www.distribucionarc.com\/sl\/#organization"},"potentialAction":[{"@type":"SearchAction","target":{"@type":"EntryPoint","urlTemplate":"https:\/\/www.distribucionarc.com\/sl\/?s={search_term_string}"},"query-input":{"@type":"PropertyValueSpecification","valueRequired":true,"valueName":"search_term_string"}}],"inLanguage":"de"},{"@type":"Organization","@id":"https:\/\/www.distribucionarc.com\/sl\/#organization","name":"ARC-Verteilung","url":"https:\/\/www.distribucionarc.com\/sl\/","logo":{"@type":"ImageObject","inLanguage":"de","@id":"https:\/\/www.distribucionarc.com\/sl\/#\/schema\/logo\/image\/","url":"https:\/\/distribucionarc.com\/wp-content\/uploads\/2024\/10\/distribucion-ARC-COLOR-SIN-FONDO-e1732295305345.png","contentUrl":"https:\/\/distribucionarc.com\/wp-content\/uploads\/2024\/10\/distribucion-ARC-COLOR-SIN-FONDO-e1732295305345.png","width":1164,"height":558,"caption":"Distribuci\u00f3n ARC"},"image":{"@id":"https:\/\/www.distribucionarc.com\/sl\/#\/schema\/logo\/image\/"},"description":"Unternehmen, das auf die Herstellung und den Vertrieb von Industriemaschinen f\u00fcr den Lebensmittel- und Pharmasektor spezialisiert ist. Wir sind spezialisiert auf: Fleischschneidemaschinen Tablettenherstellung Industrielle F\u00f6rdersysteme Abf\u00fcllanlagen Dispenser Und vieles mehr... Wir bieten innovative und ma\u00dfgeschneiderte L\u00f6sungen zur Optimierung der Produktionsprozesse in Ihrem Unternehmen.","email":"Admistracion@distribucionarc.com","telephone":"+34 643496664","legalName":"ARC TECH SOLUTIONS","foundingDate":"2024-04-09","vatID":"B55480172","numberOfEmployees":{"@type":"QuantitativeValue","minValue":"1","maxValue":"10"}}]}},"_links":{"self":[{"href":"https:\/\/distribucionarc.com\/de\/wp-json\/wp\/v2\/product\/983","targetHints":{"allow":["GET"]}}],"collection":[{"href":"https:\/\/distribucionarc.com\/de\/wp-json\/wp\/v2\/product"}],"about":[{"href":"https:\/\/distribucionarc.com\/de\/wp-json\/wp\/v2\/types\/product"}],"replies":[{"embeddable":true,"href":"https:\/\/distribucionarc.com\/de\/wp-json\/wp\/v2\/comments?post=983"}],"version-history":[{"count":0,"href":"https:\/\/distribucionarc.com\/de\/wp-json\/wp\/v2\/product\/983\/revisions"}],"wp:featuredmedia":[{"embeddable":true,"href":"https:\/\/distribucionarc.com\/de\/wp-json\/wp\/v2\/media\/992"}],"wp:attachment":[{"href":"https:\/\/distribucionarc.com\/de\/wp-json\/wp\/v2\/media?parent=983"}],"wp:term":[{"taxonomy":"product_brand","embeddable":true,"href":"https:\/\/distribucionarc.com\/de\/wp-json\/wp\/v2\/product_brand?post=983"},{"taxonomy":"product_cat","embeddable":true,"href":"https:\/\/distribucionarc.com\/de\/wp-json\/wp\/v2\/product_cat?post=983"},{"taxonomy":"product_tag","embeddable":true,"href":"https:\/\/distribucionarc.com\/de\/wp-json\/wp\/v2\/product_tag?post=983"}],"curies":[{"name":"wp","href":"https:\/\/api.w.org\/{rel}","templated":true}]}}