{"id":997,"date":"2020-07-15T16:59:51","date_gmt":"2020-07-15T16:59:51","guid":{"rendered":"https:\/\/distribucionarc.com\/?post_type=product&#038;p=997"},"modified":"2024-09-05T18:13:08","modified_gmt":"2024-09-05T18:13:08","slug":"heises-anzeigefenster","status":"publish","type":"product","link":"https:\/\/distribucionarc.com\/de\/producto\/vitrina-expositora-caliente\/","title":{"rendered":"Normale hei\u00dfe Vitrine"},"content":{"rendered":"<h3>Normale hei\u00dfe Vitrine<\/h3>\n<p>Wenn Sie auf der Suche nach der perfekten L\u00f6sung sind, um Ihre Speisen in \u201eAusstellungs- und Verkaufsr\u00e4umen\u201c \u00fcber mehrere Stunden bei Serviertemperatur warm zu halten, sind Sie auf der Suche nach der L\u00f6sung<strong> Heizungen<\/strong> Und <strong>Warmhaltevitrinen<\/strong> von <strong><span style=\"color: #ff0000;\">ZU<\/span><span style=\"color: #0000ff;\">R<\/span>C<\/strong>. Der <strong>hei\u00dfe Vitrine<\/strong> von <strong><span style=\"color: #ff0000;\">ZU<\/span><span style=\"color: #0000ff;\">R<\/span>C<\/strong> bietet Ausstattungsl\u00f6sungen f\u00fcr Kantinen, Buffets, Gesch\u00e4fte und Restaurants.<\/p>\n<p>Das <strong>Vitrine<\/strong> <strong>hei\u00df <span style=\"color: #ff0000;\">ZU<\/span><span style=\"color: #0000ff;\">R<\/span>C<\/strong> Die Arbeitsplatte verf\u00fcgt \u00fcber einen stabilen Edelstahlrahmen, W\u00e4nde aus geh\u00e4rtetem Glas und T\u00fcren aus Acryl. Mit hoher Stabilit\u00e4t und verbesserter Sicht. Es ist mit leicht zu \u00f6ffnenden T\u00fcren, geh\u00e4rtetem Glas und einem magnetischen Schlie\u00dfsystem ausgestattet. Bietet eine verbesserte T\u00fcrabdichtung.<\/p>\n<p>Der <strong>hei\u00dfe Vitrine <span style=\"color: #ff0000;\">ZU<\/span><span style=\"color: #0000ff;\">R<\/span>CVEC1<\/strong> Es verf\u00fcgt \u00fcber einen thermostatischen Drehknopf, mit dem Sie die am besten geeignete Temperatur f\u00fcr verschiedene Arten von Lebensmitteln ausw\u00e4hlen k\u00f6nnen. Die beiden Korbschichten bestehen aus 2 Edelstahltabletts mit den Ma\u00dfen 19,5 x 17,5 cm. Die Tabletts k\u00f6nnen hinein- und herausgeschoben werden, was eine gr\u00f6\u00dfere Kapazit\u00e4t f\u00fcr die Pfannenw\u00e4rmer bietet.<strong> hei\u00dfe Vitrinen<\/strong>, verf\u00fcgt im Allgemeinen \u00fcber Eimer zum Anordnen von Speisen auf der Bar, auch bekannt als <strong>Vitrinen<\/strong>r, sie werden dank der Hitze, in die die Eimer eingetaucht sind, auf der richtigen Temperatur gehalten. Im Allgemeinen die <strong>hei\u00dfe Vitrinen<\/strong> Zur Wartung und einfachen Reinigung verf\u00fcgt das Bain-Marie \u00fcber einen Abfluss. Sowie Schiebet\u00fcren, um die Temperatur aufrechtzuerhalten und keine Energie zu verschwenden, wodurch es zu einem wird <strong><span style=\"color: #008000;\">effiziente Verbrauchsmaschine<\/span><\/strong>.<\/p>\n<p>Dekorative warme Lichter machen das Essen f\u00fcr den Kunden attraktiver und auff\u00e4lliger; mit zuverl\u00e4ssigem und sicherem Ein-\/Ausschalter, wasserdicht, staubdicht und best\u00e4ndig gegen elektrische Leckagen; Unten befindet sich eine Auffangschale f\u00fcr \u00d6l.<\/p>\n<p>&nbsp;<\/p>\n<h6><strong>Garantie\u00a0<span style=\"color: #ff0000;\">ZU<span style=\"color: #0000ff;\">R<\/span><\/span>C 2 JAHRE<\/strong><\/h6>\n<h6><span style=\"color: #008000;\">Effiziente Warmhaltevitrine, geringer Verbrauch 600 W<\/span><\/h6>\n<h6><strong>Technischer Support inklusive.<\/strong><\/h6>\n<p>&nbsp;<\/p>\n<p>&nbsp;<\/p>\n<table role=\"presentation\" width=\"100%\" cellspacing=\"0\" cellpadding=\"0\">\n<tbody>\n<tr>\n<td class=\"attrLabels\">Temperatur:<\/td>\n<td width=\"50.0%\">30-85 \u00b0C<\/td>\n<\/tr>\n<tr>\n<td class=\"attrLabels\">Vertriebsland:<\/td>\n<td width=\"50.0%\">Spanien, Deutschland, USA<\/td>\n<td class=\"attrLabels\">Gewicht:<\/td>\n<td width=\"50.0%\">17kg<\/td>\n<\/tr>\n<tr>\n<td class=\"attrLabels\">Marke:<\/td>\n<td width=\"50.0%\">BOGEN<\/td>\n<td class=\"attrLabels\">H\u00f6he:<\/td>\n<td width=\"50.0%\">51cm<\/td>\n<\/tr>\n<tr>\n<td class=\"attrLabels\">Farbe:<\/td>\n<td width=\"50.0%\">Silber<\/td>\n<td class=\"attrLabels\">Lang:<\/td>\n<td width=\"50.0%\">61cm<\/td>\n<\/tr>\n<tr>\n<td class=\"attrLabels\">Produkttyp:<\/td>\n<td width=\"50.0%\">Hei\u00dfe Vitrine<\/td>\n<td class=\"attrLabels\">Breit:<\/td>\n<td width=\"50.0%\">38cm<\/td>\n<\/tr>\n<tr>\n<td class=\"attrLabels\">Herstellernummer:<\/td>\n<td width=\"50.0%\">ARCVEC1<\/td>\n<td class=\"attrLabels\">Leistung:<\/td>\n<td width=\"50.0%\">600W<\/td>\n<\/tr>\n<tr>\n<td class=\"attrLabels\">Material:<\/td>\n<td width=\"50.0%\">Edelstahl, Temperaturregelung<\/td>\n<td class=\"attrLabels\">Eingangsspannung<\/td>\n<td width=\"50.0%\">220V \u2013 60Hz<\/td>\n<\/tr>\n<tr>\n<td class=\"attrLabels\">Ebenen:<\/td>\n<td width=\"50.0%\">\u00a02<\/td>\n<td class=\"attrLabels\">Kabinengr\u00f6\u00dfe:<\/td>\n<td width=\"50.0%\">14cm<\/td>\n<\/tr>\n<tr>\n<td class=\"attrLabels\">Installationswerkzeuge:<\/td>\n<td width=\"50.0%\">Ja<\/td>\n<td class=\"attrLabels\">Garantie:<\/td>\n<td width=\"50.0%\">2 JAHRE<\/td>\n<\/tr>\n<\/tbody>\n<\/table>","protected":false},"excerpt":{"rendered":"<h2><strong style=\"font-size: 16px;\">Vitrina caliente Expositor de sobremesa de ARC \u2013 600W<\/strong><\/h2>\n<div class=\"group\/conversation-turn relative flex w-full min-w-0 flex-col agent-turn\">\n<div class=\"flex-col gap-1 md:gap-3\">\n<div class=\"flex max-w-full flex-col flex-grow\">\n<div class=\"min-h-[20px] text-message flex w-full flex-col items-end gap-2 break-words [.text-message+&amp;]:mt-5 overflow-x-auto whitespace-normal\" dir=\"auto\" data-message-author-role=\"assistant\" data-message-id=\"581870f1-c993-4564-b525-941801f8dd53\">\n<div class=\"flex w-full flex-col gap-1 empty:hidden first:pt-[3px]\">\n<div class=\"markdown prose w-full break-words dark:prose-invert light\">\n<p>La <strong>vitrina de exposici\u00f3n caliente de sobremesa<\/strong> de ARC es perfecta para mantener los alimentos calientes y frescos, garantizando una presentaci\u00f3n atractiva. Con una potencia de <strong>600 vatios (W)<\/strong> y fabricada en <strong>acero inoxidable 304<\/strong>, apto para el uso alimentario, asegura durabilidad, seguridad y f\u00e1cil limpieza. Sus dimensiones de <strong>61 cent\u00edmetros (cm) x 38 cent\u00edmetros (cm) x 51 cent\u00edmetros (cm)<\/strong> proporcionan el espacio necesario, con <strong>dos niveles<\/strong> que permiten una excelente exposici\u00f3n de alimentos.<\/p>\n<h3>Productos que puedes exhibir en esta <strong>vitrina caliente de sobremesa<\/strong>:<\/h3>\n<ul>\n<li><strong>Pizzas<\/strong>: Mant\u00e9n porciones individuales de pizza calientes y listas para servir.<\/li>\n<li><strong>Empanadas<\/strong>: Perfectas para mantener crujientes y calientes.<\/li>\n<li><strong>Croissants<\/strong>: Ideal para panader\u00edas y cafeter\u00edas.<\/li>\n<li><strong>Hot dogs<\/strong>: Listos para ser servidos en tiendas de conveniencia o buffets.<\/li>\n<li><strong>Bocadillos<\/strong>: S\u00e1ndwiches y bocadillos calientes, perfectos para cafeter\u00edas.<\/li>\n<li><strong>Hamburguesas<\/strong>: Mant\u00e9n las hamburguesas jugosas y calientes antes de servir.<\/li>\n<li><strong>Panes y boller\u00eda<\/strong>: Exhibe pan reci\u00e9n horneado, manteni\u00e9ndolo caliente.<\/li>\n<li><strong>Carnes asadas<\/strong>: Como pollos asados o costillas, listos para llevar.<\/li>\n<li><strong>Patatas fritas<\/strong>: Mant\u00e9n las patatas crujientes a la temperatura perfecta.<\/li>\n<\/ul>\n<h3>Sectores donde se puede implementar esta <strong>vitrina de exposici\u00f3n caliente<\/strong>:<\/h3>\n<ul>\n<li><strong>Cafeter\u00edas<\/strong>: Exhibe croissants, bocadillos y hamburguesas calientes.<\/li>\n<li><strong>Panader\u00edas y pasteler\u00edas<\/strong>: Perfecta para productos horneados calientes.<\/li>\n<li><strong>Restaurantes de comida r\u00e1pida<\/strong>: Ideal para hamburguesas, pizzas y otros alimentos calientes.<\/li>\n<li><strong>Hoteles<\/strong>: Perfecta para buffets de desayuno, manteniendo el pan y otros productos calientes.<\/li>\n<li><strong>Supermercados<\/strong>: Para comidas preparadas y listas para llevar.<\/li>\n<li><strong>Estaciones de servicio<\/strong>: Hot dogs, empanadas, y bocadillos calientes listos para el cliente en movimiento.<\/li>\n<li><strong>Catering y eventos<\/strong>: Mant\u00e9n la comida caliente y fresca durante eventos o reuniones.<\/li>\n<\/ul>\n<p>La <strong>vitrina caliente de sobremesa<\/strong> de ARC es una opci\u00f3n ideal para cualquier negocio que busque una soluci\u00f3n profesional para mantener y exhibir alimentos calientes de manera atractiva. Esta <strong>vitrina caliente profesional<\/strong> es indispensable para quienes valoran la calidad y el control de temperatura en sus productos.<\/p>\n<\/div>\n<\/div>\n<\/div>\n<\/div>\n<\/div>\n<\/div>\n","protected":false},"featured_media":1005,"comment_status":"open","ping_status":"closed","template":"","meta":{"wds_primary_product_brand":0,"wds_primary_product_cat":0},"product_brand":[],"product_cat":[41],"product_tag":[],"class_list":{"0":"post-997","1":"product","2":"type-product","3":"status-publish","4":"has-post-thumbnail","6":"product_cat-expositor-de-alimentos","7":"product_shipping_class-hosteleria","9":"first","10":"instock","11":"taxable","12":"shipping-taxable","13":"purchasable","14":"product-type-simple"},"yoast_head":"<!-- This site is optimized with the Yoast SEO Premium plugin v24.9 (Yoast SEO v26.1) - https:\/\/yoast.com\/wordpress\/plugins\/seo\/ -->\n<title>Vitrina expositor caliente normal - distribuci\u00f3n ARC<\/title>\n<meta name=\"robots\" content=\"index, follow, max-snippet:-1, max-image-preview:large, max-video-preview:-1\" \/>\n<link rel=\"canonical\" href=\"https:\/\/distribucionarc.com\/de\/produkt-2\/heises-anzeigefenster\/\" \/>\n<meta property=\"og:locale\" content=\"de_DE\" \/>\n<meta property=\"og:type\" content=\"article\" \/>\n<meta property=\"og:title\" content=\"Vitrina expositor caliente normal\" \/>\n<meta property=\"og:description\" content=\"Vitrina caliente Expositor de sobremesa de ARC \u2013 600W        La vitrina de exposici\u00f3n caliente de sobremesa de ARC es perfecta para mantener los alimentos calientes y frescos, garantizando una presentaci\u00f3n atractiva. Con una potencia de 600 vatios (W) y fabricada en acero inoxidable 304, apto para el uso alimentario, asegura durabilidad, seguridad y f\u00e1cil limpieza. Sus dimensiones de 61 cent\u00edmetros (cm) x 38 cent\u00edmetros (cm) x 51 cent\u00edmetros (cm) proporcionan el espacio necesario, con dos niveles que permiten una excelente exposici\u00f3n de alimentos. Productos que puedes exhibir en esta vitrina caliente de sobremesa:   Pizzas: Mant\u00e9n porciones individuales de pizza calientes y listas para servir.  Empanadas: Perfectas para mantener crujientes y calientes.  Croissants: Ideal para panader\u00edas y cafeter\u00edas.  Hot dogs: Listos para ser servidos en tiendas de conveniencia o buffets.  Bocadillos: S\u00e1ndwiches y bocadillos calientes, perfectos para cafeter\u00edas.  Hamburguesas: Mant\u00e9n las hamburguesas jugosas y calientes antes de servir.  Panes y boller\u00eda: Exhibe pan reci\u00e9n horneado, manteni\u00e9ndolo caliente.  Carnes asadas: Como pollos asados o costillas, listos para llevar.  Patatas fritas: Mant\u00e9n las patatas crujientes a la temperatura perfecta.  Sectores donde se puede implementar esta vitrina de exposici\u00f3n caliente:   Cafeter\u00edas: Exhibe croissants, bocadillos y hamburguesas calientes.  Panader\u00edas y pasteler\u00edas: Perfecta para productos horneados calientes.  Restaurantes de comida r\u00e1pida: Ideal para hamburguesas, pizzas y otros alimentos calientes.  Hoteles: Perfecta para buffets de desayuno, manteniendo el pan y otros productos calientes.  Supermercados: Para comidas preparadas y listas para llevar.  Estaciones de servicio: Hot dogs, empanadas, y bocadillos calientes listos para el cliente en movimiento.  Catering y eventos: Mant\u00e9n la comida caliente y fresca durante eventos o reuniones.  La vitrina caliente de sobremesa de ARC es una opci\u00f3n ideal para cualquier negocio que busque una soluci\u00f3n profesional para mantener y exhibir alimentos calientes de manera atractiva. Esta vitrina caliente profesional es indispensable para quienes valoran la calidad y el control de temperatura en sus productos.\" \/>\n<meta property=\"og:url\" content=\"https:\/\/distribucionarc.com\/de\/produkt-2\/heises-anzeigefenster\/\" \/>\n<meta property=\"og:site_name\" content=\"distribuci\u00f3n ARC\" \/>\n<meta property=\"article:modified_time\" content=\"2024-09-05T18:13:08+00:00\" \/>\n<meta property=\"og:image\" content=\"https:\/\/distribucionarc.com\/wp-content\/uploads\/2020\/07\/vitrina-expositora-caliente-0.jpg\" \/>\n\t<meta property=\"og:image:width\" content=\"1600\" \/>\n\t<meta property=\"og:image:height\" content=\"1600\" \/>\n\t<meta property=\"og:image:type\" content=\"image\/jpeg\" \/>\n<meta name=\"twitter:card\" content=\"summary_large_image\" \/>\n<meta name=\"twitter:label1\" content=\"Gesch\u00e4tzte Lesezeit\" \/>\n\t<meta name=\"twitter:data1\" content=\"2\u00a0Minuten\" \/>\n<script type=\"application\/ld+json\" class=\"yoast-schema-graph\">{\"@context\":\"https:\/\/schema.org\",\"@graph\":[{\"@type\":\"WebPage\",\"@id\":\"https:\/\/distribucionarc.com\/sk\/producto\/vitrina-expositora-caliente\/\",\"url\":\"https:\/\/distribucionarc.com\/sk\/producto\/vitrina-expositora-caliente\/\",\"name\":\"Vitrina expositor caliente normal - distribuci\u00f3n ARC\",\"isPartOf\":{\"@id\":\"https:\/\/www.distribucionarc.com\/sl\/#website\"},\"primaryImageOfPage\":{\"@id\":\"https:\/\/distribucionarc.com\/sk\/producto\/vitrina-expositora-caliente\/#primaryimage\"},\"image\":{\"@id\":\"https:\/\/distribucionarc.com\/sk\/producto\/vitrina-expositora-caliente\/#primaryimage\"},\"thumbnailUrl\":\"https:\/\/distribucionarc.com\/wp-content\/uploads\/2020\/07\/vitrina-expositora-caliente-0.jpg\",\"datePublished\":\"2020-07-15T16:59:51+00:00\",\"dateModified\":\"2024-09-05T18:13:08+00:00\",\"breadcrumb\":{\"@id\":\"https:\/\/distribucionarc.com\/sk\/producto\/vitrina-expositora-caliente\/#breadcrumb\"},\"inLanguage\":\"de\",\"potentialAction\":[{\"@type\":\"ReadAction\",\"target\":[\"https:\/\/distribucionarc.com\/sk\/producto\/vitrina-expositora-caliente\/\"]}]},{\"@type\":\"ImageObject\",\"inLanguage\":\"de\",\"@id\":\"https:\/\/distribucionarc.com\/sk\/producto\/vitrina-expositora-caliente\/#primaryimage\",\"url\":\"https:\/\/distribucionarc.com\/wp-content\/uploads\/2020\/07\/vitrina-expositora-caliente-0.jpg\",\"contentUrl\":\"https:\/\/distribucionarc.com\/wp-content\/uploads\/2020\/07\/vitrina-expositora-caliente-0.jpg\",\"width\":1600,\"height\":1600,\"caption\":\"vitrina expositora caliente\"},{\"@type\":\"BreadcrumbList\",\"@id\":\"https:\/\/distribucionarc.com\/sk\/producto\/vitrina-expositora-caliente\/#breadcrumb\",\"itemListElement\":[{\"@type\":\"ListItem\",\"position\":1,\"name\":\"Portada\",\"item\":\"https:\/\/www.distribucionarc.com\/\"},{\"@type\":\"ListItem\",\"position\":2,\"name\":\"\u00dcr\u00fcnler\",\"item\":\"https:\/\/www.distribucionarc.com\/tr\/magaza\/\"},{\"@type\":\"ListItem\",\"position\":3,\"name\":\"Vitrina expositor caliente normal\"}]},{\"@type\":\"WebSite\",\"@id\":\"https:\/\/www.distribucionarc.com\/sl\/#website\",\"url\":\"https:\/\/www.distribucionarc.com\/sl\/\",\"name\":\"distribuci\u00f3n ARC\",\"description\":\"Empresa especializada en la fabricaci\u00f3n y distribuci\u00f3n de maquinaria industrial, selladoras de latas, Maquinas de hacer pastillas, Maquinas de cortar carne...\",\"publisher\":{\"@id\":\"https:\/\/www.distribucionarc.com\/sl\/#organization\"},\"potentialAction\":[{\"@type\":\"SearchAction\",\"target\":{\"@type\":\"EntryPoint\",\"urlTemplate\":\"https:\/\/www.distribucionarc.com\/sl\/?s={search_term_string}\"},\"query-input\":{\"@type\":\"PropertyValueSpecification\",\"valueRequired\":true,\"valueName\":\"search_term_string\"}}],\"inLanguage\":\"de\"},{\"@type\":\"Organization\",\"@id\":\"https:\/\/www.distribucionarc.com\/sl\/#organization\",\"name\":\"Distribuci\u00f3n ARC\",\"url\":\"https:\/\/www.distribucionarc.com\/sl\/\",\"logo\":{\"@type\":\"ImageObject\",\"inLanguage\":\"de\",\"@id\":\"https:\/\/www.distribucionarc.com\/sl\/#\/schema\/logo\/image\/\",\"url\":\"https:\/\/distribucionarc.com\/wp-content\/uploads\/2024\/10\/distribucion-ARC-COLOR-SIN-FONDO-e1732295305345.png\",\"contentUrl\":\"https:\/\/distribucionarc.com\/wp-content\/uploads\/2024\/10\/distribucion-ARC-COLOR-SIN-FONDO-e1732295305345.png\",\"width\":1164,\"height\":558,\"caption\":\"Distribuci\u00f3n ARC\"},\"image\":{\"@id\":\"https:\/\/www.distribucionarc.com\/sl\/#\/schema\/logo\/image\/\"},\"description\":\"Empresa especializada en la fabricaci\u00f3n y distribuci\u00f3n de maquinaria industrial para los sectores alimentario y farmac\u00e9utico. Nos especializamos en: M\u00e1quinas de cortar carne Fabricaci\u00f3n de comprimidos Sistemas de transporte industrial L\u00edneas de embotellado Dosificadores Y mucho m\u00e1s... Ofrecemos soluciones innovadoras y personalizadas para optimizar los procesos productivos de tu empresa.\",\"email\":\"Admistracion@distribucionarc.com\",\"telephone\":\"+34 643496664\",\"legalName\":\"ARC TECH SOLUTIONS\",\"foundingDate\":\"2024-04-09\",\"vatID\":\"B55480172\",\"numberOfEmployees\":{\"@type\":\"QuantitativeValue\",\"minValue\":\"1\",\"maxValue\":\"10\"}}]}<\/script>\n<!-- \/ Yoast SEO Premium plugin. -->","yoast_head_json":{"title":"Normale Warmhaltevitrine \u2013 ARC-Verteilung","robots":{"index":"index","follow":"follow","max-snippet":"max-snippet:-1","max-image-preview":"max-image-preview:large","max-video-preview":"max-video-preview:-1"},"canonical":"https:\/\/distribucionarc.com\/de\/produkt-2\/heises-anzeigefenster\/","og_locale":"de_DE","og_type":"article","og_title":"Vitrina expositor caliente normal","og_description":"Vitrina caliente Expositor de sobremesa de ARC \u2013 600W        La vitrina de exposici\u00f3n caliente de sobremesa de ARC es perfecta para mantener los alimentos calientes y frescos, garantizando una presentaci\u00f3n atractiva. Con una potencia de 600 vatios (W) y fabricada en acero inoxidable 304, apto para el uso alimentario, asegura durabilidad, seguridad y f\u00e1cil limpieza. Sus dimensiones de 61 cent\u00edmetros (cm) x 38 cent\u00edmetros (cm) x 51 cent\u00edmetros (cm) proporcionan el espacio necesario, con dos niveles que permiten una excelente exposici\u00f3n de alimentos. Productos que puedes exhibir en esta vitrina caliente de sobremesa:   Pizzas: Mant\u00e9n porciones individuales de pizza calientes y listas para servir.  Empanadas: Perfectas para mantener crujientes y calientes.  Croissants: Ideal para panader\u00edas y cafeter\u00edas.  Hot dogs: Listos para ser servidos en tiendas de conveniencia o buffets.  Bocadillos: S\u00e1ndwiches y bocadillos calientes, perfectos para cafeter\u00edas.  Hamburguesas: Mant\u00e9n las hamburguesas jugosas y calientes antes de servir.  Panes y boller\u00eda: Exhibe pan reci\u00e9n horneado, manteni\u00e9ndolo caliente.  Carnes asadas: Como pollos asados o costillas, listos para llevar.  Patatas fritas: Mant\u00e9n las patatas crujientes a la temperatura perfecta.  Sectores donde se puede implementar esta vitrina de exposici\u00f3n caliente:   Cafeter\u00edas: Exhibe croissants, bocadillos y hamburguesas calientes.  Panader\u00edas y pasteler\u00edas: Perfecta para productos horneados calientes.  Restaurantes de comida r\u00e1pida: Ideal para hamburguesas, pizzas y otros alimentos calientes.  Hoteles: Perfecta para buffets de desayuno, manteniendo el pan y otros productos calientes.  Supermercados: Para comidas preparadas y listas para llevar.  Estaciones de servicio: Hot dogs, empanadas, y bocadillos calientes listos para el cliente en movimiento.  Catering y eventos: Mant\u00e9n la comida caliente y fresca durante eventos o reuniones.  La vitrina caliente de sobremesa de ARC es una opci\u00f3n ideal para cualquier negocio que busque una soluci\u00f3n profesional para mantener y exhibir alimentos calientes de manera atractiva. Esta vitrina caliente profesional es indispensable para quienes valoran la calidad y el control de temperatura en sus productos.","og_url":"https:\/\/distribucionarc.com\/de\/produkt-2\/heises-anzeigefenster\/","og_site_name":"distribuci\u00f3n ARC","article_modified_time":"2024-09-05T18:13:08+00:00","og_image":[{"width":1600,"height":1600,"url":"https:\/\/distribucionarc.com\/wp-content\/uploads\/2020\/07\/vitrina-expositora-caliente-0.jpg","type":"image\/jpeg"}],"twitter_card":"summary_large_image","twitter_misc":{"Gesch\u00e4tzte Lesezeit":"2\u00a0Minuten"},"schema":{"@context":"https:\/\/schema.org","@graph":[{"@type":"WebPage","@id":"https:\/\/distribucionarc.com\/sk\/producto\/vitrina-expositora-caliente\/","url":"https:\/\/distribucionarc.com\/sk\/producto\/vitrina-expositora-caliente\/","name":"Normale Warmhaltevitrine \u2013 ARC-Verteilung","isPartOf":{"@id":"https:\/\/www.distribucionarc.com\/sl\/#website"},"primaryImageOfPage":{"@id":"https:\/\/distribucionarc.com\/sk\/producto\/vitrina-expositora-caliente\/#primaryimage"},"image":{"@id":"https:\/\/distribucionarc.com\/sk\/producto\/vitrina-expositora-caliente\/#primaryimage"},"thumbnailUrl":"https:\/\/distribucionarc.com\/wp-content\/uploads\/2020\/07\/vitrina-expositora-caliente-0.jpg","datePublished":"2020-07-15T16:59:51+00:00","dateModified":"2024-09-05T18:13:08+00:00","breadcrumb":{"@id":"https:\/\/distribucionarc.com\/sk\/producto\/vitrina-expositora-caliente\/#breadcrumb"},"inLanguage":"de","potentialAction":[{"@type":"ReadAction","target":["https:\/\/distribucionarc.com\/sk\/producto\/vitrina-expositora-caliente\/"]}]},{"@type":"ImageObject","inLanguage":"de","@id":"https:\/\/distribucionarc.com\/sk\/producto\/vitrina-expositora-caliente\/#primaryimage","url":"https:\/\/distribucionarc.com\/wp-content\/uploads\/2020\/07\/vitrina-expositora-caliente-0.jpg","contentUrl":"https:\/\/distribucionarc.com\/wp-content\/uploads\/2020\/07\/vitrina-expositora-caliente-0.jpg","width":1600,"height":1600,"caption":"vitrina expositora caliente"},{"@type":"BreadcrumbList","@id":"https:\/\/distribucionarc.com\/sk\/producto\/vitrina-expositora-caliente\/#breadcrumb","itemListElement":[{"@type":"ListItem","position":1,"name":"Portada","item":"https:\/\/www.distribucionarc.com\/"},{"@type":"ListItem","position":2,"name":"\u00dcr\u00fcnler","item":"https:\/\/www.distribucionarc.com\/tr\/magaza\/"},{"@type":"ListItem","position":3,"name":"Vitrina expositor caliente normal"}]},{"@type":"WebSite","@id":"https:\/\/www.distribucionarc.com\/sl\/#website","url":"https:\/\/www.distribucionarc.com\/sl\/","name":"ARC-Verteilung","description":"Das Unternehmen ist auf die Herstellung und den Vertrieb von Industriemaschinen, Dosenverschlie\u00dfmaschinen, Tablettenmaschinen, Fleischschneidemaschinen...","publisher":{"@id":"https:\/\/www.distribucionarc.com\/sl\/#organization"},"potentialAction":[{"@type":"SearchAction","target":{"@type":"EntryPoint","urlTemplate":"https:\/\/www.distribucionarc.com\/sl\/?s={search_term_string}"},"query-input":{"@type":"PropertyValueSpecification","valueRequired":true,"valueName":"search_term_string"}}],"inLanguage":"de"},{"@type":"Organization","@id":"https:\/\/www.distribucionarc.com\/sl\/#organization","name":"ARC-Verteilung","url":"https:\/\/www.distribucionarc.com\/sl\/","logo":{"@type":"ImageObject","inLanguage":"de","@id":"https:\/\/www.distribucionarc.com\/sl\/#\/schema\/logo\/image\/","url":"https:\/\/distribucionarc.com\/wp-content\/uploads\/2024\/10\/distribucion-ARC-COLOR-SIN-FONDO-e1732295305345.png","contentUrl":"https:\/\/distribucionarc.com\/wp-content\/uploads\/2024\/10\/distribucion-ARC-COLOR-SIN-FONDO-e1732295305345.png","width":1164,"height":558,"caption":"Distribuci\u00f3n ARC"},"image":{"@id":"https:\/\/www.distribucionarc.com\/sl\/#\/schema\/logo\/image\/"},"description":"Unternehmen, das auf die Herstellung und den Vertrieb von Industriemaschinen f\u00fcr den Lebensmittel- und Pharmasektor spezialisiert ist. Wir sind spezialisiert auf: Fleischschneidemaschinen Tablettenherstellung Industrielle F\u00f6rdersysteme Abf\u00fcllanlagen Dispenser Und vieles mehr... Wir bieten innovative und ma\u00dfgeschneiderte L\u00f6sungen zur Optimierung der Produktionsprozesse in Ihrem Unternehmen.","email":"Admistracion@distribucionarc.com","telephone":"+34 643496664","legalName":"ARC TECH SOLUTIONS","foundingDate":"2024-04-09","vatID":"B55480172","numberOfEmployees":{"@type":"QuantitativeValue","minValue":"1","maxValue":"10"}}]}},"_links":{"self":[{"href":"https:\/\/distribucionarc.com\/de\/wp-json\/wp\/v2\/product\/997","targetHints":{"allow":["GET"]}}],"collection":[{"href":"https:\/\/distribucionarc.com\/de\/wp-json\/wp\/v2\/product"}],"about":[{"href":"https:\/\/distribucionarc.com\/de\/wp-json\/wp\/v2\/types\/product"}],"replies":[{"embeddable":true,"href":"https:\/\/distribucionarc.com\/de\/wp-json\/wp\/v2\/comments?post=997"}],"version-history":[{"count":0,"href":"https:\/\/distribucionarc.com\/de\/wp-json\/wp\/v2\/product\/997\/revisions"}],"wp:featuredmedia":[{"embeddable":true,"href":"https:\/\/distribucionarc.com\/de\/wp-json\/wp\/v2\/media\/1005"}],"wp:attachment":[{"href":"https:\/\/distribucionarc.com\/de\/wp-json\/wp\/v2\/media?parent=997"}],"wp:term":[{"taxonomy":"product_brand","embeddable":true,"href":"https:\/\/distribucionarc.com\/de\/wp-json\/wp\/v2\/product_brand?post=997"},{"taxonomy":"product_cat","embeddable":true,"href":"https:\/\/distribucionarc.com\/de\/wp-json\/wp\/v2\/product_cat?post=997"},{"taxonomy":"product_tag","embeddable":true,"href":"https:\/\/distribucionarc.com\/de\/wp-json\/wp\/v2\/product_tag?post=997"}],"curies":[{"name":"wp","href":"https:\/\/api.w.org\/{rel}","templated":true}]}}