{"id":2236,"date":"2020-10-08T10:53:49","date_gmt":"2020-10-08T10:53:49","guid":{"rendered":"https:\/\/distribucionarc.com\/?post_type=product&#038;p=2236"},"modified":"2023-02-23T18:21:39","modified_gmt":"2023-02-23T18:21:39","slug":"%cf%84%cf%81%ce%bf%cf%87%ce%b9%ce%b1%ce%ba%cf%8c%cf%82-%ce%b1%ce%bd%ce%b1%ce%b4%ce%b5%cf%85%cf%84%ce%ae%cf%81%ce%b1%cf%82","status":"publish","type":"product","link":"https:\/\/distribucionarc.com\/el\/producto\/agitador-orbital\/","title":{"rendered":"\u03a4\u03c1\u03bf\u03c7\u03b9\u03b1\u03ba\u03cc\u03c2 \u03b1\u03bd\u03b1\u03b4\u03b5\u03c5\u03c4\u03ae\u03c1\u03b1\u03c2"},"content":{"rendered":"<h3>\u03a4\u03c1\u03bf\u03c7\u03b9\u03b1\u03ba\u03cc\u03c2 \u03b1\u03bd\u03b1\u03b4\u03b5\u03c5\u03c4\u03ae\u03c1\u03b1\u03c2<\/h3>\n<p>\u0391\u03c5\u03c4\u03cc\u03c2 <strong>\u03c4\u03c1\u03bf\u03c7\u03b9\u03b1\u03ba\u03cc\u03c2 \u03b1\u03bd\u03b1\u03b4\u03b5\u03c5\u03c4\u03ae\u03c1\u03b1\u03c2 <span style=\"color: #ff0000;\">\u039d\u0391<\/span><span style=\"color: #0000ff;\">R<\/span>\u03bd\u03c4\u03bf<\/strong> \u0394\u03b9\u03b1\u03b8\u03ad\u03c4\u03b5\u03b9 \u03c5\u03c8\u03b7\u03bb\u03ae \u03b1\u03c0\u03cc\u03b4\u03bf\u03c3\u03b7, \u03bc\u03c0\u03bf\u03c1\u03b5\u03af \u03bd\u03b1 \u03c0\u03c1\u03bf\u03b3\u03c1\u03b1\u03bc\u03bc\u03b1\u03c4\u03b9\u03c3\u03c4\u03b5\u03af \u03b1\u03c3\u03c4\u03b1\u03bc\u03ac\u03c4\u03b7\u03c4\u03b1 \u03c3\u03b5 \u03bc\u03b9\u03b1 \u03bc\u03b5\u03b3\u03ac\u03bb\u03b7 \u03c0\u03bf\u03b9\u03ba\u03b9\u03bb\u03af\u03b1 \u03b9\u03b1\u03c4\u03c1\u03b9\u03ba\u03ce\u03bd, \u03c7\u03b7\u03bc\u03b9\u03ba\u03ce\u03bd \u03ba\u03b1\u03b9 \u03bf\u03c1\u03b3\u03b1\u03bd\u03b9\u03ba\u03ce\u03bd \u03b5\u03c1\u03b3\u03b1\u03c3\u03c4\u03b7\u03c1\u03af\u03c9\u03bd. \u0397 \u03c3\u03c4\u03b1\u03b8\u03b5\u03c1\u03ae \u03bb\u03b5\u03b9\u03c4\u03bf\u03c5\u03c1\u03b3\u03af\u03b1, \u03b7 \u03b1\u03be\u03b9\u03cc\u03c0\u03b9\u03c3\u03c4\u03b7 \u03b1\u03c0\u03cc\u03b4\u03bf\u03c3\u03b7 \u03ba\u03b1\u03b9 \u03b7 \u03b1\u03c0\u03bb\u03ae \u03bb\u03b5\u03b9\u03c4\u03bf\u03c5\u03c1\u03b3\u03af\u03b1 \u03c4\u03bf\u03c5 \u03b8\u03b1 \u03b4\u03b9\u03b5\u03c5\u03ba\u03bf\u03bb\u03cd\u03bd\u03bf\u03c5\u03bd \u03ba\u03ac\u03b8\u03b5 \u03b4\u03b9\u03b1\u03b4\u03b9\u03ba\u03b1\u03c3\u03af\u03b1.<\/p>\n<p>\u039f \u03c0\u03c1\u03bf\u03c3\u03b5\u03ba\u03c4\u03b9\u03ba\u03cc\u03c2 \u03b1\u03bd\u03b1\u03b4\u03b5\u03c5\u03cc\u03bc\u03b5\u03bd\u03bf\u03c2 \u03ba\u03b9\u03bd\u03b7\u03c4\u03ae\u03c1\u03b1\u03c2 \u03c4\u03bf\u03c5 \u03b4\u03b5\u03bd \u03c0\u03b1\u03c1\u03ac\u03b3\u03b5\u03b9 \u03ba\u03c1\u03b1\u03b4\u03b1\u03c3\u03bc\u03bf\u03cd\u03c2 \u03b5\u03ba\u03c4\u03cc\u03c2 \u03b1\u03c0\u03cc \u03c4\u03bf \u03cc\u03c4\u03b9 \u03b5\u03af\u03bd\u03b1\u03b9 \u03b1\u03c1\u03ba\u03b5\u03c4\u03ac \u03b5\u03bb\u03b1\u03c6\u03c1\u03cd\u03c2, \u03b4\u03af\u03bd\u03bf\u03bd\u03c4\u03ac\u03c2 \u03c4\u03bf\u03c5 \u03ad\u03bd\u03b1 \u03b5\u03bb\u03ac\u03c7\u03b9\u03c3\u03c4\u03bf \u03b2\u03ac\u03c1\u03bf\u03c2. <strong>\u03c4\u03b1\u03bb\u03b1\u03bd\u03c4\u03c9\u03c4\u03ae\u03c2 <span style=\"color: #ff0000;\">\u039d\u0391<\/span><span style=\"color: #0000ff;\">R<\/span>CAOO1<\/strong> \u03b3\u03b9\u03b1 \u03bd\u03b1 \u03ba\u03b9\u03bd\u03b5\u03af\u03c3\u03b1\u03b9 \u03ac\u03bd\u03b5\u03c4\u03b1.<\/p>\n<p>\u039c\u03c0\u03bf\u03c1\u03b5\u03af\u03c4\u03b5 \u03bd\u03b1 \u03c1\u03c5\u03b8\u03bc\u03af\u03c3\u03b5\u03c4\u03b5 \u03c4\u03b7\u03bd \u03c4\u03b1\u03c7\u03cd\u03c4\u03b7\u03c4\u03b1 \u03c0\u03bf\u03c5 \u03b8\u03ad\u03bb\u03b5\u03c4\u03b5 \u03c1\u03c5\u03b8\u03bc\u03af\u03b6\u03bf\u03bd\u03c4\u03b1\u03c2 \u03c4\u03bf\u03bd \u03bc\u03b1\u03b3\u03bd\u03b7\u03c4\u03b9\u03ba\u03cc \u03b1\u03bd\u03b1\u03b4\u03b5\u03c5\u03c4\u03ae\u03c1\u03b1. \u0397 \u03c0\u03bb\u03b1\u03c4\u03c6\u03cc\u03c1\u03bc\u03b1 \u03c0\u03c1\u03bf\u03c3\u03c4\u03b1\u03c4\u03b5\u03cd\u03b5\u03b9 \u03c4\u03bf\u03bd \u03bc\u03b7\u03c7\u03b1\u03bd\u03b9\u03c3\u03bc\u03cc \u03bb\u03b5\u03b9\u03c4\u03bf\u03c5\u03c1\u03b3\u03af\u03b1\u03c2 \u03b1\u03c0\u03cc \u03b4\u03b9\u03b1\u03c1\u03c1\u03bf\u03ad\u03c2 \u03ba\u03b1\u03b9 \u03ad\u03c7\u03b5\u03b9 \u03b1\u03bd\u03c4\u03b9\u03bf\u03bb\u03b9\u03c3\u03b8\u03b7\u03c4\u03b9\u03ba\u03ae \u03b5\u03c0\u03b9\u03c6\u03ac\u03bd\u03b5\u03b9\u03b1 \u03b3\u03b9\u03b1 \u03bd\u03b1 \u03b1\u03c0\u03bf\u03c4\u03c1\u03ad\u03c0\u03b5\u03b9 \u03c4\u03b7\u03bd \u03bf\u03bb\u03af\u03c3\u03b8\u03b7\u03c3\u03b7 \u03c4\u03c9\u03bd \u03b4\u03bf\u03c7\u03b5\u03af\u03c9\u03bd.<\/p>\n<h6><\/h6>\n<h6><strong>\u0395\u03b3\u03b3\u03cd\u03b7\u03c3\u03b7\u00a0<span style=\"color: #ff0000;\">\u039d\u0391<\/span><span style=\"color: #0000ff;\">R<\/span>\u03bd\u03c4\u03bf<\/strong><strong>\u00a02 \u03a7\u03a1\u039f\u039d\u0399\u0391<\/strong><\/h6>\n<h6>\u0391\u03c0\u03bf\u03c4\u03b5\u03bb\u03b5\u03c3\u03bc\u03b1\u03c4\u03b9\u03ba\u03cc\u03c2 \u03c4\u03c1\u03bf\u03c7\u03b9\u03b1\u03ba\u03cc\u03c2 \u03b1\u03bd\u03b1\u03b4\u03b5\u03c5\u03c4\u03ae\u03c1\u03b1\u03c2, \u03c7\u03b1\u03bc\u03b7\u03bb\u03ae\u03c2 \u03ba\u03b1\u03c4\u03b1\u03bd\u03ac\u03bb\u03c9\u03c3\u03b7\u03c2 2000w<\/h6>\n<h6><strong>\u03c0\u03b5\u03c1\u03b9\u03bb\u03b1\u03bc\u03b2\u03ac\u03bd\u03b5\u03c4\u03b1\u03b9 \u03c4\u03b5\u03c7\u03bd\u03b9\u03ba\u03ae \u03c5\u03c0\u03bf\u03c3\u03c4\u03ae\u03c1\u03b9\u03be\u03b7<\/strong><\/h6>\n<p>&nbsp;<\/p>\n<table role=\"presentation\" width=\"100%\" cellspacing=\"0\" cellpadding=\"0\">\n<tbody>\n<tr>\n<td class=\"attrLabels\">\u0395\u03b3\u03b3\u03cd\u03b7\u03c3\u03b7:<\/td>\n<td width=\"50.0%\">\u00a02 \u03a7\u03a1\u039f\u039d\u0399\u0391<\/td>\n<\/tr>\n<tr>\n<td class=\"attrLabels\">\u03a7\u03ce\u03c1\u03b1 \u03b4\u03b9\u03b1\u03bd\u03bf\u03bc\u03ae\u03c2:<\/td>\n<td width=\"50.0%\">\u0399\u03c3\u03c0\u03b1\u03bd\u03af\u03b1, \u0393\u03b5\u03c1\u03bc\u03b1\u03bd\u03af\u03b1, \u0397\u03a0\u0391<\/td>\n<td class=\"attrLabels\">\u0392\u03ac\u03c1\u03bf\u03c2:<\/td>\n<td width=\"50.0%\">9 \u03ba\u03b9\u03bb\u03ac<\/td>\n<\/tr>\n<tr>\n<td class=\"attrLabels\">\u039c\u03ac\u03c1\u03ba\u03b1:<\/td>\n<td width=\"50.0%\">\u03a4\u039f\u039e\u039f<\/td>\n<td class=\"attrLabels\">\u03a5\u03c8\u03bf\u03c2:<\/td>\n<td width=\"50.0%\">64 \u03b5\u03ba<\/td>\n<\/tr>\n<tr>\n<td class=\"attrLabels\">\u03a7\u03c1\u03ce\u03bc\u03b1:<\/td>\n<td width=\"50.0%\">\u0391\u03c3\u03ae\u03bc\u03b9<\/td>\n<td class=\"attrLabels\">\u039c\u03b1\u03ba\u03c1\u03cd\u03c2:<\/td>\n<td width=\"50.0%\">24 \u03b5\u03ba<\/td>\n<\/tr>\n<tr>\n<td class=\"attrLabels\">\u03a4\u03cd\u03c0\u03bf\u03c2 \u03c0\u03c1\u03bf\u03ca\u03cc\u03bd\u03c4\u03bf\u03c2:<\/td>\n<td width=\"50.0%\">\u03a4\u03c1\u03bf\u03c7\u03b9\u03b1\u03ba\u03cc\u03c2 \u03b1\u03bd\u03b1\u03b4\u03b5\u03c5\u03c4\u03ae\u03c1\u03b1\u03c2<\/td>\n<td class=\"attrLabels\">\u0395\u03c5\u03c1\u03cd\u03c2:<\/td>\n<td width=\"50.0%\">46 \u03b5\u03ba<\/td>\n<\/tr>\n<tr>\n<td class=\"attrLabels\">\u0391\u03c1\u03b9\u03b8\u03bc\u03cc\u03c2 \u03ba\u03b1\u03c4\u03b1\u03c3\u03ba\u03b5\u03c5\u03b1\u03c3\u03c4\u03ae:<\/td>\n<td width=\"50.0%\">ARCAOO1<\/td>\n<td class=\"attrLabels\">\u0394\u03b9\u03ac\u03bc\u03b5\u03c4\u03c1\u03bf\u03c2 \u03c4\u03c1\u03bf\u03c7\u03b9\u03ac\u03c2:<\/td>\n<td width=\"50.0%\">22 mm<\/td>\n<\/tr>\n<tr>\n<td class=\"attrLabels\">\u03a5\u03bb\u03b9\u03ba\u03cc:<\/td>\n<td width=\"50.0%\">\u03b1\u03bd\u03bf\u03be\u03b5\u03af\u03b4\u03c9\u03c4\u03bf, \u03c0\u03bb\u03ae\u03c1\u03c9\u03c2 \u03b1\u03c5\u03c4\u03cc\u03bc\u03b1\u03c4\u03bf<\/td>\n<td class=\"attrLabels\">\u039c\u03b5\u03c4\u03c1\u03ce\u03bd \u03c4\u03b7\u03bd \u03ce\u03c1\u03b1\u03bd:<\/td>\n<td width=\"50.0%\">0 \u2013 15 \u03bb\u03b5\u03c0\u03c4\u03ac \u03ae \u03c3\u03c5\u03bd\u03b5\u03c7\u03ae\u03c2 \u03bb\u03b5\u03b9\u03c4\u03bf\u03c5\u03c1\u03b3\u03af\u03b1<\/td>\n<\/tr>\n<tr>\n<td class=\"attrLabels\">\u03a4\u03ac\u03c3\u03b7 \u03b5\u03b9\u03c3\u03cc\u03b4\u03bf\u03c5:<\/td>\n<td width=\"50.0%\">110V\/220V 20\/60Hz<\/td>\n<td class=\"attrLabels\">\u03a4\u03b1\u03c7\u03cd\u03c4\u03b7\u03c4\u03b1:<\/td>\n<td width=\"50.0%\">0 \u2013 210 \u03c3.\u03b1.\u03bb<\/td>\n<\/tr>\n<tr>\n<td class=\"attrLabels\">\u0395\u03c1\u03b3\u03b1\u03bb\u03b5\u03af\u03b1 \u03b5\u03b3\u03ba\u03b1\u03c4\u03ac\u03c3\u03c4\u03b1\u03c3\u03b7\u03c2:<\/td>\n<td width=\"50.0%\">\u039d\u03b1\u03b9<\/td>\n<td class=\"attrLabels\">\u0391\u03c3\u03c6\u03ac\u03bb\u03b5\u03b9\u03b1 \u03b7\u03bb\u03b5\u03ba\u03c4\u03c1\u03b9\u03ba\u03ae:<\/td>\n<td width=\"50.0%\">1\u0391<\/td>\n<\/tr>\n<\/tbody>\n<\/table>","protected":false},"excerpt":{"rendered":"<h3>\u03a4\u03c1\u03bf\u03c7\u03b9\u03b1\u03ba\u03cc\u03c2 \u03b1\u03bd\u03b1\u03b4\u03b5\u03c5\u03c4\u03ae\u03c1\u03b1\u03c2<\/h3>\n<p>\u0391\u03c5\u03c4\u03cc \u03c4\u03bf \u03bc\u03b7\u03c7\u03ac\u03bd\u03b7\u03bc\u03b1 <strong>\u03c4\u03c1\u03bf\u03c7\u03b9\u03b1\u03ba\u03cc \u03c4\u03af\u03bd\u03b1\u03b3\u03bc\u03b1<span style=\"color: #ff0000;\"> \u039d\u0391<\/span><span style=\"color: #0000ff;\">R<\/span>\u03bd\u03c4\u03bf<\/strong> \u039c\u03c0\u03bf\u03c1\u03b5\u03af \u03bd\u03b1 \u03c7\u03c1\u03b7\u03c3\u03b9\u03bc\u03bf\u03c0\u03bf\u03b9\u03b7\u03b8\u03b5\u03af \u03b3\u03b9\u03b1 \u03bf\u03bc\u03bf\u03b9\u03bf\u03b3\u03b5\u03bd\u03ae \u03b1\u03bd\u03ac\u03bc\u03b5\u03b9\u03be\u03b7 \u03ba\u03bb\u03b9\u03bd\u03b9\u03ba\u03ce\u03bd \u03b4\u03bf\u03ba\u03b9\u03bc\u03ce\u03bd \u03ba\u03b1\u03b9 \u03ac\u03bb\u03bb\u03c9\u03bd \u03b2\u03b9\u03bf\u03c7\u03b7\u03bc\u03b9\u03ba\u03ce\u03bd \u03b4\u03bf\u03ba\u03b9\u03bc\u03ce\u03bd. \u03a4\u03bf \u03c0\u03c1\u03bf\u03ca\u03cc\u03bd \u03bb\u03b5\u03b9\u03c4\u03bf\u03c5\u03c1\u03b3\u03b5\u03af \u03bf\u03bc\u03b1\u03bb\u03ac, \u03bc\u03b5 \u03b1\u03be\u03b9\u03cc\u03c0\u03b9\u03c3\u03c4\u03b7 \u03b1\u03c0\u03cc\u03b4\u03bf\u03c3\u03b7, \u03b4\u03b9\u03b1\u03b8\u03ad\u03c3\u03b9\u03bc\u03bf \u03c7\u03c1\u03cc\u03bd\u03bf, \u03c1\u03c5\u03b8\u03bc\u03b9\u03b6\u03cc\u03bc\u03b5\u03bd\u03b7 \u03c4\u03b1\u03c7\u03cd\u03c4\u03b7\u03c4\u03b1, \u03b5\u03cd\u03ba\u03bf\u03bb\u03bf \u03c3\u03c4\u03b7 \u03c7\u03c1\u03ae\u03c3\u03b7. \u0391\u03c5\u03c4\u03cc <strong>\u03c4\u03b1\u03bb\u03b1\u03bd\u03c4\u03b5\u03c5\u03cc\u03bc\u03b5\u03bd\u03b7 \u03bc\u03b7\u03c7\u03b1\u03bd\u03ae<\/strong>\u00a0 \u03a7\u03b1\u03c1\u03b1\u03ba\u03c4\u03b7\u03c1\u03af\u03b6\u03b5\u03c4\u03b1\u03b9 \u03b1\u03c0\u03cc \u03c3\u03c4\u03b1\u03b8\u03b5\u03c1\u03bf\u03c0\u03bf\u03af\u03b7\u03c3\u03b7 \u03ba\u03b1\u03b9 \u03b5\u03af\u03bd\u03b1\u03b9 \u03b5\u03cd\u03ba\u03bf\u03bb\u03bf \u03c3\u03c4\u03b7 \u03c7\u03c1\u03ae\u03c3\u03b7.<\/p>\n<h6><strong>\u0395\u03b3\u03b3\u03cd\u03b7\u03c3\u03b7\u00a0<span style=\"color: #ff0000;\">\u039d\u0391<\/span><span style=\"color: #0000ff;\">R<\/span>\u03bd\u03c4\u03bf<\/strong><strong>\u00a02 \u03a7\u03a1\u039f\u039d\u0399\u0391<\/strong><\/h6>\n<h6>\u0391\u03c0\u03bf\u03c4\u03b5\u03bb\u03b5\u03c3\u03bc\u03b1\u03c4\u03b9\u03ba\u03cc\u03c2 \u03c4\u03c1\u03bf\u03c7\u03b9\u03b1\u03ba\u03cc\u03c2 \u03b1\u03bd\u03b1\u03b4\u03b5\u03c5\u03c4\u03ae\u03c1\u03b1\u03c2, \u03c7\u03b1\u03bc\u03b7\u03bb\u03ae\u03c2 \u03ba\u03b1\u03c4\u03b1\u03bd\u03ac\u03bb\u03c9\u03c3\u03b7\u03c2 2000w<\/h6>\n<h6><strong>\u03c0\u03b5\u03c1\u03b9\u03bb\u03b1\u03bc\u03b2\u03ac\u03bd\u03b5\u03c4\u03b1\u03b9 \u03c4\u03b5\u03c7\u03bd\u03b9\u03ba\u03ae \u03c5\u03c0\u03bf\u03c3\u03c4\u03ae\u03c1\u03b9\u03be\u03b7<\/strong><\/h6>","protected":false},"featured_media":2245,"comment_status":"open","ping_status":"closed","template":"","meta":{"wds_primary_product_brand":0,"wds_primary_product_cat":0},"product_brand":[],"product_cat":[29],"product_tag":[],"class_list":{"0":"post-2236","1":"product","2":"type-product","3":"status-publish","4":"has-post-thumbnail","6":"product_cat-maquinas-industria-quimica","7":"product_shipping_class-hosteleria","9":"first","10":"instock","11":"taxable","12":"shipping-taxable","13":"purchasable","14":"product-type-simple"},"yoast_head":"<!-- This site is optimized with the Yoast SEO Premium plugin v24.9 (Yoast SEO v26.1) - https:\/\/yoast.com\/wordpress\/plugins\/seo\/ -->\n<title>Agitador orbital - distribuci\u00f3n ARC<\/title>\n<meta name=\"robots\" content=\"index, follow, max-snippet:-1, max-image-preview:large, max-video-preview:-1\" \/>\n<link rel=\"canonical\" href=\"https:\/\/distribucionarc.com\/el\/\u03c0\u03c1\u03bf\u03ca\u03cc\u03bd\/\u03c4\u03c1\u03bf\u03c7\u03b9\u03b1\u03ba\u03cc\u03c2-\u03b1\u03bd\u03b1\u03b4\u03b5\u03c5\u03c4\u03ae\u03c1\u03b1\u03c2\/\" \/>\n<meta property=\"og:locale\" content=\"el_GR\" \/>\n<meta property=\"og:type\" content=\"article\" \/>\n<meta property=\"og:title\" content=\"Agitador orbital\" \/>\n<meta property=\"og:description\" content=\"Agitador orbital Esta m\u00e1quina \u00a0de agitaci\u00f3n orbital ARC se puede utilizar para la mezcla homog\u00e9nea de pruebas cl\u00ednicas y otras pruebas bioqu\u00edmicas. El producto funciona sin problemas, con un rendimiento confiable, tiempo disponible, velocidad ajustable, f\u00e1cil de utilizar. Esta m\u00e1quina de oscilaci\u00f3n\u00a0 se caracteriza por la estabilizaci\u00f3n y es sencilla de utilizar. Garant\u00eda\u00a0ARC\u00a02 A\u00d1OS Agitador orbital eficiente, bajo consumo 2000w soporte t\u00e9cnico incluido\" \/>\n<meta property=\"og:url\" content=\"https:\/\/distribucionarc.com\/el\/\u03c0\u03c1\u03bf\u03ca\u03cc\u03bd\/\u03c4\u03c1\u03bf\u03c7\u03b9\u03b1\u03ba\u03cc\u03c2-\u03b1\u03bd\u03b1\u03b4\u03b5\u03c5\u03c4\u03ae\u03c1\u03b1\u03c2\/\" \/>\n<meta property=\"og:site_name\" content=\"distribuci\u00f3n ARC\" \/>\n<meta property=\"article:modified_time\" content=\"2023-02-23T18:21:39+00:00\" \/>\n<meta property=\"og:image\" content=\"https:\/\/distribucionarc.com\/wp-content\/uploads\/2020\/08\/Agitador-orbital-1.jpg\" \/>\n\t<meta property=\"og:image:width\" content=\"1600\" \/>\n\t<meta property=\"og:image:height\" content=\"1600\" \/>\n\t<meta property=\"og:image:type\" content=\"image\/jpeg\" \/>\n<meta name=\"twitter:card\" content=\"summary_large_image\" \/>\n<meta name=\"twitter:label1\" content=\"\u0395\u03ba\u03c4\u03b9\u03bc\u03ce\u03bc\u03b5\u03bd\u03bf\u03c2 \u03c7\u03c1\u03cc\u03bd\u03bf\u03c2 \u03b1\u03bd\u03ac\u03b3\u03bd\u03c9\u03c3\u03b7\u03c2\" \/>\n\t<meta name=\"twitter:data1\" content=\"1 \u03bb\u03b5\u03c0\u03c4\u03cc\" \/>\n<script type=\"application\/ld+json\" class=\"yoast-schema-graph\">{\"@context\":\"https:\/\/schema.org\",\"@graph\":[{\"@type\":\"WebPage\",\"@id\":\"https:\/\/distribucionarc.com\/tr\/producto\/agitador-orbital\/\",\"url\":\"https:\/\/distribucionarc.com\/tr\/producto\/agitador-orbital\/\",\"name\":\"Agitador orbital - distribuci\u00f3n ARC\",\"isPartOf\":{\"@id\":\"https:\/\/www.distribucionarc.com\/de\/#website\"},\"primaryImageOfPage\":{\"@id\":\"https:\/\/distribucionarc.com\/tr\/producto\/agitador-orbital\/#primaryimage\"},\"image\":{\"@id\":\"https:\/\/distribucionarc.com\/tr\/producto\/agitador-orbital\/#primaryimage\"},\"thumbnailUrl\":\"https:\/\/distribucionarc.com\/wp-content\/uploads\/2020\/08\/Agitador-orbital-1.jpg\",\"datePublished\":\"2020-10-08T10:53:49+00:00\",\"dateModified\":\"2023-02-23T18:21:39+00:00\",\"breadcrumb\":{\"@id\":\"https:\/\/distribucionarc.com\/tr\/producto\/agitador-orbital\/#breadcrumb\"},\"inLanguage\":\"el\",\"potentialAction\":[{\"@type\":\"ReadAction\",\"target\":[\"https:\/\/distribucionarc.com\/tr\/producto\/agitador-orbital\/\"]}]},{\"@type\":\"ImageObject\",\"inLanguage\":\"el\",\"@id\":\"https:\/\/distribucionarc.com\/tr\/producto\/agitador-orbital\/#primaryimage\",\"url\":\"https:\/\/distribucionarc.com\/wp-content\/uploads\/2020\/08\/Agitador-orbital-1.jpg\",\"contentUrl\":\"https:\/\/distribucionarc.com\/wp-content\/uploads\/2020\/08\/Agitador-orbital-1.jpg\",\"width\":1600,\"height\":1600,\"caption\":\"Agitador orbital\"},{\"@type\":\"BreadcrumbList\",\"@id\":\"https:\/\/distribucionarc.com\/tr\/producto\/agitador-orbital\/#breadcrumb\",\"itemListElement\":[{\"@type\":\"ListItem\",\"position\":1,\"name\":\"Portada\",\"item\":\"https:\/\/www.distribucionarc.com\/en\/\"},{\"@type\":\"ListItem\",\"position\":2,\"name\":\"Products\",\"item\":\"https:\/\/www.distribucionarc.com\/en\/shop\/\"},{\"@type\":\"ListItem\",\"position\":3,\"name\":\"Agitador orbital\"}]},{\"@type\":\"WebSite\",\"@id\":\"https:\/\/www.distribucionarc.com\/de\/#website\",\"url\":\"https:\/\/www.distribucionarc.com\/de\/\",\"name\":\"distribuci\u00f3n ARC\",\"description\":\"Empresa especializada en la fabricaci\u00f3n y distribuci\u00f3n de maquinaria industrial, selladoras de latas, Maquinas de hacer pastillas, Maquinas de cortar carne...\",\"publisher\":{\"@id\":\"https:\/\/www.distribucionarc.com\/de\/#organization\"},\"potentialAction\":[{\"@type\":\"SearchAction\",\"target\":{\"@type\":\"EntryPoint\",\"urlTemplate\":\"https:\/\/www.distribucionarc.com\/de\/?s={search_term_string}\"},\"query-input\":{\"@type\":\"PropertyValueSpecification\",\"valueRequired\":true,\"valueName\":\"search_term_string\"}}],\"inLanguage\":\"el\"},{\"@type\":\"Organization\",\"@id\":\"https:\/\/www.distribucionarc.com\/de\/#organization\",\"name\":\"Distribuci\u00f3n ARC\",\"url\":\"https:\/\/www.distribucionarc.com\/de\/\",\"logo\":{\"@type\":\"ImageObject\",\"inLanguage\":\"el\",\"@id\":\"https:\/\/www.distribucionarc.com\/de\/#\/schema\/logo\/image\/\",\"url\":\"https:\/\/distribucionarc.com\/wp-content\/uploads\/2024\/10\/distribucion-ARC-COLOR-SIN-FONDO-e1732295305345.png\",\"contentUrl\":\"https:\/\/distribucionarc.com\/wp-content\/uploads\/2024\/10\/distribucion-ARC-COLOR-SIN-FONDO-e1732295305345.png\",\"width\":1164,\"height\":558,\"caption\":\"Distribuci\u00f3n ARC\"},\"image\":{\"@id\":\"https:\/\/www.distribucionarc.com\/de\/#\/schema\/logo\/image\/\"},\"description\":\"Empresa especializada en la fabricaci\u00f3n y distribuci\u00f3n de maquinaria industrial para los sectores alimentario y farmac\u00e9utico. Nos especializamos en: M\u00e1quinas de cortar carne Fabricaci\u00f3n de comprimidos Sistemas de transporte industrial L\u00edneas de embotellado Dosificadores Y mucho m\u00e1s... Ofrecemos soluciones innovadoras y personalizadas para optimizar los procesos productivos de tu empresa.\",\"email\":\"Admistracion@distribucionarc.com\",\"telephone\":\"+34 643496664\",\"legalName\":\"ARC TECH SOLUTIONS\",\"foundingDate\":\"2024-04-09\",\"vatID\":\"B55480172\",\"numberOfEmployees\":{\"@type\":\"QuantitativeValue\",\"minValue\":\"1\",\"maxValue\":\"10\"}}]}<\/script>\n<!-- \/ Yoast SEO Premium plugin. -->","yoast_head_json":{"title":"\u03a4\u03c1\u03bf\u03c7\u03b9\u03b1\u03ba\u03cc\u03c2 \u03b1\u03bd\u03b1\u03b4\u03b5\u03c5\u03c4\u03ae\u03c1\u03b1\u03c2 - \u03ba\u03b1\u03c4\u03b1\u03bd\u03bf\u03bc\u03ae ARC","robots":{"index":"index","follow":"follow","max-snippet":"max-snippet:-1","max-image-preview":"max-image-preview:large","max-video-preview":"max-video-preview:-1"},"canonical":"https:\/\/distribucionarc.com\/el\/\u03c0\u03c1\u03bf\u03ca\u03cc\u03bd\/\u03c4\u03c1\u03bf\u03c7\u03b9\u03b1\u03ba\u03cc\u03c2-\u03b1\u03bd\u03b1\u03b4\u03b5\u03c5\u03c4\u03ae\u03c1\u03b1\u03c2\/","og_locale":"el_GR","og_type":"article","og_title":"Agitador orbital","og_description":"Agitador orbital Esta m\u00e1quina \u00a0de agitaci\u00f3n orbital ARC se puede utilizar para la mezcla homog\u00e9nea de pruebas cl\u00ednicas y otras pruebas bioqu\u00edmicas. El producto funciona sin problemas, con un rendimiento confiable, tiempo disponible, velocidad ajustable, f\u00e1cil de utilizar. Esta m\u00e1quina de oscilaci\u00f3n\u00a0 se caracteriza por la estabilizaci\u00f3n y es sencilla de utilizar. Garant\u00eda\u00a0ARC\u00a02 A\u00d1OS Agitador orbital eficiente, bajo consumo 2000w soporte t\u00e9cnico incluido","og_url":"https:\/\/distribucionarc.com\/el\/\u03c0\u03c1\u03bf\u03ca\u03cc\u03bd\/\u03c4\u03c1\u03bf\u03c7\u03b9\u03b1\u03ba\u03cc\u03c2-\u03b1\u03bd\u03b1\u03b4\u03b5\u03c5\u03c4\u03ae\u03c1\u03b1\u03c2\/","og_site_name":"distribuci\u00f3n ARC","article_modified_time":"2023-02-23T18:21:39+00:00","og_image":[{"width":1600,"height":1600,"url":"https:\/\/distribucionarc.com\/wp-content\/uploads\/2020\/08\/Agitador-orbital-1.jpg","type":"image\/jpeg"}],"twitter_card":"summary_large_image","twitter_misc":{"\u0395\u03ba\u03c4\u03b9\u03bc\u03ce\u03bc\u03b5\u03bd\u03bf\u03c2 \u03c7\u03c1\u03cc\u03bd\u03bf\u03c2 \u03b1\u03bd\u03ac\u03b3\u03bd\u03c9\u03c3\u03b7\u03c2":"1 \u03bb\u03b5\u03c0\u03c4\u03cc"},"schema":{"@context":"https:\/\/schema.org","@graph":[{"@type":"WebPage","@id":"https:\/\/distribucionarc.com\/tr\/producto\/agitador-orbital\/","url":"https:\/\/distribucionarc.com\/tr\/producto\/agitador-orbital\/","name":"\u03a4\u03c1\u03bf\u03c7\u03b9\u03b1\u03ba\u03cc\u03c2 \u03b1\u03bd\u03b1\u03b4\u03b5\u03c5\u03c4\u03ae\u03c1\u03b1\u03c2 - \u03ba\u03b1\u03c4\u03b1\u03bd\u03bf\u03bc\u03ae ARC","isPartOf":{"@id":"https:\/\/www.distribucionarc.com\/de\/#website"},"primaryImageOfPage":{"@id":"https:\/\/distribucionarc.com\/tr\/producto\/agitador-orbital\/#primaryimage"},"image":{"@id":"https:\/\/distribucionarc.com\/tr\/producto\/agitador-orbital\/#primaryimage"},"thumbnailUrl":"https:\/\/distribucionarc.com\/wp-content\/uploads\/2020\/08\/Agitador-orbital-1.jpg","datePublished":"2020-10-08T10:53:49+00:00","dateModified":"2023-02-23T18:21:39+00:00","breadcrumb":{"@id":"https:\/\/distribucionarc.com\/tr\/producto\/agitador-orbital\/#breadcrumb"},"inLanguage":"el","potentialAction":[{"@type":"ReadAction","target":["https:\/\/distribucionarc.com\/tr\/producto\/agitador-orbital\/"]}]},{"@type":"ImageObject","inLanguage":"el","@id":"https:\/\/distribucionarc.com\/tr\/producto\/agitador-orbital\/#primaryimage","url":"https:\/\/distribucionarc.com\/wp-content\/uploads\/2020\/08\/Agitador-orbital-1.jpg","contentUrl":"https:\/\/distribucionarc.com\/wp-content\/uploads\/2020\/08\/Agitador-orbital-1.jpg","width":1600,"height":1600,"caption":"Agitador orbital"},{"@type":"BreadcrumbList","@id":"https:\/\/distribucionarc.com\/tr\/producto\/agitador-orbital\/#breadcrumb","itemListElement":[{"@type":"ListItem","position":1,"name":"Portada","item":"https:\/\/www.distribucionarc.com\/en\/"},{"@type":"ListItem","position":2,"name":"Products","item":"https:\/\/www.distribucionarc.com\/en\/shop\/"},{"@type":"ListItem","position":3,"name":"Agitador orbital"}]},{"@type":"WebSite","@id":"https:\/\/www.distribucionarc.com\/de\/#website","url":"https:\/\/www.distribucionarc.com\/de\/","name":"\u039a\u03b1\u03c4\u03b1\u03bd\u03bf\u03bc\u03ae ARC","description":"\u0395\u03c4\u03b1\u03b9\u03c1\u03b5\u03af\u03b1 \u03c0\u03bf\u03c5 \u03b5\u03b9\u03b4\u03b9\u03ba\u03b5\u03cd\u03b5\u03c4\u03b1\u03b9 \u03c3\u03c4\u03b7\u03bd \u03ba\u03b1\u03c4\u03b1\u03c3\u03ba\u03b5\u03c5\u03ae \u03ba\u03b1\u03b9 \u03b4\u03b9\u03b1\u03bd\u03bf\u03bc\u03ae \u03b2\u03b9\u03bf\u03bc\u03b7\u03c7\u03b1\u03bd\u03b9\u03ba\u03ce\u03bd \u03bc\u03b7\u03c7\u03b1\u03bd\u03b7\u03bc\u03ac\u03c4\u03c9\u03bd, \u03bc\u03b7\u03c7\u03b1\u03bd\u03ce\u03bd \u03c3\u03c6\u03c1\u03ac\u03b3\u03b9\u03c3\u03b7\u03c2 \u03ba\u03bf\u03bd\u03c3\u03b5\u03c1\u03b2\u03ce\u03bd, \u03bc\u03b7\u03c7\u03b1\u03bd\u03ce\u03bd \u03c0\u03b1\u03c1\u03b1\u03c3\u03ba\u03b5\u03c5\u03ae\u03c2 \u03b4\u03b9\u03c3\u03ba\u03af\u03c9\u03bd, \u03bc\u03b7\u03c7\u03b1\u03bd\u03ce\u03bd \u03ba\u03bf\u03c0\u03ae\u03c2 \u03ba\u03c1\u03ad\u03b1\u03c4\u03bf\u03c2...","publisher":{"@id":"https:\/\/www.distribucionarc.com\/de\/#organization"},"potentialAction":[{"@type":"SearchAction","target":{"@type":"EntryPoint","urlTemplate":"https:\/\/www.distribucionarc.com\/de\/?s={search_term_string}"},"query-input":{"@type":"PropertyValueSpecification","valueRequired":true,"valueName":"search_term_string"}}],"inLanguage":"el"},{"@type":"Organization","@id":"https:\/\/www.distribucionarc.com\/de\/#organization","name":"\u0394\u03b9\u03b1\u03bd\u03bf\u03bc\u03ae ARC","url":"https:\/\/www.distribucionarc.com\/de\/","logo":{"@type":"ImageObject","inLanguage":"el","@id":"https:\/\/www.distribucionarc.com\/de\/#\/schema\/logo\/image\/","url":"https:\/\/distribucionarc.com\/wp-content\/uploads\/2024\/10\/distribucion-ARC-COLOR-SIN-FONDO-e1732295305345.png","contentUrl":"https:\/\/distribucionarc.com\/wp-content\/uploads\/2024\/10\/distribucion-ARC-COLOR-SIN-FONDO-e1732295305345.png","width":1164,"height":558,"caption":"Distribuci\u00f3n ARC"},"image":{"@id":"https:\/\/www.distribucionarc.com\/de\/#\/schema\/logo\/image\/"},"description":"\u0395\u03c4\u03b1\u03b9\u03c1\u03b5\u03af\u03b1 \u03c0\u03bf\u03c5 \u03b5\u03b9\u03b4\u03b9\u03ba\u03b5\u03cd\u03b5\u03c4\u03b1\u03b9 \u03c3\u03c4\u03b7\u03bd \u03ba\u03b1\u03c4\u03b1\u03c3\u03ba\u03b5\u03c5\u03ae \u03ba\u03b1\u03b9 \u03b4\u03b9\u03b1\u03bd\u03bf\u03bc\u03ae \u03b2\u03b9\u03bf\u03bc\u03b7\u03c7\u03b1\u03bd\u03b9\u03ba\u03ce\u03bd \u03bc\u03b7\u03c7\u03b1\u03bd\u03b7\u03bc\u03ac\u03c4\u03c9\u03bd \u03b3\u03b9\u03b1 \u03c4\u03bf\u03bd \u03c4\u03bf\u03bc\u03ad\u03b1 \u03c4\u03c9\u03bd \u03c4\u03c1\u03bf\u03c6\u03af\u03bc\u03c9\u03bd \u03ba\u03b1\u03b9 \u03c4\u03c9\u03bd \u03c6\u03b1\u03c1\u03bc\u03ac\u03ba\u03c9\u03bd. \u0395\u03be\u03b5\u03b9\u03b4\u03b9\u03ba\u03b5\u03c5\u03cc\u03bc\u03b1\u03c3\u03c4\u03b5 \u03c3\u03b5: \u0393\u03c1\u03b1\u03bc\u03bc\u03ad\u03c2 \u03b5\u03bc\u03c6\u03b9\u03ac\u03bb\u03c9\u03c3\u03b7\u03c2 \u0394\u03bf\u03c3\u03bf\u03bc\u03b5\u03c4\u03c1\u03b9\u03ba\u03ad\u03c2 \u03bc\u03b7\u03c7\u03b1\u03bd\u03ad\u03c2 \u039a\u03b1\u03b9 \u03c0\u03bf\u03bb\u03bb\u03ac \u03ac\u03bb\u03bb\u03b1... \u03a0\u03c1\u03bf\u03c3\u03c6\u03ad\u03c1\u03bf\u03c5\u03bc\u03b5 \u03ba\u03b1\u03b9\u03bd\u03bf\u03c4\u03cc\u03bc\u03b5\u03c2 \u03ba\u03b1\u03b9 \u03b5\u03be\u03b1\u03c4\u03bf\u03bc\u03b9\u03ba\u03b5\u03c5\u03bc\u03ad\u03bd\u03b5\u03c2 \u03bb\u03cd\u03c3\u03b5\u03b9\u03c2 \u03b3\u03b9\u03b1 \u03c4\u03b7 \u03b2\u03b5\u03bb\u03c4\u03b9\u03c3\u03c4\u03bf\u03c0\u03bf\u03af\u03b7\u03c3\u03b7 \u03c4\u03c9\u03bd \u03c0\u03b1\u03c1\u03b1\u03b3\u03c9\u03b3\u03b9\u03ba\u03ce\u03bd \u03b4\u03b9\u03b1\u03b4\u03b9\u03ba\u03b1\u03c3\u03b9\u03ce\u03bd \u03c4\u03b7\u03c2 \u03b5\u03c4\u03b1\u03b9\u03c1\u03b5\u03af\u03b1\u03c2 \u03c3\u03b1\u03c2.","email":"Admistracion@distribucionarc.com","telephone":"+34 643496664","legalName":"ARC TECH SOLUTIONS","foundingDate":"2024-04-09","vatID":"B55480172","numberOfEmployees":{"@type":"QuantitativeValue","minValue":"1","maxValue":"10"}}]}},"_links":{"self":[{"href":"https:\/\/distribucionarc.com\/el\/wp-json\/wp\/v2\/product\/2236","targetHints":{"allow":["GET"]}}],"collection":[{"href":"https:\/\/distribucionarc.com\/el\/wp-json\/wp\/v2\/product"}],"about":[{"href":"https:\/\/distribucionarc.com\/el\/wp-json\/wp\/v2\/types\/product"}],"replies":[{"embeddable":true,"href":"https:\/\/distribucionarc.com\/el\/wp-json\/wp\/v2\/comments?post=2236"}],"version-history":[{"count":0,"href":"https:\/\/distribucionarc.com\/el\/wp-json\/wp\/v2\/product\/2236\/revisions"}],"wp:featuredmedia":[{"embeddable":true,"href":"https:\/\/distribucionarc.com\/el\/wp-json\/wp\/v2\/media\/2245"}],"wp:attachment":[{"href":"https:\/\/distribucionarc.com\/el\/wp-json\/wp\/v2\/media?parent=2236"}],"wp:term":[{"taxonomy":"product_brand","embeddable":true,"href":"https:\/\/distribucionarc.com\/el\/wp-json\/wp\/v2\/product_brand?post=2236"},{"taxonomy":"product_cat","embeddable":true,"href":"https:\/\/distribucionarc.com\/el\/wp-json\/wp\/v2\/product_cat?post=2236"},{"taxonomy":"product_tag","embeddable":true,"href":"https:\/\/distribucionarc.com\/el\/wp-json\/wp\/v2\/product_tag?post=2236"}],"curies":[{"name":"wp","href":"https:\/\/api.w.org\/{rel}","templated":true}]}}