{"id":3723,"date":"2020-10-07T09:59:20","date_gmt":"2020-10-07T09:59:20","guid":{"rendered":"https:\/\/distribucionarc.com\/?post_type=product&#038;p=3723"},"modified":"2020-10-07T09:59:20","modified_gmt":"2020-10-07T09:59:20","slug":"%ce%ba%ce%bb%ce%b5%ce%b9%ce%b4%ce%af-%ce%b1%ce%bd%cf%84%ce%b9%ce%b3%cf%81%ce%b1%cf%86%ce%b9%ce%ba%cf%8c-%ce%bc%ce%b7%cf%87%ce%ac%ce%bd%ce%b7%ce%bc%ce%b1-2","status":"publish","type":"product","link":"https:\/\/distribucionarc.com\/el\/producto\/maquina-duplicadora-de-llaves\/","title":{"rendered":"\u03bc\u03b7\u03c7\u03ac\u03bd\u03b7\u03bc\u03b1 \u03b1\u03bd\u03c4\u03b9\u03b3\u03c1\u03b1\u03c6\u03ae\u03c2 \u03ba\u03bb\u03b5\u03b9\u03b4\u03b9\u03ce\u03bd"},"content":{"rendered":"<h3>\u03bc\u03b7\u03c7\u03ac\u03bd\u03b7\u03bc\u03b1 \u03b1\u03bd\u03c4\u03b9\u03b3\u03c1\u03b1\u03c6\u03ae\u03c2 \u03ba\u03bb\u03b5\u03b9\u03b4\u03b9\u03ce\u03bd<\/h3>\n<p>\u0391\u03c5\u03c4\u03cc <strong>\u03c6\u03c1\u03ad\u03b6\u03b1 \u03ba\u03bb\u03b5\u03b9\u03b4\u03b9\u03bf\u03cd <span style=\"color: #ff0000;\">\u039d\u0391<\/span><span style=\"color: #0000ff;\">R<\/span>\u03bd\u03c4\u03bf<\/strong> \u0395\u03af\u03bd\u03b1\u03b9 \u03c3\u03c5\u03bc\u03c0\u03b1\u03b3\u03ae\u03c2 \u03c3\u03c7\u03b5\u03b4\u03b9\u03b1\u03c3\u03bc\u03ad\u03bd\u03bf \u03b1\u03c0\u03cc \u03c5\u03bb\u03b9\u03ba\u03ac \u03c5\u03c8\u03b7\u03bb\u03ae\u03c2 \u03c0\u03bf\u03b9\u03cc\u03c4\u03b7\u03c4\u03b1\u03c2 \u03bc\u03b5 \u03b5\u03bd\u03b9\u03c3\u03c7\u03c5\u03bc\u03ad\u03bd\u03bf \u03c7\u03ac\u03bb\u03c5\u03b2\u03b1. \u03a4\u03bf \u03c7\u03b5\u03b9\u03c1\u03bf\u03ba\u03af\u03bd\u03b7\u03c4\u03bf \u03c0\u03ac\u03c4\u03b7\u03bc\u03b1 \u03b1\u03ba\u03c1\u03b9\u03b2\u03b5\u03af\u03b1\u03c2 \u03b2\u03bf\u03b7\u03b8\u03ac \u03c3\u03c4\u03b7\u03bd \u03ba\u03b1\u03bb\u03cd\u03c4\u03b5\u03c1\u03b7 \u03b4\u03b9\u03cc\u03c1\u03b8\u03c9\u03c3\u03b7 \u03c4\u03c9\u03bd \u03c0\u03bb\u03ae\u03ba\u03c4\u03c1\u03c9\u03bd \u03b3\u03b9\u03b1 \u03b1\u03ba\u03c1\u03b9\u03b2\u03b5\u03af\u03c2 \u03b1\u03bd\u03c4\u03b9\u03b3\u03c1\u03b1\u03c6\u03ad\u03c2. \u0394\u03b9\u03b1\u03b8\u03ad\u03c4\u03b5\u03b9 \u03bb\u03b5\u03c0\u03c4\u03ae \u03b2\u03b5\u03bb\u03cc\u03bd\u03b1 \u03b3\u03b9\u03b1 \u03bd\u03b1 \u03ba\u03ac\u03bd\u03b5\u03b9 \u03b4\u03b9\u03b1\u03c6\u03bf\u03c1\u03b5\u03c4\u03b9\u03ba\u03ac \u03b2\u03ac\u03b8\u03b7 \u03ba\u03b1\u03b9 \u03c3\u03b7\u03bc\u03ac\u03b4\u03b9\u03b1 \u03b3\u03b9\u03b1 \u03b4\u03b9\u03b1\u03c6\u03bf\u03c1\u03b5\u03c4\u03b9\u03ba\u03bf\u03cd\u03c2 \u03c4\u03cd\u03c0\u03bf\u03c5\u03c2 \u03ba\u03bb\u03b5\u03b9\u03b4\u03b9\u03ce\u03bd.<\/p>\n<p>\u039f \u03ba\u03b9\u03bd\u03b7\u03c4\u03ae\u03c1\u03b1\u03c2 \u03bc\u03b5 \u03c3\u03cd\u03c1\u03bc\u03b1 \u03c7\u03b1\u03bb\u03ba\u03bf\u03cd \u03b5\u03be\u03b1\u03c3\u03c6\u03b1\u03bb\u03af\u03b6\u03b5\u03b9 \u03c5\u03c8\u03b7\u03bb\u03ae \u03b1\u03c0\u03cc\u03b4\u03bf\u03c3\u03b7 \u03c3\u03c4\u03b7\u03bd \u03ba\u03b1\u03b8\u03b7\u03bc\u03b5\u03c1\u03b9\u03bd\u03ae \u03c7\u03c1\u03ae\u03c3\u03b7 \u03ba\u03b1\u03b9 \u03b5\u03c0\u03af\u03c3\u03b7\u03c2 \u03b5\u03be\u03b1\u03c3\u03c6\u03b1\u03bb\u03af\u03b6\u03b5\u03b9 \u03bc\u03b5\u03b3\u03ac\u03bb\u03b7 \u03b1\u03bd\u03c4\u03bf\u03c7\u03ae. \u0391\u03c5\u03c4\u03cc <strong>\u03bc\u03b7\u03c7\u03ac\u03bd\u03b7\u03bc\u03b1 \u03b1\u03bd\u03c4\u03b9\u03b3\u03c1\u03b1\u03c6\u03ae\u03c2 \u03ba\u03bb\u03b5\u03b9\u03b4\u03b9\u03ce\u03bd <span style=\"color: #ff0000;\">\u039d\u0391<\/span><span style=\"color: #0000ff;\">R<\/span>CDLL368<\/strong> \u0395\u03bd\u03b4\u03b5\u03af\u03ba\u03bd\u03c5\u03c4\u03b1\u03b9 \u03b3\u03b9\u03b1 \u03c3\u03b9\u03b4\u03b7\u03c1\u03bf\u03c0\u03c9\u03bb\u03b5\u03af\u03b1, \u03be\u03c5\u03bb\u03bf\u03c5\u03c1\u03b3\u03bf\u03cd\u03c2, \u03ba\u03bb\u03b5\u03b9\u03b4\u03b1\u03c1\u03ac\u03b4\u03b5\u03c2 \u03ba.\u03bb\u03c0. \u039a\u03b1\u03c4\u03ac\u03bb\u03bb\u03b7\u03bb\u03bf \u03b3\u03b9\u03b1 \u03b4\u03b9\u03b1\u03c6\u03bf\u03c1\u03b5\u03c4\u03b9\u03ba\u03bf\u03cd\u03c2 \u03c4\u03cd\u03c0\u03bf\u03c5\u03c2 \u03c0\u03bb\u03ae\u03ba\u03c4\u03c1\u03c9\u03bd \u03c0\u03bf\u03c5 \u03b5\u03c0\u03b9\u03c3\u03c5\u03bd\u03ac\u03c0\u03c4\u03bf\u03bd\u03c4\u03b1\u03b9 \u03c3\u03c4\u03b9\u03c2 \u03b5\u03b9\u03ba\u03cc\u03bd\u03b5\u03c2.<\/p>\n<h6><strong>\u0395\u03b3\u03b3\u03cd\u03b7\u03c3\u03b7\u00a0<span style=\"color: #ff0000;\">\u039d\u0391<\/span><span style=\"color: #0000ff;\">R<\/span>\u0393 2 \u03a7\u03a1\u039f\u039d\u0399\u0391<\/strong><\/h6>\n<h6><span style=\"color: #008000;\">\u0391\u03c0\u03bf\u03b4\u03bf\u03c4\u03b9\u03ba\u03ae \u03ba\u03bb\u03b5\u03b9\u03b4\u03bf\u03c6\u03c1\u03ad\u03b6\u03b1, \u03c7\u03b1\u03bc\u03b7\u03bb\u03ae \u03ba\u03b1\u03c4\u03b1\u03bd\u03ac\u03bb\u03c9\u03c3\u03b7 120w<\/span><\/h6>\n<h6><strong>\u03c0\u03b5\u03c1\u03b9\u03bb\u03b1\u03bc\u03b2\u03ac\u03bd\u03b5\u03c4\u03b1\u03b9 \u03c4\u03b5\u03c7\u03bd\u03b9\u03ba\u03ae \u03c5\u03c0\u03bf\u03c3\u03c4\u03ae\u03c1\u03b9\u03be\u03b7<\/strong><\/h6>\n<p>&nbsp;<\/p>\n<table role=\"presentation\" width=\"100%\" cellspacing=\"0\" cellpadding=\"0\">\n<tbody>\n<tr>\n<td class=\"attrLabels\">\u039c\u03ac\u03c1\u03ba\u03b1:<\/td>\n<td width=\"50.0%\">\u03a4\u039f\u039e\u039f<\/td>\n<\/tr>\n<tr>\n<td class=\"attrLabels\">\u03a7\u03ce\u03c1\u03b1 \u03b4\u03b9\u03b1\u03bd\u03bf\u03bc\u03ae\u03c2:<\/td>\n<td width=\"50.0%\">\u0399\u03c3\u03c0\u03b1\u03bd\u03af\u03b1, \u0393\u03b5\u03c1\u03bc\u03b1\u03bd\u03af\u03b1, \u0397\u03a0\u0391<\/td>\n<td class=\"attrLabels\">\u0392\u03ac\u03c1\u03bf\u03c2:<\/td>\n<td width=\"50.0%\">9 \u03ba\u03b9\u03bb\u03ac<\/td>\n<\/tr>\n<tr>\n<td class=\"attrLabels\">\u0395\u03b3\u03b3\u03cd\u03b7\u03c3\u03b7:<\/td>\n<td width=\"50.0%\">2 \u03a7\u03c1\u03cc\u03bd\u03b9\u03b1<\/td>\n<td class=\"attrLabels\">\u03a5\u03c8\u03bf\u03c2:<\/td>\n<td width=\"50.0%\">35 \u03b5\u03ba<\/td>\n<\/tr>\n<tr>\n<td class=\"attrLabels\">\u03a7\u03c1\u03ce\u03bc\u03b1:<\/td>\n<td width=\"50.0%\">\u03c0\u03bf\u03c1\u03c4\u03bf\u03ba\u03b1\u03bb\u03af, \u03b1\u03c3\u03b7\u03bc\u03af<\/td>\n<td class=\"attrLabels\">\u039c\u03b1\u03ba\u03c1\u03cd\u03c2:<\/td>\n<td width=\"50.0%\">21 \u03b5\u03ba<\/td>\n<\/tr>\n<tr>\n<td class=\"attrLabels\">\u03a4\u03cd\u03c0\u03bf\u03c2 \u03c0\u03c1\u03bf\u03ca\u03cc\u03bd\u03c4\u03bf\u03c2:<\/td>\n<td width=\"50.0%\">\u0397\u03bb\u03b5\u03ba\u03c4\u03c1\u03b9\u03ba\u03cc\u03c2 \u03ba\u03cc\u03c6\u03c4\u03b7\u03c2 \u03c5\u03c6\u03b1\u03c3\u03bc\u03ac\u03c4\u03c9\u03bd<\/td>\n<td class=\"attrLabels\">\u0395\u03c5\u03c1\u03cd\u03c2:<\/td>\n<td width=\"50.0%\">30 \u03b5\u03ba<\/td>\n<\/tr>\n<tr>\n<td class=\"attrLabels\">\u0391\u03c1\u03b9\u03b8\u03bc\u03cc\u03c2 \u03ba\u03b1\u03c4\u03b1\u03c3\u03ba\u03b5\u03c5\u03b1\u03c3\u03c4\u03ae:<\/td>\n<td width=\"50.0%\">ARCMLL238<\/td>\n<td class=\"attrLabels\">\u0395\u03be\u03bf\u03c5\u03c3\u03af\u03b1:<\/td>\n<td width=\"50.0%\">120W<\/td>\n<\/tr>\n<tr>\n<td class=\"attrLabels\">\u03a5\u03bb\u03b9\u03ba\u03cc:<\/td>\n<td width=\"50.0%\">\u03b5\u03bd\u03b9\u03c3\u03c7\u03c5\u03bc\u03ad\u03bd\u03bf\u03c2 \u03c7\u03ac\u03bb\u03c5\u03b2\u03b1\u03c2, \u03ba\u03b9\u03bd\u03b7\u03c4\u03ae\u03c1\u03b1\u03c2 \u03c7\u03b1\u03bb\u03ba\u03bf\u03cd<\/td>\n<td class=\"attrLabels\">\u03c4\u03ac\u03c3\u03b7 \u03b5\u03b9\u03c3\u03cc\u03b4\u03bf\u03c5<\/td>\n<td width=\"50.0%\">220V \u2013 60Hz<\/td>\n<\/tr>\n<tr>\n<td class=\"attrLabels\">\u0395\u03c1\u03b3\u03b1\u03bb\u03b5\u03af\u03b1 \u03b5\u03b3\u03ba\u03b1\u03c4\u03ac\u03c3\u03c4\u03b1\u03c3\u03b7\u03c2:<\/td>\n<td width=\"50.0%\">\u039d\u03b1\u03b9<\/td>\n<td class=\"attrLabels\">\u039a\u03b1\u03c4\u03ac\u03bb\u03bb\u03b7\u03bb\u03bf \u03b3\u03b9\u03b1:<\/td>\n<td width=\"50.0%\">\u0395\u03c0\u03b9\u03c3\u03c5\u03bd\u03ac\u03c0\u03c4\u03b5\u03c4\u03b1\u03b9 \u03c3\u03b5 \u03b5\u03b9\u03ba\u03cc\u03bd\u03b5\u03c2<\/td>\n<\/tr>\n<tr>\n<td class=\"attrLabels\">\u039b\u03b5\u03b9\u03c4\u03bf\u03c5\u03c1\u03b3\u03af\u03b1:<\/td>\n<td width=\"50.0%\">\u0397\u03bb\u03b5\u03ba\u03c4\u03c1\u03b9\u03ba\u03cc\/\u03c7\u03b5\u03b9\u03c1\u03bf\u03ba\u03af\u03bd\u03b7\u03c4\u03bf<\/td>\n<td class=\"attrLabels\"><\/td>\n<td width=\"50.0%\"><\/td>\n<\/tr>\n<\/tbody>\n<\/table>","protected":false},"excerpt":{"rendered":"<h2>\u03bc\u03b7\u03c7\u03ac\u03bd\u03b7\u03bc\u03b1 \u03b1\u03bd\u03c4\u03b9\u03b3\u03c1\u03b1\u03c6\u03ae\u03c2 \u03ba\u03bb\u03b5\u03b9\u03b4\u03b9\u03ce\u03bd<\/h2>\n<p>\u0391\u03c5\u03c4\u03cc<strong> \u039c\u03b7\u03c7\u03ac\u03bd\u03b7\u03bc\u03b1 ARC \u03b3\u03b9\u03b1 \u03b1\u03bd\u03c4\u03af\u03b3\u03c1\u03b1\u03c6\u03b1 \u03ba\u03bb\u03b5\u03b9\u03b4\u03b9\u03ce\u03bd<\/strong>, \u03c0\u03b5\u03c1\u03b9\u03ad\u03c7\u03b5\u03b9 \u03bc\u03b9\u03b1 \u03bb\u03b5\u03c0\u03c4\u03ae \u03b2\u03b5\u03bb\u03cc\u03bd\u03b1 \u03b3\u03b9\u03b1 \u03c3\u03ae\u03bc\u03b1\u03bd\u03c3\u03b7, \u03b4\u03b9\u03b1\u03c6\u03bf\u03c1\u03b5\u03c4\u03b9\u03ba\u03ac \u03b2\u03ac\u03b8\u03b7 \u03b3\u03b9\u03b1 \u03bd\u03b1 \u03c0\u03c1\u03b1\u03b3\u03bc\u03b1\u03c4\u03bf\u03c0\u03bf\u03b9\u03ae\u03c3\u03b5\u03c4\u03b5 \u03bc\u03b9\u03b1 \u03b3\u03c1\u03ae\u03b3\u03bf\u03c1\u03b7 \u03ba\u03b1\u03b9 \u03b1\u03ba\u03c1\u03b9\u03b2\u03ae \u03b4\u03b9\u03b1\u03b4\u03b9\u03ba\u03b1\u03c3\u03af\u03b1. \u03a1\u03c5\u03b8\u03bc\u03af\u03c3\u03c4\u03b5 \u03c4\u03b7\u03bd \u03c0\u03c1\u03ad\u03c3\u03b1 \u03c7\u03b5\u03b9\u03c1\u03bf\u03ba\u03af\u03bd\u03b7\u03c4\u03b1 \u03b3\u03b9\u03b1 \u03bd\u03b1 \u03b5\u03be\u03b1\u03c3\u03c6\u03b1\u03bb\u03af\u03c3\u03b5\u03c4\u03b5 \u03b1\u03ba\u03c1\u03b9\u03b2\u03ae \u03b1\u03bd\u03c4\u03b9\u03b3\u03c1\u03b1\u03c6\u03ae. \u039f \u03ba\u03b9\u03bd\u03b7\u03c4\u03ae\u03c1\u03b1\u03c2 \u03bc\u03b5 \u03c3\u03cd\u03c1\u03bc\u03b1 \u03c7\u03b1\u03bb\u03ba\u03bf\u03cd \u03c5\u03c8\u03b7\u03bb\u03ae\u03c2 \u03b9\u03c3\u03c7\u03cd\u03bf\u03c2 \u03b5\u03be\u03b1\u03c3\u03c6\u03b1\u03bb\u03af\u03b6\u03b5\u03b9 \u03b3\u03c1\u03ae\u03b3\u03bf\u03c1\u03b7 \u03ba\u03b1\u03b9 \u03b5\u03cd\u03ba\u03bf\u03bb\u03b7 \u03bb\u03b5\u03b9\u03c4\u03bf\u03c5\u03c1\u03b3\u03af\u03b1. <strong>\u03c6\u03c1\u03ad\u03b6\u03b1 \u03ba\u03bb\u03b5\u03b9\u03b4\u03b9\u03bf\u03cd<\/strong> \u03a0\u03bf\u03bb\u03cd \u03ba\u03b1\u03c4\u03ac\u03bb\u03bb\u03b7\u03bb\u03bf \u03b3\u03b9\u03b1 \u03ba\u03bb\u03b5\u03b9\u03b4\u03b1\u03c1\u03ac\u03b4\u03b5\u03c2, \u03be\u03c5\u03bb\u03bf\u03c5\u03c1\u03b3\u03b5\u03af\u03b1, \u03ba\u03b1\u03c4\u03b1\u03c3\u03c4\u03ae\u03bc\u03b1\u03c4\u03b1 DIY, \u03c3\u03b9\u03b4\u03b7\u03c1\u03bf\u03c0\u03c9\u03bb\u03b5\u03af\u03b1 \u03ba.\u03bb\u03c0.<\/p>\n<h6><strong>\u0395\u03b3\u03b3\u03cd\u03b7\u03c3\u03b7\u00a0<span style=\"color: #ff0000;\">\u039d\u0391<\/span><span style=\"color: #0000ff;\">R<\/span>\u0393 2 \u03a7\u03a1\u039f\u039d\u0399\u0391<\/strong><\/h6>\n<h6><span style=\"color: #008000;\">\u0391\u03c0\u03bf\u03b4\u03bf\u03c4\u03b9\u03ba\u03ae \u03ba\u03bb\u03b5\u03b9\u03b4\u03bf\u03c6\u03c1\u03ad\u03b6\u03b1, \u03c7\u03b1\u03bc\u03b7\u03bb\u03ae \u03ba\u03b1\u03c4\u03b1\u03bd\u03ac\u03bb\u03c9\u03c3\u03b7 120w<\/span><\/h6>\n<h6><strong>\u03c0\u03b5\u03c1\u03b9\u03bb\u03b1\u03bc\u03b2\u03ac\u03bd\u03b5\u03c4\u03b1\u03b9 \u03c4\u03b5\u03c7\u03bd\u03b9\u03ba\u03ae \u03c5\u03c0\u03bf\u03c3\u03c4\u03ae\u03c1\u03b9\u03be\u03b7<\/strong><\/h6>","protected":false},"featured_media":3735,"comment_status":"open","ping_status":"closed","template":"","meta":{"wds_primary_product_brand":0,"wds_primary_product_cat":0},"product_brand":[],"product_cat":[69,70],"product_tag":[],"class_list":{"0":"post-3723","1":"product","2":"type-product","3":"status-publish","4":"has-post-thumbnail","6":"product_cat-maquinas-variadas","7":"product_cat-talladoras-marcadoras-de-metal-grabadoras-laser","8":"product_shipping_class-hosteleria","10":"first","11":"instock","12":"sale","13":"taxable","14":"shipping-taxable","15":"purchasable","16":"product-type-simple"},"yoast_head":"<!-- This site is optimized with the Yoast SEO Premium plugin v24.9 (Yoast SEO v26.1) - https:\/\/yoast.com\/wordpress\/plugins\/seo\/ -->\n<title>M\u00e1quina duplicadora de llaves - distribuci\u00f3n ARC<\/title>\n<meta name=\"robots\" content=\"index, follow, max-snippet:-1, max-image-preview:large, max-video-preview:-1\" \/>\n<link rel=\"canonical\" href=\"https:\/\/distribucionarc.com\/el\/\u03c0\u03c1\u03bf\u03ca\u03cc\u03bd\/\u03ba\u03bb\u03b5\u03b9\u03b4\u03af-\u03b1\u03bd\u03c4\u03b9\u03b3\u03c1\u03b1\u03c6\u03b9\u03ba\u03cc-\u03bc\u03b7\u03c7\u03ac\u03bd\u03b7\u03bc\u03b1-2\/\" \/>\n<meta property=\"og:locale\" content=\"el_GR\" \/>\n<meta property=\"og:type\" content=\"article\" \/>\n<meta property=\"og:title\" content=\"M\u00e1quina duplicadora de llaves\" \/>\n<meta property=\"og:description\" content=\"M\u00e1quina duplicadora de llaves Esta m\u00e1quina ARC para copias de llaves, contiene una aguja fina para marcar, distintas profundidades para realizar un proceso r\u00e1pido y preciso. Ajuste la prensa manualmente para asegurar un duplicado preciso; el motor de alta potencia de alambre cobre le asegura una operaci\u00f3n r\u00e1pida y sencilla. Fresadora de llaves muy adecuada para cerrajer\u00edas, carpinter\u00edas, tiendas de bricolaje, ferreter\u00edas etc. Garant\u00eda\u00a0ARC 2 A\u00d1OS Fresadora de llaves eficiente, bajo consumo 120w soporte t\u00e9cnico incluido\" \/>\n<meta property=\"og:url\" content=\"https:\/\/distribucionarc.com\/el\/\u03c0\u03c1\u03bf\u03ca\u03cc\u03bd\/\u03ba\u03bb\u03b5\u03b9\u03b4\u03af-\u03b1\u03bd\u03c4\u03b9\u03b3\u03c1\u03b1\u03c6\u03b9\u03ba\u03cc-\u03bc\u03b7\u03c7\u03ac\u03bd\u03b7\u03bc\u03b1-2\/\" \/>\n<meta property=\"og:site_name\" content=\"distribuci\u00f3n ARC\" \/>\n<meta property=\"og:image\" content=\"https:\/\/distribucionarc.com\/wp-content\/uploads\/2020\/10\/M\u00e1quina-duplicadora-de-llaves-0.jpg\" \/>\n\t<meta property=\"og:image:width\" content=\"800\" \/>\n\t<meta property=\"og:image:height\" content=\"800\" \/>\n\t<meta property=\"og:image:type\" content=\"image\/jpeg\" \/>\n<meta name=\"twitter:card\" content=\"summary_large_image\" \/>\n<meta name=\"twitter:label1\" content=\"\u0395\u03ba\u03c4\u03b9\u03bc\u03ce\u03bc\u03b5\u03bd\u03bf\u03c2 \u03c7\u03c1\u03cc\u03bd\u03bf\u03c2 \u03b1\u03bd\u03ac\u03b3\u03bd\u03c9\u03c3\u03b7\u03c2\" \/>\n\t<meta name=\"twitter:data1\" content=\"1 \u03bb\u03b5\u03c0\u03c4\u03cc\" \/>\n<script type=\"application\/ld+json\" class=\"yoast-schema-graph\">{\"@context\":\"https:\/\/schema.org\",\"@graph\":[{\"@type\":\"WebPage\",\"@id\":\"https:\/\/distribucionarc.com\/fr\/producto\/maquina-duplicadora-de-llaves\/\",\"url\":\"https:\/\/distribucionarc.com\/fr\/producto\/maquina-duplicadora-de-llaves\/\",\"name\":\"M\u00e1quina duplicadora de llaves - distribuci\u00f3n ARC\",\"isPartOf\":{\"@id\":\"https:\/\/www.distribucionarc.com\/sl\/#website\"},\"primaryImageOfPage\":{\"@id\":\"https:\/\/distribucionarc.com\/fr\/producto\/maquina-duplicadora-de-llaves\/#primaryimage\"},\"image\":{\"@id\":\"https:\/\/distribucionarc.com\/fr\/producto\/maquina-duplicadora-de-llaves\/#primaryimage\"},\"thumbnailUrl\":\"https:\/\/distribucionarc.com\/wp-content\/uploads\/2020\/10\/M\u00e1quina-duplicadora-de-llaves-0.jpg\",\"datePublished\":\"2020-10-07T09:59:20+00:00\",\"breadcrumb\":{\"@id\":\"https:\/\/distribucionarc.com\/fr\/producto\/maquina-duplicadora-de-llaves\/#breadcrumb\"},\"inLanguage\":\"el\",\"potentialAction\":[{\"@type\":\"ReadAction\",\"target\":[\"https:\/\/distribucionarc.com\/fr\/producto\/maquina-duplicadora-de-llaves\/\"]}]},{\"@type\":\"ImageObject\",\"inLanguage\":\"el\",\"@id\":\"https:\/\/distribucionarc.com\/fr\/producto\/maquina-duplicadora-de-llaves\/#primaryimage\",\"url\":\"https:\/\/distribucionarc.com\/wp-content\/uploads\/2020\/10\/M\u00e1quina-duplicadora-de-llaves-0.jpg\",\"contentUrl\":\"https:\/\/distribucionarc.com\/wp-content\/uploads\/2020\/10\/M\u00e1quina-duplicadora-de-llaves-0.jpg\",\"width\":800,\"height\":800,\"caption\":\"M\u00e1quina duplicadora de llaves\"},{\"@type\":\"BreadcrumbList\",\"@id\":\"https:\/\/distribucionarc.com\/fr\/producto\/maquina-duplicadora-de-llaves\/#breadcrumb\",\"itemListElement\":[{\"@type\":\"ListItem\",\"position\":1,\"name\":\"Portada\",\"item\":\"https:\/\/www.distribucionarc.com\/\"},{\"@type\":\"ListItem\",\"position\":2,\"name\":\"\u00dcr\u00fcnler\",\"item\":\"https:\/\/www.distribucionarc.com\/tr\/magaza\/\"},{\"@type\":\"ListItem\",\"position\":3,\"name\":\"M\u00e1quina duplicadora de llaves\"}]},{\"@type\":\"WebSite\",\"@id\":\"https:\/\/www.distribucionarc.com\/sl\/#website\",\"url\":\"https:\/\/www.distribucionarc.com\/sl\/\",\"name\":\"distribuci\u00f3n ARC\",\"description\":\"Empresa especializada en la fabricaci\u00f3n y distribuci\u00f3n de maquinaria industrial, selladoras de latas, Maquinas de hacer pastillas, Maquinas de cortar carne...\",\"publisher\":{\"@id\":\"https:\/\/www.distribucionarc.com\/sl\/#organization\"},\"potentialAction\":[{\"@type\":\"SearchAction\",\"target\":{\"@type\":\"EntryPoint\",\"urlTemplate\":\"https:\/\/www.distribucionarc.com\/sl\/?s={search_term_string}\"},\"query-input\":{\"@type\":\"PropertyValueSpecification\",\"valueRequired\":true,\"valueName\":\"search_term_string\"}}],\"inLanguage\":\"el\"},{\"@type\":\"Organization\",\"@id\":\"https:\/\/www.distribucionarc.com\/sl\/#organization\",\"name\":\"Distribuci\u00f3n ARC\",\"url\":\"https:\/\/www.distribucionarc.com\/sl\/\",\"logo\":{\"@type\":\"ImageObject\",\"inLanguage\":\"el\",\"@id\":\"https:\/\/www.distribucionarc.com\/sl\/#\/schema\/logo\/image\/\",\"url\":\"https:\/\/distribucionarc.com\/wp-content\/uploads\/2024\/10\/distribucion-ARC-COLOR-SIN-FONDO-e1732295305345.png\",\"contentUrl\":\"https:\/\/distribucionarc.com\/wp-content\/uploads\/2024\/10\/distribucion-ARC-COLOR-SIN-FONDO-e1732295305345.png\",\"width\":1164,\"height\":558,\"caption\":\"Distribuci\u00f3n ARC\"},\"image\":{\"@id\":\"https:\/\/www.distribucionarc.com\/sl\/#\/schema\/logo\/image\/\"},\"description\":\"Empresa especializada en la fabricaci\u00f3n y distribuci\u00f3n de maquinaria industrial para los sectores alimentario y farmac\u00e9utico. Nos especializamos en: M\u00e1quinas de cortar carne Fabricaci\u00f3n de comprimidos Sistemas de transporte industrial L\u00edneas de embotellado Dosificadores Y mucho m\u00e1s... Ofrecemos soluciones innovadoras y personalizadas para optimizar los procesos productivos de tu empresa.\",\"email\":\"Admistracion@distribucionarc.com\",\"telephone\":\"+34 643496664\",\"legalName\":\"ARC TECH SOLUTIONS\",\"foundingDate\":\"2024-04-09\",\"vatID\":\"B55480172\",\"numberOfEmployees\":{\"@type\":\"QuantitativeValue\",\"minValue\":\"1\",\"maxValue\":\"10\"}}]}<\/script>\n<!-- \/ Yoast SEO Premium plugin. -->","yoast_head_json":{"title":"\u039c\u03b7\u03c7\u03ac\u03bd\u03b7\u03bc\u03b1 \u03b1\u03bd\u03c4\u03b9\u03b3\u03c1\u03b1\u03c6\u03ae\u03c2 \u03ba\u03bb\u03b5\u03b9\u03b4\u03b9\u03ce\u03bd - \u03b4\u03b9\u03b1\u03bd\u03bf\u03bc\u03ae ARC","robots":{"index":"index","follow":"follow","max-snippet":"max-snippet:-1","max-image-preview":"max-image-preview:large","max-video-preview":"max-video-preview:-1"},"canonical":"https:\/\/distribucionarc.com\/el\/\u03c0\u03c1\u03bf\u03ca\u03cc\u03bd\/\u03ba\u03bb\u03b5\u03b9\u03b4\u03af-\u03b1\u03bd\u03c4\u03b9\u03b3\u03c1\u03b1\u03c6\u03b9\u03ba\u03cc-\u03bc\u03b7\u03c7\u03ac\u03bd\u03b7\u03bc\u03b1-2\/","og_locale":"el_GR","og_type":"article","og_title":"M\u00e1quina duplicadora de llaves","og_description":"M\u00e1quina duplicadora de llaves Esta m\u00e1quina ARC para copias de llaves, contiene una aguja fina para marcar, distintas profundidades para realizar un proceso r\u00e1pido y preciso. Ajuste la prensa manualmente para asegurar un duplicado preciso; el motor de alta potencia de alambre cobre le asegura una operaci\u00f3n r\u00e1pida y sencilla. Fresadora de llaves muy adecuada para cerrajer\u00edas, carpinter\u00edas, tiendas de bricolaje, ferreter\u00edas etc. Garant\u00eda\u00a0ARC 2 A\u00d1OS Fresadora de llaves eficiente, bajo consumo 120w soporte t\u00e9cnico incluido","og_url":"https:\/\/distribucionarc.com\/el\/\u03c0\u03c1\u03bf\u03ca\u03cc\u03bd\/\u03ba\u03bb\u03b5\u03b9\u03b4\u03af-\u03b1\u03bd\u03c4\u03b9\u03b3\u03c1\u03b1\u03c6\u03b9\u03ba\u03cc-\u03bc\u03b7\u03c7\u03ac\u03bd\u03b7\u03bc\u03b1-2\/","og_site_name":"distribuci\u00f3n ARC","og_image":[{"width":800,"height":800,"url":"https:\/\/distribucionarc.com\/wp-content\/uploads\/2020\/10\/M\u00e1quina-duplicadora-de-llaves-0.jpg","type":"image\/jpeg"}],"twitter_card":"summary_large_image","twitter_misc":{"\u0395\u03ba\u03c4\u03b9\u03bc\u03ce\u03bc\u03b5\u03bd\u03bf\u03c2 \u03c7\u03c1\u03cc\u03bd\u03bf\u03c2 \u03b1\u03bd\u03ac\u03b3\u03bd\u03c9\u03c3\u03b7\u03c2":"1 \u03bb\u03b5\u03c0\u03c4\u03cc"},"schema":{"@context":"https:\/\/schema.org","@graph":[{"@type":"WebPage","@id":"https:\/\/distribucionarc.com\/fr\/producto\/maquina-duplicadora-de-llaves\/","url":"https:\/\/distribucionarc.com\/fr\/producto\/maquina-duplicadora-de-llaves\/","name":"\u039c\u03b7\u03c7\u03ac\u03bd\u03b7\u03bc\u03b1 \u03b1\u03bd\u03c4\u03b9\u03b3\u03c1\u03b1\u03c6\u03ae\u03c2 \u03ba\u03bb\u03b5\u03b9\u03b4\u03b9\u03ce\u03bd - \u03b4\u03b9\u03b1\u03bd\u03bf\u03bc\u03ae ARC","isPartOf":{"@id":"https:\/\/www.distribucionarc.com\/sl\/#website"},"primaryImageOfPage":{"@id":"https:\/\/distribucionarc.com\/fr\/producto\/maquina-duplicadora-de-llaves\/#primaryimage"},"image":{"@id":"https:\/\/distribucionarc.com\/fr\/producto\/maquina-duplicadora-de-llaves\/#primaryimage"},"thumbnailUrl":"https:\/\/distribucionarc.com\/wp-content\/uploads\/2020\/10\/M\u00e1quina-duplicadora-de-llaves-0.jpg","datePublished":"2020-10-07T09:59:20+00:00","breadcrumb":{"@id":"https:\/\/distribucionarc.com\/fr\/producto\/maquina-duplicadora-de-llaves\/#breadcrumb"},"inLanguage":"el","potentialAction":[{"@type":"ReadAction","target":["https:\/\/distribucionarc.com\/fr\/producto\/maquina-duplicadora-de-llaves\/"]}]},{"@type":"ImageObject","inLanguage":"el","@id":"https:\/\/distribucionarc.com\/fr\/producto\/maquina-duplicadora-de-llaves\/#primaryimage","url":"https:\/\/distribucionarc.com\/wp-content\/uploads\/2020\/10\/M\u00e1quina-duplicadora-de-llaves-0.jpg","contentUrl":"https:\/\/distribucionarc.com\/wp-content\/uploads\/2020\/10\/M\u00e1quina-duplicadora-de-llaves-0.jpg","width":800,"height":800,"caption":"M\u00e1quina duplicadora de llaves"},{"@type":"BreadcrumbList","@id":"https:\/\/distribucionarc.com\/fr\/producto\/maquina-duplicadora-de-llaves\/#breadcrumb","itemListElement":[{"@type":"ListItem","position":1,"name":"Portada","item":"https:\/\/www.distribucionarc.com\/"},{"@type":"ListItem","position":2,"name":"\u00dcr\u00fcnler","item":"https:\/\/www.distribucionarc.com\/tr\/magaza\/"},{"@type":"ListItem","position":3,"name":"M\u00e1quina duplicadora de llaves"}]},{"@type":"WebSite","@id":"https:\/\/www.distribucionarc.com\/sl\/#website","url":"https:\/\/www.distribucionarc.com\/sl\/","name":"\u039a\u03b1\u03c4\u03b1\u03bd\u03bf\u03bc\u03ae ARC","description":"\u0395\u03c4\u03b1\u03b9\u03c1\u03b5\u03af\u03b1 \u03c0\u03bf\u03c5 \u03b5\u03b9\u03b4\u03b9\u03ba\u03b5\u03cd\u03b5\u03c4\u03b1\u03b9 \u03c3\u03c4\u03b7\u03bd \u03ba\u03b1\u03c4\u03b1\u03c3\u03ba\u03b5\u03c5\u03ae \u03ba\u03b1\u03b9 \u03b4\u03b9\u03b1\u03bd\u03bf\u03bc\u03ae \u03b2\u03b9\u03bf\u03bc\u03b7\u03c7\u03b1\u03bd\u03b9\u03ba\u03ce\u03bd \u03bc\u03b7\u03c7\u03b1\u03bd\u03b7\u03bc\u03ac\u03c4\u03c9\u03bd, \u03bc\u03b7\u03c7\u03b1\u03bd\u03ce\u03bd \u03c3\u03c6\u03c1\u03ac\u03b3\u03b9\u03c3\u03b7\u03c2 \u03ba\u03bf\u03bd\u03c3\u03b5\u03c1\u03b2\u03ce\u03bd, \u03bc\u03b7\u03c7\u03b1\u03bd\u03ce\u03bd \u03c0\u03b1\u03c1\u03b1\u03c3\u03ba\u03b5\u03c5\u03ae\u03c2 \u03b4\u03b9\u03c3\u03ba\u03af\u03c9\u03bd, \u03bc\u03b7\u03c7\u03b1\u03bd\u03ce\u03bd \u03ba\u03bf\u03c0\u03ae\u03c2 \u03ba\u03c1\u03ad\u03b1\u03c4\u03bf\u03c2...","publisher":{"@id":"https:\/\/www.distribucionarc.com\/sl\/#organization"},"potentialAction":[{"@type":"SearchAction","target":{"@type":"EntryPoint","urlTemplate":"https:\/\/www.distribucionarc.com\/sl\/?s={search_term_string}"},"query-input":{"@type":"PropertyValueSpecification","valueRequired":true,"valueName":"search_term_string"}}],"inLanguage":"el"},{"@type":"Organization","@id":"https:\/\/www.distribucionarc.com\/sl\/#organization","name":"\u0394\u03b9\u03b1\u03bd\u03bf\u03bc\u03ae ARC","url":"https:\/\/www.distribucionarc.com\/sl\/","logo":{"@type":"ImageObject","inLanguage":"el","@id":"https:\/\/www.distribucionarc.com\/sl\/#\/schema\/logo\/image\/","url":"https:\/\/distribucionarc.com\/wp-content\/uploads\/2024\/10\/distribucion-ARC-COLOR-SIN-FONDO-e1732295305345.png","contentUrl":"https:\/\/distribucionarc.com\/wp-content\/uploads\/2024\/10\/distribucion-ARC-COLOR-SIN-FONDO-e1732295305345.png","width":1164,"height":558,"caption":"Distribuci\u00f3n ARC"},"image":{"@id":"https:\/\/www.distribucionarc.com\/sl\/#\/schema\/logo\/image\/"},"description":"\u0395\u03c4\u03b1\u03b9\u03c1\u03b5\u03af\u03b1 \u03c0\u03bf\u03c5 \u03b5\u03b9\u03b4\u03b9\u03ba\u03b5\u03cd\u03b5\u03c4\u03b1\u03b9 \u03c3\u03c4\u03b7\u03bd \u03ba\u03b1\u03c4\u03b1\u03c3\u03ba\u03b5\u03c5\u03ae \u03ba\u03b1\u03b9 \u03b4\u03b9\u03b1\u03bd\u03bf\u03bc\u03ae \u03b2\u03b9\u03bf\u03bc\u03b7\u03c7\u03b1\u03bd\u03b9\u03ba\u03ce\u03bd \u03bc\u03b7\u03c7\u03b1\u03bd\u03b7\u03bc\u03ac\u03c4\u03c9\u03bd \u03b3\u03b9\u03b1 \u03c4\u03bf\u03bd \u03c4\u03bf\u03bc\u03ad\u03b1 \u03c4\u03c9\u03bd \u03c4\u03c1\u03bf\u03c6\u03af\u03bc\u03c9\u03bd \u03ba\u03b1\u03b9 \u03c4\u03c9\u03bd \u03c6\u03b1\u03c1\u03bc\u03ac\u03ba\u03c9\u03bd. \u0395\u03be\u03b5\u03b9\u03b4\u03b9\u03ba\u03b5\u03c5\u03cc\u03bc\u03b1\u03c3\u03c4\u03b5 \u03c3\u03b5: \u0393\u03c1\u03b1\u03bc\u03bc\u03ad\u03c2 \u03b5\u03bc\u03c6\u03b9\u03ac\u03bb\u03c9\u03c3\u03b7\u03c2 \u0394\u03bf\u03c3\u03bf\u03bc\u03b5\u03c4\u03c1\u03b9\u03ba\u03ad\u03c2 \u03bc\u03b7\u03c7\u03b1\u03bd\u03ad\u03c2 \u039a\u03b1\u03b9 \u03c0\u03bf\u03bb\u03bb\u03ac \u03ac\u03bb\u03bb\u03b1... \u03a0\u03c1\u03bf\u03c3\u03c6\u03ad\u03c1\u03bf\u03c5\u03bc\u03b5 \u03ba\u03b1\u03b9\u03bd\u03bf\u03c4\u03cc\u03bc\u03b5\u03c2 \u03ba\u03b1\u03b9 \u03b5\u03be\u03b1\u03c4\u03bf\u03bc\u03b9\u03ba\u03b5\u03c5\u03bc\u03ad\u03bd\u03b5\u03c2 \u03bb\u03cd\u03c3\u03b5\u03b9\u03c2 \u03b3\u03b9\u03b1 \u03c4\u03b7 \u03b2\u03b5\u03bb\u03c4\u03b9\u03c3\u03c4\u03bf\u03c0\u03bf\u03af\u03b7\u03c3\u03b7 \u03c4\u03c9\u03bd \u03c0\u03b1\u03c1\u03b1\u03b3\u03c9\u03b3\u03b9\u03ba\u03ce\u03bd \u03b4\u03b9\u03b1\u03b4\u03b9\u03ba\u03b1\u03c3\u03b9\u03ce\u03bd \u03c4\u03b7\u03c2 \u03b5\u03c4\u03b1\u03b9\u03c1\u03b5\u03af\u03b1\u03c2 \u03c3\u03b1\u03c2.","email":"Admistracion@distribucionarc.com","telephone":"+34 643496664","legalName":"ARC TECH SOLUTIONS","foundingDate":"2024-04-09","vatID":"B55480172","numberOfEmployees":{"@type":"QuantitativeValue","minValue":"1","maxValue":"10"}}]}},"_links":{"self":[{"href":"https:\/\/distribucionarc.com\/el\/wp-json\/wp\/v2\/product\/3723","targetHints":{"allow":["GET"]}}],"collection":[{"href":"https:\/\/distribucionarc.com\/el\/wp-json\/wp\/v2\/product"}],"about":[{"href":"https:\/\/distribucionarc.com\/el\/wp-json\/wp\/v2\/types\/product"}],"replies":[{"embeddable":true,"href":"https:\/\/distribucionarc.com\/el\/wp-json\/wp\/v2\/comments?post=3723"}],"version-history":[{"count":0,"href":"https:\/\/distribucionarc.com\/el\/wp-json\/wp\/v2\/product\/3723\/revisions"}],"wp:featuredmedia":[{"embeddable":true,"href":"https:\/\/distribucionarc.com\/el\/wp-json\/wp\/v2\/media\/3735"}],"wp:attachment":[{"href":"https:\/\/distribucionarc.com\/el\/wp-json\/wp\/v2\/media?parent=3723"}],"wp:term":[{"taxonomy":"product_brand","embeddable":true,"href":"https:\/\/distribucionarc.com\/el\/wp-json\/wp\/v2\/product_brand?post=3723"},{"taxonomy":"product_cat","embeddable":true,"href":"https:\/\/distribucionarc.com\/el\/wp-json\/wp\/v2\/product_cat?post=3723"},{"taxonomy":"product_tag","embeddable":true,"href":"https:\/\/distribucionarc.com\/el\/wp-json\/wp\/v2\/product_tag?post=3723"}],"curies":[{"name":"wp","href":"https:\/\/api.w.org\/{rel}","templated":true}]}}