{"id":3862,"date":"2020-10-10T10:52:38","date_gmt":"2020-10-10T10:52:38","guid":{"rendered":"https:\/\/distribucionarc.com\/?post_type=product&#038;p=3862"},"modified":"2020-10-10T10:52:39","modified_gmt":"2020-10-10T10:52:39","slug":"%ce%b2%ce%b9%ce%bf%ce%bc%ce%b7%cf%87%ce%b1%ce%bd%ce%b9%ce%ba%cf%8c%cf%82-%ce%bd%ce%b5%cf%81%ce%bf%cf%87%cf%8d%cf%84%ce%b7%cf%82","status":"publish","type":"product","link":"https:\/\/distribucionarc.com\/el\/producto\/fregadero-industrial\/","title":{"rendered":"\u03b2\u03b9\u03bf\u03bc\u03b7\u03c7\u03b1\u03bd\u03b9\u03ba\u03cc\u03c2 \u03bd\u03b5\u03c1\u03bf\u03c7\u03cd\u03c4\u03b7\u03c2"},"content":{"rendered":"<h3>\u03a0\u03ac\u03b3\u03ba\u03bf\u03c2 \u03b5\u03c1\u03b3\u03b1\u03c3\u03af\u03b1\u03c2 \u03bc\u03b5 \u03bd\u03b5\u03c1\u03bf\u03c7\u03cd\u03c4\u03b7<\/h3>\n<p>\u0391\u03c5\u03c4\u03cc <strong>\u03c0\u03ac\u03b3\u03ba\u03bf\u03c2 \u03b5\u03c1\u03b3\u03b1\u03c3\u03af\u03b1\u03c2 <span style=\"color: #ff0000;\">\u039d\u0391<span style=\"color: #0000ff;\">R<\/span><\/span>CBF1<\/strong> \u0395\u03af\u03bd\u03b1\u03b9 \u03ba\u03b1\u03c4\u03b1\u03c3\u03ba\u03b5\u03c5\u03b1\u03c3\u03bc\u03ad\u03bd\u03bf \u03b1\u03c0\u03cc premium \u03b1\u03bd\u03bf\u03be\u03b5\u03af\u03b4\u03c9\u03c4\u03bf \u03c7\u03ac\u03bb\u03c5\u03b2\u03b1, \u03c3\u03c7\u03b5\u03b4\u03b9\u03b1\u03c3\u03bc\u03ad\u03bd\u03bf \u03b5\u03be \u03bf\u03bb\u03bf\u03ba\u03bb\u03ae\u03c1\u03bf\u03c5 \u03c3\u03c4\u03bf \u03c7\u03ad\u03c1\u03b9 \u03ba\u03b1\u03b9 \u03b4\u03b9\u03b1\u03b8\u03ad\u03c4\u03b5\u03b9 \u03b1\u03c0\u03bf\u03c3\u03c4\u03c1\u03b1\u03b3\u03b3\u03b9\u03c3\u03c4\u03b9\u03ba\u03cc \u03c3\u03c4\u03b7 \u03b4\u03b5\u03be\u03b9\u03ac \u03c0\u03bb\u03b5\u03c5\u03c1\u03ac \u03c0\u03bf\u03c5 \u03c0\u03b5\u03c1\u03b9\u03bb\u03b1\u03bc\u03b2\u03ac\u03bd\u03b5\u03b9 \u03c6\u03af\u03bb\u03c4\u03c1\u03bf \u03ba\u03b1\u03bb\u03b1\u03b8\u03b9\u03bf\u03cd \u03b3\u03b9\u03b1 \u03ba\u03b1\u03bb\u03cd\u03c4\u03b5\u03c1\u03b7 \u03b1\u03c0\u03bf\u03c3\u03c4\u03c1\u03ac\u03b3\u03b3\u03b9\u03c3\u03b7. \u0394\u03b9\u03b1\u03b8\u03ad\u03c4\u03b5\u03b9 \u03ba\u03b1\u03bd\u03ac\u03bb\u03b9 \u03c3\u03c4\u03ac\u03bb\u03b1\u03be\u03b7\u03c2 \u03c0\u03bf\u03c5 \u03c0\u03b5\u03c1\u03b9\u03b2\u03ac\u03bb\u03bb\u03b5\u03b9 \u03c4\u03bf \u03c3\u03c4\u03c1\u03b1\u03b3\u03b3\u03b9\u03c3\u03c4\u03b9\u03ba\u03cc. \u039f\u03b9 \u03ac\u03ba\u03c1\u03b5\u03c2 \u03ba\u03b1\u03b9 \u03bf\u03b9 \u03b3\u03c9\u03bd\u03af\u03b5\u03c2 \u03b5\u03af\u03bd\u03b1\u03b9 \u03c3\u03c4\u03c1\u03bf\u03b3\u03b3\u03c5\u03bb\u03b5\u03bc\u03ad\u03bd\u03b5\u03c2 \u03b3\u03b9\u03b1 \u03bd\u03b1 \u03b4\u03b9\u03b1\u03c3\u03c6\u03b1\u03bb\u03af\u03b6\u03b5\u03c4\u03b1\u03b9 \u03b7 \u03b1\u03c3\u03c6\u03ac\u03bb\u03b5\u03b9\u03b1 \u03c4\u03bf\u03c5 \u03c7\u03c1\u03ae\u03c3\u03c4\u03b7.<\/p>\n<h6><strong>\u0395\u03b3\u03b3\u03cd\u03b7\u03c3\u03b7\u00a0<span style=\"color: #ff0000;\">\u039d\u0391<\/span><span style=\"color: #0000ff;\">R<\/span>\u0393 2 \u03a7\u03a1\u039f\u039d\u0399\u0391<\/strong><\/h6>\n<h6><strong>\u03c0\u03b5\u03c1\u03b9\u03bb\u03b1\u03bc\u03b2\u03ac\u03bd\u03b5\u03c4\u03b1\u03b9 \u03c4\u03b5\u03c7\u03bd\u03b9\u03ba\u03ae \u03c5\u03c0\u03bf\u03c3\u03c4\u03ae\u03c1\u03b9\u03be\u03b7<\/strong><\/h6>\n<p>&nbsp;<\/p>\n<table width=\"100%\">\n<tbody>\n<tr>\n<td>\u039c\u03ac\u03c1\u03ba\u03b1:<\/td>\n<td width=\"32%\">\u03a4\u039f\u039e\u039f<\/td>\n<td>\u0392\u03ac\u03c1\u03bf\u03c2:<\/td>\n<td width=\"30%\">11,5 \u03ba\u03b9\u03bb\u03ac<\/td>\n<\/tr>\n<tr>\n<td>\u03a7\u03ce\u03c1\u03b1 \u03b4\u03b9\u03b1\u03bd\u03bf\u03bc\u03ae\u03c2:<\/td>\n<td width=\"32%\">\u0399\u03c3\u03c0\u03b1\u03bd\u03af\u03b1, \u0393\u03b5\u03c1\u03bc\u03b1\u03bd\u03af\u03b1, \u0397\u03a0\u0391<\/td>\n<td>\u03a5\u03c8\u03bf\u03c2:<\/td>\n<td width=\"30%\">92 \u03b5\u03ba<\/td>\n<\/tr>\n<tr>\n<td>\u03a7\u03c1\u03ce\u03bc\u03b1:<\/td>\n<td width=\"32%\">\u0391\u03c3\u03ae\u03bc\u03b9<\/td>\n<td>\u039c\u03b1\u03ba\u03c1\u03cd\u03c2:<\/td>\n<td width=\"30%\">100 \u03b5\u03ba<\/td>\n<\/tr>\n<tr>\n<td>\u03a4\u03cd\u03c0\u03bf\u03c2 \u03c0\u03c1\u03bf\u03ca\u03cc\u03bd\u03c4\u03bf\u03c2:<\/td>\n<td width=\"32%\">\u039d\u03b5\u03c1\u03bf\u03c7\u03cd\u03c4\u03b7\u03c2<\/td>\n<td>\u0395\u03c5\u03c1\u03cd\u03c2:<\/td>\n<td width=\"30%\">50 \u03b5\u03ba<\/td>\n<\/tr>\n<tr>\n<td>\u0391\u03c1\u03b9\u03b8\u03bc\u03cc\u03c2 \u03ba\u03b1\u03c4\u03b1\u03c3\u03ba\u03b5\u03c5\u03b1\u03c3\u03c4\u03ae:<\/td>\n<td width=\"32%\">ARCBF1<\/td>\n<td>\u0394\u03b9\u03b1\u03c3\u03c4\u03ac\u03c3\u03b5\u03b9\u03c2 \u03bd\u03b5\u03c1\u03bf\u03c7\u03cd\u03c4\u03b7:<\/td>\n<td width=\"30%\">35 x 35 x 24 \u03b5\u03ba<\/td>\n<\/tr>\n<tr>\n<td>\u03a5\u03bb\u03b9\u03ba\u03cc:<\/td>\n<td width=\"32%\">304 \u03b1\u03bd\u03bf\u03be\u03b5\u03af\u03b4\u03c9\u03c4\u03bf \u03b1\u03c4\u03c3\u03ac\u03bb\u03b9<\/td>\n<td>\u00a0\u00a0\u0395\u03b3\u03b3\u03cd\u03b7\u03c3\u03b7:<\/td>\n<td width=\"30%\">2 \u03a7\u03a1\u039f\u039d\u0399\u0391<\/td>\n<\/tr>\n<tr>\n<td>\u03a0\u03ac\u03c7\u03bf\u03c2 \u03c7\u03ac\u03bb\u03c5\u03b2\u03b1:<\/td>\n<td width=\"32%\">0,8 \u03c7\u03bb\u03c3\u03c4<\/td>\n<td><\/td>\n<td width=\"30%\"><\/td>\n<\/tr>\n<\/tbody>\n<\/table>\n<p>&nbsp;<\/p>\n<p>&nbsp;<\/p>","protected":false},"excerpt":{"rendered":"<h2>\u03a0\u03ac\u03b3\u03ba\u03bf\u03c2 \u03b5\u03c1\u03b3\u03b1\u03c3\u03af\u03b1\u03c2 \u03bc\u03b5 \u03bd\u03b5\u03c1\u03bf\u03c7\u03cd\u03c4\u03b7<\/h2>\n<p>\u0391\u03c5\u03c4\u03cc <strong>\u03c0\u03ac\u03b3\u03ba\u03bf\u03c2 \u03b5\u03c1\u03b3\u03b1\u03c3\u03af\u03b1\u03c2 \u03bc\u03b5 \u03bd\u03b5\u03c1\u03bf\u03c7\u03cd\u03c4\u03b7 <span style=\"color: #ff0000;\">\u039d\u0391<\/span><span style=\"color: #0000ff;\">R<\/span>\u03bd\u03c4\u03bf<\/strong> \u0395\u03af\u03bd\u03b1\u03b9 \u03c7\u03b5\u03b9\u03c1\u03bf\u03c0\u03bf\u03af\u03b7\u03c4\u03bf \u03b1\u03c0\u03cc \u03b1\u03bd\u03bf\u03be\u03b5\u03af\u03b4\u03c9\u03c4\u03bf \u03c7\u03ac\u03bb\u03c5\u03b2\u03b1 \u03c5\u03c8\u03b7\u03bb\u03ae\u03c2 \u03c0\u03bf\u03b9\u03cc\u03c4\u03b7\u03c4\u03b1\u03c2. \u0394\u03b9\u03b1\u03b8\u03ad\u03c4\u03b5\u03b9 \u03c3\u03c4\u03c1\u03b1\u03b3\u03b3\u03b9\u03c3\u03c4\u03ae. \u039f\u03bb\u03cc\u03ba\u03bb\u03b7\u03c1\u03bf\u03c2 \u03bf \u03bd\u03b5\u03c1\u03bf\u03c7\u03cd\u03c4\u03b7\u03c2 \u03b5\u03af\u03bd\u03b1\u03b9 \u03ad\u03bd\u03b1 \u03c3\u03c5\u03bc\u03c0\u03b1\u03b3\u03ad\u03c2 \u03ba\u03bf\u03bc\u03bc\u03ac\u03c4\u03b9 \u03b3\u03c5\u03b1\u03bb\u03b9\u03c3\u03bc\u03ad\u03bd\u03bf \u03c7\u03ac\u03bb\u03c5\u03b2\u03b1 \u03bc\u03b5 \u03c3\u03c5\u03b3\u03ba\u03bf\u03bb\u03bb\u03b7\u03bc\u03ad\u03bd\u03b5\u03c2 \u03c0\u03b5\u03c1\u03b9\u03bf\u03c7\u03ad\u03c2 \u03ba\u03b1\u03b9 \u03cc\u03bc\u03bf\u03c1\u03c6\u03bf \u03c3\u03b1\u03c4\u03b9\u03bd\u03ad \u03c6\u03b9\u03bd\u03af\u03c1\u03b9\u03c3\u03bc\u03b1. \u03a0\u03cc\u03b4\u03b9\u03b1 \u03b1\u03c0\u03cc \u03b1\u03bd\u03bf\u03be\u03b5\u03af\u03b4\u03c9\u03c4\u03bf \u03c7\u03ac\u03bb\u03c5\u03b2\u03b1 \u03bc\u03b5 \u03c3\u03c4\u03b1\u03c5\u03c1\u03c9\u03c4\u03ac \u03c3\u03b9\u03b4\u03b5\u03c1\u03ac\u03ba\u03b9\u03b1 \u03b5\u03be\u03b1\u03c3\u03c6\u03b1\u03bb\u03af\u03b6\u03bf\u03c5\u03bd \u03c3\u03c4\u03b1\u03b8\u03b5\u03c1\u03ae \u03c3\u03c4\u03ae\u03c1\u03b9\u03be\u03b7.<\/p>\n<h6><strong>\u0395\u03b3\u03b3\u03cd\u03b7\u03c3\u03b7\u00a0<span style=\"color: #ff0000;\">\u039d\u0391<\/span><span style=\"color: #0000ff;\">R<\/span>\u0393 2 \u03a7\u03a1\u039f\u039d\u0399\u0391<\/strong><\/h6>\n<h6><strong>\u03c0\u03b5\u03c1\u03b9\u03bb\u03b1\u03bc\u03b2\u03ac\u03bd\u03b5\u03c4\u03b1\u03b9 \u03c4\u03b5\u03c7\u03bd\u03b9\u03ba\u03ae \u03c5\u03c0\u03bf\u03c3\u03c4\u03ae\u03c1\u03b9\u03be\u03b7<\/strong><\/h6>","protected":false},"featured_media":3869,"comment_status":"open","ping_status":"closed","template":"","meta":{"wds_primary_product_brand":0,"wds_primary_product_cat":0},"product_brand":[],"product_cat":[64],"product_tag":[],"class_list":{"0":"post-3862","1":"product","2":"type-product","3":"status-publish","4":"has-post-thumbnail","6":"product_cat-fregaderos-mesas-de-apoyo-mesones-de-trabajo","7":"product_shipping_class-hosteleria","9":"first","10":"instock","11":"sale","12":"taxable","13":"shipping-taxable","14":"purchasable","15":"product-type-simple"},"yoast_head":"<!-- This site is optimized with the Yoast SEO Premium plugin v24.9 (Yoast SEO v26.1) - https:\/\/yoast.com\/wordpress\/plugins\/seo\/ -->\n<title>Fregadero industrial - distribuci\u00f3n ARC<\/title>\n<meta name=\"robots\" content=\"index, follow, max-snippet:-1, max-image-preview:large, max-video-preview:-1\" \/>\n<link rel=\"canonical\" href=\"https:\/\/www.distribucionarc.com\/pl\/producto\/fregadero-industrial\/\" \/>\n<meta property=\"og:locale\" content=\"el_GR\" \/>\n<meta property=\"og:type\" content=\"article\" \/>\n<meta property=\"og:title\" content=\"Fregadero industrial\" \/>\n<meta property=\"og:description\" content=\"Banco de trabajo con fregadero Este banco de trabajo con fregadero ARC est\u00e1 fabricado a mano con acero inoxidable de primera calidad; cuenta con escurridor. Todo el fregadero es una pieza compacta de acero pulido con \u00e1reas soldadas y un hermoso acabado satinado. Las patas de acero inoxidable con refuerzos cruzados \u00a0aseguran un apoyo firme. Garant\u00eda\u00a0ARC 2 A\u00d1OS soporte t\u00e9cnico incluido\" \/>\n<meta property=\"og:url\" content=\"https:\/\/www.distribucionarc.com\/pl\/producto\/fregadero-industrial\/\" \/>\n<meta property=\"og:site_name\" content=\"distribuci\u00f3n ARC\" \/>\n<meta property=\"article:modified_time\" content=\"2020-10-10T10:52:39+00:00\" \/>\n<meta property=\"og:image\" content=\"https:\/\/www.distribucionarc.com\/wp-content\/uploads\/2020\/10\/Fregadero-industrial-0.jpg\" \/>\n\t<meta property=\"og:image:width\" content=\"1001\" \/>\n\t<meta property=\"og:image:height\" content=\"1001\" \/>\n\t<meta property=\"og:image:type\" content=\"image\/jpeg\" \/>\n<meta name=\"twitter:card\" content=\"summary_large_image\" \/>\n<meta name=\"twitter:label1\" content=\"\u0395\u03ba\u03c4\u03b9\u03bc\u03ce\u03bc\u03b5\u03bd\u03bf\u03c2 \u03c7\u03c1\u03cc\u03bd\u03bf\u03c2 \u03b1\u03bd\u03ac\u03b3\u03bd\u03c9\u03c3\u03b7\u03c2\" \/>\n\t<meta name=\"twitter:data1\" content=\"1 \u03bb\u03b5\u03c0\u03c4\u03cc\" \/>\n<script type=\"application\/ld+json\" class=\"yoast-schema-graph\">{\"@context\":\"https:\/\/schema.org\",\"@graph\":[{\"@type\":\"WebPage\",\"@id\":\"https:\/\/www.distribucionarc.com\/pl\/producto\/fregadero-industrial\/\",\"url\":\"https:\/\/www.distribucionarc.com\/pl\/producto\/fregadero-industrial\/\",\"name\":\"Fregadero industrial - distribuci\u00f3n ARC\",\"isPartOf\":{\"@id\":\"https:\/\/www.distribucionarc.com\/sl\/#website\"},\"primaryImageOfPage\":{\"@id\":\"https:\/\/www.distribucionarc.com\/pl\/producto\/fregadero-industrial\/#primaryimage\"},\"image\":{\"@id\":\"https:\/\/www.distribucionarc.com\/pl\/producto\/fregadero-industrial\/#primaryimage\"},\"thumbnailUrl\":\"https:\/\/distribucionarc.com\/wp-content\/uploads\/2020\/10\/Fregadero-industrial-0.jpg\",\"datePublished\":\"2020-10-10T10:52:38+00:00\",\"dateModified\":\"2020-10-10T10:52:39+00:00\",\"breadcrumb\":{\"@id\":\"https:\/\/www.distribucionarc.com\/pl\/producto\/fregadero-industrial\/#breadcrumb\"},\"inLanguage\":\"el\",\"potentialAction\":[{\"@type\":\"ReadAction\",\"target\":[\"https:\/\/www.distribucionarc.com\/pl\/producto\/fregadero-industrial\/\"]}]},{\"@type\":\"ImageObject\",\"inLanguage\":\"el\",\"@id\":\"https:\/\/www.distribucionarc.com\/pl\/producto\/fregadero-industrial\/#primaryimage\",\"url\":\"https:\/\/distribucionarc.com\/wp-content\/uploads\/2020\/10\/Fregadero-industrial-0.jpg\",\"contentUrl\":\"https:\/\/distribucionarc.com\/wp-content\/uploads\/2020\/10\/Fregadero-industrial-0.jpg\",\"width\":1001,\"height\":1001,\"caption\":\"Fregadero industrial\"},{\"@type\":\"BreadcrumbList\",\"@id\":\"https:\/\/www.distribucionarc.com\/pl\/producto\/fregadero-industrial\/#breadcrumb\",\"itemListElement\":[{\"@type\":\"ListItem\",\"position\":1,\"name\":\"Portada\",\"item\":\"https:\/\/www.distribucionarc.com\/\"},{\"@type\":\"ListItem\",\"position\":2,\"name\":\"\u00dcr\u00fcnler\",\"item\":\"https:\/\/www.distribucionarc.com\/tr\/magaza\/\"},{\"@type\":\"ListItem\",\"position\":3,\"name\":\"Fregadero industrial\"}]},{\"@type\":\"WebSite\",\"@id\":\"https:\/\/www.distribucionarc.com\/sl\/#website\",\"url\":\"https:\/\/www.distribucionarc.com\/sl\/\",\"name\":\"distribuci\u00f3n ARC\",\"description\":\"Empresa especializada en la fabricaci\u00f3n y distribuci\u00f3n de maquinaria industrial, selladoras de latas, Maquinas de hacer pastillas, Maquinas de cortar carne...\",\"publisher\":{\"@id\":\"https:\/\/www.distribucionarc.com\/sl\/#organization\"},\"potentialAction\":[{\"@type\":\"SearchAction\",\"target\":{\"@type\":\"EntryPoint\",\"urlTemplate\":\"https:\/\/www.distribucionarc.com\/sl\/?s={search_term_string}\"},\"query-input\":{\"@type\":\"PropertyValueSpecification\",\"valueRequired\":true,\"valueName\":\"search_term_string\"}}],\"inLanguage\":\"el\"},{\"@type\":\"Organization\",\"@id\":\"https:\/\/www.distribucionarc.com\/sl\/#organization\",\"name\":\"Distribuci\u00f3n ARC\",\"url\":\"https:\/\/www.distribucionarc.com\/sl\/\",\"logo\":{\"@type\":\"ImageObject\",\"inLanguage\":\"el\",\"@id\":\"https:\/\/www.distribucionarc.com\/sl\/#\/schema\/logo\/image\/\",\"url\":\"https:\/\/distribucionarc.com\/wp-content\/uploads\/2024\/10\/distribucion-ARC-COLOR-SIN-FONDO-e1732295305345.png\",\"contentUrl\":\"https:\/\/distribucionarc.com\/wp-content\/uploads\/2024\/10\/distribucion-ARC-COLOR-SIN-FONDO-e1732295305345.png\",\"width\":1164,\"height\":558,\"caption\":\"Distribuci\u00f3n ARC\"},\"image\":{\"@id\":\"https:\/\/www.distribucionarc.com\/sl\/#\/schema\/logo\/image\/\"},\"description\":\"Empresa especializada en la fabricaci\u00f3n y distribuci\u00f3n de maquinaria industrial para los sectores alimentario y farmac\u00e9utico. Nos especializamos en: M\u00e1quinas de cortar carne Fabricaci\u00f3n de comprimidos Sistemas de transporte industrial L\u00edneas de embotellado Dosificadores Y mucho m\u00e1s... Ofrecemos soluciones innovadoras y personalizadas para optimizar los procesos productivos de tu empresa.\",\"email\":\"Admistracion@distribucionarc.com\",\"telephone\":\"+34 643496664\",\"legalName\":\"ARC TECH SOLUTIONS\",\"foundingDate\":\"2024-04-09\",\"vatID\":\"B55480172\",\"numberOfEmployees\":{\"@type\":\"QuantitativeValue\",\"minValue\":\"1\",\"maxValue\":\"10\"}}]}<\/script>\n<!-- \/ Yoast SEO Premium plugin. -->","yoast_head_json":{"title":"\u0392\u03b9\u03bf\u03bc\u03b7\u03c7\u03b1\u03bd\u03b9\u03ba\u03cc\u03c2 \u03bd\u03b5\u03c1\u03bf\u03c7\u03cd\u03c4\u03b7\u03c2 - \u03b4\u03b9\u03b1\u03bd\u03bf\u03bc\u03ae ARC","robots":{"index":"index","follow":"follow","max-snippet":"max-snippet:-1","max-image-preview":"max-image-preview:large","max-video-preview":"max-video-preview:-1"},"canonical":"https:\/\/www.distribucionarc.com\/pl\/producto\/fregadero-industrial\/","og_locale":"el_GR","og_type":"article","og_title":"Fregadero industrial","og_description":"Banco de trabajo con fregadero Este banco de trabajo con fregadero ARC est\u00e1 fabricado a mano con acero inoxidable de primera calidad; cuenta con escurridor. Todo el fregadero es una pieza compacta de acero pulido con \u00e1reas soldadas y un hermoso acabado satinado. Las patas de acero inoxidable con refuerzos cruzados \u00a0aseguran un apoyo firme. Garant\u00eda\u00a0ARC 2 A\u00d1OS soporte t\u00e9cnico incluido","og_url":"https:\/\/www.distribucionarc.com\/pl\/producto\/fregadero-industrial\/","og_site_name":"distribuci\u00f3n ARC","article_modified_time":"2020-10-10T10:52:39+00:00","og_image":[{"width":1001,"height":1001,"url":"https:\/\/www.distribucionarc.com\/wp-content\/uploads\/2020\/10\/Fregadero-industrial-0.jpg","type":"image\/jpeg"}],"twitter_card":"summary_large_image","twitter_misc":{"\u0395\u03ba\u03c4\u03b9\u03bc\u03ce\u03bc\u03b5\u03bd\u03bf\u03c2 \u03c7\u03c1\u03cc\u03bd\u03bf\u03c2 \u03b1\u03bd\u03ac\u03b3\u03bd\u03c9\u03c3\u03b7\u03c2":"1 \u03bb\u03b5\u03c0\u03c4\u03cc"},"schema":{"@context":"https:\/\/schema.org","@graph":[{"@type":"WebPage","@id":"https:\/\/www.distribucionarc.com\/pl\/producto\/fregadero-industrial\/","url":"https:\/\/www.distribucionarc.com\/pl\/producto\/fregadero-industrial\/","name":"\u0392\u03b9\u03bf\u03bc\u03b7\u03c7\u03b1\u03bd\u03b9\u03ba\u03cc\u03c2 \u03bd\u03b5\u03c1\u03bf\u03c7\u03cd\u03c4\u03b7\u03c2 - \u03b4\u03b9\u03b1\u03bd\u03bf\u03bc\u03ae ARC","isPartOf":{"@id":"https:\/\/www.distribucionarc.com\/sl\/#website"},"primaryImageOfPage":{"@id":"https:\/\/www.distribucionarc.com\/pl\/producto\/fregadero-industrial\/#primaryimage"},"image":{"@id":"https:\/\/www.distribucionarc.com\/pl\/producto\/fregadero-industrial\/#primaryimage"},"thumbnailUrl":"https:\/\/distribucionarc.com\/wp-content\/uploads\/2020\/10\/Fregadero-industrial-0.jpg","datePublished":"2020-10-10T10:52:38+00:00","dateModified":"2020-10-10T10:52:39+00:00","breadcrumb":{"@id":"https:\/\/www.distribucionarc.com\/pl\/producto\/fregadero-industrial\/#breadcrumb"},"inLanguage":"el","potentialAction":[{"@type":"ReadAction","target":["https:\/\/www.distribucionarc.com\/pl\/producto\/fregadero-industrial\/"]}]},{"@type":"ImageObject","inLanguage":"el","@id":"https:\/\/www.distribucionarc.com\/pl\/producto\/fregadero-industrial\/#primaryimage","url":"https:\/\/distribucionarc.com\/wp-content\/uploads\/2020\/10\/Fregadero-industrial-0.jpg","contentUrl":"https:\/\/distribucionarc.com\/wp-content\/uploads\/2020\/10\/Fregadero-industrial-0.jpg","width":1001,"height":1001,"caption":"Fregadero industrial"},{"@type":"BreadcrumbList","@id":"https:\/\/www.distribucionarc.com\/pl\/producto\/fregadero-industrial\/#breadcrumb","itemListElement":[{"@type":"ListItem","position":1,"name":"Portada","item":"https:\/\/www.distribucionarc.com\/"},{"@type":"ListItem","position":2,"name":"\u00dcr\u00fcnler","item":"https:\/\/www.distribucionarc.com\/tr\/magaza\/"},{"@type":"ListItem","position":3,"name":"Fregadero industrial"}]},{"@type":"WebSite","@id":"https:\/\/www.distribucionarc.com\/sl\/#website","url":"https:\/\/www.distribucionarc.com\/sl\/","name":"\u039a\u03b1\u03c4\u03b1\u03bd\u03bf\u03bc\u03ae ARC","description":"\u0395\u03c4\u03b1\u03b9\u03c1\u03b5\u03af\u03b1 \u03c0\u03bf\u03c5 \u03b5\u03b9\u03b4\u03b9\u03ba\u03b5\u03cd\u03b5\u03c4\u03b1\u03b9 \u03c3\u03c4\u03b7\u03bd \u03ba\u03b1\u03c4\u03b1\u03c3\u03ba\u03b5\u03c5\u03ae \u03ba\u03b1\u03b9 \u03b4\u03b9\u03b1\u03bd\u03bf\u03bc\u03ae \u03b2\u03b9\u03bf\u03bc\u03b7\u03c7\u03b1\u03bd\u03b9\u03ba\u03ce\u03bd \u03bc\u03b7\u03c7\u03b1\u03bd\u03b7\u03bc\u03ac\u03c4\u03c9\u03bd, \u03bc\u03b7\u03c7\u03b1\u03bd\u03ce\u03bd \u03c3\u03c6\u03c1\u03ac\u03b3\u03b9\u03c3\u03b7\u03c2 \u03ba\u03bf\u03bd\u03c3\u03b5\u03c1\u03b2\u03ce\u03bd, \u03bc\u03b7\u03c7\u03b1\u03bd\u03ce\u03bd \u03c0\u03b1\u03c1\u03b1\u03c3\u03ba\u03b5\u03c5\u03ae\u03c2 \u03b4\u03b9\u03c3\u03ba\u03af\u03c9\u03bd, \u03bc\u03b7\u03c7\u03b1\u03bd\u03ce\u03bd \u03ba\u03bf\u03c0\u03ae\u03c2 \u03ba\u03c1\u03ad\u03b1\u03c4\u03bf\u03c2...","publisher":{"@id":"https:\/\/www.distribucionarc.com\/sl\/#organization"},"potentialAction":[{"@type":"SearchAction","target":{"@type":"EntryPoint","urlTemplate":"https:\/\/www.distribucionarc.com\/sl\/?s={search_term_string}"},"query-input":{"@type":"PropertyValueSpecification","valueRequired":true,"valueName":"search_term_string"}}],"inLanguage":"el"},{"@type":"Organization","@id":"https:\/\/www.distribucionarc.com\/sl\/#organization","name":"\u0394\u03b9\u03b1\u03bd\u03bf\u03bc\u03ae ARC","url":"https:\/\/www.distribucionarc.com\/sl\/","logo":{"@type":"ImageObject","inLanguage":"el","@id":"https:\/\/www.distribucionarc.com\/sl\/#\/schema\/logo\/image\/","url":"https:\/\/distribucionarc.com\/wp-content\/uploads\/2024\/10\/distribucion-ARC-COLOR-SIN-FONDO-e1732295305345.png","contentUrl":"https:\/\/distribucionarc.com\/wp-content\/uploads\/2024\/10\/distribucion-ARC-COLOR-SIN-FONDO-e1732295305345.png","width":1164,"height":558,"caption":"Distribuci\u00f3n ARC"},"image":{"@id":"https:\/\/www.distribucionarc.com\/sl\/#\/schema\/logo\/image\/"},"description":"\u0395\u03c4\u03b1\u03b9\u03c1\u03b5\u03af\u03b1 \u03c0\u03bf\u03c5 \u03b5\u03b9\u03b4\u03b9\u03ba\u03b5\u03cd\u03b5\u03c4\u03b1\u03b9 \u03c3\u03c4\u03b7\u03bd \u03ba\u03b1\u03c4\u03b1\u03c3\u03ba\u03b5\u03c5\u03ae \u03ba\u03b1\u03b9 \u03b4\u03b9\u03b1\u03bd\u03bf\u03bc\u03ae \u03b2\u03b9\u03bf\u03bc\u03b7\u03c7\u03b1\u03bd\u03b9\u03ba\u03ce\u03bd \u03bc\u03b7\u03c7\u03b1\u03bd\u03b7\u03bc\u03ac\u03c4\u03c9\u03bd \u03b3\u03b9\u03b1 \u03c4\u03bf\u03bd \u03c4\u03bf\u03bc\u03ad\u03b1 \u03c4\u03c9\u03bd \u03c4\u03c1\u03bf\u03c6\u03af\u03bc\u03c9\u03bd \u03ba\u03b1\u03b9 \u03c4\u03c9\u03bd \u03c6\u03b1\u03c1\u03bc\u03ac\u03ba\u03c9\u03bd. \u0395\u03be\u03b5\u03b9\u03b4\u03b9\u03ba\u03b5\u03c5\u03cc\u03bc\u03b1\u03c3\u03c4\u03b5 \u03c3\u03b5: \u0393\u03c1\u03b1\u03bc\u03bc\u03ad\u03c2 \u03b5\u03bc\u03c6\u03b9\u03ac\u03bb\u03c9\u03c3\u03b7\u03c2 \u0394\u03bf\u03c3\u03bf\u03bc\u03b5\u03c4\u03c1\u03b9\u03ba\u03ad\u03c2 \u03bc\u03b7\u03c7\u03b1\u03bd\u03ad\u03c2 \u039a\u03b1\u03b9 \u03c0\u03bf\u03bb\u03bb\u03ac \u03ac\u03bb\u03bb\u03b1... \u03a0\u03c1\u03bf\u03c3\u03c6\u03ad\u03c1\u03bf\u03c5\u03bc\u03b5 \u03ba\u03b1\u03b9\u03bd\u03bf\u03c4\u03cc\u03bc\u03b5\u03c2 \u03ba\u03b1\u03b9 \u03b5\u03be\u03b1\u03c4\u03bf\u03bc\u03b9\u03ba\u03b5\u03c5\u03bc\u03ad\u03bd\u03b5\u03c2 \u03bb\u03cd\u03c3\u03b5\u03b9\u03c2 \u03b3\u03b9\u03b1 \u03c4\u03b7 \u03b2\u03b5\u03bb\u03c4\u03b9\u03c3\u03c4\u03bf\u03c0\u03bf\u03af\u03b7\u03c3\u03b7 \u03c4\u03c9\u03bd \u03c0\u03b1\u03c1\u03b1\u03b3\u03c9\u03b3\u03b9\u03ba\u03ce\u03bd \u03b4\u03b9\u03b1\u03b4\u03b9\u03ba\u03b1\u03c3\u03b9\u03ce\u03bd \u03c4\u03b7\u03c2 \u03b5\u03c4\u03b1\u03b9\u03c1\u03b5\u03af\u03b1\u03c2 \u03c3\u03b1\u03c2.","email":"Admistracion@distribucionarc.com","telephone":"+34 643496664","legalName":"ARC TECH SOLUTIONS","foundingDate":"2024-04-09","vatID":"B55480172","numberOfEmployees":{"@type":"QuantitativeValue","minValue":"1","maxValue":"10"}}]}},"_links":{"self":[{"href":"https:\/\/distribucionarc.com\/el\/wp-json\/wp\/v2\/product\/3862","targetHints":{"allow":["GET"]}}],"collection":[{"href":"https:\/\/distribucionarc.com\/el\/wp-json\/wp\/v2\/product"}],"about":[{"href":"https:\/\/distribucionarc.com\/el\/wp-json\/wp\/v2\/types\/product"}],"replies":[{"embeddable":true,"href":"https:\/\/distribucionarc.com\/el\/wp-json\/wp\/v2\/comments?post=3862"}],"version-history":[{"count":0,"href":"https:\/\/distribucionarc.com\/el\/wp-json\/wp\/v2\/product\/3862\/revisions"}],"wp:featuredmedia":[{"embeddable":true,"href":"https:\/\/distribucionarc.com\/el\/wp-json\/wp\/v2\/media\/3869"}],"wp:attachment":[{"href":"https:\/\/distribucionarc.com\/el\/wp-json\/wp\/v2\/media?parent=3862"}],"wp:term":[{"taxonomy":"product_brand","embeddable":true,"href":"https:\/\/distribucionarc.com\/el\/wp-json\/wp\/v2\/product_brand?post=3862"},{"taxonomy":"product_cat","embeddable":true,"href":"https:\/\/distribucionarc.com\/el\/wp-json\/wp\/v2\/product_cat?post=3862"},{"taxonomy":"product_tag","embeddable":true,"href":"https:\/\/distribucionarc.com\/el\/wp-json\/wp\/v2\/product_tag?post=3862"}],"curies":[{"name":"wp","href":"https:\/\/api.w.org\/{rel}","templated":true}]}}