{"id":4916,"date":"2022-10-29T18:11:21","date_gmt":"2022-10-29T18:11:21","guid":{"rendered":"https:\/\/distribucionarc.com\/?post_type=product&#038;p=4916"},"modified":"2023-03-08T11:48:12","modified_gmt":"2023-03-08T11:48:12","slug":"%ce%b1%cf%85%cf%84%cf%8c%ce%bc%ce%b1%cf%84%ce%bf-%cf%83%cf%86%cf%81%ce%b1%ce%b3%ce%b9%cf%83%cf%84%ce%b9%ce%ba%cf%8c-%ce%b3%ce%b9%ce%b1-%ce%bc%cf%80%ce%bf%cf%85%ce%ba%ce%ac%ce%bb%ce%b9%ce%b1-%ce%bc","status":"publish","type":"product","link":"https:\/\/distribucionarc.com\/el\/producto\/selladora-de-botes-tarrinas-automatica-helados-salsas\/","title":{"rendered":"\u03c3\u03c6\u03c1\u03b1\u03b3\u03b9\u03c3\u03c4\u03b9\u03ba\u03cc \u03b2\u03ac\u03b6\u03c9\u03bd, \u03b1\u03c5\u03c4\u03cc\u03bc\u03b1\u03c4\u03b5\u03c2 \u03bc\u03c0\u03b1\u03bd\u03b9\u03ad\u03c1\u03b5\u03c2, \u03c0\u03b1\u03b3\u03c9\u03c4\u03cc, \u03c3\u03ac\u03bb\u03c4\u03c3\u03b5\u03c2,"},"content":{"rendered":"<table width=\"647\">\n<tbody>\n<tr>\n<td><strong>\u039c\u03bf\u03bd\u03c4\u03ad\u03bb\u03bf \u039d.<\/strong><\/td>\n<td>\u03a7\u0391\u03a1\u03a51030<\/td>\n<\/tr>\n<tr>\n<td><strong>\u03a5\u03bb\u03b9\u03ba\u03cc \u03bc\u03b7\u03c7\u03b1\u03bd\u03ae\u03c2<\/strong><\/td>\n<td>304 \u03b1\u03bd\u03bf\u03be\u03b5\u03af\u03b4\u03c9\u03c4\u03bf<\/td>\n<\/tr>\n<tr>\n<td><strong>\u039c\u03ad\u03b3\u03b9\u03c3\u03c4\u03b7 \u03b4\u03b9\u03ac\u03bc\u03b5\u03c4\u03c1\u03bf\u03c2 \u03c0\u03bb\u03ac\u03c4\u03bf\u03c5\u03c2<\/strong><\/td>\n<td>50 \u03c7\u03bb\u03c3\u03c4<\/td>\n<\/tr>\n<tr>\n<td><strong>\u03a4\u03b1\u03c7\u03cd\u03c4\u03b7\u03c4\u03b1 \u03c3\u03c6\u03c1\u03ac\u03b3\u03b9\u03c3\u03b7\u03c2<\/strong><\/td>\n<td>3-4 \u03bb\u03b5\u03c0\u03c4\u03ac\/\u03b4\u03af\u03c3\u03ba\u03bf<\/td>\n<\/tr>\n<tr>\n<td><strong>\u03a7\u03c9\u03c1\u03b7\u03c4\u03b9\u03ba\u03cc\u03c4\u03b7\u03c4\u03b1 \u03b4\u03af\u03c3\u03ba\u03bf\u03c5\/\u03ce\u03c1\u03b1<\/strong><\/td>\n<td>800-1100 \u03b4\u03af\u03c3\u03ba\u03bf\u03b9<\/td>\n<\/tr>\n<tr>\n<td><strong>\u039c\u03ad\u03b3\u03b5\u03b8\u03bf\u03c2 \u03bc\u03b7\u03c7\u03b1\u03bd\u03ae\u03c2<\/strong><\/td>\n<td>600*600*1300 \u03c7\u03bb\u03c3\u03c4<\/td>\n<\/tr>\n<tr>\n<td><strong>\u039c\u03ad\u03b3\u03b5\u03b8\u03bf\u03c2 \u03c3\u03c5\u03c3\u03ba\u03b5\u03c5\u03b1\u03c3\u03af\u03b1\u03c2<\/strong><\/td>\n<td>400*550*680 \u03c7\u03bb\u03c3\u03c4<\/td>\n<\/tr>\n<tr>\n<td><strong>\u0392\u039f\u03a1\u0395\u0399\u039f\u0394\u03a5\u03a4\u0399\u039a\u0391<\/strong><\/td>\n<td>100 \u03ba\u03b9\u03bb\u03ac<\/td>\n<\/tr>\n<tr>\n<td><strong>G\/W<\/strong><\/td>\n<td>120 \u03ba\u03b9\u03bb\u03ac<\/td>\n<\/tr>\n<tr>\n<td><strong>\u0397\u03bb\u03b5\u03ba\u03c4\u03c1\u03b9\u03ba\u03ae \u03b1\u03c0\u03b1\u03af\u03c4\u03b7\u03c3\u03b7<\/strong><\/td>\n<td>220V\/50HZ \u03ae \u03c0\u03c1\u03bf\u03c3\u03b1\u03c1\u03bc\u03bf\u03c3\u03bc\u03ad\u03bd\u03bf<\/td>\n<\/tr>\n<tr>\n<td><strong>\u039a\u03b1\u03c4\u03b1\u03bd\u03ac\u03bb\u03c9\u03c3\u03b7 \u03c1\u03b5\u03cd\u03bc\u03b1\u03c4\u03bf\u03c2<\/strong><\/td>\n<td>0,8 kw<\/td>\n<\/tr>\n<tr>\n<td><b>\u03a7\u03c1\u03cc\u03bd\u03bf\u03c2 \u03ba\u03b1\u03c4\u03b1\u03c3\u03ba\u03b5\u03c5\u03ae\u03c2 \u03ba\u03b1\u03bb\u03bf\u03c5\u03c0\u03b9\u03bf\u03cd<\/b><\/td>\n<td>20-30 \u03b7\u03bc\u03ad\u03c1\u03b5\u03c2<\/td>\n<\/tr>\n<tr>\n<td colspan=\"2\"><strong>\u03bb\u03b5\u03b9\u03c4\u03bf\u03c5\u03c1\u03b3\u03af\u03b1 \u03bc\u03b5 \u03c4\u03bf\u03bd \u03b1\u03c0\u03b1\u03c1\u03b1\u03af\u03c4\u03b7\u03c4\u03bf \u03c3\u03c5\u03bc\u03c0\u03b9\u03b5\u03c3\u03c4\u03ae \u03c0\u03b5\u03c0\u03b9\u03b5\u03c3\u03bc\u03ad\u03bd\u03bf\u03c5 \u03b1\u03ad\u03c1\u03b1<\/strong><\/td>\n<\/tr>\n<\/tbody>\n<\/table>","protected":false},"excerpt":{"rendered":"<div style=\"width: 500px;\" class=\"wp-video\"><video class=\"wp-video-shortcode\" id=\"video-4916-1\" width=\"500\" height=\"500\" preload=\"metadata\" controls=\"controls\"><source type=\"video\/mp4\" src=\"https:\/\/distribucionarc.com\/wp-content\/uploads\/2022\/10\/selladora-de-botes-tarrinas-automatica-helados-salsas-video.mp4?_=1\" \/><a href=\"https:\/\/distribucionarc.com\/wp-content\/uploads\/2022\/10\/selladora-de-botes-tarrinas-automatica-helados-salsas-video.mp4\">https:\/\/distribucionarc.com\/wp-content\/uploads\/2022\/10\/selladora-de-botes-tarrinas-automatica-helados-salsas-video.mp4<\/a><\/video><\/div>","protected":false},"featured_media":4922,"comment_status":"open","ping_status":"closed","template":"","meta":{"wds_primary_product_brand":0,"wds_primary_product_cat":0},"product_brand":[],"product_cat":[77,28],"product_tag":[],"class_list":{"0":"post-4916","1":"product","2":"type-product","3":"status-publish","4":"has-post-thumbnail","6":"product_cat-selladoras-termicas-laminas-de-aluminio-sin-tapa","7":"product_cat-tapadoras","8":"product_shipping_class-express","10":"first","11":"instock","12":"taxable","13":"shipping-taxable","14":"purchasable","15":"product-type-simple"},"yoast_head":"<!-- This site is optimized with the Yoast SEO Premium plugin v24.9 (Yoast SEO v26.1) - https:\/\/yoast.com\/wordpress\/plugins\/seo\/ -->\n<title>selladora de botes, tarrinas autom\u00e1tica, helados, salsas, - distribuci\u00f3n ARC<\/title>\n<meta name=\"robots\" content=\"index, follow, max-snippet:-1, max-image-preview:large, max-video-preview:-1\" \/>\n<link rel=\"canonical\" href=\"https:\/\/www.distribucionarc.com\/sl\/producto\/selladora-de-botes-tarrinas-automatica-helados-salsas\/\" \/>\n<meta property=\"og:locale\" content=\"el_GR\" \/>\n<meta property=\"og:type\" content=\"article\" \/>\n<meta property=\"og:title\" content=\"selladora de botes, tarrinas autom\u00e1tica, helados, salsas,\" \/>\n<meta property=\"og:url\" content=\"https:\/\/www.distribucionarc.com\/sl\/producto\/selladora-de-botes-tarrinas-automatica-helados-salsas\/\" \/>\n<meta property=\"og:site_name\" content=\"distribuci\u00f3n ARC\" \/>\n<meta property=\"article:modified_time\" content=\"2023-03-08T11:48:12+00:00\" \/>\n<meta property=\"og:image\" content=\"https:\/\/www.distribucionarc.com\/wp-content\/uploads\/2022\/10\/selladora-de-botes-tarrinas-automatica-helados-salsas-1.jpg\" \/>\n\t<meta property=\"og:image:width\" content=\"750\" \/>\n\t<meta property=\"og:image:height\" content=\"595\" \/>\n\t<meta property=\"og:image:type\" content=\"image\/jpeg\" \/>\n<meta name=\"twitter:card\" content=\"summary_large_image\" \/>\n<meta name=\"twitter:description\" content=\"[video width=&quot;500&quot; height=&quot;500&quot; mp4=&quot;https:\/\/distribucionarc.com\/wp-content\/uploads\/2022\/10\/selladora-de-botes-tarrinas-automatica-helados-salsas-video.mp4&quot;][\/video]\" \/>\n<script type=\"application\/ld+json\" class=\"yoast-schema-graph\">{\"@context\":\"https:\/\/schema.org\",\"@graph\":[{\"@type\":\"WebPage\",\"@id\":\"https:\/\/www.distribucionarc.com\/sl\/producto\/selladora-de-botes-tarrinas-automatica-helados-salsas\/\",\"url\":\"https:\/\/www.distribucionarc.com\/sl\/producto\/selladora-de-botes-tarrinas-automatica-helados-salsas\/\",\"name\":\"selladora de botes, tarrinas autom\u00e1tica, helados, salsas, - distribuci\u00f3n ARC\",\"isPartOf\":{\"@id\":\"https:\/\/www.distribucionarc.com\/sl\/#website\"},\"primaryImageOfPage\":{\"@id\":\"https:\/\/www.distribucionarc.com\/sl\/producto\/selladora-de-botes-tarrinas-automatica-helados-salsas\/#primaryimage\"},\"image\":{\"@id\":\"https:\/\/www.distribucionarc.com\/sl\/producto\/selladora-de-botes-tarrinas-automatica-helados-salsas\/#primaryimage\"},\"thumbnailUrl\":\"https:\/\/distribucionarc.com\/wp-content\/uploads\/2022\/10\/selladora-de-botes-tarrinas-automatica-helados-salsas-1.jpg\",\"datePublished\":\"2022-10-29T18:11:21+00:00\",\"dateModified\":\"2023-03-08T11:48:12+00:00\",\"breadcrumb\":{\"@id\":\"https:\/\/www.distribucionarc.com\/sl\/producto\/selladora-de-botes-tarrinas-automatica-helados-salsas\/#breadcrumb\"},\"inLanguage\":\"el\",\"potentialAction\":[{\"@type\":\"ReadAction\",\"target\":[\"https:\/\/www.distribucionarc.com\/sl\/producto\/selladora-de-botes-tarrinas-automatica-helados-salsas\/\"]}]},{\"@type\":\"ImageObject\",\"inLanguage\":\"el\",\"@id\":\"https:\/\/www.distribucionarc.com\/sl\/producto\/selladora-de-botes-tarrinas-automatica-helados-salsas\/#primaryimage\",\"url\":\"https:\/\/distribucionarc.com\/wp-content\/uploads\/2022\/10\/selladora-de-botes-tarrinas-automatica-helados-salsas-1.jpg\",\"contentUrl\":\"https:\/\/distribucionarc.com\/wp-content\/uploads\/2022\/10\/selladora-de-botes-tarrinas-automatica-helados-salsas-1.jpg\",\"width\":750,\"height\":595},{\"@type\":\"BreadcrumbList\",\"@id\":\"https:\/\/www.distribucionarc.com\/sl\/producto\/selladora-de-botes-tarrinas-automatica-helados-salsas\/#breadcrumb\",\"itemListElement\":[{\"@type\":\"ListItem\",\"position\":1,\"name\":\"Portada\",\"item\":\"https:\/\/www.distribucionarc.com\/\"},{\"@type\":\"ListItem\",\"position\":2,\"name\":\"\u00dcr\u00fcnler\",\"item\":\"https:\/\/www.distribucionarc.com\/tr\/magaza\/\"},{\"@type\":\"ListItem\",\"position\":3,\"name\":\"selladora de botes, tarrinas autom\u00e1tica, helados, salsas,\"}]},{\"@type\":\"WebSite\",\"@id\":\"https:\/\/www.distribucionarc.com\/sl\/#website\",\"url\":\"https:\/\/www.distribucionarc.com\/sl\/\",\"name\":\"distribuci\u00f3n ARC\",\"description\":\"Empresa especializada en la fabricaci\u00f3n y distribuci\u00f3n de maquinaria industrial, selladoras de latas, Maquinas de hacer pastillas, Maquinas de cortar carne...\",\"publisher\":{\"@id\":\"https:\/\/www.distribucionarc.com\/sl\/#organization\"},\"potentialAction\":[{\"@type\":\"SearchAction\",\"target\":{\"@type\":\"EntryPoint\",\"urlTemplate\":\"https:\/\/www.distribucionarc.com\/sl\/?s={search_term_string}\"},\"query-input\":{\"@type\":\"PropertyValueSpecification\",\"valueRequired\":true,\"valueName\":\"search_term_string\"}}],\"inLanguage\":\"el\"},{\"@type\":\"Organization\",\"@id\":\"https:\/\/www.distribucionarc.com\/sl\/#organization\",\"name\":\"Distribuci\u00f3n ARC\",\"url\":\"https:\/\/www.distribucionarc.com\/sl\/\",\"logo\":{\"@type\":\"ImageObject\",\"inLanguage\":\"el\",\"@id\":\"https:\/\/www.distribucionarc.com\/sl\/#\/schema\/logo\/image\/\",\"url\":\"https:\/\/distribucionarc.com\/wp-content\/uploads\/2024\/10\/distribucion-ARC-COLOR-SIN-FONDO-e1732295305345.png\",\"contentUrl\":\"https:\/\/distribucionarc.com\/wp-content\/uploads\/2024\/10\/distribucion-ARC-COLOR-SIN-FONDO-e1732295305345.png\",\"width\":1164,\"height\":558,\"caption\":\"Distribuci\u00f3n ARC\"},\"image\":{\"@id\":\"https:\/\/www.distribucionarc.com\/sl\/#\/schema\/logo\/image\/\"},\"description\":\"Empresa especializada en la fabricaci\u00f3n y distribuci\u00f3n de maquinaria industrial para los sectores alimentario y farmac\u00e9utico. Nos especializamos en: M\u00e1quinas de cortar carne Fabricaci\u00f3n de comprimidos Sistemas de transporte industrial L\u00edneas de embotellado Dosificadores Y mucho m\u00e1s... Ofrecemos soluciones innovadoras y personalizadas para optimizar los procesos productivos de tu empresa.\",\"email\":\"Admistracion@distribucionarc.com\",\"telephone\":\"+34 643496664\",\"legalName\":\"ARC TECH SOLUTIONS\",\"foundingDate\":\"2024-04-09\",\"vatID\":\"B55480172\",\"numberOfEmployees\":{\"@type\":\"QuantitativeValue\",\"minValue\":\"1\",\"maxValue\":\"10\"}}]}<\/script>\n<!-- \/ Yoast SEO Premium plugin. -->","yoast_head_json":{"title":"\u03c3\u03c6\u03c1\u03b1\u03b3\u03b9\u03c3\u03c4\u03b9\u03ba\u03cc \u03b2\u03ac\u03b6\u03c9\u03bd, \u03b1\u03c5\u03c4\u03cc\u03bc\u03b1\u03c4\u03b5\u03c2 \u03bc\u03c0\u03b1\u03bd\u03b9\u03ad\u03c1\u03b5\u03c2, \u03c0\u03b1\u03b3\u03c9\u03c4\u03cc, \u03c3\u03ac\u03bb\u03c4\u03c3\u03b5\u03c2, - \u03b4\u03b9\u03b1\u03bd\u03bf\u03bc\u03ae ARC","robots":{"index":"index","follow":"follow","max-snippet":"max-snippet:-1","max-image-preview":"max-image-preview:large","max-video-preview":"max-video-preview:-1"},"canonical":"https:\/\/www.distribucionarc.com\/sl\/producto\/selladora-de-botes-tarrinas-automatica-helados-salsas\/","og_locale":"el_GR","og_type":"article","og_title":"selladora de botes, tarrinas autom\u00e1tica, helados, salsas,","og_url":"https:\/\/www.distribucionarc.com\/sl\/producto\/selladora-de-botes-tarrinas-automatica-helados-salsas\/","og_site_name":"distribuci\u00f3n ARC","article_modified_time":"2023-03-08T11:48:12+00:00","og_image":[{"width":750,"height":595,"url":"https:\/\/www.distribucionarc.com\/wp-content\/uploads\/2022\/10\/selladora-de-botes-tarrinas-automatica-helados-salsas-1.jpg","type":"image\/jpeg"}],"twitter_card":"summary_large_image","twitter_description":"[video width=\"500\" height=\"500\" mp4=\"https:\/\/distribucionarc.com\/wp-content\/uploads\/2022\/10\/selladora-de-botes-tarrinas-automatica-helados-salsas-video.mp4\"][\/video]","schema":{"@context":"https:\/\/schema.org","@graph":[{"@type":"WebPage","@id":"https:\/\/www.distribucionarc.com\/sl\/producto\/selladora-de-botes-tarrinas-automatica-helados-salsas\/","url":"https:\/\/www.distribucionarc.com\/sl\/producto\/selladora-de-botes-tarrinas-automatica-helados-salsas\/","name":"\u03c3\u03c6\u03c1\u03b1\u03b3\u03b9\u03c3\u03c4\u03b9\u03ba\u03cc \u03b2\u03ac\u03b6\u03c9\u03bd, \u03b1\u03c5\u03c4\u03cc\u03bc\u03b1\u03c4\u03b5\u03c2 \u03bc\u03c0\u03b1\u03bd\u03b9\u03ad\u03c1\u03b5\u03c2, \u03c0\u03b1\u03b3\u03c9\u03c4\u03cc, \u03c3\u03ac\u03bb\u03c4\u03c3\u03b5\u03c2, - \u03b4\u03b9\u03b1\u03bd\u03bf\u03bc\u03ae ARC","isPartOf":{"@id":"https:\/\/www.distribucionarc.com\/sl\/#website"},"primaryImageOfPage":{"@id":"https:\/\/www.distribucionarc.com\/sl\/producto\/selladora-de-botes-tarrinas-automatica-helados-salsas\/#primaryimage"},"image":{"@id":"https:\/\/www.distribucionarc.com\/sl\/producto\/selladora-de-botes-tarrinas-automatica-helados-salsas\/#primaryimage"},"thumbnailUrl":"https:\/\/distribucionarc.com\/wp-content\/uploads\/2022\/10\/selladora-de-botes-tarrinas-automatica-helados-salsas-1.jpg","datePublished":"2022-10-29T18:11:21+00:00","dateModified":"2023-03-08T11:48:12+00:00","breadcrumb":{"@id":"https:\/\/www.distribucionarc.com\/sl\/producto\/selladora-de-botes-tarrinas-automatica-helados-salsas\/#breadcrumb"},"inLanguage":"el","potentialAction":[{"@type":"ReadAction","target":["https:\/\/www.distribucionarc.com\/sl\/producto\/selladora-de-botes-tarrinas-automatica-helados-salsas\/"]}]},{"@type":"ImageObject","inLanguage":"el","@id":"https:\/\/www.distribucionarc.com\/sl\/producto\/selladora-de-botes-tarrinas-automatica-helados-salsas\/#primaryimage","url":"https:\/\/distribucionarc.com\/wp-content\/uploads\/2022\/10\/selladora-de-botes-tarrinas-automatica-helados-salsas-1.jpg","contentUrl":"https:\/\/distribucionarc.com\/wp-content\/uploads\/2022\/10\/selladora-de-botes-tarrinas-automatica-helados-salsas-1.jpg","width":750,"height":595},{"@type":"BreadcrumbList","@id":"https:\/\/www.distribucionarc.com\/sl\/producto\/selladora-de-botes-tarrinas-automatica-helados-salsas\/#breadcrumb","itemListElement":[{"@type":"ListItem","position":1,"name":"Portada","item":"https:\/\/www.distribucionarc.com\/"},{"@type":"ListItem","position":2,"name":"\u00dcr\u00fcnler","item":"https:\/\/www.distribucionarc.com\/tr\/magaza\/"},{"@type":"ListItem","position":3,"name":"selladora de botes, tarrinas autom\u00e1tica, helados, salsas,"}]},{"@type":"WebSite","@id":"https:\/\/www.distribucionarc.com\/sl\/#website","url":"https:\/\/www.distribucionarc.com\/sl\/","name":"\u039a\u03b1\u03c4\u03b1\u03bd\u03bf\u03bc\u03ae ARC","description":"\u0395\u03c4\u03b1\u03b9\u03c1\u03b5\u03af\u03b1 \u03c0\u03bf\u03c5 \u03b5\u03b9\u03b4\u03b9\u03ba\u03b5\u03cd\u03b5\u03c4\u03b1\u03b9 \u03c3\u03c4\u03b7\u03bd \u03ba\u03b1\u03c4\u03b1\u03c3\u03ba\u03b5\u03c5\u03ae \u03ba\u03b1\u03b9 \u03b4\u03b9\u03b1\u03bd\u03bf\u03bc\u03ae \u03b2\u03b9\u03bf\u03bc\u03b7\u03c7\u03b1\u03bd\u03b9\u03ba\u03ce\u03bd \u03bc\u03b7\u03c7\u03b1\u03bd\u03b7\u03bc\u03ac\u03c4\u03c9\u03bd, \u03bc\u03b7\u03c7\u03b1\u03bd\u03ce\u03bd \u03c3\u03c6\u03c1\u03ac\u03b3\u03b9\u03c3\u03b7\u03c2 \u03ba\u03bf\u03bd\u03c3\u03b5\u03c1\u03b2\u03ce\u03bd, \u03bc\u03b7\u03c7\u03b1\u03bd\u03ce\u03bd \u03c0\u03b1\u03c1\u03b1\u03c3\u03ba\u03b5\u03c5\u03ae\u03c2 \u03b4\u03b9\u03c3\u03ba\u03af\u03c9\u03bd, \u03bc\u03b7\u03c7\u03b1\u03bd\u03ce\u03bd \u03ba\u03bf\u03c0\u03ae\u03c2 \u03ba\u03c1\u03ad\u03b1\u03c4\u03bf\u03c2...","publisher":{"@id":"https:\/\/www.distribucionarc.com\/sl\/#organization"},"potentialAction":[{"@type":"SearchAction","target":{"@type":"EntryPoint","urlTemplate":"https:\/\/www.distribucionarc.com\/sl\/?s={search_term_string}"},"query-input":{"@type":"PropertyValueSpecification","valueRequired":true,"valueName":"search_term_string"}}],"inLanguage":"el"},{"@type":"Organization","@id":"https:\/\/www.distribucionarc.com\/sl\/#organization","name":"\u0394\u03b9\u03b1\u03bd\u03bf\u03bc\u03ae ARC","url":"https:\/\/www.distribucionarc.com\/sl\/","logo":{"@type":"ImageObject","inLanguage":"el","@id":"https:\/\/www.distribucionarc.com\/sl\/#\/schema\/logo\/image\/","url":"https:\/\/distribucionarc.com\/wp-content\/uploads\/2024\/10\/distribucion-ARC-COLOR-SIN-FONDO-e1732295305345.png","contentUrl":"https:\/\/distribucionarc.com\/wp-content\/uploads\/2024\/10\/distribucion-ARC-COLOR-SIN-FONDO-e1732295305345.png","width":1164,"height":558,"caption":"Distribuci\u00f3n ARC"},"image":{"@id":"https:\/\/www.distribucionarc.com\/sl\/#\/schema\/logo\/image\/"},"description":"\u0395\u03c4\u03b1\u03b9\u03c1\u03b5\u03af\u03b1 \u03c0\u03bf\u03c5 \u03b5\u03b9\u03b4\u03b9\u03ba\u03b5\u03cd\u03b5\u03c4\u03b1\u03b9 \u03c3\u03c4\u03b7\u03bd \u03ba\u03b1\u03c4\u03b1\u03c3\u03ba\u03b5\u03c5\u03ae \u03ba\u03b1\u03b9 \u03b4\u03b9\u03b1\u03bd\u03bf\u03bc\u03ae \u03b2\u03b9\u03bf\u03bc\u03b7\u03c7\u03b1\u03bd\u03b9\u03ba\u03ce\u03bd \u03bc\u03b7\u03c7\u03b1\u03bd\u03b7\u03bc\u03ac\u03c4\u03c9\u03bd \u03b3\u03b9\u03b1 \u03c4\u03bf\u03bd \u03c4\u03bf\u03bc\u03ad\u03b1 \u03c4\u03c9\u03bd \u03c4\u03c1\u03bf\u03c6\u03af\u03bc\u03c9\u03bd \u03ba\u03b1\u03b9 \u03c4\u03c9\u03bd \u03c6\u03b1\u03c1\u03bc\u03ac\u03ba\u03c9\u03bd. \u0395\u03be\u03b5\u03b9\u03b4\u03b9\u03ba\u03b5\u03c5\u03cc\u03bc\u03b1\u03c3\u03c4\u03b5 \u03c3\u03b5: \u0393\u03c1\u03b1\u03bc\u03bc\u03ad\u03c2 \u03b5\u03bc\u03c6\u03b9\u03ac\u03bb\u03c9\u03c3\u03b7\u03c2 \u0394\u03bf\u03c3\u03bf\u03bc\u03b5\u03c4\u03c1\u03b9\u03ba\u03ad\u03c2 \u03bc\u03b7\u03c7\u03b1\u03bd\u03ad\u03c2 \u039a\u03b1\u03b9 \u03c0\u03bf\u03bb\u03bb\u03ac \u03ac\u03bb\u03bb\u03b1... \u03a0\u03c1\u03bf\u03c3\u03c6\u03ad\u03c1\u03bf\u03c5\u03bc\u03b5 \u03ba\u03b1\u03b9\u03bd\u03bf\u03c4\u03cc\u03bc\u03b5\u03c2 \u03ba\u03b1\u03b9 \u03b5\u03be\u03b1\u03c4\u03bf\u03bc\u03b9\u03ba\u03b5\u03c5\u03bc\u03ad\u03bd\u03b5\u03c2 \u03bb\u03cd\u03c3\u03b5\u03b9\u03c2 \u03b3\u03b9\u03b1 \u03c4\u03b7 \u03b2\u03b5\u03bb\u03c4\u03b9\u03c3\u03c4\u03bf\u03c0\u03bf\u03af\u03b7\u03c3\u03b7 \u03c4\u03c9\u03bd \u03c0\u03b1\u03c1\u03b1\u03b3\u03c9\u03b3\u03b9\u03ba\u03ce\u03bd \u03b4\u03b9\u03b1\u03b4\u03b9\u03ba\u03b1\u03c3\u03b9\u03ce\u03bd \u03c4\u03b7\u03c2 \u03b5\u03c4\u03b1\u03b9\u03c1\u03b5\u03af\u03b1\u03c2 \u03c3\u03b1\u03c2.","email":"Admistracion@distribucionarc.com","telephone":"+34 643496664","legalName":"ARC TECH SOLUTIONS","foundingDate":"2024-04-09","vatID":"B55480172","numberOfEmployees":{"@type":"QuantitativeValue","minValue":"1","maxValue":"10"}}]}},"_links":{"self":[{"href":"https:\/\/distribucionarc.com\/el\/wp-json\/wp\/v2\/product\/4916","targetHints":{"allow":["GET"]}}],"collection":[{"href":"https:\/\/distribucionarc.com\/el\/wp-json\/wp\/v2\/product"}],"about":[{"href":"https:\/\/distribucionarc.com\/el\/wp-json\/wp\/v2\/types\/product"}],"replies":[{"embeddable":true,"href":"https:\/\/distribucionarc.com\/el\/wp-json\/wp\/v2\/comments?post=4916"}],"version-history":[{"count":0,"href":"https:\/\/distribucionarc.com\/el\/wp-json\/wp\/v2\/product\/4916\/revisions"}],"wp:featuredmedia":[{"embeddable":true,"href":"https:\/\/distribucionarc.com\/el\/wp-json\/wp\/v2\/media\/4922"}],"wp:attachment":[{"href":"https:\/\/distribucionarc.com\/el\/wp-json\/wp\/v2\/media?parent=4916"}],"wp:term":[{"taxonomy":"product_brand","embeddable":true,"href":"https:\/\/distribucionarc.com\/el\/wp-json\/wp\/v2\/product_brand?post=4916"},{"taxonomy":"product_cat","embeddable":true,"href":"https:\/\/distribucionarc.com\/el\/wp-json\/wp\/v2\/product_cat?post=4916"},{"taxonomy":"product_tag","embeddable":true,"href":"https:\/\/distribucionarc.com\/el\/wp-json\/wp\/v2\/product_tag?post=4916"}],"curies":[{"name":"wp","href":"https:\/\/api.w.org\/{rel}","templated":true}]}}