{"id":6791,"date":"2024-04-25T18:07:04","date_gmt":"2024-04-25T18:07:04","guid":{"rendered":"https:\/\/distribucionarc.com\/?post_type=product&#038;p=6791"},"modified":"2024-04-25T18:11:05","modified_gmt":"2024-04-25T18:11:05","slug":"%ce%bc%ce%b7%cf%87%ce%ac%ce%bd%ce%b7%ce%bc%ce%b1-%cf%83%cf%87%ce%b7%ce%bc%ce%b1%cf%84%ce%b9%cf%83%ce%bc%ce%bf%cf%8d-%ce%b4%ce%b9%cf%83%ce%ba%ce%af%cf%89%ce%bd-%ce%b5%ce%bc%cf%80%ce%bb%ce%bf%cf%85","status":"publish","type":"product","link":"https:\/\/distribucionarc.com\/el\/producto\/maquina-formadora-de-tabletas-enriquecedoras-de-nutrientes\/","title":{"rendered":"\u039c\u0397\u03a7\u0391\u039d\u0397 \u03a3\u03a7\u0397\u039c\u0391\u03a4\u0399\u03a3\u039c\u039f\u03a5 \u03a4\u0391\u039c\u03a0\u039b\u0395\u03a4\u03a9\u039d \u0395\u039c\u03a0\u039b\u039f\u03a5\u03a4\u0399\u03a3\u03a4\u0399\u039a\u039f\u03a5 \u0398\u03a1\u0395\u03a0\u03a4\u0399\u039a\u03a9\u039d \u03a3\u03a4\u039f\u0399\u03a7\u0395\u0399\u03a9\u039d"},"content":{"rendered":"<p>\u03a0\u03b1\u03c1\u03bf\u03c5\u03c3\u03b9\u03ac\u03b6\u03bf\u03bd\u03c4\u03b1\u03c2 \u03c4\u03bf \u03ba\u03b1\u03b9\u03bd\u03bf\u03c4\u03cc\u03bc\u03bf<strong> \u03a0\u03b5\u03c1\u03b9\u03c3\u03c4\u03c1\u03bf\u03c6\u03b9\u03ba\u03ae \u03bc\u03b7\u03c7\u03b1\u03bd\u03ae \u03c0\u03c1\u03ad\u03c3\u03b1\u03c2, \u03bc\u03bf\u03bd\u03c4\u03ad\u03bb\u03bf ZARP-5\/7\/9A,<\/strong> \u03a3\u03c7\u03b5\u03b4\u03b9\u03b1\u03c3\u03bc\u03ad\u03bd\u03bf \u03b3\u03b9\u03b1 \u03c4\u03b7\u03bd \u03b1\u03c0\u03bf\u03c4\u03b5\u03bb\u03b5\u03c3\u03bc\u03b1\u03c4\u03b9\u03ba\u03ae \u03c0\u03b1\u03c1\u03b1\u03b3\u03c9\u03b3\u03ae \u03c4\u03bf\u03c5<strong> \u03b4\u03b9\u03c3\u03ba\u03af\u03b1 \u03b5\u03bc\u03c0\u03bb\u03bf\u03c5\u03c4\u03b9\u03c3\u03bc\u03bf\u03cd \u03b8\u03c1\u03b5\u03c0\u03c4\u03b9\u03ba\u03ce\u03bd \u03c3\u03c5\u03c3\u03c4\u03b1\u03c4\u03b9\u03ba\u03ce\u03bd<\/strong> \u03c3\u03c4\u03b7 \u03c6\u03b1\u03c1\u03bc\u03b1\u03ba\u03bf\u03b2\u03b9\u03bf\u03bc\u03b7\u03c7\u03b1\u03bd\u03af\u03b1. \u0391\u03c5\u03c4\u03cc \u03c4\u03bf \u03bc\u03b7\u03c7\u03ac\u03bd\u03b7\u03bc\u03b1 \u03b5\u03af\u03bd\u03b1\u03b9 \u03b1\u03c0\u03b1\u03c1\u03b1\u03af\u03c4\u03b7\u03c4\u03bf \u03b3\u03b9\u03b1 \u03c4\u03b7\u03bd \u03c3\u03c5\u03bc\u03c0\u03af\u03b5\u03c3\u03b7 \u03c3\u03ba\u03bf\u03bd\u03ce\u03bd, \u03ba\u03cc\u03ba\u03ba\u03c9\u03bd, \u03bc\u03b9\u03ba\u03c1\u03ce\u03bd \u03ba\u03bf\u03ba\u03ba\u03bf\u03c0\u03bf\u03b9\u03b7\u03c4\u03ce\u03bd \u03ba\u03b1\u03b9 \u03c3\u03c6\u03b1\u03b9\u03c1\u03b9\u03b4\u03af\u03c9\u03bd \u03c3\u03b5 \u03c4\u03b1\u03bc\u03c0\u03bb\u03ad\u03c4\u03b5\u03c2 \u03bc\u03b5 \u03b4\u03b9\u03ac\u03c6\u03bf\u03c1\u03b1 \u03c3\u03c7\u03ae\u03bc\u03b1\u03c4\u03b1, \u03b4\u03b9\u03b1\u03c3\u03c6\u03b1\u03bb\u03af\u03b6\u03bf\u03bd\u03c4\u03b1\u03c2 \u03ad\u03bd\u03b1 \u03c5\u03c8\u03b7\u03bb\u03ae\u03c2 \u03c0\u03bf\u03b9\u03cc\u03c4\u03b7\u03c4\u03b1\u03c2 \u03ba\u03b1\u03b9 \u03c3\u03c5\u03bd\u03b5\u03c0\u03ad\u03c2 \u03c4\u03b5\u03bb\u03b9\u03ba\u03cc \u03c0\u03c1\u03bf\u03ca\u03cc\u03bd. \u0394\u03af\u03bd\u03bf\u03bd\u03c4\u03b1\u03c2 \u03c0\u03c1\u03bf\u03c4\u03b5\u03c1\u03b1\u03b9\u03cc\u03c4\u03b7\u03c4\u03b1 \u03c3\u03c4\u03b7\u03bd \u03b1\u03c3\u03c6\u03ac\u03bb\u03b5\u03b9\u03b1 \u03ba\u03b1\u03b9 \u03c4\u03b7\u03bd \u03b1\u03be\u03b9\u03bf\u03c0\u03b9\u03c3\u03c4\u03af\u03b1, \u03c4\u03bf \u03bc\u03b7\u03c7\u03ac\u03bd\u03b7\u03bc\u03b1 \u03b4\u03b9\u03b1\u03b8\u03ad\u03c4\u03b5\u03b9 \u03bc\u03b9\u03b1 \u03c3\u03c5\u03c3\u03ba\u03b5\u03c5\u03ae \u03c0\u03c1\u03bf\u03c3\u03c4\u03b1\u03c3\u03af\u03b1\u03c2 \u03b1\u03c0\u03cc \u03c5\u03c0\u03b5\u03c1\u03c6\u03cc\u03c1\u03c4\u03c9\u03c3\u03b7 \u03c0\u03af\u03b5\u03c3\u03b7\u03c2 \u03c0\u03bf\u03c5 \u03b5\u03bd\u03b5\u03c1\u03b3\u03bf\u03c0\u03bf\u03b9\u03b5\u03af\u03c4\u03b1\u03b9 \u03b1\u03c5\u03c4\u03cc\u03bc\u03b1\u03c4\u03b1 \u03c3\u03b5 \u03c0\u03b5\u03c1\u03af\u03c0\u03c4\u03c9\u03c3\u03b7 \u03c5\u03c0\u03ad\u03c1\u03b2\u03b1\u03c3\u03b7\u03c2, \u03c3\u03c4\u03b1\u03bc\u03b1\u03c4\u03ce\u03bd\u03c4\u03b1\u03c2 \u03c4\u03b7 \u03bb\u03b5\u03b9\u03c4\u03bf\u03c5\u03c1\u03b3\u03af\u03b1 \u03b3\u03b9\u03b1 \u03c4\u03b7 \u03b4\u03b9\u03b1\u03c4\u03ae\u03c1\u03b7\u03c3\u03b7 \u03c4\u03b7\u03c2 \u03b1\u03ba\u03b5\u03c1\u03b1\u03b9\u03cc\u03c4\u03b7\u03c4\u03b1\u03c2 \u03c4\u03bf\u03c5 \u03b5\u03be\u03bf\u03c0\u03bb\u03b9\u03c3\u03bc\u03bf\u03cd \u03ba\u03b1\u03b9 \u03c4\u03b7\u03c2 \u03c0\u03bf\u03b9\u03cc\u03c4\u03b7\u03c4\u03b1\u03c2 \u03c4\u03bf\u03c5 \u03c4\u03b5\u03bb\u03b9\u03ba\u03bf\u03cd \u03c0\u03c1\u03bf\u03ca\u03cc\u03bd\u03c4\u03bf\u03c2.<\/p>\n<p>\u0391\u03bd\u03b1\u03ba\u03b1\u03bb\u03cd\u03c8\u03c4\u03b5 \u03c4\u03b7\u03bd \u03b1\u03c1\u03b9\u03c3\u03c4\u03b5\u03af\u03b1 \u03c3\u03c4\u03b7\u03bd \u03ba\u03b1\u03c4\u03b1\u03c3\u03ba\u03b5\u03c5\u03ae \u03b5\u03bc\u03c0\u03bb\u03bf\u03c5\u03c4\u03b9\u03c3\u03bc\u03ad\u03bd\u03c9\u03bd \u03c3\u03b5 \u03b8\u03c1\u03b5\u03c0\u03c4\u03b9\u03ba\u03ac \u03c3\u03c5\u03c3\u03c4\u03b1\u03c4\u03b9\u03ba\u03ac \u03b4\u03b9\u03c3\u03ba\u03af\u03c9\u03bd \u03bc\u03b5 \u03c4\u03b7\u03bd \u03c0\u03b5\u03c1\u03b9\u03c3\u03c4\u03c1\u03bf\u03c6\u03b9\u03ba\u03ae \u03bc\u03b7\u03c7\u03b1\u03bd\u03ae \u03c0\u03c1\u03ad\u03c3\u03b1\u03c2 ZARP-5\/7\/9A, \u03bc\u03b9\u03b1 \u03b1\u03be\u03b9\u03cc\u03c0\u03b9\u03c3\u03c4\u03b7 \u03ba\u03b1\u03b9 \u03b1\u03c0\u03bf\u03c4\u03b5\u03bb\u03b5\u03c3\u03bc\u03b1\u03c4\u03b9\u03ba\u03ae \u03b5\u03c0\u03ad\u03bd\u03b4\u03c5\u03c3\u03b7 \u03b3\u03b9\u03b1 \u03c4\u03b7\u03bd \u03ba\u03ac\u03bb\u03c5\u03c8\u03b7 \u03c4\u03c9\u03bd \u03c0\u03b9\u03bf \u03b1\u03c0\u03b1\u03b9\u03c4\u03b7\u03c4\u03b9\u03ba\u03ce\u03bd \u03b1\u03bd\u03b1\u03b3\u03ba\u03ce\u03bd \u03c4\u03b7\u03c2 \u03c6\u03b1\u03c1\u03bc\u03b1\u03ba\u03b5\u03c5\u03c4\u03b9\u03ba\u03ae\u03c2 \u03b1\u03b3\u03bf\u03c1\u03ac\u03c2.<\/p>\n<p>&nbsp;<\/p>\n<table>\n<tbody>\n<tr>\n<td width=\"142\">\u039c\u03bf\u03bd\u03c4\u03ad\u03bb\u03bf<\/td>\n<td width=\"142\">ZARP-5A<\/td>\n<td width=\"142\">ZARP-7A<\/td>\n<td width=\"142\">ZARP-9A<\/td>\n<\/tr>\n<tr>\n<td width=\"142\">\u03a0\u03b1\u03b9\u03c7\u03bd\u03af\u03b4\u03b9<\/td>\n<td width=\"142\">5<\/td>\n<td width=\"142\">7<\/td>\n<td width=\"142\">9<\/td>\n<\/tr>\n<tr>\n<td width=\"142\">\u039c\u03ad\u03b3\u03b9\u03c3\u03c4\u03b7 \u03c0\u03af\u03b5\u03c3\u03b7 (\u03c4\u03cc\u03bd\u03bf\u03b9)<\/td>\n<td width=\"142\">50\/60 (\u0395\u039d\u0399\u03a3\u03a7\u03a5\u039c\u0395\u039d\u039f)<\/td>\n<td width=\"142\">50\/60 (\u0395\u039d\u0399\u03a3\u03a7\u03a5\u039c\u0395\u039d\u039f)<\/td>\n<td width=\"142\">50\/60 (\u0395\u039d\u0399\u03a3\u03a7\u03a5\u039c\u0395\u039d\u039f)<\/td>\n<\/tr>\n<tr>\n<td width=\"142\">\u039c\u03ad\u03b3\u03b9\u03c3\u03c4\u03b7 \u03b4\u03b9\u03ac\u03bc\u03b5\u03c4\u03c1\u03bf\u03c2 \u03c4\u03bf\u03c5 tablet (mm)<\/td>\n<td width=\"142\">3-12 (14)\/20 \u0395\u039d\u0399\u03a3\u03a7\u03a5\u039c\u0395\u039d\u039f<\/td>\n<td width=\"142\">3-12 (14)\/20 \u0395\u039d\u0399\u03a3\u03a7\u03a5\u039c\u0395\u039d\u039f<\/td>\n<td width=\"142\">3-12 (14)\/20 \u0395\u039d\u0399\u03a3\u03a7\u03a5\u039c\u0395\u039d\u039f<\/td>\n<\/tr>\n<tr>\n<td width=\"142\">\u039c\u03ad\u03b3\u03b9\u03c3\u03c4\u03bf \u03b2\u03ac\u03b8\u03bf\u03c2 \u0393\u03ad\u03bc\u03b9\u03c3\u03bc\u03b1 (mm)<\/td>\n<td width=\"142\">0-15<\/td>\n<td width=\"142\">0-15<\/td>\n<td width=\"142\">0-15<\/td>\n<\/tr>\n<tr>\n<td width=\"142\">\u039c\u03ad\u03b3\u03b9\u03c3\u03c4\u03bf \u03c0\u03ac\u03c7\u03bf\u03c2 \u03c4\u03b1\u03bc\u03c0\u03bb\u03ad\u03c4\u03b1\u03c2 (mm)<\/td>\n<td width=\"142\">0-6<\/td>\n<td width=\"142\">0-6<\/td>\n<td width=\"142\">0-6<\/td>\n<\/tr>\n<tr>\n<td width=\"142\">\u03a4\u03b1\u03c7\u03cd\u03c4\u03b7\u03c4\u03b1 \u03c0\u03c5\u03c1\u03b3\u03af\u03c3\u03ba\u03bf\u03c5 (\u03c3\u03c4\u03c1\u03bf\u03c6\u03ad\u03c2\/\u03bb\u03b5\u03c0\u03c4\u03cc)<\/td>\n<td width=\"142\">30<\/td>\n<td width=\"142\">30<\/td>\n<td width=\"142\">30<\/td>\n<\/tr>\n<tr>\n<td width=\"142\">\u0394\u03c5\u03bd\u03b1\u03c4\u03cc\u03c4\u03b7\u03c4\u03b1 \u03c0\u03b1\u03c1\u03b1\u03b3\u03c9\u03b3\u03ae\u03c2 (\u03c4\u03b5\u03bc\u03ac\u03c7\u03b9\u03bf\/\u03ce\u03c1\u03b1)<\/td>\n<td width=\"142\">9000<\/td>\n<td width=\"142\">12600<\/td>\n<td width=\"142\">16200<\/td>\n<\/tr>\n<tr>\n<td width=\"142\">\u0399\u03c3\u03c7\u03cd\u03c2 \u03ba\u03b9\u03bd\u03b7\u03c4\u03ae\u03c1\u03b1 (KW)<\/td>\n<td width=\"142\">1500-2200 \u0395\u039d\u0399\u03a3\u03a7\u03a5\u039c\u0395\u039d\u039f<\/td>\n<td width=\"142\">1500-2200 \u0395\u039d\u0399\u03a3\u03a7\u03a5\u039c\u0395\u039d\u039f<\/td>\n<td width=\"142\">1500-2200 \u0395\u039d\u0399\u03a3\u03a7\u03a5\u039c\u0395\u039d\u039f<\/td>\n<\/tr>\n<tr>\n<td width=\"142\">\u03a3\u03c5\u03bd\u03bf\u03bb\u03b9\u03ba\u03cc \u03bc\u03ad\u03b3\u03b5\u03b8\u03bf\u03c2 (mm)<\/td>\n<td width=\"142\">480*<\/p>\n<p>630*<\/p>\n<p>1100*<\/td>\n<td width=\"142\">480*<\/p>\n<p>630*<\/p>\n<p>1100*<\/td>\n<td width=\"142\">480*<\/p>\n<p>630*<\/p>\n<p>1100*<\/td>\n<\/tr>\n<tr>\n<td width=\"142\">\u039a\u03b1\u03b8\u03b1\u03c1\u03cc \u03b2\u03ac\u03c1\u03bf\u03c2 (kg)<\/td>\n<td width=\"142\">180 (220 \u0395\u039d\u0399\u03a3\u03a7\u03a5\u039c\u0395\u039d\u0391)<\/td>\n<td width=\"142\">180 (220 \u0395\u039d\u0399\u03a3\u03a7\u03a5\u039c\u0395\u039d\u0391)<\/td>\n<td width=\"142\">180 (220 \u0395\u039d\u0399\u03a3\u03a7\u03a5\u039c\u0395\u039d\u0391)<\/td>\n<\/tr>\n<\/tbody>\n<\/table>","protected":false},"excerpt":{"rendered":"<p>\u03a0\u03b1\u03c1\u03bf\u03c5\u03c3\u03b9\u03ac\u03b6\u03bf\u03c5\u03bc\u03b5 \u03c4\u03b7\u03bd \u03ba\u03b1\u03b9\u03bd\u03bf\u03c4\u03cc\u03bc\u03bf \u03bc\u03b7\u03c7\u03b1\u03bd\u03ae \u03c0\u03b5\u03c1\u03b9\u03c3\u03c4\u03c1\u03bf\u03c6\u03b9\u03ba\u03ae\u03c2 \u03c0\u03c1\u03ad\u03c3\u03b1\u03c2 \u03b4\u03b9\u03c3\u03ba\u03af\u03c9\u03bd, \u03bc\u03bf\u03bd\u03c4\u03ad\u03bb\u03bf ZARP-5\/7\/9A, \u03c3\u03c7\u03b5\u03b4\u03b9\u03b1\u03c3\u03bc\u03ad\u03bd\u03b7 \u03b3\u03b9\u03b1 \u03c4\u03b7\u03bd \u03b1\u03c0\u03bf\u03c4\u03b5\u03bb\u03b5\u03c3\u03bc\u03b1\u03c4\u03b9\u03ba\u03ae \u03c0\u03b1\u03c1\u03b1\u03b3\u03c9\u03b3\u03ae \u03b4\u03b9\u03c3\u03ba\u03af\u03c9\u03bd \u03b5\u03bc\u03c0\u03bb\u03bf\u03c5\u03c4\u03b9\u03c3\u03bc\u03bf\u03cd \u03b8\u03c1\u03b5\u03c0\u03c4\u03b9\u03ba\u03ce\u03bd \u03c3\u03c5\u03c3\u03c4\u03b1\u03c4\u03b9\u03ba\u03ce\u03bd \u03c3\u03c4\u03bf\u03bd...<\/p>","protected":false},"featured_media":6796,"comment_status":"open","ping_status":"closed","template":"","meta":{"wds_primary_product_brand":0,"wds_primary_product_cat":0},"product_brand":[],"product_cat":[84],"product_tag":[],"class_list":{"0":"post-6791","1":"product","2":"type-product","3":"status-publish","4":"has-post-thumbnail","6":"product_cat-maquinas-para-hacer-pastillas","8":"first","9":"instock","10":"taxable","11":"shipping-taxable","12":"purchasable","13":"product-type-simple"},"yoast_head":"<!-- This site is optimized with the Yoast SEO Premium plugin v24.9 (Yoast SEO v26.1) - https:\/\/yoast.com\/wordpress\/plugins\/seo\/ -->\n<title>MAQUINA FORMADORA DE TABLETAS ENRIQUECEDORAS DE NUTRIENTES - distribuci\u00f3n ARC<\/title>\n<meta name=\"robots\" content=\"index, follow, max-snippet:-1, max-image-preview:large, max-video-preview:-1\" \/>\n<link rel=\"canonical\" href=\"https:\/\/www.distribucionarc.com\/producto\/maquina-formadora-de-tabletas-enriquecedoras-de-nutrientes\/\" \/>\n<meta property=\"og:locale\" content=\"el_GR\" \/>\n<meta property=\"og:type\" content=\"article\" \/>\n<meta property=\"og:title\" content=\"MAQUINA FORMADORA DE TABLETAS ENRIQUECEDORAS DE NUTRIENTES\" \/>\n<meta property=\"og:description\" content=\"Presentamos la innovadora M\u00e1quina Prensadora Rotativa, modelo ZARP-5\/7\/9A, dise\u00f1ada para la producci\u00f3n eficiente de tabletas enriquecedoras de nutrientes en la\" \/>\n<meta property=\"og:url\" content=\"https:\/\/www.distribucionarc.com\/producto\/maquina-formadora-de-tabletas-enriquecedoras-de-nutrientes\/\" \/>\n<meta property=\"og:site_name\" content=\"distribuci\u00f3n ARC\" \/>\n<meta property=\"article:modified_time\" content=\"2024-04-25T18:11:05+00:00\" \/>\n<meta property=\"og:image\" content=\"https:\/\/www.distribucionarc.com\/wp-content\/uploads\/2024\/04\/MAQUINA-FORMADORA-DE-TABLETAS-ENRIQUECEDORAS-DE-NUTRIENTES.jpg\" \/>\n\t<meta property=\"og:image:width\" content=\"464\" \/>\n\t<meta property=\"og:image:height\" content=\"816\" \/>\n\t<meta property=\"og:image:type\" content=\"image\/jpeg\" \/>\n<meta name=\"twitter:card\" content=\"summary_large_image\" \/>\n<meta name=\"twitter:label1\" content=\"\u0395\u03ba\u03c4\u03b9\u03bc\u03ce\u03bc\u03b5\u03bd\u03bf\u03c2 \u03c7\u03c1\u03cc\u03bd\u03bf\u03c2 \u03b1\u03bd\u03ac\u03b3\u03bd\u03c9\u03c3\u03b7\u03c2\" \/>\n\t<meta name=\"twitter:data1\" content=\"1 \u03bb\u03b5\u03c0\u03c4\u03cc\" \/>\n<script type=\"application\/ld+json\" class=\"yoast-schema-graph\">{\"@context\":\"https:\/\/schema.org\",\"@graph\":[{\"@type\":\"WebPage\",\"@id\":\"https:\/\/www.distribucionarc.com\/producto\/maquina-formadora-de-tabletas-enriquecedoras-de-nutrientes\/\",\"url\":\"https:\/\/www.distribucionarc.com\/producto\/maquina-formadora-de-tabletas-enriquecedoras-de-nutrientes\/\",\"name\":\"MAQUINA FORMADORA DE TABLETAS ENRIQUECEDORAS DE NUTRIENTES - distribuci\u00f3n ARC\",\"isPartOf\":{\"@id\":\"https:\/\/www.distribucionarc.com\/sl\/#website\"},\"primaryImageOfPage\":{\"@id\":\"https:\/\/www.distribucionarc.com\/producto\/maquina-formadora-de-tabletas-enriquecedoras-de-nutrientes\/#primaryimage\"},\"image\":{\"@id\":\"https:\/\/www.distribucionarc.com\/producto\/maquina-formadora-de-tabletas-enriquecedoras-de-nutrientes\/#primaryimage\"},\"thumbnailUrl\":\"https:\/\/distribucionarc.com\/wp-content\/uploads\/2024\/04\/MAQUINA-FORMADORA-DE-TABLETAS-ENRIQUECEDORAS-DE-NUTRIENTES.jpg\",\"datePublished\":\"2024-04-25T18:07:04+00:00\",\"dateModified\":\"2024-04-25T18:11:05+00:00\",\"breadcrumb\":{\"@id\":\"https:\/\/www.distribucionarc.com\/producto\/maquina-formadora-de-tabletas-enriquecedoras-de-nutrientes\/#breadcrumb\"},\"inLanguage\":\"el\",\"potentialAction\":[{\"@type\":\"ReadAction\",\"target\":[\"https:\/\/www.distribucionarc.com\/producto\/maquina-formadora-de-tabletas-enriquecedoras-de-nutrientes\/\"]}]},{\"@type\":\"ImageObject\",\"inLanguage\":\"el\",\"@id\":\"https:\/\/www.distribucionarc.com\/producto\/maquina-formadora-de-tabletas-enriquecedoras-de-nutrientes\/#primaryimage\",\"url\":\"https:\/\/distribucionarc.com\/wp-content\/uploads\/2024\/04\/MAQUINA-FORMADORA-DE-TABLETAS-ENRIQUECEDORAS-DE-NUTRIENTES.jpg\",\"contentUrl\":\"https:\/\/distribucionarc.com\/wp-content\/uploads\/2024\/04\/MAQUINA-FORMADORA-DE-TABLETAS-ENRIQUECEDORAS-DE-NUTRIENTES.jpg\",\"width\":464,\"height\":816,\"caption\":\"#image_title\"},{\"@type\":\"BreadcrumbList\",\"@id\":\"https:\/\/www.distribucionarc.com\/producto\/maquina-formadora-de-tabletas-enriquecedoras-de-nutrientes\/#breadcrumb\",\"itemListElement\":[{\"@type\":\"ListItem\",\"position\":1,\"name\":\"Portada\",\"item\":\"https:\/\/www.distribucionarc.com\/\"},{\"@type\":\"ListItem\",\"position\":2,\"name\":\"\u00dcr\u00fcnler\",\"item\":\"https:\/\/www.distribucionarc.com\/tr\/magaza\/\"},{\"@type\":\"ListItem\",\"position\":3,\"name\":\"MAQUINA FORMADORA DE TABLETAS ENRIQUECEDORAS DE NUTRIENTES\"}]},{\"@type\":\"WebSite\",\"@id\":\"https:\/\/www.distribucionarc.com\/sl\/#website\",\"url\":\"https:\/\/www.distribucionarc.com\/sl\/\",\"name\":\"distribuci\u00f3n ARC\",\"description\":\"Empresa especializada en la fabricaci\u00f3n y distribuci\u00f3n de maquinaria industrial, selladoras de latas, Maquinas de hacer pastillas, Maquinas de cortar carne...\",\"publisher\":{\"@id\":\"https:\/\/www.distribucionarc.com\/sl\/#organization\"},\"potentialAction\":[{\"@type\":\"SearchAction\",\"target\":{\"@type\":\"EntryPoint\",\"urlTemplate\":\"https:\/\/www.distribucionarc.com\/sl\/?s={search_term_string}\"},\"query-input\":{\"@type\":\"PropertyValueSpecification\",\"valueRequired\":true,\"valueName\":\"search_term_string\"}}],\"inLanguage\":\"el\"},{\"@type\":\"Organization\",\"@id\":\"https:\/\/www.distribucionarc.com\/sl\/#organization\",\"name\":\"Distribuci\u00f3n ARC\",\"url\":\"https:\/\/www.distribucionarc.com\/sl\/\",\"logo\":{\"@type\":\"ImageObject\",\"inLanguage\":\"el\",\"@id\":\"https:\/\/www.distribucionarc.com\/sl\/#\/schema\/logo\/image\/\",\"url\":\"https:\/\/distribucionarc.com\/wp-content\/uploads\/2024\/10\/distribucion-ARC-COLOR-SIN-FONDO-e1732295305345.png\",\"contentUrl\":\"https:\/\/distribucionarc.com\/wp-content\/uploads\/2024\/10\/distribucion-ARC-COLOR-SIN-FONDO-e1732295305345.png\",\"width\":1164,\"height\":558,\"caption\":\"Distribuci\u00f3n ARC\"},\"image\":{\"@id\":\"https:\/\/www.distribucionarc.com\/sl\/#\/schema\/logo\/image\/\"},\"description\":\"Empresa especializada en la fabricaci\u00f3n y distribuci\u00f3n de maquinaria industrial para los sectores alimentario y farmac\u00e9utico. Nos especializamos en: M\u00e1quinas de cortar carne Fabricaci\u00f3n de comprimidos Sistemas de transporte industrial L\u00edneas de embotellado Dosificadores Y mucho m\u00e1s... Ofrecemos soluciones innovadoras y personalizadas para optimizar los procesos productivos de tu empresa.\",\"email\":\"Admistracion@distribucionarc.com\",\"telephone\":\"+34 643496664\",\"legalName\":\"ARC TECH SOLUTIONS\",\"foundingDate\":\"2024-04-09\",\"vatID\":\"B55480172\",\"numberOfEmployees\":{\"@type\":\"QuantitativeValue\",\"minValue\":\"1\",\"maxValue\":\"10\"}}]}<\/script>\n<!-- \/ Yoast SEO Premium plugin. -->","yoast_head_json":{"title":"\u039c\u0397\u03a7\u0391\u039d\u0397 \u03a3\u03a7\u0397\u039c\u0391\u03a4\u0399\u03a3\u039c\u039f\u03a5 \u03a4\u0391\u039c\u03a0\u039b\u0395\u03a4\u03a9\u039d \u0395\u039c\u03a0\u039b\u039f\u03a5\u03a4\u0399\u03a3\u03a4\u0399\u039a\u039f\u03a5 \u0398\u03a1\u0395\u03a0\u03a4\u0399\u039a\u03a9\u039d \u03a3\u03a5\u03a3\u03a4\u0397\u039c\u0391\u03a4\u03a9\u039d - \u0394\u03b9\u03b1\u03bd\u03bf\u03bc\u03ae ARC","robots":{"index":"index","follow":"follow","max-snippet":"max-snippet:-1","max-image-preview":"max-image-preview:large","max-video-preview":"max-video-preview:-1"},"canonical":"https:\/\/www.distribucionarc.com\/producto\/maquina-formadora-de-tabletas-enriquecedoras-de-nutrientes\/","og_locale":"el_GR","og_type":"article","og_title":"MAQUINA FORMADORA DE TABLETAS ENRIQUECEDORAS DE NUTRIENTES","og_description":"Presentamos la innovadora M\u00e1quina Prensadora Rotativa, modelo ZARP-5\/7\/9A, dise\u00f1ada para la producci\u00f3n eficiente de tabletas enriquecedoras de nutrientes en la","og_url":"https:\/\/www.distribucionarc.com\/producto\/maquina-formadora-de-tabletas-enriquecedoras-de-nutrientes\/","og_site_name":"distribuci\u00f3n ARC","article_modified_time":"2024-04-25T18:11:05+00:00","og_image":[{"width":464,"height":816,"url":"https:\/\/www.distribucionarc.com\/wp-content\/uploads\/2024\/04\/MAQUINA-FORMADORA-DE-TABLETAS-ENRIQUECEDORAS-DE-NUTRIENTES.jpg","type":"image\/jpeg"}],"twitter_card":"summary_large_image","twitter_misc":{"\u0395\u03ba\u03c4\u03b9\u03bc\u03ce\u03bc\u03b5\u03bd\u03bf\u03c2 \u03c7\u03c1\u03cc\u03bd\u03bf\u03c2 \u03b1\u03bd\u03ac\u03b3\u03bd\u03c9\u03c3\u03b7\u03c2":"1 \u03bb\u03b5\u03c0\u03c4\u03cc"},"schema":{"@context":"https:\/\/schema.org","@graph":[{"@type":"WebPage","@id":"https:\/\/www.distribucionarc.com\/producto\/maquina-formadora-de-tabletas-enriquecedoras-de-nutrientes\/","url":"https:\/\/www.distribucionarc.com\/producto\/maquina-formadora-de-tabletas-enriquecedoras-de-nutrientes\/","name":"\u039c\u0397\u03a7\u0391\u039d\u0397 \u03a3\u03a7\u0397\u039c\u0391\u03a4\u0399\u03a3\u039c\u039f\u03a5 \u03a4\u0391\u039c\u03a0\u039b\u0395\u03a4\u03a9\u039d \u0395\u039c\u03a0\u039b\u039f\u03a5\u03a4\u0399\u03a3\u03a4\u0399\u039a\u039f\u03a5 \u0398\u03a1\u0395\u03a0\u03a4\u0399\u039a\u03a9\u039d \u03a3\u03a5\u03a3\u03a4\u0397\u039c\u0391\u03a4\u03a9\u039d - \u0394\u03b9\u03b1\u03bd\u03bf\u03bc\u03ae ARC","isPartOf":{"@id":"https:\/\/www.distribucionarc.com\/sl\/#website"},"primaryImageOfPage":{"@id":"https:\/\/www.distribucionarc.com\/producto\/maquina-formadora-de-tabletas-enriquecedoras-de-nutrientes\/#primaryimage"},"image":{"@id":"https:\/\/www.distribucionarc.com\/producto\/maquina-formadora-de-tabletas-enriquecedoras-de-nutrientes\/#primaryimage"},"thumbnailUrl":"https:\/\/distribucionarc.com\/wp-content\/uploads\/2024\/04\/MAQUINA-FORMADORA-DE-TABLETAS-ENRIQUECEDORAS-DE-NUTRIENTES.jpg","datePublished":"2024-04-25T18:07:04+00:00","dateModified":"2024-04-25T18:11:05+00:00","breadcrumb":{"@id":"https:\/\/www.distribucionarc.com\/producto\/maquina-formadora-de-tabletas-enriquecedoras-de-nutrientes\/#breadcrumb"},"inLanguage":"el","potentialAction":[{"@type":"ReadAction","target":["https:\/\/www.distribucionarc.com\/producto\/maquina-formadora-de-tabletas-enriquecedoras-de-nutrientes\/"]}]},{"@type":"ImageObject","inLanguage":"el","@id":"https:\/\/www.distribucionarc.com\/producto\/maquina-formadora-de-tabletas-enriquecedoras-de-nutrientes\/#primaryimage","url":"https:\/\/distribucionarc.com\/wp-content\/uploads\/2024\/04\/MAQUINA-FORMADORA-DE-TABLETAS-ENRIQUECEDORAS-DE-NUTRIENTES.jpg","contentUrl":"https:\/\/distribucionarc.com\/wp-content\/uploads\/2024\/04\/MAQUINA-FORMADORA-DE-TABLETAS-ENRIQUECEDORAS-DE-NUTRIENTES.jpg","width":464,"height":816,"caption":"#image_title"},{"@type":"BreadcrumbList","@id":"https:\/\/www.distribucionarc.com\/producto\/maquina-formadora-de-tabletas-enriquecedoras-de-nutrientes\/#breadcrumb","itemListElement":[{"@type":"ListItem","position":1,"name":"Portada","item":"https:\/\/www.distribucionarc.com\/"},{"@type":"ListItem","position":2,"name":"\u00dcr\u00fcnler","item":"https:\/\/www.distribucionarc.com\/tr\/magaza\/"},{"@type":"ListItem","position":3,"name":"MAQUINA FORMADORA DE TABLETAS ENRIQUECEDORAS DE NUTRIENTES"}]},{"@type":"WebSite","@id":"https:\/\/www.distribucionarc.com\/sl\/#website","url":"https:\/\/www.distribucionarc.com\/sl\/","name":"\u039a\u03b1\u03c4\u03b1\u03bd\u03bf\u03bc\u03ae ARC","description":"\u0395\u03c4\u03b1\u03b9\u03c1\u03b5\u03af\u03b1 \u03c0\u03bf\u03c5 \u03b5\u03b9\u03b4\u03b9\u03ba\u03b5\u03cd\u03b5\u03c4\u03b1\u03b9 \u03c3\u03c4\u03b7\u03bd \u03ba\u03b1\u03c4\u03b1\u03c3\u03ba\u03b5\u03c5\u03ae \u03ba\u03b1\u03b9 \u03b4\u03b9\u03b1\u03bd\u03bf\u03bc\u03ae \u03b2\u03b9\u03bf\u03bc\u03b7\u03c7\u03b1\u03bd\u03b9\u03ba\u03ce\u03bd \u03bc\u03b7\u03c7\u03b1\u03bd\u03b7\u03bc\u03ac\u03c4\u03c9\u03bd, \u03bc\u03b7\u03c7\u03b1\u03bd\u03ce\u03bd \u03c3\u03c6\u03c1\u03ac\u03b3\u03b9\u03c3\u03b7\u03c2 \u03ba\u03bf\u03bd\u03c3\u03b5\u03c1\u03b2\u03ce\u03bd, \u03bc\u03b7\u03c7\u03b1\u03bd\u03ce\u03bd \u03c0\u03b1\u03c1\u03b1\u03c3\u03ba\u03b5\u03c5\u03ae\u03c2 \u03b4\u03b9\u03c3\u03ba\u03af\u03c9\u03bd, \u03bc\u03b7\u03c7\u03b1\u03bd\u03ce\u03bd \u03ba\u03bf\u03c0\u03ae\u03c2 \u03ba\u03c1\u03ad\u03b1\u03c4\u03bf\u03c2...","publisher":{"@id":"https:\/\/www.distribucionarc.com\/sl\/#organization"},"potentialAction":[{"@type":"SearchAction","target":{"@type":"EntryPoint","urlTemplate":"https:\/\/www.distribucionarc.com\/sl\/?s={search_term_string}"},"query-input":{"@type":"PropertyValueSpecification","valueRequired":true,"valueName":"search_term_string"}}],"inLanguage":"el"},{"@type":"Organization","@id":"https:\/\/www.distribucionarc.com\/sl\/#organization","name":"\u0394\u03b9\u03b1\u03bd\u03bf\u03bc\u03ae ARC","url":"https:\/\/www.distribucionarc.com\/sl\/","logo":{"@type":"ImageObject","inLanguage":"el","@id":"https:\/\/www.distribucionarc.com\/sl\/#\/schema\/logo\/image\/","url":"https:\/\/distribucionarc.com\/wp-content\/uploads\/2024\/10\/distribucion-ARC-COLOR-SIN-FONDO-e1732295305345.png","contentUrl":"https:\/\/distribucionarc.com\/wp-content\/uploads\/2024\/10\/distribucion-ARC-COLOR-SIN-FONDO-e1732295305345.png","width":1164,"height":558,"caption":"Distribuci\u00f3n ARC"},"image":{"@id":"https:\/\/www.distribucionarc.com\/sl\/#\/schema\/logo\/image\/"},"description":"\u0395\u03c4\u03b1\u03b9\u03c1\u03b5\u03af\u03b1 \u03c0\u03bf\u03c5 \u03b5\u03b9\u03b4\u03b9\u03ba\u03b5\u03cd\u03b5\u03c4\u03b1\u03b9 \u03c3\u03c4\u03b7\u03bd \u03ba\u03b1\u03c4\u03b1\u03c3\u03ba\u03b5\u03c5\u03ae \u03ba\u03b1\u03b9 \u03b4\u03b9\u03b1\u03bd\u03bf\u03bc\u03ae \u03b2\u03b9\u03bf\u03bc\u03b7\u03c7\u03b1\u03bd\u03b9\u03ba\u03ce\u03bd \u03bc\u03b7\u03c7\u03b1\u03bd\u03b7\u03bc\u03ac\u03c4\u03c9\u03bd \u03b3\u03b9\u03b1 \u03c4\u03bf\u03bd \u03c4\u03bf\u03bc\u03ad\u03b1 \u03c4\u03c9\u03bd \u03c4\u03c1\u03bf\u03c6\u03af\u03bc\u03c9\u03bd \u03ba\u03b1\u03b9 \u03c4\u03c9\u03bd \u03c6\u03b1\u03c1\u03bc\u03ac\u03ba\u03c9\u03bd. \u0395\u03be\u03b5\u03b9\u03b4\u03b9\u03ba\u03b5\u03c5\u03cc\u03bc\u03b1\u03c3\u03c4\u03b5 \u03c3\u03b5: \u0393\u03c1\u03b1\u03bc\u03bc\u03ad\u03c2 \u03b5\u03bc\u03c6\u03b9\u03ac\u03bb\u03c9\u03c3\u03b7\u03c2 \u0394\u03bf\u03c3\u03bf\u03bc\u03b5\u03c4\u03c1\u03b9\u03ba\u03ad\u03c2 \u03bc\u03b7\u03c7\u03b1\u03bd\u03ad\u03c2 \u039a\u03b1\u03b9 \u03c0\u03bf\u03bb\u03bb\u03ac \u03ac\u03bb\u03bb\u03b1... \u03a0\u03c1\u03bf\u03c3\u03c6\u03ad\u03c1\u03bf\u03c5\u03bc\u03b5 \u03ba\u03b1\u03b9\u03bd\u03bf\u03c4\u03cc\u03bc\u03b5\u03c2 \u03ba\u03b1\u03b9 \u03b5\u03be\u03b1\u03c4\u03bf\u03bc\u03b9\u03ba\u03b5\u03c5\u03bc\u03ad\u03bd\u03b5\u03c2 \u03bb\u03cd\u03c3\u03b5\u03b9\u03c2 \u03b3\u03b9\u03b1 \u03c4\u03b7 \u03b2\u03b5\u03bb\u03c4\u03b9\u03c3\u03c4\u03bf\u03c0\u03bf\u03af\u03b7\u03c3\u03b7 \u03c4\u03c9\u03bd \u03c0\u03b1\u03c1\u03b1\u03b3\u03c9\u03b3\u03b9\u03ba\u03ce\u03bd \u03b4\u03b9\u03b1\u03b4\u03b9\u03ba\u03b1\u03c3\u03b9\u03ce\u03bd \u03c4\u03b7\u03c2 \u03b5\u03c4\u03b1\u03b9\u03c1\u03b5\u03af\u03b1\u03c2 \u03c3\u03b1\u03c2.","email":"Admistracion@distribucionarc.com","telephone":"+34 643496664","legalName":"ARC TECH SOLUTIONS","foundingDate":"2024-04-09","vatID":"B55480172","numberOfEmployees":{"@type":"QuantitativeValue","minValue":"1","maxValue":"10"}}]}},"_links":{"self":[{"href":"https:\/\/distribucionarc.com\/el\/wp-json\/wp\/v2\/product\/6791","targetHints":{"allow":["GET"]}}],"collection":[{"href":"https:\/\/distribucionarc.com\/el\/wp-json\/wp\/v2\/product"}],"about":[{"href":"https:\/\/distribucionarc.com\/el\/wp-json\/wp\/v2\/types\/product"}],"replies":[{"embeddable":true,"href":"https:\/\/distribucionarc.com\/el\/wp-json\/wp\/v2\/comments?post=6791"}],"version-history":[{"count":0,"href":"https:\/\/distribucionarc.com\/el\/wp-json\/wp\/v2\/product\/6791\/revisions"}],"wp:featuredmedia":[{"embeddable":true,"href":"https:\/\/distribucionarc.com\/el\/wp-json\/wp\/v2\/media\/6796"}],"wp:attachment":[{"href":"https:\/\/distribucionarc.com\/el\/wp-json\/wp\/v2\/media?parent=6791"}],"wp:term":[{"taxonomy":"product_brand","embeddable":true,"href":"https:\/\/distribucionarc.com\/el\/wp-json\/wp\/v2\/product_brand?post=6791"},{"taxonomy":"product_cat","embeddable":true,"href":"https:\/\/distribucionarc.com\/el\/wp-json\/wp\/v2\/product_cat?post=6791"},{"taxonomy":"product_tag","embeddable":true,"href":"https:\/\/distribucionarc.com\/el\/wp-json\/wp\/v2\/product_tag?post=6791"}],"curies":[{"name":"wp","href":"https:\/\/api.w.org\/{rel}","templated":true}]}}