{"id":6813,"date":"2024-04-25T18:43:17","date_gmt":"2024-04-25T18:43:17","guid":{"rendered":"https:\/\/distribucionarc.com\/?post_type=product&#038;p=6813"},"modified":"2024-04-25T18:43:19","modified_gmt":"2024-04-25T18:43:19","slug":"%ce%bc%ce%b7%cf%87%ce%ac%ce%bd%ce%b7%ce%bc%ce%b1-%cf%83%cf%85%ce%bc%cf%80%ce%af%ce%b5%cf%83%ce%b7%cf%82-%ce%b8%cf%81%ce%b5%cf%80%cf%84%ce%b9%ce%ba%cf%8e%ce%bd-%cf%83%cf%85%cf%83%cf%84%ce%b1%cf%84","status":"publish","type":"product","link":"https:\/\/distribucionarc.com\/el\/producto\/maquina-compactadora-de-tabletas-de-nutrientes\/","title":{"rendered":"\u039c\u0397\u03a7\u0391\u039d\u0397 \u03a3\u03a5\u039c\u03a0\u0399\u0395\u03a3\u03a4\u0395\u03a1 \u03a4\u0391\u039c\u03a0\u039b\u0395\u03a4 \u0398\u03a1\u0395\u03a0\u03a4\u0399\u039a\u03a9\u039d"},"content":{"rendered":"<p>\u03a0\u03b1\u03c1\u03bf\u03c5\u03c3\u03b9\u03ac\u03b6\u03bf\u03c5\u03bc\u03b5 \u03c4\u03bf \u03b4\u03b9\u03ba\u03cc \u03bc\u03b1\u03c2 <strong>\u039c\u03b7\u03c7\u03b1\u03bd\u03ae \u03c0\u03b1\u03c1\u03b1\u03c3\u03ba\u03b5\u03c5\u03ae\u03c2 \u03b4\u03b9\u03c3\u03ba\u03af\u03c9\u03bd \u03b8\u03c1\u03b5\u03c0\u03c4\u03b9\u03ba\u03ce\u03bd \u03c3\u03c5\u03c3\u03c4\u03b1\u03c4\u03b9\u03ba\u03ce\u03bd,<\/strong> \u03a3\u03c7\u03b5\u03b4\u03b9\u03b1\u03c3\u03bc\u03ad\u03bd\u03bf \u03bc\u03b5 \u03c0\u03bb\u03ae\u03c1\u03c9\u03c2 \u03ba\u03bb\u03b5\u03b9\u03c3\u03c4\u03cc \u03c3\u03cd\u03c3\u03c4\u03b7\u03bc\u03b1 \u03ba\u03b1\u03b9 \u03bf\u03c1\u03b3\u03b1\u03bd\u03b9\u03ba\u03cc \u03b3\u03c5\u03b1\u03bb\u03af \u03b3\u03b9\u03b1 \u03c4\u03b7\u03bd \u03c0\u03c1\u03cc\u03bb\u03b7\u03c8\u03b7 \u03c4\u03b7\u03c2 \u03b4\u03b9\u03b1\u03c3\u03c4\u03b1\u03c5\u03c1\u03bf\u03cd\u03bc\u03b5\u03bd\u03b7\u03c2 \u03bc\u03cc\u03bb\u03c5\u03bd\u03c3\u03b7\u03c2 \u03b1\u03c0\u03cc \u03c4\u03b7 \u03c3\u03ba\u03cc\u03bd\u03b7. \u039a\u03b1\u03c4\u03b1\u03c3\u03ba\u03b5\u03c5\u03b1\u03c3\u03bc\u03ad\u03bd\u03bf \u03b1\u03c0\u03cc \u03b1\u03bd\u03bf\u03be\u03b5\u03af\u03b4\u03c9\u03c4\u03bf \u03c7\u03ac\u03bb\u03c5\u03b2\u03b1 304, \u03c0\u03bb\u03b7\u03c1\u03bf\u03af \u03c4\u03b1 \u03c0\u03c1\u03cc\u03c4\u03c5\u03c0\u03b1 GMP. \u0397 \u03bf\u03b8\u03cc\u03bd\u03b7 \u03b1\u03c6\u03ae\u03c2 DARP20 \u03c0\u03b1\u03c1\u03b1\u03ba\u03bf\u03bb\u03bf\u03c5\u03b8\u03b5\u03af \u03c4\u03b7\u03bd \u03c0\u03b1\u03c1\u03b1\u03b3\u03c9\u03b3\u03ae \u03ba\u03b1\u03b9 \u03b4\u03b9\u03b1\u03b8\u03ad\u03c4\u03b5\u03b9 \u03c0\u03c1\u03bf\u03b7\u03b3\u03bc\u03ad\u03bd\u03b1 \u03c7\u03b1\u03c1\u03b1\u03ba\u03c4\u03b7\u03c1\u03b9\u03c3\u03c4\u03b9\u03ba\u03ac \u03cc\u03c0\u03c9\u03c2 \u03b1\u03c5\u03c4\u03cc\u03bc\u03b1\u03c4\u03b7 \u03b1\u03c0\u03b5\u03bd\u03b5\u03c1\u03b3\u03bf\u03c0\u03bf\u03af\u03b7\u03c3\u03b7 \u03ba\u03b1\u03b9 \u03c3\u03c5\u03bd\u03b1\u03b3\u03b5\u03c1\u03bc\u03cc\u03c2 \u03c5\u03c0\u03b5\u03c1\u03c0\u03af\u03b5\u03c3\u03b7\u03c2. \u039c\u03b5 \u03b5\u03be\u03b1\u03b9\u03c1\u03b5\u03c4\u03b9\u03ba\u03ae \u03c7\u03c9\u03c1\u03b7\u03c4\u03b9\u03ba\u03cc\u03c4\u03b7\u03c4\u03b1 \u03c6\u03bf\u03c1\u03c4\u03af\u03bf\u03c5, \u03b5\u03af\u03bd\u03b1\u03b9 \u03b9\u03b4\u03b1\u03bd\u03b9\u03ba\u03cc \u03b3\u03b9\u03b1 \u03ad\u03bd\u03b1 \u03b5\u03c5\u03c1\u03cd \u03c6\u03ac\u03c3\u03bc\u03b1 <strong>\u03c0\u03b1\u03c1\u03b1\u03b3\u03c9\u03b3\u03ae \u03b4\u03b9\u03b1\u03c4\u03c1\u03bf\u03c6\u03b9\u03ba\u03ce\u03bd \u03c4\u03b1\u03bc\u03c0\u03bb\u03b5\u03c4\u03ce\u03bd.<\/strong><\/p>\n<p>&nbsp;<\/p>\n<table>\n<tbody>\n<tr>\n<td width=\"189\">\u039c\u03bf\u03bd\u03c4\u03ad\u03bb\u03bf<\/td>\n<td width=\"189\">\u039f\u03b8\u03cc\u03bd\u03b7 \u03b1\u03c6\u03ae\u03c2 DARP-20E (plc)<\/td>\n<td width=\"189\">DARP-20E<\/td>\n<\/tr>\n<tr>\n<td width=\"189\">\u03a0\u03b1\u03b9\u03c7\u03bd\u03af\u03b4\u03b9\u03b1<\/td>\n<td width=\"189\">1<\/td>\n<td width=\"189\">1<\/td>\n<\/tr>\n<tr>\n<td width=\"189\">\u039c\u03ad\u03b3\u03b9\u03c3\u03c4\u03b7 \u03c0\u03af\u03b5\u03c3\u03b7 (\u03c4\u03cc\u03bd\u03bf\u03b9)<\/td>\n<td width=\"189\">60<\/td>\n<td width=\"189\">60<\/td>\n<\/tr>\n<tr>\n<td width=\"189\">\u039c\u03ad\u03b3\u03b9\u03c3\u03c4\u03b7 \u03b4\u03b9\u03ac\u03bc\u03b5\u03c4\u03c1\u03bf\u03c2 \u03c4\u03bf\u03c5 tablet (mm)<\/td>\n<td width=\"189\">25<\/td>\n<td width=\"189\">25<\/td>\n<\/tr>\n<tr>\n<td width=\"189\">\u039c\u03ad\u03b3\u03b9\u03c3\u03c4\u03bf \u03b2\u03ac\u03b8\u03bf\u03c2 \u03b3\u03ad\u03bc\u03b9\u03c3\u03b7 (mm)<\/td>\n<td width=\"189\">18<\/td>\n<td width=\"189\">18<\/td>\n<\/tr>\n<tr>\n<td width=\"189\">\u039c\u03ad\u03b3\u03b9\u03c3\u03c4\u03bf \u03c0\u03ac\u03c7\u03bf\u03c2 \u03c4\u03b1\u03bc\u03c0\u03bb\u03ad\u03c4\u03b1\u03c2 (mm)<\/td>\n<td width=\"189\">7<\/td>\n<td width=\"189\">7<\/td>\n<\/tr>\n<tr>\n<td width=\"189\">\u0394\u03c5\u03bd\u03b1\u03c4\u03cc\u03c4\u03b7\u03c4\u03b1 \u03c0\u03b1\u03c1\u03b1\u03b3\u03c9\u03b3\u03ae\u03c2 (\u03c4\u03b5\u03bc\u03ac\u03c7\u03b9\u03b1\/\u03ce\u03c1\u03b1)<\/td>\n<td width=\"189\">2100<\/td>\n<td width=\"189\">2100<\/td>\n<\/tr>\n<tr>\n<td width=\"189\">\u0399\u03c3\u03c7\u03cd\u03c2 \u03ba\u03b9\u03bd\u03b7\u03c4\u03ae\u03c1\u03b1 (KW)<\/td>\n<td width=\"189\">1.5<\/td>\n<td width=\"189\">1.5<\/td>\n<\/tr>\n<tr>\n<td width=\"189\">\u03a3\u03c5\u03bd\u03bf\u03bb\u03b9\u03ba\u03cc \u03bc\u03ad\u03b3\u03b5\u03b8\u03bf\u03c2 (mm)<\/td>\n<td width=\"189\">550*<\/p>\n<p>540*<\/p>\n<p>880*<\/td>\n<td width=\"189\">550*<\/p>\n<p>540*<\/p>\n<p>880*<\/td>\n<\/tr>\n<tr>\n<td width=\"189\">\u039a\u03b1\u03b8\u03b1\u03c1\u03cc \u03b2\u03ac\u03c1\u03bf\u03c2 (kg)<\/td>\n<td width=\"189\">180<\/td>\n<td width=\"189\">180<\/td>\n<\/tr>\n<tr>\n<td width=\"189\">\u039c\u03ad\u03b3\u03b5\u03b8\u03bf\u03c2 \u03c3\u03c5\u03c3\u03ba\u03b5\u03c5\u03b1\u03c3\u03af\u03b1\u03c2 (mm)<\/td>\n<td width=\"189\">770*<\/p>\n<p>630*<\/p>\n<p>1060*<\/td>\n<td width=\"189\">770*<\/p>\n<p>630*<\/p>\n<p>1060*<\/td>\n<\/tr>\n<tr>\n<td width=\"189\">\u0392\u03ac\u03c1\u03bf\u03c2 \u03c3\u03c5\u03c3\u03ba\u03b5\u03c5\u03b1\u03c3\u03af\u03b1\u03c2 (mm)<\/td>\n<td width=\"189\">200<\/td>\n<td width=\"189\">200<\/td>\n<\/tr>\n<\/tbody>\n<\/table>\n<p>&nbsp;<\/p>","protected":false},"excerpt":{"rendered":"<p>\u03a0\u03b1\u03c1\u03bf\u03c5\u03c3\u03b9\u03ac\u03b6\u03bf\u03c5\u03bc\u03b5 \u03c4\u03b7 \u039c\u03b7\u03c7\u03b1\u03bd\u03ae \u03a0\u03b1\u03c1\u03b1\u03c3\u03ba\u03b5\u03c5\u03ae\u03c2 \u0394\u03b9\u03b1\u03c4\u03c1\u03bf\u03c6\u03b9\u03ba\u03ce\u03bd \u03a4\u03b1\u03bc\u03c0\u03bb\u03b5\u03c4\u03ce\u03bd \u03bc\u03b1\u03c2, \u03c3\u03c7\u03b5\u03b4\u03b9\u03b1\u03c3\u03bc\u03ad\u03bd\u03b7 \u03bc\u03b5 \u03c0\u03bb\u03ae\u03c1\u03c9\u03c2 \u03ba\u03bb\u03b5\u03b9\u03c3\u03c4\u03cc \u03c3\u03cd\u03c3\u03c4\u03b7\u03bc\u03b1 \u03ba\u03b1\u03b9 \u03bf\u03c1\u03b3\u03b1\u03bd\u03b9\u03ba\u03cc \u03b3\u03c5\u03b1\u03bb\u03af \u03b3\u03b9\u03b1 \u03c4\u03b7\u03bd \u03b1\u03c0\u03bf\u03c6\u03c5\u03b3\u03ae<\/p>","protected":false},"featured_media":6814,"comment_status":"open","ping_status":"closed","template":"","meta":{"wds_primary_product_brand":0,"wds_primary_product_cat":0},"product_brand":[],"product_cat":[266],"product_tag":[],"class_list":{"0":"post-6813","1":"product","2":"type-product","3":"status-publish","4":"has-post-thumbnail","6":"product_cat-accessories","8":"first","9":"instock","10":"taxable","11":"shipping-taxable","12":"purchasable","13":"product-type-simple"},"yoast_head":"<!-- This site is optimized with the Yoast SEO Premium plugin v24.9 (Yoast SEO v26.1) - https:\/\/yoast.com\/wordpress\/plugins\/seo\/ -->\n<title>MAQUINA COMPACTADORA DE TABLETAS DE NUTRIENTES - distribuci\u00f3n ARC<\/title>\n<meta name=\"robots\" content=\"index, follow, max-snippet:-1, max-image-preview:large, max-video-preview:-1\" \/>\n<link rel=\"canonical\" href=\"https:\/\/distribucionarc.com\/el\/\u03c0\u03c1\u03bf\u03ca\u03cc\u03bd\/\u03bc\u03b7\u03c7\u03ac\u03bd\u03b7\u03bc\u03b1-\u03c3\u03c5\u03bc\u03c0\u03af\u03b5\u03c3\u03b7\u03c2-\u03b8\u03c1\u03b5\u03c0\u03c4\u03b9\u03ba\u03ce\u03bd-\u03c3\u03c5\u03c3\u03c4\u03b1\u03c4\/\" \/>\n<meta property=\"og:locale\" content=\"el_GR\" \/>\n<meta property=\"og:type\" content=\"article\" \/>\n<meta property=\"og:title\" content=\"MAQUINA COMPACTADORA DE TABLETAS DE NUTRIENTES\" \/>\n<meta property=\"og:description\" content=\"Presentamos nuestra M\u00e1quina de Fabricaci\u00f3n de Tabletas Nutritivas, dise\u00f1ada con un sistema completamente cerrado y vidrio org\u00e1nico para prevenir la\" \/>\n<meta property=\"og:url\" content=\"https:\/\/distribucionarc.com\/el\/\u03c0\u03c1\u03bf\u03ca\u03cc\u03bd\/\u03bc\u03b7\u03c7\u03ac\u03bd\u03b7\u03bc\u03b1-\u03c3\u03c5\u03bc\u03c0\u03af\u03b5\u03c3\u03b7\u03c2-\u03b8\u03c1\u03b5\u03c0\u03c4\u03b9\u03ba\u03ce\u03bd-\u03c3\u03c5\u03c3\u03c4\u03b1\u03c4\/\" \/>\n<meta property=\"og:site_name\" content=\"distribuci\u00f3n ARC\" \/>\n<meta property=\"article:modified_time\" content=\"2024-04-25T18:43:19+00:00\" \/>\n<meta property=\"og:image\" content=\"https:\/\/distribucionarc.com\/wp-content\/uploads\/2024\/04\/MAQUINA-COMPACTADORA-DE-TABLETAS-DE-NUTRIENTES.jpg\" \/>\n\t<meta property=\"og:image:width\" content=\"400\" \/>\n\t<meta property=\"og:image:height\" content=\"440\" \/>\n\t<meta property=\"og:image:type\" content=\"image\/jpeg\" \/>\n<meta name=\"twitter:card\" content=\"summary_large_image\" \/>\n<meta name=\"twitter:label1\" content=\"\u0395\u03ba\u03c4\u03b9\u03bc\u03ce\u03bc\u03b5\u03bd\u03bf\u03c2 \u03c7\u03c1\u03cc\u03bd\u03bf\u03c2 \u03b1\u03bd\u03ac\u03b3\u03bd\u03c9\u03c3\u03b7\u03c2\" \/>\n\t<meta name=\"twitter:data1\" content=\"1 \u03bb\u03b5\u03c0\u03c4\u03cc\" \/>\n<script type=\"application\/ld+json\" class=\"yoast-schema-graph\">{\"@context\":\"https:\/\/schema.org\",\"@graph\":[{\"@type\":\"WebPage\",\"@id\":\"https:\/\/distribucionarc.com\/en\/producto\/maquina-compactadora-de-tabletas-de-nutrientes\/\",\"url\":\"https:\/\/distribucionarc.com\/en\/producto\/maquina-compactadora-de-tabletas-de-nutrientes\/\",\"name\":\"MAQUINA COMPACTADORA DE TABLETAS DE NUTRIENTES - distribuci\u00f3n ARC\",\"isPartOf\":{\"@id\":\"https:\/\/www.distribucionarc.com\/sl\/#website\"},\"primaryImageOfPage\":{\"@id\":\"https:\/\/distribucionarc.com\/en\/producto\/maquina-compactadora-de-tabletas-de-nutrientes\/#primaryimage\"},\"image\":{\"@id\":\"https:\/\/distribucionarc.com\/en\/producto\/maquina-compactadora-de-tabletas-de-nutrientes\/#primaryimage\"},\"thumbnailUrl\":\"https:\/\/distribucionarc.com\/wp-content\/uploads\/2024\/04\/MAQUINA-COMPACTADORA-DE-TABLETAS-DE-NUTRIENTES.jpg\",\"datePublished\":\"2024-04-25T18:43:17+00:00\",\"dateModified\":\"2024-04-25T18:43:19+00:00\",\"breadcrumb\":{\"@id\":\"https:\/\/distribucionarc.com\/en\/producto\/maquina-compactadora-de-tabletas-de-nutrientes\/#breadcrumb\"},\"inLanguage\":\"el\",\"potentialAction\":[{\"@type\":\"ReadAction\",\"target\":[\"https:\/\/distribucionarc.com\/en\/producto\/maquina-compactadora-de-tabletas-de-nutrientes\/\"]}]},{\"@type\":\"ImageObject\",\"inLanguage\":\"el\",\"@id\":\"https:\/\/distribucionarc.com\/en\/producto\/maquina-compactadora-de-tabletas-de-nutrientes\/#primaryimage\",\"url\":\"https:\/\/distribucionarc.com\/wp-content\/uploads\/2024\/04\/MAQUINA-COMPACTADORA-DE-TABLETAS-DE-NUTRIENTES.jpg\",\"contentUrl\":\"https:\/\/distribucionarc.com\/wp-content\/uploads\/2024\/04\/MAQUINA-COMPACTADORA-DE-TABLETAS-DE-NUTRIENTES.jpg\",\"width\":400,\"height\":440,\"caption\":\"#image_title\"},{\"@type\":\"BreadcrumbList\",\"@id\":\"https:\/\/distribucionarc.com\/en\/producto\/maquina-compactadora-de-tabletas-de-nutrientes\/#breadcrumb\",\"itemListElement\":[{\"@type\":\"ListItem\",\"position\":1,\"name\":\"Portada\",\"item\":\"https:\/\/www.distribucionarc.com\/\"},{\"@type\":\"ListItem\",\"position\":2,\"name\":\"\u00dcr\u00fcnler\",\"item\":\"https:\/\/www.distribucionarc.com\/tr\/magaza\/\"},{\"@type\":\"ListItem\",\"position\":3,\"name\":\"MAQUINA COMPACTADORA DE TABLETAS DE NUTRIENTES\"}]},{\"@type\":\"WebSite\",\"@id\":\"https:\/\/www.distribucionarc.com\/sl\/#website\",\"url\":\"https:\/\/www.distribucionarc.com\/sl\/\",\"name\":\"distribuci\u00f3n ARC\",\"description\":\"Empresa especializada en la fabricaci\u00f3n y distribuci\u00f3n de maquinaria industrial, selladoras de latas, Maquinas de hacer pastillas, Maquinas de cortar carne...\",\"publisher\":{\"@id\":\"https:\/\/www.distribucionarc.com\/sl\/#organization\"},\"potentialAction\":[{\"@type\":\"SearchAction\",\"target\":{\"@type\":\"EntryPoint\",\"urlTemplate\":\"https:\/\/www.distribucionarc.com\/sl\/?s={search_term_string}\"},\"query-input\":{\"@type\":\"PropertyValueSpecification\",\"valueRequired\":true,\"valueName\":\"search_term_string\"}}],\"inLanguage\":\"el\"},{\"@type\":\"Organization\",\"@id\":\"https:\/\/www.distribucionarc.com\/sl\/#organization\",\"name\":\"Distribuci\u00f3n ARC\",\"url\":\"https:\/\/www.distribucionarc.com\/sl\/\",\"logo\":{\"@type\":\"ImageObject\",\"inLanguage\":\"el\",\"@id\":\"https:\/\/www.distribucionarc.com\/sl\/#\/schema\/logo\/image\/\",\"url\":\"https:\/\/distribucionarc.com\/wp-content\/uploads\/2024\/10\/distribucion-ARC-COLOR-SIN-FONDO-e1732295305345.png\",\"contentUrl\":\"https:\/\/distribucionarc.com\/wp-content\/uploads\/2024\/10\/distribucion-ARC-COLOR-SIN-FONDO-e1732295305345.png\",\"width\":1164,\"height\":558,\"caption\":\"Distribuci\u00f3n ARC\"},\"image\":{\"@id\":\"https:\/\/www.distribucionarc.com\/sl\/#\/schema\/logo\/image\/\"},\"description\":\"Empresa especializada en la fabricaci\u00f3n y distribuci\u00f3n de maquinaria industrial para los sectores alimentario y farmac\u00e9utico. Nos especializamos en: M\u00e1quinas de cortar carne Fabricaci\u00f3n de comprimidos Sistemas de transporte industrial L\u00edneas de embotellado Dosificadores Y mucho m\u00e1s... Ofrecemos soluciones innovadoras y personalizadas para optimizar los procesos productivos de tu empresa.\",\"email\":\"Admistracion@distribucionarc.com\",\"telephone\":\"+34 643496664\",\"legalName\":\"ARC TECH SOLUTIONS\",\"foundingDate\":\"2024-04-09\",\"vatID\":\"B55480172\",\"numberOfEmployees\":{\"@type\":\"QuantitativeValue\",\"minValue\":\"1\",\"maxValue\":\"10\"}}]}<\/script>\n<!-- \/ Yoast SEO Premium plugin. -->","yoast_head_json":{"title":"\u039c\u0397\u03a7\u0391\u039d\u0397 \u03a3\u03a5\u039c\u03a0\u0399\u0395\u03a3\u0397\u03a3 \u0394\u0399\u03a0\u039b\u0395\u03a4\u03a9\u039d \u0398\u03a1\u0395\u03a0\u03a4\u0399\u039a\u03a9\u039d - \u039a\u03b1\u03c4\u03b1\u03bd\u03bf\u03bc\u03ae \u03a4\u039e\u039f\u03a5","robots":{"index":"index","follow":"follow","max-snippet":"max-snippet:-1","max-image-preview":"max-image-preview:large","max-video-preview":"max-video-preview:-1"},"canonical":"https:\/\/distribucionarc.com\/el\/\u03c0\u03c1\u03bf\u03ca\u03cc\u03bd\/\u03bc\u03b7\u03c7\u03ac\u03bd\u03b7\u03bc\u03b1-\u03c3\u03c5\u03bc\u03c0\u03af\u03b5\u03c3\u03b7\u03c2-\u03b8\u03c1\u03b5\u03c0\u03c4\u03b9\u03ba\u03ce\u03bd-\u03c3\u03c5\u03c3\u03c4\u03b1\u03c4\/","og_locale":"el_GR","og_type":"article","og_title":"MAQUINA COMPACTADORA DE TABLETAS DE NUTRIENTES","og_description":"Presentamos nuestra M\u00e1quina de Fabricaci\u00f3n de Tabletas Nutritivas, dise\u00f1ada con un sistema completamente cerrado y vidrio org\u00e1nico para prevenir la","og_url":"https:\/\/distribucionarc.com\/el\/\u03c0\u03c1\u03bf\u03ca\u03cc\u03bd\/\u03bc\u03b7\u03c7\u03ac\u03bd\u03b7\u03bc\u03b1-\u03c3\u03c5\u03bc\u03c0\u03af\u03b5\u03c3\u03b7\u03c2-\u03b8\u03c1\u03b5\u03c0\u03c4\u03b9\u03ba\u03ce\u03bd-\u03c3\u03c5\u03c3\u03c4\u03b1\u03c4\/","og_site_name":"distribuci\u00f3n ARC","article_modified_time":"2024-04-25T18:43:19+00:00","og_image":[{"width":400,"height":440,"url":"https:\/\/distribucionarc.com\/wp-content\/uploads\/2024\/04\/MAQUINA-COMPACTADORA-DE-TABLETAS-DE-NUTRIENTES.jpg","type":"image\/jpeg"}],"twitter_card":"summary_large_image","twitter_misc":{"\u0395\u03ba\u03c4\u03b9\u03bc\u03ce\u03bc\u03b5\u03bd\u03bf\u03c2 \u03c7\u03c1\u03cc\u03bd\u03bf\u03c2 \u03b1\u03bd\u03ac\u03b3\u03bd\u03c9\u03c3\u03b7\u03c2":"1 \u03bb\u03b5\u03c0\u03c4\u03cc"},"schema":{"@context":"https:\/\/schema.org","@graph":[{"@type":"WebPage","@id":"https:\/\/distribucionarc.com\/en\/producto\/maquina-compactadora-de-tabletas-de-nutrientes\/","url":"https:\/\/distribucionarc.com\/en\/producto\/maquina-compactadora-de-tabletas-de-nutrientes\/","name":"\u039c\u0397\u03a7\u0391\u039d\u0397 \u03a3\u03a5\u039c\u03a0\u0399\u0395\u03a3\u0397\u03a3 \u0394\u0399\u03a0\u039b\u0395\u03a4\u03a9\u039d \u0398\u03a1\u0395\u03a0\u03a4\u0399\u039a\u03a9\u039d - \u039a\u03b1\u03c4\u03b1\u03bd\u03bf\u03bc\u03ae \u03a4\u039e\u039f\u03a5","isPartOf":{"@id":"https:\/\/www.distribucionarc.com\/sl\/#website"},"primaryImageOfPage":{"@id":"https:\/\/distribucionarc.com\/en\/producto\/maquina-compactadora-de-tabletas-de-nutrientes\/#primaryimage"},"image":{"@id":"https:\/\/distribucionarc.com\/en\/producto\/maquina-compactadora-de-tabletas-de-nutrientes\/#primaryimage"},"thumbnailUrl":"https:\/\/distribucionarc.com\/wp-content\/uploads\/2024\/04\/MAQUINA-COMPACTADORA-DE-TABLETAS-DE-NUTRIENTES.jpg","datePublished":"2024-04-25T18:43:17+00:00","dateModified":"2024-04-25T18:43:19+00:00","breadcrumb":{"@id":"https:\/\/distribucionarc.com\/en\/producto\/maquina-compactadora-de-tabletas-de-nutrientes\/#breadcrumb"},"inLanguage":"el","potentialAction":[{"@type":"ReadAction","target":["https:\/\/distribucionarc.com\/en\/producto\/maquina-compactadora-de-tabletas-de-nutrientes\/"]}]},{"@type":"ImageObject","inLanguage":"el","@id":"https:\/\/distribucionarc.com\/en\/producto\/maquina-compactadora-de-tabletas-de-nutrientes\/#primaryimage","url":"https:\/\/distribucionarc.com\/wp-content\/uploads\/2024\/04\/MAQUINA-COMPACTADORA-DE-TABLETAS-DE-NUTRIENTES.jpg","contentUrl":"https:\/\/distribucionarc.com\/wp-content\/uploads\/2024\/04\/MAQUINA-COMPACTADORA-DE-TABLETAS-DE-NUTRIENTES.jpg","width":400,"height":440,"caption":"#image_title"},{"@type":"BreadcrumbList","@id":"https:\/\/distribucionarc.com\/en\/producto\/maquina-compactadora-de-tabletas-de-nutrientes\/#breadcrumb","itemListElement":[{"@type":"ListItem","position":1,"name":"Portada","item":"https:\/\/www.distribucionarc.com\/"},{"@type":"ListItem","position":2,"name":"\u00dcr\u00fcnler","item":"https:\/\/www.distribucionarc.com\/tr\/magaza\/"},{"@type":"ListItem","position":3,"name":"MAQUINA COMPACTADORA DE TABLETAS DE NUTRIENTES"}]},{"@type":"WebSite","@id":"https:\/\/www.distribucionarc.com\/sl\/#website","url":"https:\/\/www.distribucionarc.com\/sl\/","name":"\u039a\u03b1\u03c4\u03b1\u03bd\u03bf\u03bc\u03ae ARC","description":"\u0395\u03c4\u03b1\u03b9\u03c1\u03b5\u03af\u03b1 \u03c0\u03bf\u03c5 \u03b5\u03b9\u03b4\u03b9\u03ba\u03b5\u03cd\u03b5\u03c4\u03b1\u03b9 \u03c3\u03c4\u03b7\u03bd \u03ba\u03b1\u03c4\u03b1\u03c3\u03ba\u03b5\u03c5\u03ae \u03ba\u03b1\u03b9 \u03b4\u03b9\u03b1\u03bd\u03bf\u03bc\u03ae \u03b2\u03b9\u03bf\u03bc\u03b7\u03c7\u03b1\u03bd\u03b9\u03ba\u03ce\u03bd \u03bc\u03b7\u03c7\u03b1\u03bd\u03b7\u03bc\u03ac\u03c4\u03c9\u03bd, \u03bc\u03b7\u03c7\u03b1\u03bd\u03ce\u03bd \u03c3\u03c6\u03c1\u03ac\u03b3\u03b9\u03c3\u03b7\u03c2 \u03ba\u03bf\u03bd\u03c3\u03b5\u03c1\u03b2\u03ce\u03bd, \u03bc\u03b7\u03c7\u03b1\u03bd\u03ce\u03bd \u03c0\u03b1\u03c1\u03b1\u03c3\u03ba\u03b5\u03c5\u03ae\u03c2 \u03b4\u03b9\u03c3\u03ba\u03af\u03c9\u03bd, \u03bc\u03b7\u03c7\u03b1\u03bd\u03ce\u03bd \u03ba\u03bf\u03c0\u03ae\u03c2 \u03ba\u03c1\u03ad\u03b1\u03c4\u03bf\u03c2...","publisher":{"@id":"https:\/\/www.distribucionarc.com\/sl\/#organization"},"potentialAction":[{"@type":"SearchAction","target":{"@type":"EntryPoint","urlTemplate":"https:\/\/www.distribucionarc.com\/sl\/?s={search_term_string}"},"query-input":{"@type":"PropertyValueSpecification","valueRequired":true,"valueName":"search_term_string"}}],"inLanguage":"el"},{"@type":"Organization","@id":"https:\/\/www.distribucionarc.com\/sl\/#organization","name":"\u0394\u03b9\u03b1\u03bd\u03bf\u03bc\u03ae ARC","url":"https:\/\/www.distribucionarc.com\/sl\/","logo":{"@type":"ImageObject","inLanguage":"el","@id":"https:\/\/www.distribucionarc.com\/sl\/#\/schema\/logo\/image\/","url":"https:\/\/distribucionarc.com\/wp-content\/uploads\/2024\/10\/distribucion-ARC-COLOR-SIN-FONDO-e1732295305345.png","contentUrl":"https:\/\/distribucionarc.com\/wp-content\/uploads\/2024\/10\/distribucion-ARC-COLOR-SIN-FONDO-e1732295305345.png","width":1164,"height":558,"caption":"Distribuci\u00f3n ARC"},"image":{"@id":"https:\/\/www.distribucionarc.com\/sl\/#\/schema\/logo\/image\/"},"description":"\u0395\u03c4\u03b1\u03b9\u03c1\u03b5\u03af\u03b1 \u03c0\u03bf\u03c5 \u03b5\u03b9\u03b4\u03b9\u03ba\u03b5\u03cd\u03b5\u03c4\u03b1\u03b9 \u03c3\u03c4\u03b7\u03bd \u03ba\u03b1\u03c4\u03b1\u03c3\u03ba\u03b5\u03c5\u03ae \u03ba\u03b1\u03b9 \u03b4\u03b9\u03b1\u03bd\u03bf\u03bc\u03ae \u03b2\u03b9\u03bf\u03bc\u03b7\u03c7\u03b1\u03bd\u03b9\u03ba\u03ce\u03bd \u03bc\u03b7\u03c7\u03b1\u03bd\u03b7\u03bc\u03ac\u03c4\u03c9\u03bd \u03b3\u03b9\u03b1 \u03c4\u03bf\u03bd \u03c4\u03bf\u03bc\u03ad\u03b1 \u03c4\u03c9\u03bd \u03c4\u03c1\u03bf\u03c6\u03af\u03bc\u03c9\u03bd \u03ba\u03b1\u03b9 \u03c4\u03c9\u03bd \u03c6\u03b1\u03c1\u03bc\u03ac\u03ba\u03c9\u03bd. \u0395\u03be\u03b5\u03b9\u03b4\u03b9\u03ba\u03b5\u03c5\u03cc\u03bc\u03b1\u03c3\u03c4\u03b5 \u03c3\u03b5: \u0393\u03c1\u03b1\u03bc\u03bc\u03ad\u03c2 \u03b5\u03bc\u03c6\u03b9\u03ac\u03bb\u03c9\u03c3\u03b7\u03c2 \u0394\u03bf\u03c3\u03bf\u03bc\u03b5\u03c4\u03c1\u03b9\u03ba\u03ad\u03c2 \u03bc\u03b7\u03c7\u03b1\u03bd\u03ad\u03c2 \u039a\u03b1\u03b9 \u03c0\u03bf\u03bb\u03bb\u03ac \u03ac\u03bb\u03bb\u03b1... \u03a0\u03c1\u03bf\u03c3\u03c6\u03ad\u03c1\u03bf\u03c5\u03bc\u03b5 \u03ba\u03b1\u03b9\u03bd\u03bf\u03c4\u03cc\u03bc\u03b5\u03c2 \u03ba\u03b1\u03b9 \u03b5\u03be\u03b1\u03c4\u03bf\u03bc\u03b9\u03ba\u03b5\u03c5\u03bc\u03ad\u03bd\u03b5\u03c2 \u03bb\u03cd\u03c3\u03b5\u03b9\u03c2 \u03b3\u03b9\u03b1 \u03c4\u03b7 \u03b2\u03b5\u03bb\u03c4\u03b9\u03c3\u03c4\u03bf\u03c0\u03bf\u03af\u03b7\u03c3\u03b7 \u03c4\u03c9\u03bd \u03c0\u03b1\u03c1\u03b1\u03b3\u03c9\u03b3\u03b9\u03ba\u03ce\u03bd \u03b4\u03b9\u03b1\u03b4\u03b9\u03ba\u03b1\u03c3\u03b9\u03ce\u03bd \u03c4\u03b7\u03c2 \u03b5\u03c4\u03b1\u03b9\u03c1\u03b5\u03af\u03b1\u03c2 \u03c3\u03b1\u03c2.","email":"Admistracion@distribucionarc.com","telephone":"+34 643496664","legalName":"ARC TECH SOLUTIONS","foundingDate":"2024-04-09","vatID":"B55480172","numberOfEmployees":{"@type":"QuantitativeValue","minValue":"1","maxValue":"10"}}]}},"_links":{"self":[{"href":"https:\/\/distribucionarc.com\/el\/wp-json\/wp\/v2\/product\/6813","targetHints":{"allow":["GET"]}}],"collection":[{"href":"https:\/\/distribucionarc.com\/el\/wp-json\/wp\/v2\/product"}],"about":[{"href":"https:\/\/distribucionarc.com\/el\/wp-json\/wp\/v2\/types\/product"}],"replies":[{"embeddable":true,"href":"https:\/\/distribucionarc.com\/el\/wp-json\/wp\/v2\/comments?post=6813"}],"version-history":[{"count":0,"href":"https:\/\/distribucionarc.com\/el\/wp-json\/wp\/v2\/product\/6813\/revisions"}],"wp:featuredmedia":[{"embeddable":true,"href":"https:\/\/distribucionarc.com\/el\/wp-json\/wp\/v2\/media\/6814"}],"wp:attachment":[{"href":"https:\/\/distribucionarc.com\/el\/wp-json\/wp\/v2\/media?parent=6813"}],"wp:term":[{"taxonomy":"product_brand","embeddable":true,"href":"https:\/\/distribucionarc.com\/el\/wp-json\/wp\/v2\/product_brand?post=6813"},{"taxonomy":"product_cat","embeddable":true,"href":"https:\/\/distribucionarc.com\/el\/wp-json\/wp\/v2\/product_cat?post=6813"},{"taxonomy":"product_tag","embeddable":true,"href":"https:\/\/distribucionarc.com\/el\/wp-json\/wp\/v2\/product_tag?post=6813"}],"curies":[{"name":"wp","href":"https:\/\/api.w.org\/{rel}","templated":true}]}}