{"id":6848,"date":"2024-04-26T15:41:34","date_gmt":"2024-04-26T15:41:34","guid":{"rendered":"https:\/\/distribucionarc.com\/?post_type=product&#038;p=6848"},"modified":"2024-08-09T23:22:02","modified_gmt":"2024-08-09T23:22:02","slug":"%ce%bc%ce%bf%ce%bd%cf%8c%cf%87%cf%81%ce%bf%ce%bd%ce%bf-%cf%80%cf%81%ce%bf%ce%b2%ce%b9%ce%bf%cf%84%ce%b9%ce%ba%cf%8c-%cf%80%cf%81%ce%b5%cf%83%ce%b1%cf%81%ce%b9%cf%83%cf%84%cf%8c","status":"publish","type":"product","link":"https:\/\/distribucionarc.com\/el\/producto\/prensadora-de-un-solo-golpe-de-probioticos\/","title":{"rendered":"ONE PUNCH PROBIOTIC PRESSER"},"content":{"rendered":"<p>\u03a0\u03b1\u03c1\u03bf\u03c5\u03c3\u03b9\u03ac\u03b6\u03bf\u03bd\u03c4\u03b1\u03c2 \u03c4\u03bf \u03a0<strong>TDP One-Hit Tablets rensa<\/strong>, \u03b4\u03b9\u03b1\u03b8\u03ad\u03c3\u03b9\u03bc\u03bf \u03c3\u03b5 \u03bc\u03b9\u03b1 \u03c0\u03bf\u03b9\u03ba\u03b9\u03bb\u03af\u03b1 \u03bc\u03bf\u03bd\u03c4\u03ad\u03bb\u03c9\u03bd \u03c3\u03c5\u03bc\u03c0\u03b5\u03c1\u03b9\u03bb\u03b1\u03bc\u03b2\u03b1\u03bd\u03bf\u03bc\u03ad\u03bd\u03c9\u03bd<strong> TDP-1, TDP-1.5, TDP-2, TDP-5 \u03ba\u03b1\u03b9 TDP-6<\/strong>, \u03bc\u03b5 \u03b5\u03c0\u03b9\u03bb\u03bf\u03b3\u03ad\u03c2 <strong>\u03c7\u03b5\u03b9\u03c1\u03bf\u03ba\u03af\u03bd\u03b7\u03c4\u03bf, \u03b7\u03bc\u03b9\u03b1\u03c5\u03c4\u03cc\u03bc\u03b1\u03c4\u03bf \u03ba\u03b1\u03b9 \u03b1\u03c5\u03c4\u03cc\u03bc\u03b1\u03c4\u03bf.<\/strong> \u0391\u03c5\u03c4\u03cc \u03c4\u03bf \u03b5\u03c5\u03ad\u03bb\u03b9\u03ba\u03c4\u03bf \u03bc\u03b7\u03c7\u03ac\u03bd\u03b7\u03bc\u03b1 \u03b5\u03af\u03bd\u03b1\u03b9 \u03b1\u03c0\u03b1\u03c1\u03b1\u03af\u03c4\u03b7\u03c4\u03bf \u03c3\u03c4\u03bf <strong>\u03c0\u03b1\u03c1\u03b1\u03b3\u03c9\u03b3\u03ae \u03c6\u03b1\u03c1\u03bc\u03b1\u03ba\u03b5\u03c5\u03c4\u03b9\u03ba\u03ce\u03bd \u03c0\u03c1\u03bf\u03b2\u03b9\u03bf\u03c4\u03b9\u03ba\u03ce\u03bd \u03b4\u03b9\u03c3\u03ba\u03af\u03c9\u03bd<\/strong> \u03b1\u03c0\u03cc \u03be\u03b7\u03c1\u03ad\u03c2 \u03c3\u03ba\u03cc\u03bd\u03b5\u03c2 \u03ba\u03b1\u03b9 \u03ba\u03cc\u03ba\u03ba\u03bf\u03c5\u03c2. \u039c\u03b5 \u03b4\u03c5\u03bd\u03b1\u03c4\u03cc\u03c4\u03b7\u03c4\u03b1 \u03c0\u03b1\u03c1\u03b1\u03b3\u03c9\u03b3\u03ae\u03c2 tablet \u03bc\u03b5 \u03b4\u03b9\u03ac\u03bc\u03b5\u03c4\u03c1\u03bf \u03ad\u03c9\u03c2 25 mm, \u03c4\u03bf TDP Press \u03c0\u03c1\u03bf\u03c3\u03c6\u03ad\u03c1\u03b5\u03b9 \u03b5\u03be\u03b1\u03b9\u03c1\u03b5\u03c4\u03b9\u03ba\u03ae \u03b1\u03ba\u03c1\u03af\u03b2\u03b5\u03b9\u03b1 \u03ba\u03b1\u03b9 \u03b1\u03c0\u03bf\u03c4\u03b5\u03bb\u03b5\u03c3\u03bc\u03b1\u03c4\u03b9\u03ba\u03cc\u03c4\u03b7\u03c4\u03b1 \u03c3\u03b5 \u03ba\u03ac\u03b8\u03b5 \u03c7\u03c4\u03cd\u03c0\u03b7\u03bc\u03b1. \u039f \u03b7\u03bb\u03b5\u03ba\u03c4\u03c1\u03b9\u03ba\u03cc\u03c2 \u03c3\u03c7\u03b5\u03b4\u03b9\u03b1\u03c3\u03bc\u03cc\u03c2 \u03c4\u03bf\u03c5 \u03c3\u03b5 \u03b7\u03bc\u03b9\u03b1\u03c5\u03c4\u03cc\u03bc\u03b1\u03c4\u03b5\u03c2 \u03ba\u03b1\u03b9 \u03b1\u03c5\u03c4\u03cc\u03bc\u03b1\u03c4\u03b5\u03c2 \u03b5\u03ba\u03b4\u03cc\u03c3\u03b5\u03b9\u03c2 \u03b5\u03be\u03b1\u03c3\u03c6\u03b1\u03bb\u03af\u03b6\u03b5\u03b9 \u03bf\u03bc\u03b1\u03bb\u03ae \u03ba\u03b1\u03b9 \u03b1\u03be\u03b9\u03cc\u03c0\u03b9\u03c3\u03c4\u03b7 \u03bb\u03b5\u03b9\u03c4\u03bf\u03c5\u03c1\u03b3\u03af\u03b1, \u03b5\u03bd\u03ce \u03b7 \u03c7\u03b5\u03b9\u03c1\u03bf\u03ba\u03af\u03bd\u03b7\u03c4\u03b7 \u03ad\u03ba\u03b4\u03bf\u03c3\u03b7 \u03c0\u03b1\u03c1\u03ad\u03c7\u03b5\u03b9 \u03c0\u03bb\u03ae\u03c1\u03b7 \u03ad\u03bb\u03b5\u03b3\u03c7\u03bf \u03c3\u03c4\u03bf\u03bd \u03c7\u03c1\u03ae\u03c3\u03c4\u03b7. \u0395\u03c0\u03b9\u03c0\u03bb\u03ad\u03bf\u03bd, \u03c4\u03bf TDP Press \u03b4\u03b9\u03b1\u03b8\u03ad\u03c4\u03b5\u03b9 \u03b1\u03bd\u03c4\u03b9\u03ba\u03b1\u03c4\u03b1\u03c3\u03c4\u03ac\u03c3\u03b9\u03bc\u03bf \u03ba\u03b1\u03bb\u03bf\u03cd\u03c0\u03b9, \u03ba\u03b1\u03b8\u03b9\u03c3\u03c4\u03ce\u03bd\u03c4\u03b1\u03c2 \u03b5\u03cd\u03ba\u03bf\u03bb\u03b7 \u03c4\u03b7\u03bd \u03c0\u03c1\u03bf\u03c3\u03b1\u03c1\u03bc\u03bf\u03b3\u03ae \u03c3\u03b5 \u03b4\u03b9\u03b1\u03c6\u03bf\u03c1\u03b5\u03c4\u03b9\u03ba\u03ac \u03c3\u03c7\u03ae\u03bc\u03b1\u03c4\u03b1 \u03ba\u03b1\u03b9 \u03bc\u03b5\u03b3\u03ad\u03b8\u03b7 tablet \u03b1\u03bd\u03ac\u03bb\u03bf\u03b3\u03b1 \u03bc\u03b5 \u03c4\u03b9\u03c2 \u03b1\u03bd\u03ac\u03b3\u03ba\u03b5\u03c2 \u03c4\u03bf\u03c5 \u03c7\u03c1\u03ae\u03c3\u03c4\u03b7. \u0391\u03c5\u03c4\u03cc \u03c4\u03bf \u03ba\u03b1\u03b8\u03b9\u03c3\u03c4\u03ac \u03ad\u03bd\u03b1 \u03b5\u03be\u03b1\u03b9\u03c1\u03b5\u03c4\u03b9\u03ba\u03ac \u03c0\u03c1\u03bf\u03c3\u03b1\u03c1\u03bc\u03cc\u03c3\u03b9\u03bc\u03bf \u03b5\u03c1\u03b3\u03b1\u03bb\u03b5\u03af\u03bf \u03b3\u03b9\u03b1 \u03bd\u03b1 \u03ba\u03b1\u03bb\u03cd\u03c8\u03b5\u03b9 \u03ad\u03bd\u03b1 \u03b5\u03c5\u03c1\u03cd \u03c6\u03ac\u03c3\u03bc\u03b1 \u03b1\u03c0\u03b1\u03b9\u03c4\u03ae\u03c3\u03b5\u03c9\u03bd \u03c0\u03b1\u03c1\u03b1\u03b3\u03c9\u03b3\u03ae\u03c2. \u0391\u03bd\u03b1\u03ba\u03b1\u03bb\u03cd\u03c8\u03c4\u03b5 \u03c4\u03b7\u03bd \u03c4\u03b5\u03bb\u03b5\u03b9\u03cc\u03c4\u03b7\u03c4\u03b1 \u03c3\u03b5<strong> \u03c0\u03b1\u03c1\u03b1\u03b3\u03c9\u03b3\u03ae \u03c0\u03c1\u03bf\u03b2\u03b9\u03bf\u03c4\u03b9\u03ba\u03ce\u03bd \u03c6\u03b1\u03c1\u03bc\u03b1\u03ba\u03b5\u03c5\u03c4\u03b9\u03ba\u03ce\u03bd \u03b4\u03b9\u03c3\u03ba\u03af\u03c9\u03bd<\/strong> \u03bc\u03b5 \u03c4\u03bf <strong>TDP Tablet Press<\/strong>, \u03bc\u03b9\u03b1 \u03bf\u03c5\u03c3\u03b9\u03b1\u03c3\u03c4\u03b9\u03ba\u03ae \u03b5\u03c0\u03ad\u03bd\u03b4\u03c5\u03c3\u03b7 \u03b3\u03b9\u03b1 \u03b5\u03c1\u03b3\u03b1\u03c3\u03c4\u03ae\u03c1\u03b9\u03b1 \u03ba\u03b1\u03b9 \u03c6\u03b1\u03c1\u03bc\u03b1\u03ba\u03b5\u03c5\u03c4\u03b9\u03ba\u03ad\u03c2 \u03b5\u03c4\u03b1\u03b9\u03c1\u03b5\u03af\u03b5\u03c2 \u03c0\u03bf\u03c5 \u03b1\u03bd\u03b1\u03b6\u03b7\u03c4\u03bf\u03cd\u03bd \u03c0\u03bf\u03b9\u03cc\u03c4\u03b7\u03c4\u03b1, \u03b1\u03ba\u03c1\u03af\u03b2\u03b5\u03b9\u03b1 \u03ba\u03b1\u03b9 \u03b5\u03c5\u03b5\u03bb\u03b9\u03be\u03af\u03b1 \u03c3\u03c4\u03b7 \u03b4\u03b9\u03b1\u03b4\u03b9\u03ba\u03b1\u03c3\u03af\u03b1 \u03c0\u03b1\u03c1\u03b1\u03b3\u03c9\u03b3\u03ae\u03c2 \u03c4\u03bf\u03c5\u03c2.<\/p>\n<p>&nbsp;<\/p>\n<table>\n<tbody>\n<tr>\n<td width=\"81\">\u039c\u03bf\u03bd\u03c4\u03ad\u03bb\u03bf<\/td>\n<td width=\"81\">TARDP-0<\/td>\n<td width=\"81\">TARDP-1<\/td>\n<td width=\"81\">TARDP-1,5<\/td>\n<td width=\"81\">TARDP-2 (\u03ad\u03bb\u03b5\u03b3\u03c7\u03bf\u03c2 \u03c3\u03c5\u03c7\u03bd\u03cc\u03c4\u03b7\u03c4\u03b1\u03c2)<\/td>\n<td width=\"81\">TARDP-5<\/td>\n<td width=\"81\">TARDP-6<\/td>\n<\/tr>\n<tr>\n<td width=\"81\">\u03a0\u03b1\u03b9\u03c7\u03bd\u03af\u03b4\u03b9<\/td>\n<td width=\"81\">1<\/td>\n<td width=\"81\">1<\/td>\n<td width=\"81\">1<\/td>\n<td width=\"81\">1<\/td>\n<td width=\"81\">1<\/td>\n<td width=\"81\">1<\/td>\n<\/tr>\n<tr>\n<td width=\"81\">\u039c\u03ad\u03b3\u03b9\u03c3\u03c4\u03b7 \u03c0\u03af\u03b5\u03c3\u03b7 (\u03c4\u03cc\u03bd\u03bf\u03b9)<\/td>\n<td width=\"81\">15<\/td>\n<td width=\"81\">15<\/td>\n<td width=\"81\">15<\/td>\n<td width=\"81\">15<\/td>\n<td width=\"81\">50<\/td>\n<td width=\"81\">60<\/td>\n<\/tr>\n<tr>\n<td width=\"81\">\u0394\u03b9\u03ac\u03bc\u03b5\u03c4\u03c1\u03bf\u03c2 tablet (mm)<\/td>\n<td width=\"81\">12<\/td>\n<td width=\"81\">12<\/td>\n<td width=\"81\">3-12<\/td>\n<td width=\"81\">12<\/td>\n<td width=\"81\">5-18<\/td>\n<td width=\"81\">25<\/td>\n<\/tr>\n<tr>\n<td width=\"81\">\u039c\u03ad\u03b3\u03b9\u03c3\u03c4\u03bf \u03b2\u03ac\u03b8\u03bf\u03c2 \u03b3\u03ad\u03bc\u03b9\u03c3\u03b7 (mm)<\/td>\n<td width=\"81\">12<\/td>\n<td width=\"81\">12<\/td>\n<td width=\"81\">0-12<\/td>\n<td width=\"81\">12<\/td>\n<td width=\"81\">18<\/td>\n<td width=\"81\">16<\/td>\n<\/tr>\n<tr>\n<td width=\"81\">\u039c\u03ad\u03b3\u03b9\u03c3\u03c4\u03bf \u03c0\u03ac\u03c7\u03bf\u03c2 \u03c4\u03b1\u03bc\u03c0\u03bb\u03ad\u03c4\u03b1\u03c2 (\u03c7\u03b9\u03bb\u03b9\u03bf\u03c3\u03c4\u03ac)<\/td>\n<td width=\"81\">6<\/td>\n<td width=\"81\">6<\/td>\n<td width=\"81\">0-6<\/td>\n<td width=\"81\">6<\/td>\n<td width=\"81\">7<\/td>\n<td width=\"81\">6<\/td>\n<\/tr>\n<tr>\n<td width=\"81\">\u0394\u03c5\u03bd\u03b1\u03c4\u03cc\u03c4\u03b7\u03c4\u03b1 \u03c0\u03b1\u03c1\u03b1\u03b3\u03c9\u03b3\u03ae\u03c2 (\u03c4\u03b5\u03bc\u03ac\u03c7\u03b9\u03b1\/\u03ce\u03c1\u03b1)<\/td>\n<td width=\"81\">2000<\/td>\n<td width=\"81\">4000<\/td>\n<td width=\"81\">6000<\/td>\n<td width=\"81\">4000<\/td>\n<td width=\"81\">4000<\/td>\n<td width=\"81\">3500<\/td>\n<\/tr>\n<tr>\n<td width=\"81\">\u0399\u03c3\u03c7\u03cd\u03c2 \u03ba\u03b9\u03bd\u03b7\u03c4\u03ae\u03c1\u03b1 (kw)<\/td>\n<td width=\"81\">\u00a0\u00a0\u00a0\u00a0\u00a0\u00a0\u00a0\u00a0 \/<\/td>\n<td width=\"81\">0.75<\/td>\n<td width=\"81\">0.37<\/td>\n<td width=\"81\">0.75<\/td>\n<td width=\"81\">0.75<\/td>\n<td width=\"81\">\u039c\u03bf\u03bd\u03bf\u03c6\u03b1\u03c3\u03b9\u03ba\u03cc1.5<\/p>\n<p>\u03a4\u03c1\u03b9\u03c6\u03b1\u03c3\u03b9\u03ba\u03cc0,75<\/td>\n<\/tr>\n<tr>\n<td width=\"81\">\u03a3\u03c5\u03bd\u03bf\u03bb\u03b9\u03ba\u03cc \u03bc\u03ad\u03b3\u03b5\u03b8\u03bf\u03c2 (mm)<\/td>\n<td width=\"81\">350*<\/p>\n<p>220*<\/p>\n<p>520*<\/td>\n<td width=\"81\">480*<\/p>\n<p>420*<\/p>\n<p>650*<\/td>\n<td width=\"81\">650*<\/p>\n<p>330*<\/p>\n<p>620*<\/td>\n<td width=\"81\">480*<\/p>\n<p>430*<\/p>\n<p>650*<\/td>\n<td width=\"81\">700*<\/p>\n<p>340*<\/p>\n<p>600*<\/td>\n<td width=\"81\">780*<\/p>\n<p>450*<\/p>\n<p>690*<\/td>\n<\/tr>\n<tr>\n<td width=\"81\">\u039a\u03b1\u03b8\u03b1\u03c1\u03cc \u03b2\u03ac\u03c1\u03bf\u03c2 (kg)<\/td>\n<td width=\"81\">21<\/td>\n<td width=\"81\">40<\/td>\n<td width=\"81\">45<\/td>\n<td width=\"81\">45<\/td>\n<td width=\"81\">110<\/td>\n<td width=\"81\">150<\/td>\n<\/tr>\n<\/tbody>\n<\/table>","protected":false},"excerpt":{"rendered":"<p>\u03a0\u03b1\u03c1\u03bf\u03c5\u03c3\u03b9\u03ac\u03b6\u03bf\u03c5\u03bc\u03b5 \u03c4\u03b7\u03bd \u03c0\u03c1\u03ad\u03c3\u03b1 \u03b4\u03b9\u03c3\u03ba\u03af\u03c9\u03bd \u03bc\u03bf\u03bd\u03ae\u03c2 \u03b4\u03b9\u03ac\u03c4\u03c1\u03b7\u03c3\u03b7\u03c2 TDP, \u03b7 \u03bf\u03c0\u03bf\u03af\u03b1 \u03b4\u03b9\u03b1\u03c4\u03af\u03b8\u03b5\u03c4\u03b1\u03b9 \u03c3\u03b5 \u03bc\u03b9\u03b1 \u03c0\u03bf\u03b9\u03ba\u03b9\u03bb\u03af\u03b1 \u03bc\u03bf\u03bd\u03c4\u03ad\u03bb\u03c9\u03bd, \u03cc\u03c0\u03c9\u03c2 TDP-1, TDP-1.5,<\/p>","protected":false},"featured_media":6856,"comment_status":"open","ping_status":"closed","template":"","meta":{"wds_primary_product_brand":0,"wds_primary_product_cat":0},"product_brand":[],"product_cat":[84],"product_tag":[],"class_list":{"0":"post-6848","1":"product","2":"type-product","3":"status-publish","4":"has-post-thumbnail","6":"product_cat-maquinas-para-hacer-pastillas","8":"first","9":"instock","10":"taxable","11":"shipping-taxable","12":"purchasable","13":"product-type-simple"},"yoast_head":"<!-- This site is optimized with the Yoast SEO Premium plugin v24.9 (Yoast SEO v26.1) - https:\/\/yoast.com\/wordpress\/plugins\/seo\/ -->\n<title>PRENSADORA DE UN SOLO GOLPE DE PROBIOTICOS - distribuci\u00f3n ARC<\/title>\n<meta name=\"robots\" content=\"index, follow, max-snippet:-1, max-image-preview:large, max-video-preview:-1\" \/>\n<link rel=\"canonical\" href=\"https:\/\/jagdesd.tempurl.host\/bg\/producto\/prensadora-de-un-solo-golpe-de-probioticos\/\" \/>\n<meta property=\"og:locale\" content=\"el_GR\" \/>\n<meta property=\"og:type\" content=\"article\" \/>\n<meta property=\"og:title\" content=\"PRENSADORA DE UN SOLO GOLPE DE PROBIOTICOS\" \/>\n<meta property=\"og:description\" content=\"Presentamos la Prensa de Tabletas de un Solo Golpe TDP, disponible en una variedad de modelos que incluyen TDP-1, TDP-1.5,\" \/>\n<meta property=\"og:url\" content=\"https:\/\/jagdesd.tempurl.host\/bg\/producto\/prensadora-de-un-solo-golpe-de-probioticos\/\" \/>\n<meta property=\"og:site_name\" content=\"distribuci\u00f3n ARC\" \/>\n<meta property=\"article:modified_time\" content=\"2024-08-09T23:22:02+00:00\" \/>\n<meta property=\"og:image\" content=\"https:\/\/jagdesd.tempurl.host\/wp-content\/uploads\/2024\/04\/PRENSADORA-DE-UN-SOLO-GOLPE-DE-PROBIOTICOS-1.jpg\" \/>\n\t<meta property=\"og:image:width\" content=\"2016\" \/>\n\t<meta property=\"og:image:height\" content=\"328\" \/>\n\t<meta property=\"og:image:type\" content=\"image\/jpeg\" \/>\n<meta name=\"twitter:card\" content=\"summary_large_image\" \/>\n<meta name=\"twitter:label1\" content=\"\u0395\u03ba\u03c4\u03b9\u03bc\u03ce\u03bc\u03b5\u03bd\u03bf\u03c2 \u03c7\u03c1\u03cc\u03bd\u03bf\u03c2 \u03b1\u03bd\u03ac\u03b3\u03bd\u03c9\u03c3\u03b7\u03c2\" \/>\n\t<meta name=\"twitter:data1\" content=\"1 \u03bb\u03b5\u03c0\u03c4\u03cc\" \/>\n<script type=\"application\/ld+json\" class=\"yoast-schema-graph\">{\"@context\":\"https:\/\/schema.org\",\"@graph\":[{\"@type\":\"WebPage\",\"@id\":\"https:\/\/jagdesd.tempurl.host\/bg\/producto\/prensadora-de-un-solo-golpe-de-probioticos\/\",\"url\":\"https:\/\/jagdesd.tempurl.host\/bg\/producto\/prensadora-de-un-solo-golpe-de-probioticos\/\",\"name\":\"PRENSADORA DE UN SOLO GOLPE DE PROBIOTICOS - distribuci\u00f3n ARC\",\"isPartOf\":{\"@id\":\"https:\/\/distribucionarc.com\/ar\/#website\"},\"primaryImageOfPage\":{\"@id\":\"https:\/\/jagdesd.tempurl.host\/bg\/producto\/prensadora-de-un-solo-golpe-de-probioticos\/#primaryimage\"},\"image\":{\"@id\":\"https:\/\/jagdesd.tempurl.host\/bg\/producto\/prensadora-de-un-solo-golpe-de-probioticos\/#primaryimage\"},\"thumbnailUrl\":\"https:\/\/distribucionarc.com\/wp-content\/uploads\/2024\/04\/PRENSADORA-DE-UN-SOLO-GOLPE-DE-PROBIOTICOS-1.jpg\",\"datePublished\":\"2024-04-26T15:41:34+00:00\",\"dateModified\":\"2024-08-09T23:22:02+00:00\",\"breadcrumb\":{\"@id\":\"https:\/\/jagdesd.tempurl.host\/bg\/producto\/prensadora-de-un-solo-golpe-de-probioticos\/#breadcrumb\"},\"inLanguage\":\"el\",\"potentialAction\":[{\"@type\":\"ReadAction\",\"target\":[\"https:\/\/jagdesd.tempurl.host\/bg\/producto\/prensadora-de-un-solo-golpe-de-probioticos\/\"]}]},{\"@type\":\"ImageObject\",\"inLanguage\":\"el\",\"@id\":\"https:\/\/jagdesd.tempurl.host\/bg\/producto\/prensadora-de-un-solo-golpe-de-probioticos\/#primaryimage\",\"url\":\"https:\/\/distribucionarc.com\/wp-content\/uploads\/2024\/04\/PRENSADORA-DE-UN-SOLO-GOLPE-DE-PROBIOTICOS-1.jpg\",\"contentUrl\":\"https:\/\/distribucionarc.com\/wp-content\/uploads\/2024\/04\/PRENSADORA-DE-UN-SOLO-GOLPE-DE-PROBIOTICOS-1.jpg\",\"width\":2016,\"height\":328,\"caption\":\"#image_title\"},{\"@type\":\"BreadcrumbList\",\"@id\":\"https:\/\/jagdesd.tempurl.host\/bg\/producto\/prensadora-de-un-solo-golpe-de-probioticos\/#breadcrumb\",\"itemListElement\":[{\"@type\":\"ListItem\",\"position\":1,\"name\":\"Portada\",\"item\":\"https:\/\/www.distribucionarc.com\/pt\/\"},{\"@type\":\"ListItem\",\"position\":2,\"name\":\"Produtos\",\"item\":\"https:\/\/www.distribucionarc.com\/pt\/shop\/\"},{\"@type\":\"ListItem\",\"position\":3,\"name\":\"PRENSADORA DE UN SOLO GOLPE DE PROBIOTICOS\"}]},{\"@type\":\"WebSite\",\"@id\":\"https:\/\/distribucionarc.com\/ar\/#website\",\"url\":\"https:\/\/distribucionarc.com\/ar\/\",\"name\":\"distribuci\u00f3n ARC\",\"description\":\"Empresa especializada en la fabricaci\u00f3n y distribuci\u00f3n de maquinaria industrial, selladoras de latas, Maquinas de hacer pastillas, Maquinas de cortar carne...\",\"publisher\":{\"@id\":\"https:\/\/distribucionarc.com\/ar\/#organization\"},\"potentialAction\":[{\"@type\":\"SearchAction\",\"target\":{\"@type\":\"EntryPoint\",\"urlTemplate\":\"https:\/\/distribucionarc.com\/ar\/?s={search_term_string}\"},\"query-input\":{\"@type\":\"PropertyValueSpecification\",\"valueRequired\":true,\"valueName\":\"search_term_string\"}}],\"inLanguage\":\"el\"},{\"@type\":\"Organization\",\"@id\":\"https:\/\/distribucionarc.com\/ar\/#organization\",\"name\":\"Distribuci\u00f3n ARC\",\"url\":\"https:\/\/distribucionarc.com\/ar\/\",\"logo\":{\"@type\":\"ImageObject\",\"inLanguage\":\"el\",\"@id\":\"https:\/\/distribucionarc.com\/ar\/#\/schema\/logo\/image\/\",\"url\":\"https:\/\/distribucionarc.com\/wp-content\/uploads\/2024\/10\/distribucion-ARC-COLOR-SIN-FONDO-e1732295305345.png\",\"contentUrl\":\"https:\/\/distribucionarc.com\/wp-content\/uploads\/2024\/10\/distribucion-ARC-COLOR-SIN-FONDO-e1732295305345.png\",\"width\":1164,\"height\":558,\"caption\":\"Distribuci\u00f3n ARC\"},\"image\":{\"@id\":\"https:\/\/distribucionarc.com\/ar\/#\/schema\/logo\/image\/\"},\"description\":\"Empresa especializada en la fabricaci\u00f3n y distribuci\u00f3n de maquinaria industrial para los sectores alimentario y farmac\u00e9utico. Nos especializamos en: M\u00e1quinas de cortar carne Fabricaci\u00f3n de comprimidos Sistemas de transporte industrial L\u00edneas de embotellado Dosificadores Y mucho m\u00e1s... Ofrecemos soluciones innovadoras y personalizadas para optimizar los procesos productivos de tu empresa.\",\"email\":\"Admistracion@distribucionarc.com\",\"telephone\":\"+34 643496664\",\"legalName\":\"ARC TECH SOLUTIONS\",\"foundingDate\":\"2024-04-09\",\"vatID\":\"B55480172\",\"numberOfEmployees\":{\"@type\":\"QuantitativeValue\",\"minValue\":\"1\",\"maxValue\":\"10\"}}]}<\/script>\n<!-- \/ Yoast SEO Premium plugin. -->","yoast_head_json":{"title":"\u03a0\u03a1\u0395\u03a3\u03a4\u0397 \u03a0\u03a1\u039f\u0392\u0399\u039f\u03a4\u0399\u039a\u03a9\u039d SINGLE PUNCH - \u03b4\u03b9\u03b1\u03bd\u03bf\u03bc\u03ae ARC","robots":{"index":"index","follow":"follow","max-snippet":"max-snippet:-1","max-image-preview":"max-image-preview:large","max-video-preview":"max-video-preview:-1"},"canonical":"https:\/\/jagdesd.tempurl.host\/bg\/producto\/prensadora-de-un-solo-golpe-de-probioticos\/","og_locale":"el_GR","og_type":"article","og_title":"PRENSADORA DE UN SOLO GOLPE DE PROBIOTICOS","og_description":"Presentamos la Prensa de Tabletas de un Solo Golpe TDP, disponible en una variedad de modelos que incluyen TDP-1, TDP-1.5,","og_url":"https:\/\/jagdesd.tempurl.host\/bg\/producto\/prensadora-de-un-solo-golpe-de-probioticos\/","og_site_name":"distribuci\u00f3n ARC","article_modified_time":"2024-08-09T23:22:02+00:00","og_image":[{"width":2016,"height":328,"url":"https:\/\/jagdesd.tempurl.host\/wp-content\/uploads\/2024\/04\/PRENSADORA-DE-UN-SOLO-GOLPE-DE-PROBIOTICOS-1.jpg","type":"image\/jpeg"}],"twitter_card":"summary_large_image","twitter_misc":{"\u0395\u03ba\u03c4\u03b9\u03bc\u03ce\u03bc\u03b5\u03bd\u03bf\u03c2 \u03c7\u03c1\u03cc\u03bd\u03bf\u03c2 \u03b1\u03bd\u03ac\u03b3\u03bd\u03c9\u03c3\u03b7\u03c2":"1 \u03bb\u03b5\u03c0\u03c4\u03cc"},"schema":{"@context":"https:\/\/schema.org","@graph":[{"@type":"WebPage","@id":"https:\/\/jagdesd.tempurl.host\/bg\/producto\/prensadora-de-un-solo-golpe-de-probioticos\/","url":"https:\/\/jagdesd.tempurl.host\/bg\/producto\/prensadora-de-un-solo-golpe-de-probioticos\/","name":"\u03a0\u03a1\u0395\u03a3\u03a4\u0397 \u03a0\u03a1\u039f\u0392\u0399\u039f\u03a4\u0399\u039a\u03a9\u039d SINGLE PUNCH - \u03b4\u03b9\u03b1\u03bd\u03bf\u03bc\u03ae ARC","isPartOf":{"@id":"https:\/\/distribucionarc.com\/ar\/#website"},"primaryImageOfPage":{"@id":"https:\/\/jagdesd.tempurl.host\/bg\/producto\/prensadora-de-un-solo-golpe-de-probioticos\/#primaryimage"},"image":{"@id":"https:\/\/jagdesd.tempurl.host\/bg\/producto\/prensadora-de-un-solo-golpe-de-probioticos\/#primaryimage"},"thumbnailUrl":"https:\/\/distribucionarc.com\/wp-content\/uploads\/2024\/04\/PRENSADORA-DE-UN-SOLO-GOLPE-DE-PROBIOTICOS-1.jpg","datePublished":"2024-04-26T15:41:34+00:00","dateModified":"2024-08-09T23:22:02+00:00","breadcrumb":{"@id":"https:\/\/jagdesd.tempurl.host\/bg\/producto\/prensadora-de-un-solo-golpe-de-probioticos\/#breadcrumb"},"inLanguage":"el","potentialAction":[{"@type":"ReadAction","target":["https:\/\/jagdesd.tempurl.host\/bg\/producto\/prensadora-de-un-solo-golpe-de-probioticos\/"]}]},{"@type":"ImageObject","inLanguage":"el","@id":"https:\/\/jagdesd.tempurl.host\/bg\/producto\/prensadora-de-un-solo-golpe-de-probioticos\/#primaryimage","url":"https:\/\/distribucionarc.com\/wp-content\/uploads\/2024\/04\/PRENSADORA-DE-UN-SOLO-GOLPE-DE-PROBIOTICOS-1.jpg","contentUrl":"https:\/\/distribucionarc.com\/wp-content\/uploads\/2024\/04\/PRENSADORA-DE-UN-SOLO-GOLPE-DE-PROBIOTICOS-1.jpg","width":2016,"height":328,"caption":"#image_title"},{"@type":"BreadcrumbList","@id":"https:\/\/jagdesd.tempurl.host\/bg\/producto\/prensadora-de-un-solo-golpe-de-probioticos\/#breadcrumb","itemListElement":[{"@type":"ListItem","position":1,"name":"Portada","item":"https:\/\/www.distribucionarc.com\/pt\/"},{"@type":"ListItem","position":2,"name":"Produtos","item":"https:\/\/www.distribucionarc.com\/pt\/shop\/"},{"@type":"ListItem","position":3,"name":"PRENSADORA DE UN SOLO GOLPE DE PROBIOTICOS"}]},{"@type":"WebSite","@id":"https:\/\/distribucionarc.com\/ar\/#website","url":"https:\/\/distribucionarc.com\/ar\/","name":"\u039a\u03b1\u03c4\u03b1\u03bd\u03bf\u03bc\u03ae ARC","description":"\u0395\u03c4\u03b1\u03b9\u03c1\u03b5\u03af\u03b1 \u03c0\u03bf\u03c5 \u03b5\u03b9\u03b4\u03b9\u03ba\u03b5\u03cd\u03b5\u03c4\u03b1\u03b9 \u03c3\u03c4\u03b7\u03bd \u03ba\u03b1\u03c4\u03b1\u03c3\u03ba\u03b5\u03c5\u03ae \u03ba\u03b1\u03b9 \u03b4\u03b9\u03b1\u03bd\u03bf\u03bc\u03ae \u03b2\u03b9\u03bf\u03bc\u03b7\u03c7\u03b1\u03bd\u03b9\u03ba\u03ce\u03bd \u03bc\u03b7\u03c7\u03b1\u03bd\u03b7\u03bc\u03ac\u03c4\u03c9\u03bd, \u03bc\u03b7\u03c7\u03b1\u03bd\u03ce\u03bd \u03c3\u03c6\u03c1\u03ac\u03b3\u03b9\u03c3\u03b7\u03c2 \u03ba\u03bf\u03bd\u03c3\u03b5\u03c1\u03b2\u03ce\u03bd, \u03bc\u03b7\u03c7\u03b1\u03bd\u03ce\u03bd \u03c0\u03b1\u03c1\u03b1\u03c3\u03ba\u03b5\u03c5\u03ae\u03c2 \u03b4\u03b9\u03c3\u03ba\u03af\u03c9\u03bd, \u03bc\u03b7\u03c7\u03b1\u03bd\u03ce\u03bd \u03ba\u03bf\u03c0\u03ae\u03c2 \u03ba\u03c1\u03ad\u03b1\u03c4\u03bf\u03c2...","publisher":{"@id":"https:\/\/distribucionarc.com\/ar\/#organization"},"potentialAction":[{"@type":"SearchAction","target":{"@type":"EntryPoint","urlTemplate":"https:\/\/distribucionarc.com\/ar\/?s={search_term_string}"},"query-input":{"@type":"PropertyValueSpecification","valueRequired":true,"valueName":"search_term_string"}}],"inLanguage":"el"},{"@type":"Organization","@id":"https:\/\/distribucionarc.com\/ar\/#organization","name":"\u0394\u03b9\u03b1\u03bd\u03bf\u03bc\u03ae ARC","url":"https:\/\/distribucionarc.com\/ar\/","logo":{"@type":"ImageObject","inLanguage":"el","@id":"https:\/\/distribucionarc.com\/ar\/#\/schema\/logo\/image\/","url":"https:\/\/distribucionarc.com\/wp-content\/uploads\/2024\/10\/distribucion-ARC-COLOR-SIN-FONDO-e1732295305345.png","contentUrl":"https:\/\/distribucionarc.com\/wp-content\/uploads\/2024\/10\/distribucion-ARC-COLOR-SIN-FONDO-e1732295305345.png","width":1164,"height":558,"caption":"Distribuci\u00f3n ARC"},"image":{"@id":"https:\/\/distribucionarc.com\/ar\/#\/schema\/logo\/image\/"},"description":"\u0395\u03c4\u03b1\u03b9\u03c1\u03b5\u03af\u03b1 \u03c0\u03bf\u03c5 \u03b5\u03b9\u03b4\u03b9\u03ba\u03b5\u03cd\u03b5\u03c4\u03b1\u03b9 \u03c3\u03c4\u03b7\u03bd \u03ba\u03b1\u03c4\u03b1\u03c3\u03ba\u03b5\u03c5\u03ae \u03ba\u03b1\u03b9 \u03b4\u03b9\u03b1\u03bd\u03bf\u03bc\u03ae \u03b2\u03b9\u03bf\u03bc\u03b7\u03c7\u03b1\u03bd\u03b9\u03ba\u03ce\u03bd \u03bc\u03b7\u03c7\u03b1\u03bd\u03b7\u03bc\u03ac\u03c4\u03c9\u03bd \u03b3\u03b9\u03b1 \u03c4\u03bf\u03bd \u03c4\u03bf\u03bc\u03ad\u03b1 \u03c4\u03c9\u03bd \u03c4\u03c1\u03bf\u03c6\u03af\u03bc\u03c9\u03bd \u03ba\u03b1\u03b9 \u03c4\u03c9\u03bd \u03c6\u03b1\u03c1\u03bc\u03ac\u03ba\u03c9\u03bd. \u0395\u03be\u03b5\u03b9\u03b4\u03b9\u03ba\u03b5\u03c5\u03cc\u03bc\u03b1\u03c3\u03c4\u03b5 \u03c3\u03b5: \u0393\u03c1\u03b1\u03bc\u03bc\u03ad\u03c2 \u03b5\u03bc\u03c6\u03b9\u03ac\u03bb\u03c9\u03c3\u03b7\u03c2 \u0394\u03bf\u03c3\u03bf\u03bc\u03b5\u03c4\u03c1\u03b9\u03ba\u03ad\u03c2 \u03bc\u03b7\u03c7\u03b1\u03bd\u03ad\u03c2 \u039a\u03b1\u03b9 \u03c0\u03bf\u03bb\u03bb\u03ac \u03ac\u03bb\u03bb\u03b1... \u03a0\u03c1\u03bf\u03c3\u03c6\u03ad\u03c1\u03bf\u03c5\u03bc\u03b5 \u03ba\u03b1\u03b9\u03bd\u03bf\u03c4\u03cc\u03bc\u03b5\u03c2 \u03ba\u03b1\u03b9 \u03b5\u03be\u03b1\u03c4\u03bf\u03bc\u03b9\u03ba\u03b5\u03c5\u03bc\u03ad\u03bd\u03b5\u03c2 \u03bb\u03cd\u03c3\u03b5\u03b9\u03c2 \u03b3\u03b9\u03b1 \u03c4\u03b7 \u03b2\u03b5\u03bb\u03c4\u03b9\u03c3\u03c4\u03bf\u03c0\u03bf\u03af\u03b7\u03c3\u03b7 \u03c4\u03c9\u03bd \u03c0\u03b1\u03c1\u03b1\u03b3\u03c9\u03b3\u03b9\u03ba\u03ce\u03bd \u03b4\u03b9\u03b1\u03b4\u03b9\u03ba\u03b1\u03c3\u03b9\u03ce\u03bd \u03c4\u03b7\u03c2 \u03b5\u03c4\u03b1\u03b9\u03c1\u03b5\u03af\u03b1\u03c2 \u03c3\u03b1\u03c2.","email":"Admistracion@distribucionarc.com","telephone":"+34 643496664","legalName":"ARC TECH SOLUTIONS","foundingDate":"2024-04-09","vatID":"B55480172","numberOfEmployees":{"@type":"QuantitativeValue","minValue":"1","maxValue":"10"}}]}},"_links":{"self":[{"href":"https:\/\/distribucionarc.com\/el\/wp-json\/wp\/v2\/product\/6848","targetHints":{"allow":["GET"]}}],"collection":[{"href":"https:\/\/distribucionarc.com\/el\/wp-json\/wp\/v2\/product"}],"about":[{"href":"https:\/\/distribucionarc.com\/el\/wp-json\/wp\/v2\/types\/product"}],"replies":[{"embeddable":true,"href":"https:\/\/distribucionarc.com\/el\/wp-json\/wp\/v2\/comments?post=6848"}],"version-history":[{"count":0,"href":"https:\/\/distribucionarc.com\/el\/wp-json\/wp\/v2\/product\/6848\/revisions"}],"wp:featuredmedia":[{"embeddable":true,"href":"https:\/\/distribucionarc.com\/el\/wp-json\/wp\/v2\/media\/6856"}],"wp:attachment":[{"href":"https:\/\/distribucionarc.com\/el\/wp-json\/wp\/v2\/media?parent=6848"}],"wp:term":[{"taxonomy":"product_brand","embeddable":true,"href":"https:\/\/distribucionarc.com\/el\/wp-json\/wp\/v2\/product_brand?post=6848"},{"taxonomy":"product_cat","embeddable":true,"href":"https:\/\/distribucionarc.com\/el\/wp-json\/wp\/v2\/product_cat?post=6848"},{"taxonomy":"product_tag","embeddable":true,"href":"https:\/\/distribucionarc.com\/el\/wp-json\/wp\/v2\/product_tag?post=6848"}],"curies":[{"name":"wp","href":"https:\/\/api.w.org\/{rel}","templated":true}]}}