{"id":6870,"date":"2024-04-26T17:20:58","date_gmt":"2024-04-26T17:20:58","guid":{"rendered":"https:\/\/distribucionarc.com\/?post_type=product&#038;p=6870"},"modified":"2024-04-26T17:20:59","modified_gmt":"2024-04-26T17:20:59","slug":"%ce%bc%cf%8d%ce%bb%ce%bf%cf%82-%ce%b3%ce%b9%ce%b1-%ce%b5%ce%bd%ce%af%cf%83%cf%87%cf%85%cf%83%ce%b7-%ce%b5%ce%bd%ce%b9%cf%83%cf%87%cf%85%cf%84%ce%ad%cf%82-%cf%83%ce%ba%cf%8c%ce%bd%ce%b7","status":"publish","type":"product","link":"https:\/\/distribucionarc.com\/el\/producto\/amoladora-para-polvo-de-potenciadores-de-fortalecimiento\/","title":{"rendered":"\u039c\u0399\u039b\u039f\u03a3 \u0393\u0399\u0391 \u0395\u039d\u0399\u03a3\u03a7\u03a5\u03a3\u0397 \u03a3\u039a\u039f\u039d\u0397\u03a3"},"content":{"rendered":"<p>\u03a0\u03b1\u03c1\u03bf\u03c5\u03c3\u03b9\u03ac\u03b6\u03bf\u03bd\u03c4\u03b1\u03c2 \u03c4\u03bf \u03ba\u03b1\u03b9\u03bd\u03bf\u03c4\u03cc\u03bc\u03bf \u03bc\u03b1\u03c2<strong> \u039c\u03cd\u03bb\u03bf\u03c2 \u03b3\u03b9\u03b1 \u03b5\u03bd\u03b9\u03c3\u03c7\u03c5\u03c4\u03b9\u03ba\u03ae \u03c3\u03ba\u03cc\u03bd\u03b7 \u03b5\u03bd\u03af\u03c3\u03c7\u03c5\u03c3\u03b7\u03c2,<\/strong> \u03c3\u03c7\u03b5\u03b4\u03b9\u03b1\u03c3\u03bc\u03ad\u03bd\u03bf \u03bd\u03b1 \u03c0\u03c1\u03bf\u03c3\u03c6\u03ad\u03c1\u03b5\u03b9 \u03b5\u03be\u03b1\u03b9\u03c1\u03b5\u03c4\u03b9\u03ba\u03ae \u03b1\u03c0\u03cc\u03b4\u03bf\u03c3\u03b7. \u0391\u03c5\u03c4\u03cc \u03c4\u03bf \u03bc\u03b7\u03c7\u03ac\u03bd\u03b7\u03bc\u03b1 \u03b5\u03ba\u03bc\u03b5\u03c4\u03b1\u03bb\u03bb\u03b5\u03cd\u03b5\u03c4\u03b1\u03b9 \u03c4\u03b7 \u03c3\u03c7\u03b5\u03c4\u03b9\u03ba\u03ae \u03ba\u03af\u03bd\u03b7\u03c3\u03b7 \u03c5\u03c8\u03b7\u03bb\u03ae\u03c2 \u03c4\u03b1\u03c7\u03cd\u03c4\u03b7\u03c4\u03b1\u03c2 \u03bc\u03b5\u03c4\u03b1\u03be\u03cd \u03c3\u03c4\u03b1\u03b8\u03b5\u03c1\u03ce\u03bd \u03ba\u03b1\u03b9 \u03ba\u03b9\u03bd\u03bf\u03cd\u03bc\u03b5\u03bd\u03c9\u03bd \u03bf\u03b4\u03bf\u03bd\u03c4\u03c9\u03c4\u03ce\u03bd \u03b4\u03af\u03c3\u03ba\u03c9\u03bd \u03b3\u03b9\u03b1 \u03bd\u03b1 \u03c3\u03c5\u03bd\u03b8\u03bb\u03af\u03c8\u03b5\u03b9 \u03c5\u03bb\u03b9\u03ba\u03cc, \u03c7\u03c1\u03b7\u03c3\u03b9\u03bc\u03bf\u03c0\u03bf\u03b9\u03ce\u03bd\u03c4\u03b1\u03c2 \u03ad\u03bd\u03b1\u03bd \u03c3\u03c5\u03bd\u03b4\u03c5\u03b1\u03c3\u03bc\u03cc \u03ba\u03c1\u03bf\u03cd\u03c3\u03b7\u03c2, \u03c4\u03c1\u03b9\u03b2\u03ae\u03c2 \u03ba\u03b1\u03b9 \u03b3\u03c1\u03b1\u03bd\u03b1\u03b6\u03b9\u03ce\u03bd. \u0397 \u03b5\u03bd\u03b1\u03bb\u03bb\u03ac\u03be\u03b9\u03bc\u03b7 \u03bf\u03b8\u03cc\u03bd\u03b7 \u03c4\u03bf\u03c5 \u03b5\u03c0\u03b9\u03c4\u03c1\u03ad\u03c0\u03b5\u03b9 \u03bd\u03b1 \u03c0\u03c1\u03bf\u03c3\u03b1\u03c1\u03bc\u03cc\u03b6\u03b5\u03c4\u03b1\u03b9 \u03c3\u03b5 \u03b4\u03b9\u03b1\u03c6\u03bf\u03c1\u03b5\u03c4\u03b9\u03ba\u03ad\u03c2 \u03b1\u03bd\u03ac\u03b3\u03ba\u03b5\u03c2 \u03bb\u03b5\u03af\u03b1\u03bd\u03c3\u03b7\u03c2.<\/p>\n<p>&nbsp;<\/p>\n<table>\n<tbody>\n<tr>\n<td width=\"113\">\u039c\u03bf\u03bd\u03c4\u03ad\u03bb\u03bf<\/td>\n<td width=\"113\">130\u0392<\/td>\n<td width=\"113\">180\u0392<\/td>\n<td width=\"113\">250\u0392<\/td>\n<td width=\"113\">320\u0392<\/td>\n<\/tr>\n<tr>\n<td width=\"113\">\u03a4\u03b1\u03c7\u03cd\u03c4\u03b7\u03c4\u03b1 \u03b1\u03c4\u03c1\u03ac\u03ba\u03c4\u03bf\u03c5 (\u03c3\u03c4\u03c1\u03bf\u03c6\u03ad\u03c2\/\u03bb\u03b5\u03c0\u03c4\u03cc)<\/td>\n<td width=\"113\">7000<\/td>\n<td width=\"113\">7000<\/td>\n<td width=\"113\">5000<\/td>\n<td width=\"113\">4000<\/td>\n<\/tr>\n<tr>\n<td width=\"113\">\u03a0\u03b1\u03c1\u03b1\u03b3\u03c9\u03b3\u03b9\u03ba\u03ae \u03b9\u03ba\u03b1\u03bd\u03cc\u03c4\u03b7\u03c4\u03b1 (kg\/h)<\/td>\n<td width=\"113\">2-5<\/td>\n<td width=\"113\">10-30<\/td>\n<td width=\"113\">50-250<\/td>\n<td width=\"113\">80-300<\/td>\n<\/tr>\n<tr>\n<td width=\"113\">\u0399\u03c3\u03c7\u03cd\u03c2 \u03ba\u03b9\u03bd\u03b7\u03c4\u03ae\u03c1\u03b1 (kw)<\/td>\n<td width=\"113\">1.1<\/td>\n<td width=\"113\">2.2<\/td>\n<td width=\"113\">5.5<\/td>\n<td width=\"113\">7.5<\/td>\n<\/tr>\n<tr>\n<td width=\"113\">\u0398\u03c1\u03c5\u03bc\u03bc\u03b1\u03c4\u03af\u03c3\u03c4\u03b5 \u03bb\u03b5\u03c0\u03c4\u03cc\u03ba\u03bf\u03ba\u03ba\u03bf (\u03c0\u03bb\u03ad\u03b3\u03bc\u03b1)<\/td>\n<td width=\"113\">10-120<\/td>\n<td width=\"113\">10-120<\/td>\n<td width=\"113\">10-120<\/td>\n<td width=\"113\">10-120<\/td>\n<\/tr>\n<tr>\n<td width=\"113\">\u0398\u03cc\u03c1\u03c5\u03b2\u03bf\u03c2 \u03b5\u03c1\u03b3\u03b1\u03c3\u03af\u03b1\u03c2 (\u03bd\u03c4\u03b5\u03c3\u03b9\u03bc\u03c0\u03ad\u03bb)<\/td>\n<td width=\"113\">-85<\/td>\n<td width=\"113\">-85<\/td>\n<td width=\"113\">-85<\/td>\n<td width=\"113\">-85<\/td>\n<\/tr>\n<tr>\n<td width=\"113\">\u03a3\u03c5\u03bd\u03bf\u03bb\u03b9\u03ba\u03cc \u03bc\u03ad\u03b3\u03b5\u03b8\u03bf\u03c2 (mm)<\/td>\n<td width=\"113\">400*<\/p>\n<p>350*<\/p>\n<p>830*<\/td>\n<td width=\"113\">690*<\/p>\n<p>420*<\/p>\n<p>880*<\/td>\n<td width=\"113\">950*520*<\/p>\n<p>1250*<\/td>\n<td width=\"113\">960*<\/p>\n<p>520*<\/p>\n<p>1450*<\/td>\n<\/tr>\n<tr>\n<td width=\"113\">\u039a\u03b1\u03b8\u03b1\u03c1\u03cc \u03b2\u03ac\u03c1\u03bf\u03c2 (kg)<\/td>\n<td width=\"113\">75<\/td>\n<td width=\"113\">85<\/td>\n<td width=\"113\">220<\/td>\n<td width=\"113\">250<\/td>\n<\/tr>\n<\/tbody>\n<\/table>","protected":false},"excerpt":{"rendered":"<p>\u03a0\u03b1\u03c1\u03bf\u03c5\u03c3\u03b9\u03ac\u03b6\u03bf\u03c5\u03bc\u03b5 \u03c4\u03bf\u03bd \u03ba\u03b1\u03b9\u03bd\u03bf\u03c4\u03cc\u03bc\u03bf \u03bc\u03cd\u03bb\u03bf \u03c3\u03ba\u03cc\u03bd\u03b7\u03c2 \u03b5\u03bd\u03b9\u03c3\u03c7\u03c5\u03c4\u03ae \u03b1\u03bd\u03c4\u03bf\u03c7\u03ae\u03c2, \u03c3\u03c7\u03b5\u03b4\u03b9\u03b1\u03c3\u03bc\u03ad\u03bd\u03bf \u03b3\u03b9\u03b1 \u03bd\u03b1 \u03c0\u03c1\u03bf\u03c3\u03c6\u03ad\u03c1\u03b5\u03b9 \u03b5\u03be\u03b1\u03b9\u03c1\u03b5\u03c4\u03b9\u03ba\u03ae \u03b1\u03c0\u03cc\u03b4\u03bf\u03c3\u03b7. \u0391\u03c5\u03c4\u03cc \u03c4\u03bf \u03bc\u03b7\u03c7\u03ac\u03bd\u03b7\u03bc\u03b1 \u03b5\u03ba\u03bc\u03b5\u03c4\u03b1\u03bb\u03bb\u03b5\u03cd\u03b5\u03c4\u03b1\u03b9 \u03c4\u03b7\u03bd<\/p>","protected":false},"featured_media":6873,"comment_status":"open","ping_status":"closed","template":"","meta":{"wds_primary_product_brand":0,"wds_primary_product_cat":0},"product_brand":[],"product_cat":[84],"product_tag":[],"class_list":{"0":"post-6870","1":"product","2":"type-product","3":"status-publish","4":"has-post-thumbnail","6":"product_cat-maquinas-para-hacer-pastillas","8":"first","9":"instock","10":"taxable","11":"shipping-taxable","12":"purchasable","13":"product-type-simple"},"yoast_head":"<!-- This site is optimized with the Yoast SEO Premium plugin v24.9 (Yoast SEO v26.1) - https:\/\/yoast.com\/wordpress\/plugins\/seo\/ -->\n<title>AMOLADORA PARA POLVO DE POTENCIADORES DE FORTALECIMIENTO - distribuci\u00f3n ARC<\/title>\n<meta name=\"robots\" content=\"index, follow, max-snippet:-1, max-image-preview:large, max-video-preview:-1\" \/>\n<link rel=\"canonical\" href=\"https:\/\/distribucionarc.com\/el\/\u03c0\u03c1\u03bf\u03ca\u03cc\u03bd\/\u03bc\u03cd\u03bb\u03bf\u03c2-\u03b3\u03b9\u03b1-\u03b5\u03bd\u03af\u03c3\u03c7\u03c5\u03c3\u03b7-\u03b5\u03bd\u03b9\u03c3\u03c7\u03c5\u03c4\u03ad\u03c2-\u03c3\u03ba\u03cc\u03bd\u03b7\/\" \/>\n<meta property=\"og:locale\" content=\"el_GR\" \/>\n<meta property=\"og:type\" content=\"article\" \/>\n<meta property=\"og:title\" content=\"AMOLADORA PARA POLVO DE POTENCIADORES DE FORTALECIMIENTO\" \/>\n<meta property=\"og:description\" content=\"Presentamos nuestra innovadora Amoladora para polvo de potenciadores de fortalecimiento, dise\u00f1ada para ofrecer un rendimiento excepcional. Esta m\u00e1quina aprovecha el\" \/>\n<meta property=\"og:url\" content=\"https:\/\/distribucionarc.com\/el\/\u03c0\u03c1\u03bf\u03ca\u03cc\u03bd\/\u03bc\u03cd\u03bb\u03bf\u03c2-\u03b3\u03b9\u03b1-\u03b5\u03bd\u03af\u03c3\u03c7\u03c5\u03c3\u03b7-\u03b5\u03bd\u03b9\u03c3\u03c7\u03c5\u03c4\u03ad\u03c2-\u03c3\u03ba\u03cc\u03bd\u03b7\/\" \/>\n<meta property=\"og:site_name\" content=\"distribuci\u00f3n ARC\" \/>\n<meta property=\"article:modified_time\" content=\"2024-04-26T17:20:59+00:00\" \/>\n<meta property=\"og:image\" content=\"https:\/\/distribucionarc.com\/wp-content\/uploads\/2024\/04\/AMOLADORA-PARA-POLVO-DE-POTENCIADORES-DE-FORTALECIMIENTO.jpg\" \/>\n\t<meta property=\"og:image:width\" content=\"1072\" \/>\n\t<meta property=\"og:image:height\" content=\"1152\" \/>\n\t<meta property=\"og:image:type\" content=\"image\/jpeg\" \/>\n<meta name=\"twitter:card\" content=\"summary_large_image\" \/>\n<meta name=\"twitter:label1\" content=\"\u0395\u03ba\u03c4\u03b9\u03bc\u03ce\u03bc\u03b5\u03bd\u03bf\u03c2 \u03c7\u03c1\u03cc\u03bd\u03bf\u03c2 \u03b1\u03bd\u03ac\u03b3\u03bd\u03c9\u03c3\u03b7\u03c2\" \/>\n\t<meta name=\"twitter:data1\" content=\"1 \u03bb\u03b5\u03c0\u03c4\u03cc\" \/>\n<script type=\"application\/ld+json\" class=\"yoast-schema-graph\">{\"@context\":\"https:\/\/schema.org\",\"@graph\":[{\"@type\":\"WebPage\",\"@id\":\"https:\/\/distribucionarc.com\/producto\/amoladora-para-polvo-de-potenciadores-de-fortalecimiento\/\",\"url\":\"https:\/\/distribucionarc.com\/producto\/amoladora-para-polvo-de-potenciadores-de-fortalecimiento\/\",\"name\":\"AMOLADORA PARA POLVO DE POTENCIADORES DE FORTALECIMIENTO - distribuci\u00f3n ARC\",\"isPartOf\":{\"@id\":\"https:\/\/www.distribucionarc.com\/sl\/#website\"},\"primaryImageOfPage\":{\"@id\":\"https:\/\/distribucionarc.com\/producto\/amoladora-para-polvo-de-potenciadores-de-fortalecimiento\/#primaryimage\"},\"image\":{\"@id\":\"https:\/\/distribucionarc.com\/producto\/amoladora-para-polvo-de-potenciadores-de-fortalecimiento\/#primaryimage\"},\"thumbnailUrl\":\"https:\/\/distribucionarc.com\/wp-content\/uploads\/2024\/04\/AMOLADORA-PARA-POLVO-DE-POTENCIADORES-DE-FORTALECIMIENTO.jpg\",\"datePublished\":\"2024-04-26T17:20:58+00:00\",\"dateModified\":\"2024-04-26T17:20:59+00:00\",\"breadcrumb\":{\"@id\":\"https:\/\/distribucionarc.com\/producto\/amoladora-para-polvo-de-potenciadores-de-fortalecimiento\/#breadcrumb\"},\"inLanguage\":\"el\",\"potentialAction\":[{\"@type\":\"ReadAction\",\"target\":[\"https:\/\/distribucionarc.com\/producto\/amoladora-para-polvo-de-potenciadores-de-fortalecimiento\/\"]}]},{\"@type\":\"ImageObject\",\"inLanguage\":\"el\",\"@id\":\"https:\/\/distribucionarc.com\/producto\/amoladora-para-polvo-de-potenciadores-de-fortalecimiento\/#primaryimage\",\"url\":\"https:\/\/distribucionarc.com\/wp-content\/uploads\/2024\/04\/AMOLADORA-PARA-POLVO-DE-POTENCIADORES-DE-FORTALECIMIENTO.jpg\",\"contentUrl\":\"https:\/\/distribucionarc.com\/wp-content\/uploads\/2024\/04\/AMOLADORA-PARA-POLVO-DE-POTENCIADORES-DE-FORTALECIMIENTO.jpg\",\"width\":1072,\"height\":1152,\"caption\":\"#image_title\"},{\"@type\":\"BreadcrumbList\",\"@id\":\"https:\/\/distribucionarc.com\/producto\/amoladora-para-polvo-de-potenciadores-de-fortalecimiento\/#breadcrumb\",\"itemListElement\":[{\"@type\":\"ListItem\",\"position\":1,\"name\":\"Portada\",\"item\":\"https:\/\/www.distribucionarc.com\/\"},{\"@type\":\"ListItem\",\"position\":2,\"name\":\"\u00dcr\u00fcnler\",\"item\":\"https:\/\/www.distribucionarc.com\/tr\/magaza\/\"},{\"@type\":\"ListItem\",\"position\":3,\"name\":\"AMOLADORA PARA POLVO DE POTENCIADORES DE FORTALECIMIENTO\"}]},{\"@type\":\"WebSite\",\"@id\":\"https:\/\/www.distribucionarc.com\/sl\/#website\",\"url\":\"https:\/\/www.distribucionarc.com\/sl\/\",\"name\":\"distribuci\u00f3n ARC\",\"description\":\"Empresa especializada en la fabricaci\u00f3n y distribuci\u00f3n de maquinaria industrial, selladoras de latas, Maquinas de hacer pastillas, Maquinas de cortar carne...\",\"publisher\":{\"@id\":\"https:\/\/www.distribucionarc.com\/sl\/#organization\"},\"potentialAction\":[{\"@type\":\"SearchAction\",\"target\":{\"@type\":\"EntryPoint\",\"urlTemplate\":\"https:\/\/www.distribucionarc.com\/sl\/?s={search_term_string}\"},\"query-input\":{\"@type\":\"PropertyValueSpecification\",\"valueRequired\":true,\"valueName\":\"search_term_string\"}}],\"inLanguage\":\"el\"},{\"@type\":\"Organization\",\"@id\":\"https:\/\/www.distribucionarc.com\/sl\/#organization\",\"name\":\"Distribuci\u00f3n ARC\",\"url\":\"https:\/\/www.distribucionarc.com\/sl\/\",\"logo\":{\"@type\":\"ImageObject\",\"inLanguage\":\"el\",\"@id\":\"https:\/\/www.distribucionarc.com\/sl\/#\/schema\/logo\/image\/\",\"url\":\"https:\/\/distribucionarc.com\/wp-content\/uploads\/2024\/10\/distribucion-ARC-COLOR-SIN-FONDO-e1732295305345.png\",\"contentUrl\":\"https:\/\/distribucionarc.com\/wp-content\/uploads\/2024\/10\/distribucion-ARC-COLOR-SIN-FONDO-e1732295305345.png\",\"width\":1164,\"height\":558,\"caption\":\"Distribuci\u00f3n ARC\"},\"image\":{\"@id\":\"https:\/\/www.distribucionarc.com\/sl\/#\/schema\/logo\/image\/\"},\"description\":\"Empresa especializada en la fabricaci\u00f3n y distribuci\u00f3n de maquinaria industrial para los sectores alimentario y farmac\u00e9utico. Nos especializamos en: M\u00e1quinas de cortar carne Fabricaci\u00f3n de comprimidos Sistemas de transporte industrial L\u00edneas de embotellado Dosificadores Y mucho m\u00e1s... Ofrecemos soluciones innovadoras y personalizadas para optimizar los procesos productivos de tu empresa.\",\"email\":\"Admistracion@distribucionarc.com\",\"telephone\":\"+34 643496664\",\"legalName\":\"ARC TECH SOLUTIONS\",\"foundingDate\":\"2024-04-09\",\"vatID\":\"B55480172\",\"numberOfEmployees\":{\"@type\":\"QuantitativeValue\",\"minValue\":\"1\",\"maxValue\":\"10\"}}]}<\/script>\n<!-- \/ Yoast SEO Premium plugin. -->","yoast_head_json":{"title":"\u039c\u039b\u0395\u03a4\u0397\u03a3 \u0393\u0399\u0391 \u0395\u039d\u0399\u03a3\u03a7\u03a5\u03a3\u0397 \u0395\u039d\u0399\u03a3\u03a7\u03a5\u03a3\u0397\u03a3 \u03a0\u039f\u03a5\u0394\u03a1\u0391 - \u039a\u03b1\u03c4\u03b1\u03bd\u03bf\u03bc\u03ae \u03a4\u039f\u039e\u039f\u03a5","robots":{"index":"index","follow":"follow","max-snippet":"max-snippet:-1","max-image-preview":"max-image-preview:large","max-video-preview":"max-video-preview:-1"},"canonical":"https:\/\/distribucionarc.com\/el\/\u03c0\u03c1\u03bf\u03ca\u03cc\u03bd\/\u03bc\u03cd\u03bb\u03bf\u03c2-\u03b3\u03b9\u03b1-\u03b5\u03bd\u03af\u03c3\u03c7\u03c5\u03c3\u03b7-\u03b5\u03bd\u03b9\u03c3\u03c7\u03c5\u03c4\u03ad\u03c2-\u03c3\u03ba\u03cc\u03bd\u03b7\/","og_locale":"el_GR","og_type":"article","og_title":"AMOLADORA PARA POLVO DE POTENCIADORES DE FORTALECIMIENTO","og_description":"Presentamos nuestra innovadora Amoladora para polvo de potenciadores de fortalecimiento, dise\u00f1ada para ofrecer un rendimiento excepcional. Esta m\u00e1quina aprovecha el","og_url":"https:\/\/distribucionarc.com\/el\/\u03c0\u03c1\u03bf\u03ca\u03cc\u03bd\/\u03bc\u03cd\u03bb\u03bf\u03c2-\u03b3\u03b9\u03b1-\u03b5\u03bd\u03af\u03c3\u03c7\u03c5\u03c3\u03b7-\u03b5\u03bd\u03b9\u03c3\u03c7\u03c5\u03c4\u03ad\u03c2-\u03c3\u03ba\u03cc\u03bd\u03b7\/","og_site_name":"distribuci\u00f3n ARC","article_modified_time":"2024-04-26T17:20:59+00:00","og_image":[{"width":1072,"height":1152,"url":"https:\/\/distribucionarc.com\/wp-content\/uploads\/2024\/04\/AMOLADORA-PARA-POLVO-DE-POTENCIADORES-DE-FORTALECIMIENTO.jpg","type":"image\/jpeg"}],"twitter_card":"summary_large_image","twitter_misc":{"\u0395\u03ba\u03c4\u03b9\u03bc\u03ce\u03bc\u03b5\u03bd\u03bf\u03c2 \u03c7\u03c1\u03cc\u03bd\u03bf\u03c2 \u03b1\u03bd\u03ac\u03b3\u03bd\u03c9\u03c3\u03b7\u03c2":"1 \u03bb\u03b5\u03c0\u03c4\u03cc"},"schema":{"@context":"https:\/\/schema.org","@graph":[{"@type":"WebPage","@id":"https:\/\/distribucionarc.com\/producto\/amoladora-para-polvo-de-potenciadores-de-fortalecimiento\/","url":"https:\/\/distribucionarc.com\/producto\/amoladora-para-polvo-de-potenciadores-de-fortalecimiento\/","name":"\u039c\u039b\u0395\u03a4\u0397\u03a3 \u0393\u0399\u0391 \u0395\u039d\u0399\u03a3\u03a7\u03a5\u03a3\u0397 \u0395\u039d\u0399\u03a3\u03a7\u03a5\u03a3\u0397\u03a3 \u03a0\u039f\u03a5\u0394\u03a1\u0391 - \u039a\u03b1\u03c4\u03b1\u03bd\u03bf\u03bc\u03ae \u03a4\u039f\u039e\u039f\u03a5","isPartOf":{"@id":"https:\/\/www.distribucionarc.com\/sl\/#website"},"primaryImageOfPage":{"@id":"https:\/\/distribucionarc.com\/producto\/amoladora-para-polvo-de-potenciadores-de-fortalecimiento\/#primaryimage"},"image":{"@id":"https:\/\/distribucionarc.com\/producto\/amoladora-para-polvo-de-potenciadores-de-fortalecimiento\/#primaryimage"},"thumbnailUrl":"https:\/\/distribucionarc.com\/wp-content\/uploads\/2024\/04\/AMOLADORA-PARA-POLVO-DE-POTENCIADORES-DE-FORTALECIMIENTO.jpg","datePublished":"2024-04-26T17:20:58+00:00","dateModified":"2024-04-26T17:20:59+00:00","breadcrumb":{"@id":"https:\/\/distribucionarc.com\/producto\/amoladora-para-polvo-de-potenciadores-de-fortalecimiento\/#breadcrumb"},"inLanguage":"el","potentialAction":[{"@type":"ReadAction","target":["https:\/\/distribucionarc.com\/producto\/amoladora-para-polvo-de-potenciadores-de-fortalecimiento\/"]}]},{"@type":"ImageObject","inLanguage":"el","@id":"https:\/\/distribucionarc.com\/producto\/amoladora-para-polvo-de-potenciadores-de-fortalecimiento\/#primaryimage","url":"https:\/\/distribucionarc.com\/wp-content\/uploads\/2024\/04\/AMOLADORA-PARA-POLVO-DE-POTENCIADORES-DE-FORTALECIMIENTO.jpg","contentUrl":"https:\/\/distribucionarc.com\/wp-content\/uploads\/2024\/04\/AMOLADORA-PARA-POLVO-DE-POTENCIADORES-DE-FORTALECIMIENTO.jpg","width":1072,"height":1152,"caption":"#image_title"},{"@type":"BreadcrumbList","@id":"https:\/\/distribucionarc.com\/producto\/amoladora-para-polvo-de-potenciadores-de-fortalecimiento\/#breadcrumb","itemListElement":[{"@type":"ListItem","position":1,"name":"Portada","item":"https:\/\/www.distribucionarc.com\/"},{"@type":"ListItem","position":2,"name":"\u00dcr\u00fcnler","item":"https:\/\/www.distribucionarc.com\/tr\/magaza\/"},{"@type":"ListItem","position":3,"name":"AMOLADORA PARA POLVO DE POTENCIADORES DE FORTALECIMIENTO"}]},{"@type":"WebSite","@id":"https:\/\/www.distribucionarc.com\/sl\/#website","url":"https:\/\/www.distribucionarc.com\/sl\/","name":"\u039a\u03b1\u03c4\u03b1\u03bd\u03bf\u03bc\u03ae ARC","description":"\u0395\u03c4\u03b1\u03b9\u03c1\u03b5\u03af\u03b1 \u03c0\u03bf\u03c5 \u03b5\u03b9\u03b4\u03b9\u03ba\u03b5\u03cd\u03b5\u03c4\u03b1\u03b9 \u03c3\u03c4\u03b7\u03bd \u03ba\u03b1\u03c4\u03b1\u03c3\u03ba\u03b5\u03c5\u03ae \u03ba\u03b1\u03b9 \u03b4\u03b9\u03b1\u03bd\u03bf\u03bc\u03ae \u03b2\u03b9\u03bf\u03bc\u03b7\u03c7\u03b1\u03bd\u03b9\u03ba\u03ce\u03bd \u03bc\u03b7\u03c7\u03b1\u03bd\u03b7\u03bc\u03ac\u03c4\u03c9\u03bd, \u03bc\u03b7\u03c7\u03b1\u03bd\u03ce\u03bd \u03c3\u03c6\u03c1\u03ac\u03b3\u03b9\u03c3\u03b7\u03c2 \u03ba\u03bf\u03bd\u03c3\u03b5\u03c1\u03b2\u03ce\u03bd, \u03bc\u03b7\u03c7\u03b1\u03bd\u03ce\u03bd \u03c0\u03b1\u03c1\u03b1\u03c3\u03ba\u03b5\u03c5\u03ae\u03c2 \u03b4\u03b9\u03c3\u03ba\u03af\u03c9\u03bd, \u03bc\u03b7\u03c7\u03b1\u03bd\u03ce\u03bd \u03ba\u03bf\u03c0\u03ae\u03c2 \u03ba\u03c1\u03ad\u03b1\u03c4\u03bf\u03c2...","publisher":{"@id":"https:\/\/www.distribucionarc.com\/sl\/#organization"},"potentialAction":[{"@type":"SearchAction","target":{"@type":"EntryPoint","urlTemplate":"https:\/\/www.distribucionarc.com\/sl\/?s={search_term_string}"},"query-input":{"@type":"PropertyValueSpecification","valueRequired":true,"valueName":"search_term_string"}}],"inLanguage":"el"},{"@type":"Organization","@id":"https:\/\/www.distribucionarc.com\/sl\/#organization","name":"\u0394\u03b9\u03b1\u03bd\u03bf\u03bc\u03ae ARC","url":"https:\/\/www.distribucionarc.com\/sl\/","logo":{"@type":"ImageObject","inLanguage":"el","@id":"https:\/\/www.distribucionarc.com\/sl\/#\/schema\/logo\/image\/","url":"https:\/\/distribucionarc.com\/wp-content\/uploads\/2024\/10\/distribucion-ARC-COLOR-SIN-FONDO-e1732295305345.png","contentUrl":"https:\/\/distribucionarc.com\/wp-content\/uploads\/2024\/10\/distribucion-ARC-COLOR-SIN-FONDO-e1732295305345.png","width":1164,"height":558,"caption":"Distribuci\u00f3n ARC"},"image":{"@id":"https:\/\/www.distribucionarc.com\/sl\/#\/schema\/logo\/image\/"},"description":"\u0395\u03c4\u03b1\u03b9\u03c1\u03b5\u03af\u03b1 \u03c0\u03bf\u03c5 \u03b5\u03b9\u03b4\u03b9\u03ba\u03b5\u03cd\u03b5\u03c4\u03b1\u03b9 \u03c3\u03c4\u03b7\u03bd \u03ba\u03b1\u03c4\u03b1\u03c3\u03ba\u03b5\u03c5\u03ae \u03ba\u03b1\u03b9 \u03b4\u03b9\u03b1\u03bd\u03bf\u03bc\u03ae \u03b2\u03b9\u03bf\u03bc\u03b7\u03c7\u03b1\u03bd\u03b9\u03ba\u03ce\u03bd \u03bc\u03b7\u03c7\u03b1\u03bd\u03b7\u03bc\u03ac\u03c4\u03c9\u03bd \u03b3\u03b9\u03b1 \u03c4\u03bf\u03bd \u03c4\u03bf\u03bc\u03ad\u03b1 \u03c4\u03c9\u03bd \u03c4\u03c1\u03bf\u03c6\u03af\u03bc\u03c9\u03bd \u03ba\u03b1\u03b9 \u03c4\u03c9\u03bd \u03c6\u03b1\u03c1\u03bc\u03ac\u03ba\u03c9\u03bd. \u0395\u03be\u03b5\u03b9\u03b4\u03b9\u03ba\u03b5\u03c5\u03cc\u03bc\u03b1\u03c3\u03c4\u03b5 \u03c3\u03b5: \u0393\u03c1\u03b1\u03bc\u03bc\u03ad\u03c2 \u03b5\u03bc\u03c6\u03b9\u03ac\u03bb\u03c9\u03c3\u03b7\u03c2 \u0394\u03bf\u03c3\u03bf\u03bc\u03b5\u03c4\u03c1\u03b9\u03ba\u03ad\u03c2 \u03bc\u03b7\u03c7\u03b1\u03bd\u03ad\u03c2 \u039a\u03b1\u03b9 \u03c0\u03bf\u03bb\u03bb\u03ac \u03ac\u03bb\u03bb\u03b1... \u03a0\u03c1\u03bf\u03c3\u03c6\u03ad\u03c1\u03bf\u03c5\u03bc\u03b5 \u03ba\u03b1\u03b9\u03bd\u03bf\u03c4\u03cc\u03bc\u03b5\u03c2 \u03ba\u03b1\u03b9 \u03b5\u03be\u03b1\u03c4\u03bf\u03bc\u03b9\u03ba\u03b5\u03c5\u03bc\u03ad\u03bd\u03b5\u03c2 \u03bb\u03cd\u03c3\u03b5\u03b9\u03c2 \u03b3\u03b9\u03b1 \u03c4\u03b7 \u03b2\u03b5\u03bb\u03c4\u03b9\u03c3\u03c4\u03bf\u03c0\u03bf\u03af\u03b7\u03c3\u03b7 \u03c4\u03c9\u03bd \u03c0\u03b1\u03c1\u03b1\u03b3\u03c9\u03b3\u03b9\u03ba\u03ce\u03bd \u03b4\u03b9\u03b1\u03b4\u03b9\u03ba\u03b1\u03c3\u03b9\u03ce\u03bd \u03c4\u03b7\u03c2 \u03b5\u03c4\u03b1\u03b9\u03c1\u03b5\u03af\u03b1\u03c2 \u03c3\u03b1\u03c2.","email":"Admistracion@distribucionarc.com","telephone":"+34 643496664","legalName":"ARC TECH SOLUTIONS","foundingDate":"2024-04-09","vatID":"B55480172","numberOfEmployees":{"@type":"QuantitativeValue","minValue":"1","maxValue":"10"}}]}},"_links":{"self":[{"href":"https:\/\/distribucionarc.com\/el\/wp-json\/wp\/v2\/product\/6870","targetHints":{"allow":["GET"]}}],"collection":[{"href":"https:\/\/distribucionarc.com\/el\/wp-json\/wp\/v2\/product"}],"about":[{"href":"https:\/\/distribucionarc.com\/el\/wp-json\/wp\/v2\/types\/product"}],"replies":[{"embeddable":true,"href":"https:\/\/distribucionarc.com\/el\/wp-json\/wp\/v2\/comments?post=6870"}],"version-history":[{"count":0,"href":"https:\/\/distribucionarc.com\/el\/wp-json\/wp\/v2\/product\/6870\/revisions"}],"wp:featuredmedia":[{"embeddable":true,"href":"https:\/\/distribucionarc.com\/el\/wp-json\/wp\/v2\/media\/6873"}],"wp:attachment":[{"href":"https:\/\/distribucionarc.com\/el\/wp-json\/wp\/v2\/media?parent=6870"}],"wp:term":[{"taxonomy":"product_brand","embeddable":true,"href":"https:\/\/distribucionarc.com\/el\/wp-json\/wp\/v2\/product_brand?post=6870"},{"taxonomy":"product_cat","embeddable":true,"href":"https:\/\/distribucionarc.com\/el\/wp-json\/wp\/v2\/product_cat?post=6870"},{"taxonomy":"product_tag","embeddable":true,"href":"https:\/\/distribucionarc.com\/el\/wp-json\/wp\/v2\/product_tag?post=6870"}],"curies":[{"name":"wp","href":"https:\/\/api.w.org\/{rel}","templated":true}]}}