{"id":6968,"date":"2024-04-27T06:43:40","date_gmt":"2024-04-27T06:43:40","guid":{"rendered":"https:\/\/distribucionarc.com\/?post_type=product&#038;p=6968"},"modified":"2024-04-27T06:43:42","modified_gmt":"2024-04-27T06:43:42","slug":"zarl-%cf%80%ce%b5%cf%81%ce%b9%cf%83%cf%84%cf%81%ce%bf%cf%86%ce%b9%ce%ba%cf%8c%cf%82-%ce%ba%ce%bf%ce%ba%ce%ba%ce%bf%cf%80%ce%bf%ce%b9%ce%b7%cf%84%ce%ae%cf%82-%ce%b3%ce%b9%ce%b1-%ce%b6%cf%89%ce%bf%cf%84","status":"publish","type":"product","link":"https:\/\/distribucionarc.com\/el\/producto\/granulador-rotatorio-zarl-para-piensos-de-animales\/","title":{"rendered":"ZARL \u03a0\u0395\u03a1\u0399\u03a3\u03a4\u03a1\u0395\u03a6\u039f\u039c\u0395\u039d\u039f\u03a3 \u039a\u039f\u03a3\u039a\u0399\u03a3\u03a4\u0397\u03a3 \u0393\u0399\u0391 \u03a4\u03a1\u039f\u03a6\u0395\u03a3 \u0396\u03a9\u03a9\u039d"},"content":{"rendered":"<p>\u0391\u03bd\u03b1\u03ba\u03b1\u03bb\u03cd\u03c8\u03c4\u03b5 \u03c4\u03bf <strong>\u03a0\u03b5\u03c1\u03b9\u03c3\u03c4\u03c1\u03bf\u03c6\u03b9\u03ba\u03cc\u03c2 \u03ba\u03bf\u03ba\u03ba\u03bf\u03c0\u03bf\u03b9\u03b7\u03c4\u03ae\u03c2 ZARL,<\/strong> \u03ad\u03bd\u03b1 \u03b1\u03c0\u03b1\u03c1\u03b1\u03af\u03c4\u03b7\u03c4\u03bf \u03b5\u03c1\u03b3\u03b1\u03bb\u03b5\u03af\u03bf \u03c3\u03c4\u03b7 \u03b2\u03b9\u03bf\u03bc\u03b7\u03c7\u03b1\u03bd\u03af\u03b1 \u03c6\u03b1\u03c1\u03bc\u03ac\u03ba\u03c9\u03bd \u03ba\u03b1\u03b9 \u03c4\u03c1\u03bf\u03c6\u03af\u03bc\u03c9\u03bd \u03b3\u03b9\u03b1 \u03c4\u03b7\u03bd <strong>\u03c0\u03b1\u03c1\u03b1\u03b3\u03c9\u03b3\u03ae \u03ba\u03cc\u03ba\u03ba\u03c9\u03bd<\/strong> \u03c5\u03c8\u03b7\u03bb\u03ae\u03c2 \u03c0\u03bf\u03b9\u03cc\u03c4\u03b7\u03c4\u03b1\u03c2. \u0391\u03c5\u03c4\u03cc\u03c2 \u03bf \u03b5\u03c5\u03c1\u03ad\u03c9\u03c2 \u03c7\u03c1\u03b7\u03c3\u03b9\u03bc\u03bf\u03c0\u03bf\u03b9\u03bf\u03cd\u03bc\u03b5\u03bd\u03bf\u03c2 \u03b5\u03be\u03bf\u03c0\u03bb\u03b9\u03c3\u03bc\u03cc\u03c2 \u03bc\u03c0\u03bf\u03c1\u03b5\u03af \u03bd\u03b1 \u03bc\u03b5\u03c4\u03b1\u03c4\u03c1\u03ad\u03c8\u03b5\u03b9 \u03c4\u03b1 \u03bc\u03b9\u03ba\u03c4\u03ac \u03c5\u03bb\u03b9\u03ba\u03ac \u03c3\u03b5 \u03b1\u03ba\u03c1\u03b9\u03b2\u03b5\u03af\u03c2 \u03ba\u03b1\u03b9 \u03b1\u03c0\u03bf\u03c4\u03b5\u03bb\u03b5\u03c3\u03bc\u03b1\u03c4\u03b9\u03ba\u03bf\u03cd\u03c2 \u03ba\u03cc\u03ba\u03ba\u03bf\u03c5\u03c2. \u0395\u03c0\u03b9\u03c0\u03bb\u03ad\u03bf\u03bd, \u03ad\u03c7\u03b5\u03b9 \u03c4\u03b7\u03bd \u03b9\u03ba\u03b1\u03bd\u03cc\u03c4\u03b7\u03c4\u03b1 \u03bd\u03b1 \u03c3\u03c5\u03bd\u03b8\u03bb\u03af\u03b2\u03b5\u03b9 \u03c4\u03b5\u03bc\u03ac\u03c7\u03b9\u03b1 \u03b1\u03c0\u03bf\u03c1\u03c1\u03b9\u03bc\u03bc\u03ac\u03c4\u03c9\u03bd \u03ba\u03b1\u03b9 \u03bd\u03b1 \u03c3\u03c4\u03b5\u03b3\u03bd\u03ce\u03bd\u03b5\u03b9 \u03bc\u03c0\u03bb\u03bf\u03ba \u03ba\u03cc\u03ba\u03ba\u03c9\u03bd, \u03b9\u03b4\u03b1\u03bd\u03b9\u03ba\u03cc \u03b3\u03b9\u03b1 <strong>\u03c0\u03b1\u03c1\u03b1\u03b3\u03c9\u03b3\u03ae \u03ba\u03b1\u03b9 \u03c0\u03b1\u03c1\u03b1\u03b3\u03c9\u03b3\u03ae \u03b9\u03c3\u03bf\u03c1\u03c1\u03bf\u03c0\u03b7\u03bc\u03ad\u03bd\u03c9\u03bd \u03b6\u03c9\u03bf\u03c4\u03c1\u03bf\u03c6\u03ce\u03bd \u03c0\u03bf\u03c5 \u03c7\u03c1\u03b7\u03c3\u03b9\u03bc\u03bf\u03c0\u03bf\u03b9\u03bf\u03cd\u03bd\u03c4\u03b1\u03b9 \u03c3\u03c5\u03bd\u03ae\u03b8\u03c9\u03c2 \u03c3\u03b5 \u03b6\u03c9\u03bf\u03c4\u03c1\u03bf\u03c6\u03ad\u03c2 \u03cc\u03c0\u03c9\u03c2 \u03c8\u03ac\u03c1\u03b9\u03b1, \u03c0\u03c4\u03b7\u03bd\u03ac \u03ba\u03b1\u03b9 \u03ba\u03b1\u03c4\u03bf\u03b9\u03ba\u03af\u03b4\u03b9\u03b1. <\/strong>\u0395\u03b9\u03b4\u03b9\u03ba\u03ac \u03c3\u03c7\u03b5\u03b4\u03b9\u03b1\u03c3\u03bc\u03ad\u03bd\u03bf\u03c2 \u03b3\u03b9\u03b1 \u03c5\u03bb\u03b9\u03ba\u03ac \u03bc\u03b5 \u03c5\u03c8\u03b7\u03bb\u03cc \u03b9\u03be\u03ce\u03b4\u03b5\u03c2, \u03bf Rotary Granulator ZARL \u03b5\u03b3\u03b3\u03c5\u03ac\u03c4\u03b1\u03b9 \u03bf\u03bc\u03b1\u03bb\u03ae \u03b4\u03b9\u03b1\u03b4\u03b9\u03ba\u03b1\u03c3\u03af\u03b1 \u03c0\u03b1\u03c1\u03b1\u03b3\u03c9\u03b3\u03ae\u03c2 \u03ba\u03b1\u03b9 \u03b5\u03be\u03b1\u03b9\u03c1\u03b5\u03c4\u03b9\u03ba\u03ac \u03b1\u03c0\u03bf\u03c4\u03b5\u03bb\u03ad\u03c3\u03bc\u03b1\u03c4\u03b1. \u0392\u03b5\u03bb\u03c4\u03b9\u03c3\u03c4\u03bf\u03c0\u03bf\u03b9\u03ae\u03c3\u03c4\u03b5 \u03c4\u03b7\u03bd \u03c0\u03b1\u03c1\u03b1\u03b3\u03c9\u03b3\u03ae \u03c3\u03b1\u03c2 \u03ba\u03b1\u03b9 \u03b4\u03b9\u03b1\u03c3\u03c6\u03b1\u03bb\u03af\u03c3\u03c4\u03b5 \u03c4\u03b7\u03bd \u03c0\u03bf\u03b9\u03cc\u03c4\u03b7\u03c4\u03b1 \u03c4\u03c9\u03bd \u03c0\u03c1\u03bf\u03ca\u03cc\u03bd\u03c4\u03c9\u03bd \u03c3\u03b1\u03c2 \u03bc\u03b5 \u03b1\u03c5\u03c4\u03ae \u03c4\u03b7 \u03bb\u03cd\u03c3\u03b7 \u03b1\u03b9\u03c7\u03bc\u03ae\u03c2!<\/p>\n<p>&nbsp;<\/p>\n<p>&nbsp;<\/p>\n<table>\n<tbody>\n<tr>\n<td width=\"283\">\u039c\u03bf\u03bd\u03c4\u03ad\u03bb\u03bf<\/td>\n<td width=\"283\">ZARK-300<\/td>\n<\/tr>\n<tr>\n<td width=\"283\">\u0394\u03b9\u03ac\u03bc\u03b5\u03c4\u03c1\u03bf\u03c2 \u03ba\u03c5\u03bb\u03af\u03bd\u03b4\u03c1\u03bf\u03c5 \u03ba\u03cc\u03c3\u03ba\u03b9\u03bd\u03bf\u03c5 (mm)<\/td>\n<td width=\"283\">300<\/td>\n<\/tr>\n<tr>\n<td width=\"283\">\u0394\u03b9\u03ac\u03bc\u03b5\u03c4\u03c1\u03bf\u03c2 \u03ba\u03bf\u03ba\u03ba\u03bf\u03c0\u03bf\u03af\u03b7\u03c3\u03b7\u03c2 (\u03c7\u03b9\u03bb\u03b9\u03bf\u03c3\u03c4\u03ac)<\/td>\n<td width=\"283\">1.8-2.5 \u03bc\u03c0\u03bf\u03c1\u03b5\u03af \u03bd\u03b1 \u03c0\u03c1\u03bf\u03c3\u03b1\u03c1\u03bc\u03bf\u03c3\u03c4\u03b5\u03af \u03c3\u03cd\u03bc\u03c6\u03c9\u03bd\u03b1 \u03bc\u03b5 \u03c4\u03b9\u03c2 \u03b1\u03bd\u03ac\u03b3\u03ba\u03b5\u03c2 \u03c4\u03c9\u03bd \u03c0\u03b5\u03bb\u03b1\u03c4\u03ce\u03bd<\/td>\n<\/tr>\n<tr>\n<td width=\"283\">\u0399\u03c3\u03c7\u03cd\u03c2 \u03ba\u03b9\u03bd\u03b7\u03c4\u03ae\u03c1\u03b1 (kw)<\/td>\n<td width=\"283\">140-400<\/td>\n<\/tr>\n<tr>\n<td width=\"283\">\u03a0\u03b1\u03c1\u03b1\u03b3\u03c9\u03b3\u03b9\u03ba\u03ae \u03b9\u03ba\u03b1\u03bd\u03cc\u03c4\u03b7\u03c4\u03b1 (kg\/h)<\/td>\n<td width=\"283\">5.5<\/td>\n<\/tr>\n<tr>\n<td width=\"283\">\u03a3\u03c5\u03bd\u03bf\u03bb\u03b9\u03ba\u03cc \u03bc\u03ad\u03b3\u03b5\u03b8\u03bf\u03c2 (\u03c7\u03b9\u03bb\u03b9\u03bf\u03c3\u03c4\u03ac)<\/td>\n<td width=\"283\">880*<\/p>\n<p>640*<\/p>\n<p>1300*<\/td>\n<\/tr>\n<tr>\n<td width=\"283\">\u039a\u03b1\u03b8\u03b1\u03c1\u03cc \u03b2\u03ac\u03c1\u03bf\u03c2 (kg)<\/td>\n<td width=\"283\">400<\/td>\n<\/tr>\n<\/tbody>\n<\/table>\n<p>&nbsp;<\/p>","protected":false},"excerpt":{"rendered":"<p>\u0391\u03bd\u03b1\u03ba\u03b1\u03bb\u03cd\u03c8\u03c4\u03b5 \u03c4\u03bf\u03bd \u03a0\u03b5\u03c1\u03b9\u03c3\u03c4\u03c1\u03bf\u03c6\u03b9\u03ba\u03cc \u039a\u03bf\u03ba\u03ba\u03bf\u03c0\u03bf\u03b9\u03b7\u03c4\u03ae ZARL, \u03ad\u03bd\u03b1 \u03b1\u03c0\u03b1\u03c1\u03b1\u03af\u03c4\u03b7\u03c4\u03bf \u03b5\u03c1\u03b3\u03b1\u03bb\u03b5\u03af\u03bf \u03c3\u03c4\u03b9\u03c2 \u03c6\u03b1\u03c1\u03bc\u03b1\u03ba\u03b5\u03c5\u03c4\u03b9\u03ba\u03ad\u03c2 \u03ba\u03b1\u03b9 \u03b2\u03b9\u03bf\u03bc\u03b7\u03c7\u03b1\u03bd\u03af\u03b5\u03c2 \u03c4\u03c1\u03bf\u03c6\u03af\u03bc\u03c9\u03bd \u03b3\u03b9\u03b1 \u03c4\u03b7\u03bd \u03c0\u03b1\u03c1\u03b1\u03b3\u03c9\u03b3\u03ae \u03ba\u03cc\u03ba\u03ba\u03c9\u03bd.<\/p>","protected":false},"featured_media":6988,"comment_status":"open","ping_status":"closed","template":"","meta":{"wds_primary_product_brand":0,"wds_primary_product_cat":0},"product_brand":[],"product_cat":[84],"product_tag":[],"class_list":{"0":"post-6968","1":"product","2":"type-product","3":"status-publish","4":"has-post-thumbnail","6":"product_cat-maquinas-para-hacer-pastillas","8":"first","9":"instock","10":"taxable","11":"shipping-taxable","12":"purchasable","13":"product-type-simple"},"yoast_head":"<!-- This site is optimized with the Yoast SEO Premium plugin v24.9 (Yoast SEO v26.1) - https:\/\/yoast.com\/wordpress\/plugins\/seo\/ -->\n<title>GRANULADOR ROTATORIO ZARL PARA PIENSOS DE ANIMALES - distribuci\u00f3n ARC<\/title>\n<meta name=\"robots\" content=\"index, follow, max-snippet:-1, max-image-preview:large, max-video-preview:-1\" \/>\n<link rel=\"canonical\" href=\"https:\/\/distribucionarc.com\/el\/\u03c0\u03c1\u03bf\u03ca\u03cc\u03bd\/zarl-\u03c0\u03b5\u03c1\u03b9\u03c3\u03c4\u03c1\u03bf\u03c6\u03b9\u03ba\u03cc\u03c2-\u03ba\u03bf\u03ba\u03ba\u03bf\u03c0\u03bf\u03b9\u03b7\u03c4\u03ae\u03c2-\u03b3\u03b9\u03b1-\u03b6\u03c9\u03bf\u03c4\/\" \/>\n<meta property=\"og:locale\" content=\"el_GR\" \/>\n<meta property=\"og:type\" content=\"article\" \/>\n<meta property=\"og:title\" content=\"GRANULADOR ROTATORIO ZARL PARA PIENSOS DE ANIMALES\" \/>\n<meta property=\"og:description\" content=\"Descubre el Granulador Rotatorio ZARL, una herramienta esencial en las industrias farmac\u00e9utica y alimentaria para la producci\u00f3n de gr\u00e1nulos de\" \/>\n<meta property=\"og:url\" content=\"https:\/\/distribucionarc.com\/el\/\u03c0\u03c1\u03bf\u03ca\u03cc\u03bd\/zarl-\u03c0\u03b5\u03c1\u03b9\u03c3\u03c4\u03c1\u03bf\u03c6\u03b9\u03ba\u03cc\u03c2-\u03ba\u03bf\u03ba\u03ba\u03bf\u03c0\u03bf\u03b9\u03b7\u03c4\u03ae\u03c2-\u03b3\u03b9\u03b1-\u03b6\u03c9\u03bf\u03c4\/\" \/>\n<meta property=\"og:site_name\" content=\"distribuci\u00f3n ARC\" \/>\n<meta property=\"article:modified_time\" content=\"2024-04-27T06:43:42+00:00\" \/>\n<meta property=\"og:image\" content=\"https:\/\/distribucionarc.com\/wp-content\/uploads\/2024\/04\/GRANULADOR-ROTATORIO-ZARL-PARA-PIENSOS-DE-ANIMALES.webp\" \/>\n\t<meta property=\"og:image:width\" content=\"1128\" \/>\n\t<meta property=\"og:image:height\" content=\"1136\" \/>\n\t<meta property=\"og:image:type\" content=\"image\/webp\" \/>\n<meta name=\"twitter:card\" content=\"summary_large_image\" \/>\n<meta name=\"twitter:label1\" content=\"\u0395\u03ba\u03c4\u03b9\u03bc\u03ce\u03bc\u03b5\u03bd\u03bf\u03c2 \u03c7\u03c1\u03cc\u03bd\u03bf\u03c2 \u03b1\u03bd\u03ac\u03b3\u03bd\u03c9\u03c3\u03b7\u03c2\" \/>\n\t<meta name=\"twitter:data1\" content=\"1 \u03bb\u03b5\u03c0\u03c4\u03cc\" \/>\n<script type=\"application\/ld+json\" class=\"yoast-schema-graph\">{\"@context\":\"https:\/\/schema.org\",\"@graph\":[{\"@type\":\"WebPage\",\"@id\":\"https:\/\/distribucionarc.com\/pl\/producto\/granulador-rotatorio-zarl-para-piensos-de-animales\/\",\"url\":\"https:\/\/distribucionarc.com\/pl\/producto\/granulador-rotatorio-zarl-para-piensos-de-animales\/\",\"name\":\"GRANULADOR ROTATORIO ZARL PARA PIENSOS DE ANIMALES - distribuci\u00f3n ARC\",\"isPartOf\":{\"@id\":\"https:\/\/distribucionarc.com\/de\/#website\"},\"primaryImageOfPage\":{\"@id\":\"https:\/\/distribucionarc.com\/pl\/producto\/granulador-rotatorio-zarl-para-piensos-de-animales\/#primaryimage\"},\"image\":{\"@id\":\"https:\/\/distribucionarc.com\/pl\/producto\/granulador-rotatorio-zarl-para-piensos-de-animales\/#primaryimage\"},\"thumbnailUrl\":\"https:\/\/distribucionarc.com\/wp-content\/uploads\/2024\/04\/GRANULADOR-ROTATORIO-ZARL-PARA-PIENSOS-DE-ANIMALES.webp\",\"datePublished\":\"2024-04-27T06:43:40+00:00\",\"dateModified\":\"2024-04-27T06:43:42+00:00\",\"breadcrumb\":{\"@id\":\"https:\/\/distribucionarc.com\/pl\/producto\/granulador-rotatorio-zarl-para-piensos-de-animales\/#breadcrumb\"},\"inLanguage\":\"el\",\"potentialAction\":[{\"@type\":\"ReadAction\",\"target\":[\"https:\/\/distribucionarc.com\/pl\/producto\/granulador-rotatorio-zarl-para-piensos-de-animales\/\"]}]},{\"@type\":\"ImageObject\",\"inLanguage\":\"el\",\"@id\":\"https:\/\/distribucionarc.com\/pl\/producto\/granulador-rotatorio-zarl-para-piensos-de-animales\/#primaryimage\",\"url\":\"https:\/\/distribucionarc.com\/wp-content\/uploads\/2024\/04\/GRANULADOR-ROTATORIO-ZARL-PARA-PIENSOS-DE-ANIMALES.webp\",\"contentUrl\":\"https:\/\/distribucionarc.com\/wp-content\/uploads\/2024\/04\/GRANULADOR-ROTATORIO-ZARL-PARA-PIENSOS-DE-ANIMALES.webp\",\"width\":1128,\"height\":1136,\"caption\":\"#image_title\"},{\"@type\":\"BreadcrumbList\",\"@id\":\"https:\/\/distribucionarc.com\/pl\/producto\/granulador-rotatorio-zarl-para-piensos-de-animales\/#breadcrumb\",\"itemListElement\":[{\"@type\":\"ListItem\",\"position\":1,\"name\":\"Portada\",\"item\":\"https:\/\/distribucionarc.com\/pl\/\"},{\"@type\":\"ListItem\",\"position\":2,\"name\":\"Produkty\",\"item\":\"https:\/\/distribucionarc.com\/pl\/shop\/\"},{\"@type\":\"ListItem\",\"position\":3,\"name\":\"GRANULADOR ROTATORIO ZARL PARA PIENSOS DE ANIMALES\"}]},{\"@type\":\"WebSite\",\"@id\":\"https:\/\/distribucionarc.com\/de\/#website\",\"url\":\"https:\/\/distribucionarc.com\/de\/\",\"name\":\"distribuci\u00f3n ARC\",\"description\":\"Empresa especializada en la fabricaci\u00f3n y distribuci\u00f3n de maquinaria industrial, selladoras de latas, Maquinas de hacer pastillas, Maquinas de cortar carne...\",\"publisher\":{\"@id\":\"https:\/\/distribucionarc.com\/de\/#organization\"},\"potentialAction\":[{\"@type\":\"SearchAction\",\"target\":{\"@type\":\"EntryPoint\",\"urlTemplate\":\"https:\/\/distribucionarc.com\/de\/?s={search_term_string}\"},\"query-input\":{\"@type\":\"PropertyValueSpecification\",\"valueRequired\":true,\"valueName\":\"search_term_string\"}}],\"inLanguage\":\"el\"},{\"@type\":\"Organization\",\"@id\":\"https:\/\/distribucionarc.com\/de\/#organization\",\"name\":\"Distribuci\u00f3n ARC\",\"url\":\"https:\/\/distribucionarc.com\/de\/\",\"logo\":{\"@type\":\"ImageObject\",\"inLanguage\":\"el\",\"@id\":\"https:\/\/distribucionarc.com\/de\/#\/schema\/logo\/image\/\",\"url\":\"https:\/\/distribucionarc.com\/wp-content\/uploads\/2024\/10\/distribucion-ARC-COLOR-SIN-FONDO-e1732295305345.png\",\"contentUrl\":\"https:\/\/distribucionarc.com\/wp-content\/uploads\/2024\/10\/distribucion-ARC-COLOR-SIN-FONDO-e1732295305345.png\",\"width\":1164,\"height\":558,\"caption\":\"Distribuci\u00f3n ARC\"},\"image\":{\"@id\":\"https:\/\/distribucionarc.com\/de\/#\/schema\/logo\/image\/\"},\"description\":\"Empresa especializada en la fabricaci\u00f3n y distribuci\u00f3n de maquinaria industrial para los sectores alimentario y farmac\u00e9utico. Nos especializamos en: M\u00e1quinas de cortar carne Fabricaci\u00f3n de comprimidos Sistemas de transporte industrial L\u00edneas de embotellado Dosificadores Y mucho m\u00e1s... Ofrecemos soluciones innovadoras y personalizadas para optimizar los procesos productivos de tu empresa.\",\"email\":\"Admistracion@distribucionarc.com\",\"telephone\":\"+34 643496664\",\"legalName\":\"ARC TECH SOLUTIONS\",\"foundingDate\":\"2024-04-09\",\"vatID\":\"B55480172\",\"numberOfEmployees\":{\"@type\":\"QuantitativeValue\",\"minValue\":\"1\",\"maxValue\":\"10\"}}]}<\/script>\n<!-- \/ Yoast SEO Premium plugin. -->","yoast_head_json":{"title":"ZARL \u03a0\u0395\u03a1\u0399\u03a3\u03a4\u03a1\u039f\u03a6\u0399\u039a\u039f\u03a3 \u039a\u039f\u03a3\u039a\u0399\u03a3\u03a4\u0397\u03a3 \u0393\u0399\u0391 \u0396\u03a9\u039f\u03a4\u03a1\u039f\u03a6\u0395\u03a3 - \u039a\u03b1\u03c4\u03b1\u03bd\u03bf\u03bc\u03ae ARC","robots":{"index":"index","follow":"follow","max-snippet":"max-snippet:-1","max-image-preview":"max-image-preview:large","max-video-preview":"max-video-preview:-1"},"canonical":"https:\/\/distribucionarc.com\/el\/\u03c0\u03c1\u03bf\u03ca\u03cc\u03bd\/zarl-\u03c0\u03b5\u03c1\u03b9\u03c3\u03c4\u03c1\u03bf\u03c6\u03b9\u03ba\u03cc\u03c2-\u03ba\u03bf\u03ba\u03ba\u03bf\u03c0\u03bf\u03b9\u03b7\u03c4\u03ae\u03c2-\u03b3\u03b9\u03b1-\u03b6\u03c9\u03bf\u03c4\/","og_locale":"el_GR","og_type":"article","og_title":"GRANULADOR ROTATORIO ZARL PARA PIENSOS DE ANIMALES","og_description":"Descubre el Granulador Rotatorio ZARL, una herramienta esencial en las industrias farmac\u00e9utica y alimentaria para la producci\u00f3n de gr\u00e1nulos de","og_url":"https:\/\/distribucionarc.com\/el\/\u03c0\u03c1\u03bf\u03ca\u03cc\u03bd\/zarl-\u03c0\u03b5\u03c1\u03b9\u03c3\u03c4\u03c1\u03bf\u03c6\u03b9\u03ba\u03cc\u03c2-\u03ba\u03bf\u03ba\u03ba\u03bf\u03c0\u03bf\u03b9\u03b7\u03c4\u03ae\u03c2-\u03b3\u03b9\u03b1-\u03b6\u03c9\u03bf\u03c4\/","og_site_name":"distribuci\u00f3n ARC","article_modified_time":"2024-04-27T06:43:42+00:00","og_image":[{"width":1128,"height":1136,"url":"https:\/\/distribucionarc.com\/wp-content\/uploads\/2024\/04\/GRANULADOR-ROTATORIO-ZARL-PARA-PIENSOS-DE-ANIMALES.webp","type":"image\/webp"}],"twitter_card":"summary_large_image","twitter_misc":{"\u0395\u03ba\u03c4\u03b9\u03bc\u03ce\u03bc\u03b5\u03bd\u03bf\u03c2 \u03c7\u03c1\u03cc\u03bd\u03bf\u03c2 \u03b1\u03bd\u03ac\u03b3\u03bd\u03c9\u03c3\u03b7\u03c2":"1 \u03bb\u03b5\u03c0\u03c4\u03cc"},"schema":{"@context":"https:\/\/schema.org","@graph":[{"@type":"WebPage","@id":"https:\/\/distribucionarc.com\/pl\/producto\/granulador-rotatorio-zarl-para-piensos-de-animales\/","url":"https:\/\/distribucionarc.com\/pl\/producto\/granulador-rotatorio-zarl-para-piensos-de-animales\/","name":"ZARL \u03a0\u0395\u03a1\u0399\u03a3\u03a4\u03a1\u039f\u03a6\u0399\u039a\u039f\u03a3 \u039a\u039f\u03a3\u039a\u0399\u03a3\u03a4\u0397\u03a3 \u0393\u0399\u0391 \u0396\u03a9\u039f\u03a4\u03a1\u039f\u03a6\u0395\u03a3 - \u039a\u03b1\u03c4\u03b1\u03bd\u03bf\u03bc\u03ae ARC","isPartOf":{"@id":"https:\/\/distribucionarc.com\/de\/#website"},"primaryImageOfPage":{"@id":"https:\/\/distribucionarc.com\/pl\/producto\/granulador-rotatorio-zarl-para-piensos-de-animales\/#primaryimage"},"image":{"@id":"https:\/\/distribucionarc.com\/pl\/producto\/granulador-rotatorio-zarl-para-piensos-de-animales\/#primaryimage"},"thumbnailUrl":"https:\/\/distribucionarc.com\/wp-content\/uploads\/2024\/04\/GRANULADOR-ROTATORIO-ZARL-PARA-PIENSOS-DE-ANIMALES.webp","datePublished":"2024-04-27T06:43:40+00:00","dateModified":"2024-04-27T06:43:42+00:00","breadcrumb":{"@id":"https:\/\/distribucionarc.com\/pl\/producto\/granulador-rotatorio-zarl-para-piensos-de-animales\/#breadcrumb"},"inLanguage":"el","potentialAction":[{"@type":"ReadAction","target":["https:\/\/distribucionarc.com\/pl\/producto\/granulador-rotatorio-zarl-para-piensos-de-animales\/"]}]},{"@type":"ImageObject","inLanguage":"el","@id":"https:\/\/distribucionarc.com\/pl\/producto\/granulador-rotatorio-zarl-para-piensos-de-animales\/#primaryimage","url":"https:\/\/distribucionarc.com\/wp-content\/uploads\/2024\/04\/GRANULADOR-ROTATORIO-ZARL-PARA-PIENSOS-DE-ANIMALES.webp","contentUrl":"https:\/\/distribucionarc.com\/wp-content\/uploads\/2024\/04\/GRANULADOR-ROTATORIO-ZARL-PARA-PIENSOS-DE-ANIMALES.webp","width":1128,"height":1136,"caption":"#image_title"},{"@type":"BreadcrumbList","@id":"https:\/\/distribucionarc.com\/pl\/producto\/granulador-rotatorio-zarl-para-piensos-de-animales\/#breadcrumb","itemListElement":[{"@type":"ListItem","position":1,"name":"Portada","item":"https:\/\/distribucionarc.com\/pl\/"},{"@type":"ListItem","position":2,"name":"Produkty","item":"https:\/\/distribucionarc.com\/pl\/shop\/"},{"@type":"ListItem","position":3,"name":"GRANULADOR ROTATORIO ZARL PARA PIENSOS DE ANIMALES"}]},{"@type":"WebSite","@id":"https:\/\/distribucionarc.com\/de\/#website","url":"https:\/\/distribucionarc.com\/de\/","name":"\u039a\u03b1\u03c4\u03b1\u03bd\u03bf\u03bc\u03ae ARC","description":"\u0395\u03c4\u03b1\u03b9\u03c1\u03b5\u03af\u03b1 \u03c0\u03bf\u03c5 \u03b5\u03b9\u03b4\u03b9\u03ba\u03b5\u03cd\u03b5\u03c4\u03b1\u03b9 \u03c3\u03c4\u03b7\u03bd \u03ba\u03b1\u03c4\u03b1\u03c3\u03ba\u03b5\u03c5\u03ae \u03ba\u03b1\u03b9 \u03b4\u03b9\u03b1\u03bd\u03bf\u03bc\u03ae \u03b2\u03b9\u03bf\u03bc\u03b7\u03c7\u03b1\u03bd\u03b9\u03ba\u03ce\u03bd \u03bc\u03b7\u03c7\u03b1\u03bd\u03b7\u03bc\u03ac\u03c4\u03c9\u03bd, \u03bc\u03b7\u03c7\u03b1\u03bd\u03ce\u03bd \u03c3\u03c6\u03c1\u03ac\u03b3\u03b9\u03c3\u03b7\u03c2 \u03ba\u03bf\u03bd\u03c3\u03b5\u03c1\u03b2\u03ce\u03bd, \u03bc\u03b7\u03c7\u03b1\u03bd\u03ce\u03bd \u03c0\u03b1\u03c1\u03b1\u03c3\u03ba\u03b5\u03c5\u03ae\u03c2 \u03b4\u03b9\u03c3\u03ba\u03af\u03c9\u03bd, \u03bc\u03b7\u03c7\u03b1\u03bd\u03ce\u03bd \u03ba\u03bf\u03c0\u03ae\u03c2 \u03ba\u03c1\u03ad\u03b1\u03c4\u03bf\u03c2...","publisher":{"@id":"https:\/\/distribucionarc.com\/de\/#organization"},"potentialAction":[{"@type":"SearchAction","target":{"@type":"EntryPoint","urlTemplate":"https:\/\/distribucionarc.com\/de\/?s={search_term_string}"},"query-input":{"@type":"PropertyValueSpecification","valueRequired":true,"valueName":"search_term_string"}}],"inLanguage":"el"},{"@type":"Organization","@id":"https:\/\/distribucionarc.com\/de\/#organization","name":"\u0394\u03b9\u03b1\u03bd\u03bf\u03bc\u03ae ARC","url":"https:\/\/distribucionarc.com\/de\/","logo":{"@type":"ImageObject","inLanguage":"el","@id":"https:\/\/distribucionarc.com\/de\/#\/schema\/logo\/image\/","url":"https:\/\/distribucionarc.com\/wp-content\/uploads\/2024\/10\/distribucion-ARC-COLOR-SIN-FONDO-e1732295305345.png","contentUrl":"https:\/\/distribucionarc.com\/wp-content\/uploads\/2024\/10\/distribucion-ARC-COLOR-SIN-FONDO-e1732295305345.png","width":1164,"height":558,"caption":"Distribuci\u00f3n ARC"},"image":{"@id":"https:\/\/distribucionarc.com\/de\/#\/schema\/logo\/image\/"},"description":"\u0395\u03c4\u03b1\u03b9\u03c1\u03b5\u03af\u03b1 \u03c0\u03bf\u03c5 \u03b5\u03b9\u03b4\u03b9\u03ba\u03b5\u03cd\u03b5\u03c4\u03b1\u03b9 \u03c3\u03c4\u03b7\u03bd \u03ba\u03b1\u03c4\u03b1\u03c3\u03ba\u03b5\u03c5\u03ae \u03ba\u03b1\u03b9 \u03b4\u03b9\u03b1\u03bd\u03bf\u03bc\u03ae \u03b2\u03b9\u03bf\u03bc\u03b7\u03c7\u03b1\u03bd\u03b9\u03ba\u03ce\u03bd \u03bc\u03b7\u03c7\u03b1\u03bd\u03b7\u03bc\u03ac\u03c4\u03c9\u03bd \u03b3\u03b9\u03b1 \u03c4\u03bf\u03bd \u03c4\u03bf\u03bc\u03ad\u03b1 \u03c4\u03c9\u03bd \u03c4\u03c1\u03bf\u03c6\u03af\u03bc\u03c9\u03bd \u03ba\u03b1\u03b9 \u03c4\u03c9\u03bd \u03c6\u03b1\u03c1\u03bc\u03ac\u03ba\u03c9\u03bd. \u0395\u03be\u03b5\u03b9\u03b4\u03b9\u03ba\u03b5\u03c5\u03cc\u03bc\u03b1\u03c3\u03c4\u03b5 \u03c3\u03b5: \u0393\u03c1\u03b1\u03bc\u03bc\u03ad\u03c2 \u03b5\u03bc\u03c6\u03b9\u03ac\u03bb\u03c9\u03c3\u03b7\u03c2 \u0394\u03bf\u03c3\u03bf\u03bc\u03b5\u03c4\u03c1\u03b9\u03ba\u03ad\u03c2 \u03bc\u03b7\u03c7\u03b1\u03bd\u03ad\u03c2 \u039a\u03b1\u03b9 \u03c0\u03bf\u03bb\u03bb\u03ac \u03ac\u03bb\u03bb\u03b1... \u03a0\u03c1\u03bf\u03c3\u03c6\u03ad\u03c1\u03bf\u03c5\u03bc\u03b5 \u03ba\u03b1\u03b9\u03bd\u03bf\u03c4\u03cc\u03bc\u03b5\u03c2 \u03ba\u03b1\u03b9 \u03b5\u03be\u03b1\u03c4\u03bf\u03bc\u03b9\u03ba\u03b5\u03c5\u03bc\u03ad\u03bd\u03b5\u03c2 \u03bb\u03cd\u03c3\u03b5\u03b9\u03c2 \u03b3\u03b9\u03b1 \u03c4\u03b7 \u03b2\u03b5\u03bb\u03c4\u03b9\u03c3\u03c4\u03bf\u03c0\u03bf\u03af\u03b7\u03c3\u03b7 \u03c4\u03c9\u03bd \u03c0\u03b1\u03c1\u03b1\u03b3\u03c9\u03b3\u03b9\u03ba\u03ce\u03bd \u03b4\u03b9\u03b1\u03b4\u03b9\u03ba\u03b1\u03c3\u03b9\u03ce\u03bd \u03c4\u03b7\u03c2 \u03b5\u03c4\u03b1\u03b9\u03c1\u03b5\u03af\u03b1\u03c2 \u03c3\u03b1\u03c2.","email":"Admistracion@distribucionarc.com","telephone":"+34 643496664","legalName":"ARC TECH SOLUTIONS","foundingDate":"2024-04-09","vatID":"B55480172","numberOfEmployees":{"@type":"QuantitativeValue","minValue":"1","maxValue":"10"}}]}},"_links":{"self":[{"href":"https:\/\/distribucionarc.com\/el\/wp-json\/wp\/v2\/product\/6968","targetHints":{"allow":["GET"]}}],"collection":[{"href":"https:\/\/distribucionarc.com\/el\/wp-json\/wp\/v2\/product"}],"about":[{"href":"https:\/\/distribucionarc.com\/el\/wp-json\/wp\/v2\/types\/product"}],"replies":[{"embeddable":true,"href":"https:\/\/distribucionarc.com\/el\/wp-json\/wp\/v2\/comments?post=6968"}],"version-history":[{"count":0,"href":"https:\/\/distribucionarc.com\/el\/wp-json\/wp\/v2\/product\/6968\/revisions"}],"wp:featuredmedia":[{"embeddable":true,"href":"https:\/\/distribucionarc.com\/el\/wp-json\/wp\/v2\/media\/6988"}],"wp:attachment":[{"href":"https:\/\/distribucionarc.com\/el\/wp-json\/wp\/v2\/media?parent=6968"}],"wp:term":[{"taxonomy":"product_brand","embeddable":true,"href":"https:\/\/distribucionarc.com\/el\/wp-json\/wp\/v2\/product_brand?post=6968"},{"taxonomy":"product_cat","embeddable":true,"href":"https:\/\/distribucionarc.com\/el\/wp-json\/wp\/v2\/product_cat?post=6968"},{"taxonomy":"product_tag","embeddable":true,"href":"https:\/\/distribucionarc.com\/el\/wp-json\/wp\/v2\/product_tag?post=6968"}],"curies":[{"name":"wp","href":"https:\/\/api.w.org\/{rel}","templated":true}]}}