{"id":6996,"date":"2024-04-27T07:48:43","date_gmt":"2024-04-27T07:48:43","guid":{"rendered":"https:\/\/distribucionarc.com\/?post_type=product&#038;p=6996"},"modified":"2024-04-27T07:48:46","modified_gmt":"2024-04-27T07:48:46","slug":"%ce%b5%cf%80%ce%b9%ce%ba%ce%ac%ce%bb%cf%85%cf%88%ce%b7-%ce%bc%ce%b7%cf%87%ce%b1%ce%bd%ce%ae-%ce%bc%ce%b5-%cf%80%ce%bb%ce%b1%cf%83%cf%84%ce%b9%ce%ba%ce%bf%cf%80%ce%bf%ce%b9%ce%b7%cf%84%ce%ad%cf%82","status":"publish","type":"product","link":"https:\/\/distribucionarc.com\/el\/producto\/maquina-recubridora-con-plastificantes-para-proteinas\/","title":{"rendered":"\u03a4\u0391\u03a6\u039f\u039c\u0397\u03a7\u0391\u039d\u0397 \u039c\u0395 \u03a0\u039b\u0391\u03a3\u03a4\u0399\u03a6\u0395\u03a1 \u0393\u0399\u0391 \u03a0\u03a1\u03a9\u03a4\u0395\u03aa\u039d\u0395\u03a3"},"content":{"rendered":"<p>\u0391\u03bd\u03b1\u03ba\u03b1\u03bb\u03cd\u03c8\u03c4\u03b5 \u03c4\u03b7\u03bd \u03b1\u03c0\u03bf\u03c4\u03b5\u03bb\u03b5\u03c3\u03bc\u03b1\u03c4\u03b9\u03ba\u03cc\u03c4\u03b7\u03c4\u03b1 \u03c4\u03bf\u03c5<strong> \u039c\u03b7\u03c7\u03ac\u03bd\u03b7\u03bc\u03b1 \u03c4\u03c1\u03b9\u03b2\u03ae\u03c2 \u03c3\u03b5\u03b9\u03c1\u03ac\u03c2 BARYC<\/strong>, \u03c3\u03c7\u03b5\u03b4\u03b9\u03b1\u03c3\u03bc\u03ad\u03bd\u03bf \u03b3\u03b9\u03b1 \u03c4\u03b7 \u03b2\u03b9\u03bf\u03bc\u03b7\u03c7\u03b1\u03bd\u03af\u03b1 \u03c6\u03b1\u03c1\u03bc\u03ac\u03ba\u03c9\u03bd \u03ba\u03b1\u03b9 \u03c4\u03c1\u03bf\u03c6\u03af\u03bc\u03c9\u03bd. \u0391\u03c5\u03c4\u03cc\u03c2 \u03bf \u03c0\u03bf\u03bb\u03c5\u03c7\u03c1\u03b7\u03c3\u03c4\u03b9\u03ba\u03cc\u03c2 \u03b5\u03be\u03bf\u03c0\u03bb\u03b9\u03c3\u03bc\u03cc\u03c2 \u03b5\u03af\u03bd\u03b1\u03b9 \u03b9\u03b4\u03b1\u03bd\u03b9\u03ba\u03cc\u03c2 \u03b3\u03b9\u03b1 <strong>\u03c4\u03b1\u03bc\u03c0\u03bb\u03ad\u03c4\u03b5\u03c2 \u03b5\u03c0\u03b9\u03ba\u03ac\u03bb\u03c5\u03c8\u03b7\u03c2 \u03bc\u03b5 \u03c0\u03bb\u03b1\u03c3\u03c4\u03b9\u03ba\u03bf\u03c0\u03bf\u03b9\u03b7\u03c4\u03ad\u03c2 \u03c0\u03c1\u03c9\u03c4\u03b5\u0390\u03bd\u03b7\u03c2 \u03bc\u03c0\u03b9\u03b6\u03b5\u03bb\u03b9\u03bf\u03cd \u03ba\u03b1\u03b9 \u03c4\u03b1\u03bc\u03c0\u03bb\u03ad\u03c4\u03b5\u03c2 \u03bc\u03b5 \u03b6\u03ac\u03c7\u03b1\u03c1\u03b7,<\/strong> \u03ba\u03b1\u03b8\u03ce\u03c2 \u03ba\u03b1\u03b9 \u03b3\u03b9\u03b1 \u03c4\u03b7\u03bd \u03c9\u03c1\u03af\u03bc\u03b1\u03bd\u03c3\u03b7 \u03c4\u03c9\u03bd \u03ba\u03b1\u03c1\u03c0\u03ce\u03bd. \u0397 \u03c1\u03c5\u03b8\u03bc\u03b9\u03b6\u03cc\u03bc\u03b5\u03bd\u03b7 \u03b3\u03c9\u03bd\u03af\u03b1 \u03ba\u03bb\u03af\u03c3\u03b7\u03c2 \u03c4\u03bf\u03c5 \u03c3\u03c4\u03bf \u03b4\u03bf\u03c7\u03b5\u03af\u03bf \u03b5\u03c0\u03b9\u03ba\u03ac\u03bb\u03c5\u03c8\u03b7\u03c2 \u03ba\u03b1\u03b9 \u03b7 \u03b4\u03c5\u03bd\u03b1\u03c4\u03cc\u03c4\u03b7\u03c4\u03b1 \u03c4\u03bf\u03c0\u03bf\u03b8\u03ad\u03c4\u03b7\u03c3\u03b7\u03c2 \u03c4\u03b7\u03c2 \u03c3\u03c5\u03c3\u03ba\u03b5\u03c5\u03ae\u03c2 \u03b8\u03ad\u03c1\u03bc\u03b1\u03bd\u03c3\u03b7\u03c2 \u03ba\u03ac\u03c4\u03c9 \u03b1\u03c0\u03cc \u03b1\u03c5\u03c4\u03cc \u03b5\u03b3\u03b3\u03c5\u03ce\u03bd\u03c4\u03b1\u03b9 \u03bc\u03b9\u03b1 \u03b1\u03ba\u03c1\u03b9\u03b2\u03ae \u03ba\u03b1\u03b9 \u03b5\u03bb\u03b5\u03b3\u03c7\u03cc\u03bc\u03b5\u03bd\u03b7 \u03b4\u03b9\u03b1\u03b4\u03b9\u03ba\u03b1\u03c3\u03af\u03b1. \u0392\u03b5\u03bb\u03c4\u03b9\u03c3\u03c4\u03bf\u03c0\u03bf\u03b9\u03ae\u03c3\u03c4\u03b5 \u03c4\u03b7\u03bd \u03c0\u03b1\u03c1\u03b1\u03b3\u03c9\u03b3\u03ae \u03c3\u03b1\u03c2 \u03ba\u03b1\u03b9 \u03b5\u03be\u03b1\u03c3\u03c6\u03b1\u03bb\u03af\u03c3\u03c4\u03b5 \u03c4\u03b7\u03bd \u03c0\u03bf\u03b9\u03cc\u03c4\u03b7\u03c4\u03b1 \u03c4\u03c9\u03bd \u03c0\u03c1\u03bf\u03ca\u03cc\u03bd\u03c4\u03c9\u03bd \u03c3\u03b1\u03c2 \u03bc\u03b5 \u03c4\u03bf <strong>\u039c\u03b7\u03c7\u03ac\u03bd\u03b7\u03bc\u03b1 \u03c4\u03c1\u03b9\u03b2\u03ae\u03c2 \u03c3\u03b5\u03b9\u03c1\u03ac\u03c2 BARYC.<\/strong> \u0395\u03bd\u03b9\u03c3\u03c7\u03cd\u03c3\u03c4\u03b5 \u03c4\u03b7 \u03bb\u03b5\u03b9\u03c4\u03bf\u03c5\u03c1\u03b3\u03af\u03b1 \u03c3\u03b1\u03c2 \u03bc\u03b5 \u03b1\u03c5\u03c4\u03ae\u03bd \u03c4\u03b7\u03bd \u03c0\u03c1\u03bf\u03b7\u03b3\u03bc\u03ad\u03bd\u03b7 \u03ba\u03b1\u03b9 \u03b1\u03be\u03b9\u03cc\u03c0\u03b9\u03c3\u03c4\u03b7 \u03bb\u03cd\u03c3\u03b7!<\/p>\n<p>&nbsp;<\/p>\n<table>\n<tbody>\n<tr>\n<td width=\"61\">\u039c\u03bf\u03bd\u03c4\u03ad\u03bb\u03bf<\/td>\n<td width=\"70\">\u0394\u03b9\u03ac\u03bc\u03b5\u03c4\u03c1\u03bf\u03c2 \u03b4\u03bf\u03c7\u03b5\u03af\u03bf\u03c5 \u03b5\u03c0\u03b9\u03ba\u03ac\u03bb\u03c5\u03c8\u03b7\u03c2 \u03b6\u03ac\u03c7\u03b1\u03c1\u03b7\u03c2 (\u03c7\u03b9\u03bb\u03b9\u03bf\u03c3\u03c4\u03ac)<\/td>\n<td width=\"67\">\u03a4\u03b1\u03c7\u03cd\u03c4\u03b7\u03c4\u03b1 \u03b4\u03bf\u03c7\u03b5\u03af\u03bf\u03c5 \u03b5\u03c0\u03b9\u03ba\u03ac\u03bb\u03c5\u03c8\u03b7\u03c2 \u03b6\u03ac\u03c7\u03b1\u03c1\u03b7\u03c2 (\u03c3\u03c4\u03c1\u03bf\u03c6\u03ad\u03c2\/\u03bb\u03b5\u03c0\u03c4\u03cc)<\/td>\n<td width=\"49\">\u0399\u03c3\u03c7\u03cd\u03c2 \u03ba\u03b9\u03bd\u03b7\u03c4\u03ae\u03c1\u03b1 (kw)<\/td>\n<td width=\"54\">\u039a\u03b1\u03bb\u03ce\u03b4\u03b9\u03bf \u03b8\u03ad\u03c1\u03bc\u03b1\u03bd\u03c3\u03b7\u03c2 (w)<\/td>\n<td width=\"54\">\u0399\u03c3\u03c7\u03cd\u03c2 \u03b1\u03bd\u03b5\u03bc\u03b9\u03c3\u03c4\u03ae\u03c1\u03b1 (w)<\/td>\n<td width=\"57\">\u03a7\u03c9\u03c1\u03b7\u03c4\u03b9\u03ba\u03cc\u03c4\u03b7\u03c4\u03b1 (kg\/h)<\/td>\n<td width=\"60\">\u0386\u03bb\u03bb\u03b7 \u03b9\u03c3\u03c7\u03cd\u03c2 \u03b8\u03ad\u03c1\u03bc\u03b1\u03bd\u03c3\u03b7\u03c2 (w)<\/td>\n<td width=\"49\">\u0392\u03ac\u03c1\u03bf\u03c2 \u03bc\u03b7\u03c7\u03b1\u03bd\u03ae\u03c2 (kg)<\/td>\n<td width=\"45\">\u03a3\u03c5\u03bd\u03bf\u03bb\u03b9\u03ba\u03cc \u03bc\u03ad\u03b3\u03b5\u03b8\u03bf\u03c2 (\u03c7\u03b9\u03bb\u03b9\u03bf\u03c3\u03c4\u03ac)<\/td>\n<\/tr>\n<tr>\n<td width=\"61\">BARYC300<\/td>\n<td width=\"70\">300<\/td>\n<td width=\"67\">46<\/td>\n<td width=\"49\">0.55<\/td>\n<td width=\"54\">500<\/td>\n<td width=\"54\">40<\/td>\n<td width=\"57\">2<\/td>\n<td width=\"60\">500<\/td>\n<td width=\"49\">65<\/td>\n<td width=\"45\">485*<\/p>\n<p>585*<\/p>\n<p>766*<\/td>\n<\/tr>\n<tr>\n<td width=\"61\">BARYC400<\/td>\n<td width=\"70\">400<\/td>\n<td width=\"67\">46<\/td>\n<td width=\"49\">0.55<\/td>\n<td width=\"54\">500<\/td>\n<td width=\"54\">40<\/td>\n<td width=\"57\">5<\/td>\n<td width=\"60\">500<\/td>\n<td width=\"49\">70<\/td>\n<td width=\"45\">485*<\/p>\n<p>585*<\/p>\n<p>810*<\/td>\n<\/tr>\n<tr>\n<td width=\"61\">BARYC600<\/td>\n<td width=\"70\">600<\/td>\n<td width=\"67\">40<\/td>\n<td width=\"49\">0.75<\/td>\n<td width=\"54\">800<\/td>\n<td width=\"54\">60<\/td>\n<td width=\"57\">15<\/td>\n<td width=\"60\">600<\/td>\n<td width=\"49\">120<\/td>\n<td width=\"45\">700*<\/p>\n<p>540*<\/p>\n<p>1300*<\/td>\n<\/tr>\n<tr>\n<td width=\"61\">BARYC800<\/td>\n<td width=\"70\">800<\/td>\n<td width=\"67\">32<\/td>\n<td width=\"49\">1.1<\/td>\n<td width=\"54\">1000<\/td>\n<td width=\"54\">250<\/td>\n<td width=\"57\">30-50<\/td>\n<td width=\"60\">2000<\/td>\n<td width=\"49\">240<\/td>\n<td width=\"45\">925*<\/p>\n<p>900*<\/p>\n<p>1500*<\/td>\n<\/tr>\n<tr>\n<td width=\"61\">BARYC1000<\/td>\n<td width=\"70\">1000<\/td>\n<td width=\"67\">32<\/td>\n<td width=\"49\">1.5<\/td>\n<td width=\"54\">1000<\/td>\n<td width=\"54\">250<\/td>\n<td width=\"57\">50-70<\/td>\n<td width=\"60\">2000<\/td>\n<td width=\"49\">250<\/td>\n<td width=\"45\">1100*<\/p>\n<p>1100*<\/p>\n<p>1600*<\/td>\n<\/tr>\n<tr>\n<td width=\"61\">BARYC1250<\/td>\n<td width=\"70\">1250<\/td>\n<td width=\"67\">30<\/td>\n<td width=\"49\">2.2<\/td>\n<td width=\"54\">1000<\/td>\n<td width=\"54\">250<\/td>\n<td width=\"57\">90-150<\/td>\n<td width=\"60\">2000<\/td>\n<td width=\"49\">280<\/td>\n<td width=\"45\">1200*<\/p>\n<p>1250*<\/p>\n<p>1630*<\/td>\n<\/tr>\n<\/tbody>\n<\/table>\n<p>&nbsp;<\/p>","protected":false},"excerpt":{"rendered":"<p>\u0391\u03bd\u03b1\u03ba\u03b1\u03bb\u03cd\u03c8\u03c4\u03b5 \u03c4\u03b7\u03bd \u03b1\u03c0\u03bf\u03c4\u03b5\u03bb\u03b5\u03c3\u03bc\u03b1\u03c4\u03b9\u03ba\u03cc\u03c4\u03b7\u03c4\u03b1 \u03c4\u03b7\u03c2 \u03bc\u03b7\u03c7\u03b1\u03bd\u03ae\u03c2 \u03b5\u03c0\u03af\u03c3\u03c4\u03c1\u03c9\u03c3\u03b7\u03c2 \u03c3\u03b5\u03b9\u03c1\u03ac\u03c2 BARYC, \u03c3\u03c7\u03b5\u03b4\u03b9\u03b1\u03c3\u03bc\u03ad\u03bd\u03b7\u03c2 \u03b3\u03b9\u03b1 \u03c4\u03b9\u03c2 \u03c6\u03b1\u03c1\u03bc\u03b1\u03ba\u03b5\u03c5\u03c4\u03b9\u03ba\u03ad\u03c2 \u03ba\u03b1\u03b9 \u03b2\u03b9\u03bf\u03bc\u03b7\u03c7\u03b1\u03bd\u03af\u03b5\u03c2 \u03c4\u03c1\u03bf\u03c6\u03af\u03bc\u03c9\u03bd. \u0391\u03c5\u03c4\u03ae \u03b7 \u03c0\u03bf\u03bb\u03c5\u03c4\u03ac\u03bb\u03b1\u03bd\u03c4\u03b7 \u03bf\u03bc\u03ac\u03b4\u03b1 \u03b5\u03af\u03bd\u03b1\u03b9<\/p>","protected":false},"featured_media":6997,"comment_status":"open","ping_status":"closed","template":"","meta":{"wds_primary_product_brand":0,"wds_primary_product_cat":0},"product_brand":[],"product_cat":[84],"product_tag":[],"class_list":{"0":"post-6996","1":"product","2":"type-product","3":"status-publish","4":"has-post-thumbnail","6":"product_cat-maquinas-para-hacer-pastillas","8":"first","9":"instock","10":"taxable","11":"shipping-taxable","12":"purchasable","13":"product-type-simple"},"yoast_head":"<!-- This site is optimized with the Yoast SEO Premium plugin v24.9 (Yoast SEO v26.1) - https:\/\/yoast.com\/wordpress\/plugins\/seo\/ -->\n<title>MAQUINA GRAJEADORA CON PLASTIFICANTES PARA PROTEINAS - distribuci\u00f3n ARC<\/title>\n<meta name=\"robots\" content=\"index, follow, max-snippet:-1, max-image-preview:large, max-video-preview:-1\" \/>\n<link rel=\"canonical\" href=\"https:\/\/www.distribucionarc.com\/it\/producto\/maquina-recubridora-con-plastificantes-para-proteinas\/\" \/>\n<meta property=\"og:locale\" content=\"el_GR\" \/>\n<meta property=\"og:type\" content=\"article\" \/>\n<meta property=\"og:title\" content=\"MAQUINA GRAJEADORA CON PLASTIFICANTES PARA PROTEINAS\" \/>\n<meta property=\"og:description\" content=\"Descubre la eficacia de la M\u00e1quina Grajeadora Serie BARYC, dise\u00f1ada para la industria farmac\u00e9utica y alimentaria. Este equipo vers\u00e1til es\" \/>\n<meta property=\"og:url\" content=\"https:\/\/www.distribucionarc.com\/it\/producto\/maquina-recubridora-con-plastificantes-para-proteinas\/\" \/>\n<meta property=\"og:site_name\" content=\"distribuci\u00f3n ARC\" \/>\n<meta property=\"article:modified_time\" content=\"2024-04-27T07:48:46+00:00\" \/>\n<meta property=\"og:image\" content=\"https:\/\/www.distribucionarc.com\/wp-content\/uploads\/2024\/04\/MAQUINA-GRAJEADORA-CON-PLASTIFICANTES-PARA-PROTEINAS.webp\" \/>\n\t<meta property=\"og:image:width\" content=\"1736\" \/>\n\t<meta property=\"og:image:height\" content=\"1040\" \/>\n\t<meta property=\"og:image:type\" content=\"image\/webp\" \/>\n<meta name=\"twitter:card\" content=\"summary_large_image\" \/>\n<meta name=\"twitter:label1\" content=\"\u0395\u03ba\u03c4\u03b9\u03bc\u03ce\u03bc\u03b5\u03bd\u03bf\u03c2 \u03c7\u03c1\u03cc\u03bd\u03bf\u03c2 \u03b1\u03bd\u03ac\u03b3\u03bd\u03c9\u03c3\u03b7\u03c2\" \/>\n\t<meta name=\"twitter:data1\" content=\"1 \u03bb\u03b5\u03c0\u03c4\u03cc\" \/>\n<script type=\"application\/ld+json\" class=\"yoast-schema-graph\">{\"@context\":\"https:\/\/schema.org\",\"@graph\":[{\"@type\":\"WebPage\",\"@id\":\"https:\/\/www.distribucionarc.com\/it\/producto\/maquina-recubridora-con-plastificantes-para-proteinas\/\",\"url\":\"https:\/\/www.distribucionarc.com\/it\/producto\/maquina-recubridora-con-plastificantes-para-proteinas\/\",\"name\":\"MAQUINA GRAJEADORA CON PLASTIFICANTES PARA PROTEINAS - distribuci\u00f3n ARC\",\"isPartOf\":{\"@id\":\"https:\/\/www.distribucionarc.com\/sl\/#website\"},\"primaryImageOfPage\":{\"@id\":\"https:\/\/www.distribucionarc.com\/it\/producto\/maquina-recubridora-con-plastificantes-para-proteinas\/#primaryimage\"},\"image\":{\"@id\":\"https:\/\/www.distribucionarc.com\/it\/producto\/maquina-recubridora-con-plastificantes-para-proteinas\/#primaryimage\"},\"thumbnailUrl\":\"https:\/\/distribucionarc.com\/wp-content\/uploads\/2024\/04\/MAQUINA-GRAJEADORA-CON-PLASTIFICANTES-PARA-PROTEINAS.webp\",\"datePublished\":\"2024-04-27T07:48:43+00:00\",\"dateModified\":\"2024-04-27T07:48:46+00:00\",\"breadcrumb\":{\"@id\":\"https:\/\/www.distribucionarc.com\/it\/producto\/maquina-recubridora-con-plastificantes-para-proteinas\/#breadcrumb\"},\"inLanguage\":\"el\",\"potentialAction\":[{\"@type\":\"ReadAction\",\"target\":[\"https:\/\/www.distribucionarc.com\/it\/producto\/maquina-recubridora-con-plastificantes-para-proteinas\/\"]}]},{\"@type\":\"ImageObject\",\"inLanguage\":\"el\",\"@id\":\"https:\/\/www.distribucionarc.com\/it\/producto\/maquina-recubridora-con-plastificantes-para-proteinas\/#primaryimage\",\"url\":\"https:\/\/distribucionarc.com\/wp-content\/uploads\/2024\/04\/MAQUINA-GRAJEADORA-CON-PLASTIFICANTES-PARA-PROTEINAS.webp\",\"contentUrl\":\"https:\/\/distribucionarc.com\/wp-content\/uploads\/2024\/04\/MAQUINA-GRAJEADORA-CON-PLASTIFICANTES-PARA-PROTEINAS.webp\",\"width\":1736,\"height\":1040,\"caption\":\"#image_title\"},{\"@type\":\"BreadcrumbList\",\"@id\":\"https:\/\/www.distribucionarc.com\/it\/producto\/maquina-recubridora-con-plastificantes-para-proteinas\/#breadcrumb\",\"itemListElement\":[{\"@type\":\"ListItem\",\"position\":1,\"name\":\"Portada\",\"item\":\"https:\/\/www.distribucionarc.com\/\"},{\"@type\":\"ListItem\",\"position\":2,\"name\":\"\u00dcr\u00fcnler\",\"item\":\"https:\/\/www.distribucionarc.com\/tr\/magaza\/\"},{\"@type\":\"ListItem\",\"position\":3,\"name\":\"MAQUINA GRAJEADORA CON PLASTIFICANTES PARA PROTEINAS\"}]},{\"@type\":\"WebSite\",\"@id\":\"https:\/\/www.distribucionarc.com\/sl\/#website\",\"url\":\"https:\/\/www.distribucionarc.com\/sl\/\",\"name\":\"distribuci\u00f3n ARC\",\"description\":\"Empresa especializada en la fabricaci\u00f3n y distribuci\u00f3n de maquinaria industrial, selladoras de latas, Maquinas de hacer pastillas, Maquinas de cortar carne...\",\"publisher\":{\"@id\":\"https:\/\/www.distribucionarc.com\/sl\/#organization\"},\"potentialAction\":[{\"@type\":\"SearchAction\",\"target\":{\"@type\":\"EntryPoint\",\"urlTemplate\":\"https:\/\/www.distribucionarc.com\/sl\/?s={search_term_string}\"},\"query-input\":{\"@type\":\"PropertyValueSpecification\",\"valueRequired\":true,\"valueName\":\"search_term_string\"}}],\"inLanguage\":\"el\"},{\"@type\":\"Organization\",\"@id\":\"https:\/\/www.distribucionarc.com\/sl\/#organization\",\"name\":\"Distribuci\u00f3n ARC\",\"url\":\"https:\/\/www.distribucionarc.com\/sl\/\",\"logo\":{\"@type\":\"ImageObject\",\"inLanguage\":\"el\",\"@id\":\"https:\/\/www.distribucionarc.com\/sl\/#\/schema\/logo\/image\/\",\"url\":\"https:\/\/distribucionarc.com\/wp-content\/uploads\/2024\/10\/distribucion-ARC-COLOR-SIN-FONDO-e1732295305345.png\",\"contentUrl\":\"https:\/\/distribucionarc.com\/wp-content\/uploads\/2024\/10\/distribucion-ARC-COLOR-SIN-FONDO-e1732295305345.png\",\"width\":1164,\"height\":558,\"caption\":\"Distribuci\u00f3n ARC\"},\"image\":{\"@id\":\"https:\/\/www.distribucionarc.com\/sl\/#\/schema\/logo\/image\/\"},\"description\":\"Empresa especializada en la fabricaci\u00f3n y distribuci\u00f3n de maquinaria industrial para los sectores alimentario y farmac\u00e9utico. Nos especializamos en: M\u00e1quinas de cortar carne Fabricaci\u00f3n de comprimidos Sistemas de transporte industrial L\u00edneas de embotellado Dosificadores Y mucho m\u00e1s... Ofrecemos soluciones innovadoras y personalizadas para optimizar los procesos productivos de tu empresa.\",\"email\":\"Admistracion@distribucionarc.com\",\"telephone\":\"+34 643496664\",\"legalName\":\"ARC TECH SOLUTIONS\",\"foundingDate\":\"2024-04-09\",\"vatID\":\"B55480172\",\"numberOfEmployees\":{\"@type\":\"QuantitativeValue\",\"minValue\":\"1\",\"maxValue\":\"10\"}}]}<\/script>\n<!-- \/ Yoast SEO Premium plugin. -->","yoast_head_json":{"title":"\u039c\u0397\u03a7\u0391\u039d\u0397 \u03a0\u039b\u0391\u03a3\u03a4\u0399\u039a\u03a9\u03a4\u0399\u039a\u0397\u03a3-\u0395\u03a0\u0391\u039b\u03a5\u039a\u03a4\u03a9\u03a3\u0397\u03a3 \u03a0\u03a1\u03a9\u03a4\u0395\u03aa\u039d\u03a9\u039d - \u0394\u03b9\u03b1\u03bd\u03bf\u03bc\u03ae \u03a4\u039e\u039f\u03a5","robots":{"index":"index","follow":"follow","max-snippet":"max-snippet:-1","max-image-preview":"max-image-preview:large","max-video-preview":"max-video-preview:-1"},"canonical":"https:\/\/www.distribucionarc.com\/it\/producto\/maquina-recubridora-con-plastificantes-para-proteinas\/","og_locale":"el_GR","og_type":"article","og_title":"MAQUINA GRAJEADORA CON PLASTIFICANTES PARA PROTEINAS","og_description":"Descubre la eficacia de la M\u00e1quina Grajeadora Serie BARYC, dise\u00f1ada para la industria farmac\u00e9utica y alimentaria. Este equipo vers\u00e1til es","og_url":"https:\/\/www.distribucionarc.com\/it\/producto\/maquina-recubridora-con-plastificantes-para-proteinas\/","og_site_name":"distribuci\u00f3n ARC","article_modified_time":"2024-04-27T07:48:46+00:00","og_image":[{"width":1736,"height":1040,"url":"https:\/\/www.distribucionarc.com\/wp-content\/uploads\/2024\/04\/MAQUINA-GRAJEADORA-CON-PLASTIFICANTES-PARA-PROTEINAS.webp","type":"image\/webp"}],"twitter_card":"summary_large_image","twitter_misc":{"\u0395\u03ba\u03c4\u03b9\u03bc\u03ce\u03bc\u03b5\u03bd\u03bf\u03c2 \u03c7\u03c1\u03cc\u03bd\u03bf\u03c2 \u03b1\u03bd\u03ac\u03b3\u03bd\u03c9\u03c3\u03b7\u03c2":"1 \u03bb\u03b5\u03c0\u03c4\u03cc"},"schema":{"@context":"https:\/\/schema.org","@graph":[{"@type":"WebPage","@id":"https:\/\/www.distribucionarc.com\/it\/producto\/maquina-recubridora-con-plastificantes-para-proteinas\/","url":"https:\/\/www.distribucionarc.com\/it\/producto\/maquina-recubridora-con-plastificantes-para-proteinas\/","name":"\u039c\u0397\u03a7\u0391\u039d\u0397 \u03a0\u039b\u0391\u03a3\u03a4\u0399\u039a\u03a9\u03a4\u0399\u039a\u0397\u03a3-\u0395\u03a0\u0391\u039b\u03a5\u039a\u03a4\u03a9\u03a3\u0397\u03a3 \u03a0\u03a1\u03a9\u03a4\u0395\u03aa\u039d\u03a9\u039d - \u0394\u03b9\u03b1\u03bd\u03bf\u03bc\u03ae \u03a4\u039e\u039f\u03a5","isPartOf":{"@id":"https:\/\/www.distribucionarc.com\/sl\/#website"},"primaryImageOfPage":{"@id":"https:\/\/www.distribucionarc.com\/it\/producto\/maquina-recubridora-con-plastificantes-para-proteinas\/#primaryimage"},"image":{"@id":"https:\/\/www.distribucionarc.com\/it\/producto\/maquina-recubridora-con-plastificantes-para-proteinas\/#primaryimage"},"thumbnailUrl":"https:\/\/distribucionarc.com\/wp-content\/uploads\/2024\/04\/MAQUINA-GRAJEADORA-CON-PLASTIFICANTES-PARA-PROTEINAS.webp","datePublished":"2024-04-27T07:48:43+00:00","dateModified":"2024-04-27T07:48:46+00:00","breadcrumb":{"@id":"https:\/\/www.distribucionarc.com\/it\/producto\/maquina-recubridora-con-plastificantes-para-proteinas\/#breadcrumb"},"inLanguage":"el","potentialAction":[{"@type":"ReadAction","target":["https:\/\/www.distribucionarc.com\/it\/producto\/maquina-recubridora-con-plastificantes-para-proteinas\/"]}]},{"@type":"ImageObject","inLanguage":"el","@id":"https:\/\/www.distribucionarc.com\/it\/producto\/maquina-recubridora-con-plastificantes-para-proteinas\/#primaryimage","url":"https:\/\/distribucionarc.com\/wp-content\/uploads\/2024\/04\/MAQUINA-GRAJEADORA-CON-PLASTIFICANTES-PARA-PROTEINAS.webp","contentUrl":"https:\/\/distribucionarc.com\/wp-content\/uploads\/2024\/04\/MAQUINA-GRAJEADORA-CON-PLASTIFICANTES-PARA-PROTEINAS.webp","width":1736,"height":1040,"caption":"#image_title"},{"@type":"BreadcrumbList","@id":"https:\/\/www.distribucionarc.com\/it\/producto\/maquina-recubridora-con-plastificantes-para-proteinas\/#breadcrumb","itemListElement":[{"@type":"ListItem","position":1,"name":"Portada","item":"https:\/\/www.distribucionarc.com\/"},{"@type":"ListItem","position":2,"name":"\u00dcr\u00fcnler","item":"https:\/\/www.distribucionarc.com\/tr\/magaza\/"},{"@type":"ListItem","position":3,"name":"MAQUINA GRAJEADORA CON PLASTIFICANTES PARA PROTEINAS"}]},{"@type":"WebSite","@id":"https:\/\/www.distribucionarc.com\/sl\/#website","url":"https:\/\/www.distribucionarc.com\/sl\/","name":"\u039a\u03b1\u03c4\u03b1\u03bd\u03bf\u03bc\u03ae ARC","description":"\u0395\u03c4\u03b1\u03b9\u03c1\u03b5\u03af\u03b1 \u03c0\u03bf\u03c5 \u03b5\u03b9\u03b4\u03b9\u03ba\u03b5\u03cd\u03b5\u03c4\u03b1\u03b9 \u03c3\u03c4\u03b7\u03bd \u03ba\u03b1\u03c4\u03b1\u03c3\u03ba\u03b5\u03c5\u03ae \u03ba\u03b1\u03b9 \u03b4\u03b9\u03b1\u03bd\u03bf\u03bc\u03ae \u03b2\u03b9\u03bf\u03bc\u03b7\u03c7\u03b1\u03bd\u03b9\u03ba\u03ce\u03bd \u03bc\u03b7\u03c7\u03b1\u03bd\u03b7\u03bc\u03ac\u03c4\u03c9\u03bd, \u03bc\u03b7\u03c7\u03b1\u03bd\u03ce\u03bd \u03c3\u03c6\u03c1\u03ac\u03b3\u03b9\u03c3\u03b7\u03c2 \u03ba\u03bf\u03bd\u03c3\u03b5\u03c1\u03b2\u03ce\u03bd, \u03bc\u03b7\u03c7\u03b1\u03bd\u03ce\u03bd \u03c0\u03b1\u03c1\u03b1\u03c3\u03ba\u03b5\u03c5\u03ae\u03c2 \u03b4\u03b9\u03c3\u03ba\u03af\u03c9\u03bd, \u03bc\u03b7\u03c7\u03b1\u03bd\u03ce\u03bd \u03ba\u03bf\u03c0\u03ae\u03c2 \u03ba\u03c1\u03ad\u03b1\u03c4\u03bf\u03c2...","publisher":{"@id":"https:\/\/www.distribucionarc.com\/sl\/#organization"},"potentialAction":[{"@type":"SearchAction","target":{"@type":"EntryPoint","urlTemplate":"https:\/\/www.distribucionarc.com\/sl\/?s={search_term_string}"},"query-input":{"@type":"PropertyValueSpecification","valueRequired":true,"valueName":"search_term_string"}}],"inLanguage":"el"},{"@type":"Organization","@id":"https:\/\/www.distribucionarc.com\/sl\/#organization","name":"\u0394\u03b9\u03b1\u03bd\u03bf\u03bc\u03ae ARC","url":"https:\/\/www.distribucionarc.com\/sl\/","logo":{"@type":"ImageObject","inLanguage":"el","@id":"https:\/\/www.distribucionarc.com\/sl\/#\/schema\/logo\/image\/","url":"https:\/\/distribucionarc.com\/wp-content\/uploads\/2024\/10\/distribucion-ARC-COLOR-SIN-FONDO-e1732295305345.png","contentUrl":"https:\/\/distribucionarc.com\/wp-content\/uploads\/2024\/10\/distribucion-ARC-COLOR-SIN-FONDO-e1732295305345.png","width":1164,"height":558,"caption":"Distribuci\u00f3n ARC"},"image":{"@id":"https:\/\/www.distribucionarc.com\/sl\/#\/schema\/logo\/image\/"},"description":"\u0395\u03c4\u03b1\u03b9\u03c1\u03b5\u03af\u03b1 \u03c0\u03bf\u03c5 \u03b5\u03b9\u03b4\u03b9\u03ba\u03b5\u03cd\u03b5\u03c4\u03b1\u03b9 \u03c3\u03c4\u03b7\u03bd \u03ba\u03b1\u03c4\u03b1\u03c3\u03ba\u03b5\u03c5\u03ae \u03ba\u03b1\u03b9 \u03b4\u03b9\u03b1\u03bd\u03bf\u03bc\u03ae \u03b2\u03b9\u03bf\u03bc\u03b7\u03c7\u03b1\u03bd\u03b9\u03ba\u03ce\u03bd \u03bc\u03b7\u03c7\u03b1\u03bd\u03b7\u03bc\u03ac\u03c4\u03c9\u03bd \u03b3\u03b9\u03b1 \u03c4\u03bf\u03bd \u03c4\u03bf\u03bc\u03ad\u03b1 \u03c4\u03c9\u03bd \u03c4\u03c1\u03bf\u03c6\u03af\u03bc\u03c9\u03bd \u03ba\u03b1\u03b9 \u03c4\u03c9\u03bd \u03c6\u03b1\u03c1\u03bc\u03ac\u03ba\u03c9\u03bd. \u0395\u03be\u03b5\u03b9\u03b4\u03b9\u03ba\u03b5\u03c5\u03cc\u03bc\u03b1\u03c3\u03c4\u03b5 \u03c3\u03b5: \u0393\u03c1\u03b1\u03bc\u03bc\u03ad\u03c2 \u03b5\u03bc\u03c6\u03b9\u03ac\u03bb\u03c9\u03c3\u03b7\u03c2 \u0394\u03bf\u03c3\u03bf\u03bc\u03b5\u03c4\u03c1\u03b9\u03ba\u03ad\u03c2 \u03bc\u03b7\u03c7\u03b1\u03bd\u03ad\u03c2 \u039a\u03b1\u03b9 \u03c0\u03bf\u03bb\u03bb\u03ac \u03ac\u03bb\u03bb\u03b1... \u03a0\u03c1\u03bf\u03c3\u03c6\u03ad\u03c1\u03bf\u03c5\u03bc\u03b5 \u03ba\u03b1\u03b9\u03bd\u03bf\u03c4\u03cc\u03bc\u03b5\u03c2 \u03ba\u03b1\u03b9 \u03b5\u03be\u03b1\u03c4\u03bf\u03bc\u03b9\u03ba\u03b5\u03c5\u03bc\u03ad\u03bd\u03b5\u03c2 \u03bb\u03cd\u03c3\u03b5\u03b9\u03c2 \u03b3\u03b9\u03b1 \u03c4\u03b7 \u03b2\u03b5\u03bb\u03c4\u03b9\u03c3\u03c4\u03bf\u03c0\u03bf\u03af\u03b7\u03c3\u03b7 \u03c4\u03c9\u03bd \u03c0\u03b1\u03c1\u03b1\u03b3\u03c9\u03b3\u03b9\u03ba\u03ce\u03bd \u03b4\u03b9\u03b1\u03b4\u03b9\u03ba\u03b1\u03c3\u03b9\u03ce\u03bd \u03c4\u03b7\u03c2 \u03b5\u03c4\u03b1\u03b9\u03c1\u03b5\u03af\u03b1\u03c2 \u03c3\u03b1\u03c2.","email":"Admistracion@distribucionarc.com","telephone":"+34 643496664","legalName":"ARC TECH SOLUTIONS","foundingDate":"2024-04-09","vatID":"B55480172","numberOfEmployees":{"@type":"QuantitativeValue","minValue":"1","maxValue":"10"}}]}},"_links":{"self":[{"href":"https:\/\/distribucionarc.com\/el\/wp-json\/wp\/v2\/product\/6996","targetHints":{"allow":["GET"]}}],"collection":[{"href":"https:\/\/distribucionarc.com\/el\/wp-json\/wp\/v2\/product"}],"about":[{"href":"https:\/\/distribucionarc.com\/el\/wp-json\/wp\/v2\/types\/product"}],"replies":[{"embeddable":true,"href":"https:\/\/distribucionarc.com\/el\/wp-json\/wp\/v2\/comments?post=6996"}],"version-history":[{"count":0,"href":"https:\/\/distribucionarc.com\/el\/wp-json\/wp\/v2\/product\/6996\/revisions"}],"wp:featuredmedia":[{"embeddable":true,"href":"https:\/\/distribucionarc.com\/el\/wp-json\/wp\/v2\/media\/6997"}],"wp:attachment":[{"href":"https:\/\/distribucionarc.com\/el\/wp-json\/wp\/v2\/media?parent=6996"}],"wp:term":[{"taxonomy":"product_brand","embeddable":true,"href":"https:\/\/distribucionarc.com\/el\/wp-json\/wp\/v2\/product_brand?post=6996"},{"taxonomy":"product_cat","embeddable":true,"href":"https:\/\/distribucionarc.com\/el\/wp-json\/wp\/v2\/product_cat?post=6996"},{"taxonomy":"product_tag","embeddable":true,"href":"https:\/\/distribucionarc.com\/el\/wp-json\/wp\/v2\/product_tag?post=6996"}],"curies":[{"name":"wp","href":"https:\/\/api.w.org\/{rel}","templated":true}]}}