{"id":5025,"date":"2022-11-21T16:57:14","date_gmt":"2022-11-21T16:57:14","guid":{"rendered":"https:\/\/distribucionarc.com\/?page_id=5025"},"modified":"2025-04-24T06:01:57","modified_gmt":"2025-04-24T04:01:57","slug":"creer-une-usine-et-une-industrie-a-partir-de-zero","status":"publish","type":"page","link":"https:\/\/distribucionarc.com\/fr\/crear-una-fabrica-e-industria-desde-cero\/","title":{"rendered":"Cr\u00e9er une usine et une industrie \u00e0 partir de z\u00e9ro"},"content":{"rendered":"<div data-elementor-type=\"wp-page\" data-elementor-id=\"5025\" class=\"elementor elementor-5025\" data-elementor-post-type=\"page\">\n\t\t\t\t<div class=\"elementor-element elementor-element-fceeb90 wd-section-stretch e-flex e-con-boxed wpr-particle-no wpr-jarallax-no wpr-parallax-no wpr-sticky-section-no e-con e-parent\" data-id=\"fceeb90\" data-element_type=\"container\" data-e-type=\"container\" data-settings=\"{&quot;background_background&quot;:&quot;classic&quot;}\">\n\t\t\t\t\t<div class=\"e-con-inner\">\n\t\t<div class=\"elementor-element elementor-element-9b8ec44 e-con-full e-flex wpr-particle-no wpr-jarallax-no wpr-parallax-no wpr-sticky-section-no e-con e-child\" data-id=\"9b8ec44\" data-element_type=\"container\" data-e-type=\"container\">\n\t\t\t\t<div class=\"elementor-element elementor-element-343db2a elementor-widget elementor-widget-heading\" data-id=\"343db2a\" data-element_type=\"widget\" data-e-type=\"widget\" data-widget_type=\"heading.default\">\n\t\t\t\t\t<h2 class=\"elementor-heading-title elementor-size-default\">Cr\u00e9er une usine et une industrie \u00e0 partir de z\u00e9ro<\/h2>\t\t\t\t<\/div>\n\t\t\t\t<\/div>\n\t\t\t\t\t<\/div>\n\t\t\t\t<\/div>\n\t\t\t\t<section class=\"wd-negative-gap elementor-section elementor-top-section elementor-element elementor-element-b1de429 elementor-section-boxed elementor-section-height-default elementor-section-height-default wpr-particle-no wpr-jarallax-no wpr-parallax-no wpr-sticky-section-no\" data-id=\"b1de429\" data-element_type=\"section\" data-e-type=\"section\">\n\t\t\t\t\t\t<div class=\"elementor-container elementor-column-gap-default\">\n\t\t\t\t\t<div class=\"elementor-column elementor-col-100 elementor-top-column elementor-element elementor-element-5ace1ec\" data-id=\"5ace1ec\" data-element_type=\"column\" data-e-type=\"column\">\n\t\t\t<div class=\"elementor-widget-wrap elementor-element-populated\">\n\t\t\t\t\t\t<div class=\"elementor-element elementor-element-cf9fbaa elementor-widget elementor-widget-heading\" data-id=\"cf9fbaa\" data-element_type=\"widget\" data-e-type=\"widget\" data-widget_type=\"heading.default\">\n\t\t\t\t\t<h2 class=\"elementor-heading-title elementor-size-default\">Cr\u00e9er une usine et une industrie \u00e0 partir de z\u00e9ro <\/h2>\t\t\t\t<\/div>\n\t\t\t\t<div class=\"elementor-element elementor-element-53c70b7 color-scheme-inherit text-left elementor-widget elementor-widget-text-editor\" data-id=\"53c70b7\" data-element_type=\"widget\" data-e-type=\"widget\" data-widget_type=\"text-editor.default\">\n\t\t\t\t\t\t\t\t\t<p>De nombreux facteurs doivent \u00eatre pris en compte lorsque <b>d\u00e9marrer une usine \u00e0 partir de z\u00e9ro<\/b>.&nbsp;<\/p>\n<p>La premi\u00e8re \u00e9tape consiste \u00e0 d\u00e9terminer le type d\u2019industrie et le ou les produits que l\u2019usine fabriquera.&nbsp;<\/p>\n<p>Ensuite, l&#039;emplacement de l&#039;usine doit \u00eatre choisi.&nbsp;<\/p>\n<p>L&#039;usine doit \u00eatre situ\u00e9e \u00e0 proximit\u00e9 des mati\u00e8res premi\u00e8res n\u00e9cessaires \u00e0 la production, ainsi qu&#039;\u00e0 proximit\u00e9 des march\u00e9s potentiels pour les produits finis.&nbsp;<\/p>\n<p>Une fois l&#039;emplacement choisi, <b>l&#039;usine doit \u00eatre con\u00e7ue et construite<\/b>.&nbsp;<\/p>\n<p>L&#039;agencement de l&#039;usine et le type de <b>les machines n\u00e9cessaires d\u00e9pendront des produits \u00e0 fabriquer<\/b>. Enfin, l\u2019usine doit disposer d\u2019ouvriers poss\u00e9dant les comp\u00e9tences n\u00e9cessaires pour faire fonctionner les machines et fabriquer les produits.<\/p>\t\t\t\t\t\t\t\t<\/div>\n\t\t\t\t<div class=\"elementor-element elementor-element-f239900 color-scheme-inherit text-left elementor-widget elementor-widget-text-editor\" data-id=\"f239900\" data-element_type=\"widget\" data-e-type=\"widget\" data-widget_type=\"text-editor.default\">\n\t\t\t\t\t\t\t\t\t<h2>Types d&#039;usines<\/h2><p>Il existe diff\u00e9rents types d&#039;usines en fonction des produits qu&#039;elles transforment et de leurs produits finaux. Elles sont divis\u00e9es en deux grandes classes : les usines lourdes et les usines l\u00e9g\u00e8res.<\/p><h3>usine lourde<\/h3><p>L&#039;usine lourde est celle qui se consacre au traitement des mati\u00e8res premi\u00e8res pour les transformer, g\u00e9n\u00e9ralement en produits semi-finis et rarement en produits finaux destin\u00e9s \u00e0 la consommation directe. Les usines lourdes se caract\u00e9risent par leur grande taille et par leur capacit\u00e9 \u00e0 abriter un grand nombre de machines. Ces usines sont \u00e9galement connues sous le nom de <b>installations industrielles.<\/b> Voici quelques exemples d\u2019usines lourdes\u00a0:<\/p><ul><li><b>Chimie<\/b>: produisent des produits chimiques tels que des engrais, de la peinture et des composants synth\u00e9tiques.<\/li><li><b>M\u00e9tallurgique<\/b>: Ils sont sp\u00e9cialis\u00e9s dans le traitement des m\u00e9taux.<\/li><li><b>Acier<\/b>: Ils se consacrent \u00e0 la conversion de l&#039;acier en fer.<\/li><li><b>cimenterie<\/b>: transformer les roches en ciment et chaux.<\/li><\/ul><h3>usine de lumi\u00e8re<\/h3><p>L\u2019usine d\u2019\u00e9clairage est une usine qui transforme des mati\u00e8res premi\u00e8res ou des mati\u00e8res interm\u00e9diaires en produits destin\u00e9s \u00e0 la consommation directe. Les usines l\u00e9g\u00e8res se caract\u00e9risent par leur taille r\u00e9duite et incluent \u00e0 la fois des machines et des ressources humaines. Voici quelques exemples de ce type d\u2019usines\u00a0:<\/p><ul><li><strong>Textiles<\/strong>: ils confectionnent des v\u00eatements.<\/li><li><b>Nourriture<\/b>: ils g\u00e9n\u00e8rent de la nourriture.<\/li><li><strong>Pharmaceutique<\/strong>: ils produisent des m\u00e9dicaments.<\/li><\/ul><h3>Usines par syst\u00e8mes de production, installations industrielles<\/h3><p>Les usines sont \u00e9galement class\u00e9es en fonction de leur fonctionnement, se r\u00e9partissant selon les types de processus suivants\u00a0:<\/p><ul><li>Continu : il n&#039;y a pas de pause et il maintient une production 24 heures sur 24, par exemple dans les raffineries de p\u00e9trole.<\/li><li>R\u00e9p\u00e9titif : La cha\u00eene de production est g\u00e9r\u00e9e par lots, par exemple les usines textiles et automobiles.<\/li><li>Intermittent : les produits fabriqu\u00e9s sont \u00e0 la demande du client apr\u00e8s l&#039;\u00e9mission d&#039;un bon de commande, par exemple des usines de turbines, des navires ou des avions.<\/li><\/ul>\t\t\t\t\t\t\t\t<\/div>\n\t\t\t\t\t<\/div>\n\t\t<\/div>\n\t\t\t\t\t<\/div>\n\t\t<\/section>\n\t\t\t\t<\/div>","protected":false},"excerpt":{"rendered":"<p>Cr\u00e9er une usine et une industrie \u00e0 partir de z\u00e9ro Cr\u00e9er une usine et une industrie \u00e0 partir de z\u00e9ro Il y a de nombreux facteurs \u00e0 prendre en compte lors de la cr\u00e9ation d&#039;une usine et d&#039;une industrie \u00e0 partir de z\u00e9ro.<\/p>","protected":false},"author":1,"featured_media":0,"parent":0,"menu_order":0,"comment_status":"closed","ping_status":"closed","template":"elementor_header_footer","meta":{"footnotes":""},"class_list":["post-5025","page","type-page","status-publish","hentry"],"yoast_head":"<!-- This site is optimized with the Yoast SEO Premium plugin v24.9 (Yoast SEO v26.1) - https:\/\/yoast.com\/wordpress\/plugins\/seo\/ -->\n<title>Crear una fabrica e industria desde cero - distribuci\u00f3n ARC<\/title>\n<meta name=\"robots\" content=\"index, follow, max-snippet:-1, max-image-preview:large, max-video-preview:-1\" \/>\n<link rel=\"canonical\" href=\"https:\/\/www.distribucionarc.com\/pl\/crear-una-fabrica-e-industria-desde-cero\/\" \/>\n<meta property=\"og:locale\" content=\"fr_FR\" \/>\n<meta property=\"og:type\" content=\"article\" \/>\n<meta property=\"og:title\" content=\"Crear una fabrica e industria desde cero\" \/>\n<meta property=\"og:description\" content=\"Crear una fabrica e industria desde cero Crear una fabrica e industria desde cero Hay muchos factores a considerar al\" \/>\n<meta property=\"og:url\" content=\"https:\/\/www.distribucionarc.com\/pl\/crear-una-fabrica-e-industria-desde-cero\/\" \/>\n<meta property=\"og:site_name\" content=\"distribuci\u00f3n ARC\" \/>\n<meta property=\"article:modified_time\" content=\"2025-04-24T04:01:57+00:00\" \/>\n<meta property=\"og:image\" content=\"https:\/\/distribucionarc.com\/wp-content\/uploads\/2024\/12\/icono-arc.jpg\" \/>\n\t<meta property=\"og:image:width\" content=\"612\" \/>\n\t<meta property=\"og:image:height\" content=\"792\" \/>\n\t<meta property=\"og:image:type\" content=\"image\/jpeg\" \/>\n<meta name=\"twitter:card\" content=\"summary_large_image\" \/>\n<meta name=\"twitter:label1\" content=\"Dur\u00e9e de lecture estim\u00e9e\" \/>\n\t<meta name=\"twitter:data1\" content=\"2 minutes\" \/>\n<script type=\"application\/ld+json\" class=\"yoast-schema-graph\">{\"@context\":\"https:\/\/schema.org\",\"@graph\":[{\"@type\":\"WebPage\",\"@id\":\"https:\/\/www.distribucionarc.com\/pl\/crear-una-fabrica-e-industria-desde-cero\/\",\"url\":\"https:\/\/www.distribucionarc.com\/pl\/crear-una-fabrica-e-industria-desde-cero\/\",\"name\":\"Crear una fabrica e industria desde cero - distribuci\u00f3n ARC\",\"isPartOf\":{\"@id\":\"https:\/\/www.distribucionarc.com\/sl\/#website\"},\"datePublished\":\"2022-11-21T16:57:14+00:00\",\"dateModified\":\"2025-04-24T04:01:57+00:00\",\"breadcrumb\":{\"@id\":\"https:\/\/www.distribucionarc.com\/pl\/crear-una-fabrica-e-industria-desde-cero\/#breadcrumb\"},\"inLanguage\":\"fr-FR\",\"potentialAction\":[{\"@type\":\"ReadAction\",\"target\":[\"https:\/\/www.distribucionarc.com\/pl\/crear-una-fabrica-e-industria-desde-cero\/\"]}]},{\"@type\":\"BreadcrumbList\",\"@id\":\"https:\/\/www.distribucionarc.com\/pl\/crear-una-fabrica-e-industria-desde-cero\/#breadcrumb\",\"itemListElement\":[{\"@type\":\"ListItem\",\"position\":1,\"name\":\"Portada\",\"item\":\"https:\/\/www.distribucionarc.com\/\"},{\"@type\":\"ListItem\",\"position\":2,\"name\":\"Crear una fabrica e industria desde cero\"}]},{\"@type\":\"WebSite\",\"@id\":\"https:\/\/www.distribucionarc.com\/sl\/#website\",\"url\":\"https:\/\/www.distribucionarc.com\/sl\/\",\"name\":\"distribuci\u00f3n ARC\",\"description\":\"Empresa especializada en la fabricaci\u00f3n y distribuci\u00f3n de maquinaria industrial, selladoras de latas, Maquinas de hacer pastillas, Maquinas de cortar carne...\",\"publisher\":{\"@id\":\"https:\/\/www.distribucionarc.com\/sl\/#organization\"},\"potentialAction\":[{\"@type\":\"SearchAction\",\"target\":{\"@type\":\"EntryPoint\",\"urlTemplate\":\"https:\/\/www.distribucionarc.com\/sl\/?s={search_term_string}\"},\"query-input\":{\"@type\":\"PropertyValueSpecification\",\"valueRequired\":true,\"valueName\":\"search_term_string\"}}],\"inLanguage\":\"fr-FR\"},{\"@type\":\"Organization\",\"@id\":\"https:\/\/www.distribucionarc.com\/sl\/#organization\",\"name\":\"Distribuci\u00f3n ARC\",\"url\":\"https:\/\/www.distribucionarc.com\/sl\/\",\"logo\":{\"@type\":\"ImageObject\",\"inLanguage\":\"fr-FR\",\"@id\":\"https:\/\/www.distribucionarc.com\/sl\/#\/schema\/logo\/image\/\",\"url\":\"https:\/\/distribucionarc.com\/wp-content\/uploads\/2024\/10\/distribucion-ARC-COLOR-SIN-FONDO-e1732295305345.png\",\"contentUrl\":\"https:\/\/distribucionarc.com\/wp-content\/uploads\/2024\/10\/distribucion-ARC-COLOR-SIN-FONDO-e1732295305345.png\",\"width\":1164,\"height\":558,\"caption\":\"Distribuci\u00f3n ARC\"},\"image\":{\"@id\":\"https:\/\/www.distribucionarc.com\/sl\/#\/schema\/logo\/image\/\"},\"description\":\"Empresa especializada en la fabricaci\u00f3n y distribuci\u00f3n de maquinaria industrial para los sectores alimentario y farmac\u00e9utico. Nos especializamos en: M\u00e1quinas de cortar carne Fabricaci\u00f3n de comprimidos Sistemas de transporte industrial L\u00edneas de embotellado Dosificadores Y mucho m\u00e1s... Ofrecemos soluciones innovadoras y personalizadas para optimizar los procesos productivos de tu empresa.\",\"email\":\"Admistracion@distribucionarc.com\",\"telephone\":\"+34 643496664\",\"legalName\":\"ARC TECH SOLUTIONS\",\"foundingDate\":\"2024-04-09\",\"vatID\":\"B55480172\",\"numberOfEmployees\":{\"@type\":\"QuantitativeValue\",\"minValue\":\"1\",\"maxValue\":\"10\"}}]}<\/script>\n<!-- \/ Yoast SEO Premium plugin. -->","yoast_head_json":{"title":"Cr\u00e9er une usine et une industrie \u00e0 partir de z\u00e9ro - ARC distribution","robots":{"index":"index","follow":"follow","max-snippet":"max-snippet:-1","max-image-preview":"max-image-preview:large","max-video-preview":"max-video-preview:-1"},"canonical":"https:\/\/www.distribucionarc.com\/pl\/crear-una-fabrica-e-industria-desde-cero\/","og_locale":"fr_FR","og_type":"article","og_title":"Crear una fabrica e industria desde cero","og_description":"Crear una fabrica e industria desde cero Crear una fabrica e industria desde cero Hay muchos factores a considerar al","og_url":"https:\/\/www.distribucionarc.com\/pl\/crear-una-fabrica-e-industria-desde-cero\/","og_site_name":"distribuci\u00f3n ARC","article_modified_time":"2025-04-24T04:01:57+00:00","og_image":[{"width":612,"height":792,"url":"https:\/\/distribucionarc.com\/wp-content\/uploads\/2024\/12\/icono-arc.jpg","type":"image\/jpeg"}],"twitter_card":"summary_large_image","twitter_misc":{"Dur\u00e9e de lecture estim\u00e9e":"2 minutes"},"schema":{"@context":"https:\/\/schema.org","@graph":[{"@type":"WebPage","@id":"https:\/\/www.distribucionarc.com\/pl\/crear-una-fabrica-e-industria-desde-cero\/","url":"https:\/\/www.distribucionarc.com\/pl\/crear-una-fabrica-e-industria-desde-cero\/","name":"Cr\u00e9er une usine et une industrie \u00e0 partir de z\u00e9ro - ARC distribution","isPartOf":{"@id":"https:\/\/www.distribucionarc.com\/sl\/#website"},"datePublished":"2022-11-21T16:57:14+00:00","dateModified":"2025-04-24T04:01:57+00:00","breadcrumb":{"@id":"https:\/\/www.distribucionarc.com\/pl\/crear-una-fabrica-e-industria-desde-cero\/#breadcrumb"},"inLanguage":"fr-FR","potentialAction":[{"@type":"ReadAction","target":["https:\/\/www.distribucionarc.com\/pl\/crear-una-fabrica-e-industria-desde-cero\/"]}]},{"@type":"BreadcrumbList","@id":"https:\/\/www.distribucionarc.com\/pl\/crear-una-fabrica-e-industria-desde-cero\/#breadcrumb","itemListElement":[{"@type":"ListItem","position":1,"name":"Portada","item":"https:\/\/www.distribucionarc.com\/"},{"@type":"ListItem","position":2,"name":"Crear una fabrica e industria desde cero"}]},{"@type":"WebSite","@id":"https:\/\/www.distribucionarc.com\/sl\/#website","url":"https:\/\/www.distribucionarc.com\/sl\/","name":"R\u00e9partition de l&#039;ARC","description":"Entreprise sp\u00e9cialis\u00e9e dans la fabrication et la distribution de machines industrielles, scelleuses de bo\u00eetes, machines \u00e0 comprim\u00e9s, machines \u00e0 d\u00e9couper la viande...","publisher":{"@id":"https:\/\/www.distribucionarc.com\/sl\/#organization"},"potentialAction":[{"@type":"SearchAction","target":{"@type":"EntryPoint","urlTemplate":"https:\/\/www.distribucionarc.com\/sl\/?s={search_term_string}"},"query-input":{"@type":"PropertyValueSpecification","valueRequired":true,"valueName":"search_term_string"}}],"inLanguage":"fr-FR"},{"@type":"Organization","@id":"https:\/\/www.distribucionarc.com\/sl\/#organization","name":"Distribution ARC","url":"https:\/\/www.distribucionarc.com\/sl\/","logo":{"@type":"ImageObject","inLanguage":"fr-FR","@id":"https:\/\/www.distribucionarc.com\/sl\/#\/schema\/logo\/image\/","url":"https:\/\/distribucionarc.com\/wp-content\/uploads\/2024\/10\/distribucion-ARC-COLOR-SIN-FONDO-e1732295305345.png","contentUrl":"https:\/\/distribucionarc.com\/wp-content\/uploads\/2024\/10\/distribucion-ARC-COLOR-SIN-FONDO-e1732295305345.png","width":1164,"height":558,"caption":"Distribuci\u00f3n ARC"},"image":{"@id":"https:\/\/www.distribucionarc.com\/sl\/#\/schema\/logo\/image\/"},"description":"Entreprise sp\u00e9cialis\u00e9e dans la fabrication et la distribution de machines industrielles pour les secteurs alimentaire et pharmaceutique. Nous sommes sp\u00e9cialis\u00e9s dans : Machines \u00e0 couper la viande Fabrication de comprim\u00e9s Syst\u00e8mes de transport industriel Lignes d'embouteillage Machines de dosage Et bien plus encore... Nous proposons des solutions innovantes et personnalis\u00e9es pour optimiser les processus de production de votre entreprise.","email":"Admistracion@distribucionarc.com","telephone":"+34 643496664","legalName":"ARC TECH SOLUTIONS","foundingDate":"2024-04-09","vatID":"B55480172","numberOfEmployees":{"@type":"QuantitativeValue","minValue":"1","maxValue":"10"}}]}},"_links":{"self":[{"href":"https:\/\/distribucionarc.com\/fr\/wp-json\/wp\/v2\/pages\/5025","targetHints":{"allow":["GET"]}}],"collection":[{"href":"https:\/\/distribucionarc.com\/fr\/wp-json\/wp\/v2\/pages"}],"about":[{"href":"https:\/\/distribucionarc.com\/fr\/wp-json\/wp\/v2\/types\/page"}],"author":[{"embeddable":true,"href":"https:\/\/distribucionarc.com\/fr\/wp-json\/wp\/v2\/users\/1"}],"replies":[{"embeddable":true,"href":"https:\/\/distribucionarc.com\/fr\/wp-json\/wp\/v2\/comments?post=5025"}],"version-history":[{"count":5,"href":"https:\/\/distribucionarc.com\/fr\/wp-json\/wp\/v2\/pages\/5025\/revisions"}],"predecessor-version":[{"id":16218,"href":"https:\/\/distribucionarc.com\/fr\/wp-json\/wp\/v2\/pages\/5025\/revisions\/16218"}],"wp:attachment":[{"href":"https:\/\/distribucionarc.com\/fr\/wp-json\/wp\/v2\/media?parent=5025"}],"curies":[{"name":"wp","href":"https:\/\/api.w.org\/{rel}","templated":true}]}}