{"id":68,"date":"2020-04-15T09:20:08","date_gmt":"2020-04-15T09:20:08","guid":{"rendered":"https:\/\/distribucionarc.com\/?page_id=68"},"modified":"2025-04-24T06:55:00","modified_gmt":"2025-04-24T04:55:00","slug":"politique-de-cookies","status":"publish","type":"page","link":"https:\/\/distribucionarc.com\/fr\/inicio\/politica-de-cookies\/","title":{"rendered":"politique de cookies"},"content":{"rendered":"<div data-elementor-type=\"wp-page\" data-elementor-id=\"68\" class=\"elementor elementor-68\" data-elementor-post-type=\"page\">\n\t\t\t\t<div class=\"elementor-element elementor-element-a152b90 wd-section-stretch e-flex e-con-boxed wpr-particle-no wpr-jarallax-no wpr-parallax-no wpr-sticky-section-no e-con e-parent\" data-id=\"a152b90\" data-element_type=\"container\" data-e-type=\"container\" data-settings=\"{&quot;background_background&quot;:&quot;classic&quot;}\">\n\t\t\t\t\t<div class=\"e-con-inner\">\n\t\t<div class=\"elementor-element elementor-element-09d3b2a e-con-full e-flex wpr-particle-no wpr-jarallax-no wpr-parallax-no wpr-sticky-section-no e-con e-child\" data-id=\"09d3b2a\" data-element_type=\"container\" data-e-type=\"container\">\n\t\t\t\t<div class=\"elementor-element elementor-element-c63fd6d elementor-widget elementor-widget-heading\" data-id=\"c63fd6d\" data-element_type=\"widget\" data-e-type=\"widget\" data-widget_type=\"heading.default\">\n\t\t\t\t\t<h2 class=\"elementor-heading-title elementor-size-default\">politique de cookies<\/h2>\t\t\t\t<\/div>\n\t\t\t\t<\/div>\n\t\t\t\t\t<\/div>\n\t\t\t\t<\/div>\n\t\t<div class=\"wd-negative-gap elementor-element elementor-element-4cdd5007 e-flex e-con-boxed wpr-particle-no wpr-jarallax-no wpr-parallax-no wpr-sticky-section-no e-con e-parent\" data-id=\"4cdd5007\" data-element_type=\"container\" data-e-type=\"container\">\n\t\t\t\t\t<div class=\"e-con-inner\">\n\t\t\t\t<div class=\"elementor-element elementor-element-75fee04d color-scheme-inherit text-left elementor-widget elementor-widget-text-editor\" data-id=\"75fee04d\" data-element_type=\"widget\" data-e-type=\"widget\" data-widget_type=\"text-editor.default\">\n\t\t\t\t\t\t\t\t\t\n<p><strong>En acc\u00e9dant au site Web DISTRIBUCION ARC, si vous avez configur\u00e9 votre navigateur pour permettre l&#039;acceptation des cookies, nous comprenons que vous souhaitez utiliser les services et produits de DISTRIBUCION ARC et vous consentez \u00e0 l&#039;utilisation de cookies ou d&#039;autres technologies pour vous fournir le prestation souhait\u00e9e.<\/strong><\/p>\n\n<p><strong>Qu&#039;est-ce qu&#039;un cookie ?<\/strong><\/p>\n\n<p>Un cookie est un caract\u00e8re alphanum\u00e9rique envoy\u00e9 par un site Internet et stock\u00e9 dans le navigateur de l&#039;utilisateur via son navigateur Internet afin que le site Internet puisse visualiser des informations. Les cookies permettent, par exemple, de m\u00e9moriser le contenu du panier, \u00e0 votre navigateur de m\u00e9moriser votre nom d&#039;utilisateur ou d&#039;effectuer des analyses statistiques pour am\u00e9liorer le contenu, les services et les produits de DISTRIBUCION ARC.<\/p>\n\n<p>Pour naviguer correctement dans DISTRIBUCION ARC et utiliser toutes ses fonctions, vous devez avoir activ\u00e9 l&#039;acceptation des cookies. La d\u00e9sactivation des cookies peut signifier que vous ne pouvez pas utiliser correctement notre site Web.<\/p>\n\n<p><strong>Quels cookies utilisons-nous sur distribucionarc.com<\/strong><\/p>\n\n<ul class=\"wp-block-list\">\n<li>\u00a0CONSENTEMENT \u2013 permanent \u2013 propre<\/li>\n<li>\u00a0PHPSESSID \u2013 permanent \u2013 propre<\/li>\n<li>\u00a0ga \u2013 permanent \u2013 tiers\u00a0<\/li>\n<li>\u00a0gat \u2013 permanent \u2013 tiers<\/li>\n<li>\u00a0gid \u2013 permanent \u2013 tiers<\/li>\n<li>\u00a0monnaie \u2013 permanente \u2013 propre<\/li>\n<li>\u00a0par d\u00e9faut \u2013 permanent \u2013 propre<\/li>\n<li>\u00a0langue \u2013 permanente \u2013 propre<\/li>\n<\/ul>\n\n<p><strong>Comment activer les cookies dans mon navigateur ?<\/strong><\/p>\n\n<p><strong>EXPLORATEUR INTERNET MICROSOFT<\/strong><\/p>\n\n<p>\u2022 Ouvrez le menu \u00ab\u00a0Extras\u00a0\u00bb et s\u00e9lectionnez \u00ab\u00a0Options Internet\u00a0\u00bb.<br \/>\u2022 Cliquez sur l&#039;onglet \u00ab\u00a0Protection des donn\u00e9es\u00a0\u00bb.<br \/>\u2022 Cliquez sur le bouton \u00ab\u00a0Standard\u00a0\u00bb (ou acc\u00e9dez manuellement \u00e0 l&#039;option \u00ab\u00a0Moyen\u00a0\u00bb) de \u00ab\u00a0Param\u00e8tres\u00a0\u00bb.<br \/>\u2022 Cliquez sur \u00abOK\u00bb.<br \/><br \/><strong>MOZILLA-FIREFOX<\/strong><br \/><br \/>\u2022 Ouvrez le menu \u00ab\u00a0Extras\u00a0\u00bb.<br \/>\u2022 S\u00e9lectionnez \u00ab\u00a0Param\u00e8tres\u00a0\u00bb.<br \/>\u2022 S\u00e9lectionnez le symbole \u00ab Protection des donn\u00e9es \u00bb.<br \/>\u2022 Cochez la case \u00ab Accepter les cookies \u00bb.<br \/>\u2022 Cliquez sur \u00ab\u00a0OK\u00a0\u00bb pour enregistrer les modifications.<br \/><br \/><strong>Google\u00a0Chrome<\/strong><br \/><br \/>\u2022 Cliquez sur le menu \u00ab\u00a0Extras\u00a0\u00bb.<br \/>\u2022 S\u00e9lectionnez \u00ab\u00a0Param\u00e8tres\u00a0\u00bb.<br \/>\u2022 Cliquez sur l&#039;onglet \u00ab Param\u00e8tres avanc\u00e9s \u00bb ou \u00ab D\u00e9tails \u00bb (selon la version).<br \/>\u2022 Sous \u00ab Confidentialit\u00e9 \u00bb, cliquez sur \u00ab Param\u00e8tres de contenu\u2026 \u00bb.<br \/>\u2022 S\u00e9lectionnez l&#039;option \u00ab\u00a0Autoriser l&#039;enregistrement des donn\u00e9es locales\u00a0\u00bb.<br \/><br \/><strong>SAFARI<\/strong><br \/><br \/>\u2022 Acc\u00e9dez au menu d\u00e9roulant Safari.<br \/>\u2022 S\u00e9lectionnez \u00ab\u00a0Param\u00e8tres\u00a0\u00bb.<br \/>\u2022 S\u00e9lectionnez l&#039;onglet \u00ab\u00a0Protection des donn\u00e9es\u00a0\u00bb.<br \/>\u2022 Sous \u00ab Bloquer les cookies \u00bb, s\u00e9lectionnez \u00ab Jamais \u00bb.<br \/><br \/><strong>Comment d\u00e9sactiver les cookies dans mon navigateur ?<\/strong><br \/><br \/>La fonction d&#039;aide de la plupart des navigateurs vous indique comment configurer votre navigateur pour qu&#039;il n&#039;accepte pas les cookies, pour vous avertir chaque fois que vous recevez un nouveau cookie, ainsi que pour d\u00e9sactiver compl\u00e8tement tous les cookies.<\/p>\n\t\t\t\t\t\t\t\t<\/div>\n\t\t\t\t\t<\/div>\n\t\t\t\t<\/div>\n\t\t\t\t<\/div>","protected":false},"excerpt":{"rendered":"<p>Politique relative aux cookies Lorsque vous acc\u00e9dez au site Web de DISTRIBUCION ARC, si vous avez configur\u00e9 votre navigateur pour autoriser<\/p>","protected":false},"author":1,"featured_media":0,"parent":45,"menu_order":0,"comment_status":"closed","ping_status":"closed","template":"elementor_header_footer","meta":{"footnotes":""},"class_list":["post-68","page","type-page","status-publish","hentry"],"yoast_head":"<!-- This site is optimized with the Yoast SEO Premium plugin v24.9 (Yoast SEO v26.1) - https:\/\/yoast.com\/wordpress\/plugins\/seo\/ -->\n<title>politica de cookies - distribuci\u00f3n ARC<\/title>\n<meta name=\"robots\" content=\"index, follow, max-snippet:-1, max-image-preview:large, max-video-preview:-1\" \/>\n<link rel=\"canonical\" href=\"https:\/\/www.distribucionarc.com\/nl\/inicio\/politica-de-cookies\/\" \/>\n<meta property=\"og:locale\" content=\"fr_FR\" \/>\n<meta property=\"og:type\" content=\"article\" \/>\n<meta property=\"og:title\" content=\"politica de cookies\" \/>\n<meta property=\"og:description\" content=\"politica de cookies Al entrar en la p\u00e1gina web de DISTRIBUCION ARC, si usted tiene ajustado su navegador para permitir\" \/>\n<meta property=\"og:url\" content=\"https:\/\/www.distribucionarc.com\/nl\/inicio\/politica-de-cookies\/\" \/>\n<meta property=\"og:site_name\" content=\"distribuci\u00f3n ARC\" \/>\n<meta property=\"article:modified_time\" content=\"2025-04-24T04:55:00+00:00\" \/>\n<meta property=\"og:image\" content=\"https:\/\/distribucionarc.com\/wp-content\/uploads\/2024\/12\/icono-arc.jpg\" \/>\n\t<meta property=\"og:image:width\" content=\"612\" \/>\n\t<meta property=\"og:image:height\" content=\"792\" \/>\n\t<meta property=\"og:image:type\" content=\"image\/jpeg\" \/>\n<meta name=\"twitter:card\" content=\"summary_large_image\" \/>\n<meta name=\"twitter:label1\" content=\"Dur\u00e9e de lecture estim\u00e9e\" \/>\n\t<meta name=\"twitter:data1\" content=\"2 minutes\" \/>\n<script type=\"application\/ld+json\" class=\"yoast-schema-graph\">{\"@context\":\"https:\/\/schema.org\",\"@graph\":[{\"@type\":\"WebPage\",\"@id\":\"https:\/\/www.distribucionarc.com\/nl\/inicio\/politica-de-cookies\/\",\"url\":\"https:\/\/www.distribucionarc.com\/nl\/inicio\/politica-de-cookies\/\",\"name\":\"politica de cookies - distribuci\u00f3n ARC\",\"isPartOf\":{\"@id\":\"https:\/\/distribucionarc.com\/bg\/#website\"},\"datePublished\":\"2020-04-15T09:20:08+00:00\",\"dateModified\":\"2025-04-24T04:55:00+00:00\",\"breadcrumb\":{\"@id\":\"https:\/\/www.distribucionarc.com\/nl\/inicio\/politica-de-cookies\/#breadcrumb\"},\"inLanguage\":\"fr-FR\",\"potentialAction\":[{\"@type\":\"ReadAction\",\"target\":[\"https:\/\/www.distribucionarc.com\/nl\/inicio\/politica-de-cookies\/\"]}]},{\"@type\":\"BreadcrumbList\",\"@id\":\"https:\/\/www.distribucionarc.com\/nl\/inicio\/politica-de-cookies\/#breadcrumb\",\"itemListElement\":[{\"@type\":\"ListItem\",\"position\":1,\"name\":\"Portada\",\"item\":\"https:\/\/distribucionarc.com\/nb\/\"},{\"@type\":\"ListItem\",\"position\":2,\"name\":\"inicio\",\"item\":\"https:\/\/distribucionarc.com\/ro\/inicio\/\"},{\"@type\":\"ListItem\",\"position\":3,\"name\":\"politica de cookies\"}]},{\"@type\":\"WebSite\",\"@id\":\"https:\/\/distribucionarc.com\/bg\/#website\",\"url\":\"https:\/\/distribucionarc.com\/bg\/\",\"name\":\"distribuci\u00f3n ARC\",\"description\":\"Empresa especializada en la fabricaci\u00f3n y distribuci\u00f3n de maquinaria industrial, selladoras de latas, Maquinas de hacer pastillas, Maquinas de cortar carne...\",\"publisher\":{\"@id\":\"https:\/\/distribucionarc.com\/bg\/#organization\"},\"potentialAction\":[{\"@type\":\"SearchAction\",\"target\":{\"@type\":\"EntryPoint\",\"urlTemplate\":\"https:\/\/distribucionarc.com\/bg\/?s={search_term_string}\"},\"query-input\":{\"@type\":\"PropertyValueSpecification\",\"valueRequired\":true,\"valueName\":\"search_term_string\"}}],\"inLanguage\":\"fr-FR\"},{\"@type\":\"Organization\",\"@id\":\"https:\/\/distribucionarc.com\/bg\/#organization\",\"name\":\"Distribuci\u00f3n ARC\",\"url\":\"https:\/\/distribucionarc.com\/bg\/\",\"logo\":{\"@type\":\"ImageObject\",\"inLanguage\":\"fr-FR\",\"@id\":\"https:\/\/distribucionarc.com\/bg\/#\/schema\/logo\/image\/\",\"url\":\"https:\/\/distribucionarc.com\/wp-content\/uploads\/2024\/10\/distribucion-ARC-COLOR-SIN-FONDO-e1732295305345.png\",\"contentUrl\":\"https:\/\/distribucionarc.com\/wp-content\/uploads\/2024\/10\/distribucion-ARC-COLOR-SIN-FONDO-e1732295305345.png\",\"width\":1164,\"height\":558,\"caption\":\"Distribuci\u00f3n ARC\"},\"image\":{\"@id\":\"https:\/\/distribucionarc.com\/bg\/#\/schema\/logo\/image\/\"},\"description\":\"Empresa especializada en la fabricaci\u00f3n y distribuci\u00f3n de maquinaria industrial para los sectores alimentario y farmac\u00e9utico. Nos especializamos en: M\u00e1quinas de cortar carne Fabricaci\u00f3n de comprimidos Sistemas de transporte industrial L\u00edneas de embotellado Dosificadores Y mucho m\u00e1s... Ofrecemos soluciones innovadoras y personalizadas para optimizar los procesos productivos de tu empresa.\",\"email\":\"Admistracion@distribucionarc.com\",\"telephone\":\"+34 643496664\",\"legalName\":\"ARC TECH SOLUTIONS\",\"foundingDate\":\"2024-04-09\",\"vatID\":\"B55480172\",\"numberOfEmployees\":{\"@type\":\"QuantitativeValue\",\"minValue\":\"1\",\"maxValue\":\"10\"}}]}<\/script>\n<!-- \/ Yoast SEO Premium plugin. -->","yoast_head_json":{"title":"politique de cookies - Distribution ARC","robots":{"index":"index","follow":"follow","max-snippet":"max-snippet:-1","max-image-preview":"max-image-preview:large","max-video-preview":"max-video-preview:-1"},"canonical":"https:\/\/www.distribucionarc.com\/nl\/inicio\/politica-de-cookies\/","og_locale":"fr_FR","og_type":"article","og_title":"politica de cookies","og_description":"politica de cookies Al entrar en la p\u00e1gina web de DISTRIBUCION ARC, si usted tiene ajustado su navegador para permitir","og_url":"https:\/\/www.distribucionarc.com\/nl\/inicio\/politica-de-cookies\/","og_site_name":"distribuci\u00f3n ARC","article_modified_time":"2025-04-24T04:55:00+00:00","og_image":[{"width":612,"height":792,"url":"https:\/\/distribucionarc.com\/wp-content\/uploads\/2024\/12\/icono-arc.jpg","type":"image\/jpeg"}],"twitter_card":"summary_large_image","twitter_misc":{"Dur\u00e9e de lecture estim\u00e9e":"2 minutes"},"schema":{"@context":"https:\/\/schema.org","@graph":[{"@type":"WebPage","@id":"https:\/\/www.distribucionarc.com\/nl\/inicio\/politica-de-cookies\/","url":"https:\/\/www.distribucionarc.com\/nl\/inicio\/politica-de-cookies\/","name":"politique de cookies - Distribution ARC","isPartOf":{"@id":"https:\/\/distribucionarc.com\/bg\/#website"},"datePublished":"2020-04-15T09:20:08+00:00","dateModified":"2025-04-24T04:55:00+00:00","breadcrumb":{"@id":"https:\/\/www.distribucionarc.com\/nl\/inicio\/politica-de-cookies\/#breadcrumb"},"inLanguage":"fr-FR","potentialAction":[{"@type":"ReadAction","target":["https:\/\/www.distribucionarc.com\/nl\/inicio\/politica-de-cookies\/"]}]},{"@type":"BreadcrumbList","@id":"https:\/\/www.distribucionarc.com\/nl\/inicio\/politica-de-cookies\/#breadcrumb","itemListElement":[{"@type":"ListItem","position":1,"name":"Portada","item":"https:\/\/distribucionarc.com\/nb\/"},{"@type":"ListItem","position":2,"name":"inicio","item":"https:\/\/distribucionarc.com\/ro\/inicio\/"},{"@type":"ListItem","position":3,"name":"politica de cookies"}]},{"@type":"WebSite","@id":"https:\/\/distribucionarc.com\/bg\/#website","url":"https:\/\/distribucionarc.com\/bg\/","name":"R\u00e9partition de l&#039;ARC","description":"Entreprise sp\u00e9cialis\u00e9e dans la fabrication et la distribution de machines industrielles, scelleuses de bo\u00eetes, machines \u00e0 comprim\u00e9s, machines \u00e0 d\u00e9couper la viande...","publisher":{"@id":"https:\/\/distribucionarc.com\/bg\/#organization"},"potentialAction":[{"@type":"SearchAction","target":{"@type":"EntryPoint","urlTemplate":"https:\/\/distribucionarc.com\/bg\/?s={search_term_string}"},"query-input":{"@type":"PropertyValueSpecification","valueRequired":true,"valueName":"search_term_string"}}],"inLanguage":"fr-FR"},{"@type":"Organization","@id":"https:\/\/distribucionarc.com\/bg\/#organization","name":"Distribution ARC","url":"https:\/\/distribucionarc.com\/bg\/","logo":{"@type":"ImageObject","inLanguage":"fr-FR","@id":"https:\/\/distribucionarc.com\/bg\/#\/schema\/logo\/image\/","url":"https:\/\/distribucionarc.com\/wp-content\/uploads\/2024\/10\/distribucion-ARC-COLOR-SIN-FONDO-e1732295305345.png","contentUrl":"https:\/\/distribucionarc.com\/wp-content\/uploads\/2024\/10\/distribucion-ARC-COLOR-SIN-FONDO-e1732295305345.png","width":1164,"height":558,"caption":"Distribuci\u00f3n ARC"},"image":{"@id":"https:\/\/distribucionarc.com\/bg\/#\/schema\/logo\/image\/"},"description":"Entreprise sp\u00e9cialis\u00e9e dans la fabrication et la distribution de machines industrielles pour les secteurs alimentaire et pharmaceutique. Nous sommes sp\u00e9cialis\u00e9s dans : Machines \u00e0 couper la viande Fabrication de comprim\u00e9s Syst\u00e8mes de transport industriel Lignes d'embouteillage Machines de dosage Et bien plus encore... Nous proposons des solutions innovantes et personnalis\u00e9es pour optimiser les processus de production de votre entreprise.","email":"Admistracion@distribucionarc.com","telephone":"+34 643496664","legalName":"ARC TECH SOLUTIONS","foundingDate":"2024-04-09","vatID":"B55480172","numberOfEmployees":{"@type":"QuantitativeValue","minValue":"1","maxValue":"10"}}]}},"_links":{"self":[{"href":"https:\/\/distribucionarc.com\/fr\/wp-json\/wp\/v2\/pages\/68","targetHints":{"allow":["GET"]}}],"collection":[{"href":"https:\/\/distribucionarc.com\/fr\/wp-json\/wp\/v2\/pages"}],"about":[{"href":"https:\/\/distribucionarc.com\/fr\/wp-json\/wp\/v2\/types\/page"}],"author":[{"embeddable":true,"href":"https:\/\/distribucionarc.com\/fr\/wp-json\/wp\/v2\/users\/1"}],"replies":[{"embeddable":true,"href":"https:\/\/distribucionarc.com\/fr\/wp-json\/wp\/v2\/comments?post=68"}],"version-history":[{"count":4,"href":"https:\/\/distribucionarc.com\/fr\/wp-json\/wp\/v2\/pages\/68\/revisions"}],"predecessor-version":[{"id":16303,"href":"https:\/\/distribucionarc.com\/fr\/wp-json\/wp\/v2\/pages\/68\/revisions\/16303"}],"up":[{"embeddable":true,"href":"https:\/\/distribucionarc.com\/fr\/wp-json\/wp\/v2\/pages\/45"}],"wp:attachment":[{"href":"https:\/\/distribucionarc.com\/fr\/wp-json\/wp\/v2\/media?parent=68"}],"curies":[{"name":"wp","href":"https:\/\/api.w.org\/{rel}","templated":true}]}}