{"id":71,"date":"2020-04-15T09:30:06","date_gmt":"2020-04-15T09:30:06","guid":{"rendered":"https:\/\/distribucionarc.com\/?page_id=71"},"modified":"2025-04-25T07:08:47","modified_gmt":"2025-04-25T05:08:47","slug":"politique-de-confidentialite","status":"publish","type":"page","link":"https:\/\/distribucionarc.com\/fr\/politica-de-privacidad\/","title":{"rendered":"politique de confidentialit\u00e9"},"content":{"rendered":"<div data-elementor-type=\"wp-page\" data-elementor-id=\"71\" class=\"elementor elementor-71\" data-elementor-post-type=\"page\">\n\t\t\t\t<div class=\"elementor-element elementor-element-55ddc61 wd-section-stretch e-flex e-con-boxed wpr-particle-no wpr-jarallax-no wpr-parallax-no wpr-sticky-section-no e-con e-parent\" data-id=\"55ddc61\" data-element_type=\"container\" data-e-type=\"container\" data-settings=\"{&quot;background_background&quot;:&quot;classic&quot;}\">\n\t\t\t\t\t<div class=\"e-con-inner\">\n\t\t<div class=\"elementor-element elementor-element-5745e6e e-con-full e-flex wpr-particle-no wpr-jarallax-no wpr-parallax-no wpr-sticky-section-no e-con e-child\" data-id=\"5745e6e\" data-element_type=\"container\" data-e-type=\"container\">\n\t\t\t\t<div class=\"elementor-element elementor-element-05ceda0 elementor-widget elementor-widget-heading\" data-id=\"05ceda0\" data-element_type=\"widget\" data-e-type=\"widget\" data-widget_type=\"heading.default\">\n\t\t\t\t\t<h2 class=\"elementor-heading-title elementor-size-default\">politique de confidentialit\u00e9<\/h2>\t\t\t\t<\/div>\n\t\t\t\t<\/div>\n\t\t\t\t\t<\/div>\n\t\t\t\t<\/div>\n\t\t<div class=\"wd-negative-gap elementor-element elementor-element-428fd617 e-flex e-con-boxed wpr-particle-no wpr-jarallax-no wpr-parallax-no wpr-sticky-section-no e-con e-parent\" data-id=\"428fd617\" data-element_type=\"container\" data-e-type=\"container\">\n\t\t\t\t\t<div class=\"e-con-inner\">\n\t\t\t\t<div class=\"elementor-element elementor-element-8a7b043 color-scheme-inherit text-left elementor-widget elementor-widget-text-editor\" data-id=\"8a7b043\" data-element_type=\"widget\" data-e-type=\"widget\" data-widget_type=\"text-editor.default\">\n\t\t\t\t\t\t\t\t\t\n<h2 class=\"wp-block-heading\">Recommandation pr\u00e9c\u00e9dente<\/h2>\n\n<p>Nous vous souhaitons la bienvenue sur ce site Web et vous recommandons de lire notre Politique de confidentialit\u00e9. Ceci d\u00e9crit la mani\u00e8re dont\u00a0 <strong>DISTRIBUCIONARC.COM<\/strong> \u00a0collecte et utilise des informations sur ses clients, utilisateurs et abonn\u00e9s de ce site Web.\u00a0<\/p>\n\n<p><strong>DISTRIBUCIONARC.COM<\/strong> avec B55480172 et adresse \u00e0 C\/CASTELL N1 46970 ALAQUAS (VALENCIA), en tant que responsable du traitement de vos donn\u00e9es, traite vos donn\u00e9es \u00e0 travers ce site Web o\u00f9 les donn\u00e9es personnelles des utilisateurs sont respect\u00e9es et prises en charge. En tant qu&#039;utilisateur, vous devez savoir que vos droits sont garantis.<\/p>\n\n<p>Il est n\u00e9cessaire d&#039;avertir que cette politique de confidentialit\u00e9 peut varier en fonction des exigences l\u00e9gislatives ou d&#039;autor\u00e9gulation, c&#039;est pourquoi il est conseill\u00e9 aux utilisateurs de la consulter p\u00e9riodiquement. Il sera applicable si les utilisateurs d\u00e9cident de remplir l&#039;un de leurs formulaires de contact o\u00f9 des donn\u00e9es personnelles sont collect\u00e9es.<\/p>\n\n<p>Dispositions l\u00e9gales auxquelles cette politique de confidentialit\u00e9 est conforme<\/p>\n\n<ul class=\"wp-block-list\">\n<li>Il\u00a0<strong>RGPD (R\u00e8glement (UE) 2016\/679 du Parlement europ\u00e9en et du Conseil du 27 avril 2016 relatif \u00e0 la protection des personnes physiques)<\/strong>, qui est le nouveau r\u00e8glement de l&#039;Union europ\u00e9enne qui unifie la r\u00e9glementation du traitement des donn\u00e9es personnelles dans les diff\u00e9rents pays de l&#039;UE.<\/li>\n\n<li>Le\u00a0<strong>LOPD (Loi Organique 03\/2018 du 5 d\u00e9cembre relative \u00e0 la protection des donn\u00e9es et \u00e0 la garantie des droits num\u00e9riques).<\/strong><\/li>\n\n<li>Le\u00a0<strong>LSSI ou LSSICE (Loi 34\/2002 du 11 juillet sur les services de la soci\u00e9t\u00e9 de l&#039;information et le commerce \u00e9lectronique)<\/strong>, qui r\u00e9gule les transactions \u00e9conomiques par voie \u00e9lectronique, comme c&#039;est le cas de ce site Internet.<\/li>\n<\/ul>\n\n<p>Objectifs du traitement<\/p>\n\n<p>En cas de questions et de suggestions formul\u00e9es, \u00e0 travers les sections existantes \u00e0 cet effet, les informations seront exclusivement utilis\u00e9es pour r\u00e9pondre aux questions soulev\u00e9es.<\/p>\n\n<p>Sauf dans les champs o\u00f9 express\u00e9ment indiqu\u00e9 autrement, la fourniture des informations requises dans les formulaires de demande de donn\u00e9es est obligatoire pour la bonne gestion des demandes, interrogations et suggestions que vous formulez. Le fait de ne pas remplir les champs d\u00e9termin\u00e9s comme obligatoires ou de fournir des donn\u00e9es incorrectes rendra impossible\u00a0<strong>R\u00c9PARTITION DE L&#039;ARC<\/strong>\u00a0peut les g\u00e9rer correctement.<\/p>\n\n<p>L\u00e9gitimation du traitement<\/p>\n\n<p>En nous contactant via notre site Web, l&#039;utilisateur d\u00e9clare avoir \u00e9t\u00e9 inform\u00e9 des conditions relatives \u00e0 la protection des donn\u00e9es personnelles, en acceptant et en consentant au traitement de celles-ci par nos soins.\u00a0 <strong>R\u00c9PARTITION DE L&#039;ARC<\/strong> \u00a0de la mani\u00e8re et aux fins indiqu\u00e9es.<\/p>\n\n<p>Conservation et transfert de donn\u00e9es<\/p>\n\n<p>Les donn\u00e9es fournies seront conserv\u00e9es aussi longtemps que la relation commerciale sera maintenue ou pendant les ann\u00e9es n\u00e9cessaires au respect des obligations l\u00e9gales.<\/p>\n\n<p>Les donn\u00e9es ne seront pas c\u00e9d\u00e9es \u00e0 des tiers sauf dans les cas o\u00f9 il existe une obligation l\u00e9gale.\u00a0 <strong>R\u00c9PARTITION DE L&#039;ARC<\/strong> \u00a0ne vend pas, ne loue pas et ne transf\u00e8re pas, et ne le fera pas \u00e0 l&#039;avenir, \u00e0 des tiers des donn\u00e9es personnelles permettant d&#039;identifier l&#039;utilisateur sans son consentement pr\u00e9alable. Cependant, dans certains cas, des collaborations peuvent \u00eatre r\u00e9alis\u00e9es avec d&#039;autres professionnels pour organiser des formations ou fournir des services. Dans ces cas, le consentement sera requis des utilisateurs, les informant de l&#039;identit\u00e9 du collaborateur et du but de la collaboration. Elle sera toujours r\u00e9alis\u00e9e dans le respect des normes de s\u00e9curit\u00e9 les plus strictes.<\/p>\n\n<p>Exercice des droits de protection des donn\u00e9es<\/p>\n\n<p>L&#039;utilisateur peut diriger ses communications et exercer les droits d&#039;acc\u00e8s, de rectification, de suppression et d&#039;opposition, ainsi que la limitation du traitement et la portabilit\u00e9 des donn\u00e9es par courrier postal \u00e0 l&#039;adresse\u00a0<strong>CARRER CASTELL N1 46970 ALAQUAS (VALENCE)<\/strong>, ou \u00e0 l&#039;email : rgpd@distribucionarc.com accompagn\u00e9 d&#039;une pi\u00e8ce d&#039;identit\u00e9 valide, telle qu&#039;une photocopie du DNI ou \u00e9quivalent, en indiquant dans l&#039;objet \u00ab PROTECTION DES DONN\u00c9ES \u00bb.<\/p>\n\n<p>Services tiers que j&#039;utilise sur ce site Web<\/p>\n\n<ul class=\"wp-block-list\">\n<li><strong>H\u00e9bergement : strato<\/strong><\/li>\n\n<li><strong>Plateforme web : wordpress<\/strong><\/li>\n\n<li><strong>Google\u00a0Analytics<\/strong><\/li>\n<\/ul>\n\n<p>Les utilisateurs peuvent \u00e0 tout moment se d\u00e9sinscrire des services propos\u00e9s par <strong>DISTRIBUCIONARC.COM<\/strong> le m\u00eame bulletin. Conform\u00e9ment \u00e0 la r\u00e9glementation en vigueur sur la protection des donn\u00e9es personnelles, tant en s&#039;abonnant \u00e0 ce blog qu&#039;en faisant un commentaire sur l&#039;une de ses pages et\/ou entr\u00e9es, l&#039;utilisateur consent :<\/p>\n\n<h2 class=\"wp-block-heading\">Exactitude et v\u00e9racit\u00e9 des donn\u00e9es<\/h2>\n\n<p>L&#039;utilisateur est seul responsable de la v\u00e9racit\u00e9 et de l&#039;exactitude des donn\u00e9es envoy\u00e9es \u00e0\u00a0 <strong>DISTRIBUCIONARC.COM<\/strong> \u00a0exon\u00e9rant le Prestataire de toute responsabilit\u00e9 \u00e0 cet \u00e9gard. Les utilisateurs garantissent et sont responsables, dans tous les cas, de l&#039;exactitude, de la validit\u00e9 et de l&#039;authenticit\u00e9 des donn\u00e9es personnelles fournies, et s&#039;engagent \u00e0 les tenir d\u00fbment mises \u00e0 jour. L&#039;utilisateur s&#039;engage \u00e0 fournir des informations compl\u00e8tes et exactes dans le formulaire de contact ou d&#039;inscription.<\/p>\n\n<h2 class=\"wp-block-heading\">Modifications de cette politique de confidentialit\u00e9<\/h2>\n\n<p><strong>R\u00c9PARTITION DE L&#039;ARC<\/strong>\u00a0se r\u00e9serve le droit de modifier cette politique pour l&#039;adapter aux \u00e9volutions l\u00e9gislatives ou jurisprudentielles ainsi qu&#039;aux pratiques de l&#039;industrie. Dans de tels cas, le fournisseur annoncera les modifications introduites sur cette page avec un pr\u00e9avis raisonnable de leur mise en \u0153uvre.<\/p>\n\t\t\t\t\t\t\t\t<\/div>\n\t\t\t\t\t<\/div>\n\t\t\t\t<\/div>\n\t\t\t\t<\/div>","protected":false},"excerpt":{"rendered":"<p>Politique de confidentialit\u00e9 Recommandation pr\u00e9alable Nous vous souhaitons la bienvenue sur ce site Web et vous recommandons de lire notre politique de confidentialit\u00e9.<\/p>","protected":false},"author":1,"featured_media":0,"parent":0,"menu_order":0,"comment_status":"closed","ping_status":"closed","template":"elementor_header_footer","meta":{"footnotes":""},"class_list":["post-71","page","type-page","status-publish","hentry"],"yoast_head":"<!-- This site is optimized with the Yoast SEO Premium plugin v24.9 (Yoast SEO v26.1) - https:\/\/yoast.com\/wordpress\/plugins\/seo\/ -->\n<title>politica de privacidad - distribuci\u00f3n ARC<\/title>\n<meta name=\"robots\" content=\"index, follow, max-snippet:-1, max-image-preview:large, max-video-preview:-1\" \/>\n<link rel=\"canonical\" href=\"https:\/\/www.distribucionarc.com\/hr\/politica-de-privacidad\/\" \/>\n<meta property=\"og:locale\" content=\"fr_FR\" \/>\n<meta property=\"og:type\" content=\"article\" \/>\n<meta property=\"og:title\" content=\"politica de privacidad\" \/>\n<meta property=\"og:description\" content=\"politica de privacidad Recomendaci\u00f3n previa Les damos la bienvenida a esta web y les recomendamos que lean nuestra pol\u00edtica de\" \/>\n<meta property=\"og:url\" content=\"https:\/\/www.distribucionarc.com\/hr\/politica-de-privacidad\/\" \/>\n<meta property=\"og:site_name\" content=\"distribuci\u00f3n ARC\" \/>\n<meta property=\"article:modified_time\" content=\"2025-04-25T05:08:47+00:00\" \/>\n<meta property=\"og:image\" content=\"https:\/\/distribucionarc.com\/wp-content\/uploads\/2024\/12\/icono-arc.jpg\" \/>\n\t<meta property=\"og:image:width\" content=\"612\" \/>\n\t<meta property=\"og:image:height\" content=\"792\" \/>\n\t<meta property=\"og:image:type\" content=\"image\/jpeg\" \/>\n<meta name=\"twitter:card\" content=\"summary_large_image\" \/>\n<meta name=\"twitter:label1\" content=\"Dur\u00e9e de lecture estim\u00e9e\" \/>\n\t<meta name=\"twitter:data1\" content=\"4 minutes\" \/>\n<script type=\"application\/ld+json\" class=\"yoast-schema-graph\">{\"@context\":\"https:\/\/schema.org\",\"@graph\":[{\"@type\":\"WebPage\",\"@id\":\"https:\/\/www.distribucionarc.com\/hr\/politica-de-privacidad\/\",\"url\":\"https:\/\/www.distribucionarc.com\/hr\/politica-de-privacidad\/\",\"name\":\"politica de privacidad - distribuci\u00f3n ARC\",\"isPartOf\":{\"@id\":\"https:\/\/www.distribucionarc.com\/sl\/#website\"},\"datePublished\":\"2020-04-15T09:30:06+00:00\",\"dateModified\":\"2025-04-25T05:08:47+00:00\",\"breadcrumb\":{\"@id\":\"https:\/\/www.distribucionarc.com\/hr\/politica-de-privacidad\/#breadcrumb\"},\"inLanguage\":\"fr-FR\",\"potentialAction\":[{\"@type\":\"ReadAction\",\"target\":[\"https:\/\/www.distribucionarc.com\/hr\/politica-de-privacidad\/\"]}]},{\"@type\":\"BreadcrumbList\",\"@id\":\"https:\/\/www.distribucionarc.com\/hr\/politica-de-privacidad\/#breadcrumb\",\"itemListElement\":[{\"@type\":\"ListItem\",\"position\":1,\"name\":\"Portada\",\"item\":\"https:\/\/www.distribucionarc.com\/\"},{\"@type\":\"ListItem\",\"position\":2,\"name\":\"politica de privacidad\"}]},{\"@type\":\"WebSite\",\"@id\":\"https:\/\/www.distribucionarc.com\/sl\/#website\",\"url\":\"https:\/\/www.distribucionarc.com\/sl\/\",\"name\":\"distribuci\u00f3n ARC\",\"description\":\"Empresa especializada en la fabricaci\u00f3n y distribuci\u00f3n de maquinaria industrial, selladoras de latas, Maquinas de hacer pastillas, Maquinas de cortar carne...\",\"publisher\":{\"@id\":\"https:\/\/www.distribucionarc.com\/sl\/#organization\"},\"potentialAction\":[{\"@type\":\"SearchAction\",\"target\":{\"@type\":\"EntryPoint\",\"urlTemplate\":\"https:\/\/www.distribucionarc.com\/sl\/?s={search_term_string}\"},\"query-input\":{\"@type\":\"PropertyValueSpecification\",\"valueRequired\":true,\"valueName\":\"search_term_string\"}}],\"inLanguage\":\"fr-FR\"},{\"@type\":\"Organization\",\"@id\":\"https:\/\/www.distribucionarc.com\/sl\/#organization\",\"name\":\"Distribuci\u00f3n ARC\",\"url\":\"https:\/\/www.distribucionarc.com\/sl\/\",\"logo\":{\"@type\":\"ImageObject\",\"inLanguage\":\"fr-FR\",\"@id\":\"https:\/\/www.distribucionarc.com\/sl\/#\/schema\/logo\/image\/\",\"url\":\"https:\/\/distribucionarc.com\/wp-content\/uploads\/2024\/10\/distribucion-ARC-COLOR-SIN-FONDO-e1732295305345.png\",\"contentUrl\":\"https:\/\/distribucionarc.com\/wp-content\/uploads\/2024\/10\/distribucion-ARC-COLOR-SIN-FONDO-e1732295305345.png\",\"width\":1164,\"height\":558,\"caption\":\"Distribuci\u00f3n ARC\"},\"image\":{\"@id\":\"https:\/\/www.distribucionarc.com\/sl\/#\/schema\/logo\/image\/\"},\"description\":\"Empresa especializada en la fabricaci\u00f3n y distribuci\u00f3n de maquinaria industrial para los sectores alimentario y farmac\u00e9utico. Nos especializamos en: M\u00e1quinas de cortar carne Fabricaci\u00f3n de comprimidos Sistemas de transporte industrial L\u00edneas de embotellado Dosificadores Y mucho m\u00e1s... Ofrecemos soluciones innovadoras y personalizadas para optimizar los procesos productivos de tu empresa.\",\"email\":\"Admistracion@distribucionarc.com\",\"telephone\":\"+34 643496664\",\"legalName\":\"ARC TECH SOLUTIONS\",\"foundingDate\":\"2024-04-09\",\"vatID\":\"B55480172\",\"numberOfEmployees\":{\"@type\":\"QuantitativeValue\",\"minValue\":\"1\",\"maxValue\":\"10\"}}]}<\/script>\n<!-- \/ Yoast SEO Premium plugin. -->","yoast_head_json":{"title":"politique de confidentialit\u00e9 - Distribution ARC","robots":{"index":"index","follow":"follow","max-snippet":"max-snippet:-1","max-image-preview":"max-image-preview:large","max-video-preview":"max-video-preview:-1"},"canonical":"https:\/\/www.distribucionarc.com\/hr\/politica-de-privacidad\/","og_locale":"fr_FR","og_type":"article","og_title":"politica de privacidad","og_description":"politica de privacidad Recomendaci\u00f3n previa Les damos la bienvenida a esta web y les recomendamos que lean nuestra pol\u00edtica de","og_url":"https:\/\/www.distribucionarc.com\/hr\/politica-de-privacidad\/","og_site_name":"distribuci\u00f3n ARC","article_modified_time":"2025-04-25T05:08:47+00:00","og_image":[{"width":612,"height":792,"url":"https:\/\/distribucionarc.com\/wp-content\/uploads\/2024\/12\/icono-arc.jpg","type":"image\/jpeg"}],"twitter_card":"summary_large_image","twitter_misc":{"Dur\u00e9e de lecture estim\u00e9e":"4 minutes"},"schema":{"@context":"https:\/\/schema.org","@graph":[{"@type":"WebPage","@id":"https:\/\/www.distribucionarc.com\/hr\/politica-de-privacidad\/","url":"https:\/\/www.distribucionarc.com\/hr\/politica-de-privacidad\/","name":"politique de confidentialit\u00e9 - Distribution ARC","isPartOf":{"@id":"https:\/\/www.distribucionarc.com\/sl\/#website"},"datePublished":"2020-04-15T09:30:06+00:00","dateModified":"2025-04-25T05:08:47+00:00","breadcrumb":{"@id":"https:\/\/www.distribucionarc.com\/hr\/politica-de-privacidad\/#breadcrumb"},"inLanguage":"fr-FR","potentialAction":[{"@type":"ReadAction","target":["https:\/\/www.distribucionarc.com\/hr\/politica-de-privacidad\/"]}]},{"@type":"BreadcrumbList","@id":"https:\/\/www.distribucionarc.com\/hr\/politica-de-privacidad\/#breadcrumb","itemListElement":[{"@type":"ListItem","position":1,"name":"Portada","item":"https:\/\/www.distribucionarc.com\/"},{"@type":"ListItem","position":2,"name":"politica de privacidad"}]},{"@type":"WebSite","@id":"https:\/\/www.distribucionarc.com\/sl\/#website","url":"https:\/\/www.distribucionarc.com\/sl\/","name":"R\u00e9partition de l&#039;ARC","description":"Entreprise sp\u00e9cialis\u00e9e dans la fabrication et la distribution de machines industrielles, scelleuses de bo\u00eetes, machines \u00e0 comprim\u00e9s, machines \u00e0 d\u00e9couper la viande...","publisher":{"@id":"https:\/\/www.distribucionarc.com\/sl\/#organization"},"potentialAction":[{"@type":"SearchAction","target":{"@type":"EntryPoint","urlTemplate":"https:\/\/www.distribucionarc.com\/sl\/?s={search_term_string}"},"query-input":{"@type":"PropertyValueSpecification","valueRequired":true,"valueName":"search_term_string"}}],"inLanguage":"fr-FR"},{"@type":"Organization","@id":"https:\/\/www.distribucionarc.com\/sl\/#organization","name":"Distribution ARC","url":"https:\/\/www.distribucionarc.com\/sl\/","logo":{"@type":"ImageObject","inLanguage":"fr-FR","@id":"https:\/\/www.distribucionarc.com\/sl\/#\/schema\/logo\/image\/","url":"https:\/\/distribucionarc.com\/wp-content\/uploads\/2024\/10\/distribucion-ARC-COLOR-SIN-FONDO-e1732295305345.png","contentUrl":"https:\/\/distribucionarc.com\/wp-content\/uploads\/2024\/10\/distribucion-ARC-COLOR-SIN-FONDO-e1732295305345.png","width":1164,"height":558,"caption":"Distribuci\u00f3n ARC"},"image":{"@id":"https:\/\/www.distribucionarc.com\/sl\/#\/schema\/logo\/image\/"},"description":"Entreprise sp\u00e9cialis\u00e9e dans la fabrication et la distribution de machines industrielles pour les secteurs alimentaire et pharmaceutique. Nous sommes sp\u00e9cialis\u00e9s dans : Machines \u00e0 couper la viande Fabrication de comprim\u00e9s Syst\u00e8mes de transport industriel Lignes d'embouteillage Machines de dosage Et bien plus encore... Nous proposons des solutions innovantes et personnalis\u00e9es pour optimiser les processus de production de votre entreprise.","email":"Admistracion@distribucionarc.com","telephone":"+34 643496664","legalName":"ARC TECH SOLUTIONS","foundingDate":"2024-04-09","vatID":"B55480172","numberOfEmployees":{"@type":"QuantitativeValue","minValue":"1","maxValue":"10"}}]}},"_links":{"self":[{"href":"https:\/\/distribucionarc.com\/fr\/wp-json\/wp\/v2\/pages\/71","targetHints":{"allow":["GET"]}}],"collection":[{"href":"https:\/\/distribucionarc.com\/fr\/wp-json\/wp\/v2\/pages"}],"about":[{"href":"https:\/\/distribucionarc.com\/fr\/wp-json\/wp\/v2\/types\/page"}],"author":[{"embeddable":true,"href":"https:\/\/distribucionarc.com\/fr\/wp-json\/wp\/v2\/users\/1"}],"replies":[{"embeddable":true,"href":"https:\/\/distribucionarc.com\/fr\/wp-json\/wp\/v2\/comments?post=71"}],"version-history":[{"count":5,"href":"https:\/\/distribucionarc.com\/fr\/wp-json\/wp\/v2\/pages\/71\/revisions"}],"predecessor-version":[{"id":16724,"href":"https:\/\/distribucionarc.com\/fr\/wp-json\/wp\/v2\/pages\/71\/revisions\/16724"}],"wp:attachment":[{"href":"https:\/\/distribucionarc.com\/fr\/wp-json\/wp\/v2\/media?parent=71"}],"curies":[{"name":"wp","href":"https:\/\/api.w.org\/{rel}","templated":true}]}}