{"id":74,"date":"2020-04-15T09:38:42","date_gmt":"2020-04-15T09:38:42","guid":{"rendered":"https:\/\/distribucionarc.com\/?page_id=74"},"modified":"2025-05-06T15:58:50","modified_gmt":"2025-05-06T13:58:50","slug":"avis-juridique","status":"publish","type":"page","link":"https:\/\/distribucionarc.com\/fr\/inicio\/aviso-legal\/","title":{"rendered":"mentions l\u00e9gales"},"content":{"rendered":"<div data-elementor-type=\"wp-page\" data-elementor-id=\"74\" class=\"elementor elementor-74\" data-elementor-post-type=\"page\">\n\t\t\t\t<div class=\"elementor-element elementor-element-17a78b4 wd-section-stretch e-flex e-con-boxed wpr-particle-no wpr-jarallax-no wpr-parallax-no wpr-sticky-section-no e-con e-parent\" data-id=\"17a78b4\" data-element_type=\"container\" data-e-type=\"container\" data-settings=\"{&quot;background_background&quot;:&quot;classic&quot;}\">\n\t\t\t\t\t<div class=\"e-con-inner\">\n\t\t<div class=\"elementor-element elementor-element-8e49855 e-con-full e-flex wpr-particle-no wpr-jarallax-no wpr-parallax-no wpr-sticky-section-no e-con e-child\" data-id=\"8e49855\" data-element_type=\"container\" data-e-type=\"container\">\n\t\t\t\t<div class=\"elementor-element elementor-element-3d3bbd4 elementor-widget elementor-widget-heading\" data-id=\"3d3bbd4\" data-element_type=\"widget\" data-e-type=\"widget\" data-widget_type=\"heading.default\">\n\t\t\t\t\t<h2 class=\"elementor-heading-title elementor-size-default\">mentions l\u00e9gales<\/h2>\t\t\t\t<\/div>\n\t\t\t\t<\/div>\n\t\t\t\t\t<\/div>\n\t\t\t\t<\/div>\n\t\t<div class=\"elementor-element elementor-element-7cdcae67 e-flex e-con-boxed wpr-particle-no wpr-jarallax-no wpr-parallax-no wpr-sticky-section-no e-con e-parent\" data-id=\"7cdcae67\" data-element_type=\"container\" data-e-type=\"container\">\n\t\t\t\t\t<div class=\"e-con-inner\">\n\t\t\t\t<div class=\"elementor-element elementor-element-fa54b7a color-scheme-inherit text-left elementor-widget elementor-widget-text-editor\" data-id=\"fa54b7a\" data-element_type=\"widget\" data-e-type=\"widget\" data-widget_type=\"text-editor.default\">\n\t\t\t\t\t\t\t\t\t\n<p>D\u00e9tails du vendeur<\/p>\n\n<p>Propri\u00e9taire : ARC TECH SOLUTIONS SL<\/p>\n\n<p>Adresse : Carrer Castell N1 Bajo Left 46970 Alaquas (Valence)<\/p>\n\n<p>NIF : B55480172<\/p>\n\n<p>\u00a0<\/p>\n\n<p>Courriel : info@distribucionarc.com<\/p>\n\n<p>T\u00e9l\u00e9phone : +34 643496664<\/p>\n\n<p>Le Client (ci-apr\u00e8s, le \u00ab<strong>Client<\/strong>&quot;) qui acc\u00e8de au site Web (le &quot;<strong>Site web<\/strong>&quot;) propri\u00e9t\u00e9 de DISTRIBUCION ARC. (le &quot;<strong>Soci\u00e9t\u00e9<\/strong>&quot;), vous inscrivez ou achetez des produits via le site Web, vous acceptez de vous soumettre et d&#039;\u00eatre li\u00e9 par le pr\u00e9sent avis juridique et les conditions g\u00e9n\u00e9rales telles qu&#039;elles sont r\u00e9dig\u00e9es au moment o\u00f9 vous acc\u00e9dez au site Web.<\/p>\n\n<p>R\u00e8gles d\u2019utilisation autoris\u00e9e du site Internet (\u00ab<strong>Site web<\/strong>&quot;)<\/p>\n\n<p>Le Client peut acc\u00e9der gratuitement au Site Internet, sans pr\u00e9judice des frais de connexion via le r\u00e9seau de t\u00e9l\u00e9communications qui doivent \u00eatre pay\u00e9s \u00e0 l&#039;entit\u00e9 avec laquelle il a \u00e9t\u00e9 contract\u00e9.<\/p>\n\n<p>De mani\u00e8re g\u00e9n\u00e9rale, l&#039;acc\u00e8s au Site est interdit aux mineurs de moins de 18 ans qui ne disposent pas de l&#039;autorisation correspondante de leurs parents ou tuteurs l\u00e9gaux.<\/p>\n\n<p>Le Client s&#039;engage \u00e0 respecter les pr\u00e9sentes Mentions L\u00e9gales et les avertissements particuliers ou instructions d&#039;utilisation contenus dans le Site Internet et \u00e0 toujours agir conform\u00e9ment \u00e0 la Loi, aux bonnes m\u0153urs et aux exigences de la bonne foi, en faisant preuve de la diligence appropri\u00e9e \u00e0 la nature du service qu&#039;il lui fournit. appr\u00e9cier.<\/p>\n\n<p>Le Client doit s&#039;abstenir de : (i) faire un usage non autoris\u00e9 ou frauduleux du Site Internet et\/ou de son contenu ; (ii) acc\u00e9der ou tenter d&#039;acc\u00e9der \u00e0 des ressources ou des zones restreintes du site Web, sans remplir les conditions requises pour un tel acc\u00e8s\u00a0; (iii) utiliser le Site Web et\/ou le contenu \u00e0 des fins autres que l&#039;acquisition de l&#039;un des produits propos\u00e9s sur le Site Web, \u00e0 des fins ou \u00e0 des effets illicites, ill\u00e9gaux, contraires \u00e0 ce qui est \u00e9tabli dans le pr\u00e9sent Avis L\u00e9gal, de bonne foi et publiquement commande, pr\u00e9judiciable aux droits et int\u00e9r\u00eats de tiers, ou qui, de quelque mani\u00e8re que ce soit, pourrait endommager, d\u00e9sactiver ou surcharger le Site Web ou en emp\u00eacher l&#039;utilisation ou la jouissance normale ; (iv) causer des dommages aux personnes ou aux biens de la Soci\u00e9t\u00e9, de ses fournisseurs, Clients ou tiers ; (v) introduire ou propager sur le r\u00e9seau des virus informatiques ou tout autre syst\u00e8me physique ou logique susceptible de causer des dommages aux syst\u00e8mes physiques ou logiques de la Soci\u00e9t\u00e9, de ses fournisseurs ou de tiers.<\/p>\n\n<p>Le Client s&#039;engage \u00e0 utiliser le Site uniquement pour effectuer des demandes ou des commandes juridiquement valables et \u00e0 ne pas passer de commandes fausses ou frauduleuses. Dans le cas contraire, nous serons autoris\u00e9s \u00e0 l&#039;annuler et \u00e0 en informer les autorit\u00e9s comp\u00e9tentes.<\/p>\n\n<p>Nous ne serons pas responsables de tout dommage ou perte affectant votre ordinateur \u00e0 la suite des actions pr\u00e9c\u00e9dentes, ou de l&#039;utilisation du site Web ou du t\u00e9l\u00e9chargement de contenu \u00e0 partir de celui-ci ou vers lequel il pourrait \u00eatre redirig\u00e9.<\/p>\n\n<p>Le Site Web peut contenir des liens vers d\u2019autres sites Web, des r\u00e9seaux sociaux et des \u00e9l\u00e9ments tiers. Ces liens sont fournis \u00e0 titre informatif uniquement, la Soci\u00e9t\u00e9 n&#039;a donc aucun contr\u00f4le sur le contenu de ces pages Web ou de ces documents. Par cons\u00e9quent, la Soci\u00e9t\u00e9 ne sera pas responsable de tout dommage ou perte r\u00e9sultant de l&#039;utilisation de ces liens ou de mat\u00e9riel tiers.<\/p>\n\n<p>Protection des donn\u00e9es<\/p>\n\n<p>Aux fins des dispositions de la loi organique 15\/1999 du 13 d\u00e9cembre sur la protection des donn\u00e9es personnelles (\u00ab<strong>LOPD<\/strong>&quot;), DISTRIBUCION ARC informe le Client que toutes les donn\u00e9es personnelles fournies \u00e0 tout moment et volontairement \u00e0 notre soci\u00e9t\u00e9 ou \u00e0 nos employ\u00e9s, seront incluses dans un fichier automatis\u00e9 de donn\u00e9es personnelles cr\u00e9\u00e9 et conserv\u00e9 sous la responsabilit\u00e9 de DISTRIBUCION ARC. et seront trait\u00e9es dans le but exclusif de traiter votre demande de commande, ainsi que les questions ou suggestions formul\u00e9es par le Client. Vous pouvez exercer votre droit d&#039;acc\u00e8s, de rectification, d&#039;annulation et d&#039;opposition \u00e0 tout moment, en adressant votre demande \u00e0 l&#039;adresse, email, t\u00e9l\u00e9phone ou fax indiqu\u00e9 dans la section pr\u00e9c\u00e9dente.<\/p>\n\n<p>Afin que les informations contenues dans nos fichiers soient toujours \u00e0 jour et ne contiennent pas d&#039;erreurs, nous demandons au Client de nous informer, dans les plus brefs d\u00e9lais, de toute modification et rectification de ses donn\u00e9es personnelles.<\/p>\n\n<p>Nous vous informons que toutes les mesures de s\u00e9curit\u00e9 techniques et organisationnelles n\u00e9cessaires ont \u00e9t\u00e9 adopt\u00e9es pour garantir la protection de vos donn\u00e9es personnelles et emp\u00eacher leur alt\u00e9ration, perte, traitement et\/ou acc\u00e8s non autoris\u00e9, compte tenu de l&#039;\u00e9tat de la technique, de la nature des les donn\u00e9es stock\u00e9es et les risques auxquels elles sont expos\u00e9es, le tout, conform\u00e9ment aux dispositions de la LOPD et de son r\u00e8glement d&#039;application.<\/p>\n\n<p>Sauf dans les champs o\u00f9 le contraire est express\u00e9ment indiqu\u00e9, la fourniture des informations requises dans les formulaires de demande de donn\u00e9es est obligatoire pour la bonne gestion des commandes, requ\u00eates et suggestions que vous formulez. Le fait de ne pas remplir les champs jug\u00e9s obligatoires ou de fournir des donn\u00e9es incorrectes emp\u00eachera DISTRIBUCION ARC de les g\u00e9rer correctement.<\/p>\n\n<p>Garantie et responsabilit\u00e9<\/p>\n\n<p>L&#039;utilisation du Site par le Client s&#039;effectue \u00e0 tout moment sous son enti\u00e8re responsabilit\u00e9, qu&#039;il reconna\u00eet et accepte express\u00e9ment, pour laquelle la Soci\u00e9t\u00e9 n&#039;assumera aucune responsabilit\u00e9, directe ou indirecte, d\u00e9riv\u00e9e d&#039;une mauvaise utilisation ou d&#039;une utilisation inappropri\u00e9e. utilisation frauduleuse ou illicite du Site Internet par les Clients.<\/p>\n\n<p>La Soci\u00e9t\u00e9 fera tout son possible pour assurer le bon fonctionnement du Site Internet, reconnaissant explicitement au Client qu&#039;il n&#039;est pas possible d&#039;offrir une disponibilit\u00e9 compl\u00e8te du 100%. La Soci\u00e9t\u00e9 s&#039;engage toutefois \u00e0 maintenir le Site Internet en ligne disponible le plus longtemps possible. Toutefois, la Soci\u00e9t\u00e9 se r\u00e9serve le droit de restreindre l&#039;acc\u00e8s au Site en ligne, en tout ou partie, temporairement ou d\u00e9finitivement, en raison de travaux de maintenance, de capacit\u00e9 ou d&#039;\u00e9v\u00e9nements \u00e9chappant au contr\u00f4le de la Soci\u00e9t\u00e9.<\/p>\n\n<p>Sans \u00eatre exhaustif, il est pr\u00e9cis\u00e9 que la Soci\u00e9t\u00e9 ne sera pas responsable :<\/p>\n\n<ul class=\"wp-block-list\">\n<li>Interruptions, pannes, omissions ou d\u00e9connexions de syst\u00e8mes, interf\u00e9rences ou virus, probl\u00e8mes d&#039;acc\u00e8s et, d&#039;une mani\u00e8re g\u00e9n\u00e9rale, tout probl\u00e8me de disponibilit\u00e9, de dysfonctionnement et\/ou de continuit\u00e9 de prestation de service pouvant affecter le Site.<\/li>\n<\/ul>\n\n<ul class=\"wp-block-list\">\n<li>Tout dommage pouvant survenir aux \u00e9quipements ou appareils technologiques des Clients du fait de l&#039;utilisation du Site Internet.<\/li>\n<\/ul>\n\n<ul class=\"wp-block-list\">\n<li>Les actions de tiers, y compris les Clients eux-m\u00eames, \u00e9chappent au contr\u00f4le de la Soci\u00e9t\u00e9.<\/li>\n<\/ul>\n\n<p>Propri\u00e9t\u00e9 intellectuelle et industrielle<\/p>\n\n<p>La Soci\u00e9t\u00e9 est propri\u00e9taire exclusif du Site Internet. Toute reproduction du Site Internet en tout ou partie est interdite.<\/p>\n\n<p>Tous les contenus pr\u00e9sent\u00e9s sur le Site et notamment tous produits, dessins, textes, graphismes, logos, ic\u00f4nes, boutons, logiciels, noms commerciaux, marques, dessins industriels ou tout autre signe susceptible d&#039;une utilisation industrielle et commerciale sont soumis \u00e0 un droit de propri\u00e9t\u00e9 intellectuelle. et les droits de propri\u00e9t\u00e9 industrielle de la Soci\u00e9t\u00e9 ou de tiers propri\u00e9taires de celle-ci qui ont d\u00fbment autoris\u00e9 leur inclusion sur le Site.<\/p>\n\n<p>En aucun cas, il ne sera entendu qu&#039;une quelconque licence soit conc\u00e9d\u00e9e ou que lesdits droits soient renonc\u00e9s, transmis, transf\u00e9r\u00e9s en tout ou partie, ni aucun droit conf\u00e9r\u00e9, et notamment, de modification, d&#039;exploitation, de reproduction, de distribution ou de communication publique sur ledit contenu sans l&#039;autorisation expresse pr\u00e9alable de la Soci\u00e9t\u00e9 ou des propri\u00e9taires correspondants, par cons\u00e9quent, le Client ne peut pas reproduire, transformer, modifier, d\u00e9sassembler, proc\u00e9der \u00e0 une ing\u00e9nierie inverse, distribuer, louer, pr\u00eater, mettre \u00e0 disposition ou permettre l&#039;acc\u00e8s au public par quelque mode que ce soit. communication publique d&#039;aucun des les \u00e9l\u00e9ments vis\u00e9s au paragraphe pr\u00e9c\u00e9dent.<\/p>\n\n<p>Cookies<\/p>\n\n<p>Le Site utilise des cookies, c&#039;est-\u00e0-dire des fichiers t\u00e9l\u00e9charg\u00e9s sur l&#039;appareil du Client lors de son acc\u00e8s. Les cookies nous permettent, entre autres, de comprendre comment les Clients naviguent sur le Site Internet, de stocker et de r\u00e9cup\u00e9rer des informations relatives \u00e0 la navigation et aux habitudes des Clients.<\/p>\n\n<p>Le site Web utilise des cookies propres et tiers, qui permettent de m\u00e9moriser les donn\u00e9es de navigation pour am\u00e9liorer l&#039;exp\u00e9rience de navigation. Le Client peut configurer son navigateur Internet pour supprimer, bloquer ou recevoir des avertissements si des cookies sont install\u00e9s, sans pr\u00e9judice du fait que pour utiliser certains services du Site, les cookies doivent \u00eatre activ\u00e9s.<\/p>\n\n<p>Les cookies utilis\u00e9s sur le Site Internet sont :<\/p>\n\n<ul class=\"wp-block-list\">\n<li>Cookies techniques : ils permettent au Client d&#039;utiliser les diff\u00e9rentes options de navigation ou services du Site, comme l&#039;identification de la session ou la r\u00e9alisation d&#039;un processus d&#039;achat ou d&#039;inscription.<\/li>\n<\/ul>\n\n<ul class=\"wp-block-list\">\n<li>Cookies de personnalisation : permettent au Client d&#039;acc\u00e9der \u00e0 un service avec des caract\u00e9ristiques g\u00e9n\u00e9rales pr\u00e9d\u00e9finies, telles que les param\u00e8tres de langue ou de pays.<\/li>\n<\/ul>\n\n<ul class=\"wp-block-list\">\n<li>Cookies d&#039;analyse : ils sont utilis\u00e9s pour suivre le comportement des Clients sur notre site Internet, afin d&#039;introduire des am\u00e9liorations sur le Site.<\/li>\n<\/ul>\n\n<ul class=\"wp-block-list\">\n<li>Cookies de publicit\u00e9 et de publicit\u00e9 comportementale : ils stockent des informations sur le comportement du Client et adaptent la publicit\u00e9 \u00e0 celui-ci.<\/li>\n<\/ul>\n\n<p>Contact<\/p>\n\n<p>Nous sommes \u00e0 votre enti\u00e8re disposition pour r\u00e9pondre \u00e0 vos questions, suggestions ou commentaires concernant notre entreprise, nos produits, notre site internet ou notre politique de confidentialit\u00e9. Pour ce faire, vous pouvez nous contacter via l&#039;e-mail, le num\u00e9ro de t\u00e9l\u00e9phone ou le num\u00e9ro de fax qui appara\u00eet dans les informations du vendeur.<\/p>\n\n<p>Nos horaires de service client sont du lundi au vendredi de 8h \u00e0 18h.<\/p>\n\t\t\t\t\t\t\t\t<\/div>\n\t\t\t\t\t<\/div>\n\t\t\t\t<\/div>\n\t\t\t\t<\/div>","protected":false},"excerpt":{"rendered":"<p>Coordonn\u00e9es du vendeur Propri\u00e9taire : ARC TECH SOLUTIONS SL Adresse : Carrer Castell N1, en bas \u00e0 gauche, 46970 Alaquas (Valence) NIF :<\/p>","protected":false},"author":1,"featured_media":0,"parent":45,"menu_order":0,"comment_status":"closed","ping_status":"closed","template":"elementor_header_footer","meta":{"footnotes":""},"class_list":["post-74","page","type-page","status-publish","hentry"],"yoast_head":"<!-- This site is optimized with the Yoast SEO Premium plugin v24.9 (Yoast SEO v26.1) - https:\/\/yoast.com\/wordpress\/plugins\/seo\/ -->\n<title>aviso legal - distribuci\u00f3n ARC<\/title>\n<meta name=\"robots\" content=\"index, follow, max-snippet:-1, max-image-preview:large, max-video-preview:-1\" \/>\n<link rel=\"canonical\" href=\"https:\/\/distribucionarc.com\/fr\/debut\/avis-juridique\/\" \/>\n<meta property=\"og:locale\" content=\"fr_FR\" \/>\n<meta property=\"og:type\" content=\"article\" \/>\n<meta property=\"og:title\" content=\"aviso legal\" \/>\n<meta property=\"og:description\" content=\"aviso legal Datos del vendedor Titular: ARC TECH SOLUTIONS S.L Direcci\u00f3n: carrer castell n1 bajo izquierda 46970 alaquas (valencia) N.I.F.:\" \/>\n<meta property=\"og:url\" content=\"https:\/\/distribucionarc.com\/fr\/debut\/avis-juridique\/\" \/>\n<meta property=\"og:site_name\" content=\"distribuci\u00f3n ARC\" \/>\n<meta property=\"article:modified_time\" content=\"2025-05-06T13:58:50+00:00\" \/>\n<meta property=\"og:image\" content=\"https:\/\/distribucionarc.com\/wp-content\/uploads\/2024\/12\/icono-arc.jpg\" \/>\n\t<meta property=\"og:image:width\" content=\"612\" \/>\n\t<meta property=\"og:image:height\" content=\"792\" \/>\n\t<meta property=\"og:image:type\" content=\"image\/jpeg\" \/>\n<meta name=\"twitter:card\" content=\"summary_large_image\" \/>\n<meta name=\"twitter:label1\" content=\"Dur\u00e9e de lecture estim\u00e9e\" \/>\n\t<meta name=\"twitter:data1\" content=\"8 minutes\" \/>\n<script type=\"application\/ld+json\" class=\"yoast-schema-graph\">{\"@context\":\"https:\/\/schema.org\",\"@graph\":[{\"@type\":\"WebPage\",\"@id\":\"https:\/\/distribucionarc.com\/it\/inicio\/aviso-legal\/\",\"url\":\"https:\/\/distribucionarc.com\/it\/inicio\/aviso-legal\/\",\"name\":\"aviso legal - distribuci\u00f3n ARC\",\"isPartOf\":{\"@id\":\"https:\/\/www.distribucionarc.com\/sl\/#website\"},\"datePublished\":\"2020-04-15T09:38:42+00:00\",\"dateModified\":\"2025-05-06T13:58:50+00:00\",\"breadcrumb\":{\"@id\":\"https:\/\/distribucionarc.com\/it\/inicio\/aviso-legal\/#breadcrumb\"},\"inLanguage\":\"fr-FR\",\"potentialAction\":[{\"@type\":\"ReadAction\",\"target\":[\"https:\/\/distribucionarc.com\/it\/inicio\/aviso-legal\/\"]}]},{\"@type\":\"BreadcrumbList\",\"@id\":\"https:\/\/distribucionarc.com\/it\/inicio\/aviso-legal\/#breadcrumb\",\"itemListElement\":[{\"@type\":\"ListItem\",\"position\":1,\"name\":\"Portada\",\"item\":\"https:\/\/www.distribucionarc.com\/\"},{\"@type\":\"ListItem\",\"position\":2,\"name\":\"inicio\",\"item\":\"https:\/\/www.distribucionarc.com\/inicio\/\"},{\"@type\":\"ListItem\",\"position\":3,\"name\":\"aviso legal\"}]},{\"@type\":\"WebSite\",\"@id\":\"https:\/\/www.distribucionarc.com\/sl\/#website\",\"url\":\"https:\/\/www.distribucionarc.com\/sl\/\",\"name\":\"distribuci\u00f3n ARC\",\"description\":\"Empresa especializada en la fabricaci\u00f3n y distribuci\u00f3n de maquinaria industrial, selladoras de latas, Maquinas de hacer pastillas, Maquinas de cortar carne...\",\"publisher\":{\"@id\":\"https:\/\/www.distribucionarc.com\/sl\/#organization\"},\"potentialAction\":[{\"@type\":\"SearchAction\",\"target\":{\"@type\":\"EntryPoint\",\"urlTemplate\":\"https:\/\/www.distribucionarc.com\/sl\/?s={search_term_string}\"},\"query-input\":{\"@type\":\"PropertyValueSpecification\",\"valueRequired\":true,\"valueName\":\"search_term_string\"}}],\"inLanguage\":\"fr-FR\"},{\"@type\":\"Organization\",\"@id\":\"https:\/\/www.distribucionarc.com\/sl\/#organization\",\"name\":\"Distribuci\u00f3n ARC\",\"url\":\"https:\/\/www.distribucionarc.com\/sl\/\",\"logo\":{\"@type\":\"ImageObject\",\"inLanguage\":\"fr-FR\",\"@id\":\"https:\/\/www.distribucionarc.com\/sl\/#\/schema\/logo\/image\/\",\"url\":\"https:\/\/distribucionarc.com\/wp-content\/uploads\/2024\/10\/distribucion-ARC-COLOR-SIN-FONDO-e1732295305345.png\",\"contentUrl\":\"https:\/\/distribucionarc.com\/wp-content\/uploads\/2024\/10\/distribucion-ARC-COLOR-SIN-FONDO-e1732295305345.png\",\"width\":1164,\"height\":558,\"caption\":\"Distribuci\u00f3n ARC\"},\"image\":{\"@id\":\"https:\/\/www.distribucionarc.com\/sl\/#\/schema\/logo\/image\/\"},\"description\":\"Empresa especializada en la fabricaci\u00f3n y distribuci\u00f3n de maquinaria industrial para los sectores alimentario y farmac\u00e9utico. Nos especializamos en: M\u00e1quinas de cortar carne Fabricaci\u00f3n de comprimidos Sistemas de transporte industrial L\u00edneas de embotellado Dosificadores Y mucho m\u00e1s... Ofrecemos soluciones innovadoras y personalizadas para optimizar los procesos productivos de tu empresa.\",\"email\":\"Admistracion@distribucionarc.com\",\"telephone\":\"+34 643496664\",\"legalName\":\"ARC TECH SOLUTIONS\",\"foundingDate\":\"2024-04-09\",\"vatID\":\"B55480172\",\"numberOfEmployees\":{\"@type\":\"QuantitativeValue\",\"minValue\":\"1\",\"maxValue\":\"10\"}}]}<\/script>\n<!-- \/ Yoast SEO Premium plugin. -->","yoast_head_json":{"title":"mentions l\u00e9gales - Distribution ARC","robots":{"index":"index","follow":"follow","max-snippet":"max-snippet:-1","max-image-preview":"max-image-preview:large","max-video-preview":"max-video-preview:-1"},"canonical":"https:\/\/distribucionarc.com\/fr\/debut\/avis-juridique\/","og_locale":"fr_FR","og_type":"article","og_title":"aviso legal","og_description":"aviso legal Datos del vendedor Titular: ARC TECH SOLUTIONS S.L Direcci\u00f3n: carrer castell n1 bajo izquierda 46970 alaquas (valencia) N.I.F.:","og_url":"https:\/\/distribucionarc.com\/fr\/debut\/avis-juridique\/","og_site_name":"distribuci\u00f3n ARC","article_modified_time":"2025-05-06T13:58:50+00:00","og_image":[{"width":612,"height":792,"url":"https:\/\/distribucionarc.com\/wp-content\/uploads\/2024\/12\/icono-arc.jpg","type":"image\/jpeg"}],"twitter_card":"summary_large_image","twitter_misc":{"Dur\u00e9e de lecture estim\u00e9e":"8 minutes"},"schema":{"@context":"https:\/\/schema.org","@graph":[{"@type":"WebPage","@id":"https:\/\/distribucionarc.com\/it\/inicio\/aviso-legal\/","url":"https:\/\/distribucionarc.com\/it\/inicio\/aviso-legal\/","name":"mentions l\u00e9gales - Distribution ARC","isPartOf":{"@id":"https:\/\/www.distribucionarc.com\/sl\/#website"},"datePublished":"2020-04-15T09:38:42+00:00","dateModified":"2025-05-06T13:58:50+00:00","breadcrumb":{"@id":"https:\/\/distribucionarc.com\/it\/inicio\/aviso-legal\/#breadcrumb"},"inLanguage":"fr-FR","potentialAction":[{"@type":"ReadAction","target":["https:\/\/distribucionarc.com\/it\/inicio\/aviso-legal\/"]}]},{"@type":"BreadcrumbList","@id":"https:\/\/distribucionarc.com\/it\/inicio\/aviso-legal\/#breadcrumb","itemListElement":[{"@type":"ListItem","position":1,"name":"Portada","item":"https:\/\/www.distribucionarc.com\/"},{"@type":"ListItem","position":2,"name":"inicio","item":"https:\/\/www.distribucionarc.com\/inicio\/"},{"@type":"ListItem","position":3,"name":"aviso legal"}]},{"@type":"WebSite","@id":"https:\/\/www.distribucionarc.com\/sl\/#website","url":"https:\/\/www.distribucionarc.com\/sl\/","name":"R\u00e9partition de l&#039;ARC","description":"Entreprise sp\u00e9cialis\u00e9e dans la fabrication et la distribution de machines industrielles, scelleuses de bo\u00eetes, machines \u00e0 comprim\u00e9s, machines \u00e0 d\u00e9couper la viande...","publisher":{"@id":"https:\/\/www.distribucionarc.com\/sl\/#organization"},"potentialAction":[{"@type":"SearchAction","target":{"@type":"EntryPoint","urlTemplate":"https:\/\/www.distribucionarc.com\/sl\/?s={search_term_string}"},"query-input":{"@type":"PropertyValueSpecification","valueRequired":true,"valueName":"search_term_string"}}],"inLanguage":"fr-FR"},{"@type":"Organization","@id":"https:\/\/www.distribucionarc.com\/sl\/#organization","name":"Distribution ARC","url":"https:\/\/www.distribucionarc.com\/sl\/","logo":{"@type":"ImageObject","inLanguage":"fr-FR","@id":"https:\/\/www.distribucionarc.com\/sl\/#\/schema\/logo\/image\/","url":"https:\/\/distribucionarc.com\/wp-content\/uploads\/2024\/10\/distribucion-ARC-COLOR-SIN-FONDO-e1732295305345.png","contentUrl":"https:\/\/distribucionarc.com\/wp-content\/uploads\/2024\/10\/distribucion-ARC-COLOR-SIN-FONDO-e1732295305345.png","width":1164,"height":558,"caption":"Distribuci\u00f3n ARC"},"image":{"@id":"https:\/\/www.distribucionarc.com\/sl\/#\/schema\/logo\/image\/"},"description":"Entreprise sp\u00e9cialis\u00e9e dans la fabrication et la distribution de machines industrielles pour les secteurs alimentaire et pharmaceutique. Nous sommes sp\u00e9cialis\u00e9s dans : Machines \u00e0 couper la viande Fabrication de comprim\u00e9s Syst\u00e8mes de transport industriel Lignes d'embouteillage Machines de dosage Et bien plus encore... Nous proposons des solutions innovantes et personnalis\u00e9es pour optimiser les processus de production de votre entreprise.","email":"Admistracion@distribucionarc.com","telephone":"+34 643496664","legalName":"ARC TECH SOLUTIONS","foundingDate":"2024-04-09","vatID":"B55480172","numberOfEmployees":{"@type":"QuantitativeValue","minValue":"1","maxValue":"10"}}]}},"_links":{"self":[{"href":"https:\/\/distribucionarc.com\/fr\/wp-json\/wp\/v2\/pages\/74","targetHints":{"allow":["GET"]}}],"collection":[{"href":"https:\/\/distribucionarc.com\/fr\/wp-json\/wp\/v2\/pages"}],"about":[{"href":"https:\/\/distribucionarc.com\/fr\/wp-json\/wp\/v2\/types\/page"}],"author":[{"embeddable":true,"href":"https:\/\/distribucionarc.com\/fr\/wp-json\/wp\/v2\/users\/1"}],"replies":[{"embeddable":true,"href":"https:\/\/distribucionarc.com\/fr\/wp-json\/wp\/v2\/comments?post=74"}],"version-history":[{"count":5,"href":"https:\/\/distribucionarc.com\/fr\/wp-json\/wp\/v2\/pages\/74\/revisions"}],"predecessor-version":[{"id":17442,"href":"https:\/\/distribucionarc.com\/fr\/wp-json\/wp\/v2\/pages\/74\/revisions\/17442"}],"up":[{"embeddable":true,"href":"https:\/\/distribucionarc.com\/fr\/wp-json\/wp\/v2\/pages\/45"}],"wp:attachment":[{"href":"https:\/\/distribucionarc.com\/fr\/wp-json\/wp\/v2\/media?parent=74"}],"curies":[{"name":"wp","href":"https:\/\/api.w.org\/{rel}","templated":true}]}}