{"id":1030,"date":"2020-07-16T08:51:22","date_gmt":"2020-07-16T08:51:22","guid":{"rendered":"https:\/\/distribucionarc.com\/?post_type=product&#038;p=1030"},"modified":"2024-09-05T20:27:42","modified_gmt":"2024-09-05T20:27:42","slug":"vitrine-exposant-chaud-double-16-pc","status":"publish","type":"product","link":"https:\/\/distribucionarc.com\/fr\/producto\/vitrina-expositor-caliente-doble-16-pza\/","title":{"rendered":"Vitrine moyennement chaude 2 niveaux"},"content":{"rendered":"<h2>Vitrine moyennement chaude 2 niveaux<\/h2>\n<p>Si vous recherchez la solution id\u00e9ale pour conserver vos aliments au chaud \u00e0 temp\u00e9rature de service pendant plusieurs heures dans les zones \u00ab d&#039;exposition et de vente \u00bb, vous recherchez la<strong>\u00a0radiateurs<\/strong>\u00a0et\u00a0<strong>vitrines de plats chauds<\/strong>\u00a0de\u00a0<strong><span style=\"color: #ff0000;\">\u00c0<\/span><span style=\"color: #0000ff;\">R.<\/span>c<\/strong>. Le\u00a0<strong>vitrine chaude<\/strong>\u00a0de\u00a0<strong><span style=\"color: #ff0000;\">\u00c0<\/span><span style=\"color: #0000ff;\">R.<\/span>c<\/strong>\u00a0propose des solutions d&#039;\u00e9quipement pour <strong>caf\u00e9s<\/strong>, <strong>buffets<\/strong>, magasins et restaurants.<\/p>\n<p>Ce\u00a0<strong>vitrine<\/strong>\u00a0<strong>chaud\u00a0<span style=\"color: #ff0000;\">\u00c0<\/span><span style=\"color: #0000ff;\">R.<\/span>c<\/strong>\u00a0Le comptoir a un cadre robuste en acier inoxydable, des parois en verre tremp\u00e9 et des portes en acrylique. Avec une grande stabilit\u00e9 et une visibilit\u00e9 am\u00e9lior\u00e9e. Il est livr\u00e9 avec des portes \u00e0 ouverture facile, du verre tremp\u00e9 combin\u00e9 \u00e0 un syst\u00e8me de fermeture magn\u00e9tique. Fournit une meilleure \u00e9tanch\u00e9it\u00e9 de la porte.<\/p>\n<p>Le\u00a0<strong>vitrine chaude\u00a0<span style=\"color: #ff0000;\">\u00c0<\/span><span style=\"color: #0000ff;\">R.<\/span>CVEC16<\/strong>\u00a0Il dispose d&#039;un bouton de commande thermostatique rotatif, qui vous permet de choisir la temp\u00e9rature la plus adapt\u00e9e aux diff\u00e9rents types d&#039;aliments. Les deux couches de paniers sont constitu\u00e9es de 4 plateaux en acier inoxydable r\u00e9partis dans l&#039;espace inf\u00e9rieur de 33 x 39 x 18 cm et celui sup\u00e9rieur de 33 x 33 x 18 cm. Les plateaux peuvent \u00eatre d\u00e9plac\u00e9s vers l&#039;int\u00e9rieur et l&#039;ext\u00e9rieur, offrant ainsi une plus grande capacit\u00e9 pour le <strong>radiateurs<\/strong> de la<strong>\u00a0vitrines chaudes<\/strong>, comporte g\u00e9n\u00e9ralement des seaux pour la disposition des aliments sur le bar, \u00e9galement appel\u00e9s\u00a0<strong>vitrines<\/strong>r, ils sont maintenus \u00e0 la temp\u00e9rature appropri\u00e9e gr\u00e2ce \u00e0 la chaleur dans laquelle les seaux sont immerg\u00e9s. G\u00e9n\u00e9ralement le\u00a0<strong>vitrines chaudes<\/strong>\u00a0Le bain-marie dispose d&#039;une vidange pour un entretien et un nettoyage facile. En plus des portes coulissantes pour maintenir la temp\u00e9rature et ne pas gaspiller d&#039;\u00e9nergie, en le transformant en un\u00a0<strong>machine de consommation efficace<\/strong>.<\/p>\n<p>Les lumi\u00e8res chaudes d\u00e9coratives rendent la nourriture plus attrayante et accrocheuse pour le client\u00a0; avec interrupteur marche\/arr\u00eat fiable et s\u00fbr, \u00e9tanche \u00e0 l&#039;eau, \u00e0 la poussi\u00e8re et aux fuites \u00e9lectriques\u00a0; Un bac pour collecter l&#039;huile est inclus en bas.<\/p>\n<h6><\/h6>\n<h6><strong>Garantie\u00a0<span style=\"color: #ff0000;\">\u00c0<\/span><span style=\"color: #0000ff;\">R.<\/span>C 2 ANS<\/strong><\/h6>\n<h6><span style=\"color: #008000;\">Vitrine chaude efficace, basse consommation 600w<\/span><\/h6>\n<h6><strong>support technique inclus.<\/strong><\/h6>\n<p>&nbsp;<\/p>\n<p>&nbsp;<\/p>\n<table role=\"presentation\" width=\"100%\" cellspacing=\"0\" cellpadding=\"0\">\n<tbody>\n<tr>\n<td class=\"attrLabels\">Temp\u00e9rature:<\/td>\n<td width=\"50.0%\">30-85\u00baC<\/td>\n<\/tr>\n<tr>\n<td class=\"attrLabels\">Pays de distribution\u00a0:<\/td>\n<td width=\"50.0%\">Espagne, Allemagne, \u00c9tats-Unis<\/td>\n<td class=\"attrLabels\">Poids:<\/td>\n<td width=\"50.0%\">19 kg<\/td>\n<\/tr>\n<tr>\n<td class=\"attrLabels\">Marque:<\/td>\n<td width=\"50.0%\">ARC<\/td>\n<td class=\"attrLabels\">Hauteur:<\/td>\n<td width=\"50.0%\">74 cm<\/td>\n<\/tr>\n<tr>\n<td class=\"attrLabels\">Couleur:<\/td>\n<td width=\"50.0%\">Argent<\/td>\n<td class=\"attrLabels\">Long:<\/td>\n<td width=\"50.0%\">63 cm<\/td>\n<\/tr>\n<tr>\n<td class=\"attrLabels\">Type de produit\u00a0:<\/td>\n<td width=\"50.0%\">Vitrine chaude<\/td>\n<td class=\"attrLabels\">Large:<\/td>\n<td width=\"50.0%\">\u00a041 cm<\/td>\n<\/tr>\n<tr>\n<td class=\"attrLabels\">Num\u00e9ro du fabricant :<\/td>\n<td width=\"50.0%\">ARCVEC16<\/p>\n<p>&nbsp;<\/td>\n<td class=\"attrLabels\">Pouvoir:<\/td>\n<td width=\"50.0%\">600W<\/td>\n<\/tr>\n<tr>\n<td class=\"attrLabels\">Mat\u00e9riel:<\/td>\n<td width=\"50.0%\">en acier inoxydable, contr\u00f4le de la temp\u00e9rature<\/td>\n<td class=\"attrLabels\">tension d&#039;entr\u00e9e<\/td>\n<td width=\"50.0%\">220 V \u2013 60 Hz<\/td>\n<\/tr>\n<tr>\n<td class=\"attrLabels\">Niveaux\u00a0:<\/td>\n<td width=\"50.0%\">\u00a02 des 4 plateaux<\/td>\n<td class=\"attrLabels\">Taille de la cabine\u00a0:<\/td>\n<td width=\"50.0%\">33 x 39 x 18 cm en bas<\/p>\n<p>33 x 33 x 18 cm dessus<\/td>\n<\/tr>\n<tr>\n<td class=\"attrLabels\">Outils d&#039;installation\u00a0:<\/td>\n<td width=\"50.0%\">Ouais<\/td>\n<td class=\"attrLabels\">Garantie:<\/td>\n<td width=\"50.0%\">2 ANS<\/td>\n<\/tr>\n<\/tbody>\n<\/table>","protected":false},"excerpt":{"rendered":"<h2>Vitrine moyennement chaude 2 niveaux<\/h2>\n<p>Vous pouvez utiliser ceci<strong>\u00a0vitrine\u00a0<span style=\"color: #ff0000;\">\u00c0<\/span><span style=\"color: #0000ff;\">R.<\/span>c<\/strong>\u00a0dans une grande vari\u00e9t\u00e9 d&#039;environnements de restauration, y compris\u00a0<strong>cin\u00e9mas<\/strong>,\u00a0<strong>boulangeries<\/strong>,\u00a0<strong>caf\u00e9s<\/strong>,\u00a0<strong>restauration rapide<\/strong>\u00a0et bien d&#039;autres \u00e9tablissements d\u00e9di\u00e9s \u00e0\u00a0<strong>hospitalit\u00e9<\/strong>.<\/p>\n<p>Il\u00a0<strong>affichage chaud<\/strong> Livr\u00e9 avec 2 niveaux de support, 2 plateaux en acier inoxydable, offrant plus d&#039;espace pour stocker des aliments de diff\u00e9rentes tailles. Les lumi\u00e8res chaudes d\u00e9coratives rendent les aliments plus attrayants et accrocheurs. La marche\/arr\u00eat de<strong>\u00a0la vitrine chaude<\/strong>\u00a0de\u00a0<strong><span style=\"color: #ff0000;\">\u00c0<\/span><span style=\"color: #0000ff;\">R.<\/span>c<\/strong>\u00a0Il est fiable et am\u00e9liore le facteur de s\u00e9curit\u00e9 donc la dur\u00e9e de vie du contre-chauffage\u00a0; En plus de promouvoir un\u00a0<span style=\"color: #008000;\"><strong>consommation d&#039;\u00e9nergie efficace<\/strong><\/span>. Il dispose d&#039;un bac en bas pour la r\u00e9cup\u00e9ration de l&#039;huile pour un nettoyage facile. Il a une temp\u00e9rature thermostatique r\u00e9glable, le<span style=\"color: #ff0000;\">\u00a0<\/span><strong><span style=\"color: #ff0000;\">\u00c0<\/span><span style=\"color: #0000ff;\">R.<\/span>CVEC16<\/strong>\u00a0Il vous permet d&#039;ajuster facilement la temp\u00e9rature en fonction des diff\u00e9rents types d&#039;aliments.<\/p>\n<h6><strong>Garantie\u00a0<span style=\"color: #ff0000;\">\u00c0<\/span><span style=\"color: #0000ff;\">R.<\/span>C 2 ANS<\/strong><\/h6>\n<h6><span style=\"color: #008000;\">Vitrine chaude efficace, basse consommation 600w<\/span><\/h6>\n<h6><strong>support technique inclus<\/strong><\/h6>","protected":false},"featured_media":1037,"comment_status":"open","ping_status":"closed","template":"","meta":{"wds_primary_product_brand":0,"wds_primary_product_cat":0},"product_brand":[],"product_cat":[41],"product_tag":[],"class_list":{"0":"post-1030","1":"product","2":"type-product","3":"status-publish","4":"has-post-thumbnail","6":"product_cat-expositor-de-alimentos","7":"product_shipping_class-hosteleria","9":"first","10":"instock","11":"taxable","12":"shipping-taxable","13":"purchasable","14":"product-type-simple"},"yoast_head":"<!-- This site is optimized with the Yoast SEO Premium plugin v24.9 (Yoast SEO v26.1) - https:\/\/yoast.com\/wordpress\/plugins\/seo\/ -->\n<title>Vitrina expositor caliente mediano 2 niveles - distribuci\u00f3n ARC<\/title>\n<meta name=\"robots\" content=\"index, follow, max-snippet:-1, max-image-preview:large, max-video-preview:-1\" \/>\n<link rel=\"canonical\" href=\"https:\/\/distribucionarc.com\/fr\/produit\/vitrine-exposant-chaud-double-16-pc\/\" \/>\n<meta property=\"og:locale\" content=\"fr_FR\" \/>\n<meta property=\"og:type\" content=\"article\" \/>\n<meta property=\"og:title\" content=\"Vitrina expositor caliente mediano 2 niveles\" \/>\n<meta property=\"og:description\" content=\"Vitrina expositor caliente mediano 2 niveles Puede usar esta\u00a0vitrina expositor de\u00a0ARC\u00a0en una amplia variedad de ambientes gastron\u00f3micos, incluyendo\u00a0cines,\u00a0panader\u00edas,\u00a0cafeter\u00edas,\u00a0restaurantes de comida r\u00e1pida\u00a0y muchos otros establecimientos dedicados a la\u00a0hosteler\u00eda.  El\u00a0expositor caliente viene con 2 niveles de soporte, 2 bandejas de acero inoxidable, proporcionando m\u00e1s espacio para almacenar alimentos de diferentes tama\u00f1os. Las luces c\u00e1lidas decorativas permiten que los alimentos sean m\u00e1s atractivos y llamativos. El encendido\/apagado de\u00a0la vitrina caliente\u00a0de\u00a0ARC\u00a0es fiable y mejora el factor de seguridad as\u00ed la vida \u00fatil del calentador de contador; adem\u00e1s de favorecer un\u00a0consumo energ\u00e9tico eficiente. Cuenta con una bandeja en la parte inferior para la recolecci\u00f3n de aceite para facilitar su limpieza. Dispone de una temperatura termost\u00e1tica ajustable, la\u00a0ARCVEC16\u00a0le facilita ajustar la temperatura seg\u00fan los distintos tipos de alimentos. Garant\u00eda\u00a0ARC 2 A\u00d1OS Vitrina expositora caliente eficiente, bajo consumo 600w soporte t\u00e9cnico incluido\" \/>\n<meta property=\"og:url\" content=\"https:\/\/distribucionarc.com\/fr\/produit\/vitrine-exposant-chaud-double-16-pc\/\" \/>\n<meta property=\"og:site_name\" content=\"distribuci\u00f3n ARC\" \/>\n<meta property=\"article:modified_time\" content=\"2024-09-05T20:27:42+00:00\" \/>\n<meta property=\"og:image\" content=\"https:\/\/distribucionarc.com\/wp-content\/uploads\/2020\/07\/Vitrina-expositor-caliente-16-0.jpg\" \/>\n\t<meta property=\"og:image:width\" content=\"1600\" \/>\n\t<meta property=\"og:image:height\" content=\"1600\" \/>\n\t<meta property=\"og:image:type\" content=\"image\/jpeg\" \/>\n<meta name=\"twitter:card\" content=\"summary_large_image\" \/>\n<meta name=\"twitter:label1\" content=\"Dur\u00e9e de lecture estim\u00e9e\" \/>\n\t<meta name=\"twitter:data1\" content=\"3 minutes\" \/>\n<script type=\"application\/ld+json\" class=\"yoast-schema-graph\">{\"@context\":\"https:\/\/schema.org\",\"@graph\":[{\"@type\":\"WebPage\",\"@id\":\"https:\/\/distribucionarc.com\/fr\/producto\/vitrina-expositor-caliente-doble-16-pza\/\",\"url\":\"https:\/\/distribucionarc.com\/fr\/producto\/vitrina-expositor-caliente-doble-16-pza\/\",\"name\":\"Vitrina expositor caliente mediano 2 niveles - distribuci\u00f3n ARC\",\"isPartOf\":{\"@id\":\"https:\/\/distribucionarc.com\/de\/#website\"},\"primaryImageOfPage\":{\"@id\":\"https:\/\/distribucionarc.com\/fr\/producto\/vitrina-expositor-caliente-doble-16-pza\/#primaryimage\"},\"image\":{\"@id\":\"https:\/\/distribucionarc.com\/fr\/producto\/vitrina-expositor-caliente-doble-16-pza\/#primaryimage\"},\"thumbnailUrl\":\"https:\/\/distribucionarc.com\/wp-content\/uploads\/2020\/07\/Vitrina-expositor-caliente-16-0.jpg\",\"datePublished\":\"2020-07-16T08:51:22+00:00\",\"dateModified\":\"2024-09-05T20:27:42+00:00\",\"breadcrumb\":{\"@id\":\"https:\/\/distribucionarc.com\/fr\/producto\/vitrina-expositor-caliente-doble-16-pza\/#breadcrumb\"},\"inLanguage\":\"fr-FR\",\"potentialAction\":[{\"@type\":\"ReadAction\",\"target\":[\"https:\/\/distribucionarc.com\/fr\/producto\/vitrina-expositor-caliente-doble-16-pza\/\"]}]},{\"@type\":\"ImageObject\",\"inLanguage\":\"fr-FR\",\"@id\":\"https:\/\/distribucionarc.com\/fr\/producto\/vitrina-expositor-caliente-doble-16-pza\/#primaryimage\",\"url\":\"https:\/\/distribucionarc.com\/wp-content\/uploads\/2020\/07\/Vitrina-expositor-caliente-16-0.jpg\",\"contentUrl\":\"https:\/\/distribucionarc.com\/wp-content\/uploads\/2020\/07\/Vitrina-expositor-caliente-16-0.jpg\",\"width\":1600,\"height\":1600,\"caption\":\"Vitrina expositor caliente 16\"},{\"@type\":\"BreadcrumbList\",\"@id\":\"https:\/\/distribucionarc.com\/fr\/producto\/vitrina-expositor-caliente-doble-16-pza\/#breadcrumb\",\"itemListElement\":[{\"@type\":\"ListItem\",\"position\":1,\"name\":\"Portada\",\"item\":\"https:\/\/distribucionarc.com\/pl\/\"},{\"@type\":\"ListItem\",\"position\":2,\"name\":\"Produkty\",\"item\":\"https:\/\/distribucionarc.com\/pl\/shop\/\"},{\"@type\":\"ListItem\",\"position\":3,\"name\":\"Vitrina expositor caliente mediano 2 niveles\"}]},{\"@type\":\"WebSite\",\"@id\":\"https:\/\/distribucionarc.com\/de\/#website\",\"url\":\"https:\/\/distribucionarc.com\/de\/\",\"name\":\"distribuci\u00f3n ARC\",\"description\":\"Empresa especializada en la fabricaci\u00f3n y distribuci\u00f3n de maquinaria industrial, selladoras de latas, Maquinas de hacer pastillas, Maquinas de cortar carne...\",\"publisher\":{\"@id\":\"https:\/\/distribucionarc.com\/de\/#organization\"},\"potentialAction\":[{\"@type\":\"SearchAction\",\"target\":{\"@type\":\"EntryPoint\",\"urlTemplate\":\"https:\/\/distribucionarc.com\/de\/?s={search_term_string}\"},\"query-input\":{\"@type\":\"PropertyValueSpecification\",\"valueRequired\":true,\"valueName\":\"search_term_string\"}}],\"inLanguage\":\"fr-FR\"},{\"@type\":\"Organization\",\"@id\":\"https:\/\/distribucionarc.com\/de\/#organization\",\"name\":\"Distribuci\u00f3n ARC\",\"url\":\"https:\/\/distribucionarc.com\/de\/\",\"logo\":{\"@type\":\"ImageObject\",\"inLanguage\":\"fr-FR\",\"@id\":\"https:\/\/distribucionarc.com\/de\/#\/schema\/logo\/image\/\",\"url\":\"https:\/\/distribucionarc.com\/wp-content\/uploads\/2024\/10\/distribucion-ARC-COLOR-SIN-FONDO-e1732295305345.png\",\"contentUrl\":\"https:\/\/distribucionarc.com\/wp-content\/uploads\/2024\/10\/distribucion-ARC-COLOR-SIN-FONDO-e1732295305345.png\",\"width\":1164,\"height\":558,\"caption\":\"Distribuci\u00f3n ARC\"},\"image\":{\"@id\":\"https:\/\/distribucionarc.com\/de\/#\/schema\/logo\/image\/\"},\"description\":\"Empresa especializada en la fabricaci\u00f3n y distribuci\u00f3n de maquinaria industrial para los sectores alimentario y farmac\u00e9utico. Nos especializamos en: M\u00e1quinas de cortar carne Fabricaci\u00f3n de comprimidos Sistemas de transporte industrial L\u00edneas de embotellado Dosificadores Y mucho m\u00e1s... Ofrecemos soluciones innovadoras y personalizadas para optimizar los procesos productivos de tu empresa.\",\"email\":\"Admistracion@distribucionarc.com\",\"telephone\":\"+34 643496664\",\"legalName\":\"ARC TECH SOLUTIONS\",\"foundingDate\":\"2024-04-09\",\"vatID\":\"B55480172\",\"numberOfEmployees\":{\"@type\":\"QuantitativeValue\",\"minValue\":\"1\",\"maxValue\":\"10\"}}]}<\/script>\n<!-- \/ Yoast SEO Premium plugin. -->","yoast_head_json":{"title":"Vitrine moyenne chaude 2 niveaux - Distribution ARC","robots":{"index":"index","follow":"follow","max-snippet":"max-snippet:-1","max-image-preview":"max-image-preview:large","max-video-preview":"max-video-preview:-1"},"canonical":"https:\/\/distribucionarc.com\/fr\/produit\/vitrine-exposant-chaud-double-16-pc\/","og_locale":"fr_FR","og_type":"article","og_title":"Vitrina expositor caliente mediano 2 niveles","og_description":"Vitrina expositor caliente mediano 2 niveles Puede usar esta\u00a0vitrina expositor de\u00a0ARC\u00a0en una amplia variedad de ambientes gastron\u00f3micos, incluyendo\u00a0cines,\u00a0panader\u00edas,\u00a0cafeter\u00edas,\u00a0restaurantes de comida r\u00e1pida\u00a0y muchos otros establecimientos dedicados a la\u00a0hosteler\u00eda.  El\u00a0expositor caliente viene con 2 niveles de soporte, 2 bandejas de acero inoxidable, proporcionando m\u00e1s espacio para almacenar alimentos de diferentes tama\u00f1os. Las luces c\u00e1lidas decorativas permiten que los alimentos sean m\u00e1s atractivos y llamativos. El encendido\/apagado de\u00a0la vitrina caliente\u00a0de\u00a0ARC\u00a0es fiable y mejora el factor de seguridad as\u00ed la vida \u00fatil del calentador de contador; adem\u00e1s de favorecer un\u00a0consumo energ\u00e9tico eficiente. Cuenta con una bandeja en la parte inferior para la recolecci\u00f3n de aceite para facilitar su limpieza. Dispone de una temperatura termost\u00e1tica ajustable, la\u00a0ARCVEC16\u00a0le facilita ajustar la temperatura seg\u00fan los distintos tipos de alimentos. Garant\u00eda\u00a0ARC 2 A\u00d1OS Vitrina expositora caliente eficiente, bajo consumo 600w soporte t\u00e9cnico incluido","og_url":"https:\/\/distribucionarc.com\/fr\/produit\/vitrine-exposant-chaud-double-16-pc\/","og_site_name":"distribuci\u00f3n ARC","article_modified_time":"2024-09-05T20:27:42+00:00","og_image":[{"width":1600,"height":1600,"url":"https:\/\/distribucionarc.com\/wp-content\/uploads\/2020\/07\/Vitrina-expositor-caliente-16-0.jpg","type":"image\/jpeg"}],"twitter_card":"summary_large_image","twitter_misc":{"Dur\u00e9e de lecture estim\u00e9e":"3 minutes"},"schema":{"@context":"https:\/\/schema.org","@graph":[{"@type":"WebPage","@id":"https:\/\/distribucionarc.com\/fr\/producto\/vitrina-expositor-caliente-doble-16-pza\/","url":"https:\/\/distribucionarc.com\/fr\/producto\/vitrina-expositor-caliente-doble-16-pza\/","name":"Vitrine moyenne chaude 2 niveaux - Distribution ARC","isPartOf":{"@id":"https:\/\/distribucionarc.com\/de\/#website"},"primaryImageOfPage":{"@id":"https:\/\/distribucionarc.com\/fr\/producto\/vitrina-expositor-caliente-doble-16-pza\/#primaryimage"},"image":{"@id":"https:\/\/distribucionarc.com\/fr\/producto\/vitrina-expositor-caliente-doble-16-pza\/#primaryimage"},"thumbnailUrl":"https:\/\/distribucionarc.com\/wp-content\/uploads\/2020\/07\/Vitrina-expositor-caliente-16-0.jpg","datePublished":"2020-07-16T08:51:22+00:00","dateModified":"2024-09-05T20:27:42+00:00","breadcrumb":{"@id":"https:\/\/distribucionarc.com\/fr\/producto\/vitrina-expositor-caliente-doble-16-pza\/#breadcrumb"},"inLanguage":"fr-FR","potentialAction":[{"@type":"ReadAction","target":["https:\/\/distribucionarc.com\/fr\/producto\/vitrina-expositor-caliente-doble-16-pza\/"]}]},{"@type":"ImageObject","inLanguage":"fr-FR","@id":"https:\/\/distribucionarc.com\/fr\/producto\/vitrina-expositor-caliente-doble-16-pza\/#primaryimage","url":"https:\/\/distribucionarc.com\/wp-content\/uploads\/2020\/07\/Vitrina-expositor-caliente-16-0.jpg","contentUrl":"https:\/\/distribucionarc.com\/wp-content\/uploads\/2020\/07\/Vitrina-expositor-caliente-16-0.jpg","width":1600,"height":1600,"caption":"Vitrina expositor caliente 16"},{"@type":"BreadcrumbList","@id":"https:\/\/distribucionarc.com\/fr\/producto\/vitrina-expositor-caliente-doble-16-pza\/#breadcrumb","itemListElement":[{"@type":"ListItem","position":1,"name":"Portada","item":"https:\/\/distribucionarc.com\/pl\/"},{"@type":"ListItem","position":2,"name":"Produkty","item":"https:\/\/distribucionarc.com\/pl\/shop\/"},{"@type":"ListItem","position":3,"name":"Vitrina expositor caliente mediano 2 niveles"}]},{"@type":"WebSite","@id":"https:\/\/distribucionarc.com\/de\/#website","url":"https:\/\/distribucionarc.com\/de\/","name":"R\u00e9partition de l&#039;ARC","description":"Entreprise sp\u00e9cialis\u00e9e dans la fabrication et la distribution de machines industrielles, scelleuses de bo\u00eetes, machines \u00e0 comprim\u00e9s, machines \u00e0 d\u00e9couper la viande...","publisher":{"@id":"https:\/\/distribucionarc.com\/de\/#organization"},"potentialAction":[{"@type":"SearchAction","target":{"@type":"EntryPoint","urlTemplate":"https:\/\/distribucionarc.com\/de\/?s={search_term_string}"},"query-input":{"@type":"PropertyValueSpecification","valueRequired":true,"valueName":"search_term_string"}}],"inLanguage":"fr-FR"},{"@type":"Organization","@id":"https:\/\/distribucionarc.com\/de\/#organization","name":"Distribution ARC","url":"https:\/\/distribucionarc.com\/de\/","logo":{"@type":"ImageObject","inLanguage":"fr-FR","@id":"https:\/\/distribucionarc.com\/de\/#\/schema\/logo\/image\/","url":"https:\/\/distribucionarc.com\/wp-content\/uploads\/2024\/10\/distribucion-ARC-COLOR-SIN-FONDO-e1732295305345.png","contentUrl":"https:\/\/distribucionarc.com\/wp-content\/uploads\/2024\/10\/distribucion-ARC-COLOR-SIN-FONDO-e1732295305345.png","width":1164,"height":558,"caption":"Distribuci\u00f3n ARC"},"image":{"@id":"https:\/\/distribucionarc.com\/de\/#\/schema\/logo\/image\/"},"description":"Entreprise sp\u00e9cialis\u00e9e dans la fabrication et la distribution de machines industrielles pour les secteurs alimentaire et pharmaceutique. Nous sommes sp\u00e9cialis\u00e9s dans : Machines \u00e0 couper la viande Fabrication de comprim\u00e9s Syst\u00e8mes de transport industriel Lignes d'embouteillage Machines de dosage Et bien plus encore... Nous proposons des solutions innovantes et personnalis\u00e9es pour optimiser les processus de production de votre entreprise.","email":"Admistracion@distribucionarc.com","telephone":"+34 643496664","legalName":"ARC TECH SOLUTIONS","foundingDate":"2024-04-09","vatID":"B55480172","numberOfEmployees":{"@type":"QuantitativeValue","minValue":"1","maxValue":"10"}}]}},"_links":{"self":[{"href":"https:\/\/distribucionarc.com\/fr\/wp-json\/wp\/v2\/product\/1030","targetHints":{"allow":["GET"]}}],"collection":[{"href":"https:\/\/distribucionarc.com\/fr\/wp-json\/wp\/v2\/product"}],"about":[{"href":"https:\/\/distribucionarc.com\/fr\/wp-json\/wp\/v2\/types\/product"}],"replies":[{"embeddable":true,"href":"https:\/\/distribucionarc.com\/fr\/wp-json\/wp\/v2\/comments?post=1030"}],"version-history":[{"count":0,"href":"https:\/\/distribucionarc.com\/fr\/wp-json\/wp\/v2\/product\/1030\/revisions"}],"wp:featuredmedia":[{"embeddable":true,"href":"https:\/\/distribucionarc.com\/fr\/wp-json\/wp\/v2\/media\/1037"}],"wp:attachment":[{"href":"https:\/\/distribucionarc.com\/fr\/wp-json\/wp\/v2\/media?parent=1030"}],"wp:term":[{"taxonomy":"product_brand","embeddable":true,"href":"https:\/\/distribucionarc.com\/fr\/wp-json\/wp\/v2\/product_brand?post=1030"},{"taxonomy":"product_cat","embeddable":true,"href":"https:\/\/distribucionarc.com\/fr\/wp-json\/wp\/v2\/product_cat?post=1030"},{"taxonomy":"product_tag","embeddable":true,"href":"https:\/\/distribucionarc.com\/fr\/wp-json\/wp\/v2\/product_tag?post=1030"}],"curies":[{"name":"wp","href":"https:\/\/api.w.org\/{rel}","templated":true}]}}