{"id":1115,"date":"2020-07-16T15:52:59","date_gmt":"2020-07-16T15:52:59","guid":{"rendered":"https:\/\/distribucionarc.com\/?post_type=product&#038;p=1115"},"modified":"2024-09-08T07:07:35","modified_gmt":"2024-09-08T07:07:35","slug":"brochette-de-hot-dog-gaufrier","status":"publish","type":"product","link":"https:\/\/distribucionarc.com\/fr\/producto\/gofrera-de-brocheta-perrito-caliente\/","title":{"rendered":"Gaufrier \u00e0 brochettes de hot dog"},"content":{"rendered":"<h3>Gaufrier \u00e0 brochettes de hot dog<\/h3>\n<p><strong>La machine \u00e0 gaufres <span style=\"color: #ff0000;\">\u00c0<\/span><span style=\"color: #0000ff;\">R.<\/span>c <\/strong>Il est fabriqu\u00e9 en acier inoxydable, il est durable, solide et facile \u00e0 nettoyer. Il est dot\u00e9 d&#039;une plaque chauffante en fonte avec rev\u00eatement en T\u00e9flon pour \u00e9viter <strong>Chien de ma\u00efs<\/strong> adh\u00e8re \u00e0 la surface et est con\u00e7u pour une utilisation \u00e0 long terme. Le moule de cuisson dont il dispose est r\u00e9sistant \u00e0 la corrosion et offre une conductivit\u00e9 thermique \u00e9lev\u00e9e. C&#039;est tr\u00e8s facile \u00e0 nettoyer. Les utilisateurs n&#039;ont qu&#039;\u00e0 utiliser un chiffon sec ou humide pour nettoyer la surface, pas besoin de les laver \u00e0 l&#039;eau.<\/p>\n<p>Dans\u00a0<strong><span style=\"color: #ff0000;\">\u00c0<\/span><span style=\"color: #0000ff;\">R.<\/span>c<\/strong> Nous sommes int\u00e9ress\u00e9s par le confort de nos clients, c&#039;est pourquoi notre machine commerciale dispose d&#039;un bouton de contr\u00f4le de la temp\u00e9rature sur le devant de la machine. <strong>Gaufrier<\/strong>. La temp\u00e9rature peut \u00eatre r\u00e9gl\u00e9e entre 0 et 300 \u2103. Le bouton minuterie de 0 \u00e0 5 minutes vous permet de travailler plus librement, sans avoir \u00e0 vous soucier du temps de cuisson. <strong>Le gaufrier \u00e0 brochettes <span style=\"color: #ff0000;\">\u00c0<\/span><span style=\"color: #0000ff;\">R.<\/span>CGSP1<\/strong> Il vous permettra de r\u00e9aliser des lots de 6 gaufres en 2 \u00e0 4 minutes.<\/p>\n<p>Ce\u00a0<strong>gaufrier corn dog<\/strong>\u00a0Il dispose d&#039;une plaque \u00e0 d\u00e9chets avec une poign\u00e9e qui permet de stocker les d\u00e9chets du<strong> gaufres<\/strong> pour un nettoyage facile. La poign\u00e9e en acier inoxydable. Les plaques chauffantes r\u00e9sistantes \u00e0 la chaleur de droite \u00e0 gauche \u00e9vitent que vos mains ne vous br\u00fblent pendant la cuisson. Par ailleurs le <strong>machine \u00e0 gaufres<\/strong>\u00a0de\u00a0<strong><span style=\"color: #ff0000;\">\u00c0<\/span><span style=\"color: #0000ff;\">R.<\/span>c<\/strong>\u00a0<span style=\"color: #008000;\"><strong>non seulement<\/strong><\/span> <span style=\"color: #008000;\"><strong>stabilise la temp\u00e9rature mais aussi sa consommation une fois qu&#039;elle atteint sa temp\u00e9rature maximale<\/strong><\/span><\/p>\n<p>Son design original est id\u00e9al pour un usage domestique ou commercial. Sa grande quantit\u00e9 de d\u00e9tails et son odeur attrayante attireront de nombreux clients.<\/p>\n<h6><\/h6>\n<h6><strong>Garantie\u00a0<span style=\"color: #ff0000;\">\u00c0<\/span><span style=\"color: #0000ff;\">R.<\/span>C 2 ANS<\/strong><\/h6>\n<h6><span style=\"color: #008000;\"><strong>Gaufrier \u00e0 brochettes efficace, basse consommation 1300w<\/strong><\/span><\/h6>\n<h6><strong>support technique inclus.<\/strong><\/h6>\n<p>&nbsp;<\/p>\n<p>&nbsp;<\/p>\n<table role=\"presentation\" width=\"100%\" cellspacing=\"0\" cellpadding=\"0\">\n<tbody>\n<tr>\n<td class=\"attrLabels\">Temp\u00e9rature:<\/td>\n<td width=\"50.0%\">50-300\u00baC<\/td>\n<\/tr>\n<tr>\n<td class=\"attrLabels\">Pays de distribution\u00a0:<\/td>\n<td width=\"50.0%\">Espagne, Allemagne, \u00c9tats-Unis<\/td>\n<td class=\"attrLabels\">Poids:<\/td>\n<td width=\"50.0%\">9 kg<\/td>\n<\/tr>\n<tr>\n<td class=\"attrLabels\">Marque:<\/td>\n<td width=\"50.0%\">ARC<\/td>\n<td class=\"attrLabels\">Hauteur:<\/td>\n<td width=\"50.0%\">30 cm<\/td>\n<\/tr>\n<tr>\n<td class=\"attrLabels\">Couleur:<\/td>\n<td width=\"50.0%\">Argent<\/td>\n<td class=\"attrLabels\">Long:<\/td>\n<td width=\"50.0%\">38 cm<\/td>\n<\/tr>\n<tr>\n<td class=\"attrLabels\">Type de produit\u00a0:<\/td>\n<td width=\"50.0%\">Gaufrier \u00e0 brochettes<\/td>\n<td class=\"attrLabels\">Large:<\/td>\n<td width=\"50.0%\">31 cm<\/td>\n<\/tr>\n<tr>\n<td class=\"attrLabels\">Num\u00e9ro du fabricant :<\/td>\n<td width=\"50.0%\">ARCGSP1<\/td>\n<td class=\"attrLabels\">Pouvoir:<\/td>\n<td width=\"50.0%\">1300W<\/td>\n<\/tr>\n<tr>\n<td class=\"attrLabels\">Mat\u00e9riel:<\/td>\n<td width=\"50.0%\">acier inoxydable, plaque en t\u00e9flon, contr\u00f4le de la temp\u00e9rature<\/td>\n<td class=\"attrLabels\">tension d&#039;entr\u00e9e<\/td>\n<td width=\"50.0%\">220 V \u2013 60 Hz<\/td>\n<\/tr>\n<tr>\n<td class=\"attrLabels\">Taille de la brochette\u00a0:<\/td>\n<td width=\"50.0%\">14 \u00d7 0,5 cm<\/td>\n<td class=\"attrLabels\">Temps par tour\u00a0:<\/td>\n<td width=\"50.0%\">2-4 minutes<\/td>\n<\/tr>\n<tr>\n<td class=\"attrLabels\">Outils d&#039;installation\u00a0:<\/td>\n<td width=\"50.0%\">Ouais<\/td>\n<td class=\"attrLabels\">Production:<\/td>\n<td width=\"50.0%\">6 pi\u00e8ces<\/td>\n<\/tr>\n<\/tbody>\n<\/table>","protected":false},"excerpt":{"rendered":"<h2>Machine \u00e0 gaufres professionnelle<\/h2>\n<p>Le <strong>machine professionnelle de fabrication de b\u00e2tonnets de gaufres<\/strong> permet de proposer des gaufres longues et d\u00e9licieuses, commun\u00e9ment appel\u00e9es <strong>yogis<\/strong> ou des gaufres sur un b\u00e2ton. Inspir\u00e9e de la pr\u00e9sentation de ces desserts ludiques, cette machine permet de cuisiner <strong>6 gaufres par lot en seulement 2 \u00e0 4 minutes<\/strong>, offrant une option rapide, attrayante et facile \u00e0 servir.<\/p>\n<p>Gr\u00e2ce \u00e0 sa conception efficace et \u00e0 son temps de cuisson rapide, ce <strong>gaufrier professionnel<\/strong> Il est id\u00e9al pour les entreprises ayant un afflux important de clients. Les gaufres, \u00e9tant pr\u00e9sent\u00e9es sur un b\u00e2tonnet, sont parfaites pour manger sur le pouce, ce qui en fait une option irr\u00e9sistible pour tout \u00e9tablissement.<\/p>\n<h3>Produits que vous pouvez cr\u00e9er avec ceci <strong>gaufrier sur b\u00e2ton<\/strong>:<\/h3>\n<ul>\n<li><strong>Yogis fourr\u00e9s au chocolat<\/strong>: Gaufres allong\u00e9es fourr\u00e9es au chocolat, \u00e0 la cr\u00e8me p\u00e2tissi\u00e8re ou aux fruits.<\/li>\n<li><strong>Gaufres sal\u00e9es<\/strong>: Farcis de fromage ou de saucisses pour une option innovante.<\/li>\n<li><strong>Gaufres \u00e0 l&#039;avoine et aux fruits<\/strong>: Sain et d\u00e9licieux pour les options de menu fitness.<\/li>\n<li><strong>Mini pizzas aux gaufres<\/strong>: Une option cr\u00e9ative pour les menus sal\u00e9s.<\/li>\n<li><strong>Gaufres avec garnitures<\/strong>: Personnalis\u00e9 avec du chocolat, du caramel ou des fruits frais.<\/li>\n<li><strong>Gaufres au dulce de leche<\/strong>: Une autre option sucr\u00e9e qui s\u00e9duit les amateurs de saveurs traditionnelles.<\/li>\n<li><strong>Gaufres au Nutella<\/strong>: Pour les fans de chocolat.<\/li>\n<\/ul>\n<h3>Secteurs o\u00f9 vous pouvez mettre en \u0153uvre cela <strong>gaufrier professionnel<\/strong>:<\/h3>\n<ul>\n<li><strong>Foires et \u00e9v\u00e9nements<\/strong>: Le <strong>gaufres sur un b\u00e2ton<\/strong> Ils sont id\u00e9aux pour \u00eatre appr\u00e9ci\u00e9s en d\u00e9placement, ce qui fait de cette machine l&#039;outil id\u00e9al pour les stands des foires et des march\u00e9s.<\/li>\n<li><strong>camions de restauration<\/strong>: Il propose une option rapide et attractive qui s\u2019adapte parfaitement au concept street food.<\/li>\n<li><strong>Caf\u00e9s et p\u00e2tisseries<\/strong>: Le <strong>gaufres sur un b\u00e2ton<\/strong> Ils peuvent \u00eatre le compl\u00e9ment parfait aux petits d\u00e9jeuners ou aux collations, attirant aussi bien les adultes que les enfants.<\/li>\n<li><strong>Kiosques dans les centres commerciaux<\/strong>: Ces gaufres sont irr\u00e9sistibles et faciles \u00e0 transporter, id\u00e9ales pour une collation rapide en d\u00e9placement.<\/li>\n<li><strong>Cin\u00e9mas et th\u00e9\u00e2tres<\/strong>: Une option diff\u00e9rente et pratique pour ceux qui recherchent une collation sucr\u00e9e pendant la repr\u00e9sentation.<\/li>\n<li><strong>parcs d&#039;attractions<\/strong>: Parfait pour vendre en kiosque et attirer un public de tous \u00e2ges.<\/li>\n<li><strong>\u00c9v\u00e9nements et restauration<\/strong>: Id\u00e9al pour les f\u00eates, mariages ou \u00e9v\u00e9nements \u00e0 th\u00e8me, o\u00f9 les gaufres sur b\u00e2ton se distinguent par leur pr\u00e9sentation unique.<\/li>\n<\/ul>\n<p>Avec \u00e7a <strong>Yogi professionnel faisant la machine<\/strong>, vous proposerez non seulement un dessert d\u00e9licieux et visuellement attrayant, mais aussi une option rapide et facile \u00e0 consommer. Inspir\u00e9e des b\u00e2tonnets de gaufres qui ont du succ\u00e8s sur les march\u00e9s et les foires, cette machine vous permettra de diff\u00e9rencier votre menu avec des produits innovants et personnalisables.<\/p>","protected":false},"featured_media":1120,"comment_status":"open","ping_status":"closed","template":"","meta":{"wds_primary_product_brand":0,"wds_primary_product_cat":0},"product_brand":[],"product_cat":[51],"product_tag":[],"class_list":{"0":"post-1115","1":"product","2":"type-product","3":"status-publish","4":"has-post-thumbnail","6":"product_cat-gofreras-profesionales","7":"product_shipping_class-hosteleria","9":"first","10":"instock","11":"taxable","12":"shipping-taxable","13":"purchasable","14":"product-type-simple"},"yoast_head":"<!-- This site is optimized with the Yoast SEO Premium plugin v24.9 (Yoast SEO v26.1) - https:\/\/yoast.com\/wordpress\/plugins\/seo\/ -->\n<title>Gofrera de brocheta perrito caliente - distribuci\u00f3n ARC<\/title>\n<meta name=\"robots\" content=\"index, follow, max-snippet:-1, max-image-preview:large, max-video-preview:-1\" \/>\n<link rel=\"canonical\" href=\"https:\/\/distribucionarc.com\/fr\/produit\/brochette-de-hot-dog-gaufrier\/\" \/>\n<meta property=\"og:locale\" content=\"fr_FR\" \/>\n<meta property=\"og:type\" content=\"article\" \/>\n<meta property=\"og:title\" content=\"Gofrera de brocheta perrito caliente\" \/>\n<meta property=\"og:description\" content=\"M\u00e1quina Profesional de Gofres Pinchados en Palo La m\u00e1quina profesional para hacer gofres en palo te permite ofrecer gofres alargados y deliciosos, conocidos popularmente como yoguis o gofres en palo. Inspirada en la presentaci\u00f3n de estos divertidos postres, esta m\u00e1quina te permite cocinar 6 gofres por tanda en tan solo 2 a 4 minutos, brindando una opci\u00f3n r\u00e1pida, atractiva y f\u00e1cil de servir.  Gracias a su dise\u00f1o eficiente y al r\u00e1pido tiempo de cocci\u00f3n, esta gofrera en palo profesional es ideal para negocios con gran afluencia de clientes. Los gofres, al estar en un palo, son perfectos para comer en movimiento, lo que los convierte en una opci\u00f3n irresistible para cualquier establecimiento. Productos que puedes crear con esta m\u00e1quina de gofres en palo:   Yoguis rellenos de chocolate: Gofres alargados rellenos de chocolate, crema pastelera o frutas.  Gofres salados: Rellenos de queso o embutidos para una opci\u00f3n innovadora.  Gofres de avena y frutas: Saludables y deliciosos para opciones de men\u00fa fitness.  Mini pizzas de gofre: Una opci\u00f3n creativa para men\u00fas salados.  Gofres con coberturas: Personalizados con chocolate, caramelo o fruta fresca.  Gofres de dulce de leche: Otra opci\u00f3n dulce que atrae a los amantes de los sabores tradicionales.  Gofres de Nutella: Para los fan\u00e1ticos del chocolate.  Sectores donde puedes implementar esta gofrera en palo profesional:   Ferias y eventos: Los gofres en palo son ideales para ser disfrutados en movimiento, haciendo de esta m\u00e1quina la herramienta perfecta para puestos en ferias y mercados.  Food trucks: Ofrece una opci\u00f3n r\u00e1pida y llamativa que se adapta perfectamente al concepto de comida callejera.  Cafeter\u00edas y pasteler\u00edas: Los gofres en palo pueden ser el complemento perfecto para desayunos o meriendas, atrayendo tanto a adultos como a ni\u00f1os.  Kioskos en centros comerciales: Estos gofres son irresistibles y f\u00e1ciles de llevar, ideales para un snack r\u00e1pido mientras se pasea.  Cines y teatros: Una opci\u00f3n diferente y pr\u00e1ctica para quienes buscan un snack dulce durante la funci\u00f3n.  Parques de atracciones: Perfectos para vender en quioscos y atraer a un p\u00fablico de todas las edades.  Eventos y catering: Ideales para fiestas, bodas o eventos tem\u00e1ticos, donde los gofres en palo destacan por su presentaci\u00f3n \u00fanica.  Con esta m\u00e1quina profesional para hacer yoguis, no solo estar\u00e1s ofreciendo un postre delicioso y visualmente atractivo, sino tambi\u00e9n una opci\u00f3n r\u00e1pida y f\u00e1cil de consumir. Inspirada en los gofres en palo que triunfan en mercados y ferias, esta m\u00e1quina te permitir\u00e1 diferenciar tu men\u00fa con productos innovadores y personalizables.\" \/>\n<meta property=\"og:url\" content=\"https:\/\/distribucionarc.com\/fr\/produit\/brochette-de-hot-dog-gaufrier\/\" \/>\n<meta property=\"og:site_name\" content=\"distribuci\u00f3n ARC\" \/>\n<meta property=\"article:modified_time\" content=\"2024-09-08T07:07:35+00:00\" \/>\n<meta property=\"og:image\" content=\"https:\/\/distribucionarc.com\/wp-content\/uploads\/2020\/07\/Gofrera-brocheta-perrito-caliente-0.jpg\" \/>\n\t<meta property=\"og:image:width\" content=\"1600\" \/>\n\t<meta property=\"og:image:height\" content=\"1600\" \/>\n\t<meta property=\"og:image:type\" content=\"image\/jpeg\" \/>\n<meta name=\"twitter:card\" content=\"summary_large_image\" \/>\n<meta name=\"twitter:label1\" content=\"Dur\u00e9e de lecture estim\u00e9e\" \/>\n\t<meta name=\"twitter:data1\" content=\"2 minutes\" \/>\n<script type=\"application\/ld+json\" class=\"yoast-schema-graph\">{\"@context\":\"https:\/\/schema.org\",\"@graph\":[{\"@type\":\"WebPage\",\"@id\":\"https:\/\/distribucionarc.com\/nl\/producto\/gofrera-de-brocheta-perrito-caliente\/\",\"url\":\"https:\/\/distribucionarc.com\/nl\/producto\/gofrera-de-brocheta-perrito-caliente\/\",\"name\":\"Gofrera de brocheta perrito caliente - distribuci\u00f3n ARC\",\"isPartOf\":{\"@id\":\"https:\/\/distribucionarc.com\/ar\/#website\"},\"primaryImageOfPage\":{\"@id\":\"https:\/\/distribucionarc.com\/nl\/producto\/gofrera-de-brocheta-perrito-caliente\/#primaryimage\"},\"image\":{\"@id\":\"https:\/\/distribucionarc.com\/nl\/producto\/gofrera-de-brocheta-perrito-caliente\/#primaryimage\"},\"thumbnailUrl\":\"https:\/\/distribucionarc.com\/wp-content\/uploads\/2020\/07\/Gofrera-brocheta-perrito-caliente-0.jpg\",\"datePublished\":\"2020-07-16T15:52:59+00:00\",\"dateModified\":\"2024-09-08T07:07:35+00:00\",\"breadcrumb\":{\"@id\":\"https:\/\/distribucionarc.com\/nl\/producto\/gofrera-de-brocheta-perrito-caliente\/#breadcrumb\"},\"inLanguage\":\"fr-FR\",\"potentialAction\":[{\"@type\":\"ReadAction\",\"target\":[\"https:\/\/distribucionarc.com\/nl\/producto\/gofrera-de-brocheta-perrito-caliente\/\"]}]},{\"@type\":\"ImageObject\",\"inLanguage\":\"fr-FR\",\"@id\":\"https:\/\/distribucionarc.com\/nl\/producto\/gofrera-de-brocheta-perrito-caliente\/#primaryimage\",\"url\":\"https:\/\/distribucionarc.com\/wp-content\/uploads\/2020\/07\/Gofrera-brocheta-perrito-caliente-0.jpg\",\"contentUrl\":\"https:\/\/distribucionarc.com\/wp-content\/uploads\/2020\/07\/Gofrera-brocheta-perrito-caliente-0.jpg\",\"width\":1600,\"height\":1600,\"caption\":\"Gofrera brocheta perrito caliente\"},{\"@type\":\"BreadcrumbList\",\"@id\":\"https:\/\/distribucionarc.com\/nl\/producto\/gofrera-de-brocheta-perrito-caliente\/#breadcrumb\",\"itemListElement\":[{\"@type\":\"ListItem\",\"position\":1,\"name\":\"Portada\",\"item\":\"https:\/\/www.distribucionarc.com\/pt\/\"},{\"@type\":\"ListItem\",\"position\":2,\"name\":\"Produtos\",\"item\":\"https:\/\/www.distribucionarc.com\/pt\/shop\/\"},{\"@type\":\"ListItem\",\"position\":3,\"name\":\"Gofrera de brocheta perrito caliente\"}]},{\"@type\":\"WebSite\",\"@id\":\"https:\/\/distribucionarc.com\/ar\/#website\",\"url\":\"https:\/\/distribucionarc.com\/ar\/\",\"name\":\"distribuci\u00f3n ARC\",\"description\":\"Empresa especializada en la fabricaci\u00f3n y distribuci\u00f3n de maquinaria industrial, selladoras de latas, Maquinas de hacer pastillas, Maquinas de cortar carne...\",\"publisher\":{\"@id\":\"https:\/\/distribucionarc.com\/ar\/#organization\"},\"potentialAction\":[{\"@type\":\"SearchAction\",\"target\":{\"@type\":\"EntryPoint\",\"urlTemplate\":\"https:\/\/distribucionarc.com\/ar\/?s={search_term_string}\"},\"query-input\":{\"@type\":\"PropertyValueSpecification\",\"valueRequired\":true,\"valueName\":\"search_term_string\"}}],\"inLanguage\":\"fr-FR\"},{\"@type\":\"Organization\",\"@id\":\"https:\/\/distribucionarc.com\/ar\/#organization\",\"name\":\"Distribuci\u00f3n ARC\",\"url\":\"https:\/\/distribucionarc.com\/ar\/\",\"logo\":{\"@type\":\"ImageObject\",\"inLanguage\":\"fr-FR\",\"@id\":\"https:\/\/distribucionarc.com\/ar\/#\/schema\/logo\/image\/\",\"url\":\"https:\/\/distribucionarc.com\/wp-content\/uploads\/2024\/10\/distribucion-ARC-COLOR-SIN-FONDO-e1732295305345.png\",\"contentUrl\":\"https:\/\/distribucionarc.com\/wp-content\/uploads\/2024\/10\/distribucion-ARC-COLOR-SIN-FONDO-e1732295305345.png\",\"width\":1164,\"height\":558,\"caption\":\"Distribuci\u00f3n ARC\"},\"image\":{\"@id\":\"https:\/\/distribucionarc.com\/ar\/#\/schema\/logo\/image\/\"},\"description\":\"Empresa especializada en la fabricaci\u00f3n y distribuci\u00f3n de maquinaria industrial para los sectores alimentario y farmac\u00e9utico. Nos especializamos en: M\u00e1quinas de cortar carne Fabricaci\u00f3n de comprimidos Sistemas de transporte industrial L\u00edneas de embotellado Dosificadores Y mucho m\u00e1s... Ofrecemos soluciones innovadoras y personalizadas para optimizar los procesos productivos de tu empresa.\",\"email\":\"Admistracion@distribucionarc.com\",\"telephone\":\"+34 643496664\",\"legalName\":\"ARC TECH SOLUTIONS\",\"foundingDate\":\"2024-04-09\",\"vatID\":\"B55480172\",\"numberOfEmployees\":{\"@type\":\"QuantitativeValue\",\"minValue\":\"1\",\"maxValue\":\"10\"}}]}<\/script>\n<!-- \/ Yoast SEO Premium plugin. -->","yoast_head_json":{"title":"Gaufrier brochette de hot dog - ARC distribution","robots":{"index":"index","follow":"follow","max-snippet":"max-snippet:-1","max-image-preview":"max-image-preview:large","max-video-preview":"max-video-preview:-1"},"canonical":"https:\/\/distribucionarc.com\/fr\/produit\/brochette-de-hot-dog-gaufrier\/","og_locale":"fr_FR","og_type":"article","og_title":"Gofrera de brocheta perrito caliente","og_description":"M\u00e1quina Profesional de Gofres Pinchados en Palo La m\u00e1quina profesional para hacer gofres en palo te permite ofrecer gofres alargados y deliciosos, conocidos popularmente como yoguis o gofres en palo. Inspirada en la presentaci\u00f3n de estos divertidos postres, esta m\u00e1quina te permite cocinar 6 gofres por tanda en tan solo 2 a 4 minutos, brindando una opci\u00f3n r\u00e1pida, atractiva y f\u00e1cil de servir.  Gracias a su dise\u00f1o eficiente y al r\u00e1pido tiempo de cocci\u00f3n, esta gofrera en palo profesional es ideal para negocios con gran afluencia de clientes. Los gofres, al estar en un palo, son perfectos para comer en movimiento, lo que los convierte en una opci\u00f3n irresistible para cualquier establecimiento. Productos que puedes crear con esta m\u00e1quina de gofres en palo:   Yoguis rellenos de chocolate: Gofres alargados rellenos de chocolate, crema pastelera o frutas.  Gofres salados: Rellenos de queso o embutidos para una opci\u00f3n innovadora.  Gofres de avena y frutas: Saludables y deliciosos para opciones de men\u00fa fitness.  Mini pizzas de gofre: Una opci\u00f3n creativa para men\u00fas salados.  Gofres con coberturas: Personalizados con chocolate, caramelo o fruta fresca.  Gofres de dulce de leche: Otra opci\u00f3n dulce que atrae a los amantes de los sabores tradicionales.  Gofres de Nutella: Para los fan\u00e1ticos del chocolate.  Sectores donde puedes implementar esta gofrera en palo profesional:   Ferias y eventos: Los gofres en palo son ideales para ser disfrutados en movimiento, haciendo de esta m\u00e1quina la herramienta perfecta para puestos en ferias y mercados.  Food trucks: Ofrece una opci\u00f3n r\u00e1pida y llamativa que se adapta perfectamente al concepto de comida callejera.  Cafeter\u00edas y pasteler\u00edas: Los gofres en palo pueden ser el complemento perfecto para desayunos o meriendas, atrayendo tanto a adultos como a ni\u00f1os.  Kioskos en centros comerciales: Estos gofres son irresistibles y f\u00e1ciles de llevar, ideales para un snack r\u00e1pido mientras se pasea.  Cines y teatros: Una opci\u00f3n diferente y pr\u00e1ctica para quienes buscan un snack dulce durante la funci\u00f3n.  Parques de atracciones: Perfectos para vender en quioscos y atraer a un p\u00fablico de todas las edades.  Eventos y catering: Ideales para fiestas, bodas o eventos tem\u00e1ticos, donde los gofres en palo destacan por su presentaci\u00f3n \u00fanica.  Con esta m\u00e1quina profesional para hacer yoguis, no solo estar\u00e1s ofreciendo un postre delicioso y visualmente atractivo, sino tambi\u00e9n una opci\u00f3n r\u00e1pida y f\u00e1cil de consumir. Inspirada en los gofres en palo que triunfan en mercados y ferias, esta m\u00e1quina te permitir\u00e1 diferenciar tu men\u00fa con productos innovadores y personalizables.","og_url":"https:\/\/distribucionarc.com\/fr\/produit\/brochette-de-hot-dog-gaufrier\/","og_site_name":"distribuci\u00f3n ARC","article_modified_time":"2024-09-08T07:07:35+00:00","og_image":[{"width":1600,"height":1600,"url":"https:\/\/distribucionarc.com\/wp-content\/uploads\/2020\/07\/Gofrera-brocheta-perrito-caliente-0.jpg","type":"image\/jpeg"}],"twitter_card":"summary_large_image","twitter_misc":{"Dur\u00e9e de lecture estim\u00e9e":"2 minutes"},"schema":{"@context":"https:\/\/schema.org","@graph":[{"@type":"WebPage","@id":"https:\/\/distribucionarc.com\/nl\/producto\/gofrera-de-brocheta-perrito-caliente\/","url":"https:\/\/distribucionarc.com\/nl\/producto\/gofrera-de-brocheta-perrito-caliente\/","name":"Gaufrier brochette de hot dog - ARC distribution","isPartOf":{"@id":"https:\/\/distribucionarc.com\/ar\/#website"},"primaryImageOfPage":{"@id":"https:\/\/distribucionarc.com\/nl\/producto\/gofrera-de-brocheta-perrito-caliente\/#primaryimage"},"image":{"@id":"https:\/\/distribucionarc.com\/nl\/producto\/gofrera-de-brocheta-perrito-caliente\/#primaryimage"},"thumbnailUrl":"https:\/\/distribucionarc.com\/wp-content\/uploads\/2020\/07\/Gofrera-brocheta-perrito-caliente-0.jpg","datePublished":"2020-07-16T15:52:59+00:00","dateModified":"2024-09-08T07:07:35+00:00","breadcrumb":{"@id":"https:\/\/distribucionarc.com\/nl\/producto\/gofrera-de-brocheta-perrito-caliente\/#breadcrumb"},"inLanguage":"fr-FR","potentialAction":[{"@type":"ReadAction","target":["https:\/\/distribucionarc.com\/nl\/producto\/gofrera-de-brocheta-perrito-caliente\/"]}]},{"@type":"ImageObject","inLanguage":"fr-FR","@id":"https:\/\/distribucionarc.com\/nl\/producto\/gofrera-de-brocheta-perrito-caliente\/#primaryimage","url":"https:\/\/distribucionarc.com\/wp-content\/uploads\/2020\/07\/Gofrera-brocheta-perrito-caliente-0.jpg","contentUrl":"https:\/\/distribucionarc.com\/wp-content\/uploads\/2020\/07\/Gofrera-brocheta-perrito-caliente-0.jpg","width":1600,"height":1600,"caption":"Gofrera brocheta perrito caliente"},{"@type":"BreadcrumbList","@id":"https:\/\/distribucionarc.com\/nl\/producto\/gofrera-de-brocheta-perrito-caliente\/#breadcrumb","itemListElement":[{"@type":"ListItem","position":1,"name":"Portada","item":"https:\/\/www.distribucionarc.com\/pt\/"},{"@type":"ListItem","position":2,"name":"Produtos","item":"https:\/\/www.distribucionarc.com\/pt\/shop\/"},{"@type":"ListItem","position":3,"name":"Gofrera de brocheta perrito caliente"}]},{"@type":"WebSite","@id":"https:\/\/distribucionarc.com\/ar\/#website","url":"https:\/\/distribucionarc.com\/ar\/","name":"R\u00e9partition de l&#039;ARC","description":"Entreprise sp\u00e9cialis\u00e9e dans la fabrication et la distribution de machines industrielles, scelleuses de bo\u00eetes, machines \u00e0 comprim\u00e9s, machines \u00e0 d\u00e9couper la viande...","publisher":{"@id":"https:\/\/distribucionarc.com\/ar\/#organization"},"potentialAction":[{"@type":"SearchAction","target":{"@type":"EntryPoint","urlTemplate":"https:\/\/distribucionarc.com\/ar\/?s={search_term_string}"},"query-input":{"@type":"PropertyValueSpecification","valueRequired":true,"valueName":"search_term_string"}}],"inLanguage":"fr-FR"},{"@type":"Organization","@id":"https:\/\/distribucionarc.com\/ar\/#organization","name":"Distribution ARC","url":"https:\/\/distribucionarc.com\/ar\/","logo":{"@type":"ImageObject","inLanguage":"fr-FR","@id":"https:\/\/distribucionarc.com\/ar\/#\/schema\/logo\/image\/","url":"https:\/\/distribucionarc.com\/wp-content\/uploads\/2024\/10\/distribucion-ARC-COLOR-SIN-FONDO-e1732295305345.png","contentUrl":"https:\/\/distribucionarc.com\/wp-content\/uploads\/2024\/10\/distribucion-ARC-COLOR-SIN-FONDO-e1732295305345.png","width":1164,"height":558,"caption":"Distribuci\u00f3n ARC"},"image":{"@id":"https:\/\/distribucionarc.com\/ar\/#\/schema\/logo\/image\/"},"description":"Entreprise sp\u00e9cialis\u00e9e dans la fabrication et la distribution de machines industrielles pour les secteurs alimentaire et pharmaceutique. Nous sommes sp\u00e9cialis\u00e9s dans : Machines \u00e0 couper la viande Fabrication de comprim\u00e9s Syst\u00e8mes de transport industriel Lignes d'embouteillage Machines de dosage Et bien plus encore... Nous proposons des solutions innovantes et personnalis\u00e9es pour optimiser les processus de production de votre entreprise.","email":"Admistracion@distribucionarc.com","telephone":"+34 643496664","legalName":"ARC TECH SOLUTIONS","foundingDate":"2024-04-09","vatID":"B55480172","numberOfEmployees":{"@type":"QuantitativeValue","minValue":"1","maxValue":"10"}}]}},"_links":{"self":[{"href":"https:\/\/distribucionarc.com\/fr\/wp-json\/wp\/v2\/product\/1115","targetHints":{"allow":["GET"]}}],"collection":[{"href":"https:\/\/distribucionarc.com\/fr\/wp-json\/wp\/v2\/product"}],"about":[{"href":"https:\/\/distribucionarc.com\/fr\/wp-json\/wp\/v2\/types\/product"}],"replies":[{"embeddable":true,"href":"https:\/\/distribucionarc.com\/fr\/wp-json\/wp\/v2\/comments?post=1115"}],"version-history":[{"count":0,"href":"https:\/\/distribucionarc.com\/fr\/wp-json\/wp\/v2\/product\/1115\/revisions"}],"wp:featuredmedia":[{"embeddable":true,"href":"https:\/\/distribucionarc.com\/fr\/wp-json\/wp\/v2\/media\/1120"}],"wp:attachment":[{"href":"https:\/\/distribucionarc.com\/fr\/wp-json\/wp\/v2\/media?parent=1115"}],"wp:term":[{"taxonomy":"product_brand","embeddable":true,"href":"https:\/\/distribucionarc.com\/fr\/wp-json\/wp\/v2\/product_brand?post=1115"},{"taxonomy":"product_cat","embeddable":true,"href":"https:\/\/distribucionarc.com\/fr\/wp-json\/wp\/v2\/product_cat?post=1115"},{"taxonomy":"product_tag","embeddable":true,"href":"https:\/\/distribucionarc.com\/fr\/wp-json\/wp\/v2\/product_tag?post=1115"}],"curies":[{"name":"wp","href":"https:\/\/api.w.org\/{rel}","templated":true}]}}