{"id":1156,"date":"2020-07-17T11:31:11","date_gmt":"2020-07-17T11:31:11","guid":{"rendered":"https:\/\/distribucionarc.com\/?post_type=product&#038;p=1156"},"modified":"2024-09-08T15:03:58","modified_gmt":"2024-09-08T15:03:58","slug":"distillateur-eau-alcool-38-5l","status":"publish","type":"product","link":"https:\/\/distribucionarc.com\/fr\/producto\/destilador-alcohol-de-agua-38-5l\/","title":{"rendered":"Distillateur d&#039;eau et d&#039;alcool de 38,5 L"},"content":{"rendered":"<h3>Distillateur d&#039;eau et d&#039;alcool de 38,5 L<\/h3>\n<p>Il <strong>distillateur d&#039;alcool<\/strong> de <strong><span style=\"color: #ff0000;\">\u00c0<\/span><span style=\"color: #0000ff;\">R.<\/span>c<\/strong> Il convient \u00e0 la distillation du vin de fruit, de l&#039;eau, du brandy, de l&#039;extraction de plantes, etc. Recommand\u00e9 pour les d\u00e9butants et les professionnels. Capable d\u2019appliquer tous types de m\u00e9thodes de chauffage.<\/p>\n<p>Il <strong>distillateur d&#039;alcool<\/strong> <strong><span style=\"color: #ff0000;\">\u00c0<\/span><span style=\"color: #0000ff;\">R.<\/span>c<\/strong> Elle dispose d&#039;une grande capacit\u00e9 de production pour fabriquer jusqu&#039;\u00e0 <strong>38,5L<\/strong> de mati\u00e8re. Le robuste <strong>distillateur<\/strong> L&#039;acier inoxydable dure des ann\u00e9es. Le fond \u00e9pais permet tous types de m\u00e9thodes de chauffage.<\/p>\n<p>Le refroidissement de <strong>distillateur d&#039;eau<\/strong> Il est de type ouvert avec une conception \u00e0 double barillet. Les serpentins en cuivre ont une grande surface de contact avec l&#039;eau de refroidissement, ce qui offre une <span style=\"color: #0000ff;\"><strong>performances de refroidissement et maintien d&#039;une temp\u00e9rature assez basse du produit distill\u00e9<\/strong><\/span>. L&#039;eau en circulation entre par l&#039;entr\u00e9e inf\u00e9rieure et s&#039;\u00e9coule par la sortie sup\u00e9rieure. Des tubes en silicone de qualit\u00e9 alimentaire flexibles et robustes assurent un d\u00e9bit d&#039;eau rapide. La pompe \u00e0 eau de circulation suppl\u00e9mentaire permet d&#039;\u00e9conomiser de l&#039;eau et d&#039;augmenter la production. Le thermom\u00e8tre int\u00e9gr\u00e9 au couvercle du <strong>distillateur d&#039;alcool<\/strong> <strong><span style=\"color: #ff0000;\">\u00c0<\/span><span style=\"color: #0000ff;\">R.<\/span>CDAF1<\/strong> Permet une surveillance facile de la temp\u00e9rature pendant le processus de distillation.<\/p>\n<p>Quatre crochets rapides aident \u00e0 sceller herm\u00e9tiquement le <strong>kit de distillation<\/strong>, les poign\u00e9es de levage fix\u00e9es au godet maintiennent une grande tension. Contient une valve d&#039;\u00e9vacuation d&#039;air unidirectionnelle utilis\u00e9e pour une application dans le processus de fermentation des grains.<\/p>\n<h6><\/h6>\n<h6><strong>Garantie\u00a0<span style=\"color: #ff0000;\">\u00c0<\/span><span style=\"color: #0000ff;\">R.<\/span>C 2 ANS<\/strong><\/h6>\n<h6><span style=\"color: #0000ff;\">Syst\u00e8me de refroidissement rapide\u00a0<\/span><\/h6>\n<h6><strong>support technique inclus.<\/strong><\/h6>\n<p>&nbsp;<\/p>\n<table>\n<thead>\n<tr>\n<th><strong>Caract\u00e9ristiques<\/strong><\/th>\n<th><strong>Description<\/strong><\/th>\n<\/tr>\n<\/thead>\n<tbody>\n<tr>\n<td><strong>Temp\u00e9rature r\u00e9glable<\/strong><\/td>\n<td>0-350 \u00baC \u2013 Adaptable pour chauffer et distiller diff\u00e9rents liquides.<\/td>\n<\/tr>\n<tr>\n<td><strong>Capacit\u00e9 du baril<\/strong><\/td>\n<td>38,5 litres (L) \u2013 Id\u00e9al pour la distillation de lots moyens.<\/td>\n<\/tr>\n<tr>\n<td><strong>Dimensions<\/strong><\/td>\n<td><strong>Hauteur<\/strong>: 47cm, <strong>Long<\/strong>: 46cm, <strong>Large<\/strong>: 46cm<\/td>\n<\/tr>\n<tr>\n<td><strong>Poids<\/strong><\/td>\n<td>7,2 kg \u2013 L\u00e9ger et maniable pour des installations rapides.<\/td>\n<\/tr>\n<tr>\n<td><strong>Mat\u00e9riel<\/strong><\/td>\n<td>Acier inoxydable 304 \u2013 Haute r\u00e9sistance \u00e0 la corrosion et s\u00e9curit\u00e9 alimentaire.<\/td>\n<\/tr>\n<tr>\n<td><strong>Type de casquette<\/strong><\/td>\n<td>Fermeture \u00e9tanche avec crochets de s\u00e9curit\u00e9 pour garantir une pression et une s\u00e9curit\u00e9 maximales.<\/td>\n<\/tr>\n<tr>\n<td><strong>Garantie<\/strong><\/td>\n<td>2 ans \u2013 Couverture compl\u00e8te du produit.<\/td>\n<\/tr>\n<tr>\n<td><strong>Marque<\/strong><\/td>\n<td>ARC \u2013 Reconnu pour sa qualit\u00e9 en \u00e9quipements de distillation.<\/td>\n<\/tr>\n<tr>\n<td><strong>Facilit\u00e9<\/strong><\/td>\n<td>Comprend des outils pour une installation rapide et facile.<\/td>\n<\/tr>\n<tr>\n<td><strong>Contr\u00f4le de pression<\/strong><\/td>\n<td>Syst\u00e8me de contr\u00f4le int\u00e9gr\u00e9 pour une distillation pr\u00e9cise.<\/td>\n<\/tr>\n<tr>\n<td><strong>Pays avec support technique<\/strong><\/td>\n<td><strong>Consulter le support technique <a href=\"https:\/\/distribucionarc.com\/fr\/service-technique\/\">Ici<\/a><\/strong><\/td>\n<\/tr>\n<\/tbody>\n<\/table>\n<p>&nbsp;<\/p>","protected":false},"excerpt":{"rendered":"<h2><strong>Distillateur d&#039;alcool 38 litres \u2013 Usage professionnel et amateur<\/strong><\/h2>\n<p>Ce <strong>Distillateur d&#039;alcool de 38 litres<\/strong> C&#039;est une machine polyvalente qui s&#039;adapte \u00e0 la fois <strong>amateurs<\/strong> en tant qu&#039;utilisateurs <strong>professionnels<\/strong>. Sa capacit\u00e9 \u00e0 <strong>38 litres<\/strong> le rend id\u00e9al pour la production domestique d\u2019alcool, la distillation d\u2019eau, d\u2019huiles essentielles et d\u2019autres liquides. Avec sa conception en acier inoxydable de haute qualit\u00e9, ce distillateur assure durabilit\u00e9, r\u00e9sistance \u00e0 la corrosion et s\u00e9curit\u00e9 au contact des aliments.<\/p>\n<h3>Principales caract\u00e9ristiques\u00a0:<\/h3>\n<ul>\n<li><strong>Capacit\u00e9 de 38 litres (L)<\/strong>: Suffisant pour les lots moyens \u00e0 grands, ce qui en fait une option flexible pour les utilisateurs domestiques et les petites productions commerciales.<\/li>\n<li><strong>Acier inoxydable de qualit\u00e9 alimentaire<\/strong>: La structure est en acier inoxydable 304, garantissant que tous les processus sont s\u00fbrs et exempts de contaminants.<\/li>\n<li><strong>Syst\u00e8me de refroidissement efficace<\/strong>: Le distillateur est livr\u00e9 avec un syst\u00e8me de condensation qui utilise de l&#039;eau pour refroidir les vapeurs et les transformer en liquide. Ce syst\u00e8me garantit des performances optimales dans l\u2019extraction du produit.<\/li>\n<li><strong>Polyvalence dans les utilisations<\/strong>: Bien qu&#039;il soit surtout utilis\u00e9 pour la distillation <strong>alcool<\/strong> (comme le brandy, le rhum, la vodka, le whisky, etc.), peut \u00e9galement \u00eatre utilis\u00e9 pour distiller <strong>eau<\/strong>, huiles essentielles, et m\u00eame pour l&#039;extraction d&#039;alcools \u00e0 base de fruits et d&#039;herbes.<\/li>\n<\/ul>\n<h3>Exemples d&#039;utilisation :<\/h3>\n<ul>\n<li><strong>distillation d&#039;alcool<\/strong>: Convient \u00e0 ceux qui cherchent \u00e0 cr\u00e9er des boissons alcoolis\u00e9es telles que du schnaps ou du whisky \u00e0 la maison ou en petits lots commerciaux.<\/li>\n<li><strong>distillation de l&#039;eau<\/strong>: Utile pour produire de l&#039;eau purifi\u00e9e destin\u00e9e \u00e0 des usages industriels ou \u00e0 la consommation.<\/li>\n<li><strong>Huiles essentielles<\/strong>: Permet l&#039;extraction d&#039;huiles essentielles d&#039;herbes telles que la lavande ou l&#039;eucalyptus, ce qui en fait un outil appr\u00e9ci\u00e9 pour <strong>industrie cosm\u00e9tique<\/strong> soit <strong>aromath\u00e9rapie<\/strong>.<\/li>\n<\/ul>\n<h3>Secteurs o\u00f9 il peut \u00eatre mis en \u0153uvre :<\/h3>\n<ul>\n<li><strong>Utilisateurs amateurs<\/strong>: Id\u00e9al pour les personnes qui pratiquent la distillation comme passe-temps, car sa taille est g\u00e9rable et son fonctionnement est simple.<\/li>\n<li><strong>Petites distilleries<\/strong>: Parfait pour les distilleries boutique qui ont besoin d\u2019une machine fiable pour la production en petits lots.<\/li>\n<li><strong>Industrie des huiles essentielles<\/strong>: Convient \u00e9galement aux petites entreprises qui extraient des huiles essentielles de plantes et d&#039;herbes.<\/li>\n<li><strong>Petites usines de boissons<\/strong>: Ce distillateur peut \u00eatre utilis\u00e9 dans la production de boissons alcoolis\u00e9es artisanales, comme les liqueurs et les spiritueux.<\/li>\n<\/ul>","protected":false},"featured_media":6031,"comment_status":"open","ping_status":"closed","template":"","meta":{"wds_primary_product_brand":0,"wds_primary_product_cat":0},"product_brand":[],"product_cat":[54],"product_tag":[],"class_list":{"0":"post-1156","1":"product","2":"type-product","3":"status-publish","4":"has-post-thumbnail","6":"product_cat-maceracion-fermentacion","7":"product_shipping_class-hosteleria","9":"first","10":"instock","11":"sale","12":"taxable","13":"shipping-taxable","14":"purchasable","15":"product-type-simple"},"yoast_head":"<!-- This site is optimized with the Yoast SEO Premium plugin v24.9 (Yoast SEO v26.1) - https:\/\/yoast.com\/wordpress\/plugins\/seo\/ -->\n<title>Destilador alcohol de agua 38.5L - distribuci\u00f3n ARC<\/title>\n<meta name=\"robots\" content=\"index, follow, max-snippet:-1, max-image-preview:large, max-video-preview:-1\" \/>\n<link rel=\"canonical\" href=\"https:\/\/www.distribucionarc.com\/hr\/producto\/destilador-alcohol-de-agua-38-5l\/\" \/>\n<meta property=\"og:locale\" content=\"fr_FR\" \/>\n<meta property=\"og:type\" content=\"article\" \/>\n<meta property=\"og:title\" content=\"Destilador alcohol de agua 38.5L\" \/>\n<meta property=\"og:description\" content=\"Destilador de alcohol de 38 litros \u2013 Uso profesional y aficionado Este destilador de alcohol de 38 litros es una m\u00e1quina vers\u00e1til que se adapta tanto a hobbyistas como a usuarios profesionales. Su capacidad de 38 litros lo hace ideal para la producci\u00f3n casera de alcohol, destilaci\u00f3n de agua, aceites esenciales y otros l\u00edquidos. Con su dise\u00f1o de acero inoxidable de alta calidad, este destilador garantiza durabilidad, resistencia a la corrosi\u00f3n y seguridad en contacto con alimentos. Caracter\u00edsticas principales:   Capacidad de 38 litros (L): Suficiente para lotes medianos a grandes, lo que lo convierte en una opci\u00f3n flexible tanto para usuarios caseros como para peque\u00f1as producciones comerciales.  Acero inoxidable de grado alimenticio: La estructura est\u00e1 fabricada en acero inoxidable 304, garantizando que todos los procesos sean seguros y libres de contaminantes.  Sistema de enfriamiento eficiente: El destilador viene con un sistema de condensaci\u00f3n que utiliza agua para enfriar los vapores y transformarlos en l\u00edquido. Este sistema asegura un rendimiento \u00f3ptimo en la extracci\u00f3n del producto.  Versatilidad en usos: Aunque es mayormente utilizado para destilar alcohol (como aguardiente, ron, vodka, whisky, etc.), tambi\u00e9n se puede utilizar para destilar agua, aceites esenciales, e incluso para la extracci\u00f3n de alcoholes a base de frutas y hierbas.  Ejemplos de uso:   Destilaci\u00f3n de alcohol: Adecuado para quienes buscan crear bebidas alcoh\u00f3licas como aguardiente o whisky en casa o en peque\u00f1os lotes comerciales.  Destilaci\u00f3n de agua: \u00datil para producir agua purificada para usos industriales o consumo.  Aceites esenciales: Permite la extracci\u00f3n de aceites esenciales a partir de hierbas como lavanda o eucalipto, lo que lo convierte en una herramienta popular para la industria cosm\u00e9tica o aromaterapia.  Sectores donde se puede implementar:   Usuarios aficionados: Ideal para personas que practican la destilaci\u00f3n como hobby, ya que su tama\u00f1o es manejable y su operaci\u00f3n sencilla.  Peque\u00f1as destiler\u00edas: Perfecto para destiler\u00edas boutique que necesitan una m\u00e1quina confiable para peque\u00f1os lotes de producci\u00f3n.  Industria de aceites esenciales: Tambi\u00e9n es adecuado para peque\u00f1as empresas que extraen aceites esenciales de plantas y hierbas.  Peque\u00f1as f\u00e1bricas de bebidas: Este destilador se puede utilizar en la producci\u00f3n de bebidas alcoh\u00f3licas artesanales, como licores y aguardientes.\" \/>\n<meta property=\"og:url\" content=\"https:\/\/www.distribucionarc.com\/hr\/producto\/destilador-alcohol-de-agua-38-5l\/\" \/>\n<meta property=\"og:site_name\" content=\"distribuci\u00f3n ARC\" \/>\n<meta property=\"article:modified_time\" content=\"2024-09-08T15:03:58+00:00\" \/>\n<meta property=\"og:image\" content=\"https:\/\/www.distribucionarc.com\/wp-content\/uploads\/2020\/07\/Destilador-alcohol-de-agua-38.5L-imagen-producto.jpg\" \/>\n\t<meta property=\"og:image:width\" content=\"1600\" \/>\n\t<meta property=\"og:image:height\" content=\"1600\" \/>\n\t<meta property=\"og:image:type\" content=\"image\/jpeg\" \/>\n<meta name=\"twitter:card\" content=\"summary_large_image\" \/>\n<meta name=\"twitter:label1\" content=\"Dur\u00e9e de lecture estim\u00e9e\" \/>\n\t<meta name=\"twitter:data1\" content=\"2 minutes\" \/>\n<script type=\"application\/ld+json\" class=\"yoast-schema-graph\">{\"@context\":\"https:\/\/schema.org\",\"@graph\":[{\"@type\":\"WebPage\",\"@id\":\"https:\/\/www.distribucionarc.com\/hr\/producto\/destilador-alcohol-de-agua-38-5l\/\",\"url\":\"https:\/\/www.distribucionarc.com\/hr\/producto\/destilador-alcohol-de-agua-38-5l\/\",\"name\":\"Destilador alcohol de agua 38.5L - distribuci\u00f3n ARC\",\"isPartOf\":{\"@id\":\"https:\/\/www.distribucionarc.com\/sl\/#website\"},\"primaryImageOfPage\":{\"@id\":\"https:\/\/www.distribucionarc.com\/hr\/producto\/destilador-alcohol-de-agua-38-5l\/#primaryimage\"},\"image\":{\"@id\":\"https:\/\/www.distribucionarc.com\/hr\/producto\/destilador-alcohol-de-agua-38-5l\/#primaryimage\"},\"thumbnailUrl\":\"https:\/\/distribucionarc.com\/wp-content\/uploads\/2020\/07\/Destilador-alcohol-de-agua-38.5L-imagen-producto.jpg\",\"datePublished\":\"2020-07-17T11:31:11+00:00\",\"dateModified\":\"2024-09-08T15:03:58+00:00\",\"breadcrumb\":{\"@id\":\"https:\/\/www.distribucionarc.com\/hr\/producto\/destilador-alcohol-de-agua-38-5l\/#breadcrumb\"},\"inLanguage\":\"fr-FR\",\"potentialAction\":[{\"@type\":\"ReadAction\",\"target\":[\"https:\/\/www.distribucionarc.com\/hr\/producto\/destilador-alcohol-de-agua-38-5l\/\"]}]},{\"@type\":\"ImageObject\",\"inLanguage\":\"fr-FR\",\"@id\":\"https:\/\/www.distribucionarc.com\/hr\/producto\/destilador-alcohol-de-agua-38-5l\/#primaryimage\",\"url\":\"https:\/\/distribucionarc.com\/wp-content\/uploads\/2020\/07\/Destilador-alcohol-de-agua-38.5L-imagen-producto.jpg\",\"contentUrl\":\"https:\/\/distribucionarc.com\/wp-content\/uploads\/2020\/07\/Destilador-alcohol-de-agua-38.5L-imagen-producto.jpg\",\"width\":1600,\"height\":1600},{\"@type\":\"BreadcrumbList\",\"@id\":\"https:\/\/www.distribucionarc.com\/hr\/producto\/destilador-alcohol-de-agua-38-5l\/#breadcrumb\",\"itemListElement\":[{\"@type\":\"ListItem\",\"position\":1,\"name\":\"Portada\",\"item\":\"https:\/\/www.distribucionarc.com\/\"},{\"@type\":\"ListItem\",\"position\":2,\"name\":\"\u00dcr\u00fcnler\",\"item\":\"https:\/\/www.distribucionarc.com\/tr\/magaza\/\"},{\"@type\":\"ListItem\",\"position\":3,\"name\":\"Destilador alcohol de agua 38.5L\"}]},{\"@type\":\"WebSite\",\"@id\":\"https:\/\/www.distribucionarc.com\/sl\/#website\",\"url\":\"https:\/\/www.distribucionarc.com\/sl\/\",\"name\":\"distribuci\u00f3n ARC\",\"description\":\"Empresa especializada en la fabricaci\u00f3n y distribuci\u00f3n de maquinaria industrial, selladoras de latas, Maquinas de hacer pastillas, Maquinas de cortar carne...\",\"publisher\":{\"@id\":\"https:\/\/www.distribucionarc.com\/sl\/#organization\"},\"potentialAction\":[{\"@type\":\"SearchAction\",\"target\":{\"@type\":\"EntryPoint\",\"urlTemplate\":\"https:\/\/www.distribucionarc.com\/sl\/?s={search_term_string}\"},\"query-input\":{\"@type\":\"PropertyValueSpecification\",\"valueRequired\":true,\"valueName\":\"search_term_string\"}}],\"inLanguage\":\"fr-FR\"},{\"@type\":\"Organization\",\"@id\":\"https:\/\/www.distribucionarc.com\/sl\/#organization\",\"name\":\"Distribuci\u00f3n ARC\",\"url\":\"https:\/\/www.distribucionarc.com\/sl\/\",\"logo\":{\"@type\":\"ImageObject\",\"inLanguage\":\"fr-FR\",\"@id\":\"https:\/\/www.distribucionarc.com\/sl\/#\/schema\/logo\/image\/\",\"url\":\"https:\/\/distribucionarc.com\/wp-content\/uploads\/2024\/10\/distribucion-ARC-COLOR-SIN-FONDO-e1732295305345.png\",\"contentUrl\":\"https:\/\/distribucionarc.com\/wp-content\/uploads\/2024\/10\/distribucion-ARC-COLOR-SIN-FONDO-e1732295305345.png\",\"width\":1164,\"height\":558,\"caption\":\"Distribuci\u00f3n ARC\"},\"image\":{\"@id\":\"https:\/\/www.distribucionarc.com\/sl\/#\/schema\/logo\/image\/\"},\"description\":\"Empresa especializada en la fabricaci\u00f3n y distribuci\u00f3n de maquinaria industrial para los sectores alimentario y farmac\u00e9utico. Nos especializamos en: M\u00e1quinas de cortar carne Fabricaci\u00f3n de comprimidos Sistemas de transporte industrial L\u00edneas de embotellado Dosificadores Y mucho m\u00e1s... Ofrecemos soluciones innovadoras y personalizadas para optimizar los procesos productivos de tu empresa.\",\"email\":\"Admistracion@distribucionarc.com\",\"telephone\":\"+34 643496664\",\"legalName\":\"ARC TECH SOLUTIONS\",\"foundingDate\":\"2024-04-09\",\"vatID\":\"B55480172\",\"numberOfEmployees\":{\"@type\":\"QuantitativeValue\",\"minValue\":\"1\",\"maxValue\":\"10\"}}]}<\/script>\n<!-- \/ Yoast SEO Premium plugin. -->","yoast_head_json":{"title":"Distillateur d&#039;alcool eau 38,5L - ARC distribution","robots":{"index":"index","follow":"follow","max-snippet":"max-snippet:-1","max-image-preview":"max-image-preview:large","max-video-preview":"max-video-preview:-1"},"canonical":"https:\/\/www.distribucionarc.com\/hr\/producto\/destilador-alcohol-de-agua-38-5l\/","og_locale":"fr_FR","og_type":"article","og_title":"Destilador alcohol de agua 38.5L","og_description":"Destilador de alcohol de 38 litros \u2013 Uso profesional y aficionado Este destilador de alcohol de 38 litros es una m\u00e1quina vers\u00e1til que se adapta tanto a hobbyistas como a usuarios profesionales. Su capacidad de 38 litros lo hace ideal para la producci\u00f3n casera de alcohol, destilaci\u00f3n de agua, aceites esenciales y otros l\u00edquidos. Con su dise\u00f1o de acero inoxidable de alta calidad, este destilador garantiza durabilidad, resistencia a la corrosi\u00f3n y seguridad en contacto con alimentos. Caracter\u00edsticas principales:   Capacidad de 38 litros (L): Suficiente para lotes medianos a grandes, lo que lo convierte en una opci\u00f3n flexible tanto para usuarios caseros como para peque\u00f1as producciones comerciales.  Acero inoxidable de grado alimenticio: La estructura est\u00e1 fabricada en acero inoxidable 304, garantizando que todos los procesos sean seguros y libres de contaminantes.  Sistema de enfriamiento eficiente: El destilador viene con un sistema de condensaci\u00f3n que utiliza agua para enfriar los vapores y transformarlos en l\u00edquido. Este sistema asegura un rendimiento \u00f3ptimo en la extracci\u00f3n del producto.  Versatilidad en usos: Aunque es mayormente utilizado para destilar alcohol (como aguardiente, ron, vodka, whisky, etc.), tambi\u00e9n se puede utilizar para destilar agua, aceites esenciales, e incluso para la extracci\u00f3n de alcoholes a base de frutas y hierbas.  Ejemplos de uso:   Destilaci\u00f3n de alcohol: Adecuado para quienes buscan crear bebidas alcoh\u00f3licas como aguardiente o whisky en casa o en peque\u00f1os lotes comerciales.  Destilaci\u00f3n de agua: \u00datil para producir agua purificada para usos industriales o consumo.  Aceites esenciales: Permite la extracci\u00f3n de aceites esenciales a partir de hierbas como lavanda o eucalipto, lo que lo convierte en una herramienta popular para la industria cosm\u00e9tica o aromaterapia.  Sectores donde se puede implementar:   Usuarios aficionados: Ideal para personas que practican la destilaci\u00f3n como hobby, ya que su tama\u00f1o es manejable y su operaci\u00f3n sencilla.  Peque\u00f1as destiler\u00edas: Perfecto para destiler\u00edas boutique que necesitan una m\u00e1quina confiable para peque\u00f1os lotes de producci\u00f3n.  Industria de aceites esenciales: Tambi\u00e9n es adecuado para peque\u00f1as empresas que extraen aceites esenciales de plantas y hierbas.  Peque\u00f1as f\u00e1bricas de bebidas: Este destilador se puede utilizar en la producci\u00f3n de bebidas alcoh\u00f3licas artesanales, como licores y aguardientes.","og_url":"https:\/\/www.distribucionarc.com\/hr\/producto\/destilador-alcohol-de-agua-38-5l\/","og_site_name":"distribuci\u00f3n ARC","article_modified_time":"2024-09-08T15:03:58+00:00","og_image":[{"width":1600,"height":1600,"url":"https:\/\/www.distribucionarc.com\/wp-content\/uploads\/2020\/07\/Destilador-alcohol-de-agua-38.5L-imagen-producto.jpg","type":"image\/jpeg"}],"twitter_card":"summary_large_image","twitter_misc":{"Dur\u00e9e de lecture estim\u00e9e":"2 minutes"},"schema":{"@context":"https:\/\/schema.org","@graph":[{"@type":"WebPage","@id":"https:\/\/www.distribucionarc.com\/hr\/producto\/destilador-alcohol-de-agua-38-5l\/","url":"https:\/\/www.distribucionarc.com\/hr\/producto\/destilador-alcohol-de-agua-38-5l\/","name":"Distillateur d&#039;alcool eau 38,5L - ARC distribution","isPartOf":{"@id":"https:\/\/www.distribucionarc.com\/sl\/#website"},"primaryImageOfPage":{"@id":"https:\/\/www.distribucionarc.com\/hr\/producto\/destilador-alcohol-de-agua-38-5l\/#primaryimage"},"image":{"@id":"https:\/\/www.distribucionarc.com\/hr\/producto\/destilador-alcohol-de-agua-38-5l\/#primaryimage"},"thumbnailUrl":"https:\/\/distribucionarc.com\/wp-content\/uploads\/2020\/07\/Destilador-alcohol-de-agua-38.5L-imagen-producto.jpg","datePublished":"2020-07-17T11:31:11+00:00","dateModified":"2024-09-08T15:03:58+00:00","breadcrumb":{"@id":"https:\/\/www.distribucionarc.com\/hr\/producto\/destilador-alcohol-de-agua-38-5l\/#breadcrumb"},"inLanguage":"fr-FR","potentialAction":[{"@type":"ReadAction","target":["https:\/\/www.distribucionarc.com\/hr\/producto\/destilador-alcohol-de-agua-38-5l\/"]}]},{"@type":"ImageObject","inLanguage":"fr-FR","@id":"https:\/\/www.distribucionarc.com\/hr\/producto\/destilador-alcohol-de-agua-38-5l\/#primaryimage","url":"https:\/\/distribucionarc.com\/wp-content\/uploads\/2020\/07\/Destilador-alcohol-de-agua-38.5L-imagen-producto.jpg","contentUrl":"https:\/\/distribucionarc.com\/wp-content\/uploads\/2020\/07\/Destilador-alcohol-de-agua-38.5L-imagen-producto.jpg","width":1600,"height":1600},{"@type":"BreadcrumbList","@id":"https:\/\/www.distribucionarc.com\/hr\/producto\/destilador-alcohol-de-agua-38-5l\/#breadcrumb","itemListElement":[{"@type":"ListItem","position":1,"name":"Portada","item":"https:\/\/www.distribucionarc.com\/"},{"@type":"ListItem","position":2,"name":"\u00dcr\u00fcnler","item":"https:\/\/www.distribucionarc.com\/tr\/magaza\/"},{"@type":"ListItem","position":3,"name":"Destilador alcohol de agua 38.5L"}]},{"@type":"WebSite","@id":"https:\/\/www.distribucionarc.com\/sl\/#website","url":"https:\/\/www.distribucionarc.com\/sl\/","name":"R\u00e9partition de l&#039;ARC","description":"Entreprise sp\u00e9cialis\u00e9e dans la fabrication et la distribution de machines industrielles, scelleuses de bo\u00eetes, machines \u00e0 comprim\u00e9s, machines \u00e0 d\u00e9couper la viande...","publisher":{"@id":"https:\/\/www.distribucionarc.com\/sl\/#organization"},"potentialAction":[{"@type":"SearchAction","target":{"@type":"EntryPoint","urlTemplate":"https:\/\/www.distribucionarc.com\/sl\/?s={search_term_string}"},"query-input":{"@type":"PropertyValueSpecification","valueRequired":true,"valueName":"search_term_string"}}],"inLanguage":"fr-FR"},{"@type":"Organization","@id":"https:\/\/www.distribucionarc.com\/sl\/#organization","name":"Distribution ARC","url":"https:\/\/www.distribucionarc.com\/sl\/","logo":{"@type":"ImageObject","inLanguage":"fr-FR","@id":"https:\/\/www.distribucionarc.com\/sl\/#\/schema\/logo\/image\/","url":"https:\/\/distribucionarc.com\/wp-content\/uploads\/2024\/10\/distribucion-ARC-COLOR-SIN-FONDO-e1732295305345.png","contentUrl":"https:\/\/distribucionarc.com\/wp-content\/uploads\/2024\/10\/distribucion-ARC-COLOR-SIN-FONDO-e1732295305345.png","width":1164,"height":558,"caption":"Distribuci\u00f3n ARC"},"image":{"@id":"https:\/\/www.distribucionarc.com\/sl\/#\/schema\/logo\/image\/"},"description":"Entreprise sp\u00e9cialis\u00e9e dans la fabrication et la distribution de machines industrielles pour les secteurs alimentaire et pharmaceutique. Nous sommes sp\u00e9cialis\u00e9s dans : Machines \u00e0 couper la viande Fabrication de comprim\u00e9s Syst\u00e8mes de transport industriel Lignes d'embouteillage Machines de dosage Et bien plus encore... Nous proposons des solutions innovantes et personnalis\u00e9es pour optimiser les processus de production de votre entreprise.","email":"Admistracion@distribucionarc.com","telephone":"+34 643496664","legalName":"ARC TECH SOLUTIONS","foundingDate":"2024-04-09","vatID":"B55480172","numberOfEmployees":{"@type":"QuantitativeValue","minValue":"1","maxValue":"10"}}]}},"_links":{"self":[{"href":"https:\/\/distribucionarc.com\/fr\/wp-json\/wp\/v2\/product\/1156","targetHints":{"allow":["GET"]}}],"collection":[{"href":"https:\/\/distribucionarc.com\/fr\/wp-json\/wp\/v2\/product"}],"about":[{"href":"https:\/\/distribucionarc.com\/fr\/wp-json\/wp\/v2\/types\/product"}],"replies":[{"embeddable":true,"href":"https:\/\/distribucionarc.com\/fr\/wp-json\/wp\/v2\/comments?post=1156"}],"version-history":[{"count":0,"href":"https:\/\/distribucionarc.com\/fr\/wp-json\/wp\/v2\/product\/1156\/revisions"}],"wp:featuredmedia":[{"embeddable":true,"href":"https:\/\/distribucionarc.com\/fr\/wp-json\/wp\/v2\/media\/6031"}],"wp:attachment":[{"href":"https:\/\/distribucionarc.com\/fr\/wp-json\/wp\/v2\/media?parent=1156"}],"wp:term":[{"taxonomy":"product_brand","embeddable":true,"href":"https:\/\/distribucionarc.com\/fr\/wp-json\/wp\/v2\/product_brand?post=1156"},{"taxonomy":"product_cat","embeddable":true,"href":"https:\/\/distribucionarc.com\/fr\/wp-json\/wp\/v2\/product_cat?post=1156"},{"taxonomy":"product_tag","embeddable":true,"href":"https:\/\/distribucionarc.com\/fr\/wp-json\/wp\/v2\/product_tag?post=1156"}],"curies":[{"name":"wp","href":"https:\/\/api.w.org\/{rel}","templated":true}]}}