{"id":1170,"date":"2020-07-17T12:52:03","date_gmt":"2020-07-17T12:52:03","guid":{"rendered":"https:\/\/distribucionarc.com\/?post_type=product&#038;p=1170"},"modified":"2024-09-08T15:27:42","modified_gmt":"2024-09-08T15:27:42","slug":"machine-a-barbe-a-papa-electrique-avec-chariot","status":"publish","type":"product","link":"https:\/\/distribucionarc.com\/fr\/producto\/maquina-de-algodon-de-azucar-electrica-con-carro\/","title":{"rendered":"Machine \u00e0 barbe \u00e0 papa \u00e9lectrique avec chariot"},"content":{"rendered":"<h3>Machine \u00e0 barbe \u00e0 papa \u00e9lectrique avec chariot<\/h3>\n<p>Ce <strong>machine \u00e0 barbe \u00e0 papa<\/strong> de <strong><span style=\"color: #ff0000;\">\u00c0<\/span><span style=\"color: #0000ff;\">R.<\/span>c<\/strong> Vous aurez l\u2019impression d\u2019en avoir deux. Avec notre <strong><span style=\"color: #ff0000;\">\u00c0<\/span><span style=\"color: #0000ff;\">R.<\/span>CMAAc2<\/strong>, pr\u00e9parez la meilleure barbe \u00e0 papa ! La machine \u00e0 barbe \u00e0 papa est id\u00e9ale pour les anniversaires, les cin\u00e9mas, les c\u00e9l\u00e9brations, les festivals, les carnavals et les foires.<\/p>\n<p>Il est \u00e9quip\u00e9 d&#039;un interrupteur marche\/arr\u00eat, d&#039;un voltm\u00e8tre, d&#039;un fusible et d&#039;un amplificateur. Pour garantir la durabilit\u00e9 ainsi que <span style=\"color: #008000;\"><strong>fournir une consommation d\u2019\u00e9nergie efficace<\/strong><\/span>.<\/p>\n<p>Son r\u00e9servoir et son distributeur en inox facilitent le nettoyage et l&#039;entretien. Le grand r\u00e9servoir en acier inoxydable peut \u00eatre facilement retir\u00e9 pour un nettoyage facile. Notre <strong>machine \u00e0 barbe \u00e0 papa<\/strong> Il est \u00e9quip\u00e9 d&#039;un tiroir amovible en inox pour ranger les pi\u00e8ces d\u00e9tach\u00e9es ou les baguettes doseuses \u00e0 proximit\u00e9.  De plus, vous pouvez ajouter le d\u00f4me \u00e0 bulles en plastique transparent \u00e0 votre machine, ce qui vous permet de garantir la s\u00e9curit\u00e9 lors de la fabrication. <strong>barbe \u00e0 papa<\/strong><\/p>\n<p>Avec notre<strong> machine \u00e0 coton <span style=\"color: #ff0000;\">\u00c0<\/span><span style=\"color: #0000ff;\">R.<\/span>CMAAc2<\/strong>, vous pouvez cr\u00e9er un <span style=\"color: #ff0000;\"><strong>barbe \u00e0 papa<\/strong> <strong>qualit\u00e9 sup\u00e9rieure en moins d&#039;une minute<\/strong><\/span>. Juste avec un peu de sucre, vous pouvez r\u00e9aliser la barbe \u00e0 papa tant d\u00e9sir\u00e9e de diff\u00e9rentes saveurs et de diff\u00e9rentes couleurs. Pr\u00e9parez de d\u00e9licieuses barbes \u00e0 papa rouges, jaunes, bleues, vertes, violettes...<\/p>\n<h6><strong>Garantie <span style=\"color: #ff0000;\">\u00c0<\/span><span style=\"color: #0000ff;\">R.<\/span>c<\/strong><strong style=\"font-size: 1.1em;\">\u00a02 ANS<\/strong><\/h6>\n<h6><span style=\"color: #008000;\"><strong>Machine \u00e0 barbe \u00e0 papa \u00e9lectrique efficace, basse consommation 800w<\/strong><\/span><\/h6>\n<h6><strong>support technique inclus.<\/strong><\/h6>\n<p>&nbsp;<\/p>\n<p>&nbsp;<\/p>\n<table>\n<thead>\n<tr>\n<th><strong>Caract\u00e9ristiques<\/strong><\/th>\n<th><strong>Description<\/strong><\/th>\n<\/tr>\n<\/thead>\n<tbody>\n<tr>\n<td><strong>Num\u00e9ro du fabricant<\/strong><\/td>\n<td>ARCMAAc2<\/td>\n<\/tr>\n<tr>\n<td><strong>Pays avec support technique<\/strong><\/td>\n<td><a href=\"https:\/\/distribucionarc.com\/fr\/service-technique\/\">Consultez le support technique ici<\/a><\/td>\n<\/tr>\n<tr>\n<td><strong>Poids<\/strong><\/td>\n<td>12,5 kilogrammes (kg)<\/td>\n<\/tr>\n<tr>\n<td><strong>Dimensions des machines<\/strong><\/td>\n<td>54 centim\u00e8tres (cm) x 54 cm x 45 cm<\/td>\n<\/tr>\n<tr>\n<td><strong>Dimensions du chariot<\/strong><\/td>\n<td><strong>Haut<\/strong>: 147 cm, <strong>Long<\/strong>: 75cm, <strong>Large<\/strong>: 50cm<\/td>\n<\/tr>\n<tr>\n<td><strong>Couleur<\/strong><\/td>\n<td>Rose<\/td>\n<\/tr>\n<tr>\n<td><strong>Pouvoir<\/strong><\/td>\n<td>1300 watts (W)<\/td>\n<\/tr>\n<tr>\n<td><strong>tension d&#039;entr\u00e9e<\/strong><\/td>\n<td>220 V \u2013 60 Hz \/ 110 V \u2013 50 Hz<\/td>\n<\/tr>\n<tr>\n<td><strong>Temps par lot<\/strong><\/td>\n<td>Entre 30 secondes et 1 minute par pi\u00e8ce<\/td>\n<\/tr>\n<tr>\n<td><strong>Production<\/strong><\/td>\n<td>Jusqu&#039;\u00e0 7 pi\u00e8ces par minute<\/td>\n<\/tr>\n<tr>\n<td><strong>Mat\u00e9riel<\/strong><\/td>\n<td>Acier inoxydable alimentaire<\/td>\n<\/tr>\n<tr>\n<td><strong>Outils d&#039;installation<\/strong><\/td>\n<td>Compris<\/td>\n<\/tr>\n<tr>\n<td><strong>Marque<\/strong><\/td>\n<td>ARC<\/td>\n<\/tr>\n<tr>\n<td><strong>Type de produit<\/strong><\/td>\n<td>Machine \u00e0 barbe \u00e0 papa professionnelle avec chariot<\/td>\n<\/tr>\n<tr>\n<td><strong>Garantie<\/strong><\/td>\n<td>2 ans<\/td>\n<\/tr>\n<\/tbody>\n<\/table>","protected":false},"excerpt":{"rendered":"<h2><strong>Machine \u00e0 barbe \u00e0 papa avec chariot \u2013 Usage professionnel<\/strong><\/h2>\n<p>Ce <strong>machine \u00e0 barbe \u00e0 papa professionnelle avec chariot<\/strong> C&#039;est l&#039;outil parfait pour cr\u00e9er de la barbe \u00e0 papa lors de n&#039;importe quel \u00e9v\u00e9nement ou entreprise. Gr\u00e2ce \u00e0 sa conception \u00e0 roulettes, cette machine est facile \u00e0 d\u00e9placer et permet des pr\u00e9sentations dans plusieurs endroits, ce qui la rend id\u00e9ale aussi bien pour les \u00e9v\u00e9nements mobiles que pour une utilisation lors de salons professionnels ou de locaux commerciaux. Sa structure solide en acier inoxydable et ses performances puissantes assurent une production de barbe \u00e0 papa rapide et efficace.<\/p>\n<h3>Principales caract\u00e9ristiques\u00a0:<\/h3>\n<ul>\n<li><strong>chariot \u00e0 roulettes<\/strong>: Facilite le transport et la mobilit\u00e9, id\u00e9al pour les \u00e9v\u00e9nements et les foires. La conception \u00e0 grandes roues permet de d\u00e9placer la machine sans effort sur diff\u00e9rentes surfaces.<\/li>\n<li><strong>usage professionnel<\/strong>: Cette machine est con\u00e7ue pour une capacit\u00e9 de production \u00e9lev\u00e9e, parfaite pour les entreprises avec un afflux important de clients, telles que les foires, les festivals et les parcs d&#039;attractions.<\/li>\n<li><strong>Haute puissance<\/strong>: Le moteur offre des performances rapides et constantes, vous permettant de cr\u00e9er de grandes quantit\u00e9s de barbe \u00e0 papa en peu de temps.<\/li>\n<li><strong>Mat\u00e9riau r\u00e9sistant<\/strong>: La structure est en acier inoxydable, ce qui garantit durabilit\u00e9 et r\u00e9sistance \u00e0 la corrosion, ainsi qu&#039;une facilit\u00e9 de nettoyage et d&#039;entretien.<\/li>\n<li><strong>Facile \u00e0 utiliser<\/strong>: Le panneau de commande intuitif vous permet d&#039;ajuster la temp\u00e9rature et d&#039;autres param\u00e8tres pour personnaliser la production de barbe \u00e0 papa selon les pr\u00e9f\u00e9rences du client.<\/li>\n<\/ul>\n<h3>Exemples d&#039;utilisation :<\/h3>\n<ul>\n<li><strong>Foires et parcs d&#039;attractions<\/strong>: Parfait pour servir rapidement de grandes quantit\u00e9s de barbe \u00e0 papa aux participants.<\/li>\n<li><strong>\u00c9v\u00e9nements en plein air<\/strong>: Facile \u00e0 transporter lors d&#039;\u00e9v\u00e9nements tels que les mariages, les f\u00eates d&#039;enfants et les festivals.<\/li>\n<li><strong>Kiosques et stands mobiles<\/strong>: Id\u00e9al pour une installation dans des points de vente mobiles ou des kiosques dans des centres commerciaux.<\/li>\n<li><strong>Caf\u00e9s \u00e0 th\u00e8me<\/strong>: Excellente option pour offrir de la barbe \u00e0 papa en dessert ou en accompagnement de menus cr\u00e9atifs.<\/li>\n<li><strong>F\u00eates et \u00e9v\u00e9nements d&#039;entreprise<\/strong>: Fournit une touche amusante et visuellement attrayante, parfaite pour les \u00e9v\u00e9nements sociaux ou professionnels.<\/li>\n<\/ul>\n<p>Avec sa capacit\u00e9 \u00e0 cr\u00e9er de d\u00e9licieux nuages de barbe \u00e0 papa rapidement et efficacement, ce <strong>machine \u00e0 barbe \u00e0 papa professionnelle avec chariot<\/strong> Il est id\u00e9al pour toute entreprise qui souhaite proposer ce bonbon classique avec une pr\u00e9sentation amusante et attrayante.<\/p>","protected":false},"featured_media":6033,"comment_status":"open","ping_status":"closed","template":"","meta":{"wds_primary_product_brand":0,"wds_primary_product_cat":0},"product_brand":[],"product_cat":[56],"product_tag":[],"class_list":{"0":"post-1170","1":"product","2":"type-product","3":"status-publish","4":"has-post-thumbnail","6":"product_cat-maquinaria-para-ferias","7":"product_shipping_class-hosteleria","9":"first","10":"instock","11":"sale","12":"taxable","13":"shipping-taxable","14":"purchasable","15":"product-type-simple"},"yoast_head":"<!-- This site is optimized with the Yoast SEO Premium plugin v24.9 (Yoast SEO v26.1) - https:\/\/yoast.com\/wordpress\/plugins\/seo\/ -->\n<title>M\u00e1quina de algod\u00f3n de az\u00facar el\u00e9ctrica con carro - distribuci\u00f3n ARC<\/title>\n<meta name=\"robots\" content=\"index, follow, max-snippet:-1, max-image-preview:large, max-video-preview:-1\" \/>\n<link rel=\"canonical\" href=\"https:\/\/www.distribucionarc.com\/el\/producto\/maquina-de-algodon-de-azucar-electrica-con-carro\/\" \/>\n<meta property=\"og:locale\" content=\"fr_FR\" \/>\n<meta property=\"og:type\" content=\"article\" \/>\n<meta property=\"og:title\" content=\"M\u00e1quina de algod\u00f3n de az\u00facar el\u00e9ctrica con carro\" \/>\n<meta property=\"og:description\" content=\"M\u00e1quina de algod\u00f3n de az\u00facar con carro \u2013 Uso profesional Esta m\u00e1quina de algod\u00f3n de az\u00facar profesional con carro es la herramienta perfecta para crear algod\u00f3n de az\u00facar en cualquier evento o negocio. Gracias a su dise\u00f1o con ruedas, esta m\u00e1quina es f\u00e1cil de mover y permite realizar presentaciones en m\u00faltiples lugares, lo que la hace ideal tanto para eventos m\u00f3viles como para uso en ferias o locales comerciales. Su estructura s\u00f3lida de acero inoxidable y su potente rendimiento garantizan una producci\u00f3n r\u00e1pida y eficiente de algod\u00f3n de az\u00facar. Caracter\u00edsticas principales:   Carro con ruedas: Facilita el transporte y la movilidad, ideal para eventos y ferias. El dise\u00f1o con ruedas grandes permite mover la m\u00e1quina sin esfuerzo por diferentes superficies.  Uso profesional: Esta m\u00e1quina est\u00e1 dise\u00f1ada para una alta capacidad de producci\u00f3n, perfecta para negocios con gran afluencia de clientes, como ferias, festivales y parques de atracciones.  Alta potencia: El motor ofrece un rendimiento r\u00e1pido y constante, permitiendo crear grandes cantidades de algod\u00f3n de az\u00facar en poco tiempo.  Material resistente: La estructura est\u00e1 fabricada en acero inoxidable, lo que garantiza durabilidad y resistencia a la corrosi\u00f3n, adem\u00e1s de ser f\u00e1cil de limpiar y mantener.  F\u00e1cil de usar: El panel de control intuitivo permite ajustar la temperatura y otras configuraciones para personalizar la producci\u00f3n de algod\u00f3n de az\u00facar seg\u00fan las preferencias del cliente.  Ejemplos de uso:   Ferias y parques de atracciones: Perfecta para servir grandes cantidades de algod\u00f3n de az\u00facar r\u00e1pidamente a los asistentes.  Eventos al aire libre: F\u00e1cil de transportar a eventos como bodas, fiestas infantiles y festivales.  Kioskos y puestos m\u00f3viles: Ideal para instalar en puntos de venta m\u00f3viles o kioskos en centros comerciales.  Cafeter\u00edas tem\u00e1ticas: Excelente opci\u00f3n para ofrecer algod\u00f3n de az\u00facar como postre o acompa\u00f1amiento en men\u00fas creativos.  Fiestas y eventos corporativos: Proporciona un toque divertido y visualmente atractivo, perfecto para eventos sociales o empresariales.  Con su capacidad de crear deliciosas nubes de algod\u00f3n de az\u00facar de manera r\u00e1pida y eficiente, esta m\u00e1quina profesional de algod\u00f3n de az\u00facar con carro es ideal para cualquier negocio que quiera ofrecer este dulce cl\u00e1sico con una presentaci\u00f3n divertida y atractiva.\" \/>\n<meta property=\"og:url\" content=\"https:\/\/www.distribucionarc.com\/el\/producto\/maquina-de-algodon-de-azucar-electrica-con-carro\/\" \/>\n<meta property=\"og:site_name\" content=\"distribuci\u00f3n ARC\" \/>\n<meta property=\"article:modified_time\" content=\"2024-09-08T15:27:42+00:00\" \/>\n<meta property=\"og:image\" content=\"https:\/\/www.distribucionarc.com\/wp-content\/uploads\/2020\/07\/Maquina-de-algodon-de-azucar-electrica-con-carro-imagen-producto.jpg\" \/>\n\t<meta property=\"og:image:width\" content=\"1600\" \/>\n\t<meta property=\"og:image:height\" content=\"1600\" \/>\n\t<meta property=\"og:image:type\" content=\"image\/jpeg\" \/>\n<meta name=\"twitter:card\" content=\"summary_large_image\" \/>\n<meta name=\"twitter:label1\" content=\"Dur\u00e9e de lecture estim\u00e9e\" \/>\n\t<meta name=\"twitter:data1\" content=\"2 minutes\" \/>\n<script type=\"application\/ld+json\" class=\"yoast-schema-graph\">{\"@context\":\"https:\/\/schema.org\",\"@graph\":[{\"@type\":\"WebPage\",\"@id\":\"https:\/\/www.distribucionarc.com\/el\/producto\/maquina-de-algodon-de-azucar-electrica-con-carro\/\",\"url\":\"https:\/\/www.distribucionarc.com\/el\/producto\/maquina-de-algodon-de-azucar-electrica-con-carro\/\",\"name\":\"M\u00e1quina de algod\u00f3n de az\u00facar el\u00e9ctrica con carro - distribuci\u00f3n ARC\",\"isPartOf\":{\"@id\":\"https:\/\/www.distribucionarc.com\/sl\/#website\"},\"primaryImageOfPage\":{\"@id\":\"https:\/\/www.distribucionarc.com\/el\/producto\/maquina-de-algodon-de-azucar-electrica-con-carro\/#primaryimage\"},\"image\":{\"@id\":\"https:\/\/www.distribucionarc.com\/el\/producto\/maquina-de-algodon-de-azucar-electrica-con-carro\/#primaryimage\"},\"thumbnailUrl\":\"https:\/\/distribucionarc.com\/wp-content\/uploads\/2020\/07\/Maquina-de-algodon-de-azucar-electrica-con-carro-imagen-producto.jpg\",\"datePublished\":\"2020-07-17T12:52:03+00:00\",\"dateModified\":\"2024-09-08T15:27:42+00:00\",\"breadcrumb\":{\"@id\":\"https:\/\/www.distribucionarc.com\/el\/producto\/maquina-de-algodon-de-azucar-electrica-con-carro\/#breadcrumb\"},\"inLanguage\":\"fr-FR\",\"potentialAction\":[{\"@type\":\"ReadAction\",\"target\":[\"https:\/\/www.distribucionarc.com\/el\/producto\/maquina-de-algodon-de-azucar-electrica-con-carro\/\"]}]},{\"@type\":\"ImageObject\",\"inLanguage\":\"fr-FR\",\"@id\":\"https:\/\/www.distribucionarc.com\/el\/producto\/maquina-de-algodon-de-azucar-electrica-con-carro\/#primaryimage\",\"url\":\"https:\/\/distribucionarc.com\/wp-content\/uploads\/2020\/07\/Maquina-de-algodon-de-azucar-electrica-con-carro-imagen-producto.jpg\",\"contentUrl\":\"https:\/\/distribucionarc.com\/wp-content\/uploads\/2020\/07\/Maquina-de-algodon-de-azucar-electrica-con-carro-imagen-producto.jpg\",\"width\":1600,\"height\":1600},{\"@type\":\"BreadcrumbList\",\"@id\":\"https:\/\/www.distribucionarc.com\/el\/producto\/maquina-de-algodon-de-azucar-electrica-con-carro\/#breadcrumb\",\"itemListElement\":[{\"@type\":\"ListItem\",\"position\":1,\"name\":\"Portada\",\"item\":\"https:\/\/www.distribucionarc.com\/\"},{\"@type\":\"ListItem\",\"position\":2,\"name\":\"\u00dcr\u00fcnler\",\"item\":\"https:\/\/www.distribucionarc.com\/tr\/magaza\/\"},{\"@type\":\"ListItem\",\"position\":3,\"name\":\"M\u00e1quina de algod\u00f3n de az\u00facar el\u00e9ctrica con carro\"}]},{\"@type\":\"WebSite\",\"@id\":\"https:\/\/www.distribucionarc.com\/sl\/#website\",\"url\":\"https:\/\/www.distribucionarc.com\/sl\/\",\"name\":\"distribuci\u00f3n ARC\",\"description\":\"Empresa especializada en la fabricaci\u00f3n y distribuci\u00f3n de maquinaria industrial, selladoras de latas, Maquinas de hacer pastillas, Maquinas de cortar carne...\",\"publisher\":{\"@id\":\"https:\/\/www.distribucionarc.com\/sl\/#organization\"},\"potentialAction\":[{\"@type\":\"SearchAction\",\"target\":{\"@type\":\"EntryPoint\",\"urlTemplate\":\"https:\/\/www.distribucionarc.com\/sl\/?s={search_term_string}\"},\"query-input\":{\"@type\":\"PropertyValueSpecification\",\"valueRequired\":true,\"valueName\":\"search_term_string\"}}],\"inLanguage\":\"fr-FR\"},{\"@type\":\"Organization\",\"@id\":\"https:\/\/www.distribucionarc.com\/sl\/#organization\",\"name\":\"Distribuci\u00f3n ARC\",\"url\":\"https:\/\/www.distribucionarc.com\/sl\/\",\"logo\":{\"@type\":\"ImageObject\",\"inLanguage\":\"fr-FR\",\"@id\":\"https:\/\/www.distribucionarc.com\/sl\/#\/schema\/logo\/image\/\",\"url\":\"https:\/\/distribucionarc.com\/wp-content\/uploads\/2024\/10\/distribucion-ARC-COLOR-SIN-FONDO-e1732295305345.png\",\"contentUrl\":\"https:\/\/distribucionarc.com\/wp-content\/uploads\/2024\/10\/distribucion-ARC-COLOR-SIN-FONDO-e1732295305345.png\",\"width\":1164,\"height\":558,\"caption\":\"Distribuci\u00f3n ARC\"},\"image\":{\"@id\":\"https:\/\/www.distribucionarc.com\/sl\/#\/schema\/logo\/image\/\"},\"description\":\"Empresa especializada en la fabricaci\u00f3n y distribuci\u00f3n de maquinaria industrial para los sectores alimentario y farmac\u00e9utico. Nos especializamos en: M\u00e1quinas de cortar carne Fabricaci\u00f3n de comprimidos Sistemas de transporte industrial L\u00edneas de embotellado Dosificadores Y mucho m\u00e1s... Ofrecemos soluciones innovadoras y personalizadas para optimizar los procesos productivos de tu empresa.\",\"email\":\"Admistracion@distribucionarc.com\",\"telephone\":\"+34 643496664\",\"legalName\":\"ARC TECH SOLUTIONS\",\"foundingDate\":\"2024-04-09\",\"vatID\":\"B55480172\",\"numberOfEmployees\":{\"@type\":\"QuantitativeValue\",\"minValue\":\"1\",\"maxValue\":\"10\"}}]}<\/script>\n<!-- \/ Yoast SEO Premium plugin. -->","yoast_head_json":{"title":"Machine \u00e0 barbe \u00e0 papa \u00e9lectrique avec chariot - ARC distribution","robots":{"index":"index","follow":"follow","max-snippet":"max-snippet:-1","max-image-preview":"max-image-preview:large","max-video-preview":"max-video-preview:-1"},"canonical":"https:\/\/www.distribucionarc.com\/el\/producto\/maquina-de-algodon-de-azucar-electrica-con-carro\/","og_locale":"fr_FR","og_type":"article","og_title":"M\u00e1quina de algod\u00f3n de az\u00facar el\u00e9ctrica con carro","og_description":"M\u00e1quina de algod\u00f3n de az\u00facar con carro \u2013 Uso profesional Esta m\u00e1quina de algod\u00f3n de az\u00facar profesional con carro es la herramienta perfecta para crear algod\u00f3n de az\u00facar en cualquier evento o negocio. Gracias a su dise\u00f1o con ruedas, esta m\u00e1quina es f\u00e1cil de mover y permite realizar presentaciones en m\u00faltiples lugares, lo que la hace ideal tanto para eventos m\u00f3viles como para uso en ferias o locales comerciales. Su estructura s\u00f3lida de acero inoxidable y su potente rendimiento garantizan una producci\u00f3n r\u00e1pida y eficiente de algod\u00f3n de az\u00facar. Caracter\u00edsticas principales:   Carro con ruedas: Facilita el transporte y la movilidad, ideal para eventos y ferias. El dise\u00f1o con ruedas grandes permite mover la m\u00e1quina sin esfuerzo por diferentes superficies.  Uso profesional: Esta m\u00e1quina est\u00e1 dise\u00f1ada para una alta capacidad de producci\u00f3n, perfecta para negocios con gran afluencia de clientes, como ferias, festivales y parques de atracciones.  Alta potencia: El motor ofrece un rendimiento r\u00e1pido y constante, permitiendo crear grandes cantidades de algod\u00f3n de az\u00facar en poco tiempo.  Material resistente: La estructura est\u00e1 fabricada en acero inoxidable, lo que garantiza durabilidad y resistencia a la corrosi\u00f3n, adem\u00e1s de ser f\u00e1cil de limpiar y mantener.  F\u00e1cil de usar: El panel de control intuitivo permite ajustar la temperatura y otras configuraciones para personalizar la producci\u00f3n de algod\u00f3n de az\u00facar seg\u00fan las preferencias del cliente.  Ejemplos de uso:   Ferias y parques de atracciones: Perfecta para servir grandes cantidades de algod\u00f3n de az\u00facar r\u00e1pidamente a los asistentes.  Eventos al aire libre: F\u00e1cil de transportar a eventos como bodas, fiestas infantiles y festivales.  Kioskos y puestos m\u00f3viles: Ideal para instalar en puntos de venta m\u00f3viles o kioskos en centros comerciales.  Cafeter\u00edas tem\u00e1ticas: Excelente opci\u00f3n para ofrecer algod\u00f3n de az\u00facar como postre o acompa\u00f1amiento en men\u00fas creativos.  Fiestas y eventos corporativos: Proporciona un toque divertido y visualmente atractivo, perfecto para eventos sociales o empresariales.  Con su capacidad de crear deliciosas nubes de algod\u00f3n de az\u00facar de manera r\u00e1pida y eficiente, esta m\u00e1quina profesional de algod\u00f3n de az\u00facar con carro es ideal para cualquier negocio que quiera ofrecer este dulce cl\u00e1sico con una presentaci\u00f3n divertida y atractiva.","og_url":"https:\/\/www.distribucionarc.com\/el\/producto\/maquina-de-algodon-de-azucar-electrica-con-carro\/","og_site_name":"distribuci\u00f3n ARC","article_modified_time":"2024-09-08T15:27:42+00:00","og_image":[{"width":1600,"height":1600,"url":"https:\/\/www.distribucionarc.com\/wp-content\/uploads\/2020\/07\/Maquina-de-algodon-de-azucar-electrica-con-carro-imagen-producto.jpg","type":"image\/jpeg"}],"twitter_card":"summary_large_image","twitter_misc":{"Dur\u00e9e de lecture estim\u00e9e":"2 minutes"},"schema":{"@context":"https:\/\/schema.org","@graph":[{"@type":"WebPage","@id":"https:\/\/www.distribucionarc.com\/el\/producto\/maquina-de-algodon-de-azucar-electrica-con-carro\/","url":"https:\/\/www.distribucionarc.com\/el\/producto\/maquina-de-algodon-de-azucar-electrica-con-carro\/","name":"Machine \u00e0 barbe \u00e0 papa \u00e9lectrique avec chariot - ARC distribution","isPartOf":{"@id":"https:\/\/www.distribucionarc.com\/sl\/#website"},"primaryImageOfPage":{"@id":"https:\/\/www.distribucionarc.com\/el\/producto\/maquina-de-algodon-de-azucar-electrica-con-carro\/#primaryimage"},"image":{"@id":"https:\/\/www.distribucionarc.com\/el\/producto\/maquina-de-algodon-de-azucar-electrica-con-carro\/#primaryimage"},"thumbnailUrl":"https:\/\/distribucionarc.com\/wp-content\/uploads\/2020\/07\/Maquina-de-algodon-de-azucar-electrica-con-carro-imagen-producto.jpg","datePublished":"2020-07-17T12:52:03+00:00","dateModified":"2024-09-08T15:27:42+00:00","breadcrumb":{"@id":"https:\/\/www.distribucionarc.com\/el\/producto\/maquina-de-algodon-de-azucar-electrica-con-carro\/#breadcrumb"},"inLanguage":"fr-FR","potentialAction":[{"@type":"ReadAction","target":["https:\/\/www.distribucionarc.com\/el\/producto\/maquina-de-algodon-de-azucar-electrica-con-carro\/"]}]},{"@type":"ImageObject","inLanguage":"fr-FR","@id":"https:\/\/www.distribucionarc.com\/el\/producto\/maquina-de-algodon-de-azucar-electrica-con-carro\/#primaryimage","url":"https:\/\/distribucionarc.com\/wp-content\/uploads\/2020\/07\/Maquina-de-algodon-de-azucar-electrica-con-carro-imagen-producto.jpg","contentUrl":"https:\/\/distribucionarc.com\/wp-content\/uploads\/2020\/07\/Maquina-de-algodon-de-azucar-electrica-con-carro-imagen-producto.jpg","width":1600,"height":1600},{"@type":"BreadcrumbList","@id":"https:\/\/www.distribucionarc.com\/el\/producto\/maquina-de-algodon-de-azucar-electrica-con-carro\/#breadcrumb","itemListElement":[{"@type":"ListItem","position":1,"name":"Portada","item":"https:\/\/www.distribucionarc.com\/"},{"@type":"ListItem","position":2,"name":"\u00dcr\u00fcnler","item":"https:\/\/www.distribucionarc.com\/tr\/magaza\/"},{"@type":"ListItem","position":3,"name":"M\u00e1quina de algod\u00f3n de az\u00facar el\u00e9ctrica con carro"}]},{"@type":"WebSite","@id":"https:\/\/www.distribucionarc.com\/sl\/#website","url":"https:\/\/www.distribucionarc.com\/sl\/","name":"R\u00e9partition de l&#039;ARC","description":"Entreprise sp\u00e9cialis\u00e9e dans la fabrication et la distribution de machines industrielles, scelleuses de bo\u00eetes, machines \u00e0 comprim\u00e9s, machines \u00e0 d\u00e9couper la viande...","publisher":{"@id":"https:\/\/www.distribucionarc.com\/sl\/#organization"},"potentialAction":[{"@type":"SearchAction","target":{"@type":"EntryPoint","urlTemplate":"https:\/\/www.distribucionarc.com\/sl\/?s={search_term_string}"},"query-input":{"@type":"PropertyValueSpecification","valueRequired":true,"valueName":"search_term_string"}}],"inLanguage":"fr-FR"},{"@type":"Organization","@id":"https:\/\/www.distribucionarc.com\/sl\/#organization","name":"Distribution ARC","url":"https:\/\/www.distribucionarc.com\/sl\/","logo":{"@type":"ImageObject","inLanguage":"fr-FR","@id":"https:\/\/www.distribucionarc.com\/sl\/#\/schema\/logo\/image\/","url":"https:\/\/distribucionarc.com\/wp-content\/uploads\/2024\/10\/distribucion-ARC-COLOR-SIN-FONDO-e1732295305345.png","contentUrl":"https:\/\/distribucionarc.com\/wp-content\/uploads\/2024\/10\/distribucion-ARC-COLOR-SIN-FONDO-e1732295305345.png","width":1164,"height":558,"caption":"Distribuci\u00f3n ARC"},"image":{"@id":"https:\/\/www.distribucionarc.com\/sl\/#\/schema\/logo\/image\/"},"description":"Entreprise sp\u00e9cialis\u00e9e dans la fabrication et la distribution de machines industrielles pour les secteurs alimentaire et pharmaceutique. Nous sommes sp\u00e9cialis\u00e9s dans : Machines \u00e0 couper la viande Fabrication de comprim\u00e9s Syst\u00e8mes de transport industriel Lignes d'embouteillage Machines de dosage Et bien plus encore... Nous proposons des solutions innovantes et personnalis\u00e9es pour optimiser les processus de production de votre entreprise.","email":"Admistracion@distribucionarc.com","telephone":"+34 643496664","legalName":"ARC TECH SOLUTIONS","foundingDate":"2024-04-09","vatID":"B55480172","numberOfEmployees":{"@type":"QuantitativeValue","minValue":"1","maxValue":"10"}}]}},"_links":{"self":[{"href":"https:\/\/distribucionarc.com\/fr\/wp-json\/wp\/v2\/product\/1170","targetHints":{"allow":["GET"]}}],"collection":[{"href":"https:\/\/distribucionarc.com\/fr\/wp-json\/wp\/v2\/product"}],"about":[{"href":"https:\/\/distribucionarc.com\/fr\/wp-json\/wp\/v2\/types\/product"}],"replies":[{"embeddable":true,"href":"https:\/\/distribucionarc.com\/fr\/wp-json\/wp\/v2\/comments?post=1170"}],"version-history":[{"count":0,"href":"https:\/\/distribucionarc.com\/fr\/wp-json\/wp\/v2\/product\/1170\/revisions"}],"wp:featuredmedia":[{"embeddable":true,"href":"https:\/\/distribucionarc.com\/fr\/wp-json\/wp\/v2\/media\/6033"}],"wp:attachment":[{"href":"https:\/\/distribucionarc.com\/fr\/wp-json\/wp\/v2\/media?parent=1170"}],"wp:term":[{"taxonomy":"product_brand","embeddable":true,"href":"https:\/\/distribucionarc.com\/fr\/wp-json\/wp\/v2\/product_brand?post=1170"},{"taxonomy":"product_cat","embeddable":true,"href":"https:\/\/distribucionarc.com\/fr\/wp-json\/wp\/v2\/product_cat?post=1170"},{"taxonomy":"product_tag","embeddable":true,"href":"https:\/\/distribucionarc.com\/fr\/wp-json\/wp\/v2\/product_tag?post=1170"}],"curies":[{"name":"wp","href":"https:\/\/api.w.org\/{rel}","templated":true}]}}