{"id":1263,"date":"2020-07-20T13:17:24","date_gmt":"2020-07-20T13:17:24","guid":{"rendered":"https:\/\/distribucionarc.com\/?post_type=product&#038;p=1263"},"modified":"2024-09-08T22:32:59","modified_gmt":"2024-09-08T22:32:59","slug":"machine-a-faire-de-la-glace-soft-12l","status":"publish","type":"product","link":"https:\/\/distribucionarc.com\/fr\/producto\/maquina-para-hacer-helados-suaves-12l\/","title":{"rendered":"Sorbeti\u00e8re cr\u00e9meuse 12L"},"content":{"rendered":"<h3>Sorbeti\u00e8re cr\u00e9meuse 12L<\/h3>\n<p><strong>La machine \u00e0 glace<\/strong> de <strong><span style=\"color: #ff0000;\">\u00c0<\/span><span style=\"color: #0000ff;\">R.<\/span>c<\/strong> Il est largement appliqu\u00e9 dans les restaurants, caf\u00e9s, glaciers, repos. restauration rapide. Sans \u00e9tapes compliqu\u00e9es, vous pouvez <strong>pr\u00e9parer rapidement de la glace<\/strong>, <strong>yaourt<\/strong> soit <strong>sorbet<\/strong><\/p>\n<p>Le <strong><span style=\"color: #ff0000;\">\u00c0<\/span><span style=\"color: #0000ff;\">R.<\/span>CMH02<\/strong> Il est \u00e9quip\u00e9 de deux compresseurs GMCC, de deux tr\u00e9mies en acier inoxydable de 6 L, d&#039;un radiateur haute \u00e9nergie et de r\u00e9frig\u00e9rant R410a, avec fonction de pr\u00e9-refroidissement et production allant de 20 L\/H \u00e0 28 L\/H.<\/p>\n<p>Le <strong>machine \u00e0 glace<\/strong> Il dispose de deux conteneurs int\u00e9gr\u00e9s en acier inoxydable, ce <strong>machine \u00e0 glace<\/strong> de <strong><span style=\"color: #ff0000;\">\u00c0<\/span><span style=\"color: #0000ff;\">R.<\/span>c<\/strong> Il peut \u00eatre utilis\u00e9 pour cr\u00e9er trois saveurs de cr\u00e8me glac\u00e9e, dont deux saveurs nature et une saveur m\u00e9lang\u00e9e, pour une vari\u00e9t\u00e9 de go\u00fbts.<\/p>\n<p>L&#039;heure, la temp\u00e9rature, la duret\u00e9 et la quantit\u00e9 de cr\u00e8me glac\u00e9e peuvent \u00eatre affich\u00e9es sur l&#039;\u00e9cran tactile LCD pour une observation constante. Vous pouvez librement moduler selon les go\u00fbts. De plus, le nettoyage \u00e0 un seul bouton permet un nettoyage rapide et automatique de la machine \u00e0 glace.<\/p>\n<p>Les ingr\u00e9dients du <strong>machine \u00e0 glace<\/strong> Ils peuvent \u00eatre pr\u00e9-refroidis afin que la glace puisse \u00eatre <strong>pr\u00e9parez-vous rapidement<\/strong> apr\u00e8s avoir d\u00e9marr\u00e9 la machine. La fonction de stockage de nuit r\u00e9duit la fr\u00e9quence de nettoyage et \u00e9conomise les ingr\u00e9dients.<\/p>\n<p>Le support de c\u00f4ne am\u00e9lior\u00e9 est plac\u00e9 \u00e0 l&#039;ext\u00e9rieur du<strong> machine \u00e0 glace<\/strong>, afin que les cornets de glace ne se mouillent pas facilement et que la saveur des cornets puisse \u00eatre conserv\u00e9e.<\/p>\n<h6><\/h6>\n<h6><strong>Garantie\u00a0<span style=\"color: #ff0000;\">\u00c0<\/span><span style=\"color: #0000ff;\">R.<\/span>C 2 ANS<\/strong><\/h6>\n<h6><span style=\"color: #008000;\">Machine \u00e0 glace efficace, basse consommation 2000w<\/span><\/h6>\n<h6><strong>support technique inclus<\/strong><\/h6>\n<p>&nbsp;<\/p>\n<table>\n<thead>\n<tr>\n<th><strong>Caract\u00e9ristiques<\/strong><\/th>\n<th><strong>Description<\/strong><\/th>\n<\/tr>\n<\/thead>\n<tbody>\n<tr>\n<td><strong>Num\u00e9ro du fabricant<\/strong><\/td>\n<td>ARCMH02<\/td>\n<\/tr>\n<tr>\n<td><strong>Pays avec support technique<\/strong><\/td>\n<td><a href=\"https:\/\/distribucionarc.com\/fr\/service-technique\/\" target=\"_new\" rel=\"noopener\">Consultez le support technique ici<\/a><\/td>\n<\/tr>\n<tr>\n<td><strong>Poids<\/strong><\/td>\n<td>132 kilogrammes (kg)<\/td>\n<\/tr>\n<tr>\n<td><strong>Dimensions des machines<\/strong><\/td>\n<td><strong>Hauteur<\/strong>: 149cm, <strong>Long<\/strong>: 63 cm, <strong>Large<\/strong>: 61cm<\/td>\n<\/tr>\n<tr>\n<td><strong>Couleur<\/strong><\/td>\n<td>Argent<\/td>\n<\/tr>\n<tr>\n<td><strong>Pouvoir<\/strong><\/td>\n<td>2000 watts (W)<\/td>\n<\/tr>\n<tr>\n<td><strong>tension d&#039;entr\u00e9e<\/strong><\/td>\n<td>220 V \u2013 60 Hz<\/td>\n<\/tr>\n<tr>\n<td><strong>Capacit\u00e9 de production<\/strong><\/td>\n<td>20 \u00e0 28 litres (L) par heure<\/td>\n<\/tr>\n<tr>\n<td><strong>R\u00e9frig\u00e9rant<\/strong><\/td>\n<td>R410a<\/td>\n<\/tr>\n<tr>\n<td><strong>Taille du d\u00e9p\u00f4t<\/strong><\/td>\n<td>6 litres (L) par unit\u00e9<\/td>\n<\/tr>\n<tr>\n<td><strong>Mat\u00e9riel<\/strong><\/td>\n<td>Panneau LCD tactile intelligent en acier inoxydable<\/td>\n<\/tr>\n<tr>\n<td><strong>Outils d&#039;installation<\/strong><\/td>\n<td>Compris<\/td>\n<\/tr>\n<tr>\n<td><strong>Garantie<\/strong><\/td>\n<td>2 ans<\/td>\n<\/tr>\n<\/tbody>\n<\/table>","protected":false},"excerpt":{"rendered":"<h2>Machine de fabrication de glaces molles et cr\u00e9meuses ARC \u2013 Haute capacit\u00e9 et performances pour glaciers et restaurants<\/h2>\n<p>Le <strong>Machine professionnelle de fabrication de cr\u00e8me glac\u00e9e molle et cr\u00e9meuse ARC<\/strong> C\u2019est l\u2019option id\u00e9ale pour les entreprises qui ont besoin de produire de la glace molle rapidement et efficacement. Sa capacit\u00e9 \u00e0 <strong>20 \u00e0 28 litres par heure<\/strong> assure un flux constant de glaces de haute qualit\u00e9, parfaites pour satisfaire les clients <strong>glaciers<\/strong>, <strong>restaurants<\/strong> et <strong>franchise<\/strong>.<\/p>\n<p>Le syst\u00e8me de refroidissement utilise <strong>R410a<\/strong>, un r\u00e9frig\u00e9rant \u00e0 haute efficacit\u00e9, qui garantit que la glace conserve son onctuosit\u00e9 et son onctuosit\u00e9 id\u00e9ales. Par ailleurs, le <strong>panneau LCD tactile intelligent<\/strong> Il permet de r\u00e9gler facilement la temp\u00e9rature et la consistance de la glace, rendant l&#039;op\u00e9ration simple et pr\u00e9cise.<\/p>\n<h3>Produits pouvant \u00eatre fabriqu\u00e9s :<\/h3>\n<ul>\n<li><strong>Glace douce et cr\u00e9meuse<\/strong>: Avec une texture id\u00e9ale et toujours \u00e0 la temp\u00e9rature id\u00e9ale.<\/li>\n<li><strong>Glaces aux combinaisons de saveurs<\/strong>: Cette machine vous permet de servir jusqu&#039;\u00e0 trois parfums diff\u00e9rents de glace.<\/li>\n<li><strong>Glaces mixtes<\/strong>: Permet de m\u00e9langer plusieurs saveurs en une seule portion, ce qui est parfait pour diversifier votre offre.<\/li>\n<\/ul>\n<h3>Secteurs o\u00f9 il peut \u00eatre mis en \u0153uvre :<\/h3>\n<ul>\n<li><strong>Glaciers<\/strong>: Pour la production rapide de glaces molles aux saveurs diff\u00e9rentes.<\/li>\n<li><strong>Restaurants et franchises<\/strong>: Id\u00e9al pour proposer \u00e0 la carte des desserts glac\u00e9s personnalis\u00e9s.<\/li>\n<li><strong>Caf\u00e9s et bars<\/strong>: Excellent pour servir de la glace fra\u00eeche aux clients.<\/li>\n<li><strong>Restauration et \u00e9v\u00e9nements<\/strong>: Parfait pour servir un grand nombre de personnes lors d\u2019\u00e9v\u00e9nements.<\/li>\n<\/ul>","protected":false},"featured_media":6051,"comment_status":"open","ping_status":"closed","template":"","meta":{"wds_primary_product_brand":0,"wds_primary_product_cat":0},"product_brand":[],"product_cat":[56,58],"product_tag":[],"class_list":{"0":"post-1263","1":"product","2":"type-product","3":"status-publish","4":"has-post-thumbnail","6":"product_cat-maquinaria-para-ferias","7":"product_cat-maquinaria-para-heladerias-profesionales","8":"product_shipping_class-hosteleria","10":"first","11":"instock","12":"sale","13":"taxable","14":"shipping-taxable","15":"purchasable","16":"product-type-simple"},"yoast_head":"<!-- This site is optimized with the Yoast SEO Premium plugin v24.9 (Yoast SEO v26.1) - https:\/\/yoast.com\/wordpress\/plugins\/seo\/ -->\n<title>Maquina para hacer helados cremosos 12L - distribuci\u00f3n ARC<\/title>\n<meta name=\"robots\" content=\"index, follow, max-snippet:-1, max-image-preview:large, max-video-preview:-1\" \/>\n<link rel=\"canonical\" href=\"https:\/\/www.distribucionarc.com\/hr\/producto\/maquina-para-hacer-helados-suaves-12l\/\" \/>\n<meta property=\"og:locale\" content=\"fr_FR\" \/>\n<meta property=\"og:type\" content=\"article\" \/>\n<meta property=\"og:title\" content=\"Maquina para hacer helados cremosos 12L\" \/>\n<meta property=\"og:description\" content=\"M\u00e1quina para hacer helados blandos y cremosos ARC \u2013 Alta capacidad y rendimiento para helader\u00edas y restaurantes La m\u00e1quina para hacer helados blandos y cremosos profesional ARC es la opci\u00f3n ideal para negocios que necesitan producir helados suaves de manera r\u00e1pida y eficiente. Su capacidad de 20 a 28 litros por hora garantiza un flujo constante de helado de alta calidad, perfecto para satisfacer a los clientes en helader\u00edas, restaurantes y franquicias.  El sistema de refrigeraci\u00f3n utiliza R410a, un refrigerante de alta eficiencia, lo que asegura que el helado mantenga su cremosidad y suavidad ideal. Adem\u00e1s, el panel LCD t\u00e1ctil inteligente te permite ajustar de manera f\u00e1cil la temperatura y la consistencia del helado, lo que hace que la operaci\u00f3n sea sencilla y precisa. Productos que se pueden hacer:   Helado suave y cremoso: Con una textura ideal y siempre a la temperatura perfecta.  Helados con combinaciones de sabores: Esta m\u00e1quina permite servir hasta tres sabores diferentes de helado.  Helados mixtos: Permite mezclar varios sabores en una sola porci\u00f3n, lo que es perfecto para diversificar tu oferta.  Sectores donde se puede implementar:   Helader\u00edas: Para la producci\u00f3n r\u00e1pida de helados suaves con diferentes sabores.  Restaurantes y franquicias: Ideal para ofrecer postres helados personalizados en el men\u00fa.  Cafeter\u00edas y bares: Excelente para servir helados frescos a los clientes.  Catering y eventos: Perfecta para atender grandes vol\u00famenes de personas en eventos.\" \/>\n<meta property=\"og:url\" content=\"https:\/\/www.distribucionarc.com\/hr\/producto\/maquina-para-hacer-helados-suaves-12l\/\" \/>\n<meta property=\"og:site_name\" content=\"distribuci\u00f3n ARC\" \/>\n<meta property=\"article:modified_time\" content=\"2024-09-08T22:32:59+00:00\" \/>\n<meta property=\"og:image\" content=\"https:\/\/www.distribucionarc.com\/wp-content\/uploads\/2020\/07\/Maquina-para-hacer-helados-cremosos-12L-imagen-producto.jpg\" \/>\n\t<meta property=\"og:image:width\" content=\"1600\" \/>\n\t<meta property=\"og:image:height\" content=\"1600\" \/>\n\t<meta property=\"og:image:type\" content=\"image\/jpeg\" \/>\n<meta name=\"twitter:card\" content=\"summary_large_image\" \/>\n<meta name=\"twitter:label1\" content=\"Dur\u00e9e de lecture estim\u00e9e\" \/>\n\t<meta name=\"twitter:data1\" content=\"2 minutes\" \/>\n<script type=\"application\/ld+json\" class=\"yoast-schema-graph\">{\"@context\":\"https:\/\/schema.org\",\"@graph\":[{\"@type\":\"WebPage\",\"@id\":\"https:\/\/www.distribucionarc.com\/hr\/producto\/maquina-para-hacer-helados-suaves-12l\/\",\"url\":\"https:\/\/www.distribucionarc.com\/hr\/producto\/maquina-para-hacer-helados-suaves-12l\/\",\"name\":\"Maquina para hacer helados cremosos 12L - distribuci\u00f3n ARC\",\"isPartOf\":{\"@id\":\"https:\/\/www.distribucionarc.com\/sl\/#website\"},\"primaryImageOfPage\":{\"@id\":\"https:\/\/www.distribucionarc.com\/hr\/producto\/maquina-para-hacer-helados-suaves-12l\/#primaryimage\"},\"image\":{\"@id\":\"https:\/\/www.distribucionarc.com\/hr\/producto\/maquina-para-hacer-helados-suaves-12l\/#primaryimage\"},\"thumbnailUrl\":\"https:\/\/distribucionarc.com\/wp-content\/uploads\/2020\/07\/Maquina-para-hacer-helados-cremosos-12L-imagen-producto.jpg\",\"datePublished\":\"2020-07-20T13:17:24+00:00\",\"dateModified\":\"2024-09-08T22:32:59+00:00\",\"breadcrumb\":{\"@id\":\"https:\/\/www.distribucionarc.com\/hr\/producto\/maquina-para-hacer-helados-suaves-12l\/#breadcrumb\"},\"inLanguage\":\"fr-FR\",\"potentialAction\":[{\"@type\":\"ReadAction\",\"target\":[\"https:\/\/www.distribucionarc.com\/hr\/producto\/maquina-para-hacer-helados-suaves-12l\/\"]}]},{\"@type\":\"ImageObject\",\"inLanguage\":\"fr-FR\",\"@id\":\"https:\/\/www.distribucionarc.com\/hr\/producto\/maquina-para-hacer-helados-suaves-12l\/#primaryimage\",\"url\":\"https:\/\/distribucionarc.com\/wp-content\/uploads\/2020\/07\/Maquina-para-hacer-helados-cremosos-12L-imagen-producto.jpg\",\"contentUrl\":\"https:\/\/distribucionarc.com\/wp-content\/uploads\/2020\/07\/Maquina-para-hacer-helados-cremosos-12L-imagen-producto.jpg\",\"width\":1600,\"height\":1600},{\"@type\":\"BreadcrumbList\",\"@id\":\"https:\/\/www.distribucionarc.com\/hr\/producto\/maquina-para-hacer-helados-suaves-12l\/#breadcrumb\",\"itemListElement\":[{\"@type\":\"ListItem\",\"position\":1,\"name\":\"Portada\",\"item\":\"https:\/\/www.distribucionarc.com\/\"},{\"@type\":\"ListItem\",\"position\":2,\"name\":\"\u00dcr\u00fcnler\",\"item\":\"https:\/\/www.distribucionarc.com\/tr\/magaza\/\"},{\"@type\":\"ListItem\",\"position\":3,\"name\":\"Maquina para hacer helados cremosos 12L\"}]},{\"@type\":\"WebSite\",\"@id\":\"https:\/\/www.distribucionarc.com\/sl\/#website\",\"url\":\"https:\/\/www.distribucionarc.com\/sl\/\",\"name\":\"distribuci\u00f3n ARC\",\"description\":\"Empresa especializada en la fabricaci\u00f3n y distribuci\u00f3n de maquinaria industrial, selladoras de latas, Maquinas de hacer pastillas, Maquinas de cortar carne...\",\"publisher\":{\"@id\":\"https:\/\/www.distribucionarc.com\/sl\/#organization\"},\"potentialAction\":[{\"@type\":\"SearchAction\",\"target\":{\"@type\":\"EntryPoint\",\"urlTemplate\":\"https:\/\/www.distribucionarc.com\/sl\/?s={search_term_string}\"},\"query-input\":{\"@type\":\"PropertyValueSpecification\",\"valueRequired\":true,\"valueName\":\"search_term_string\"}}],\"inLanguage\":\"fr-FR\"},{\"@type\":\"Organization\",\"@id\":\"https:\/\/www.distribucionarc.com\/sl\/#organization\",\"name\":\"Distribuci\u00f3n ARC\",\"url\":\"https:\/\/www.distribucionarc.com\/sl\/\",\"logo\":{\"@type\":\"ImageObject\",\"inLanguage\":\"fr-FR\",\"@id\":\"https:\/\/www.distribucionarc.com\/sl\/#\/schema\/logo\/image\/\",\"url\":\"https:\/\/distribucionarc.com\/wp-content\/uploads\/2024\/10\/distribucion-ARC-COLOR-SIN-FONDO-e1732295305345.png\",\"contentUrl\":\"https:\/\/distribucionarc.com\/wp-content\/uploads\/2024\/10\/distribucion-ARC-COLOR-SIN-FONDO-e1732295305345.png\",\"width\":1164,\"height\":558,\"caption\":\"Distribuci\u00f3n ARC\"},\"image\":{\"@id\":\"https:\/\/www.distribucionarc.com\/sl\/#\/schema\/logo\/image\/\"},\"description\":\"Empresa especializada en la fabricaci\u00f3n y distribuci\u00f3n de maquinaria industrial para los sectores alimentario y farmac\u00e9utico. Nos especializamos en: M\u00e1quinas de cortar carne Fabricaci\u00f3n de comprimidos Sistemas de transporte industrial L\u00edneas de embotellado Dosificadores Y mucho m\u00e1s... Ofrecemos soluciones innovadoras y personalizadas para optimizar los procesos productivos de tu empresa.\",\"email\":\"Admistracion@distribucionarc.com\",\"telephone\":\"+34 643496664\",\"legalName\":\"ARC TECH SOLUTIONS\",\"foundingDate\":\"2024-04-09\",\"vatID\":\"B55480172\",\"numberOfEmployees\":{\"@type\":\"QuantitativeValue\",\"minValue\":\"1\",\"maxValue\":\"10\"}}]}<\/script>\n<!-- \/ Yoast SEO Premium plugin. -->","yoast_head_json":{"title":"Machine \u00e0 glace cr\u00e9meuse 12L - ARC distribution","robots":{"index":"index","follow":"follow","max-snippet":"max-snippet:-1","max-image-preview":"max-image-preview:large","max-video-preview":"max-video-preview:-1"},"canonical":"https:\/\/www.distribucionarc.com\/hr\/producto\/maquina-para-hacer-helados-suaves-12l\/","og_locale":"fr_FR","og_type":"article","og_title":"Maquina para hacer helados cremosos 12L","og_description":"M\u00e1quina para hacer helados blandos y cremosos ARC \u2013 Alta capacidad y rendimiento para helader\u00edas y restaurantes La m\u00e1quina para hacer helados blandos y cremosos profesional ARC es la opci\u00f3n ideal para negocios que necesitan producir helados suaves de manera r\u00e1pida y eficiente. Su capacidad de 20 a 28 litros por hora garantiza un flujo constante de helado de alta calidad, perfecto para satisfacer a los clientes en helader\u00edas, restaurantes y franquicias.  El sistema de refrigeraci\u00f3n utiliza R410a, un refrigerante de alta eficiencia, lo que asegura que el helado mantenga su cremosidad y suavidad ideal. Adem\u00e1s, el panel LCD t\u00e1ctil inteligente te permite ajustar de manera f\u00e1cil la temperatura y la consistencia del helado, lo que hace que la operaci\u00f3n sea sencilla y precisa. Productos que se pueden hacer:   Helado suave y cremoso: Con una textura ideal y siempre a la temperatura perfecta.  Helados con combinaciones de sabores: Esta m\u00e1quina permite servir hasta tres sabores diferentes de helado.  Helados mixtos: Permite mezclar varios sabores en una sola porci\u00f3n, lo que es perfecto para diversificar tu oferta.  Sectores donde se puede implementar:   Helader\u00edas: Para la producci\u00f3n r\u00e1pida de helados suaves con diferentes sabores.  Restaurantes y franquicias: Ideal para ofrecer postres helados personalizados en el men\u00fa.  Cafeter\u00edas y bares: Excelente para servir helados frescos a los clientes.  Catering y eventos: Perfecta para atender grandes vol\u00famenes de personas en eventos.","og_url":"https:\/\/www.distribucionarc.com\/hr\/producto\/maquina-para-hacer-helados-suaves-12l\/","og_site_name":"distribuci\u00f3n ARC","article_modified_time":"2024-09-08T22:32:59+00:00","og_image":[{"width":1600,"height":1600,"url":"https:\/\/www.distribucionarc.com\/wp-content\/uploads\/2020\/07\/Maquina-para-hacer-helados-cremosos-12L-imagen-producto.jpg","type":"image\/jpeg"}],"twitter_card":"summary_large_image","twitter_misc":{"Dur\u00e9e de lecture estim\u00e9e":"2 minutes"},"schema":{"@context":"https:\/\/schema.org","@graph":[{"@type":"WebPage","@id":"https:\/\/www.distribucionarc.com\/hr\/producto\/maquina-para-hacer-helados-suaves-12l\/","url":"https:\/\/www.distribucionarc.com\/hr\/producto\/maquina-para-hacer-helados-suaves-12l\/","name":"Machine \u00e0 glace cr\u00e9meuse 12L - ARC distribution","isPartOf":{"@id":"https:\/\/www.distribucionarc.com\/sl\/#website"},"primaryImageOfPage":{"@id":"https:\/\/www.distribucionarc.com\/hr\/producto\/maquina-para-hacer-helados-suaves-12l\/#primaryimage"},"image":{"@id":"https:\/\/www.distribucionarc.com\/hr\/producto\/maquina-para-hacer-helados-suaves-12l\/#primaryimage"},"thumbnailUrl":"https:\/\/distribucionarc.com\/wp-content\/uploads\/2020\/07\/Maquina-para-hacer-helados-cremosos-12L-imagen-producto.jpg","datePublished":"2020-07-20T13:17:24+00:00","dateModified":"2024-09-08T22:32:59+00:00","breadcrumb":{"@id":"https:\/\/www.distribucionarc.com\/hr\/producto\/maquina-para-hacer-helados-suaves-12l\/#breadcrumb"},"inLanguage":"fr-FR","potentialAction":[{"@type":"ReadAction","target":["https:\/\/www.distribucionarc.com\/hr\/producto\/maquina-para-hacer-helados-suaves-12l\/"]}]},{"@type":"ImageObject","inLanguage":"fr-FR","@id":"https:\/\/www.distribucionarc.com\/hr\/producto\/maquina-para-hacer-helados-suaves-12l\/#primaryimage","url":"https:\/\/distribucionarc.com\/wp-content\/uploads\/2020\/07\/Maquina-para-hacer-helados-cremosos-12L-imagen-producto.jpg","contentUrl":"https:\/\/distribucionarc.com\/wp-content\/uploads\/2020\/07\/Maquina-para-hacer-helados-cremosos-12L-imagen-producto.jpg","width":1600,"height":1600},{"@type":"BreadcrumbList","@id":"https:\/\/www.distribucionarc.com\/hr\/producto\/maquina-para-hacer-helados-suaves-12l\/#breadcrumb","itemListElement":[{"@type":"ListItem","position":1,"name":"Portada","item":"https:\/\/www.distribucionarc.com\/"},{"@type":"ListItem","position":2,"name":"\u00dcr\u00fcnler","item":"https:\/\/www.distribucionarc.com\/tr\/magaza\/"},{"@type":"ListItem","position":3,"name":"Maquina para hacer helados cremosos 12L"}]},{"@type":"WebSite","@id":"https:\/\/www.distribucionarc.com\/sl\/#website","url":"https:\/\/www.distribucionarc.com\/sl\/","name":"R\u00e9partition de l&#039;ARC","description":"Entreprise sp\u00e9cialis\u00e9e dans la fabrication et la distribution de machines industrielles, scelleuses de bo\u00eetes, machines \u00e0 comprim\u00e9s, machines \u00e0 d\u00e9couper la viande...","publisher":{"@id":"https:\/\/www.distribucionarc.com\/sl\/#organization"},"potentialAction":[{"@type":"SearchAction","target":{"@type":"EntryPoint","urlTemplate":"https:\/\/www.distribucionarc.com\/sl\/?s={search_term_string}"},"query-input":{"@type":"PropertyValueSpecification","valueRequired":true,"valueName":"search_term_string"}}],"inLanguage":"fr-FR"},{"@type":"Organization","@id":"https:\/\/www.distribucionarc.com\/sl\/#organization","name":"Distribution ARC","url":"https:\/\/www.distribucionarc.com\/sl\/","logo":{"@type":"ImageObject","inLanguage":"fr-FR","@id":"https:\/\/www.distribucionarc.com\/sl\/#\/schema\/logo\/image\/","url":"https:\/\/distribucionarc.com\/wp-content\/uploads\/2024\/10\/distribucion-ARC-COLOR-SIN-FONDO-e1732295305345.png","contentUrl":"https:\/\/distribucionarc.com\/wp-content\/uploads\/2024\/10\/distribucion-ARC-COLOR-SIN-FONDO-e1732295305345.png","width":1164,"height":558,"caption":"Distribuci\u00f3n ARC"},"image":{"@id":"https:\/\/www.distribucionarc.com\/sl\/#\/schema\/logo\/image\/"},"description":"Entreprise sp\u00e9cialis\u00e9e dans la fabrication et la distribution de machines industrielles pour les secteurs alimentaire et pharmaceutique. Nous sommes sp\u00e9cialis\u00e9s dans : Machines \u00e0 couper la viande Fabrication de comprim\u00e9s Syst\u00e8mes de transport industriel Lignes d'embouteillage Machines de dosage Et bien plus encore... Nous proposons des solutions innovantes et personnalis\u00e9es pour optimiser les processus de production de votre entreprise.","email":"Admistracion@distribucionarc.com","telephone":"+34 643496664","legalName":"ARC TECH SOLUTIONS","foundingDate":"2024-04-09","vatID":"B55480172","numberOfEmployees":{"@type":"QuantitativeValue","minValue":"1","maxValue":"10"}}]}},"_links":{"self":[{"href":"https:\/\/distribucionarc.com\/fr\/wp-json\/wp\/v2\/product\/1263","targetHints":{"allow":["GET"]}}],"collection":[{"href":"https:\/\/distribucionarc.com\/fr\/wp-json\/wp\/v2\/product"}],"about":[{"href":"https:\/\/distribucionarc.com\/fr\/wp-json\/wp\/v2\/types\/product"}],"replies":[{"embeddable":true,"href":"https:\/\/distribucionarc.com\/fr\/wp-json\/wp\/v2\/comments?post=1263"}],"version-history":[{"count":0,"href":"https:\/\/distribucionarc.com\/fr\/wp-json\/wp\/v2\/product\/1263\/revisions"}],"wp:featuredmedia":[{"embeddable":true,"href":"https:\/\/distribucionarc.com\/fr\/wp-json\/wp\/v2\/media\/6051"}],"wp:attachment":[{"href":"https:\/\/distribucionarc.com\/fr\/wp-json\/wp\/v2\/media?parent=1263"}],"wp:term":[{"taxonomy":"product_brand","embeddable":true,"href":"https:\/\/distribucionarc.com\/fr\/wp-json\/wp\/v2\/product_brand?post=1263"},{"taxonomy":"product_cat","embeddable":true,"href":"https:\/\/distribucionarc.com\/fr\/wp-json\/wp\/v2\/product_cat?post=1263"},{"taxonomy":"product_tag","embeddable":true,"href":"https:\/\/distribucionarc.com\/fr\/wp-json\/wp\/v2\/product_tag?post=1263"}],"curies":[{"name":"wp","href":"https:\/\/api.w.org\/{rel}","templated":true}]}}