{"id":1321,"date":"2020-07-23T09:34:42","date_gmt":"2020-07-23T09:34:42","guid":{"rendered":"https:\/\/distribucionarc.com\/?post_type=product&#038;p=1321"},"modified":"2020-09-25T10:55:48","modified_gmt":"2020-09-25T10:55:48","slug":"extracteur-de-miel-manuel-3m","status":"publish","type":"product","link":"https:\/\/distribucionarc.com\/fr\/producto\/extractor-de-miel-manual-3m\/","title":{"rendered":"Extracteur de miel manuel 3M"},"content":{"rendered":"<h3><strong>Extracteur de miel manuel 3M<\/strong><\/h3>\n<p>Ce\u00a0<strong>machine industrielle<\/strong>\u00a0pour\u00a0<strong>apiculture<\/strong>\u00a0Comprend un corps en acier inoxydable poli de haute qualit\u00e9 et un cadre de ruche pour une r\u00e9sistance \u00e0 la rouille et \u00e0 l&#039;abrasion. La construction soud\u00e9e sans couture vous permettra d&#039;entretenir et de nettoyer plus facilement la machine. Compact et con\u00e7u pour vous offrir plus de stabilit\u00e9<\/p>\n<p>Avec le\u00a0<strong>extracteur de miel\u00a0<\/strong><span style=\"color: #ff0000\"><strong>\u00c0<\/strong><\/span><span style=\"color: #0000ff\"><strong>R.<\/strong><\/span><strong>CEM01,<\/strong>\u00a0La m\u00e9thode de fonctionnement est simple, \u00e9conomisant du temps et du travail. Le\u00a0<strong>machines apicoles<\/strong>\u00a0de\u00a0<span style=\"color: #ff0000\"><strong>\u00c0<\/strong><\/span><span style=\"color: #0000ff\"><strong>R.<\/strong><\/span><strong>c<\/strong>\u00a0Il est con\u00e7u pour un usage intensif, g\u00e8re jusqu&#039;\u00e0 3 cadres standards \u00e0 faible, moyenne et haute profondeur, l&#039;\u00e9quipement ferm\u00e9 sur le cadre permet de ne pas contaminer le\u00a0<strong>Ch\u00e9ri<\/strong>.<br \/>\nLa poutre \u00e9paissie int\u00e9gr\u00e9e est construite en alliage d&#039;aluminium durable qui est plus solide et plus stable. Pas de bords tranchants pour \u00e9viter la contamination du<strong>\u00a0Ch\u00e9ri<\/strong>\u00a0et fournir une manipulation plus s\u00fbre.<br \/>\nIl dispose de 2 couvercles transparents pour permettre l&#039;observation pendant le processus de\u00a0<strong>extraction<\/strong>. La porte\u00a0<strong>con\u00e7u pour le miel<\/strong>\u00a0au fond de la cuve permet au miel de s&#039;\u00e9couler \u00e0 volont\u00e9.<\/p>\n<p>L&#039;utilisation de\u00a0<span style=\"color: #ff0000\"><strong>\u00c0<\/strong><\/span><span style=\"color: #0000ff\"><strong>R.<\/strong><\/span><strong>CEM01<\/strong>\u00a0vous aidera dans le processus\u00a0<strong>fabrication du miel<\/strong>\u00a0pour sa commodit\u00e9 et sa facilit\u00e9 de traitement, aussi simple que de placer le<strong>\u00a0rayon de miel<\/strong>\u00a0dans les cadres et dans un d\u00e9lai tr\u00e8s court, obtenez le produit. Id\u00e9al pour l&#039;amateur ou\u00a0<strong>petit apiculteur<\/strong>.<\/p>\n<h6 style=\"font-weight: inherit\"><strong style=\"font-style: inherit\">Garantie\u00a0<\/strong><span style=\"color: #ff0000\"><strong>\u00c0<\/strong><\/span><span style=\"color: #0000ff\"><strong>R.<\/strong><\/span><strong>C 2 ANS<\/strong><\/h6>\n<h6 style=\"font-weight: inherit\"><strong style=\"font-style: inherit\">support technique inclus<\/strong><\/h6>\n<p>&nbsp;<\/p>\n<p>&nbsp;<\/p>\n<table width=\"100%\">\n<tbody>\n<tr>\n<td>Gars:<\/td>\n<td width=\"50%\">Manuel<\/td>\n<td colspan=\"2\" width=\"327\"><\/td>\n<\/tr>\n<tr>\n<td>Pays de distribution\u00a0:<\/td>\n<td width=\"50%\">Espagne, Allemagne, \u00c9tats-Unis<\/td>\n<td>Poids:<\/td>\n<td width=\"50%\">13 kg<\/td>\n<\/tr>\n<tr>\n<td>Marque:<\/td>\n<td width=\"50%\">ARC<\/td>\n<td>Hauteur:<\/td>\n<td width=\"50%\">85 cm<\/td>\n<\/tr>\n<tr>\n<td>Couleur:<\/td>\n<td width=\"50%\">Argent<\/td>\n<td>Long:<\/td>\n<td width=\"50%\">\u00a038 cm<\/td>\n<\/tr>\n<tr>\n<td>Type de produit\u00a0:<\/td>\n<td width=\"50%\">extracteur de miel<\/td>\n<td>Large:<\/td>\n<td width=\"50%\">38 cm<\/td>\n<\/tr>\n<tr>\n<td>Num\u00e9ro du fabricant :<\/td>\n<td width=\"50%\">ARCEM01<\/td>\n<td>Production:<\/td>\n<td width=\"50%\">3 points<\/td>\n<\/tr>\n<tr>\n<td>Mat\u00e9riel:<\/td>\n<td width=\"50%\">acier inoxydable, alliage d&#039;aluminium<\/td>\n<td>Taille du robinet\u00a0:<\/td>\n<td width=\"50%\">5 cm<\/td>\n<\/tr>\n<tr>\n<td>Dimensions du canon :<\/td>\n<td width=\"50%\">38 cm de diam\u00e8tre<\/td>\n<td>Garantie:<\/td>\n<td width=\"50%\">2 ANS<\/td>\n<\/tr>\n<tr>\n<td>Hauteur du canon :<\/td>\n<td width=\"50%\">60 cm<\/td>\n<td><\/td>\n<td width=\"50%\"><\/td>\n<\/tr>\n<\/tbody>\n<\/table>","protected":false},"excerpt":{"rendered":"<h2>Extracteur de miel manuel 3M<\/h2>\n<p>Il<strong style=\"font-style: inherit\">\u00a0extracteur de miel manuel<\/strong> de <strong><span style=\"color: #ff0000\">\u00c0<\/span><span style=\"color: #0000ff\">R.<\/span>c<\/strong> <span style=\"font-size: 16px\">\u00a0Il est con\u00e7u pour traiter 3 cadres, il est fabriqu\u00e9 en acier inoxydable extr\u00eamement r\u00e9sistant. Ce\u00a0<\/span><strong style=\"font-style: inherit\">machines apicoles<\/strong><span style=\"font-size: 16px\">\u00a0est fourni \u00e0 un<\/span><strong style=\"font-style: inherit\">\u00a0prix imbattable<\/strong><span style=\"font-size: 16px\">\u00a0pour leur soin dans la production de miel et leurs mat\u00e9riaux de premi\u00e8re qualit\u00e9.<\/span><\/p>\n<p>Il\u00a0<strong style=\"font-style: inherit\">extracteur de merde<\/strong>l Livr\u00e9 avec 2 couvercles transparents et 2 poign\u00e9es lat\u00e9rales pour un transport facile. La partie int\u00e9rieure inf\u00e9rieure de la tige est de forme conique. Le\u00a0<strong style=\"font-style: inherit\">Ch\u00e9ri<\/strong>\u00a0Il est d\u00e9charg\u00e9 du distributeur de 2 cm avec un dispositif de verrouillage. Il\u00a0<strong style=\"font-style: inherit\">extracteur de miel\u00a0<\/strong>\u00a0Il est con\u00e7u pour traiter 3<strong style=\"font-style: inherit\">\u00a0cadres<\/strong>\u00a0et convient aux cadres de faible, moyenne et haute profondeur. Les engrenages m\u00e9talliques sont enti\u00e8rement internes pour \u00e9viter qu&#039;ils ne se salissent avec le miel. Il\u00a0<strong style=\"font-style: inherit\">extracteur de miel\u00a0<\/strong><span style=\"color: #ff0000\"><strong>\u00c0<\/strong><\/span><span style=\"color: #0000ff\"><strong>R.<\/strong><\/span><strong>CEM01<\/strong>\u00a0C&#039;est l&#039;un des rares sur le march\u00e9 \u00e0 \u00eatre \u00e9quip\u00e9 d&#039;un palier inf\u00e9rieur sur\u00e9lev\u00e9 qui emp\u00eache la p\u00e9n\u00e9tration du miel extrait. La finition en acier inoxydable poli miroir lui conf\u00e8re des caract\u00e9ristiques tr\u00e8s \u00e9l\u00e9gantes.<\/p>\n<h6 style=\"font-weight: inherit\"><strong style=\"font-style: inherit\">Garantie\u00a0<\/strong><span style=\"color: #ff0000\"><strong>\u00c0<\/strong><\/span><span style=\"color: #0000ff\"><strong>R.<\/strong><\/span><strong>C 2 ANS<\/strong><\/h6>\n<h6 style=\"font-weight: inherit\"><strong style=\"font-style: inherit\">support technique inclus<\/strong><\/h6>","protected":false},"featured_media":1332,"comment_status":"open","ping_status":"closed","template":"","meta":{"wds_primary_product_brand":0,"wds_primary_product_cat":0},"product_brand":[],"product_cat":[30],"product_tag":[],"class_list":{"0":"post-1321","1":"product","2":"type-product","3":"status-publish","4":"has-post-thumbnail","6":"product_cat-maquinaria-apicola","7":"product_shipping_class-express","9":"first","10":"instock","11":"sale","12":"taxable","13":"shipping-taxable","14":"purchasable","15":"product-type-simple"},"yoast_head":"<!-- This site is optimized with the Yoast SEO Premium plugin v24.9 (Yoast SEO v26.1) - https:\/\/yoast.com\/wordpress\/plugins\/seo\/ -->\n<title>Extractor de miel manual 3M - distribuci\u00f3n ARC<\/title>\n<meta name=\"robots\" content=\"index, follow, max-snippet:-1, max-image-preview:large, max-video-preview:-1\" \/>\n<link rel=\"canonical\" href=\"https:\/\/www.distribucionarc.com\/de\/producto\/extractor-de-miel-manual-3m\/\" \/>\n<meta property=\"og:locale\" content=\"fr_FR\" \/>\n<meta property=\"og:type\" content=\"article\" \/>\n<meta property=\"og:title\" content=\"Extractor de miel manual 3M\" \/>\n<meta property=\"og:description\" content=\"Extractor de miel manual 3M El\u00a0Extractor de miel manual de ARC \u00a0est\u00e1 dise\u00f1ada para procesar 3 marcos, est\u00e1 hecho de acero inoxidable extremadamente duradero. Esta\u00a0maquinaria ap\u00edcola\u00a0se proporciona a un\u00a0precio inmejorable\u00a0por su cuidado en la elaboraci\u00f3n de la miel y sus materiales de primera calidad.  El\u00a0extractor de miel viene con 2 tapas transparentes y 2 asas laterales para facilitar el transporte. La parte inferior interna del tallo tiene forma c\u00f3nica. La\u00a0miel\u00a0se descarga del dispensador de 2 cm con un dispositivo de bloqueo. El\u00a0extractor de miel\u00a0\u00a0est\u00e1 dise\u00f1ado para procesar 3\u00a0marcos\u00a0y es adecuado para marcos de baja, media y alta profundidad. Los engranajes met\u00e1licos son totalmente internos para evitar que se ensucie con la miel. El\u00a0extractor de miel\u00a0ARCEM01\u00a0es uno de los pocos en el mercado equipado con un rodamiento elevado m\u00e1s bajo que impide la penetraci\u00f3n de la miel extra\u00edda. El acabado de acero inoxidable pulido espejo le da unas caracter\u00edsticas muy elegantes. Garant\u00eda\u00a0ARC 2 A\u00d1OS soporte t\u00e9cnico\u00a0incluido\" \/>\n<meta property=\"og:url\" content=\"https:\/\/www.distribucionarc.com\/de\/producto\/extractor-de-miel-manual-3m\/\" \/>\n<meta property=\"og:site_name\" content=\"distribuci\u00f3n ARC\" \/>\n<meta property=\"article:modified_time\" content=\"2020-09-25T10:55:48+00:00\" \/>\n<meta property=\"og:image\" content=\"https:\/\/www.distribucionarc.com\/wp-content\/uploads\/2020\/07\/Extractor-de-miel-manual-3M-2.jpg\" \/>\n\t<meta property=\"og:image:width\" content=\"1600\" \/>\n\t<meta property=\"og:image:height\" content=\"1600\" \/>\n\t<meta property=\"og:image:type\" content=\"image\/jpeg\" \/>\n<meta name=\"twitter:card\" content=\"summary_large_image\" \/>\n<meta name=\"twitter:label1\" content=\"Dur\u00e9e de lecture estim\u00e9e\" \/>\n\t<meta name=\"twitter:data1\" content=\"2 minutes\" \/>\n<script type=\"application\/ld+json\" class=\"yoast-schema-graph\">{\"@context\":\"https:\/\/schema.org\",\"@graph\":[{\"@type\":\"WebPage\",\"@id\":\"https:\/\/www.distribucionarc.com\/de\/producto\/extractor-de-miel-manual-3m\/\",\"url\":\"https:\/\/www.distribucionarc.com\/de\/producto\/extractor-de-miel-manual-3m\/\",\"name\":\"Extractor de miel manual 3M - distribuci\u00f3n ARC\",\"isPartOf\":{\"@id\":\"https:\/\/www.distribucionarc.com\/#website\"},\"primaryImageOfPage\":{\"@id\":\"https:\/\/www.distribucionarc.com\/de\/producto\/extractor-de-miel-manual-3m\/#primaryimage\"},\"image\":{\"@id\":\"https:\/\/www.distribucionarc.com\/de\/producto\/extractor-de-miel-manual-3m\/#primaryimage\"},\"thumbnailUrl\":\"https:\/\/distribucionarc.com\/wp-content\/uploads\/2020\/07\/Extractor-de-miel-manual-3M-2.jpg\",\"datePublished\":\"2020-07-23T09:34:42+00:00\",\"dateModified\":\"2020-09-25T10:55:48+00:00\",\"breadcrumb\":{\"@id\":\"https:\/\/www.distribucionarc.com\/de\/producto\/extractor-de-miel-manual-3m\/#breadcrumb\"},\"inLanguage\":\"fr-FR\",\"potentialAction\":[{\"@type\":\"ReadAction\",\"target\":[\"https:\/\/www.distribucionarc.com\/de\/producto\/extractor-de-miel-manual-3m\/\"]}]},{\"@type\":\"ImageObject\",\"inLanguage\":\"fr-FR\",\"@id\":\"https:\/\/www.distribucionarc.com\/de\/producto\/extractor-de-miel-manual-3m\/#primaryimage\",\"url\":\"https:\/\/distribucionarc.com\/wp-content\/uploads\/2020\/07\/Extractor-de-miel-manual-3M-2.jpg\",\"contentUrl\":\"https:\/\/distribucionarc.com\/wp-content\/uploads\/2020\/07\/Extractor-de-miel-manual-3M-2.jpg\",\"width\":1600,\"height\":1600,\"caption\":\"Extractor de miel manual 3M\"},{\"@type\":\"BreadcrumbList\",\"@id\":\"https:\/\/www.distribucionarc.com\/de\/producto\/extractor-de-miel-manual-3m\/#breadcrumb\",\"itemListElement\":[{\"@type\":\"ListItem\",\"position\":1,\"name\":\"Portada\",\"item\":\"https:\/\/distribucionarc.com\/pl\/\"},{\"@type\":\"ListItem\",\"position\":2,\"name\":\"\u0627\u0644\u0645\u0646\u062a\u062c\u0627\u062a\",\"item\":\"https:\/\/www.distribucionarc.com\/ar\/%d9%85%d8%ad%d9%84\/\"},{\"@type\":\"ListItem\",\"position\":3,\"name\":\"Extractor de miel manual 3M\"}]},{\"@type\":\"WebSite\",\"@id\":\"https:\/\/www.distribucionarc.com\/#website\",\"url\":\"https:\/\/www.distribucionarc.com\/\",\"name\":\"distribuci\u00f3n ARC\",\"description\":\"Empresa especializada en la fabricaci\u00f3n y distribuci\u00f3n de maquinaria industrial, selladoras de latas, Maquinas de hacer pastillas, Maquinas de cortar carne...\",\"publisher\":{\"@id\":\"https:\/\/www.distribucionarc.com\/#organization\"},\"potentialAction\":[{\"@type\":\"SearchAction\",\"target\":{\"@type\":\"EntryPoint\",\"urlTemplate\":\"https:\/\/www.distribucionarc.com\/?s={search_term_string}\"},\"query-input\":{\"@type\":\"PropertyValueSpecification\",\"valueRequired\":true,\"valueName\":\"search_term_string\"}}],\"inLanguage\":\"fr-FR\"},{\"@type\":\"Organization\",\"@id\":\"https:\/\/www.distribucionarc.com\/#organization\",\"name\":\"Distribuci\u00f3n ARC\",\"url\":\"https:\/\/www.distribucionarc.com\/\",\"logo\":{\"@type\":\"ImageObject\",\"inLanguage\":\"fr-FR\",\"@id\":\"https:\/\/www.distribucionarc.com\/#\/schema\/logo\/image\/\",\"url\":\"https:\/\/distribucionarc.com\/wp-content\/uploads\/2024\/10\/distribucion-ARC-COLOR-SIN-FONDO-e1732295305345.png\",\"contentUrl\":\"https:\/\/distribucionarc.com\/wp-content\/uploads\/2024\/10\/distribucion-ARC-COLOR-SIN-FONDO-e1732295305345.png\",\"width\":1164,\"height\":558,\"caption\":\"Distribuci\u00f3n ARC\"},\"image\":{\"@id\":\"https:\/\/www.distribucionarc.com\/#\/schema\/logo\/image\/\"},\"description\":\"Empresa especializada en la fabricaci\u00f3n y distribuci\u00f3n de maquinaria industrial para los sectores alimentario y farmac\u00e9utico. Nos especializamos en: M\u00e1quinas de cortar carne Fabricaci\u00f3n de comprimidos Sistemas de transporte industrial L\u00edneas de embotellado Dosificadores Y mucho m\u00e1s... Ofrecemos soluciones innovadoras y personalizadas para optimizar los procesos productivos de tu empresa.\",\"email\":\"Admistracion@distribucionarc.com\",\"telephone\":\"+34 643496664\",\"legalName\":\"ARC TECH SOLUTIONS\",\"foundingDate\":\"2024-04-09\",\"vatID\":\"B55480172\",\"numberOfEmployees\":{\"@type\":\"QuantitativeValue\",\"minValue\":\"1\",\"maxValue\":\"10\"}}]}<\/script>\n<!-- \/ Yoast SEO Premium plugin. -->","yoast_head_json":{"title":"Extracteur de miel manuel 3M - ARC distribution","robots":{"index":"index","follow":"follow","max-snippet":"max-snippet:-1","max-image-preview":"max-image-preview:large","max-video-preview":"max-video-preview:-1"},"canonical":"https:\/\/www.distribucionarc.com\/de\/producto\/extractor-de-miel-manual-3m\/","og_locale":"fr_FR","og_type":"article","og_title":"Extractor de miel manual 3M","og_description":"Extractor de miel manual 3M El\u00a0Extractor de miel manual de ARC \u00a0est\u00e1 dise\u00f1ada para procesar 3 marcos, est\u00e1 hecho de acero inoxidable extremadamente duradero. Esta\u00a0maquinaria ap\u00edcola\u00a0se proporciona a un\u00a0precio inmejorable\u00a0por su cuidado en la elaboraci\u00f3n de la miel y sus materiales de primera calidad.  El\u00a0extractor de miel viene con 2 tapas transparentes y 2 asas laterales para facilitar el transporte. La parte inferior interna del tallo tiene forma c\u00f3nica. La\u00a0miel\u00a0se descarga del dispensador de 2 cm con un dispositivo de bloqueo. El\u00a0extractor de miel\u00a0\u00a0est\u00e1 dise\u00f1ado para procesar 3\u00a0marcos\u00a0y es adecuado para marcos de baja, media y alta profundidad. Los engranajes met\u00e1licos son totalmente internos para evitar que se ensucie con la miel. El\u00a0extractor de miel\u00a0ARCEM01\u00a0es uno de los pocos en el mercado equipado con un rodamiento elevado m\u00e1s bajo que impide la penetraci\u00f3n de la miel extra\u00edda. El acabado de acero inoxidable pulido espejo le da unas caracter\u00edsticas muy elegantes. Garant\u00eda\u00a0ARC 2 A\u00d1OS soporte t\u00e9cnico\u00a0incluido","og_url":"https:\/\/www.distribucionarc.com\/de\/producto\/extractor-de-miel-manual-3m\/","og_site_name":"distribuci\u00f3n ARC","article_modified_time":"2020-09-25T10:55:48+00:00","og_image":[{"width":1600,"height":1600,"url":"https:\/\/www.distribucionarc.com\/wp-content\/uploads\/2020\/07\/Extractor-de-miel-manual-3M-2.jpg","type":"image\/jpeg"}],"twitter_card":"summary_large_image","twitter_misc":{"Dur\u00e9e de lecture estim\u00e9e":"2 minutes"},"schema":{"@context":"https:\/\/schema.org","@graph":[{"@type":"WebPage","@id":"https:\/\/www.distribucionarc.com\/de\/producto\/extractor-de-miel-manual-3m\/","url":"https:\/\/www.distribucionarc.com\/de\/producto\/extractor-de-miel-manual-3m\/","name":"Extracteur de miel manuel 3M - ARC distribution","isPartOf":{"@id":"https:\/\/www.distribucionarc.com\/#website"},"primaryImageOfPage":{"@id":"https:\/\/www.distribucionarc.com\/de\/producto\/extractor-de-miel-manual-3m\/#primaryimage"},"image":{"@id":"https:\/\/www.distribucionarc.com\/de\/producto\/extractor-de-miel-manual-3m\/#primaryimage"},"thumbnailUrl":"https:\/\/distribucionarc.com\/wp-content\/uploads\/2020\/07\/Extractor-de-miel-manual-3M-2.jpg","datePublished":"2020-07-23T09:34:42+00:00","dateModified":"2020-09-25T10:55:48+00:00","breadcrumb":{"@id":"https:\/\/www.distribucionarc.com\/de\/producto\/extractor-de-miel-manual-3m\/#breadcrumb"},"inLanguage":"fr-FR","potentialAction":[{"@type":"ReadAction","target":["https:\/\/www.distribucionarc.com\/de\/producto\/extractor-de-miel-manual-3m\/"]}]},{"@type":"ImageObject","inLanguage":"fr-FR","@id":"https:\/\/www.distribucionarc.com\/de\/producto\/extractor-de-miel-manual-3m\/#primaryimage","url":"https:\/\/distribucionarc.com\/wp-content\/uploads\/2020\/07\/Extractor-de-miel-manual-3M-2.jpg","contentUrl":"https:\/\/distribucionarc.com\/wp-content\/uploads\/2020\/07\/Extractor-de-miel-manual-3M-2.jpg","width":1600,"height":1600,"caption":"Extractor de miel manual 3M"},{"@type":"BreadcrumbList","@id":"https:\/\/www.distribucionarc.com\/de\/producto\/extractor-de-miel-manual-3m\/#breadcrumb","itemListElement":[{"@type":"ListItem","position":1,"name":"Portada","item":"https:\/\/distribucionarc.com\/pl\/"},{"@type":"ListItem","position":2,"name":"\u0627\u0644\u0645\u0646\u062a\u062c\u0627\u062a","item":"https:\/\/www.distribucionarc.com\/ar\/%d9%85%d8%ad%d9%84\/"},{"@type":"ListItem","position":3,"name":"Extractor de miel manual 3M"}]},{"@type":"WebSite","@id":"https:\/\/www.distribucionarc.com\/#website","url":"https:\/\/www.distribucionarc.com\/","name":"R\u00e9partition de l&#039;ARC","description":"Entreprise sp\u00e9cialis\u00e9e dans la fabrication et la distribution de machines industrielles, scelleuses de bo\u00eetes, machines \u00e0 comprim\u00e9s, machines \u00e0 d\u00e9couper la viande...","publisher":{"@id":"https:\/\/www.distribucionarc.com\/#organization"},"potentialAction":[{"@type":"SearchAction","target":{"@type":"EntryPoint","urlTemplate":"https:\/\/www.distribucionarc.com\/?s={search_term_string}"},"query-input":{"@type":"PropertyValueSpecification","valueRequired":true,"valueName":"search_term_string"}}],"inLanguage":"fr-FR"},{"@type":"Organization","@id":"https:\/\/www.distribucionarc.com\/#organization","name":"Distribution ARC","url":"https:\/\/www.distribucionarc.com\/","logo":{"@type":"ImageObject","inLanguage":"fr-FR","@id":"https:\/\/www.distribucionarc.com\/#\/schema\/logo\/image\/","url":"https:\/\/distribucionarc.com\/wp-content\/uploads\/2024\/10\/distribucion-ARC-COLOR-SIN-FONDO-e1732295305345.png","contentUrl":"https:\/\/distribucionarc.com\/wp-content\/uploads\/2024\/10\/distribucion-ARC-COLOR-SIN-FONDO-e1732295305345.png","width":1164,"height":558,"caption":"Distribuci\u00f3n ARC"},"image":{"@id":"https:\/\/www.distribucionarc.com\/#\/schema\/logo\/image\/"},"description":"Entreprise sp\u00e9cialis\u00e9e dans la fabrication et la distribution de machines industrielles pour les secteurs alimentaire et pharmaceutique. Nous sommes sp\u00e9cialis\u00e9s dans : Machines \u00e0 couper la viande Fabrication de comprim\u00e9s Syst\u00e8mes de transport industriel Lignes d'embouteillage Machines de dosage Et bien plus encore... Nous proposons des solutions innovantes et personnalis\u00e9es pour optimiser les processus de production de votre entreprise.","email":"Admistracion@distribucionarc.com","telephone":"+34 643496664","legalName":"ARC TECH SOLUTIONS","foundingDate":"2024-04-09","vatID":"B55480172","numberOfEmployees":{"@type":"QuantitativeValue","minValue":"1","maxValue":"10"}}]}},"_links":{"self":[{"href":"https:\/\/distribucionarc.com\/fr\/wp-json\/wp\/v2\/product\/1321","targetHints":{"allow":["GET"]}}],"collection":[{"href":"https:\/\/distribucionarc.com\/fr\/wp-json\/wp\/v2\/product"}],"about":[{"href":"https:\/\/distribucionarc.com\/fr\/wp-json\/wp\/v2\/types\/product"}],"replies":[{"embeddable":true,"href":"https:\/\/distribucionarc.com\/fr\/wp-json\/wp\/v2\/comments?post=1321"}],"version-history":[{"count":0,"href":"https:\/\/distribucionarc.com\/fr\/wp-json\/wp\/v2\/product\/1321\/revisions"}],"wp:featuredmedia":[{"embeddable":true,"href":"https:\/\/distribucionarc.com\/fr\/wp-json\/wp\/v2\/media\/1332"}],"wp:attachment":[{"href":"https:\/\/distribucionarc.com\/fr\/wp-json\/wp\/v2\/media?parent=1321"}],"wp:term":[{"taxonomy":"product_brand","embeddable":true,"href":"https:\/\/distribucionarc.com\/fr\/wp-json\/wp\/v2\/product_brand?post=1321"},{"taxonomy":"product_cat","embeddable":true,"href":"https:\/\/distribucionarc.com\/fr\/wp-json\/wp\/v2\/product_cat?post=1321"},{"taxonomy":"product_tag","embeddable":true,"href":"https:\/\/distribucionarc.com\/fr\/wp-json\/wp\/v2\/product_tag?post=1321"}],"curies":[{"name":"wp","href":"https:\/\/api.w.org\/{rel}","templated":true}]}}