{"id":1380,"date":"2020-07-23T16:14:34","date_gmt":"2020-07-23T16:14:34","guid":{"rendered":"https:\/\/distribucionarc.com\/?post_type=product&#038;p=1380"},"modified":"2020-09-27T09:44:03","modified_gmt":"2020-09-27T09:44:03","slug":"beignet-distributeur-manuel-5l","status":"publish","type":"product","link":"https:\/\/distribucionarc.com\/fr\/producto\/dosificador-rosquillera-manual-5l\/","title":{"rendered":"Distributeur manuel de beignets 5L"},"content":{"rendered":"<h3>Distributeur manuel de beignets 5L<\/h3>\n<p>Il <strong>distributeur de beignets\u00a0<\/strong><strong style=\"font-size: 16px; font-style: normal;\"><span style=\"color: #ff0000;\">\u00c0<\/span><\/strong><strong style=\"font-size: 16px;\"><span style=\"color: #0000ff;\">R.<\/span>c<\/strong><span style=\"font-size: 16px;\"> Il est fabriqu\u00e9 en aluminium de qualit\u00e9 alimentaire et en acier inoxydable, avec un design compact. R\u00e9sistant aux hautes temp\u00e9ratures et facile \u00e0 nettoyer.<\/span><\/p>\n<p><strong>Le fabricant de beignets <span style=\"color: #ff0000;\">\u00c0<\/span><span style=\"color: #0000ff;\">R.<\/span>CMDM1<\/strong> Il est livr\u00e9 avec une tr\u00e9mie de 5 litres, capable de contenir une grande quantit\u00e9 de p\u00e2te. Plusieurs beignets peuvent \u00eatre r\u00e9alis\u00e9s en une seule charge, il y a 6 niveaux disponibles, peuvent \u00eatre ajust\u00e9s selon vos propres besoins. Souple et facile \u00e0 contr\u00f4ler l&#039;\u00e9paisseur du moulage du beignet<\/p>\n<p>Il int\u00e8gre une barre de commande pour une utilisation facile d&#039;une seule main, avec un ressort \u00e0 \u00e9conomie d&#039;\u00e9nergie et une poign\u00e9e portable de haute qualit\u00e9.<\/p>\n<p>La conception du support est pratique pour ranger le distributeur de beignets. Il peut \u00e9galement emp\u00eacher efficacement la p\u00e2te de couler pendant le fonctionnement.<\/p>\n<p>Fonctionnement simple et pratique pour faire des beignets. Largement utilis\u00e9 dans les restaurants, caf\u00e9s, boulangeries, cuisines domestiques, etc. Convient pour un usage domestique et commercial.<\/p>\n<h6><\/h6>\n<h6><strong>Garantie\u00a0<span style=\"color: #ff0000;\">\u00c0<\/span><span style=\"color: #0000ff;\">R.<\/span>c<\/strong><strong>\u00a02 ANS<\/strong><\/h6>\n<h6><strong>support technique inclus<\/strong><\/h6>\n<p>&nbsp;<\/p>\n<p>&nbsp;<\/p>\n<table width=\"100%\">\n<tbody>\n<tr>\n<td>Marque:<\/td>\n<td width=\"32%\">ARC<\/td>\n<td>Poids:<\/td>\n<td width=\"30%\">1 kg<\/td>\n<\/tr>\n<tr>\n<td>Pays de distribution\u00a0:<\/td>\n<td width=\"32%\">Espagne, Allemagne, \u00c9tats-Unis<\/td>\n<td>Hauteur:<\/td>\n<td width=\"30%\">42 cm<\/td>\n<\/tr>\n<tr>\n<td>Couleur:<\/td>\n<td width=\"32%\">Argent<\/td>\n<td>Long:<\/td>\n<td width=\"30%\">18 cm<\/td>\n<\/tr>\n<tr>\n<td>Type de produit\u00a0:<\/td>\n<td width=\"32%\">Distributeur de beignets professionnel<\/td>\n<td>Large:<\/td>\n<td width=\"30%\">18 cm<\/td>\n<\/tr>\n<tr>\n<td>Num\u00e9ro du fabricant :<\/td>\n<td width=\"32%\">ARCMDM1<\/td>\n<td>Taille de la tr\u00e9mie\u00a0:<\/td>\n<td width=\"30%\">5L<\/td>\n<\/tr>\n<tr>\n<td>Mat\u00e9riel:<\/td>\n<td width=\"32%\">acier inoxydable<\/td>\n<td>Garantie:<\/td>\n<td width=\"30%\">2 ANS<\/td>\n<\/tr>\n<tr>\n<td>Taille du beignet\u00a0:<\/td>\n<td width=\"32%\">5 \u00e0 9 cm<\/td>\n<td>Espaces :<\/td>\n<td width=\"30%\">\u00a06 niveaux r\u00e9glables<\/td>\n<\/tr>\n<\/tbody>\n<\/table>","protected":false},"excerpt":{"rendered":"<h2>Distributeur manuel de beignets 5 L<\/h2>\n<p>Ce\u00a0<strong>machine \u00e0 beignets<\/strong>\u00a0de\u00a0<strong><span style=\"color: #ff0000;\">\u00c0<\/span><span style=\"color: #0000ff;\">R.<\/span>c<\/strong>\u00a0Il convient \u00e0 la production de masse ou m\u00eame \u00e0 la fabrication <strong>beignets frais<\/strong> en grande quantit\u00e9 afin qu&#039;ils conservent toute leur texture et leur saveur.<\/p>\n<p>Ce <strong>distributeur manuel de beignets <span style=\"color: #ff0000;\">\u00c0<\/span><span style=\"color: #0000ff;\">R.<\/span>CDMD1<\/strong> est con\u00e7u pour vous permettre de pr\u00e9parer de d\u00e9licieux <strong>beignets<\/strong> de la mani\u00e8re la plus simple et la plus rapide. Il est id\u00e9al pour <strong>beignets<\/strong> des faits maison parfaitement form\u00e9s. Le mat\u00e9riau en aluminium de qualit\u00e9 alimentaire assure une structure robuste et une conception compacte, sa tr\u00e9mie de 5 L vous permettra de travailler plus confortablement gr\u00e2ce \u00e0 la quantit\u00e9 de p\u00e2te qu&#039;elle peut stocker. La barre de commande int\u00e9gr\u00e9e permet \u00e0 la tr\u00e9mie de <strong>beignets<\/strong> fonctionner d&#039;une seule main. Il convient \u00e0 un usage domestique et commercial.<\/p>\n<h6><strong>Garantie\u00a0<span style=\"color: #ff0000;\">\u00c0<\/span><span style=\"color: #0000ff;\">R.<\/span>c<\/strong><strong>\u00a02 ANS<\/strong><\/h6>\n<h6><strong>support technique inclus<\/strong><\/h6>\n<div class=\"summary entry-summary\">\n<div class=\"quantity\"><label class=\"screen-reader-text\" for=\"quantity_5f19adf2dab21\">quantit\u00e9 de Machine \u00e0 beignets automatique professionnelle<\/label><\/div>\n<\/div>","protected":false},"featured_media":1387,"comment_status":"open","ping_status":"closed","template":"","meta":{"wds_primary_product_brand":0,"wds_primary_product_cat":0},"product_brand":[],"product_cat":[53],"product_tag":[],"class_list":{"0":"post-1380","1":"product","2":"type-product","3":"status-publish","4":"has-post-thumbnail","6":"product_cat-panaderia-y-pasteleria-industrial","7":"product_shipping_class-hosteleria","9":"first","10":"instock","11":"sale","12":"taxable","13":"shipping-taxable","14":"purchasable","15":"product-type-simple"},"yoast_head":"<!-- This site is optimized with the Yoast SEO Premium plugin v24.9 (Yoast SEO v26.1) - https:\/\/yoast.com\/wordpress\/plugins\/seo\/ -->\n<title>Dosificador rosquillera manual 5L - distribuci\u00f3n ARC<\/title>\n<meta name=\"robots\" content=\"index, follow, max-snippet:-1, max-image-preview:large, max-video-preview:-1\" \/>\n<link rel=\"canonical\" href=\"https:\/\/www.distribucionarc.com\/producto\/dosificador-rosquillera-manual-5l\/\" \/>\n<meta property=\"og:locale\" content=\"fr_FR\" \/>\n<meta property=\"og:type\" content=\"article\" \/>\n<meta property=\"og:title\" content=\"Dosificador rosquillera manual 5L\" \/>\n<meta property=\"og:description\" content=\"Dosificador rosquillera manual 5 L Esta\u00a0m\u00e1quina de donuts\u00a0de\u00a0ARC\u00a0es la indicada para la producci\u00f3n en cadena o incluso para fabricar donuts frescos en gran cantidad para que conserven toda su textura y sabor.  Este dispensador manual de donuts ARCDMD1 est\u00e1 dise\u00f1ado para permitirle hacer deliciosas rosquillas de la forma m\u00e1s sencilla y r\u00e1pida. Es ideal para donuts caseros perfectamente formados. El material de aluminio de calidad alimentaria garantiza una estructura robusta y un dise\u00f1o compacto, su tolva de 5 L le permitir\u00e1 trabajar m\u00e1s c\u00f3modamente por la cantidad de masa que puede almacenar . La barra de control incorporada permite que la tolva de rosquillas funcione con una mano. Es adecuado para uso dom\u00e9stico y comercial. Garant\u00eda\u00a0ARC\u00a02 A\u00d1OS soporte t\u00e9cnico incluido  M\u00e1quina autom\u00e1tica para donuts o rosquillas profesional cantidad\" \/>\n<meta property=\"og:url\" content=\"https:\/\/www.distribucionarc.com\/producto\/dosificador-rosquillera-manual-5l\/\" \/>\n<meta property=\"og:site_name\" content=\"distribuci\u00f3n ARC\" \/>\n<meta property=\"article:modified_time\" content=\"2020-09-27T09:44:03+00:00\" \/>\n<meta property=\"og:image\" content=\"https:\/\/www.distribucionarc.com\/wp-content\/uploads\/2020\/07\/Dosificador-rosquillera-manual-5L-0.jpg\" \/>\n\t<meta property=\"og:image:width\" content=\"1600\" \/>\n\t<meta property=\"og:image:height\" content=\"1600\" \/>\n\t<meta property=\"og:image:type\" content=\"image\/jpeg\" \/>\n<meta name=\"twitter:card\" content=\"summary_large_image\" \/>\n<meta name=\"twitter:label1\" content=\"Dur\u00e9e de lecture estim\u00e9e\" \/>\n\t<meta name=\"twitter:data1\" content=\"1 minute\" \/>\n<script type=\"application\/ld+json\" class=\"yoast-schema-graph\">{\"@context\":\"https:\/\/schema.org\",\"@graph\":[{\"@type\":\"WebPage\",\"@id\":\"https:\/\/www.distribucionarc.com\/producto\/dosificador-rosquillera-manual-5l\/\",\"url\":\"https:\/\/www.distribucionarc.com\/producto\/dosificador-rosquillera-manual-5l\/\",\"name\":\"Dosificador rosquillera manual 5L - distribuci\u00f3n ARC\",\"isPartOf\":{\"@id\":\"https:\/\/www.distribucionarc.com\/de\/#website\"},\"primaryImageOfPage\":{\"@id\":\"https:\/\/www.distribucionarc.com\/producto\/dosificador-rosquillera-manual-5l\/#primaryimage\"},\"image\":{\"@id\":\"https:\/\/www.distribucionarc.com\/producto\/dosificador-rosquillera-manual-5l\/#primaryimage\"},\"thumbnailUrl\":\"https:\/\/distribucionarc.com\/wp-content\/uploads\/2020\/07\/Dosificador-rosquillera-manual-5L-0.jpg\",\"datePublished\":\"2020-07-23T16:14:34+00:00\",\"dateModified\":\"2020-09-27T09:44:03+00:00\",\"breadcrumb\":{\"@id\":\"https:\/\/www.distribucionarc.com\/producto\/dosificador-rosquillera-manual-5l\/#breadcrumb\"},\"inLanguage\":\"fr-FR\",\"potentialAction\":[{\"@type\":\"ReadAction\",\"target\":[\"https:\/\/www.distribucionarc.com\/producto\/dosificador-rosquillera-manual-5l\/\"]}]},{\"@type\":\"ImageObject\",\"inLanguage\":\"fr-FR\",\"@id\":\"https:\/\/www.distribucionarc.com\/producto\/dosificador-rosquillera-manual-5l\/#primaryimage\",\"url\":\"https:\/\/distribucionarc.com\/wp-content\/uploads\/2020\/07\/Dosificador-rosquillera-manual-5L-0.jpg\",\"contentUrl\":\"https:\/\/distribucionarc.com\/wp-content\/uploads\/2020\/07\/Dosificador-rosquillera-manual-5L-0.jpg\",\"width\":1600,\"height\":1600,\"caption\":\"Dosificador rosquillera manual 5L\"},{\"@type\":\"BreadcrumbList\",\"@id\":\"https:\/\/www.distribucionarc.com\/producto\/dosificador-rosquillera-manual-5l\/#breadcrumb\",\"itemListElement\":[{\"@type\":\"ListItem\",\"position\":1,\"name\":\"Portada\",\"item\":\"https:\/\/www.distribucionarc.com\/en\/\"},{\"@type\":\"ListItem\",\"position\":2,\"name\":\"Products\",\"item\":\"https:\/\/www.distribucionarc.com\/en\/shop\/\"},{\"@type\":\"ListItem\",\"position\":3,\"name\":\"Dosificador rosquillera manual 5L\"}]},{\"@type\":\"WebSite\",\"@id\":\"https:\/\/www.distribucionarc.com\/de\/#website\",\"url\":\"https:\/\/www.distribucionarc.com\/de\/\",\"name\":\"distribuci\u00f3n ARC\",\"description\":\"Empresa especializada en la fabricaci\u00f3n y distribuci\u00f3n de maquinaria industrial, selladoras de latas, Maquinas de hacer pastillas, Maquinas de cortar carne...\",\"publisher\":{\"@id\":\"https:\/\/www.distribucionarc.com\/de\/#organization\"},\"potentialAction\":[{\"@type\":\"SearchAction\",\"target\":{\"@type\":\"EntryPoint\",\"urlTemplate\":\"https:\/\/www.distribucionarc.com\/de\/?s={search_term_string}\"},\"query-input\":{\"@type\":\"PropertyValueSpecification\",\"valueRequired\":true,\"valueName\":\"search_term_string\"}}],\"inLanguage\":\"fr-FR\"},{\"@type\":\"Organization\",\"@id\":\"https:\/\/www.distribucionarc.com\/de\/#organization\",\"name\":\"Distribuci\u00f3n ARC\",\"url\":\"https:\/\/www.distribucionarc.com\/de\/\",\"logo\":{\"@type\":\"ImageObject\",\"inLanguage\":\"fr-FR\",\"@id\":\"https:\/\/www.distribucionarc.com\/de\/#\/schema\/logo\/image\/\",\"url\":\"https:\/\/distribucionarc.com\/wp-content\/uploads\/2024\/10\/distribucion-ARC-COLOR-SIN-FONDO-e1732295305345.png\",\"contentUrl\":\"https:\/\/distribucionarc.com\/wp-content\/uploads\/2024\/10\/distribucion-ARC-COLOR-SIN-FONDO-e1732295305345.png\",\"width\":1164,\"height\":558,\"caption\":\"Distribuci\u00f3n ARC\"},\"image\":{\"@id\":\"https:\/\/www.distribucionarc.com\/de\/#\/schema\/logo\/image\/\"},\"description\":\"Empresa especializada en la fabricaci\u00f3n y distribuci\u00f3n de maquinaria industrial para los sectores alimentario y farmac\u00e9utico. Nos especializamos en: M\u00e1quinas de cortar carne Fabricaci\u00f3n de comprimidos Sistemas de transporte industrial L\u00edneas de embotellado Dosificadores Y mucho m\u00e1s... Ofrecemos soluciones innovadoras y personalizadas para optimizar los procesos productivos de tu empresa.\",\"email\":\"Admistracion@distribucionarc.com\",\"telephone\":\"+34 643496664\",\"legalName\":\"ARC TECH SOLUTIONS\",\"foundingDate\":\"2024-04-09\",\"vatID\":\"B55480172\",\"numberOfEmployees\":{\"@type\":\"QuantitativeValue\",\"minValue\":\"1\",\"maxValue\":\"10\"}}]}<\/script>\n<!-- \/ Yoast SEO Premium plugin. -->","yoast_head_json":{"title":"Distributeur manuel de beignets 5L - ARC distribution","robots":{"index":"index","follow":"follow","max-snippet":"max-snippet:-1","max-image-preview":"max-image-preview:large","max-video-preview":"max-video-preview:-1"},"canonical":"https:\/\/www.distribucionarc.com\/producto\/dosificador-rosquillera-manual-5l\/","og_locale":"fr_FR","og_type":"article","og_title":"Dosificador rosquillera manual 5L","og_description":"Dosificador rosquillera manual 5 L Esta\u00a0m\u00e1quina de donuts\u00a0de\u00a0ARC\u00a0es la indicada para la producci\u00f3n en cadena o incluso para fabricar donuts frescos en gran cantidad para que conserven toda su textura y sabor.  Este dispensador manual de donuts ARCDMD1 est\u00e1 dise\u00f1ado para permitirle hacer deliciosas rosquillas de la forma m\u00e1s sencilla y r\u00e1pida. Es ideal para donuts caseros perfectamente formados. El material de aluminio de calidad alimentaria garantiza una estructura robusta y un dise\u00f1o compacto, su tolva de 5 L le permitir\u00e1 trabajar m\u00e1s c\u00f3modamente por la cantidad de masa que puede almacenar . La barra de control incorporada permite que la tolva de rosquillas funcione con una mano. Es adecuado para uso dom\u00e9stico y comercial. Garant\u00eda\u00a0ARC\u00a02 A\u00d1OS soporte t\u00e9cnico incluido  M\u00e1quina autom\u00e1tica para donuts o rosquillas profesional cantidad","og_url":"https:\/\/www.distribucionarc.com\/producto\/dosificador-rosquillera-manual-5l\/","og_site_name":"distribuci\u00f3n ARC","article_modified_time":"2020-09-27T09:44:03+00:00","og_image":[{"width":1600,"height":1600,"url":"https:\/\/www.distribucionarc.com\/wp-content\/uploads\/2020\/07\/Dosificador-rosquillera-manual-5L-0.jpg","type":"image\/jpeg"}],"twitter_card":"summary_large_image","twitter_misc":{"Dur\u00e9e de lecture estim\u00e9e":"1 minute"},"schema":{"@context":"https:\/\/schema.org","@graph":[{"@type":"WebPage","@id":"https:\/\/www.distribucionarc.com\/producto\/dosificador-rosquillera-manual-5l\/","url":"https:\/\/www.distribucionarc.com\/producto\/dosificador-rosquillera-manual-5l\/","name":"Distributeur manuel de beignets 5L - ARC distribution","isPartOf":{"@id":"https:\/\/www.distribucionarc.com\/de\/#website"},"primaryImageOfPage":{"@id":"https:\/\/www.distribucionarc.com\/producto\/dosificador-rosquillera-manual-5l\/#primaryimage"},"image":{"@id":"https:\/\/www.distribucionarc.com\/producto\/dosificador-rosquillera-manual-5l\/#primaryimage"},"thumbnailUrl":"https:\/\/distribucionarc.com\/wp-content\/uploads\/2020\/07\/Dosificador-rosquillera-manual-5L-0.jpg","datePublished":"2020-07-23T16:14:34+00:00","dateModified":"2020-09-27T09:44:03+00:00","breadcrumb":{"@id":"https:\/\/www.distribucionarc.com\/producto\/dosificador-rosquillera-manual-5l\/#breadcrumb"},"inLanguage":"fr-FR","potentialAction":[{"@type":"ReadAction","target":["https:\/\/www.distribucionarc.com\/producto\/dosificador-rosquillera-manual-5l\/"]}]},{"@type":"ImageObject","inLanguage":"fr-FR","@id":"https:\/\/www.distribucionarc.com\/producto\/dosificador-rosquillera-manual-5l\/#primaryimage","url":"https:\/\/distribucionarc.com\/wp-content\/uploads\/2020\/07\/Dosificador-rosquillera-manual-5L-0.jpg","contentUrl":"https:\/\/distribucionarc.com\/wp-content\/uploads\/2020\/07\/Dosificador-rosquillera-manual-5L-0.jpg","width":1600,"height":1600,"caption":"Dosificador rosquillera manual 5L"},{"@type":"BreadcrumbList","@id":"https:\/\/www.distribucionarc.com\/producto\/dosificador-rosquillera-manual-5l\/#breadcrumb","itemListElement":[{"@type":"ListItem","position":1,"name":"Portada","item":"https:\/\/www.distribucionarc.com\/en\/"},{"@type":"ListItem","position":2,"name":"Products","item":"https:\/\/www.distribucionarc.com\/en\/shop\/"},{"@type":"ListItem","position":3,"name":"Dosificador rosquillera manual 5L"}]},{"@type":"WebSite","@id":"https:\/\/www.distribucionarc.com\/de\/#website","url":"https:\/\/www.distribucionarc.com\/de\/","name":"R\u00e9partition de l&#039;ARC","description":"Entreprise sp\u00e9cialis\u00e9e dans la fabrication et la distribution de machines industrielles, scelleuses de bo\u00eetes, machines \u00e0 comprim\u00e9s, machines \u00e0 d\u00e9couper la viande...","publisher":{"@id":"https:\/\/www.distribucionarc.com\/de\/#organization"},"potentialAction":[{"@type":"SearchAction","target":{"@type":"EntryPoint","urlTemplate":"https:\/\/www.distribucionarc.com\/de\/?s={search_term_string}"},"query-input":{"@type":"PropertyValueSpecification","valueRequired":true,"valueName":"search_term_string"}}],"inLanguage":"fr-FR"},{"@type":"Organization","@id":"https:\/\/www.distribucionarc.com\/de\/#organization","name":"Distribution ARC","url":"https:\/\/www.distribucionarc.com\/de\/","logo":{"@type":"ImageObject","inLanguage":"fr-FR","@id":"https:\/\/www.distribucionarc.com\/de\/#\/schema\/logo\/image\/","url":"https:\/\/distribucionarc.com\/wp-content\/uploads\/2024\/10\/distribucion-ARC-COLOR-SIN-FONDO-e1732295305345.png","contentUrl":"https:\/\/distribucionarc.com\/wp-content\/uploads\/2024\/10\/distribucion-ARC-COLOR-SIN-FONDO-e1732295305345.png","width":1164,"height":558,"caption":"Distribuci\u00f3n ARC"},"image":{"@id":"https:\/\/www.distribucionarc.com\/de\/#\/schema\/logo\/image\/"},"description":"Entreprise sp\u00e9cialis\u00e9e dans la fabrication et la distribution de machines industrielles pour les secteurs alimentaire et pharmaceutique. Nous sommes sp\u00e9cialis\u00e9s dans : Machines \u00e0 couper la viande Fabrication de comprim\u00e9s Syst\u00e8mes de transport industriel Lignes d'embouteillage Machines de dosage Et bien plus encore... Nous proposons des solutions innovantes et personnalis\u00e9es pour optimiser les processus de production de votre entreprise.","email":"Admistracion@distribucionarc.com","telephone":"+34 643496664","legalName":"ARC TECH SOLUTIONS","foundingDate":"2024-04-09","vatID":"B55480172","numberOfEmployees":{"@type":"QuantitativeValue","minValue":"1","maxValue":"10"}}]}},"_links":{"self":[{"href":"https:\/\/distribucionarc.com\/fr\/wp-json\/wp\/v2\/product\/1380","targetHints":{"allow":["GET"]}}],"collection":[{"href":"https:\/\/distribucionarc.com\/fr\/wp-json\/wp\/v2\/product"}],"about":[{"href":"https:\/\/distribucionarc.com\/fr\/wp-json\/wp\/v2\/types\/product"}],"replies":[{"embeddable":true,"href":"https:\/\/distribucionarc.com\/fr\/wp-json\/wp\/v2\/comments?post=1380"}],"version-history":[{"count":0,"href":"https:\/\/distribucionarc.com\/fr\/wp-json\/wp\/v2\/product\/1380\/revisions"}],"wp:featuredmedia":[{"embeddable":true,"href":"https:\/\/distribucionarc.com\/fr\/wp-json\/wp\/v2\/media\/1387"}],"wp:attachment":[{"href":"https:\/\/distribucionarc.com\/fr\/wp-json\/wp\/v2\/media?parent=1380"}],"wp:term":[{"taxonomy":"product_brand","embeddable":true,"href":"https:\/\/distribucionarc.com\/fr\/wp-json\/wp\/v2\/product_brand?post=1380"},{"taxonomy":"product_cat","embeddable":true,"href":"https:\/\/distribucionarc.com\/fr\/wp-json\/wp\/v2\/product_cat?post=1380"},{"taxonomy":"product_tag","embeddable":true,"href":"https:\/\/distribucionarc.com\/fr\/wp-json\/wp\/v2\/product_tag?post=1380"}],"curies":[{"name":"wp","href":"https:\/\/api.w.org\/{rel}","templated":true}]}}