{"id":1421,"date":"2020-07-24T12:18:25","date_gmt":"2020-07-24T12:18:25","guid":{"rendered":"https:\/\/distribucionarc.com\/?post_type=product&#038;p=1421"},"modified":"2020-09-29T18:45:55","modified_gmt":"2020-09-29T18:45:55","slug":"machine-a-glacon-18-kg","status":"publish","type":"product","link":"https:\/\/distribucionarc.com\/fr\/producto\/maquina-para-cubitos-de-hielo-18-kg\/","title":{"rendered":"Machine \u00e0 gla\u00e7ons 18 Kg"},"content":{"rendered":"<h3>Machine \u00e0 gla\u00e7ons pour gla\u00e7ons 18 Kg<\/h3>\n<p>Ce <strong>machine \u00e0 gla\u00e7ons portative<\/strong> de<strong><span style=\"color: #ff0000;\"> \u00c0<\/span><span style=\"color: #0000ff;\">R.<\/span>c<\/strong> Avec un design intemporel, il s&#039;adapte \u00e0 n&#039;importe quel environnement. Id\u00e9al pour les familles, caf\u00e9s, f\u00eates, restaurants, bars, h\u00f4tels, magasins, bars de plage.<\/p>\n<p>Avec le <strong>machine \u00e0 cubes <span style=\"color: #ff0000;\">\u00c0<\/span><span style=\"color: #0000ff;\">R.<\/span>CMCH18<\/strong> peut produire <span style=\"color: #0000ff;\"><strong>24 cubes en 13-25 minutes<\/strong><\/span> (en fonction de la temp\u00e9rature ambiante) et <span style=\"color: #0000ff;\"><strong>jusqu&#039;\u00e0 18 kg en 24 heures<\/strong><\/span>. Son <span style=\"color: #008000;\"><strong>le moteur est efficace et contribue aux \u00e9conomies d\u2019\u00e9nergie<\/strong><\/span>.<\/p>\n<p>Gestion ais\u00e9e des conditions op\u00e9ratoires, <span style=\"color: #00ccff;\"><strong>fonction de nettoyage automatique<\/strong><\/span>, les boutons de l&#039;\u00e9cran LCD indiquent l&#039;\u00e9tat de fonctionnement du <strong>machine \u00e0 glace<\/strong> de <strong><span style=\"color: #ff0000;\">\u00c0<\/span><span style=\"color: #0000ff;\">R.<\/span>c<\/strong> \u00e0 tout moment. Si le seau \u00e0 glace est plein ou si le niveau d&#039;eau est trop bas, il vous en informe par une alarme.<\/p>\n<p>Le corps du r\u00e9servoir comporte 3 couches. Le r\u00e9cipient de qualit\u00e9 alimentaire peut contenir jusqu&#039;\u00e0 1,1 kg de glace. La mousse haute densit\u00e9 sert \u00e0 retenir la chaleur et \u00e0 isoler.<\/p>\n<p>Ce<strong> machine \u00e0 glace portative<\/strong> Il convient au remplissage manuel et automatique (le tuyau d&#039;eau est raccord\u00e9 \u00e0 l&#039;arri\u00e8re de la machine) dans le respect de la r\u00e9glementation.<\/p>\n<p>Le bac collecteur pratique est facile \u00e0 retirer et \u00e0 nettoyer. Le ventilateur \u00e9quip\u00e9 assure de grands volumes d&#039;air pour une dissipation thermique et une production de glace plus rapides.<\/p>\n<h6><strong>Garantie\u00a0<span style=\"color: #ff0000;\">\u00c0<\/span><span style=\"color: #0000ff;\">R.<\/span>C 2 ANS<\/strong><\/h6>\n<h6><span style=\"color: #008000;\"><strong>Machine \u00e0 gla\u00e7ons efficace, basse consommation 100w<\/strong><\/span><\/h6>\n<h6><strong>support technique inclus.<\/strong><\/h6>\n<p>&nbsp;<\/p>\n<p>&nbsp;<\/p>\n<table role=\"presentation\" width=\"100%\" cellspacing=\"0\" cellpadding=\"0\">\n<tbody>\n<tr>\n<td class=\"attrLabels\">Pouvoir:<\/td>\n<td width=\"50.0%\">100W<\/td>\n<\/tr>\n<tr>\n<td class=\"attrLabels\">tension:<\/td>\n<td width=\"50.0%\">220 V \u2013 240 V, 50 Hz \u2013 60 Hz<\/td>\n<td class=\"attrLabels\">Poids:<\/td>\n<td width=\"50.0%\">11,8kg<\/td>\n<\/tr>\n<tr>\n<td class=\"attrLabels\">Pays de distribution\u00a0:<\/td>\n<td width=\"50.0%\">Espagne, Allemagne, \u00c9tats-Unis<\/td>\n<td class=\"attrLabels\">Hauteur:<\/td>\n<td width=\"50.0%\">\u00a034 cm<\/td>\n<\/tr>\n<tr>\n<td class=\"attrLabels\">Marque:<\/td>\n<td width=\"50.0%\">ARC<\/td>\n<td class=\"attrLabels\">Long:<\/td>\n<td width=\"50.0%\">28,5 cm<\/td>\n<\/tr>\n<tr>\n<td class=\"attrLabels\">Type de produit\u00a0:<\/td>\n<td width=\"50.0%\">Machine \u00e0 gla\u00e7ons<\/td>\n<td class=\"attrLabels\">Large:<\/td>\n<td width=\"50.0%\">\u00a035,5 cm<\/td>\n<\/tr>\n<tr>\n<td class=\"attrLabels\">Num\u00e9ro du fabricant :<\/td>\n<td width=\"50.0%\">ARCMCH18<\/td>\n<td class=\"attrLabels\">Vitesse de travail\u00a0:<\/td>\n<td width=\"50.0%\">\u00a013 \u00e0 25 min pour 24 pi\u00e8ces<\/td>\n<\/tr>\n<tr>\n<td class=\"attrLabels\">Mat\u00e9riel:<\/td>\n<td width=\"50.0%\">acier inoxydable, \u00e9cran LCD, moteur optimis\u00e9<\/td>\n<td class=\"attrLabels\">dimension du gla\u00e7on\u00a0:<\/td>\n<td width=\"50.0%\">22x22x22mm<\/td>\n<\/tr>\n<tr>\n<td class=\"attrLabels\">Couleur:<\/td>\n<td width=\"50.0%\">Argent<\/td>\n<td class=\"attrLabels\">Stockage:<\/td>\n<td width=\"50.0%\">1,1kg<\/td>\n<\/tr>\n<tr>\n<td class=\"attrLabels\">Outils d&#039;installation\u00a0:<\/td>\n<td width=\"50.0%\">Ouais<\/td>\n<td class=\"attrLabels\">Garantie:<\/td>\n<td width=\"50.0%\">2 ANS<\/td>\n<\/tr>\n<\/tbody>\n<\/table>","protected":false},"excerpt":{"rendered":"<h2>Machine \u00e0 gla\u00e7ons pour gla\u00e7ons 18 Kg<\/h2>\n<p>Ne perdez plus de temps \u00e0 acheter des sacs de glace, gr\u00e2ce au\u00a0<strong>machines \u00e0 gla\u00e7ons<\/strong>\u00a0de<span style=\"color: #ff0000;\">\u00a0<\/span><strong><span style=\"color: #ff0000;\">\u00c0<\/span><span style=\"color: #0000ff;\">R.<\/span>C\u00a0;<\/strong> Vous n&#039;aurez pas besoin d&#039;aller nulle part pour avoir toujours vos r\u00e9serves pleines, en les stockant pendant que de la glace est produite.<\/p>\n<p>Le <strong>machine \u00e0 gla\u00e7ons <span style=\"color: #ff0000;\">\u00c0<\/span><span style=\"color: #0000ff;\">R.<\/span>CMCH18<\/strong> produit jusqu&#039;\u00e0 <span style=\"color: #0000ff;\"><strong>18 kg en 24 heures<\/strong><strong> et<\/strong><\/span> <span style=\"color: #0000ff;\"><strong>24 morceaux de gla\u00e7ons en 13-25 minutes<\/strong><\/span>. L&#039;op\u00e9ration est simple et claire gr\u00e2ce \u00e0 l&#039;\u00e9cran LCD. Le couvercle transparent vous offre une bonne observation. Le <strong>machine \u00e0 glace<\/strong> de <strong><span style=\"color: #ff0000;\">\u00c0<\/span><span style=\"color: #0000ff;\">R.<\/span>c<\/strong> Il est robuste avec un corps en acier inoxydable de la meilleure qualit\u00e9 pour le secteur alimentaire.<\/p>\n<h6><strong>Garantie\u00a0<span style=\"color: #ff0000;\">\u00c0<\/span><span style=\"color: #0000ff;\">R.<\/span>C 2 ANS<\/strong><\/h6>\n<h6><span style=\"color: #008000;\"><strong>Machine \u00e0 gla\u00e7ons efficace, basse consommation 100w<\/strong><\/span><\/h6>\n<h6><strong>support technique inclus.<\/strong><\/h6>","protected":false},"featured_media":1428,"comment_status":"open","ping_status":"closed","template":"","meta":{"wds_primary_product_brand":0,"wds_primary_product_cat":0},"product_brand":[],"product_cat":[59],"product_tag":[],"class_list":{"0":"post-1421","1":"product","2":"type-product","3":"status-publish","4":"has-post-thumbnail","6":"product_cat-hielo","7":"product_shipping_class-hosteleria","9":"first","10":"instock","11":"sale","12":"taxable","13":"shipping-taxable","14":"purchasable","15":"product-type-simple"},"yoast_head":"<!-- This site is optimized with the Yoast SEO Premium plugin v24.9 (Yoast SEO v26.1) - https:\/\/yoast.com\/wordpress\/plugins\/seo\/ -->\n<title>Maquina para cubitos de hielo 18 Kg - distribuci\u00f3n ARC<\/title>\n<meta name=\"robots\" content=\"index, follow, max-snippet:-1, max-image-preview:large, max-video-preview:-1\" \/>\n<link rel=\"canonical\" href=\"https:\/\/distribucionarc.com\/fr\/produit\/machine-a-glacon-18-kg\/\" \/>\n<meta property=\"og:locale\" content=\"fr_FR\" \/>\n<meta property=\"og:type\" content=\"article\" \/>\n<meta property=\"og:title\" content=\"Maquina para cubitos de hielo 18 Kg\" \/>\n<meta property=\"og:description\" content=\"Maquina de hielo para cubitos de hielo 18 Kg No pierdas m\u00e1s el tiempo comprando sacos de hielo, con las\u00a0m\u00e1quinas para cubitos de hielo\u00a0de\u00a0ARC; no tendr\u00e1s que ir a ning\u00fan lado para tener tus reservas siempre llenas, al almacenarlo mientras se va fabricando m\u00e1s hielo.  La m\u00e1quina de cubitos de hielo ARCMCH18 produce hasta 18 kg en 24 horas y 24 trozos de cubitos de hielo en 13-25 minutos. La operaci\u00f3n es simple y clara a trav\u00e9s de la pantalla LCD. La tapa transparente proporciona una buena observaci\u00f3n para usted. La m\u00e1quina de hielo de ARC es robusta con un cuerpo de acero inoxidable de la mejor calidad para el \u00e1mbito alimenticio. Garant\u00eda\u00a0ARC 2 A\u00d1OS Maquina para cubitos de hielo eficiente, bajo consumo 100w soporte t\u00e9cnico\u00a0incluido.\" \/>\n<meta property=\"og:url\" content=\"https:\/\/distribucionarc.com\/fr\/produit\/machine-a-glacon-18-kg\/\" \/>\n<meta property=\"og:site_name\" content=\"distribuci\u00f3n ARC\" \/>\n<meta property=\"article:modified_time\" content=\"2020-09-29T18:45:55+00:00\" \/>\n<meta property=\"og:image\" content=\"https:\/\/distribucionarc.com\/wp-content\/uploads\/2020\/07\/M\u00e1quina-para-cubitos-de-hielo-18-Kg-0.jpg\" \/>\n\t<meta property=\"og:image:width\" content=\"1600\" \/>\n\t<meta property=\"og:image:height\" content=\"1600\" \/>\n\t<meta property=\"og:image:type\" content=\"image\/jpeg\" \/>\n<meta name=\"twitter:card\" content=\"summary_large_image\" \/>\n<meta name=\"twitter:label1\" content=\"Dur\u00e9e de lecture estim\u00e9e\" \/>\n\t<meta name=\"twitter:data1\" content=\"2 minutes\" \/>\n<script type=\"application\/ld+json\" class=\"yoast-schema-graph\">{\"@context\":\"https:\/\/schema.org\",\"@graph\":[{\"@type\":\"WebPage\",\"@id\":\"https:\/\/distribucionarc.com\/nb\/producto\/maquina-para-cubitos-de-hielo-18-kg\/\",\"url\":\"https:\/\/distribucionarc.com\/nb\/producto\/maquina-para-cubitos-de-hielo-18-kg\/\",\"name\":\"Maquina para cubitos de hielo 18 Kg - distribuci\u00f3n ARC\",\"isPartOf\":{\"@id\":\"https:\/\/www.distribucionarc.com\/de\/#website\"},\"primaryImageOfPage\":{\"@id\":\"https:\/\/distribucionarc.com\/nb\/producto\/maquina-para-cubitos-de-hielo-18-kg\/#primaryimage\"},\"image\":{\"@id\":\"https:\/\/distribucionarc.com\/nb\/producto\/maquina-para-cubitos-de-hielo-18-kg\/#primaryimage\"},\"thumbnailUrl\":\"https:\/\/distribucionarc.com\/wp-content\/uploads\/2020\/07\/M\u00e1quina-para-cubitos-de-hielo-18-Kg-0.jpg\",\"datePublished\":\"2020-07-24T12:18:25+00:00\",\"dateModified\":\"2020-09-29T18:45:55+00:00\",\"breadcrumb\":{\"@id\":\"https:\/\/distribucionarc.com\/nb\/producto\/maquina-para-cubitos-de-hielo-18-kg\/#breadcrumb\"},\"inLanguage\":\"fr-FR\",\"potentialAction\":[{\"@type\":\"ReadAction\",\"target\":[\"https:\/\/distribucionarc.com\/nb\/producto\/maquina-para-cubitos-de-hielo-18-kg\/\"]}]},{\"@type\":\"ImageObject\",\"inLanguage\":\"fr-FR\",\"@id\":\"https:\/\/distribucionarc.com\/nb\/producto\/maquina-para-cubitos-de-hielo-18-kg\/#primaryimage\",\"url\":\"https:\/\/distribucionarc.com\/wp-content\/uploads\/2020\/07\/M\u00e1quina-para-cubitos-de-hielo-18-Kg-0.jpg\",\"contentUrl\":\"https:\/\/distribucionarc.com\/wp-content\/uploads\/2020\/07\/M\u00e1quina-para-cubitos-de-hielo-18-Kg-0.jpg\",\"width\":1600,\"height\":1600,\"caption\":\"M\u00e1quina para cubitos de hielo 18 Kg\"},{\"@type\":\"BreadcrumbList\",\"@id\":\"https:\/\/distribucionarc.com\/nb\/producto\/maquina-para-cubitos-de-hielo-18-kg\/#breadcrumb\",\"itemListElement\":[{\"@type\":\"ListItem\",\"position\":1,\"name\":\"Portada\",\"item\":\"https:\/\/www.distribucionarc.com\/en\/\"},{\"@type\":\"ListItem\",\"position\":2,\"name\":\"Products\",\"item\":\"https:\/\/www.distribucionarc.com\/en\/shop\/\"},{\"@type\":\"ListItem\",\"position\":3,\"name\":\"Maquina para cubitos de hielo 18 Kg\"}]},{\"@type\":\"WebSite\",\"@id\":\"https:\/\/www.distribucionarc.com\/de\/#website\",\"url\":\"https:\/\/www.distribucionarc.com\/de\/\",\"name\":\"distribuci\u00f3n ARC\",\"description\":\"Empresa especializada en la fabricaci\u00f3n y distribuci\u00f3n de maquinaria industrial, selladoras de latas, Maquinas de hacer pastillas, Maquinas de cortar carne...\",\"publisher\":{\"@id\":\"https:\/\/www.distribucionarc.com\/de\/#organization\"},\"potentialAction\":[{\"@type\":\"SearchAction\",\"target\":{\"@type\":\"EntryPoint\",\"urlTemplate\":\"https:\/\/www.distribucionarc.com\/de\/?s={search_term_string}\"},\"query-input\":{\"@type\":\"PropertyValueSpecification\",\"valueRequired\":true,\"valueName\":\"search_term_string\"}}],\"inLanguage\":\"fr-FR\"},{\"@type\":\"Organization\",\"@id\":\"https:\/\/www.distribucionarc.com\/de\/#organization\",\"name\":\"Distribuci\u00f3n ARC\",\"url\":\"https:\/\/www.distribucionarc.com\/de\/\",\"logo\":{\"@type\":\"ImageObject\",\"inLanguage\":\"fr-FR\",\"@id\":\"https:\/\/www.distribucionarc.com\/de\/#\/schema\/logo\/image\/\",\"url\":\"https:\/\/distribucionarc.com\/wp-content\/uploads\/2024\/10\/distribucion-ARC-COLOR-SIN-FONDO-e1732295305345.png\",\"contentUrl\":\"https:\/\/distribucionarc.com\/wp-content\/uploads\/2024\/10\/distribucion-ARC-COLOR-SIN-FONDO-e1732295305345.png\",\"width\":1164,\"height\":558,\"caption\":\"Distribuci\u00f3n ARC\"},\"image\":{\"@id\":\"https:\/\/www.distribucionarc.com\/de\/#\/schema\/logo\/image\/\"},\"description\":\"Empresa especializada en la fabricaci\u00f3n y distribuci\u00f3n de maquinaria industrial para los sectores alimentario y farmac\u00e9utico. Nos especializamos en: M\u00e1quinas de cortar carne Fabricaci\u00f3n de comprimidos Sistemas de transporte industrial L\u00edneas de embotellado Dosificadores Y mucho m\u00e1s... Ofrecemos soluciones innovadoras y personalizadas para optimizar los procesos productivos de tu empresa.\",\"email\":\"Admistracion@distribucionarc.com\",\"telephone\":\"+34 643496664\",\"legalName\":\"ARC TECH SOLUTIONS\",\"foundingDate\":\"2024-04-09\",\"vatID\":\"B55480172\",\"numberOfEmployees\":{\"@type\":\"QuantitativeValue\",\"minValue\":\"1\",\"maxValue\":\"10\"}}]}<\/script>\n<!-- \/ Yoast SEO Premium plugin. -->","yoast_head_json":{"title":"Machine \u00e0 gla\u00e7ons 18 Kg - Distribution ARC","robots":{"index":"index","follow":"follow","max-snippet":"max-snippet:-1","max-image-preview":"max-image-preview:large","max-video-preview":"max-video-preview:-1"},"canonical":"https:\/\/distribucionarc.com\/fr\/produit\/machine-a-glacon-18-kg\/","og_locale":"fr_FR","og_type":"article","og_title":"Maquina para cubitos de hielo 18 Kg","og_description":"Maquina de hielo para cubitos de hielo 18 Kg No pierdas m\u00e1s el tiempo comprando sacos de hielo, con las\u00a0m\u00e1quinas para cubitos de hielo\u00a0de\u00a0ARC; no tendr\u00e1s que ir a ning\u00fan lado para tener tus reservas siempre llenas, al almacenarlo mientras se va fabricando m\u00e1s hielo.  La m\u00e1quina de cubitos de hielo ARCMCH18 produce hasta 18 kg en 24 horas y 24 trozos de cubitos de hielo en 13-25 minutos. La operaci\u00f3n es simple y clara a trav\u00e9s de la pantalla LCD. La tapa transparente proporciona una buena observaci\u00f3n para usted. La m\u00e1quina de hielo de ARC es robusta con un cuerpo de acero inoxidable de la mejor calidad para el \u00e1mbito alimenticio. Garant\u00eda\u00a0ARC 2 A\u00d1OS Maquina para cubitos de hielo eficiente, bajo consumo 100w soporte t\u00e9cnico\u00a0incluido.","og_url":"https:\/\/distribucionarc.com\/fr\/produit\/machine-a-glacon-18-kg\/","og_site_name":"distribuci\u00f3n ARC","article_modified_time":"2020-09-29T18:45:55+00:00","og_image":[{"width":1600,"height":1600,"url":"https:\/\/distribucionarc.com\/wp-content\/uploads\/2020\/07\/M\u00e1quina-para-cubitos-de-hielo-18-Kg-0.jpg","type":"image\/jpeg"}],"twitter_card":"summary_large_image","twitter_misc":{"Dur\u00e9e de lecture estim\u00e9e":"2 minutes"},"schema":{"@context":"https:\/\/schema.org","@graph":[{"@type":"WebPage","@id":"https:\/\/distribucionarc.com\/nb\/producto\/maquina-para-cubitos-de-hielo-18-kg\/","url":"https:\/\/distribucionarc.com\/nb\/producto\/maquina-para-cubitos-de-hielo-18-kg\/","name":"Machine \u00e0 gla\u00e7ons 18 Kg - Distribution ARC","isPartOf":{"@id":"https:\/\/www.distribucionarc.com\/de\/#website"},"primaryImageOfPage":{"@id":"https:\/\/distribucionarc.com\/nb\/producto\/maquina-para-cubitos-de-hielo-18-kg\/#primaryimage"},"image":{"@id":"https:\/\/distribucionarc.com\/nb\/producto\/maquina-para-cubitos-de-hielo-18-kg\/#primaryimage"},"thumbnailUrl":"https:\/\/distribucionarc.com\/wp-content\/uploads\/2020\/07\/M\u00e1quina-para-cubitos-de-hielo-18-Kg-0.jpg","datePublished":"2020-07-24T12:18:25+00:00","dateModified":"2020-09-29T18:45:55+00:00","breadcrumb":{"@id":"https:\/\/distribucionarc.com\/nb\/producto\/maquina-para-cubitos-de-hielo-18-kg\/#breadcrumb"},"inLanguage":"fr-FR","potentialAction":[{"@type":"ReadAction","target":["https:\/\/distribucionarc.com\/nb\/producto\/maquina-para-cubitos-de-hielo-18-kg\/"]}]},{"@type":"ImageObject","inLanguage":"fr-FR","@id":"https:\/\/distribucionarc.com\/nb\/producto\/maquina-para-cubitos-de-hielo-18-kg\/#primaryimage","url":"https:\/\/distribucionarc.com\/wp-content\/uploads\/2020\/07\/M\u00e1quina-para-cubitos-de-hielo-18-Kg-0.jpg","contentUrl":"https:\/\/distribucionarc.com\/wp-content\/uploads\/2020\/07\/M\u00e1quina-para-cubitos-de-hielo-18-Kg-0.jpg","width":1600,"height":1600,"caption":"M\u00e1quina para cubitos de hielo 18 Kg"},{"@type":"BreadcrumbList","@id":"https:\/\/distribucionarc.com\/nb\/producto\/maquina-para-cubitos-de-hielo-18-kg\/#breadcrumb","itemListElement":[{"@type":"ListItem","position":1,"name":"Portada","item":"https:\/\/www.distribucionarc.com\/en\/"},{"@type":"ListItem","position":2,"name":"Products","item":"https:\/\/www.distribucionarc.com\/en\/shop\/"},{"@type":"ListItem","position":3,"name":"Maquina para cubitos de hielo 18 Kg"}]},{"@type":"WebSite","@id":"https:\/\/www.distribucionarc.com\/de\/#website","url":"https:\/\/www.distribucionarc.com\/de\/","name":"R\u00e9partition de l&#039;ARC","description":"Entreprise sp\u00e9cialis\u00e9e dans la fabrication et la distribution de machines industrielles, scelleuses de bo\u00eetes, machines \u00e0 comprim\u00e9s, machines \u00e0 d\u00e9couper la viande...","publisher":{"@id":"https:\/\/www.distribucionarc.com\/de\/#organization"},"potentialAction":[{"@type":"SearchAction","target":{"@type":"EntryPoint","urlTemplate":"https:\/\/www.distribucionarc.com\/de\/?s={search_term_string}"},"query-input":{"@type":"PropertyValueSpecification","valueRequired":true,"valueName":"search_term_string"}}],"inLanguage":"fr-FR"},{"@type":"Organization","@id":"https:\/\/www.distribucionarc.com\/de\/#organization","name":"Distribution ARC","url":"https:\/\/www.distribucionarc.com\/de\/","logo":{"@type":"ImageObject","inLanguage":"fr-FR","@id":"https:\/\/www.distribucionarc.com\/de\/#\/schema\/logo\/image\/","url":"https:\/\/distribucionarc.com\/wp-content\/uploads\/2024\/10\/distribucion-ARC-COLOR-SIN-FONDO-e1732295305345.png","contentUrl":"https:\/\/distribucionarc.com\/wp-content\/uploads\/2024\/10\/distribucion-ARC-COLOR-SIN-FONDO-e1732295305345.png","width":1164,"height":558,"caption":"Distribuci\u00f3n ARC"},"image":{"@id":"https:\/\/www.distribucionarc.com\/de\/#\/schema\/logo\/image\/"},"description":"Entreprise sp\u00e9cialis\u00e9e dans la fabrication et la distribution de machines industrielles pour les secteurs alimentaire et pharmaceutique. Nous sommes sp\u00e9cialis\u00e9s dans : Machines \u00e0 couper la viande Fabrication de comprim\u00e9s Syst\u00e8mes de transport industriel Lignes d'embouteillage Machines de dosage Et bien plus encore... Nous proposons des solutions innovantes et personnalis\u00e9es pour optimiser les processus de production de votre entreprise.","email":"Admistracion@distribucionarc.com","telephone":"+34 643496664","legalName":"ARC TECH SOLUTIONS","foundingDate":"2024-04-09","vatID":"B55480172","numberOfEmployees":{"@type":"QuantitativeValue","minValue":"1","maxValue":"10"}}]}},"_links":{"self":[{"href":"https:\/\/distribucionarc.com\/fr\/wp-json\/wp\/v2\/product\/1421","targetHints":{"allow":["GET"]}}],"collection":[{"href":"https:\/\/distribucionarc.com\/fr\/wp-json\/wp\/v2\/product"}],"about":[{"href":"https:\/\/distribucionarc.com\/fr\/wp-json\/wp\/v2\/types\/product"}],"replies":[{"embeddable":true,"href":"https:\/\/distribucionarc.com\/fr\/wp-json\/wp\/v2\/comments?post=1421"}],"version-history":[{"count":0,"href":"https:\/\/distribucionarc.com\/fr\/wp-json\/wp\/v2\/product\/1421\/revisions"}],"wp:featuredmedia":[{"embeddable":true,"href":"https:\/\/distribucionarc.com\/fr\/wp-json\/wp\/v2\/media\/1428"}],"wp:attachment":[{"href":"https:\/\/distribucionarc.com\/fr\/wp-json\/wp\/v2\/media?parent=1421"}],"wp:term":[{"taxonomy":"product_brand","embeddable":true,"href":"https:\/\/distribucionarc.com\/fr\/wp-json\/wp\/v2\/product_brand?post=1421"},{"taxonomy":"product_cat","embeddable":true,"href":"https:\/\/distribucionarc.com\/fr\/wp-json\/wp\/v2\/product_cat?post=1421"},{"taxonomy":"product_tag","embeddable":true,"href":"https:\/\/distribucionarc.com\/fr\/wp-json\/wp\/v2\/product_tag?post=1421"}],"curies":[{"name":"wp","href":"https:\/\/api.w.org\/{rel}","templated":true}]}}