{"id":1556,"date":"2020-07-27T17:47:28","date_gmt":"2020-07-27T17:47:28","guid":{"rendered":"https:\/\/distribucionarc.com\/?post_type=product&#038;p=1556"},"modified":"2020-09-27T10:19:49","modified_gmt":"2020-09-27T10:19:49","slug":"coupeur-de-viande-pour-doner-kebab","status":"publish","type":"product","link":"https:\/\/distribucionarc.com\/fr\/producto\/cortador-de-carne-para-kebab-doner\/","title":{"rendered":"Coupe-viande pour D\u00f6ner Kebab"},"content":{"rendered":"<h3>Coupe-viande pour D\u00f6ner Kebab<\/h3>\n<p>Le <strong>trancheuse \u00e0 kebab<\/strong> de <strong><span style=\"color: #ff0000;\">\u00c0<\/span><span style=\"color: #0000ff;\">R.<\/span>c<\/strong> Il est compos\u00e9 d&#039;une lame en acier inoxydable tremp\u00e9 pour assurer une longue dur\u00e9e de vie \u00e0 la machine. La lame est prot\u00e9g\u00e9e pour offrir une grande s\u00e9curit\u00e9.<\/p>\n<p>Ce <strong>couteau coupe-kebab<\/strong> Il se nettoie facilement avec une simple vis de d\u00e9verrouillage, vous pouvez r\u00e9gler l&#039;\u00e9paisseur de la coupe, il dispose d&#039;une pierre pour maintenir longtemps le tranchant de la lame.<\/p>\n<p>Ce<strong> trancheuse \u00e0 kebab <span style=\"color: #ff0000;\">\u00c0<\/span><span style=\"color: #0000ff;\">R.<\/span>CCK1<\/strong> <span style=\"color: #008000;\"><strong>consomme moins d&#039;\u00e9nergie<\/strong><\/span> que les autres sur le march\u00e9, la poign\u00e9e ergonomique contribue \u00e0 la rendre plus confortable \u00e0 utiliser.<\/p>\n<h6>Garantie<strong><span style=\"color: #ff0000;\">\u00a0\u00c0<\/span><span style=\"color: #0000ff;\">R.<\/span>c<\/strong><\/h6>\n<h6><span style=\"color: #008000;\"><strong>Coupe-kebab professionnel, basse consommation 60w<\/strong><\/span><\/h6>\n<h6>support technique inclus<\/h6>\n<p>&nbsp;<\/p>\n<table role=\"presentation\" width=\"100%\" cellspacing=\"0\" cellpadding=\"0\">\n<tbody>\n<tr>\n<td class=\"attrLabels\">Garantie:<\/td>\n<td width=\"50.0%\">ARC 2 ANS<\/td>\n<\/tr>\n<tr>\n<td class=\"attrLabels\">Pays de distribution\u00a0:<\/td>\n<td width=\"50.0%\">Espagne, Allemagne, \u00c9tats-Unis<\/td>\n<td class=\"attrLabels\">Poids:<\/td>\n<td width=\"50.0%\">1,50kg<\/td>\n<\/tr>\n<tr>\n<td class=\"attrLabels\">Marque:<\/td>\n<td width=\"50.0%\">ARC<\/td>\n<td class=\"attrLabels\">Hauteur:<\/td>\n<td width=\"50.0%\">\u00a027 cm<\/td>\n<\/tr>\n<tr>\n<td class=\"attrLabels\">Couleur:<\/td>\n<td width=\"50.0%\">Argent<\/td>\n<td class=\"attrLabels\">Long:<\/td>\n<td width=\"50.0%\">23 cm<\/td>\n<\/tr>\n<tr>\n<td class=\"attrLabels\">Type de produit\u00a0:<\/td>\n<td width=\"50.0%\">Coupe-kebab professionnel<\/td>\n<td class=\"attrLabels\">Large:<\/td>\n<td width=\"50.0%\">18 cm<\/td>\n<\/tr>\n<tr>\n<td class=\"attrLabels\">Num\u00e9ro du fabricant :<\/td>\n<td width=\"50.0%\">ARCCK1<\/td>\n<td class=\"attrLabels\">Pouvoir:<\/td>\n<td width=\"50.0%\">60W<\/td>\n<\/tr>\n<tr>\n<td class=\"attrLabels\">Mat\u00e9riel:<\/td>\n<td width=\"50.0%\">acier inoxydable<\/td>\n<td class=\"attrLabels\">tension d&#039;entr\u00e9e<\/td>\n<td width=\"50.0%\">220 V \u2013 50 Hz<\/td>\n<\/tr>\n<tr>\n<td class=\"attrLabels\">types de coupe\u00a0:<\/td>\n<td width=\"50.0%\">0 \u00e0 8mm<\/td>\n<td class=\"attrLabels\">Diam\u00e8tre de la lame :<\/td>\n<td width=\"50.0%\">100mm<\/td>\n<\/tr>\n<tr>\n<td class=\"attrLabels\">Outils d&#039;installation\u00a0:<\/td>\n<td width=\"50.0%\">Ouais<\/td>\n<td class=\"attrLabels\">Capacit\u00e9 de coupe journali\u00e8re\u00a0:<\/td>\n<td width=\"50.0%\">50 \u00e0 70kg<\/td>\n<\/tr>\n<\/tbody>\n<\/table>\n<p>&nbsp;<\/p>","protected":false},"excerpt":{"rendered":"<h2>Coupe-viande pour D\u00f6ner Kebab<\/h2>\n<p>Le <strong>trancheuse \u00e0 kebab <span style=\"color: #ff0000;\">\u00c0<\/span><span style=\"color: #0000ff;\">R.<\/span>c<\/strong> Il est con\u00e7u pour \u00eatre facile \u00e0 nettoyer et \u00e0 entretenir : la lame peut \u00eatre retir\u00e9e avec une simple vis de verrouillage.<\/p>\n<p>Ce <strong>coupe-kebab <span style=\"color: #ff0000;\">\u00c0<\/span><span style=\"color: #0000ff;\">R.<\/span>CCK1<\/strong> Il est fabriqu\u00e9 avec un mat\u00e9riel hautement qualifi\u00e9 et constitue un p\u00e9riph\u00e9rique r\u00e9seau pratique pour que vous puissiez l&#039;utiliser n&#039;importe o\u00f9. La lame est super tranchante, elle coupera donc l&#039;agneau, le poulet et le b\u0153uf avec facilit\u00e9 et finesse. L&#039;anneau et la vis sont r\u00e9glables, vous pouvez l&#039;ajuster \u00e0 l&#039;\u00e9paisseur souhait\u00e9e. Le coupe-kebab est maintenu en s\u00e9curit\u00e9 gr\u00e2ce \u00e0 un prot\u00e8ge-lame pratique et la poign\u00e9e a \u00e9t\u00e9 con\u00e7ue de mani\u00e8re ergonomique pour s&#039;adapter parfaitement \u00e0 votre main.<\/p>\n<h6>Garantie<strong><span style=\"color: #ff0000;\">\u00a0\u00c0<\/span><span style=\"color: #0000ff;\">R.<\/span>c<\/strong><\/h6>\n<h6><span style=\"color: #008000;\"><strong>Coupe-kebab professionnel, basse consommation 60w<\/strong><\/span><\/h6>\n<h6>support technique inclus<\/h6>\n<p>&nbsp;<\/p>","protected":false},"featured_media":1563,"comment_status":"open","ping_status":"closed","template":"","meta":{"wds_primary_product_brand":0,"wds_primary_product_cat":0},"product_brand":[],"product_cat":[43],"product_tag":[],"class_list":{"0":"post-1556","1":"product","2":"type-product","3":"status-publish","4":"has-post-thumbnail","6":"product_cat-cortadoras-de-alimentos","7":"product_shipping_class-hosteleria","9":"first","10":"instock","11":"sale","12":"taxable","13":"shipping-taxable","14":"purchasable","15":"product-type-simple"},"yoast_head":"<!-- This site is optimized with the Yoast SEO Premium plugin v24.9 (Yoast SEO v26.1) - https:\/\/yoast.com\/wordpress\/plugins\/seo\/ -->\n<title>Cortador de Carne para Kebab D\u00f6ner - distribuci\u00f3n ARC<\/title>\n<meta name=\"robots\" content=\"index, follow, max-snippet:-1, max-image-preview:large, max-video-preview:-1\" \/>\n<link rel=\"canonical\" href=\"https:\/\/distribucionarc.com\/fr\/produit\/coupeur-de-viande-pour-doner-kebab\/\" \/>\n<meta property=\"og:locale\" content=\"fr_FR\" \/>\n<meta property=\"og:type\" content=\"article\" \/>\n<meta property=\"og:title\" content=\"Cortador de Carne para Kebab D\u00f6ner\" \/>\n<meta property=\"og:description\" content=\"Cortador de Carne para Kebab D\u00f6ner La cortadora de kebab ARC est\u00e1 dise\u00f1ada para que sea f\u00e1cil de limpiar y mantener: la hoja se puede quitar con un simple tornillo de bloqueo.  Este cortador de kebab ARCCK1 est\u00e1 hecho de material altamente calificado y es un pr\u00e1ctico dispositivo de red para que pueda usarlo en cualquier lugar. La hoja es s\u00faper afilada, por lo que cortar\u00e1 a trav\u00e9s de cordero, pollo, ternera, con facilidad y finura. El anillo y el tornillo es ajustable, se puede ajustar para el espesor deseado. El cortador de kebab se mantiene seguro con un pr\u00e1ctico protector de la hoja y el mango ha sido dise\u00f1ado ergon\u00f3micamente para que encaje perfectamente en la mano. Garant\u00eda\u00a0ARC Cortador de kebab profesional, bajo consumo 60w soporte t\u00e9cnico\u00a0incluido &nbsp;\" \/>\n<meta property=\"og:url\" content=\"https:\/\/distribucionarc.com\/fr\/produit\/coupeur-de-viande-pour-doner-kebab\/\" \/>\n<meta property=\"og:site_name\" content=\"distribuci\u00f3n ARC\" \/>\n<meta property=\"article:modified_time\" content=\"2020-09-27T10:19:49+00:00\" \/>\n<meta property=\"og:image\" content=\"https:\/\/distribucionarc.com\/wp-content\/uploads\/2020\/07\/Cortador-de-Carne-para-Kebab-D\u00f6ner-0.jpg\" \/>\n\t<meta property=\"og:image:width\" content=\"1000\" \/>\n\t<meta property=\"og:image:height\" content=\"1000\" \/>\n\t<meta property=\"og:image:type\" content=\"image\/jpeg\" \/>\n<meta name=\"twitter:card\" content=\"summary_large_image\" \/>\n<meta name=\"twitter:label1\" content=\"Dur\u00e9e de lecture estim\u00e9e\" \/>\n\t<meta name=\"twitter:data1\" content=\"1 minute\" \/>\n<script type=\"application\/ld+json\" class=\"yoast-schema-graph\">{\"@context\":\"https:\/\/schema.org\",\"@graph\":[{\"@type\":\"WebPage\",\"@id\":\"https:\/\/distribucionarc.com\/hr\/producto\/cortador-de-carne-para-kebab-doner\/\",\"url\":\"https:\/\/distribucionarc.com\/hr\/producto\/cortador-de-carne-para-kebab-doner\/\",\"name\":\"Cortador de Carne para Kebab D\u00f6ner - distribuci\u00f3n ARC\",\"isPartOf\":{\"@id\":\"https:\/\/distribucionarc.com\/de\/#website\"},\"primaryImageOfPage\":{\"@id\":\"https:\/\/distribucionarc.com\/hr\/producto\/cortador-de-carne-para-kebab-doner\/#primaryimage\"},\"image\":{\"@id\":\"https:\/\/distribucionarc.com\/hr\/producto\/cortador-de-carne-para-kebab-doner\/#primaryimage\"},\"thumbnailUrl\":\"https:\/\/distribucionarc.com\/wp-content\/uploads\/2020\/07\/Cortador-de-Carne-para-Kebab-D\u00f6ner-0.jpg\",\"datePublished\":\"2020-07-27T17:47:28+00:00\",\"dateModified\":\"2020-09-27T10:19:49+00:00\",\"breadcrumb\":{\"@id\":\"https:\/\/distribucionarc.com\/hr\/producto\/cortador-de-carne-para-kebab-doner\/#breadcrumb\"},\"inLanguage\":\"fr-FR\",\"potentialAction\":[{\"@type\":\"ReadAction\",\"target\":[\"https:\/\/distribucionarc.com\/hr\/producto\/cortador-de-carne-para-kebab-doner\/\"]}]},{\"@type\":\"ImageObject\",\"inLanguage\":\"fr-FR\",\"@id\":\"https:\/\/distribucionarc.com\/hr\/producto\/cortador-de-carne-para-kebab-doner\/#primaryimage\",\"url\":\"https:\/\/distribucionarc.com\/wp-content\/uploads\/2020\/07\/Cortador-de-Carne-para-Kebab-D\u00f6ner-0.jpg\",\"contentUrl\":\"https:\/\/distribucionarc.com\/wp-content\/uploads\/2020\/07\/Cortador-de-Carne-para-Kebab-D\u00f6ner-0.jpg\",\"width\":1000,\"height\":1000,\"caption\":\"Cortador de carne para kebab doner\"},{\"@type\":\"BreadcrumbList\",\"@id\":\"https:\/\/distribucionarc.com\/hr\/producto\/cortador-de-carne-para-kebab-doner\/#breadcrumb\",\"itemListElement\":[{\"@type\":\"ListItem\",\"position\":1,\"name\":\"Portada\",\"item\":\"https:\/\/distribucionarc.com\/pl\/\"},{\"@type\":\"ListItem\",\"position\":2,\"name\":\"Produkty\",\"item\":\"https:\/\/distribucionarc.com\/pl\/shop\/\"},{\"@type\":\"ListItem\",\"position\":3,\"name\":\"Cortador de Carne para Kebab D\u00f6ner\"}]},{\"@type\":\"WebSite\",\"@id\":\"https:\/\/distribucionarc.com\/de\/#website\",\"url\":\"https:\/\/distribucionarc.com\/de\/\",\"name\":\"distribuci\u00f3n ARC\",\"description\":\"Empresa especializada en la fabricaci\u00f3n y distribuci\u00f3n de maquinaria industrial, selladoras de latas, Maquinas de hacer pastillas, Maquinas de cortar carne...\",\"publisher\":{\"@id\":\"https:\/\/distribucionarc.com\/de\/#organization\"},\"potentialAction\":[{\"@type\":\"SearchAction\",\"target\":{\"@type\":\"EntryPoint\",\"urlTemplate\":\"https:\/\/distribucionarc.com\/de\/?s={search_term_string}\"},\"query-input\":{\"@type\":\"PropertyValueSpecification\",\"valueRequired\":true,\"valueName\":\"search_term_string\"}}],\"inLanguage\":\"fr-FR\"},{\"@type\":\"Organization\",\"@id\":\"https:\/\/distribucionarc.com\/de\/#organization\",\"name\":\"Distribuci\u00f3n ARC\",\"url\":\"https:\/\/distribucionarc.com\/de\/\",\"logo\":{\"@type\":\"ImageObject\",\"inLanguage\":\"fr-FR\",\"@id\":\"https:\/\/distribucionarc.com\/de\/#\/schema\/logo\/image\/\",\"url\":\"https:\/\/distribucionarc.com\/wp-content\/uploads\/2024\/10\/distribucion-ARC-COLOR-SIN-FONDO-e1732295305345.png\",\"contentUrl\":\"https:\/\/distribucionarc.com\/wp-content\/uploads\/2024\/10\/distribucion-ARC-COLOR-SIN-FONDO-e1732295305345.png\",\"width\":1164,\"height\":558,\"caption\":\"Distribuci\u00f3n ARC\"},\"image\":{\"@id\":\"https:\/\/distribucionarc.com\/de\/#\/schema\/logo\/image\/\"},\"description\":\"Empresa especializada en la fabricaci\u00f3n y distribuci\u00f3n de maquinaria industrial para los sectores alimentario y farmac\u00e9utico. Nos especializamos en: M\u00e1quinas de cortar carne Fabricaci\u00f3n de comprimidos Sistemas de transporte industrial L\u00edneas de embotellado Dosificadores Y mucho m\u00e1s... Ofrecemos soluciones innovadoras y personalizadas para optimizar los procesos productivos de tu empresa.\",\"email\":\"Admistracion@distribucionarc.com\",\"telephone\":\"+34 643496664\",\"legalName\":\"ARC TECH SOLUTIONS\",\"foundingDate\":\"2024-04-09\",\"vatID\":\"B55480172\",\"numberOfEmployees\":{\"@type\":\"QuantitativeValue\",\"minValue\":\"1\",\"maxValue\":\"10\"}}]}<\/script>\n<!-- \/ Yoast SEO Premium plugin. -->","yoast_head_json":{"title":"Coupe-viande pour D\u00f6ner Kebab - ARC distribution","robots":{"index":"index","follow":"follow","max-snippet":"max-snippet:-1","max-image-preview":"max-image-preview:large","max-video-preview":"max-video-preview:-1"},"canonical":"https:\/\/distribucionarc.com\/fr\/produit\/coupeur-de-viande-pour-doner-kebab\/","og_locale":"fr_FR","og_type":"article","og_title":"Cortador de Carne para Kebab D\u00f6ner","og_description":"Cortador de Carne para Kebab D\u00f6ner La cortadora de kebab ARC est\u00e1 dise\u00f1ada para que sea f\u00e1cil de limpiar y mantener: la hoja se puede quitar con un simple tornillo de bloqueo.  Este cortador de kebab ARCCK1 est\u00e1 hecho de material altamente calificado y es un pr\u00e1ctico dispositivo de red para que pueda usarlo en cualquier lugar. La hoja es s\u00faper afilada, por lo que cortar\u00e1 a trav\u00e9s de cordero, pollo, ternera, con facilidad y finura. El anillo y el tornillo es ajustable, se puede ajustar para el espesor deseado. El cortador de kebab se mantiene seguro con un pr\u00e1ctico protector de la hoja y el mango ha sido dise\u00f1ado ergon\u00f3micamente para que encaje perfectamente en la mano. Garant\u00eda\u00a0ARC Cortador de kebab profesional, bajo consumo 60w soporte t\u00e9cnico\u00a0incluido &nbsp;","og_url":"https:\/\/distribucionarc.com\/fr\/produit\/coupeur-de-viande-pour-doner-kebab\/","og_site_name":"distribuci\u00f3n ARC","article_modified_time":"2020-09-27T10:19:49+00:00","og_image":[{"width":1000,"height":1000,"url":"https:\/\/distribucionarc.com\/wp-content\/uploads\/2020\/07\/Cortador-de-Carne-para-Kebab-D\u00f6ner-0.jpg","type":"image\/jpeg"}],"twitter_card":"summary_large_image","twitter_misc":{"Dur\u00e9e de lecture estim\u00e9e":"1 minute"},"schema":{"@context":"https:\/\/schema.org","@graph":[{"@type":"WebPage","@id":"https:\/\/distribucionarc.com\/hr\/producto\/cortador-de-carne-para-kebab-doner\/","url":"https:\/\/distribucionarc.com\/hr\/producto\/cortador-de-carne-para-kebab-doner\/","name":"Coupe-viande pour D\u00f6ner Kebab - ARC distribution","isPartOf":{"@id":"https:\/\/distribucionarc.com\/de\/#website"},"primaryImageOfPage":{"@id":"https:\/\/distribucionarc.com\/hr\/producto\/cortador-de-carne-para-kebab-doner\/#primaryimage"},"image":{"@id":"https:\/\/distribucionarc.com\/hr\/producto\/cortador-de-carne-para-kebab-doner\/#primaryimage"},"thumbnailUrl":"https:\/\/distribucionarc.com\/wp-content\/uploads\/2020\/07\/Cortador-de-Carne-para-Kebab-D\u00f6ner-0.jpg","datePublished":"2020-07-27T17:47:28+00:00","dateModified":"2020-09-27T10:19:49+00:00","breadcrumb":{"@id":"https:\/\/distribucionarc.com\/hr\/producto\/cortador-de-carne-para-kebab-doner\/#breadcrumb"},"inLanguage":"fr-FR","potentialAction":[{"@type":"ReadAction","target":["https:\/\/distribucionarc.com\/hr\/producto\/cortador-de-carne-para-kebab-doner\/"]}]},{"@type":"ImageObject","inLanguage":"fr-FR","@id":"https:\/\/distribucionarc.com\/hr\/producto\/cortador-de-carne-para-kebab-doner\/#primaryimage","url":"https:\/\/distribucionarc.com\/wp-content\/uploads\/2020\/07\/Cortador-de-Carne-para-Kebab-D\u00f6ner-0.jpg","contentUrl":"https:\/\/distribucionarc.com\/wp-content\/uploads\/2020\/07\/Cortador-de-Carne-para-Kebab-D\u00f6ner-0.jpg","width":1000,"height":1000,"caption":"Cortador de carne para kebab doner"},{"@type":"BreadcrumbList","@id":"https:\/\/distribucionarc.com\/hr\/producto\/cortador-de-carne-para-kebab-doner\/#breadcrumb","itemListElement":[{"@type":"ListItem","position":1,"name":"Portada","item":"https:\/\/distribucionarc.com\/pl\/"},{"@type":"ListItem","position":2,"name":"Produkty","item":"https:\/\/distribucionarc.com\/pl\/shop\/"},{"@type":"ListItem","position":3,"name":"Cortador de Carne para Kebab D\u00f6ner"}]},{"@type":"WebSite","@id":"https:\/\/distribucionarc.com\/de\/#website","url":"https:\/\/distribucionarc.com\/de\/","name":"R\u00e9partition de l&#039;ARC","description":"Entreprise sp\u00e9cialis\u00e9e dans la fabrication et la distribution de machines industrielles, scelleuses de bo\u00eetes, machines \u00e0 comprim\u00e9s, machines \u00e0 d\u00e9couper la viande...","publisher":{"@id":"https:\/\/distribucionarc.com\/de\/#organization"},"potentialAction":[{"@type":"SearchAction","target":{"@type":"EntryPoint","urlTemplate":"https:\/\/distribucionarc.com\/de\/?s={search_term_string}"},"query-input":{"@type":"PropertyValueSpecification","valueRequired":true,"valueName":"search_term_string"}}],"inLanguage":"fr-FR"},{"@type":"Organization","@id":"https:\/\/distribucionarc.com\/de\/#organization","name":"Distribution ARC","url":"https:\/\/distribucionarc.com\/de\/","logo":{"@type":"ImageObject","inLanguage":"fr-FR","@id":"https:\/\/distribucionarc.com\/de\/#\/schema\/logo\/image\/","url":"https:\/\/distribucionarc.com\/wp-content\/uploads\/2024\/10\/distribucion-ARC-COLOR-SIN-FONDO-e1732295305345.png","contentUrl":"https:\/\/distribucionarc.com\/wp-content\/uploads\/2024\/10\/distribucion-ARC-COLOR-SIN-FONDO-e1732295305345.png","width":1164,"height":558,"caption":"Distribuci\u00f3n ARC"},"image":{"@id":"https:\/\/distribucionarc.com\/de\/#\/schema\/logo\/image\/"},"description":"Entreprise sp\u00e9cialis\u00e9e dans la fabrication et la distribution de machines industrielles pour les secteurs alimentaire et pharmaceutique. Nous sommes sp\u00e9cialis\u00e9s dans : Machines \u00e0 couper la viande Fabrication de comprim\u00e9s Syst\u00e8mes de transport industriel Lignes d'embouteillage Machines de dosage Et bien plus encore... Nous proposons des solutions innovantes et personnalis\u00e9es pour optimiser les processus de production de votre entreprise.","email":"Admistracion@distribucionarc.com","telephone":"+34 643496664","legalName":"ARC TECH SOLUTIONS","foundingDate":"2024-04-09","vatID":"B55480172","numberOfEmployees":{"@type":"QuantitativeValue","minValue":"1","maxValue":"10"}}]}},"_links":{"self":[{"href":"https:\/\/distribucionarc.com\/fr\/wp-json\/wp\/v2\/product\/1556","targetHints":{"allow":["GET"]}}],"collection":[{"href":"https:\/\/distribucionarc.com\/fr\/wp-json\/wp\/v2\/product"}],"about":[{"href":"https:\/\/distribucionarc.com\/fr\/wp-json\/wp\/v2\/types\/product"}],"replies":[{"embeddable":true,"href":"https:\/\/distribucionarc.com\/fr\/wp-json\/wp\/v2\/comments?post=1556"}],"version-history":[{"count":0,"href":"https:\/\/distribucionarc.com\/fr\/wp-json\/wp\/v2\/product\/1556\/revisions"}],"wp:featuredmedia":[{"embeddable":true,"href":"https:\/\/distribucionarc.com\/fr\/wp-json\/wp\/v2\/media\/1563"}],"wp:attachment":[{"href":"https:\/\/distribucionarc.com\/fr\/wp-json\/wp\/v2\/media?parent=1556"}],"wp:term":[{"taxonomy":"product_brand","embeddable":true,"href":"https:\/\/distribucionarc.com\/fr\/wp-json\/wp\/v2\/product_brand?post=1556"},{"taxonomy":"product_cat","embeddable":true,"href":"https:\/\/distribucionarc.com\/fr\/wp-json\/wp\/v2\/product_cat?post=1556"},{"taxonomy":"product_tag","embeddable":true,"href":"https:\/\/distribucionarc.com\/fr\/wp-json\/wp\/v2\/product_tag?post=1556"}],"curies":[{"name":"wp","href":"https:\/\/api.w.org\/{rel}","templated":true}]}}