{"id":1717,"date":"2020-07-29T19:32:01","date_gmt":"2020-07-29T19:32:01","guid":{"rendered":"https:\/\/distribucionarc.com\/?post_type=product&#038;p=1717"},"modified":"2020-09-29T19:05:23","modified_gmt":"2020-09-29T19:05:23","slug":"fer-electrique-55cm","status":"publish","type":"product","link":"https:\/\/distribucionarc.com\/fr\/producto\/plancha-electrica-55cm\/","title":{"rendered":"Fer \u00e0 repasser \u00e9lectrique 55cm"},"content":{"rendered":"<h3>Fer \u00e0 repasser \u00e9lectrique 55cm<\/h3>\n<p>Le\u00a0 <strong>fer \u00e0 repasser \u00e9lectrique<span style=\"color: #ff0000;\"> \u00c0<\/span><span style=\"color: #0000ff;\">R.<\/span>CPE01 <\/strong>Il dispose d&#039;une grande surface de cuisson plate de 55 x 35 cm, id\u00e9ale pour pr\u00e9parer diff\u00e9rents types d&#039;aliments en m\u00eame temps. La plaque en fonte de 8 mm chauffe rapidement et uniform\u00e9ment.<\/p>\n<p>Le contr\u00f4le constant de la temp\u00e9rature vous permet d&#039;ajuster la temp\u00e9rature en fonction des besoins de cuisson de diff\u00e9rents aliments, allant de 50 \u00e0 300 \u2103, avec des indicateurs indiquant l&#039;\u00e9tat de chauffage<\/p>\n<p>Ce <strong>fer \u00e0 repasser \u00e9lectrique <span style=\"color: #ff0000;\">\u00c0<\/span><span style=\"color: #0000ff;\">R.<\/span>c<\/strong> Il est construit avec un corps en acier inoxydable de qualit\u00e9 alimentaire et une surface de cuisson en fonte antiadh\u00e9sive de haute qualit\u00e9, offrant une excellente fiabilit\u00e9 et une longue dur\u00e9e de vie.<\/p>\n<p>Une protection anti-\u00e9claboussures suppl\u00e9mentaire des deux c\u00f4t\u00e9s et \u00e0 l&#039;arri\u00e8re de la plaque chauffante prot\u00e8ge les utilisateurs et les murs environnants de la graisse chaude et des \u00e9claboussures. Un tiroir \u00e0 graisse recueille l&#039;huile et les r\u00e9sidus alimentaires pour un nettoyage facile.<\/p>\n<p>Les bouches d&#039;a\u00e9ration des deux c\u00f4t\u00e9s dissipent la chaleur et aident le gril \u00e0 maintenir une temp\u00e9rature raisonnable. Notre <strong>gril \u00e9lectrique plat<\/strong> Il est parfait pour cuisiner divers l\u00e9gumes, poulet, steak, calamars, fromage grill\u00e9, cr\u00eapes, \u0153ufs brouill\u00e9s et plus encore.<\/p>\n<h6><\/h6>\n<h6><strong>Garantie\u00a0<span style=\"color: #ff0000;\">\u00c0<\/span><span style=\"color: #0000ff;\">R.<\/span>C 2 ANS<\/strong><\/h6>\n<h6><span style=\"color: #008000;\">Fer \u00e0 repasser \u00e9lectrique efficace, basse consommation 3000w<\/span><\/h6>\n<h6><strong>support technique inclus<\/strong><\/h6>\n<p>&nbsp;<\/p>\n<table width=\"100%\">\n<tbody>\n<tr>\n<td>Marque:<\/td>\n<td width=\"32%\">ARC<\/td>\n<td>Poids:<\/td>\n<td width=\"30%\">10 kg<\/td>\n<\/tr>\n<tr>\n<td>Pays de distribution\u00a0:<\/td>\n<td width=\"32%\">Espagne, Allemagne, \u00c9tats-Unis<\/td>\n<td>Hauteur:<\/td>\n<td width=\"30%\">23 cm<\/td>\n<\/tr>\n<tr>\n<td>Couleur:<\/td>\n<td width=\"32%\">Argent<\/td>\n<td>Long:<\/td>\n<td width=\"30%\">54 cm<\/td>\n<\/tr>\n<tr>\n<td>Type de produit\u00a0:<\/td>\n<td width=\"32%\">Fer \u00e0 repasser \u00e9lectrique<\/td>\n<td>Large:<\/td>\n<td width=\"30%\">40 cm<\/td>\n<\/tr>\n<tr>\n<td>Num\u00e9ro du fabricant :<\/td>\n<td width=\"32%\">ARCPE01<\/td>\n<td>Taille du gril\u00a0:<\/td>\n<td width=\"30%\">54x40cm<\/td>\n<\/tr>\n<tr>\n<td>Mat\u00e9riel:<\/td>\n<td width=\"32%\">\u00a0Acier inoxydable, contr\u00f4le de la temp\u00e9rature<\/td>\n<td>Pouvoir:<\/td>\n<td width=\"30%\">3000W<\/td>\n<\/tr>\n<tr>\n<td>Garantie:<\/td>\n<td width=\"32%\">2 ans<\/td>\n<td>tension:<\/td>\n<td width=\"30%\">\u00a0220 V \u2013 50 Hz<\/td>\n<\/tr>\n<\/tbody>\n<\/table>","protected":false},"excerpt":{"rendered":"<h2>Fer \u00e0 repasser \u00e9lectrique 55cm<\/h2>\n<p>Le <strong>fer \u00e0 repasser \u00e9lectrique <span style=\"color: #ff0000;\">\u00c0<\/span><span style=\"color: #0000ff;\">R.<\/span>c<\/strong> Il est parfait pour cuire des l\u00e9gumes, des viandes, du poisson, des calmars, du fromage grill\u00e9, des cr\u00eapes, des \u0153ufs brouill\u00e9s, etc. Sa manipulation sans effort le rend id\u00e9al pour un usage domestique et commercial.<\/p>\n<p>Ce<strong> fer \u00e0 repasser \u00e9lectrique <span style=\"color: #ff0000;\">\u00c0<\/span><span style=\"color: #0000ff;\">R.<\/span>CPE01<\/strong> Il est enti\u00e8rement fabriqu\u00e9 en acier inoxydable de la meilleure qualit\u00e9 alimentaire. Si vous recherchez la performance, le <strong>fers \u00e0 repasser \u00e9lectriques<\/strong> de <strong><span style=\"color: #ff0000;\">\u00c0<\/span><span style=\"color: #0000ff;\">R.<\/span>c<\/strong> effectuer <strong><span style=\"color: #008000;\">Consommation d&#039;\u00e9nergie minimale par rapport \u00e0 la concurrence<\/span><\/strong>. Sans alt\u00e9rer les r\u00e9sultats et la vitesse de r\u00e9ponse du fer.<\/p>\n<h6><strong>Garantie\u00a0<span style=\"color: #ff0000;\">\u00c0<\/span><span style=\"color: #0000ff;\">R.<\/span>C 2 ANS<\/strong><\/h6>\n<h6><span style=\"color: #008000;\">Fer \u00e0 repasser \u00e9lectrique efficace, basse consommation 3000w<\/span><\/h6>\n<h6><strong>support technique inclus<\/strong><\/h6>","protected":false},"featured_media":1718,"comment_status":"open","ping_status":"closed","template":"","meta":{"wds_primary_product_brand":0,"wds_primary_product_cat":0},"product_brand":[],"product_cat":[39],"product_tag":[],"class_list":{"0":"post-1717","1":"product","2":"type-product","3":"status-publish","4":"has-post-thumbnail","6":"product_cat-plancha-de-cosina","7":"product_shipping_class-hosteleria","9":"first","10":"instock","11":"sale","12":"taxable","13":"shipping-taxable","14":"purchasable","15":"product-type-simple"},"yoast_head":"<!-- This site is optimized with the Yoast SEO Premium plugin v24.9 (Yoast SEO v26.1) - https:\/\/yoast.com\/wordpress\/plugins\/seo\/ -->\n<title>Plancha el\u00e9ctrica 55cm - distribuci\u00f3n ARC<\/title>\n<meta name=\"robots\" content=\"index, follow, max-snippet:-1, max-image-preview:large, max-video-preview:-1\" \/>\n<link rel=\"canonical\" href=\"https:\/\/www.distribucionarc.com\/fr\/producto\/plancha-electrica-55cm\/\" \/>\n<meta property=\"og:locale\" content=\"fr_FR\" \/>\n<meta property=\"og:type\" content=\"article\" \/>\n<meta property=\"og:title\" content=\"Plancha el\u00e9ctrica 55cm\" \/>\n<meta property=\"og:description\" content=\"Plancha el\u00e9ctrica 55cm La plancha el\u00e9ctrica ARC es perfecta para cocinar verduras, carnes, pescados, calamar, queso a la parrilla, tortitas, huevos revueltos, etc. Su manejo sin esfuerzo lo hace ideal para uso dom\u00e9stico y comercial.  Esta plancha el\u00e9ctrica ARCPE01 esta fabricada totalmente de acero inoxidable de la mejor calidad alimenticia. Si lo que busca es rendimiento, las planchas el\u00e9ctricas de ARC realizan un consumo m\u00ednimo de energ\u00eda respecto a las de la competencia. Sin alterar los resultados y velocidad de respuesta de la plancha. Garant\u00eda\u00a0ARC 2 A\u00d1OS Plancha el\u00e9ctrica eficiente, bajo consumo 3000w soporte t\u00e9cnico incluido\" \/>\n<meta property=\"og:url\" content=\"https:\/\/www.distribucionarc.com\/fr\/producto\/plancha-electrica-55cm\/\" \/>\n<meta property=\"og:site_name\" content=\"distribuci\u00f3n ARC\" \/>\n<meta property=\"article:modified_time\" content=\"2020-09-29T19:05:23+00:00\" \/>\n<meta property=\"og:image\" content=\"https:\/\/distribucionarc.com\/wp-content\/uploads\/2020\/07\/Plancha-el\u00e9ctrica-55cm-0.jpg\" \/>\n\t<meta property=\"og:image:width\" content=\"1600\" \/>\n\t<meta property=\"og:image:height\" content=\"1600\" \/>\n\t<meta property=\"og:image:type\" content=\"image\/jpeg\" \/>\n<meta name=\"twitter:card\" content=\"summary_large_image\" \/>\n<meta name=\"twitter:label1\" content=\"Dur\u00e9e de lecture estim\u00e9e\" \/>\n\t<meta name=\"twitter:data1\" content=\"1 minute\" \/>\n<script type=\"application\/ld+json\" class=\"yoast-schema-graph\">{\"@context\":\"https:\/\/schema.org\",\"@graph\":[{\"@type\":\"WebPage\",\"@id\":\"https:\/\/www.distribucionarc.com\/fr\/producto\/plancha-electrica-55cm\/\",\"url\":\"https:\/\/www.distribucionarc.com\/fr\/producto\/plancha-electrica-55cm\/\",\"name\":\"Plancha el\u00e9ctrica 55cm - distribuci\u00f3n ARC\",\"isPartOf\":{\"@id\":\"https:\/\/www.distribucionarc.com\/sl\/#website\"},\"primaryImageOfPage\":{\"@id\":\"https:\/\/www.distribucionarc.com\/fr\/producto\/plancha-electrica-55cm\/#primaryimage\"},\"image\":{\"@id\":\"https:\/\/www.distribucionarc.com\/fr\/producto\/plancha-electrica-55cm\/#primaryimage\"},\"thumbnailUrl\":\"https:\/\/distribucionarc.com\/wp-content\/uploads\/2020\/07\/Plancha-el\u00e9ctrica-55cm-0.jpg\",\"datePublished\":\"2020-07-29T19:32:01+00:00\",\"dateModified\":\"2020-09-29T19:05:23+00:00\",\"breadcrumb\":{\"@id\":\"https:\/\/www.distribucionarc.com\/fr\/producto\/plancha-electrica-55cm\/#breadcrumb\"},\"inLanguage\":\"fr-FR\",\"potentialAction\":[{\"@type\":\"ReadAction\",\"target\":[\"https:\/\/www.distribucionarc.com\/fr\/producto\/plancha-electrica-55cm\/\"]}]},{\"@type\":\"ImageObject\",\"inLanguage\":\"fr-FR\",\"@id\":\"https:\/\/www.distribucionarc.com\/fr\/producto\/plancha-electrica-55cm\/#primaryimage\",\"url\":\"https:\/\/distribucionarc.com\/wp-content\/uploads\/2020\/07\/Plancha-el\u00e9ctrica-55cm-0.jpg\",\"contentUrl\":\"https:\/\/distribucionarc.com\/wp-content\/uploads\/2020\/07\/Plancha-el\u00e9ctrica-55cm-0.jpg\",\"width\":1600,\"height\":1600,\"caption\":\"Plancha electrica 55cm\"},{\"@type\":\"BreadcrumbList\",\"@id\":\"https:\/\/www.distribucionarc.com\/fr\/producto\/plancha-electrica-55cm\/#breadcrumb\",\"itemListElement\":[{\"@type\":\"ListItem\",\"position\":1,\"name\":\"Portada\",\"item\":\"https:\/\/www.distribucionarc.com\/\"},{\"@type\":\"ListItem\",\"position\":2,\"name\":\"\u00dcr\u00fcnler\",\"item\":\"https:\/\/www.distribucionarc.com\/tr\/magaza\/\"},{\"@type\":\"ListItem\",\"position\":3,\"name\":\"Plancha el\u00e9ctrica 55cm\"}]},{\"@type\":\"WebSite\",\"@id\":\"https:\/\/www.distribucionarc.com\/sl\/#website\",\"url\":\"https:\/\/www.distribucionarc.com\/sl\/\",\"name\":\"distribuci\u00f3n ARC\",\"description\":\"Empresa especializada en la fabricaci\u00f3n y distribuci\u00f3n de maquinaria industrial, selladoras de latas, Maquinas de hacer pastillas, Maquinas de cortar carne...\",\"publisher\":{\"@id\":\"https:\/\/www.distribucionarc.com\/sl\/#organization\"},\"potentialAction\":[{\"@type\":\"SearchAction\",\"target\":{\"@type\":\"EntryPoint\",\"urlTemplate\":\"https:\/\/www.distribucionarc.com\/sl\/?s={search_term_string}\"},\"query-input\":{\"@type\":\"PropertyValueSpecification\",\"valueRequired\":true,\"valueName\":\"search_term_string\"}}],\"inLanguage\":\"fr-FR\"},{\"@type\":\"Organization\",\"@id\":\"https:\/\/www.distribucionarc.com\/sl\/#organization\",\"name\":\"Distribuci\u00f3n ARC\",\"url\":\"https:\/\/www.distribucionarc.com\/sl\/\",\"logo\":{\"@type\":\"ImageObject\",\"inLanguage\":\"fr-FR\",\"@id\":\"https:\/\/www.distribucionarc.com\/sl\/#\/schema\/logo\/image\/\",\"url\":\"https:\/\/distribucionarc.com\/wp-content\/uploads\/2024\/10\/distribucion-ARC-COLOR-SIN-FONDO-e1732295305345.png\",\"contentUrl\":\"https:\/\/distribucionarc.com\/wp-content\/uploads\/2024\/10\/distribucion-ARC-COLOR-SIN-FONDO-e1732295305345.png\",\"width\":1164,\"height\":558,\"caption\":\"Distribuci\u00f3n ARC\"},\"image\":{\"@id\":\"https:\/\/www.distribucionarc.com\/sl\/#\/schema\/logo\/image\/\"},\"description\":\"Empresa especializada en la fabricaci\u00f3n y distribuci\u00f3n de maquinaria industrial para los sectores alimentario y farmac\u00e9utico. Nos especializamos en: M\u00e1quinas de cortar carne Fabricaci\u00f3n de comprimidos Sistemas de transporte industrial L\u00edneas de embotellado Dosificadores Y mucho m\u00e1s... Ofrecemos soluciones innovadoras y personalizadas para optimizar los procesos productivos de tu empresa.\",\"email\":\"Admistracion@distribucionarc.com\",\"telephone\":\"+34 643496664\",\"legalName\":\"ARC TECH SOLUTIONS\",\"foundingDate\":\"2024-04-09\",\"vatID\":\"B55480172\",\"numberOfEmployees\":{\"@type\":\"QuantitativeValue\",\"minValue\":\"1\",\"maxValue\":\"10\"}}]}<\/script>\n<!-- \/ Yoast SEO Premium plugin. -->","yoast_head_json":{"title":"Plancha \u00e9lectrique 55cm - distribution ARC","robots":{"index":"index","follow":"follow","max-snippet":"max-snippet:-1","max-image-preview":"max-image-preview:large","max-video-preview":"max-video-preview:-1"},"canonical":"https:\/\/www.distribucionarc.com\/fr\/producto\/plancha-electrica-55cm\/","og_locale":"fr_FR","og_type":"article","og_title":"Plancha el\u00e9ctrica 55cm","og_description":"Plancha el\u00e9ctrica 55cm La plancha el\u00e9ctrica ARC es perfecta para cocinar verduras, carnes, pescados, calamar, queso a la parrilla, tortitas, huevos revueltos, etc. Su manejo sin esfuerzo lo hace ideal para uso dom\u00e9stico y comercial.  Esta plancha el\u00e9ctrica ARCPE01 esta fabricada totalmente de acero inoxidable de la mejor calidad alimenticia. Si lo que busca es rendimiento, las planchas el\u00e9ctricas de ARC realizan un consumo m\u00ednimo de energ\u00eda respecto a las de la competencia. Sin alterar los resultados y velocidad de respuesta de la plancha. Garant\u00eda\u00a0ARC 2 A\u00d1OS Plancha el\u00e9ctrica eficiente, bajo consumo 3000w soporte t\u00e9cnico incluido","og_url":"https:\/\/www.distribucionarc.com\/fr\/producto\/plancha-electrica-55cm\/","og_site_name":"distribuci\u00f3n ARC","article_modified_time":"2020-09-29T19:05:23+00:00","og_image":[{"width":1600,"height":1600,"url":"https:\/\/distribucionarc.com\/wp-content\/uploads\/2020\/07\/Plancha-el\u00e9ctrica-55cm-0.jpg","type":"image\/jpeg"}],"twitter_card":"summary_large_image","twitter_misc":{"Dur\u00e9e de lecture estim\u00e9e":"1 minute"},"schema":{"@context":"https:\/\/schema.org","@graph":[{"@type":"WebPage","@id":"https:\/\/www.distribucionarc.com\/fr\/producto\/plancha-electrica-55cm\/","url":"https:\/\/www.distribucionarc.com\/fr\/producto\/plancha-electrica-55cm\/","name":"Plancha \u00e9lectrique 55cm - distribution ARC","isPartOf":{"@id":"https:\/\/www.distribucionarc.com\/sl\/#website"},"primaryImageOfPage":{"@id":"https:\/\/www.distribucionarc.com\/fr\/producto\/plancha-electrica-55cm\/#primaryimage"},"image":{"@id":"https:\/\/www.distribucionarc.com\/fr\/producto\/plancha-electrica-55cm\/#primaryimage"},"thumbnailUrl":"https:\/\/distribucionarc.com\/wp-content\/uploads\/2020\/07\/Plancha-el\u00e9ctrica-55cm-0.jpg","datePublished":"2020-07-29T19:32:01+00:00","dateModified":"2020-09-29T19:05:23+00:00","breadcrumb":{"@id":"https:\/\/www.distribucionarc.com\/fr\/producto\/plancha-electrica-55cm\/#breadcrumb"},"inLanguage":"fr-FR","potentialAction":[{"@type":"ReadAction","target":["https:\/\/www.distribucionarc.com\/fr\/producto\/plancha-electrica-55cm\/"]}]},{"@type":"ImageObject","inLanguage":"fr-FR","@id":"https:\/\/www.distribucionarc.com\/fr\/producto\/plancha-electrica-55cm\/#primaryimage","url":"https:\/\/distribucionarc.com\/wp-content\/uploads\/2020\/07\/Plancha-el\u00e9ctrica-55cm-0.jpg","contentUrl":"https:\/\/distribucionarc.com\/wp-content\/uploads\/2020\/07\/Plancha-el\u00e9ctrica-55cm-0.jpg","width":1600,"height":1600,"caption":"Plancha electrica 55cm"},{"@type":"BreadcrumbList","@id":"https:\/\/www.distribucionarc.com\/fr\/producto\/plancha-electrica-55cm\/#breadcrumb","itemListElement":[{"@type":"ListItem","position":1,"name":"Portada","item":"https:\/\/www.distribucionarc.com\/"},{"@type":"ListItem","position":2,"name":"\u00dcr\u00fcnler","item":"https:\/\/www.distribucionarc.com\/tr\/magaza\/"},{"@type":"ListItem","position":3,"name":"Plancha el\u00e9ctrica 55cm"}]},{"@type":"WebSite","@id":"https:\/\/www.distribucionarc.com\/sl\/#website","url":"https:\/\/www.distribucionarc.com\/sl\/","name":"R\u00e9partition de l&#039;ARC","description":"Entreprise sp\u00e9cialis\u00e9e dans la fabrication et la distribution de machines industrielles, scelleuses de bo\u00eetes, machines \u00e0 comprim\u00e9s, machines \u00e0 d\u00e9couper la viande...","publisher":{"@id":"https:\/\/www.distribucionarc.com\/sl\/#organization"},"potentialAction":[{"@type":"SearchAction","target":{"@type":"EntryPoint","urlTemplate":"https:\/\/www.distribucionarc.com\/sl\/?s={search_term_string}"},"query-input":{"@type":"PropertyValueSpecification","valueRequired":true,"valueName":"search_term_string"}}],"inLanguage":"fr-FR"},{"@type":"Organization","@id":"https:\/\/www.distribucionarc.com\/sl\/#organization","name":"Distribution ARC","url":"https:\/\/www.distribucionarc.com\/sl\/","logo":{"@type":"ImageObject","inLanguage":"fr-FR","@id":"https:\/\/www.distribucionarc.com\/sl\/#\/schema\/logo\/image\/","url":"https:\/\/distribucionarc.com\/wp-content\/uploads\/2024\/10\/distribucion-ARC-COLOR-SIN-FONDO-e1732295305345.png","contentUrl":"https:\/\/distribucionarc.com\/wp-content\/uploads\/2024\/10\/distribucion-ARC-COLOR-SIN-FONDO-e1732295305345.png","width":1164,"height":558,"caption":"Distribuci\u00f3n ARC"},"image":{"@id":"https:\/\/www.distribucionarc.com\/sl\/#\/schema\/logo\/image\/"},"description":"Entreprise sp\u00e9cialis\u00e9e dans la fabrication et la distribution de machines industrielles pour les secteurs alimentaire et pharmaceutique. Nous sommes sp\u00e9cialis\u00e9s dans : Machines \u00e0 couper la viande Fabrication de comprim\u00e9s Syst\u00e8mes de transport industriel Lignes d'embouteillage Machines de dosage Et bien plus encore... Nous proposons des solutions innovantes et personnalis\u00e9es pour optimiser les processus de production de votre entreprise.","email":"Admistracion@distribucionarc.com","telephone":"+34 643496664","legalName":"ARC TECH SOLUTIONS","foundingDate":"2024-04-09","vatID":"B55480172","numberOfEmployees":{"@type":"QuantitativeValue","minValue":"1","maxValue":"10"}}]}},"_links":{"self":[{"href":"https:\/\/distribucionarc.com\/fr\/wp-json\/wp\/v2\/product\/1717","targetHints":{"allow":["GET"]}}],"collection":[{"href":"https:\/\/distribucionarc.com\/fr\/wp-json\/wp\/v2\/product"}],"about":[{"href":"https:\/\/distribucionarc.com\/fr\/wp-json\/wp\/v2\/types\/product"}],"replies":[{"embeddable":true,"href":"https:\/\/distribucionarc.com\/fr\/wp-json\/wp\/v2\/comments?post=1717"}],"version-history":[{"count":0,"href":"https:\/\/distribucionarc.com\/fr\/wp-json\/wp\/v2\/product\/1717\/revisions"}],"wp:featuredmedia":[{"embeddable":true,"href":"https:\/\/distribucionarc.com\/fr\/wp-json\/wp\/v2\/media\/1718"}],"wp:attachment":[{"href":"https:\/\/distribucionarc.com\/fr\/wp-json\/wp\/v2\/media?parent=1717"}],"wp:term":[{"taxonomy":"product_brand","embeddable":true,"href":"https:\/\/distribucionarc.com\/fr\/wp-json\/wp\/v2\/product_brand?post=1717"},{"taxonomy":"product_cat","embeddable":true,"href":"https:\/\/distribucionarc.com\/fr\/wp-json\/wp\/v2\/product_cat?post=1717"},{"taxonomy":"product_tag","embeddable":true,"href":"https:\/\/distribucionarc.com\/fr\/wp-json\/wp\/v2\/product_tag?post=1717"}],"curies":[{"name":"wp","href":"https:\/\/api.w.org\/{rel}","templated":true}]}}