{"id":17444,"date":"2025-05-07T18:45:54","date_gmt":"2025-05-07T16:45:54","guid":{"rendered":"https:\/\/distribucionarc.com\/?post_type=product&#038;p=17444"},"modified":"2025-05-07T18:45:55","modified_gmt":"2025-05-07T16:45:55","slug":"compteuse-de-pilules-et-de-capsules-toutes-tailles-et-diametres-personnalisee","status":"publish","type":"product","link":"https:\/\/distribucionarc.com\/fr\/producto\/maquina-contadora-de-pastillas-y-capsulas-todas-las-medidas-y-diametros-personalizada\/","title":{"rendered":"Compteuse de pilules et de capsules, toutes tailles et diam\u00e8tres, personnalis\u00e9e"},"content":{"rendered":"<p class=\"\" data-start=\"427\" data-end=\"776\">La <strong data-start=\"430\" data-end=\"443\">SARPN-400<\/strong> es una m\u00e1quina contadora de pastillas y c\u00e1psulas dise\u00f1ada para agilizar el proceso de llenado de botes en farmacias, laboratorios, herbolarios y peque\u00f1as l\u00edneas de producci\u00f3n. Gracias a su sistema autom\u00e1tico, permite contar con precisi\u00f3n desde c\u00e1psulas de diferentes tama\u00f1os (00# a 5#) hasta pastillas de diversas formas y grosores.<\/p>\n<p class=\"\" data-start=\"778\" data-end=\"1044\">Su dise\u00f1o compacto y eficiente permite empacar hasta <strong data-start=\"831\" data-end=\"862\">dos botellas por revoluci\u00f3n<\/strong>, mejorando notablemente la productividad. Adem\u00e1s, esta m\u00e1quina es <strong data-start=\"929\" data-end=\"947\">personalizable<\/strong>, lo que significa que se puede adaptar a las necesidades espec\u00edficas del producto o del cliente.<\/p>\n<p class=\"\" data-start=\"1046\" data-end=\"1323\">Con una estructura robusta y funcionamiento intuitivo, la SARPN-400 es la soluci\u00f3n ideal para quienes desean profesionalizar el proceso de envasado sin errores humanos ni p\u00e9rdida de tiempo. Perfecta para peque\u00f1as y medianas producciones que buscan velocidad, exactitud y orden.<\/p>\n<p data-start=\"1046\" data-end=\"1323\">\n<div style=\"width: 540px;\" class=\"wp-video\"><video class=\"wp-video-shortcode\" id=\"video-17444-1\" width=\"540\" height=\"952\" preload=\"metadata\" controls=\"controls\"><source type=\"video\/mp4\" src=\"https:\/\/distribucionarc.com\/wp-content\/uploads\/2025\/05\/SARPN-400-Maquina-de-conteo-video.mp4?_=1\" \/><a href=\"https:\/\/distribucionarc.com\/wp-content\/uploads\/2025\/05\/SARPN-400-Maquina-de-conteo-video.mp4\">https:\/\/distribucionarc.com\/wp-content\/uploads\/2025\/05\/SARPN-400-Maquina-de-conteo-video.mp4<\/a><\/video><\/div>\n<div style=\"width: 720px;\" class=\"wp-video\"><video class=\"wp-video-shortcode\" id=\"video-17444-2\" width=\"720\" height=\"1280\" preload=\"metadata\" controls=\"controls\"><source type=\"video\/mp4\" src=\"https:\/\/distribucionarc.com\/wp-content\/uploads\/2025\/05\/SARPN-400-Maquina-de-conteo-video-capsulas.mp4?_=2\" \/><a href=\"https:\/\/distribucionarc.com\/wp-content\/uploads\/2025\/05\/SARPN-400-Maquina-de-conteo-video-capsulas.mp4\">https:\/\/distribucionarc.com\/wp-content\/uploads\/2025\/05\/SARPN-400-Maquina-de-conteo-video-capsulas.mp4<\/a><\/video><\/div>\n<hr class=\"\" data-start=\"1325\" data-end=\"1328\" \/>\n<h3 class=\"\" data-start=\"1330\" data-end=\"1366\">\ud83d\udfe6 <strong data-start=\"1337\" data-end=\"1366\">Especificaciones t\u00e9cnicas<\/strong><\/h3>\n<div class=\"group pointer-events-none relative flex justify-center *:pointer-events-auto\"><button class=\"hover:bg-token-main-surface-secondary text-token-text-secondary pointer-events-auto rounded-lg px-1 py-1 opacity-0 transition-opacity duration-200 group-focus-within:opacity-100 group-hover:opacity-100\"><\/button><\/p>\n<div class=\"tableContainer horzScrollShadows relative\">\n<table class=\"min-w-full\" data-start=\"1368\" data-end=\"3762\">\n<thead data-start=\"1368\" data-end=\"1560\">\n<tr data-start=\"1368\" data-end=\"1560\">\n<th data-start=\"1368\" data-end=\"1409\"><strong data-start=\"1370\" data-end=\"1388\">Especificaci\u00f3n<\/strong><\/th>\n<th data-start=\"1409\" data-end=\"1560\"><strong data-start=\"1411\" data-end=\"1422\">Detalle<\/strong><\/th>\n<\/tr>\n<\/thead>\n<tbody data-start=\"1753\" data-end=\"3762\">\n<tr data-start=\"1753\" data-end=\"1944\">\n<td class=\"max-w-[calc(var(--thread-content-max-width)*2\/3)]\" data-start=\"1753\" data-end=\"1793\"><strong data-start=\"1755\" data-end=\"1765\">Modelo<\/strong><\/td>\n<td class=\"max-w-[calc(var(--thread-content-max-width)*2\/3)]\" data-start=\"1793\" data-end=\"1944\">SARPN-400<\/td>\n<\/tr>\n<tr data-start=\"1945\" data-end=\"2136\">\n<td class=\"max-w-[calc(var(--thread-content-max-width)*2\/3)]\" data-start=\"1945\" data-end=\"1985\"><strong data-start=\"1947\" data-end=\"1973\">Fuente de alimentaci\u00f3n<\/strong><\/td>\n<td class=\"max-w-[calc(var(--thread-content-max-width)*2\/3)]\" data-start=\"1985\" data-end=\"2136\">220V 80W<\/td>\n<\/tr>\n<tr data-start=\"2137\" data-end=\"2407\">\n<td class=\"max-w-[calc(var(--thread-content-max-width)*2\/3)]\" data-start=\"2137\" data-end=\"2177\"><strong data-start=\"2139\" data-end=\"2158\">Rango de conteo<\/strong><\/td>\n<td class=\"max-w-[calc(var(--thread-content-max-width)*2\/3)] min-w-[calc(var(--thread-content-max-width)\/2)]\" data-start=\"2177\" data-end=\"2407\">C\u00e1psulas 00#: hasta 100 c\u00e1psulas\/botella<br \/>\nC\u00e1psulas 0#: hasta 120 c\u00e1psulas\/botella<br \/>\nC\u00e1psulas 1#: hasta 150 c\u00e1psulas\/botella<br \/>\nPastillas: 10-500 pastillas\/botella (ej. pastillas de 12 mm de di\u00e1metro y 5 mm de grosor)<\/td>\n<\/tr>\n<tr data-start=\"2408\" data-end=\"2599\">\n<td class=\"max-w-[calc(var(--thread-content-max-width)*2\/3)]\" data-start=\"2408\" data-end=\"2448\"><strong data-start=\"2410\" data-end=\"2438\">Capacidad por revoluci\u00f3n<\/strong><\/td>\n<td class=\"max-w-[calc(var(--thread-content-max-width)*2\/3)]\" data-start=\"2448\" data-end=\"2599\">Empaca 2 botellas por revoluci\u00f3n<\/td>\n<\/tr>\n<tr data-start=\"2600\" data-end=\"2803\">\n<td class=\"max-w-[calc(var(--thread-content-max-width)*2\/3)]\" data-start=\"2600\" data-end=\"2640\"><strong data-start=\"2602\" data-end=\"2637\">N\u00famero de orificios en el disco<\/strong><\/td>\n<td class=\"max-w-[calc(var(--thread-content-max-width)*2\/3)] min-w-[calc(var(--thread-content-max-width)\/2)]\" data-start=\"2640\" data-end=\"2803\">C\u00e1psulas 00#: hasta 200 orificios<br \/>\nC\u00e1psulas 0#: hasta 240 orificios<br \/>\nC\u00e1psulas 1#: hasta 280 orificios<br \/>\n<em data-start=\"2757\" data-end=\"2801\">Pastillas: depende del tama\u00f1o del material<\/em><\/td>\n<\/tr>\n<tr data-start=\"2804\" data-end=\"2994\">\n<td class=\"max-w-[calc(var(--thread-content-max-width)*2\/3)]\" data-start=\"2804\" data-end=\"2844\"><strong data-start=\"2806\" data-end=\"2830\">\u00c1mbito de aplicaci\u00f3n<\/strong><\/td>\n<td class=\"max-w-[calc(var(--thread-content-max-width)*2\/3)] min-w-[calc(var(--thread-content-max-width)\/2)]\" data-start=\"2844\" data-end=\"2994\">Contado, embotellado y envasado de c\u00e1psulas, pastillas, c\u00e1psulas blandas, p\u00edldoras de miel y otros productos de forma regular<\/td>\n<\/tr>\n<tr data-start=\"2995\" data-end=\"3186\">\n<td class=\"max-w-[calc(var(--thread-content-max-width)*2\/3)]\" data-start=\"2995\" data-end=\"3035\"><strong data-start=\"2997\" data-end=\"3021\">C\u00e1psulas compatibles<\/strong><\/td>\n<td class=\"max-w-[calc(var(--thread-content-max-width)*2\/3)]\" data-start=\"3035\" data-end=\"3186\">Desde 00# hasta 5#<\/td>\n<\/tr>\n<tr data-start=\"3187\" data-end=\"3378\">\n<td class=\"max-w-[calc(var(--thread-content-max-width)*2\/3)]\" data-start=\"3187\" data-end=\"3227\"><strong data-start=\"3189\" data-end=\"3213\">Dimensiones externas<\/strong><\/td>\n<td class=\"max-w-[calc(var(--thread-content-max-width)*2\/3)]\" data-start=\"3227\" data-end=\"3378\">420 \u00d7 420 \u00d7 780 mm<\/td>\n<\/tr>\n<tr data-start=\"3379\" data-end=\"3570\">\n<td class=\"max-w-[calc(var(--thread-content-max-width)*2\/3)]\" data-start=\"3379\" data-end=\"3419\"><strong data-start=\"3381\" data-end=\"3403\">Peso de la m\u00e1quina<\/strong><\/td>\n<td class=\"max-w-[calc(var(--thread-content-max-width)*2\/3)]\" data-start=\"3419\" data-end=\"3570\">45 kg<\/td>\n<\/tr>\n<tr data-start=\"3571\" data-end=\"3762\">\n<td class=\"max-w-[calc(var(--thread-content-max-width)*2\/3)]\" data-start=\"3571\" data-end=\"3611\"><strong data-start=\"3573\" data-end=\"3601\">Nivel de personalizaci\u00f3n<\/strong><\/td>\n<td class=\"max-w-[calc(var(--thread-content-max-width)*2\/3)] min-w-[calc(var(--thread-content-max-width)\/3)]\" data-start=\"3611\" data-end=\"3762\">Personalizable seg\u00fan el tipo de c\u00e1psula o pastilla<\/td>\n<\/tr>\n<\/tbody>\n<\/table>\n<\/div>\n<\/div>\n","protected":false},"excerpt":{"rendered":"<p>Le SARPN-400 est une machine de comptage de capsules et de pilules id\u00e9ale pour automatiser le remplissage des bouteilles, \u00e9liminant ainsi le besoin de comptage manuel. Compact, pr\u00e9cis et personnalisable selon vos besoins.<\/p>","protected":false},"featured_media":17447,"comment_status":"open","ping_status":"closed","template":"","meta":{"wds_primary_product_brand":0,"wds_primary_product_cat":0},"product_brand":[],"product_cat":[18,21,84],"product_tag":[],"class_list":{"0":"post-17444","1":"product","2":"type-product","3":"status-publish","4":"has-post-thumbnail","6":"product_cat-dosificadoras","7":"product_cat-maquinas-llenadoras","8":"product_cat-maquinas-para-hacer-pastillas","10":"first","11":"instock","12":"sale","13":"taxable","14":"shipping-taxable","15":"purchasable","16":"product-type-simple"},"yoast_head":"<!-- This site is optimized with the Yoast SEO Premium plugin v24.9 (Yoast SEO v26.1) - https:\/\/yoast.com\/wordpress\/plugins\/seo\/ -->\n<title>Maquina contadora de pastillas y capsulas todas las medidas y di\u00e1metros personalizada - distribuci\u00f3n ARC<\/title>\n<meta name=\"robots\" content=\"index, follow, max-snippet:-1, max-image-preview:large, max-video-preview:-1\" \/>\n<link rel=\"canonical\" href=\"https:\/\/distribucionarc.com\/fr\/produit\/compteuse-de-pilules-et-de-capsules-toutes-tailles-et-diametres-personnalisee\/\" \/>\n<meta property=\"og:locale\" content=\"fr_FR\" \/>\n<meta property=\"og:type\" content=\"article\" \/>\n<meta property=\"og:title\" content=\"Maquina contadora de pastillas y capsulas todas las medidas y di\u00e1metros personalizada\" \/>\n<meta property=\"og:description\" content=\"La SARPN-400 es una m\u00e1quina contadora de c\u00e1psulas y pastillas ideal para automatizar el llenado de botes, eliminando la necesidad de contar manualmente. Compacta, precisa y personalizable seg\u00fan tus necesidades.\" \/>\n<meta property=\"og:url\" content=\"https:\/\/distribucionarc.com\/fr\/produit\/compteuse-de-pilules-et-de-capsules-toutes-tailles-et-diametres-personnalisee\/\" \/>\n<meta property=\"og:site_name\" content=\"distribuci\u00f3n ARC\" \/>\n<meta property=\"article:modified_time\" content=\"2025-05-07T16:45:55+00:00\" \/>\n<meta property=\"og:image\" content=\"https:\/\/distribucionarc.com\/wp-content\/uploads\/2025\/05\/Maquina-contadora-de-pastillas-y-capsulas-todas-las-medidas-y-diametros-personalizada.png\" \/>\n\t<meta property=\"og:image:width\" content=\"668\" \/>\n\t<meta property=\"og:image:height\" content=\"743\" \/>\n\t<meta property=\"og:image:type\" content=\"image\/png\" \/>\n<meta name=\"twitter:card\" content=\"summary_large_image\" \/>\n<meta name=\"twitter:label1\" content=\"Dur\u00e9e de lecture estim\u00e9e\" \/>\n\t<meta name=\"twitter:data1\" content=\"2 minutes\" \/>\n<script type=\"application\/ld+json\" class=\"yoast-schema-graph\">{\"@context\":\"https:\/\/schema.org\",\"@graph\":[{\"@type\":\"WebPage\",\"@id\":\"https:\/\/distribucionarc.com\/sk\/producto\/maquina-contadora-de-pastillas-y-capsulas-todas-las-medidas-y-diametros-personalizada\/\",\"url\":\"https:\/\/distribucionarc.com\/sk\/producto\/maquina-contadora-de-pastillas-y-capsulas-todas-las-medidas-y-diametros-personalizada\/\",\"name\":\"Maquina contadora de pastillas y capsulas todas las medidas y di\u00e1metros personalizada - distribuci\u00f3n ARC\",\"isPartOf\":{\"@id\":\"https:\/\/www.distribucionarc.com\/sl\/#website\"},\"primaryImageOfPage\":{\"@id\":\"https:\/\/distribucionarc.com\/sk\/producto\/maquina-contadora-de-pastillas-y-capsulas-todas-las-medidas-y-diametros-personalizada\/#primaryimage\"},\"image\":{\"@id\":\"https:\/\/distribucionarc.com\/sk\/producto\/maquina-contadora-de-pastillas-y-capsulas-todas-las-medidas-y-diametros-personalizada\/#primaryimage\"},\"thumbnailUrl\":\"https:\/\/distribucionarc.com\/wp-content\/uploads\/2025\/05\/Maquina-contadora-de-pastillas-y-capsulas-todas-las-medidas-y-diametros-personalizada.png\",\"datePublished\":\"2025-05-07T16:45:54+00:00\",\"dateModified\":\"2025-05-07T16:45:55+00:00\",\"breadcrumb\":{\"@id\":\"https:\/\/distribucionarc.com\/sk\/producto\/maquina-contadora-de-pastillas-y-capsulas-todas-las-medidas-y-diametros-personalizada\/#breadcrumb\"},\"inLanguage\":\"fr-FR\",\"potentialAction\":[{\"@type\":\"ReadAction\",\"target\":[\"https:\/\/distribucionarc.com\/sk\/producto\/maquina-contadora-de-pastillas-y-capsulas-todas-las-medidas-y-diametros-personalizada\/\"]}]},{\"@type\":\"ImageObject\",\"inLanguage\":\"fr-FR\",\"@id\":\"https:\/\/distribucionarc.com\/sk\/producto\/maquina-contadora-de-pastillas-y-capsulas-todas-las-medidas-y-diametros-personalizada\/#primaryimage\",\"url\":\"https:\/\/distribucionarc.com\/wp-content\/uploads\/2025\/05\/Maquina-contadora-de-pastillas-y-capsulas-todas-las-medidas-y-diametros-personalizada.png\",\"contentUrl\":\"https:\/\/distribucionarc.com\/wp-content\/uploads\/2025\/05\/Maquina-contadora-de-pastillas-y-capsulas-todas-las-medidas-y-diametros-personalizada.png\",\"width\":668,\"height\":743,\"caption\":\"contadora de pastillas y capculas\"},{\"@type\":\"BreadcrumbList\",\"@id\":\"https:\/\/distribucionarc.com\/sk\/producto\/maquina-contadora-de-pastillas-y-capsulas-todas-las-medidas-y-diametros-personalizada\/#breadcrumb\",\"itemListElement\":[{\"@type\":\"ListItem\",\"position\":1,\"name\":\"Portada\",\"item\":\"https:\/\/www.distribucionarc.com\/\"},{\"@type\":\"ListItem\",\"position\":2,\"name\":\"\u00dcr\u00fcnler\",\"item\":\"https:\/\/www.distribucionarc.com\/tr\/magaza\/\"},{\"@type\":\"ListItem\",\"position\":3,\"name\":\"Maquina contadora de pastillas y capsulas todas las medidas y di\u00e1metros personalizada\"}]},{\"@type\":\"WebSite\",\"@id\":\"https:\/\/www.distribucionarc.com\/sl\/#website\",\"url\":\"https:\/\/www.distribucionarc.com\/sl\/\",\"name\":\"distribuci\u00f3n ARC\",\"description\":\"Empresa especializada en la fabricaci\u00f3n y distribuci\u00f3n de maquinaria industrial, selladoras de latas, Maquinas de hacer pastillas, Maquinas de cortar carne...\",\"publisher\":{\"@id\":\"https:\/\/www.distribucionarc.com\/sl\/#organization\"},\"potentialAction\":[{\"@type\":\"SearchAction\",\"target\":{\"@type\":\"EntryPoint\",\"urlTemplate\":\"https:\/\/www.distribucionarc.com\/sl\/?s={search_term_string}\"},\"query-input\":{\"@type\":\"PropertyValueSpecification\",\"valueRequired\":true,\"valueName\":\"search_term_string\"}}],\"inLanguage\":\"fr-FR\"},{\"@type\":\"Organization\",\"@id\":\"https:\/\/www.distribucionarc.com\/sl\/#organization\",\"name\":\"Distribuci\u00f3n ARC\",\"url\":\"https:\/\/www.distribucionarc.com\/sl\/\",\"logo\":{\"@type\":\"ImageObject\",\"inLanguage\":\"fr-FR\",\"@id\":\"https:\/\/www.distribucionarc.com\/sl\/#\/schema\/logo\/image\/\",\"url\":\"https:\/\/distribucionarc.com\/wp-content\/uploads\/2024\/10\/distribucion-ARC-COLOR-SIN-FONDO-e1732295305345.png\",\"contentUrl\":\"https:\/\/distribucionarc.com\/wp-content\/uploads\/2024\/10\/distribucion-ARC-COLOR-SIN-FONDO-e1732295305345.png\",\"width\":1164,\"height\":558,\"caption\":\"Distribuci\u00f3n ARC\"},\"image\":{\"@id\":\"https:\/\/www.distribucionarc.com\/sl\/#\/schema\/logo\/image\/\"},\"description\":\"Empresa especializada en la fabricaci\u00f3n y distribuci\u00f3n de maquinaria industrial para los sectores alimentario y farmac\u00e9utico. Nos especializamos en: M\u00e1quinas de cortar carne Fabricaci\u00f3n de comprimidos Sistemas de transporte industrial L\u00edneas de embotellado Dosificadores Y mucho m\u00e1s... Ofrecemos soluciones innovadoras y personalizadas para optimizar los procesos productivos de tu empresa.\",\"email\":\"Admistracion@distribucionarc.com\",\"telephone\":\"+34 643496664\",\"legalName\":\"ARC TECH SOLUTIONS\",\"foundingDate\":\"2024-04-09\",\"vatID\":\"B55480172\",\"numberOfEmployees\":{\"@type\":\"QuantitativeValue\",\"minValue\":\"1\",\"maxValue\":\"10\"}}]}<\/script>\n<!-- \/ Yoast SEO Premium plugin. -->","yoast_head_json":{"title":"Compteuse de pilules et de capsules, toutes tailles et diam\u00e8tres, sur mesure - ARC distribution","robots":{"index":"index","follow":"follow","max-snippet":"max-snippet:-1","max-image-preview":"max-image-preview:large","max-video-preview":"max-video-preview:-1"},"canonical":"https:\/\/distribucionarc.com\/fr\/produit\/compteuse-de-pilules-et-de-capsules-toutes-tailles-et-diametres-personnalisee\/","og_locale":"fr_FR","og_type":"article","og_title":"Maquina contadora de pastillas y capsulas todas las medidas y di\u00e1metros personalizada","og_description":"La SARPN-400 es una m\u00e1quina contadora de c\u00e1psulas y pastillas ideal para automatizar el llenado de botes, eliminando la necesidad de contar manualmente. Compacta, precisa y personalizable seg\u00fan tus necesidades.","og_url":"https:\/\/distribucionarc.com\/fr\/produit\/compteuse-de-pilules-et-de-capsules-toutes-tailles-et-diametres-personnalisee\/","og_site_name":"distribuci\u00f3n ARC","article_modified_time":"2025-05-07T16:45:55+00:00","og_image":[{"width":668,"height":743,"url":"https:\/\/distribucionarc.com\/wp-content\/uploads\/2025\/05\/Maquina-contadora-de-pastillas-y-capsulas-todas-las-medidas-y-diametros-personalizada.png","type":"image\/png"}],"twitter_card":"summary_large_image","twitter_misc":{"Dur\u00e9e de lecture estim\u00e9e":"2 minutes"},"schema":{"@context":"https:\/\/schema.org","@graph":[{"@type":"WebPage","@id":"https:\/\/distribucionarc.com\/sk\/producto\/maquina-contadora-de-pastillas-y-capsulas-todas-las-medidas-y-diametros-personalizada\/","url":"https:\/\/distribucionarc.com\/sk\/producto\/maquina-contadora-de-pastillas-y-capsulas-todas-las-medidas-y-diametros-personalizada\/","name":"Compteuse de pilules et de capsules, toutes tailles et diam\u00e8tres, sur mesure - ARC distribution","isPartOf":{"@id":"https:\/\/www.distribucionarc.com\/sl\/#website"},"primaryImageOfPage":{"@id":"https:\/\/distribucionarc.com\/sk\/producto\/maquina-contadora-de-pastillas-y-capsulas-todas-las-medidas-y-diametros-personalizada\/#primaryimage"},"image":{"@id":"https:\/\/distribucionarc.com\/sk\/producto\/maquina-contadora-de-pastillas-y-capsulas-todas-las-medidas-y-diametros-personalizada\/#primaryimage"},"thumbnailUrl":"https:\/\/distribucionarc.com\/wp-content\/uploads\/2025\/05\/Maquina-contadora-de-pastillas-y-capsulas-todas-las-medidas-y-diametros-personalizada.png","datePublished":"2025-05-07T16:45:54+00:00","dateModified":"2025-05-07T16:45:55+00:00","breadcrumb":{"@id":"https:\/\/distribucionarc.com\/sk\/producto\/maquina-contadora-de-pastillas-y-capsulas-todas-las-medidas-y-diametros-personalizada\/#breadcrumb"},"inLanguage":"fr-FR","potentialAction":[{"@type":"ReadAction","target":["https:\/\/distribucionarc.com\/sk\/producto\/maquina-contadora-de-pastillas-y-capsulas-todas-las-medidas-y-diametros-personalizada\/"]}]},{"@type":"ImageObject","inLanguage":"fr-FR","@id":"https:\/\/distribucionarc.com\/sk\/producto\/maquina-contadora-de-pastillas-y-capsulas-todas-las-medidas-y-diametros-personalizada\/#primaryimage","url":"https:\/\/distribucionarc.com\/wp-content\/uploads\/2025\/05\/Maquina-contadora-de-pastillas-y-capsulas-todas-las-medidas-y-diametros-personalizada.png","contentUrl":"https:\/\/distribucionarc.com\/wp-content\/uploads\/2025\/05\/Maquina-contadora-de-pastillas-y-capsulas-todas-las-medidas-y-diametros-personalizada.png","width":668,"height":743,"caption":"contadora de pastillas y capculas"},{"@type":"BreadcrumbList","@id":"https:\/\/distribucionarc.com\/sk\/producto\/maquina-contadora-de-pastillas-y-capsulas-todas-las-medidas-y-diametros-personalizada\/#breadcrumb","itemListElement":[{"@type":"ListItem","position":1,"name":"Portada","item":"https:\/\/www.distribucionarc.com\/"},{"@type":"ListItem","position":2,"name":"\u00dcr\u00fcnler","item":"https:\/\/www.distribucionarc.com\/tr\/magaza\/"},{"@type":"ListItem","position":3,"name":"Maquina contadora de pastillas y capsulas todas las medidas y di\u00e1metros personalizada"}]},{"@type":"WebSite","@id":"https:\/\/www.distribucionarc.com\/sl\/#website","url":"https:\/\/www.distribucionarc.com\/sl\/","name":"R\u00e9partition de l&#039;ARC","description":"Entreprise sp\u00e9cialis\u00e9e dans la fabrication et la distribution de machines industrielles, scelleuses de bo\u00eetes, machines \u00e0 comprim\u00e9s, machines \u00e0 d\u00e9couper la viande...","publisher":{"@id":"https:\/\/www.distribucionarc.com\/sl\/#organization"},"potentialAction":[{"@type":"SearchAction","target":{"@type":"EntryPoint","urlTemplate":"https:\/\/www.distribucionarc.com\/sl\/?s={search_term_string}"},"query-input":{"@type":"PropertyValueSpecification","valueRequired":true,"valueName":"search_term_string"}}],"inLanguage":"fr-FR"},{"@type":"Organization","@id":"https:\/\/www.distribucionarc.com\/sl\/#organization","name":"Distribution ARC","url":"https:\/\/www.distribucionarc.com\/sl\/","logo":{"@type":"ImageObject","inLanguage":"fr-FR","@id":"https:\/\/www.distribucionarc.com\/sl\/#\/schema\/logo\/image\/","url":"https:\/\/distribucionarc.com\/wp-content\/uploads\/2024\/10\/distribucion-ARC-COLOR-SIN-FONDO-e1732295305345.png","contentUrl":"https:\/\/distribucionarc.com\/wp-content\/uploads\/2024\/10\/distribucion-ARC-COLOR-SIN-FONDO-e1732295305345.png","width":1164,"height":558,"caption":"Distribuci\u00f3n ARC"},"image":{"@id":"https:\/\/www.distribucionarc.com\/sl\/#\/schema\/logo\/image\/"},"description":"Entreprise sp\u00e9cialis\u00e9e dans la fabrication et la distribution de machines industrielles pour les secteurs alimentaire et pharmaceutique. Nous sommes sp\u00e9cialis\u00e9s dans : Machines \u00e0 couper la viande Fabrication de comprim\u00e9s Syst\u00e8mes de transport industriel Lignes d'embouteillage Machines de dosage Et bien plus encore... Nous proposons des solutions innovantes et personnalis\u00e9es pour optimiser les processus de production de votre entreprise.","email":"Admistracion@distribucionarc.com","telephone":"+34 643496664","legalName":"ARC TECH SOLUTIONS","foundingDate":"2024-04-09","vatID":"B55480172","numberOfEmployees":{"@type":"QuantitativeValue","minValue":"1","maxValue":"10"}}]}},"_links":{"self":[{"href":"https:\/\/distribucionarc.com\/fr\/wp-json\/wp\/v2\/product\/17444","targetHints":{"allow":["GET"]}}],"collection":[{"href":"https:\/\/distribucionarc.com\/fr\/wp-json\/wp\/v2\/product"}],"about":[{"href":"https:\/\/distribucionarc.com\/fr\/wp-json\/wp\/v2\/types\/product"}],"replies":[{"embeddable":true,"href":"https:\/\/distribucionarc.com\/fr\/wp-json\/wp\/v2\/comments?post=17444"}],"version-history":[{"count":1,"href":"https:\/\/distribucionarc.com\/fr\/wp-json\/wp\/v2\/product\/17444\/revisions"}],"predecessor-version":[{"id":17448,"href":"https:\/\/distribucionarc.com\/fr\/wp-json\/wp\/v2\/product\/17444\/revisions\/17448"}],"wp:featuredmedia":[{"embeddable":true,"href":"https:\/\/distribucionarc.com\/fr\/wp-json\/wp\/v2\/media\/17447"}],"wp:attachment":[{"href":"https:\/\/distribucionarc.com\/fr\/wp-json\/wp\/v2\/media?parent=17444"}],"wp:term":[{"taxonomy":"product_brand","embeddable":true,"href":"https:\/\/distribucionarc.com\/fr\/wp-json\/wp\/v2\/product_brand?post=17444"},{"taxonomy":"product_cat","embeddable":true,"href":"https:\/\/distribucionarc.com\/fr\/wp-json\/wp\/v2\/product_cat?post=17444"},{"taxonomy":"product_tag","embeddable":true,"href":"https:\/\/distribucionarc.com\/fr\/wp-json\/wp\/v2\/product_tag?post=17444"}],"curies":[{"name":"wp","href":"https:\/\/api.w.org\/{rel}","templated":true}]}}