{"id":17778,"date":"2025-08-21T01:39:52","date_gmt":"2025-08-20T23:39:52","guid":{"rendered":"https:\/\/distribucionarc.com\/?post_type=product&#038;p=17778"},"modified":"2025-08-21T01:39:53","modified_gmt":"2025-08-20T23:39:53","slug":"broyeur-granulateur-oscillant-pour-produits-travailles-a-froid-et-sujets-a-lhumidite","status":"publish","type":"product","link":"https:\/\/distribucionarc.com\/fr\/producto\/triturador-granulador-oscilante-trabajo-en-frio-productos-humedad\/","title":{"rendered":"Broyeur granulateur oscillant Produits humides pour le travail \u00e0 froid"},"content":{"rendered":"<p data-start=\"790\" data-end=\"1407\">Il <strong data-start=\"793\" data-end=\"805\">YARK-160<\/strong> c&#039;est un <strong data-start=\"812\" data-end=\"854\">broyeur\/concasseur\/granulateur oscillant<\/strong> haute performance con\u00e7ue pour <strong data-start=\"889\" data-end=\"922\">produits \u00e0 forte humidit\u00e9<\/strong> soit <strong data-start=\"925\" data-end=\"947\">sensible \u00e0 la chaleur<\/strong>. Son oscillation <strong data-start=\"963\" data-end=\"971\">360\u00ba<\/strong> \u00e0 <strong data-start=\"974\" data-end=\"992\">\u224860 cycles\/min<\/strong> g\u00e9n\u00e8re <strong data-start=\"1000\" data-end=\"1017\">cisaillement doux<\/strong>, avec <strong data-start=\"1023\" data-end=\"1040\">faible frottement<\/strong> et <strong data-start=\"1043\" data-end=\"1071\">\u00e9l\u00e9vation de temp\u00e9rature minimale<\/strong>, ce qui permet <strong data-start=\"1088\" data-end=\"1133\">concasser, d\u00e9sagglom\u00e9rer et granuler \u00e0 froid<\/strong> sans le mat\u00e9riel <strong data-start=\"1154\" data-end=\"1200\">fond, s&#039;agglutine ou perd ses propri\u00e9t\u00e9s<\/strong>.<br data-start=\"1201\" data-end=\"1204\" \/>Con\u00e7u pour les lignes <strong data-start=\"1224\" data-end=\"1237\">tu continues<\/strong> et des quarts de travail intensifs, des offres <strong data-start=\"1266\" data-end=\"1294\">distribution granulom\u00e9trique contr\u00f4l\u00e9e<\/strong> (selon le maillage) pour optimiser <strong data-start=\"1324\" data-end=\"1373\">m\u00e9lange, dosage, extrusion, compression<\/strong> et <strong data-start=\"1376\" data-end=\"1387\">aisance<\/strong> du produit final.<\/p>\n<p data-start=\"1409\" data-end=\"1452\"><strong data-start=\"1409\" data-end=\"1450\">Applications et mat\u00e9riaux (exemples) :<\/strong><\/p>\n<ul data-start=\"1453\" data-end=\"2008\">\n<li data-start=\"1453\" data-end=\"1659\">\n<p data-start=\"1455\" data-end=\"1659\"><strong data-start=\"1455\" data-end=\"1471\">Alimentation<\/strong>: chocolat\/cacao (non fondu), bouillons concentr\u00e9s\/\u00ab Avecrem \u00bb, sucre humide, sel marin humide, \u00e9pices avec huiles, fruits d\u00e9shydrat\u00e9s avec humidit\u00e9 r\u00e9siduelle, pr\u00e9mix et remix.<\/p>\n<\/li>\n<li data-start=\"1660\" data-end=\"1804\">\n<p data-start=\"1662\" data-end=\"1804\"><strong data-start=\"1662\" data-end=\"1678\">Pharmaceutique<\/strong>: <strong data-start=\"1680\" data-end=\"1702\">granulation humide<\/strong> de poudres pour comprim\u00e9s, comprim\u00e9s rebroy\u00e9s, <strong data-start=\"1756\" data-end=\"1773\">d\u00e9sagglom\u00e9r\u00e9<\/strong> avant le m\u00e9lange\/l&#039;encapsulation.<\/p>\n<\/li>\n<li data-start=\"1805\" data-end=\"1906\">\n<p data-start=\"1807\" data-end=\"1906\"><strong data-start=\"1807\" data-end=\"1820\">Produits de beaut\u00e9<\/strong>: bases de savon, cires, baumes et p\u00e2tes ; contr\u00f4le de la taille <strong data-start=\"1882\" data-end=\"1903\">sans surchauffe<\/strong>.<\/p>\n<\/li>\n<li data-start=\"1907\" data-end=\"2008\">\n<p data-start=\"1909\" data-end=\"2008\"><strong data-start=\"1909\" data-end=\"1920\">Chimie<\/strong>: poudres hygroscopiques\/r\u00e9actives, pr\u00e9granul\u00e9es pour <strong data-start=\"1972\" data-end=\"1988\">dosage<\/strong> et <strong data-start=\"1991\" data-end=\"2007\">compactage<\/strong>.<\/p>\n<\/li>\n<\/ul>\n<p data-start=\"2010\" data-end=\"2031\"><strong data-start=\"2010\" data-end=\"2029\">Principaux avantages :<\/strong><\/p>\n<ul data-start=\"2032\" data-end=\"2494\">\n<li data-start=\"2032\" data-end=\"2117\">\n<p data-start=\"2034\" data-end=\"2117\"><strong data-start=\"2034\" data-end=\"2053\">Travail \u00e0 froid<\/strong> \u2192 moins de blocage, moins d&#039;amendes probl\u00e9matiques, <strong data-start=\"2097\" data-end=\"2114\">d\u00e9bit stable<\/strong>.<\/p>\n<\/li>\n<li data-start=\"2118\" data-end=\"2213\">\n<p data-start=\"2120\" data-end=\"2213\"><strong data-start=\"2120\" data-end=\"2146\">Capacit\u00e9 200\u2013300 kg\/h<\/strong> avec <strong data-start=\"2151\" data-end=\"2167\">moteur de 2,2 kW<\/strong> \u2192 <strong data-start=\"2170\" data-end=\"2195\">efficacit\u00e9 \u00e9nerg\u00e9tique<\/strong> et <strong data-start=\"2198\" data-end=\"2210\">solidit\u00e9<\/strong>.<\/p>\n<\/li>\n<li data-start=\"2214\" data-end=\"2314\">\n<p data-start=\"2216\" data-end=\"2314\"><strong data-start=\"2216\" data-end=\"2236\">Acier inoxydable<\/strong>, conception compacte pour sa taille, <strong data-start=\"2270\" data-end=\"2289\">changement de maillage<\/strong> et <strong data-start=\"2292\" data-end=\"2311\">nettoyage rapide<\/strong>.<\/p>\n<\/li>\n<li data-start=\"2315\" data-end=\"2396\">\n<p data-start=\"2317\" data-end=\"2396\"><strong data-start=\"2317\" data-end=\"2341\">Int\u00e9gration en ligne<\/strong>: tr\u00e9mie adaptable, d\u00e9bit uniforme, fonctionnement s\u00fbr.<\/p>\n<\/li>\n<li data-start=\"2397\" data-end=\"2494\">\n<p data-start=\"2399\" data-end=\"2494\"><strong data-start=\"2399\" data-end=\"2424\">Soutien ARC en Espagne<\/strong>: conseil, mise en service optionnelle, pi\u00e8ces d\u00e9tach\u00e9es et maintenance.<\/p>\n<\/li>\n<\/ul>\n<blockquote data-start=\"2496\" data-end=\"2710\">\n<p data-start=\"2498\" data-end=\"2710\"><strong data-start=\"2498\" data-end=\"2542\">\u00c9galement disponible dans les mod\u00e8les sup\u00e9rieurs<\/strong> (bouche plus grande et d\u00e9bit &gt; 300 kg\/h). Indique <strong data-start=\"2583\" data-end=\"2595\">mat\u00e9riel<\/strong>, <strong data-start=\"2597\" data-end=\"2613\">Humidit\u00e9 %<\/strong>, <strong data-start=\"2615\" data-end=\"2643\">taille d&#039;entr\u00e9e\/sortie<\/strong> et <strong data-start=\"2646\" data-end=\"2665\">d\u00e9bit cible<\/strong> pour vous recommander <strong data-start=\"2684\" data-end=\"2693\">engrener<\/strong> et configuration.<\/p>\n<\/blockquote>\n<table class=\"tabla-especificaciones yark-160\">\n<thead>\n<tr>\n<th colspan=\"2\">Sp\u00e9cifications techniques \u2014 YARK-160<\/th>\n<\/tr>\n<\/thead>\n<tbody>\n<tr>\n<td>Mod\u00e8le<\/td>\n<td>YARK-160<\/td>\n<\/tr>\n<tr>\n<td>Capacit\u00e9 de production<\/td>\n<td>200\u2013300 kg\/h (selon le mat\u00e9riau, l&#039;humidit\u00e9 et la maille)<\/td>\n<\/tr>\n<tr>\n<td>Diam\u00e8tre du rotor oscillant<\/td>\n<td>160 mm<\/td>\n<\/tr>\n<tr>\n<td>Angle de d\u00e9placement\/d&#039;oscillation<\/td>\n<td>360\u00b0<\/td>\n<\/tr>\n<tr>\n<td>Fr\u00e9quence d&#039;oscillation<\/td>\n<td>\u2248 60 cycles\/min<\/td>\n<\/tr>\n<tr>\n<td>Puissance du moteur<\/td>\n<td>2,2 kW<\/td>\n<\/tr>\n<tr>\n<td>Poids<\/td>\n<td>330 kg<\/td>\n<\/tr>\n<tr>\n<td>Dimensions (L \u00d7 l \u00d7 H)<\/td>\n<td>950 \u00d7 750 \u00d7 1240 mm<\/td>\n<\/tr>\n<tr>\n<td>Mat\u00e9riaux de construction<\/td>\n<td>Acier inoxydable (structure robuste, nettoyage facile)<\/td>\n<\/tr>\n<tr>\n<td>Op\u00e9rations<\/td>\n<td>Broyage, granulation humide \u00e0 froid, d\u00e9sagglom\u00e9ration, homog\u00e9n\u00e9isation<\/td>\n<\/tr>\n<tr>\n<td>Maintenance pr\u00e9ventive<\/td>\n<td><a href=\"https:\/\/distribucionarc.com\/fr\/maintenance-preventive-arc-arc\/\" target=\"_blank\" rel=\"noopener\">Plan de maintenance pr\u00e9ventive ARC<\/a><\/td>\n<\/tr>\n<tr>\n<td>Service technique<\/td>\n<td><a href=\"https:\/\/distribucionarc.com\/fr\/service-technique\/\" target=\"_blank\" rel=\"noopener\">Service technique sp\u00e9cialis\u00e9 (recherche par pays et par localisation)<\/a><\/td>\n<\/tr>\n<tr>\n<td>Garantie applicable<\/td>\n<td>Type A \u2014 <a href=\"https:\/\/distribucionarc.com\/fr\/garantie-distribution-arc\/\" target=\"_blank\" rel=\"noopener\">Garantie de distribution ARC<\/a><\/td>\n<\/tr>\n<\/tbody>\n<\/table>\n<p>&nbsp;<\/p>\n<p>&nbsp;<\/p>","protected":false},"excerpt":{"rendered":"<p>Il <strong data-start=\"400\" data-end=\"412\">YARK-160<\/strong> c&#039;est un <strong data-start=\"419\" data-end=\"454\">broyeur-granulateur oscillant<\/strong> de <strong data-start=\"458\" data-end=\"491\">grande capacit\u00e9 (200\u2013300 kg\/h)<\/strong> pour <strong data-start=\"497\" data-end=\"527\">granulation humide \u00e0 froid<\/strong>Id\u00e9al pour l&#039;alimentation, la pharmacie, les cosm\u00e9tiques et la chimie : <strong data-start=\"582\" data-end=\"620\">emp\u00eache la fonte, le collage et l&#039;agglom\u00e9ration<\/strong>, am\u00e9liore la <strong data-start=\"632\" data-end=\"641\">couler<\/strong> et le <strong data-start=\"647\" data-end=\"663\">homog\u00e9n\u00e9it\u00e9<\/strong> du granul\u00e9. <strong data-start=\"679\" data-end=\"718\">Service technique ARC en Europe et aux \u00c9tats-Unis<\/strong>\u00a0et <strong data-start=\"721\" data-end=\"740\">garantie de type A<\/strong>.<\/p>","protected":false},"featured_media":17784,"comment_status":"open","ping_status":"closed","template":"","meta":{"wds_primary_product_brand":0,"wds_primary_product_cat":0},"product_brand":[],"product_cat":[326],"product_tag":[],"class_list":{"0":"post-17778","1":"product","2":"type-product","3":"status-publish","4":"has-post-thumbnail","6":"product_cat-trituradoras-industriales","8":"first","9":"instock","10":"taxable","11":"shipping-taxable","12":"purchasable","13":"product-type-simple"},"yoast_head":"<!-- This site is optimized with the Yoast SEO Premium plugin v24.9 (Yoast SEO v26.1) - https:\/\/yoast.com\/wordpress\/plugins\/seo\/ -->\n<title>Triturador Granulador Oscilante Trabajo en fr\u00edo productos humedad - distribuci\u00f3n ARC<\/title>\n<meta name=\"description\" content=\"YARK-160: triturador oscilante 200\u2013300 kg\/h para granulaci\u00f3n h\u00fameda en fr\u00edo en alimentos, farmacia y cosm\u00e9tica. Garant\u00eda tipo A y SAT ARC en Europa y estados unidos\" \/>\n<meta name=\"robots\" content=\"index, follow, max-snippet:-1, max-image-preview:large, max-video-preview:-1\" \/>\n<link rel=\"canonical\" href=\"https:\/\/distribucionarc.com\/fr\/produit\/broyeur-granulateur-oscillant-pour-produits-travailles-a-froid-et-sujets-a-lhumidite\/\" \/>\n<meta property=\"og:locale\" content=\"fr_FR\" \/>\n<meta property=\"og:type\" content=\"article\" \/>\n<meta property=\"og:title\" content=\"Triturador Granulador Oscilante Trabajo en fr\u00edo productos humedad\" \/>\n<meta property=\"og:description\" content=\"YARK-160: triturador oscilante 200\u2013300 kg\/h para granulaci\u00f3n h\u00fameda en fr\u00edo en alimentos, farmacia y cosm\u00e9tica. Garant\u00eda tipo A y SAT ARC en Europa y estados unidos\" \/>\n<meta property=\"og:url\" content=\"https:\/\/distribucionarc.com\/fr\/produit\/broyeur-granulateur-oscillant-pour-produits-travailles-a-froid-et-sujets-a-lhumidite\/\" \/>\n<meta property=\"og:site_name\" content=\"distribuci\u00f3n ARC\" \/>\n<meta property=\"article:modified_time\" content=\"2025-08-20T23:39:53+00:00\" \/>\n<meta property=\"og:image\" content=\"https:\/\/distribucionarc.com\/wp-content\/uploads\/2025\/08\/Granulador-industrial-YARK-160-vista-lateral-derecha-completa.jpeg\" \/>\n\t<meta property=\"og:image:width\" content=\"800\" \/>\n\t<meta property=\"og:image:height\" content=\"800\" \/>\n\t<meta property=\"og:image:type\" content=\"image\/jpeg\" \/>\n<meta name=\"twitter:card\" content=\"summary_large_image\" \/>\n<meta name=\"twitter:label1\" content=\"Dur\u00e9e de lecture estim\u00e9e\" \/>\n\t<meta name=\"twitter:data1\" content=\"2 minutes\" \/>\n<script type=\"application\/ld+json\" class=\"yoast-schema-graph\">{\"@context\":\"https:\/\/schema.org\",\"@graph\":[{\"@type\":\"WebPage\",\"@id\":\"https:\/\/distribucionarc.com\/pt\/producto\/triturador-granulador-oscilante-trabajo-en-frio-productos-humedad\/\",\"url\":\"https:\/\/distribucionarc.com\/pt\/producto\/triturador-granulador-oscilante-trabajo-en-frio-productos-humedad\/\",\"name\":\"Triturador Granulador Oscilante Trabajo en fr\u00edo productos humedad - distribuci\u00f3n ARC\",\"isPartOf\":{\"@id\":\"https:\/\/www.distribucionarc.com\/sl\/#website\"},\"primaryImageOfPage\":{\"@id\":\"https:\/\/distribucionarc.com\/pt\/producto\/triturador-granulador-oscilante-trabajo-en-frio-productos-humedad\/#primaryimage\"},\"image\":{\"@id\":\"https:\/\/distribucionarc.com\/pt\/producto\/triturador-granulador-oscilante-trabajo-en-frio-productos-humedad\/#primaryimage\"},\"thumbnailUrl\":\"https:\/\/distribucionarc.com\/wp-content\/uploads\/2025\/08\/Granulador-industrial-YARK-160-vista-lateral-derecha-completa.jpeg\",\"datePublished\":\"2025-08-20T23:39:52+00:00\",\"dateModified\":\"2025-08-20T23:39:53+00:00\",\"description\":\"YARK-160: triturador oscilante 200\u2013300 kg\/h para granulaci\u00f3n h\u00fameda en fr\u00edo en alimentos, farmacia y cosm\u00e9tica. Garant\u00eda tipo A y SAT ARC en Europa y estados unidos\",\"breadcrumb\":{\"@id\":\"https:\/\/distribucionarc.com\/pt\/producto\/triturador-granulador-oscilante-trabajo-en-frio-productos-humedad\/#breadcrumb\"},\"inLanguage\":\"fr-FR\",\"potentialAction\":[{\"@type\":\"ReadAction\",\"target\":[\"https:\/\/distribucionarc.com\/pt\/producto\/triturador-granulador-oscilante-trabajo-en-frio-productos-humedad\/\"]}]},{\"@type\":\"ImageObject\",\"inLanguage\":\"fr-FR\",\"@id\":\"https:\/\/distribucionarc.com\/pt\/producto\/triturador-granulador-oscilante-trabajo-en-frio-productos-humedad\/#primaryimage\",\"url\":\"https:\/\/distribucionarc.com\/wp-content\/uploads\/2025\/08\/Granulador-industrial-YARK-160-vista-lateral-derecha-completa.jpeg\",\"contentUrl\":\"https:\/\/distribucionarc.com\/wp-content\/uploads\/2025\/08\/Granulador-industrial-YARK-160-vista-lateral-derecha-completa.jpeg\",\"width\":800,\"height\":800,\"caption\":\"Vista lateral completa del YARK-160 en posici\u00f3n de trabajo\"},{\"@type\":\"BreadcrumbList\",\"@id\":\"https:\/\/distribucionarc.com\/pt\/producto\/triturador-granulador-oscilante-trabajo-en-frio-productos-humedad\/#breadcrumb\",\"itemListElement\":[{\"@type\":\"ListItem\",\"position\":1,\"name\":\"Portada\",\"item\":\"https:\/\/www.distribucionarc.com\/\"},{\"@type\":\"ListItem\",\"position\":2,\"name\":\"\u00dcr\u00fcnler\",\"item\":\"https:\/\/www.distribucionarc.com\/tr\/magaza\/\"},{\"@type\":\"ListItem\",\"position\":3,\"name\":\"Triturador Granulador Oscilante Trabajo en fr\u00edo productos humedad\"}]},{\"@type\":\"WebSite\",\"@id\":\"https:\/\/www.distribucionarc.com\/sl\/#website\",\"url\":\"https:\/\/www.distribucionarc.com\/sl\/\",\"name\":\"distribuci\u00f3n ARC\",\"description\":\"Empresa especializada en la fabricaci\u00f3n y distribuci\u00f3n de maquinaria industrial, selladoras de latas, Maquinas de hacer pastillas, Maquinas de cortar carne...\",\"publisher\":{\"@id\":\"https:\/\/www.distribucionarc.com\/sl\/#organization\"},\"potentialAction\":[{\"@type\":\"SearchAction\",\"target\":{\"@type\":\"EntryPoint\",\"urlTemplate\":\"https:\/\/www.distribucionarc.com\/sl\/?s={search_term_string}\"},\"query-input\":{\"@type\":\"PropertyValueSpecification\",\"valueRequired\":true,\"valueName\":\"search_term_string\"}}],\"inLanguage\":\"fr-FR\"},{\"@type\":\"Organization\",\"@id\":\"https:\/\/www.distribucionarc.com\/sl\/#organization\",\"name\":\"Distribuci\u00f3n ARC\",\"url\":\"https:\/\/www.distribucionarc.com\/sl\/\",\"logo\":{\"@type\":\"ImageObject\",\"inLanguage\":\"fr-FR\",\"@id\":\"https:\/\/www.distribucionarc.com\/sl\/#\/schema\/logo\/image\/\",\"url\":\"https:\/\/distribucionarc.com\/wp-content\/uploads\/2024\/10\/distribucion-ARC-COLOR-SIN-FONDO-e1732295305345.png\",\"contentUrl\":\"https:\/\/distribucionarc.com\/wp-content\/uploads\/2024\/10\/distribucion-ARC-COLOR-SIN-FONDO-e1732295305345.png\",\"width\":1164,\"height\":558,\"caption\":\"Distribuci\u00f3n ARC\"},\"image\":{\"@id\":\"https:\/\/www.distribucionarc.com\/sl\/#\/schema\/logo\/image\/\"},\"description\":\"Empresa especializada en la fabricaci\u00f3n y distribuci\u00f3n de maquinaria industrial para los sectores alimentario y farmac\u00e9utico. Nos especializamos en: M\u00e1quinas de cortar carne Fabricaci\u00f3n de comprimidos Sistemas de transporte industrial L\u00edneas de embotellado Dosificadores Y mucho m\u00e1s... Ofrecemos soluciones innovadoras y personalizadas para optimizar los procesos productivos de tu empresa.\",\"email\":\"Admistracion@distribucionarc.com\",\"telephone\":\"+34 643496664\",\"legalName\":\"ARC TECH SOLUTIONS\",\"foundingDate\":\"2024-04-09\",\"vatID\":\"B55480172\",\"numberOfEmployees\":{\"@type\":\"QuantitativeValue\",\"minValue\":\"1\",\"maxValue\":\"10\"}}]}<\/script>\n<!-- \/ Yoast SEO Premium plugin. -->","yoast_head_json":{"title":"Broyeur granulateur oscillant Traitement \u00e0 froid de produits sujets \u00e0 l&#039;humidit\u00e9 - ARC distribution","description":"YARK-160\u00a0: Broyeur oscillant de 200 \u00e0 300\u00a0kg\/h pour la granulation humide \u00e0 froid dans les industries agroalimentaire, pharmaceutique et cosm\u00e9tique. Garantie de type A et SAT ARC en Europe et aux \u00c9tats-Unis.","robots":{"index":"index","follow":"follow","max-snippet":"max-snippet:-1","max-image-preview":"max-image-preview:large","max-video-preview":"max-video-preview:-1"},"canonical":"https:\/\/distribucionarc.com\/fr\/produit\/broyeur-granulateur-oscillant-pour-produits-travailles-a-froid-et-sujets-a-lhumidite\/","og_locale":"fr_FR","og_type":"article","og_title":"Triturador Granulador Oscilante Trabajo en fr\u00edo productos humedad","og_description":"YARK-160: triturador oscilante 200\u2013300 kg\/h para granulaci\u00f3n h\u00fameda en fr\u00edo en alimentos, farmacia y cosm\u00e9tica. Garant\u00eda tipo A y SAT ARC en Europa y estados unidos","og_url":"https:\/\/distribucionarc.com\/fr\/produit\/broyeur-granulateur-oscillant-pour-produits-travailles-a-froid-et-sujets-a-lhumidite\/","og_site_name":"distribuci\u00f3n ARC","article_modified_time":"2025-08-20T23:39:53+00:00","og_image":[{"width":800,"height":800,"url":"https:\/\/distribucionarc.com\/wp-content\/uploads\/2025\/08\/Granulador-industrial-YARK-160-vista-lateral-derecha-completa.jpeg","type":"image\/jpeg"}],"twitter_card":"summary_large_image","twitter_misc":{"Dur\u00e9e de lecture estim\u00e9e":"2 minutes"},"schema":{"@context":"https:\/\/schema.org","@graph":[{"@type":"WebPage","@id":"https:\/\/distribucionarc.com\/pt\/producto\/triturador-granulador-oscilante-trabajo-en-frio-productos-humedad\/","url":"https:\/\/distribucionarc.com\/pt\/producto\/triturador-granulador-oscilante-trabajo-en-frio-productos-humedad\/","name":"Broyeur granulateur oscillant Traitement \u00e0 froid de produits sujets \u00e0 l&#039;humidit\u00e9 - ARC distribution","isPartOf":{"@id":"https:\/\/www.distribucionarc.com\/sl\/#website"},"primaryImageOfPage":{"@id":"https:\/\/distribucionarc.com\/pt\/producto\/triturador-granulador-oscilante-trabajo-en-frio-productos-humedad\/#primaryimage"},"image":{"@id":"https:\/\/distribucionarc.com\/pt\/producto\/triturador-granulador-oscilante-trabajo-en-frio-productos-humedad\/#primaryimage"},"thumbnailUrl":"https:\/\/distribucionarc.com\/wp-content\/uploads\/2025\/08\/Granulador-industrial-YARK-160-vista-lateral-derecha-completa.jpeg","datePublished":"2025-08-20T23:39:52+00:00","dateModified":"2025-08-20T23:39:53+00:00","description":"YARK-160\u00a0: Broyeur oscillant de 200 \u00e0 300\u00a0kg\/h pour la granulation humide \u00e0 froid dans les industries agroalimentaire, pharmaceutique et cosm\u00e9tique. Garantie de type A et SAT ARC en Europe et aux \u00c9tats-Unis.","breadcrumb":{"@id":"https:\/\/distribucionarc.com\/pt\/producto\/triturador-granulador-oscilante-trabajo-en-frio-productos-humedad\/#breadcrumb"},"inLanguage":"fr-FR","potentialAction":[{"@type":"ReadAction","target":["https:\/\/distribucionarc.com\/pt\/producto\/triturador-granulador-oscilante-trabajo-en-frio-productos-humedad\/"]}]},{"@type":"ImageObject","inLanguage":"fr-FR","@id":"https:\/\/distribucionarc.com\/pt\/producto\/triturador-granulador-oscilante-trabajo-en-frio-productos-humedad\/#primaryimage","url":"https:\/\/distribucionarc.com\/wp-content\/uploads\/2025\/08\/Granulador-industrial-YARK-160-vista-lateral-derecha-completa.jpeg","contentUrl":"https:\/\/distribucionarc.com\/wp-content\/uploads\/2025\/08\/Granulador-industrial-YARK-160-vista-lateral-derecha-completa.jpeg","width":800,"height":800,"caption":"Vista lateral completa del YARK-160 en posici\u00f3n de trabajo"},{"@type":"BreadcrumbList","@id":"https:\/\/distribucionarc.com\/pt\/producto\/triturador-granulador-oscilante-trabajo-en-frio-productos-humedad\/#breadcrumb","itemListElement":[{"@type":"ListItem","position":1,"name":"Portada","item":"https:\/\/www.distribucionarc.com\/"},{"@type":"ListItem","position":2,"name":"\u00dcr\u00fcnler","item":"https:\/\/www.distribucionarc.com\/tr\/magaza\/"},{"@type":"ListItem","position":3,"name":"Triturador Granulador Oscilante Trabajo en fr\u00edo productos humedad"}]},{"@type":"WebSite","@id":"https:\/\/www.distribucionarc.com\/sl\/#website","url":"https:\/\/www.distribucionarc.com\/sl\/","name":"R\u00e9partition de l&#039;ARC","description":"Entreprise sp\u00e9cialis\u00e9e dans la fabrication et la distribution de machines industrielles, scelleuses de bo\u00eetes, machines \u00e0 comprim\u00e9s, machines \u00e0 d\u00e9couper la viande...","publisher":{"@id":"https:\/\/www.distribucionarc.com\/sl\/#organization"},"potentialAction":[{"@type":"SearchAction","target":{"@type":"EntryPoint","urlTemplate":"https:\/\/www.distribucionarc.com\/sl\/?s={search_term_string}"},"query-input":{"@type":"PropertyValueSpecification","valueRequired":true,"valueName":"search_term_string"}}],"inLanguage":"fr-FR"},{"@type":"Organization","@id":"https:\/\/www.distribucionarc.com\/sl\/#organization","name":"Distribution ARC","url":"https:\/\/www.distribucionarc.com\/sl\/","logo":{"@type":"ImageObject","inLanguage":"fr-FR","@id":"https:\/\/www.distribucionarc.com\/sl\/#\/schema\/logo\/image\/","url":"https:\/\/distribucionarc.com\/wp-content\/uploads\/2024\/10\/distribucion-ARC-COLOR-SIN-FONDO-e1732295305345.png","contentUrl":"https:\/\/distribucionarc.com\/wp-content\/uploads\/2024\/10\/distribucion-ARC-COLOR-SIN-FONDO-e1732295305345.png","width":1164,"height":558,"caption":"Distribuci\u00f3n ARC"},"image":{"@id":"https:\/\/www.distribucionarc.com\/sl\/#\/schema\/logo\/image\/"},"description":"Entreprise sp\u00e9cialis\u00e9e dans la fabrication et la distribution de machines industrielles pour les secteurs alimentaire et pharmaceutique. Nous sommes sp\u00e9cialis\u00e9s dans : Machines \u00e0 couper la viande Fabrication de comprim\u00e9s Syst\u00e8mes de transport industriel Lignes d'embouteillage Machines de dosage Et bien plus encore... Nous proposons des solutions innovantes et personnalis\u00e9es pour optimiser les processus de production de votre entreprise.","email":"Admistracion@distribucionarc.com","telephone":"+34 643496664","legalName":"ARC TECH SOLUTIONS","foundingDate":"2024-04-09","vatID":"B55480172","numberOfEmployees":{"@type":"QuantitativeValue","minValue":"1","maxValue":"10"}}]}},"_links":{"self":[{"href":"https:\/\/distribucionarc.com\/fr\/wp-json\/wp\/v2\/product\/17778","targetHints":{"allow":["GET"]}}],"collection":[{"href":"https:\/\/distribucionarc.com\/fr\/wp-json\/wp\/v2\/product"}],"about":[{"href":"https:\/\/distribucionarc.com\/fr\/wp-json\/wp\/v2\/types\/product"}],"replies":[{"embeddable":true,"href":"https:\/\/distribucionarc.com\/fr\/wp-json\/wp\/v2\/comments?post=17778"}],"version-history":[{"count":1,"href":"https:\/\/distribucionarc.com\/fr\/wp-json\/wp\/v2\/product\/17778\/revisions"}],"predecessor-version":[{"id":17785,"href":"https:\/\/distribucionarc.com\/fr\/wp-json\/wp\/v2\/product\/17778\/revisions\/17785"}],"wp:featuredmedia":[{"embeddable":true,"href":"https:\/\/distribucionarc.com\/fr\/wp-json\/wp\/v2\/media\/17784"}],"wp:attachment":[{"href":"https:\/\/distribucionarc.com\/fr\/wp-json\/wp\/v2\/media?parent=17778"}],"wp:term":[{"taxonomy":"product_brand","embeddable":true,"href":"https:\/\/distribucionarc.com\/fr\/wp-json\/wp\/v2\/product_brand?post=17778"},{"taxonomy":"product_cat","embeddable":true,"href":"https:\/\/distribucionarc.com\/fr\/wp-json\/wp\/v2\/product_cat?post=17778"},{"taxonomy":"product_tag","embeddable":true,"href":"https:\/\/distribucionarc.com\/fr\/wp-json\/wp\/v2\/product_tag?post=17778"}],"curies":[{"name":"wp","href":"https:\/\/api.w.org\/{rel}","templated":true}]}}