{"id":1815,"date":"2020-07-31T11:24:52","date_gmt":"2020-07-31T11:24:52","guid":{"rendered":"https:\/\/distribucionarc.com\/?post_type=product&#038;p=1815"},"modified":"2022-10-15T21:48:50","modified_gmt":"2022-10-15T21:48:50","slug":"doseuse-scelleuse-automatique-de-grain-2","status":"publish","type":"product","link":"https:\/\/distribucionarc.com\/fr\/producto\/dosificadora-selladora-automatica-de-granos-2\/","title":{"rendered":"Distributeur automatique de scellage des grains 200g"},"content":{"rendered":"<h3>Distributeur automatique de scellage pour c\u00e9r\u00e9ales, farines et poudres<\/h3>\n<p>Le\u00a0<strong>scellant de dosage<\/strong>\u00a0de\u00a0<strong><span style=\"color: #ff0000;\">\u00c0<\/span><span style=\"color: #0000ff;\">R.<\/span>c<\/strong>\u00a0Il est enti\u00e8rement automatique, le pesage, la d\u00e9coupe, l&#039;emballage et la d\u00e9coupe sont effectu\u00e9s tout au long du processus. Le\u00a0<strong>machine d&#039;emballage et de pes\u00e9e<\/strong>\u00a0Il dispose d&#039;un double syst\u00e8me de vibration, qui fonctionne en douceur et avec peu de bruit<\/p>\n<p>La grande tr\u00e9mie du\u00a0<strong><span style=\"color: #ff0000;\">\u00c0<\/span><span style=\"color: #0000ff;\">R.<\/span>CMSAG200<\/strong> permet un remplissage efficace. Il s&#039;agit d&#039;un type de joint \u00e0 3 c\u00f4t\u00e9s. Largeur du papier : 18 cm (soit la largeur du sac du produit fini 8 cm). Longueur du papier : 1-16 cm. Gamme d&#039;emballage : capacit\u00e9 de 1 \u00e0 200 g. Ce <strong>machine de pes\u00e9e automatique<\/strong>\u00a0Il convient \u00e0 la poudre fine, \u00e0 la poudre chimique, \u00e0 la poudre comestible, \u00e0 la poudre de caf\u00e9 et \u00e0 d&#039;autres mat\u00e9riaux secs et mobiles.<\/p>\n<p>Le syst\u00e8me de contr\u00f4le par micro-ordinateur <strong>haute pr\u00e9cision<\/strong>\u00a0rend le processus de pesage et de remplissage pr\u00e9cis et r\u00e9duit les erreurs. Les \u00e9crans \u00e0 double contr\u00f4le sont faciles \u00e0 utiliser.<\/p>\n<p>La coque enti\u00e8re du <strong>machine \u00e0 sceller et \u00e0 peser<\/strong> Il est fabriqu\u00e9 en acier inoxydable de qualit\u00e9 alimentaire, robuste et durable. Facile \u00e0 ouvrir et \u00e0 fermer avec des boucles solides. Le ventilateur de dissipation thermique est con\u00e7u pour une utilisation continue.<\/p>\n<p>La machine \u00e9tant combin\u00e9e en deux parties (d\u00e9tachables), les quatre roues sont con\u00e7ues pour un d\u00e9placement et un travail faciles.<\/p>\n<h6><strong>Garantie\u00a0<span style=\"color: #ff0000;\">\u00c0<\/span><span style=\"color: #0000ff;\">R.<\/span>C 2 ANS<\/strong><\/h6>\n<h6><span style=\"color: #008000;\">Distributeur automatique de scellant efficace, basse consommation 100w<\/span><\/h6>\n<h6><strong>support technique inclus<\/strong><\/h6>\n<p>&nbsp;<\/p>\n<table role=\"presentation\" width=\"100%\" cellspacing=\"0\" cellpadding=\"0\">\n<tbody>\n<tr>\n<td class=\"attrLabels\">Marque:<\/td>\n<td width=\"50.0%\">ARC<\/td>\n<\/tr>\n<tr>\n<td class=\"attrLabels\">Pays de distribution\u00a0:<\/td>\n<td width=\"50.0%\">Espagne, Allemagne, \u00c9tats-Unis<\/td>\n<td class=\"attrLabels\">Poids:<\/td>\n<td width=\"50.0%\">66 kg<\/td>\n<\/tr>\n<tr>\n<td class=\"attrLabels\">Marque:<\/td>\n<td width=\"50.0%\">ARC<\/td>\n<td class=\"attrLabels\">Hauteur:<\/td>\n<td width=\"50.0%\">141 cm<\/td>\n<\/tr>\n<tr>\n<td class=\"attrLabels\">Couleur:<\/td>\n<td width=\"50.0%\">Argent<\/td>\n<td class=\"attrLabels\">Long:<\/td>\n<td width=\"50.0%\">52 cm<\/td>\n<\/tr>\n<tr>\n<td class=\"attrLabels\">Type de produit\u00a0:<\/td>\n<td width=\"50.0%\">Distributeur de scellage automatique<\/td>\n<td class=\"attrLabels\">Large:<\/td>\n<td width=\"50.0%\">62 cm<\/td>\n<\/tr>\n<tr>\n<td class=\"attrLabels\">Num\u00e9ro du fabricant :<\/td>\n<td width=\"50.0%\">ARCMSAG200<\/td>\n<td class=\"attrLabels\">Pouvoir:<\/td>\n<td width=\"50.0%\">100W<\/td>\n<\/tr>\n<tr>\n<td class=\"attrLabels\">Mat\u00e9riel:<\/td>\n<td width=\"50.0%\">acier inoxydable, micro-ordinateurs, contr\u00f4le automatique<\/td>\n<td class=\"attrLabels\">tension d&#039;entr\u00e9e<\/td>\n<td width=\"50.0%\">220 V \u2013 60 Hz<\/td>\n<\/tr>\n<tr>\n<td class=\"attrLabels\">Garantie:<\/td>\n<td width=\"50.0%\">\u00a0 2 ans<\/td>\n<td class=\"attrLabels\">Vitesse d&#039;emballage\u00a0:<\/td>\n<td width=\"50.0%\">8 \u00e0 12 sacs par minute<\/td>\n<\/tr>\n<tr>\n<td class=\"attrLabels\">Outils d&#039;installation\u00a0:<\/td>\n<td width=\"50.0%\">Ouais<\/td>\n<td class=\"attrLabels\">Capacit\u00e9 d&#039;emballage\u00a0:<\/td>\n<td width=\"50.0%\">\u00a00 \u2013 200 grammes<\/td>\n<\/tr>\n<\/tbody>\n<\/table>","protected":false},"excerpt":{"rendered":"<h2>Distributeur automatique de scellage pour c\u00e9r\u00e9ales, farines et poudres<\/h2>\n<p><strong><span style=\"color: #ff0000;\">\u00c0<\/span><span style=\"color: #0000ff;\">R.<\/span>c<\/strong>\u00a0propose plusieurs types de solutions pour les industries qui travaillent avec des poudres, des c\u00e9r\u00e9ales et des farines. Nous disposons de syst\u00e8mes standards qui permettent de sceller les sacs ainsi que de syst\u00e8mes qui g\u00e9n\u00e8rent du vide pour l&#039;emballage.<\/p>\n<p>Le\u00a0<strong>machine \u00e0 sceller automatique <span style=\"color: #ff0000;\">\u00c0<\/span><span style=\"color: #0000ff;\">R.<\/span>CMSAG200<\/strong>\u00a0Le sac \u00e0 poussi\u00e8re \u00e0 trois c\u00f4t\u00e9s est stable et fiable. Combinez tout <strong>fonctions de pesage et d&#039;emballage<\/strong>, pour promouvoir la production. Adopter <strong>syst\u00e8mes de double vibration pour le masquage<\/strong> <strong>tr\u00e8s efficace<\/strong>. Il est parfait pour la poussi\u00e8re, les particules et autres mat\u00e9riaux secs et mobiles, adapt\u00e9 au papier filtre, au film composite, aux sacs en papier d&#039;aluminium, au papier non tiss\u00e9 huil\u00e9, aux sacs en plastique thermoscell\u00e9s et \u00e0 d&#039;autres mat\u00e9riaux d&#039;emballage thermoscellables.<\/p>\n<h6><strong>Garantie\u00a0<span style=\"color: #ff0000;\">\u00c0<\/span><span style=\"color: #0000ff;\">R.<\/span>C 2 ANS<\/strong><\/h6>\n<h6><span style=\"color: #008000;\">Distributeur automatique de scellant efficace, basse consommation 100w<\/span><\/h6>\n<h6><strong>support technique inclus<\/strong><\/h6>","protected":false},"featured_media":1822,"comment_status":"open","ping_status":"closed","template":"","meta":{"wds_primary_product_brand":0,"wds_primary_product_cat":0},"product_brand":[],"product_cat":[18,22,15,21,27],"product_tag":[],"class_list":{"0":"post-1815","1":"product","2":"type-product","3":"status-publish","4":"has-post-thumbnail","6":"product_cat-dosificadoras","7":"product_cat-llenadora-de-bolsas-granos-y-polvo","8":"product_cat-llenadoras-y-selladoras-automaticas-flow-pack-sachet","9":"product_cat-maquinas-llenadoras","10":"product_cat-selladoras-de-bolsas","11":"product_shipping_class-express","13":"first","14":"instock","15":"taxable","16":"shipping-taxable","17":"purchasable","18":"product-type-simple"},"yoast_head":"<!-- This site is optimized with the Yoast SEO Premium plugin v24.9 (Yoast SEO v26.1) - https:\/\/yoast.com\/wordpress\/plugins\/seo\/ -->\n<title>Dosificadora selladora autom\u00e1tica de granos 200g - distribuci\u00f3n ARC<\/title>\n<meta name=\"robots\" content=\"index, follow, max-snippet:-1, max-image-preview:large, max-video-preview:-1\" \/>\n<link rel=\"canonical\" href=\"https:\/\/www.distribucionarc.com\/lt\/producto\/dosificadora-selladora-automatica-de-granos-2\/\" \/>\n<meta property=\"og:locale\" content=\"fr_FR\" \/>\n<meta property=\"og:type\" content=\"article\" \/>\n<meta property=\"og:title\" content=\"Dosificadora selladora autom\u00e1tica de granos 200g\" \/>\n<meta property=\"og:description\" content=\"Dosificadora selladora autom\u00e1tica de granos, harinas polvos ARC\u00a0ofrece varios tipos de soluciones para las industrias que trabajan con polvos, granos y harinas. Tenemos sistemas est\u00e1ndar que permiten sellar las bolsas y tambi\u00e9n sistemas que generan vac\u00edo a los empaques.  La\u00a0m\u00e1quina de sellado autom\u00e1tico ARCMSAG200\u00a0de tres caras para bolsas de polvo es estable y confiable. Combina todas las funciones de pesaje y embalaje, para favorecer la producci\u00f3n. Adopta sistemas de doble vibraci\u00f3n para un enmascaramiento muy eficiente. Es perfecto para polvo, part\u00edculas y otros materiales secos y m\u00f3viles, adecuado para papel de filtro, pel\u00edcula compuesta, bolsas de papel de aluminio, no tejido, papel engrasado, bolsas de pl\u00e1stico termosellados y otros materiales de embalaje termosellable. Garant\u00eda\u00a0ARC 2 A\u00d1OS Dosificadora selladora autom\u00e1tica eficiente, bajo consumo 100w soporte t\u00e9cnico incluido\" \/>\n<meta property=\"og:url\" content=\"https:\/\/www.distribucionarc.com\/lt\/producto\/dosificadora-selladora-automatica-de-granos-2\/\" \/>\n<meta property=\"og:site_name\" content=\"distribuci\u00f3n ARC\" \/>\n<meta property=\"article:modified_time\" content=\"2022-10-15T21:48:50+00:00\" \/>\n<meta property=\"og:image\" content=\"https:\/\/distribucionarc.com\/wp-content\/uploads\/2020\/07\/Dosificadora-selladora-autom\u00e1tica-de-granos-200-0.jpg\" \/>\n\t<meta property=\"og:image:width\" content=\"1600\" \/>\n\t<meta property=\"og:image:height\" content=\"1600\" \/>\n\t<meta property=\"og:image:type\" content=\"image\/jpeg\" \/>\n<meta name=\"twitter:card\" content=\"summary_large_image\" \/>\n<meta name=\"twitter:label1\" content=\"Dur\u00e9e de lecture estim\u00e9e\" \/>\n\t<meta name=\"twitter:data1\" content=\"2 minutes\" \/>\n<script type=\"application\/ld+json\" class=\"yoast-schema-graph\">{\"@context\":\"https:\/\/schema.org\",\"@graph\":[{\"@type\":\"WebPage\",\"@id\":\"https:\/\/www.distribucionarc.com\/lt\/producto\/dosificadora-selladora-automatica-de-granos-2\/\",\"url\":\"https:\/\/www.distribucionarc.com\/lt\/producto\/dosificadora-selladora-automatica-de-granos-2\/\",\"name\":\"Dosificadora selladora autom\u00e1tica de granos 200g - distribuci\u00f3n ARC\",\"isPartOf\":{\"@id\":\"https:\/\/distribucionarc.com\/de\/#website\"},\"primaryImageOfPage\":{\"@id\":\"https:\/\/www.distribucionarc.com\/lt\/producto\/dosificadora-selladora-automatica-de-granos-2\/#primaryimage\"},\"image\":{\"@id\":\"https:\/\/www.distribucionarc.com\/lt\/producto\/dosificadora-selladora-automatica-de-granos-2\/#primaryimage\"},\"thumbnailUrl\":\"https:\/\/distribucionarc.com\/wp-content\/uploads\/2020\/07\/Dosificadora-selladora-autom\u00e1tica-de-granos-200-0.jpg\",\"datePublished\":\"2020-07-31T11:24:52+00:00\",\"dateModified\":\"2022-10-15T21:48:50+00:00\",\"breadcrumb\":{\"@id\":\"https:\/\/www.distribucionarc.com\/lt\/producto\/dosificadora-selladora-automatica-de-granos-2\/#breadcrumb\"},\"inLanguage\":\"fr-FR\",\"potentialAction\":[{\"@type\":\"ReadAction\",\"target\":[\"https:\/\/www.distribucionarc.com\/lt\/producto\/dosificadora-selladora-automatica-de-granos-2\/\"]}]},{\"@type\":\"ImageObject\",\"inLanguage\":\"fr-FR\",\"@id\":\"https:\/\/www.distribucionarc.com\/lt\/producto\/dosificadora-selladora-automatica-de-granos-2\/#primaryimage\",\"url\":\"https:\/\/distribucionarc.com\/wp-content\/uploads\/2020\/07\/Dosificadora-selladora-autom\u00e1tica-de-granos-200-0.jpg\",\"contentUrl\":\"https:\/\/distribucionarc.com\/wp-content\/uploads\/2020\/07\/Dosificadora-selladora-autom\u00e1tica-de-granos-200-0.jpg\",\"width\":1600,\"height\":1600,\"caption\":\"Dosificadora selladora autom\u00e1tica de granos 200\"},{\"@type\":\"BreadcrumbList\",\"@id\":\"https:\/\/www.distribucionarc.com\/lt\/producto\/dosificadora-selladora-automatica-de-granos-2\/#breadcrumb\",\"itemListElement\":[{\"@type\":\"ListItem\",\"position\":1,\"name\":\"Portada\",\"item\":\"https:\/\/distribucionarc.com\/pl\/\"},{\"@type\":\"ListItem\",\"position\":2,\"name\":\"Produkty\",\"item\":\"https:\/\/distribucionarc.com\/pl\/shop\/\"},{\"@type\":\"ListItem\",\"position\":3,\"name\":\"Dosificadora selladora autom\u00e1tica de granos 200g\"}]},{\"@type\":\"WebSite\",\"@id\":\"https:\/\/distribucionarc.com\/de\/#website\",\"url\":\"https:\/\/distribucionarc.com\/de\/\",\"name\":\"distribuci\u00f3n ARC\",\"description\":\"Empresa especializada en la fabricaci\u00f3n y distribuci\u00f3n de maquinaria industrial, selladoras de latas, Maquinas de hacer pastillas, Maquinas de cortar carne...\",\"publisher\":{\"@id\":\"https:\/\/distribucionarc.com\/de\/#organization\"},\"potentialAction\":[{\"@type\":\"SearchAction\",\"target\":{\"@type\":\"EntryPoint\",\"urlTemplate\":\"https:\/\/distribucionarc.com\/de\/?s={search_term_string}\"},\"query-input\":{\"@type\":\"PropertyValueSpecification\",\"valueRequired\":true,\"valueName\":\"search_term_string\"}}],\"inLanguage\":\"fr-FR\"},{\"@type\":\"Organization\",\"@id\":\"https:\/\/distribucionarc.com\/de\/#organization\",\"name\":\"Distribuci\u00f3n ARC\",\"url\":\"https:\/\/distribucionarc.com\/de\/\",\"logo\":{\"@type\":\"ImageObject\",\"inLanguage\":\"fr-FR\",\"@id\":\"https:\/\/distribucionarc.com\/de\/#\/schema\/logo\/image\/\",\"url\":\"https:\/\/distribucionarc.com\/wp-content\/uploads\/2024\/10\/distribucion-ARC-COLOR-SIN-FONDO-e1732295305345.png\",\"contentUrl\":\"https:\/\/distribucionarc.com\/wp-content\/uploads\/2024\/10\/distribucion-ARC-COLOR-SIN-FONDO-e1732295305345.png\",\"width\":1164,\"height\":558,\"caption\":\"Distribuci\u00f3n ARC\"},\"image\":{\"@id\":\"https:\/\/distribucionarc.com\/de\/#\/schema\/logo\/image\/\"},\"description\":\"Empresa especializada en la fabricaci\u00f3n y distribuci\u00f3n de maquinaria industrial para los sectores alimentario y farmac\u00e9utico. Nos especializamos en: M\u00e1quinas de cortar carne Fabricaci\u00f3n de comprimidos Sistemas de transporte industrial L\u00edneas de embotellado Dosificadores Y mucho m\u00e1s... Ofrecemos soluciones innovadoras y personalizadas para optimizar los procesos productivos de tu empresa.\",\"email\":\"Admistracion@distribucionarc.com\",\"telephone\":\"+34 643496664\",\"legalName\":\"ARC TECH SOLUTIONS\",\"foundingDate\":\"2024-04-09\",\"vatID\":\"B55480172\",\"numberOfEmployees\":{\"@type\":\"QuantitativeValue\",\"minValue\":\"1\",\"maxValue\":\"10\"}}]}<\/script>\n<!-- \/ Yoast SEO Premium plugin. -->","yoast_head_json":{"title":"Distributeur automatique de scellage de grains 200g - ARC distribution","robots":{"index":"index","follow":"follow","max-snippet":"max-snippet:-1","max-image-preview":"max-image-preview:large","max-video-preview":"max-video-preview:-1"},"canonical":"https:\/\/www.distribucionarc.com\/lt\/producto\/dosificadora-selladora-automatica-de-granos-2\/","og_locale":"fr_FR","og_type":"article","og_title":"Dosificadora selladora autom\u00e1tica de granos 200g","og_description":"Dosificadora selladora autom\u00e1tica de granos, harinas polvos ARC\u00a0ofrece varios tipos de soluciones para las industrias que trabajan con polvos, granos y harinas. Tenemos sistemas est\u00e1ndar que permiten sellar las bolsas y tambi\u00e9n sistemas que generan vac\u00edo a los empaques.  La\u00a0m\u00e1quina de sellado autom\u00e1tico ARCMSAG200\u00a0de tres caras para bolsas de polvo es estable y confiable. Combina todas las funciones de pesaje y embalaje, para favorecer la producci\u00f3n. Adopta sistemas de doble vibraci\u00f3n para un enmascaramiento muy eficiente. Es perfecto para polvo, part\u00edculas y otros materiales secos y m\u00f3viles, adecuado para papel de filtro, pel\u00edcula compuesta, bolsas de papel de aluminio, no tejido, papel engrasado, bolsas de pl\u00e1stico termosellados y otros materiales de embalaje termosellable. Garant\u00eda\u00a0ARC 2 A\u00d1OS Dosificadora selladora autom\u00e1tica eficiente, bajo consumo 100w soporte t\u00e9cnico incluido","og_url":"https:\/\/www.distribucionarc.com\/lt\/producto\/dosificadora-selladora-automatica-de-granos-2\/","og_site_name":"distribuci\u00f3n ARC","article_modified_time":"2022-10-15T21:48:50+00:00","og_image":[{"width":1600,"height":1600,"url":"https:\/\/distribucionarc.com\/wp-content\/uploads\/2020\/07\/Dosificadora-selladora-autom\u00e1tica-de-granos-200-0.jpg","type":"image\/jpeg"}],"twitter_card":"summary_large_image","twitter_misc":{"Dur\u00e9e de lecture estim\u00e9e":"2 minutes"},"schema":{"@context":"https:\/\/schema.org","@graph":[{"@type":"WebPage","@id":"https:\/\/www.distribucionarc.com\/lt\/producto\/dosificadora-selladora-automatica-de-granos-2\/","url":"https:\/\/www.distribucionarc.com\/lt\/producto\/dosificadora-selladora-automatica-de-granos-2\/","name":"Distributeur automatique de scellage de grains 200g - ARC distribution","isPartOf":{"@id":"https:\/\/distribucionarc.com\/de\/#website"},"primaryImageOfPage":{"@id":"https:\/\/www.distribucionarc.com\/lt\/producto\/dosificadora-selladora-automatica-de-granos-2\/#primaryimage"},"image":{"@id":"https:\/\/www.distribucionarc.com\/lt\/producto\/dosificadora-selladora-automatica-de-granos-2\/#primaryimage"},"thumbnailUrl":"https:\/\/distribucionarc.com\/wp-content\/uploads\/2020\/07\/Dosificadora-selladora-autom\u00e1tica-de-granos-200-0.jpg","datePublished":"2020-07-31T11:24:52+00:00","dateModified":"2022-10-15T21:48:50+00:00","breadcrumb":{"@id":"https:\/\/www.distribucionarc.com\/lt\/producto\/dosificadora-selladora-automatica-de-granos-2\/#breadcrumb"},"inLanguage":"fr-FR","potentialAction":[{"@type":"ReadAction","target":["https:\/\/www.distribucionarc.com\/lt\/producto\/dosificadora-selladora-automatica-de-granos-2\/"]}]},{"@type":"ImageObject","inLanguage":"fr-FR","@id":"https:\/\/www.distribucionarc.com\/lt\/producto\/dosificadora-selladora-automatica-de-granos-2\/#primaryimage","url":"https:\/\/distribucionarc.com\/wp-content\/uploads\/2020\/07\/Dosificadora-selladora-autom\u00e1tica-de-granos-200-0.jpg","contentUrl":"https:\/\/distribucionarc.com\/wp-content\/uploads\/2020\/07\/Dosificadora-selladora-autom\u00e1tica-de-granos-200-0.jpg","width":1600,"height":1600,"caption":"Dosificadora selladora autom\u00e1tica de granos 200"},{"@type":"BreadcrumbList","@id":"https:\/\/www.distribucionarc.com\/lt\/producto\/dosificadora-selladora-automatica-de-granos-2\/#breadcrumb","itemListElement":[{"@type":"ListItem","position":1,"name":"Portada","item":"https:\/\/distribucionarc.com\/pl\/"},{"@type":"ListItem","position":2,"name":"Produkty","item":"https:\/\/distribucionarc.com\/pl\/shop\/"},{"@type":"ListItem","position":3,"name":"Dosificadora selladora autom\u00e1tica de granos 200g"}]},{"@type":"WebSite","@id":"https:\/\/distribucionarc.com\/de\/#website","url":"https:\/\/distribucionarc.com\/de\/","name":"R\u00e9partition de l&#039;ARC","description":"Entreprise sp\u00e9cialis\u00e9e dans la fabrication et la distribution de machines industrielles, scelleuses de bo\u00eetes, machines \u00e0 comprim\u00e9s, machines \u00e0 d\u00e9couper la viande...","publisher":{"@id":"https:\/\/distribucionarc.com\/de\/#organization"},"potentialAction":[{"@type":"SearchAction","target":{"@type":"EntryPoint","urlTemplate":"https:\/\/distribucionarc.com\/de\/?s={search_term_string}"},"query-input":{"@type":"PropertyValueSpecification","valueRequired":true,"valueName":"search_term_string"}}],"inLanguage":"fr-FR"},{"@type":"Organization","@id":"https:\/\/distribucionarc.com\/de\/#organization","name":"Distribution ARC","url":"https:\/\/distribucionarc.com\/de\/","logo":{"@type":"ImageObject","inLanguage":"fr-FR","@id":"https:\/\/distribucionarc.com\/de\/#\/schema\/logo\/image\/","url":"https:\/\/distribucionarc.com\/wp-content\/uploads\/2024\/10\/distribucion-ARC-COLOR-SIN-FONDO-e1732295305345.png","contentUrl":"https:\/\/distribucionarc.com\/wp-content\/uploads\/2024\/10\/distribucion-ARC-COLOR-SIN-FONDO-e1732295305345.png","width":1164,"height":558,"caption":"Distribuci\u00f3n ARC"},"image":{"@id":"https:\/\/distribucionarc.com\/de\/#\/schema\/logo\/image\/"},"description":"Entreprise sp\u00e9cialis\u00e9e dans la fabrication et la distribution de machines industrielles pour les secteurs alimentaire et pharmaceutique. Nous sommes sp\u00e9cialis\u00e9s dans : Machines \u00e0 couper la viande Fabrication de comprim\u00e9s Syst\u00e8mes de transport industriel Lignes d'embouteillage Machines de dosage Et bien plus encore... Nous proposons des solutions innovantes et personnalis\u00e9es pour optimiser les processus de production de votre entreprise.","email":"Admistracion@distribucionarc.com","telephone":"+34 643496664","legalName":"ARC TECH SOLUTIONS","foundingDate":"2024-04-09","vatID":"B55480172","numberOfEmployees":{"@type":"QuantitativeValue","minValue":"1","maxValue":"10"}}]}},"_links":{"self":[{"href":"https:\/\/distribucionarc.com\/fr\/wp-json\/wp\/v2\/product\/1815","targetHints":{"allow":["GET"]}}],"collection":[{"href":"https:\/\/distribucionarc.com\/fr\/wp-json\/wp\/v2\/product"}],"about":[{"href":"https:\/\/distribucionarc.com\/fr\/wp-json\/wp\/v2\/types\/product"}],"replies":[{"embeddable":true,"href":"https:\/\/distribucionarc.com\/fr\/wp-json\/wp\/v2\/comments?post=1815"}],"version-history":[{"count":0,"href":"https:\/\/distribucionarc.com\/fr\/wp-json\/wp\/v2\/product\/1815\/revisions"}],"wp:featuredmedia":[{"embeddable":true,"href":"https:\/\/distribucionarc.com\/fr\/wp-json\/wp\/v2\/media\/1822"}],"wp:attachment":[{"href":"https:\/\/distribucionarc.com\/fr\/wp-json\/wp\/v2\/media?parent=1815"}],"wp:term":[{"taxonomy":"product_brand","embeddable":true,"href":"https:\/\/distribucionarc.com\/fr\/wp-json\/wp\/v2\/product_brand?post=1815"},{"taxonomy":"product_cat","embeddable":true,"href":"https:\/\/distribucionarc.com\/fr\/wp-json\/wp\/v2\/product_cat?post=1815"},{"taxonomy":"product_tag","embeddable":true,"href":"https:\/\/distribucionarc.com\/fr\/wp-json\/wp\/v2\/product_tag?post=1815"}],"curies":[{"name":"wp","href":"https:\/\/api.w.org\/{rel}","templated":true}]}}