{"id":1866,"date":"2020-07-31T18:53:32","date_gmt":"2020-07-31T18:53:32","guid":{"rendered":"https:\/\/distribucionarc.com\/?post_type=product&#038;p=1866"},"modified":"2022-11-30T15:45:49","modified_gmt":"2022-11-30T15:45:49","slug":"1866","status":"publish","type":"product","link":"https:\/\/distribucionarc.com\/fr\/producto\/1866\/","title":{"rendered":"Gaufrier professionnel"},"content":{"rendered":"<h3>Gaufrier professionnel<\/h3>\n<p>Le\u00a0<strong>Gaufrier professionnel <\/strong>\u00a0de\u00a0<strong><span style=\"color: #ff0000;\">\u00c0<span style=\"color: #0000ff;\">R.<\/span><\/span>c<\/strong>, adopte une conception \u00e0 double t\u00eate, rendant le processus de cuisson de\u00a0<strong>gaufres<\/strong> \u00eatre plus efficace et plus rentable. Une puissance suffisante de 950 W pour chaque moule offre un chauffage continu \u00e0 360 degr\u00e9s et une meilleure exp\u00e9rience de cuisson. Ils contribuent \u00e9galement toujours <span style=\"color: #008000;\">r<strong>performance \u00e9nerg\u00e9tique efficace<\/strong><\/span>.<\/p>\n<p>Chaque t\u00eate est contr\u00f4l\u00e9e ind\u00e9pendamment avec des boutons lisses. La temp\u00e9rature varie entre 50 et 300\u00ba C avec une lumi\u00e8re LED qui indique l&#039;\u00e9tat de fonctionnement. Le <strong>Gaufrier professionnel <span style=\"color: #ff0000;\">\u00c0<\/span><span style=\"color: #0000ff;\">R.<\/span>CMGE02<\/strong>\u00a0Il dispose d&#039;une minuterie pr\u00e9cise de 5 minutes maximum, avec une alarme claire et m\u00e9lodieuse lorsque les gaufres sont pr\u00eates.<\/p>\n<p>Chaque chef du\u00a0 <strong>Machine \u00e0 gaufres<\/strong> Il adopte deux moules (sup\u00e9rieur et inf\u00e9rieur). Ensemble, ils forment de d\u00e9licieuses gaufres. Les deux moules vous offrent une chaleur uniforme. La surface de cuisson recouverte de t\u00e9flon est antiadh\u00e9sive et rend la machine facile \u00e0 nettoyer. <strong>gaufres<\/strong>. Ensemble de poign\u00e9es \u00e9paisses en acier inoxydable pour une prise en main facile et une utilisation sans effort. L&#039;utilisation d&#039;un bon mat\u00e9riau de dissipation thermique garantit que sa temp\u00e9rature n&#039;est pas trop \u00e9lev\u00e9e. Prot\u00e8ge l&#039;utilisateur des br\u00fblures.<\/p>\n<p>Avec le\u00a0<strong>Gaufrier professionnel<\/strong>\u00a0de\u00a0<strong><span style=\"color: #ff0000;\">\u00c0<\/span><span style=\"color: #0000ff;\">R.<\/span>c<\/strong>\u00a0tu en auras\u00a0<strong>Gaufres<\/strong>\u00a0rond, avec un int\u00e9rieur doux et un ext\u00e9rieur croustillant avec un arri\u00e8re-go\u00fbt sans fin. Du chocolat, des bonbons et d&#039;autres d\u00e9corations peuvent \u00eatre ajout\u00e9s librement pour ajouter de la saveur.<\/p>\n<h6><strong>Garantie\u00a0<span style=\"color: #ff0000;\">\u00c0<\/span><span style=\"color: #0000ff;\">R.<\/span>C 2 ANS<\/strong><\/h6>\n<h6><span style=\"color: #008000;\">Gaufrier professionnel, basse consommation 950w<\/span><\/h6>\n<h6><strong>support technique inclus.<\/strong><\/h6>\n<p>&nbsp;<\/p>\n<table role=\"presentation\" width=\"100%\" cellspacing=\"0\" cellpadding=\"0\">\n<tbody>\n<tr>\n<td class=\"attrLabels\">Temp\u00e9rature:<\/td>\n<td width=\"50.0%\">50-300\u00baC<\/td>\n<\/tr>\n<tr>\n<td class=\"attrLabels\">Pays de distribution\u00a0:<\/td>\n<td width=\"50.0%\">Espagne, Allemagne, \u00c9tats-Unis<\/td>\n<td class=\"attrLabels\">Poids:<\/td>\n<td width=\"50.0%\">5,5kg<\/td>\n<\/tr>\n<tr>\n<td class=\"attrLabels\">Marque:<\/td>\n<td width=\"50.0%\">ARC<\/td>\n<td class=\"attrLabels\">Hauteur:<\/td>\n<td width=\"50.0%\">27 cm<\/td>\n<\/tr>\n<tr>\n<td class=\"attrLabels\">Couleur:<\/td>\n<td width=\"50.0%\">Argent<\/td>\n<td class=\"attrLabels\">Long:<\/td>\n<td width=\"50.0%\">25 cm<\/td>\n<\/tr>\n<tr>\n<td class=\"attrLabels\">Type de produit\u00a0:<\/td>\n<td width=\"50.0%\">Gaufrier professionnel double<\/td>\n<td class=\"attrLabels\">Large:<\/td>\n<td width=\"50.0%\">36 cm<\/td>\n<\/tr>\n<tr>\n<td class=\"attrLabels\">Num\u00e9ro du fabricant :<\/td>\n<td width=\"50.0%\">ARCMGE01<\/td>\n<td class=\"attrLabels\">Pouvoir:<\/td>\n<td width=\"50.0%\">950W<\/td>\n<\/tr>\n<tr>\n<td class=\"attrLabels\">Mat\u00e9riel:<\/td>\n<td width=\"50.0%\">acier inoxydable, plaque en t\u00e9flon, contr\u00f4le de la temp\u00e9rature<\/td>\n<td class=\"attrLabels\">tension d&#039;entr\u00e9e<\/td>\n<td width=\"50.0%\">220 V \u2013 60 Hz<\/td>\n<\/tr>\n<tr>\n<td class=\"attrLabels\">Taille de la gaufre\u00a0:<\/td>\n<td width=\"50.0%\">\u00a018,5 cm de diam\u00e8tre<\/td>\n<td class=\"attrLabels\">Garantie:<\/td>\n<td width=\"50.0%\">2 ANS<\/td>\n<\/tr>\n<tr>\n<td class=\"attrLabels\">Outils d&#039;installation\u00a0:<\/td>\n<td width=\"50.0%\">Ouais<\/td>\n<td class=\"attrLabels\">Production:<\/td>\n<td width=\"50.0%\">1 pi\u00e8ces<\/td>\n<\/tr>\n<\/tbody>\n<\/table>\n<p>&nbsp;<\/p>","protected":false},"excerpt":{"rendered":"<h2>Gaufrier professionnel traditionnel<\/h2>\n<p>Notre\u00a0<strong>Gaufrier traditionnel<\/strong>\u00a0de\u00a0<strong>\u00a0<span style=\"color: #ff0000;\">\u00c0<\/span><span style=\"color: #0000ff;\">R.<\/span>c<\/strong>\u00a0est la meilleure option \u00e0 faire\u00a0<strong>gaufres<\/strong>,\u00a0<strong>gaufres, gaufrettes<\/strong>, des cornets de glace ou des biscuits car il est multifonctionnel. Il est id\u00e9al pour les professionnels et les petites entreprises.<\/p>\n<p>Le <strong>Gaufrier \u00e9lectrique<\/strong>\u00a0de\u00a0<strong><span style=\"color: #ff0000;\">\u00c0<\/span><span style=\"color: #0000ff;\">R.<\/span>c<\/strong>\u00a0Il est fabriqu\u00e9 en acier inoxydable, r\u00e9sistant aux rayures et durable. La plaque en fonte vous offre une technologie antiadh\u00e9sive sp\u00e9ciale.\u00a0<strong>La machine \u00e0 gaufres\u00a0<span style=\"color: #ff0000;\">\u00c0<\/span><span style=\"color: #0000ff;\">R.<\/span>CMGE01<\/strong> il est facile \u00e0 utiliser. Le <strong>machine \u00e0 faire des cr\u00eapes<\/strong> Il chauffe rapidement gr\u00e2ce \u00e0 sa puissance de 950 watts, ce qui le rend plus <span style=\"color: #008000;\"><strong>efficace pour sa consommation \u00e9lectrique<\/strong><\/span>. Il dispose d&#039;un bac collecteur sous la plaque pour un nettoyage facile.<\/p>\n<h6><strong>Garantie\u00a0<span style=\"color: #ff0000;\">\u00c0<\/span><span style=\"color: #0000ff;\">R.<\/span>C 2 ANS<\/strong><\/h6>\n<h6><span style=\"color: #008000;\">Gaufrier professionnel, basse consommation 950w<\/span><\/h6>\n<h6><strong>support technique inclus.<\/strong><\/h6>","protected":false},"featured_media":1868,"comment_status":"open","ping_status":"closed","template":"","meta":{"wds_primary_product_brand":0,"wds_primary_product_cat":0},"product_brand":[],"product_cat":[51],"product_tag":[],"class_list":{"0":"post-1866","1":"product","2":"type-product","3":"status-publish","4":"has-post-thumbnail","6":"product_cat-gofreras-profesionales","7":"product_shipping_class-hosteleria","9":"first","10":"instock","11":"taxable","12":"shipping-taxable","13":"purchasable","14":"product-type-simple"},"yoast_head":"<!-- This site is optimized with the Yoast SEO Premium plugin v24.9 (Yoast SEO v26.1) - https:\/\/yoast.com\/wordpress\/plugins\/seo\/ -->\n<title>Gofrera profesional - distribuci\u00f3n ARC<\/title>\n<meta name=\"robots\" content=\"index, follow, max-snippet:-1, max-image-preview:large, max-video-preview:-1\" \/>\n<link rel=\"canonical\" href=\"https:\/\/distribucionarc.com\/fr\/produit\/1866\/\" \/>\n<meta property=\"og:locale\" content=\"fr_FR\" \/>\n<meta property=\"og:type\" content=\"article\" \/>\n<meta property=\"og:title\" content=\"Gofrera profesional\" \/>\n<meta property=\"og:description\" content=\"Gofrera profesional tradicional Nuestra\u00a0Gofrera tradicional\u00a0de\u00a0\u00a0ARC\u00a0es la mejor opci\u00f3n para hacer\u00a0gofres,\u00a0waffles, barquillos, conos o galletas de helado porque es multifuncional. Es ideal para profesionales y peque\u00f1os comercios .  La Maquina de waffles el\u00e9ctrica\u00a0de\u00a0ARC\u00a0est\u00e1 hecha de acero inoxidable, que es resistente a los ara\u00f1azos y duradero. La placa de hierro fundido le proporciona una tecnolog\u00eda especial antiadherente.\u00a0La m\u00e1quina de gofres\u00a0ARCMGE01 es f\u00e1cil de usar. La m\u00e1quina para hacer tortitas se calienta r\u00e1pidamente gracias a su potencia de 950 vatios que la vuelven a su vez m\u00e1s eficiente por su consumo el\u00e9ctrico. Tiene una bandeja de goteo debajo de la placa para facilitar la limpieza. Garant\u00eda\u00a0ARC 2 A\u00d1OS Gofrera profesional , bajo consumo 950w soporte t\u00e9cnico incluido.\" \/>\n<meta property=\"og:url\" content=\"https:\/\/distribucionarc.com\/fr\/produit\/1866\/\" \/>\n<meta property=\"og:site_name\" content=\"distribuci\u00f3n ARC\" \/>\n<meta property=\"article:modified_time\" content=\"2022-11-30T15:45:49+00:00\" \/>\n<meta property=\"og:image\" content=\"https:\/\/distribucionarc.com\/wp-content\/uploads\/2020\/07\/Gofrera-profesional-doble-0-1.jpg\" \/>\n\t<meta property=\"og:image:width\" content=\"1500\" \/>\n\t<meta property=\"og:image:height\" content=\"1500\" \/>\n\t<meta property=\"og:image:type\" content=\"image\/jpeg\" \/>\n<meta name=\"twitter:card\" content=\"summary_large_image\" \/>\n<meta name=\"twitter:label1\" content=\"Dur\u00e9e de lecture estim\u00e9e\" \/>\n\t<meta name=\"twitter:data1\" content=\"2 minutes\" \/>\n<script type=\"application\/ld+json\" class=\"yoast-schema-graph\">{\"@context\":\"https:\/\/schema.org\",\"@graph\":[{\"@type\":\"WebPage\",\"@id\":\"https:\/\/distribucionarc.com\/producto\/1866\/\",\"url\":\"https:\/\/distribucionarc.com\/producto\/1866\/\",\"name\":\"Gofrera profesional - distribuci\u00f3n ARC\",\"isPartOf\":{\"@id\":\"https:\/\/www.distribucionarc.com\/sl\/#website\"},\"primaryImageOfPage\":{\"@id\":\"https:\/\/distribucionarc.com\/producto\/1866\/#primaryimage\"},\"image\":{\"@id\":\"https:\/\/distribucionarc.com\/producto\/1866\/#primaryimage\"},\"thumbnailUrl\":\"https:\/\/distribucionarc.com\/wp-content\/uploads\/2020\/07\/Gofrera-profesional-doble-0-1.jpg\",\"datePublished\":\"2020-07-31T18:53:32+00:00\",\"dateModified\":\"2022-11-30T15:45:49+00:00\",\"breadcrumb\":{\"@id\":\"https:\/\/distribucionarc.com\/producto\/1866\/#breadcrumb\"},\"inLanguage\":\"fr-FR\",\"potentialAction\":[{\"@type\":\"ReadAction\",\"target\":[\"https:\/\/distribucionarc.com\/producto\/1866\/\"]}]},{\"@type\":\"ImageObject\",\"inLanguage\":\"fr-FR\",\"@id\":\"https:\/\/distribucionarc.com\/producto\/1866\/#primaryimage\",\"url\":\"https:\/\/distribucionarc.com\/wp-content\/uploads\/2020\/07\/Gofrera-profesional-doble-0-1.jpg\",\"contentUrl\":\"https:\/\/distribucionarc.com\/wp-content\/uploads\/2020\/07\/Gofrera-profesional-doble-0-1.jpg\",\"width\":1500,\"height\":1500,\"caption\":\"Gofrera profesional doble\"},{\"@type\":\"BreadcrumbList\",\"@id\":\"https:\/\/distribucionarc.com\/producto\/1866\/#breadcrumb\",\"itemListElement\":[{\"@type\":\"ListItem\",\"position\":1,\"name\":\"Portada\",\"item\":\"https:\/\/www.distribucionarc.com\/\"},{\"@type\":\"ListItem\",\"position\":2,\"name\":\"\u00dcr\u00fcnler\",\"item\":\"https:\/\/www.distribucionarc.com\/tr\/magaza\/\"},{\"@type\":\"ListItem\",\"position\":3,\"name\":\"Gofrera profesional\"}]},{\"@type\":\"WebSite\",\"@id\":\"https:\/\/www.distribucionarc.com\/sl\/#website\",\"url\":\"https:\/\/www.distribucionarc.com\/sl\/\",\"name\":\"distribuci\u00f3n ARC\",\"description\":\"Empresa especializada en la fabricaci\u00f3n y distribuci\u00f3n de maquinaria industrial, selladoras de latas, Maquinas de hacer pastillas, Maquinas de cortar carne...\",\"publisher\":{\"@id\":\"https:\/\/www.distribucionarc.com\/sl\/#organization\"},\"potentialAction\":[{\"@type\":\"SearchAction\",\"target\":{\"@type\":\"EntryPoint\",\"urlTemplate\":\"https:\/\/www.distribucionarc.com\/sl\/?s={search_term_string}\"},\"query-input\":{\"@type\":\"PropertyValueSpecification\",\"valueRequired\":true,\"valueName\":\"search_term_string\"}}],\"inLanguage\":\"fr-FR\"},{\"@type\":\"Organization\",\"@id\":\"https:\/\/www.distribucionarc.com\/sl\/#organization\",\"name\":\"Distribuci\u00f3n ARC\",\"url\":\"https:\/\/www.distribucionarc.com\/sl\/\",\"logo\":{\"@type\":\"ImageObject\",\"inLanguage\":\"fr-FR\",\"@id\":\"https:\/\/www.distribucionarc.com\/sl\/#\/schema\/logo\/image\/\",\"url\":\"https:\/\/distribucionarc.com\/wp-content\/uploads\/2024\/10\/distribucion-ARC-COLOR-SIN-FONDO-e1732295305345.png\",\"contentUrl\":\"https:\/\/distribucionarc.com\/wp-content\/uploads\/2024\/10\/distribucion-ARC-COLOR-SIN-FONDO-e1732295305345.png\",\"width\":1164,\"height\":558,\"caption\":\"Distribuci\u00f3n ARC\"},\"image\":{\"@id\":\"https:\/\/www.distribucionarc.com\/sl\/#\/schema\/logo\/image\/\"},\"description\":\"Empresa especializada en la fabricaci\u00f3n y distribuci\u00f3n de maquinaria industrial para los sectores alimentario y farmac\u00e9utico. Nos especializamos en: M\u00e1quinas de cortar carne Fabricaci\u00f3n de comprimidos Sistemas de transporte industrial L\u00edneas de embotellado Dosificadores Y mucho m\u00e1s... Ofrecemos soluciones innovadoras y personalizadas para optimizar los procesos productivos de tu empresa.\",\"email\":\"Admistracion@distribucionarc.com\",\"telephone\":\"+34 643496664\",\"legalName\":\"ARC TECH SOLUTIONS\",\"foundingDate\":\"2024-04-09\",\"vatID\":\"B55480172\",\"numberOfEmployees\":{\"@type\":\"QuantitativeValue\",\"minValue\":\"1\",\"maxValue\":\"10\"}}]}<\/script>\n<!-- \/ Yoast SEO Premium plugin. -->","yoast_head_json":{"title":"Gaufrier professionnel - ARC distribution","robots":{"index":"index","follow":"follow","max-snippet":"max-snippet:-1","max-image-preview":"max-image-preview:large","max-video-preview":"max-video-preview:-1"},"canonical":"https:\/\/distribucionarc.com\/fr\/produit\/1866\/","og_locale":"fr_FR","og_type":"article","og_title":"Gofrera profesional","og_description":"Gofrera profesional tradicional Nuestra\u00a0Gofrera tradicional\u00a0de\u00a0\u00a0ARC\u00a0es la mejor opci\u00f3n para hacer\u00a0gofres,\u00a0waffles, barquillos, conos o galletas de helado porque es multifuncional. Es ideal para profesionales y peque\u00f1os comercios .  La Maquina de waffles el\u00e9ctrica\u00a0de\u00a0ARC\u00a0est\u00e1 hecha de acero inoxidable, que es resistente a los ara\u00f1azos y duradero. La placa de hierro fundido le proporciona una tecnolog\u00eda especial antiadherente.\u00a0La m\u00e1quina de gofres\u00a0ARCMGE01 es f\u00e1cil de usar. La m\u00e1quina para hacer tortitas se calienta r\u00e1pidamente gracias a su potencia de 950 vatios que la vuelven a su vez m\u00e1s eficiente por su consumo el\u00e9ctrico. Tiene una bandeja de goteo debajo de la placa para facilitar la limpieza. Garant\u00eda\u00a0ARC 2 A\u00d1OS Gofrera profesional , bajo consumo 950w soporte t\u00e9cnico incluido.","og_url":"https:\/\/distribucionarc.com\/fr\/produit\/1866\/","og_site_name":"distribuci\u00f3n ARC","article_modified_time":"2022-11-30T15:45:49+00:00","og_image":[{"width":1500,"height":1500,"url":"https:\/\/distribucionarc.com\/wp-content\/uploads\/2020\/07\/Gofrera-profesional-doble-0-1.jpg","type":"image\/jpeg"}],"twitter_card":"summary_large_image","twitter_misc":{"Dur\u00e9e de lecture estim\u00e9e":"2 minutes"},"schema":{"@context":"https:\/\/schema.org","@graph":[{"@type":"WebPage","@id":"https:\/\/distribucionarc.com\/producto\/1866\/","url":"https:\/\/distribucionarc.com\/producto\/1866\/","name":"Gaufrier professionnel - ARC distribution","isPartOf":{"@id":"https:\/\/www.distribucionarc.com\/sl\/#website"},"primaryImageOfPage":{"@id":"https:\/\/distribucionarc.com\/producto\/1866\/#primaryimage"},"image":{"@id":"https:\/\/distribucionarc.com\/producto\/1866\/#primaryimage"},"thumbnailUrl":"https:\/\/distribucionarc.com\/wp-content\/uploads\/2020\/07\/Gofrera-profesional-doble-0-1.jpg","datePublished":"2020-07-31T18:53:32+00:00","dateModified":"2022-11-30T15:45:49+00:00","breadcrumb":{"@id":"https:\/\/distribucionarc.com\/producto\/1866\/#breadcrumb"},"inLanguage":"fr-FR","potentialAction":[{"@type":"ReadAction","target":["https:\/\/distribucionarc.com\/producto\/1866\/"]}]},{"@type":"ImageObject","inLanguage":"fr-FR","@id":"https:\/\/distribucionarc.com\/producto\/1866\/#primaryimage","url":"https:\/\/distribucionarc.com\/wp-content\/uploads\/2020\/07\/Gofrera-profesional-doble-0-1.jpg","contentUrl":"https:\/\/distribucionarc.com\/wp-content\/uploads\/2020\/07\/Gofrera-profesional-doble-0-1.jpg","width":1500,"height":1500,"caption":"Gofrera profesional doble"},{"@type":"BreadcrumbList","@id":"https:\/\/distribucionarc.com\/producto\/1866\/#breadcrumb","itemListElement":[{"@type":"ListItem","position":1,"name":"Portada","item":"https:\/\/www.distribucionarc.com\/"},{"@type":"ListItem","position":2,"name":"\u00dcr\u00fcnler","item":"https:\/\/www.distribucionarc.com\/tr\/magaza\/"},{"@type":"ListItem","position":3,"name":"Gofrera profesional"}]},{"@type":"WebSite","@id":"https:\/\/www.distribucionarc.com\/sl\/#website","url":"https:\/\/www.distribucionarc.com\/sl\/","name":"R\u00e9partition de l&#039;ARC","description":"Entreprise sp\u00e9cialis\u00e9e dans la fabrication et la distribution de machines industrielles, scelleuses de bo\u00eetes, machines \u00e0 comprim\u00e9s, machines \u00e0 d\u00e9couper la viande...","publisher":{"@id":"https:\/\/www.distribucionarc.com\/sl\/#organization"},"potentialAction":[{"@type":"SearchAction","target":{"@type":"EntryPoint","urlTemplate":"https:\/\/www.distribucionarc.com\/sl\/?s={search_term_string}"},"query-input":{"@type":"PropertyValueSpecification","valueRequired":true,"valueName":"search_term_string"}}],"inLanguage":"fr-FR"},{"@type":"Organization","@id":"https:\/\/www.distribucionarc.com\/sl\/#organization","name":"Distribution ARC","url":"https:\/\/www.distribucionarc.com\/sl\/","logo":{"@type":"ImageObject","inLanguage":"fr-FR","@id":"https:\/\/www.distribucionarc.com\/sl\/#\/schema\/logo\/image\/","url":"https:\/\/distribucionarc.com\/wp-content\/uploads\/2024\/10\/distribucion-ARC-COLOR-SIN-FONDO-e1732295305345.png","contentUrl":"https:\/\/distribucionarc.com\/wp-content\/uploads\/2024\/10\/distribucion-ARC-COLOR-SIN-FONDO-e1732295305345.png","width":1164,"height":558,"caption":"Distribuci\u00f3n ARC"},"image":{"@id":"https:\/\/www.distribucionarc.com\/sl\/#\/schema\/logo\/image\/"},"description":"Entreprise sp\u00e9cialis\u00e9e dans la fabrication et la distribution de machines industrielles pour les secteurs alimentaire et pharmaceutique. Nous sommes sp\u00e9cialis\u00e9s dans : Machines \u00e0 couper la viande Fabrication de comprim\u00e9s Syst\u00e8mes de transport industriel Lignes d'embouteillage Machines de dosage Et bien plus encore... Nous proposons des solutions innovantes et personnalis\u00e9es pour optimiser les processus de production de votre entreprise.","email":"Admistracion@distribucionarc.com","telephone":"+34 643496664","legalName":"ARC TECH SOLUTIONS","foundingDate":"2024-04-09","vatID":"B55480172","numberOfEmployees":{"@type":"QuantitativeValue","minValue":"1","maxValue":"10"}}]}},"_links":{"self":[{"href":"https:\/\/distribucionarc.com\/fr\/wp-json\/wp\/v2\/product\/1866","targetHints":{"allow":["GET"]}}],"collection":[{"href":"https:\/\/distribucionarc.com\/fr\/wp-json\/wp\/v2\/product"}],"about":[{"href":"https:\/\/distribucionarc.com\/fr\/wp-json\/wp\/v2\/types\/product"}],"replies":[{"embeddable":true,"href":"https:\/\/distribucionarc.com\/fr\/wp-json\/wp\/v2\/comments?post=1866"}],"version-history":[{"count":0,"href":"https:\/\/distribucionarc.com\/fr\/wp-json\/wp\/v2\/product\/1866\/revisions"}],"wp:featuredmedia":[{"embeddable":true,"href":"https:\/\/distribucionarc.com\/fr\/wp-json\/wp\/v2\/media\/1868"}],"wp:attachment":[{"href":"https:\/\/distribucionarc.com\/fr\/wp-json\/wp\/v2\/media?parent=1866"}],"wp:term":[{"taxonomy":"product_brand","embeddable":true,"href":"https:\/\/distribucionarc.com\/fr\/wp-json\/wp\/v2\/product_brand?post=1866"},{"taxonomy":"product_cat","embeddable":true,"href":"https:\/\/distribucionarc.com\/fr\/wp-json\/wp\/v2\/product_cat?post=1866"},{"taxonomy":"product_tag","embeddable":true,"href":"https:\/\/distribucionarc.com\/fr\/wp-json\/wp\/v2\/product_tag?post=1866"}],"curies":[{"name":"wp","href":"https:\/\/api.w.org\/{rel}","templated":true}]}}