{"id":2000,"date":"2020-08-05T13:58:02","date_gmt":"2020-08-05T13:58:02","guid":{"rendered":"https:\/\/distribucionarc.com\/?post_type=product&#038;p=2000"},"modified":"2023-10-19T12:46:02","modified_gmt":"2023-10-19T12:46:02","slug":"machine-automatique-a-beignets-ou-petits-beignets","status":"publish","type":"product","link":"https:\/\/distribucionarc.com\/fr\/producto\/maquina-automatica-para-donuts-o-rosquillas-pequena\/","title":{"rendered":"Petite machine \u00e0 beignets ou beignets automatique"},"content":{"rendered":"<h3>Machine \u00e0 beignets ou beignets automatique professionnelle<\/h3>\n<p>Augmentez votre production sans perdre la saveur de votre produit avec le<strong>\u00a0machine \u00e0 beignets automatique<\/strong>\u00a0de\u00a0<strong><span style=\"color: #ff0000;\">\u00c0<\/span><span style=\"color: #0000ff;\">R.<\/span>c<\/strong>. Il poss\u00e8de les fonctionnalit\u00e9s n\u00e9cessaires pour mettre en valeur votre<strong>haute performance<\/strong>, la g\u00e9rabilit\u00e9 et\u00a0<strong>faible consommation d&#039;\u00e9nergie<\/strong>.<\/p>\n<p>Ce\u00a0<strong>machine \u00e0 beignets commerciale<\/strong>\u00a0de\u00a0<strong><span style=\"color: #ff0000;\">\u00c0<\/span><span style=\"color: #0000ff;\">R.<\/span>c<\/strong>\u00a0Il est fabriqu\u00e9 en acier inoxydable 304 de qualit\u00e9 alimentaire, robuste et durable. R\u00e9sistant \u00e0 la corrosion, r\u00e9sistant \u00e0 la rouille et facile \u00e0 nettoyer.<\/p>\n<p>Le\u00a0<strong>machine \u00e0 beignets automatique<\/strong>\u00a0<strong><span style=\"color: #ff0000;\">\u00c0<\/span><span style=\"color: #0000ff;\">R.<\/span>CMAD3<\/strong> Il est \u00e9quip\u00e9 d&#039;un panneau de commande intelligent pour un contr\u00f4le pratique et pr\u00e9cis de la temp\u00e9rature de l&#039;huile et du temps de friture. Avec indicateurs pour afficher l&#039;\u00e9tat de cuisson \u00e0 tout moment. Ce <strong>fabricant de beignets<\/strong>\u00a0de\u00a0<strong><span style=\"color: #ff0000;\">\u00c0<\/span><span style=\"color: #0000ff;\">R.<\/span>c<\/strong>\u00a0Il est enti\u00e8rement automatique, avec formage automatique, contr\u00f4le automatique de la temp\u00e9rature, friture automatique, retournement et sortie automatiques, qui\u00a0<strong>\u00e9conomise grandement votre \u00e9nergie<\/strong>\u00a0et son temps.<\/p>\n<p>Le\u00a0<strong>mini machine automatique de fabrication de beignets<\/strong>\u00a0Il est livr\u00e9 avec une tr\u00e9mie de grande capacit\u00e9 pouvant contenir 7 litres de p\u00e2te. Vous pouvez r\u00e9aliser plusieurs beignets en m\u00eame temps, sans avoir \u00e0 recharger la tr\u00e9mie \u00e0 plusieurs reprises.<\/p>\n<p>Trois tailles de moules \u00e0 beignets (4-5 cm\/6-7 cm\/8-9 cm) sont disponibles, produisant des mini beignets, des beignets moyens et des gros beignets, pour r\u00e9pondre \u00e0 vos diff\u00e9rents besoins. Capable de produire 850 beignets de 4 \u00e0 5 cm par heure, 650 beignets de 6 \u00e0 7 cm par heure ou 500 morceaux de beignets de 8 \u00e0 9 cm par heure<\/p>\n<p>Divers accessoires sont fournis, dont deux pinces alimentaires, deux \u00e9prouvettes gradu\u00e9es de 20 L et deux plateaux pour conserver les beignets frits.<\/p>\n<p>&nbsp;<\/p>\n<h6><strong>Garantie <span style=\"color: #ff0000;\">\u00c0<\/span><span style=\"color: #0000ff;\">R.<\/span>c<\/strong><strong style=\"font-size: 1.1em;\">\u00a02 ANS<\/strong><\/h6>\n<h6><span style=\"color: #008000;\">Machine automatique pour beignets et beignets, efficace, basse consommation 3000w<\/span><\/h6>\n<h6><strong>support technique inclus<\/strong><\/h6>\n<p>&nbsp;<\/p>\n<table role=\"presentation\" width=\"100%\" cellspacing=\"0\" cellpadding=\"0\">\n<tbody>\n<tr>\n<td class=\"attrLabels\">Temp\u00e9rature:<\/td>\n<td width=\"50.0%\">0-300\u00baC<\/td>\n<\/tr>\n<tr>\n<td class=\"attrLabels\">Pays de distribution\u00a0:<\/td>\n<td width=\"50.0%\">Espagne, Allemagne, \u00c9tats-Unis<\/td>\n<td class=\"attrLabels\">Poids:<\/td>\n<td width=\"50.0%\">45 kg<\/td>\n<\/tr>\n<tr>\n<td class=\"attrLabels\">Marque:<\/td>\n<td width=\"50.0%\">ARC<\/td>\n<td class=\"attrLabels\">Hauteur:<\/td>\n<td width=\"50.0%\">65 cm<\/td>\n<\/tr>\n<tr>\n<td class=\"attrLabels\">Couleur:<\/td>\n<td width=\"50.0%\">Argent<\/td>\n<td class=\"attrLabels\">Long:<\/td>\n<td width=\"50.0%\">103 cm<\/td>\n<\/tr>\n<tr>\n<td class=\"attrLabels\">Type de produit\u00a0:<\/td>\n<td width=\"50.0%\">Machine \u00e0 beignets automatique professionnelle<\/td>\n<td class=\"attrLabels\">Large:<\/td>\n<td width=\"50.0%\">36 cm<\/td>\n<\/tr>\n<tr>\n<td class=\"attrLabels\">Num\u00e9ro du fabricant :<\/td>\n<td width=\"50.0%\">ARCMAD10<\/td>\n<td class=\"attrLabels\">Pouvoir:<\/td>\n<td width=\"50.0%\">3000W<\/td>\n<\/tr>\n<tr>\n<td class=\"attrLabels\">Mat\u00e9riel:<\/td>\n<td width=\"50.0%\">en acier inoxydable, contr\u00f4le de la temp\u00e9rature, enti\u00e8rement automatique<\/td>\n<td class=\"attrLabels\">tension d&#039;entr\u00e9e<\/td>\n<td width=\"50.0%\">220 V \u2013 60 Hz<\/td>\n<\/tr>\n<tr>\n<td class=\"attrLabels\">Taille du beignet\u00a0:<\/td>\n<td width=\"50.0%\">4-5 cm 6-7 cm<\/p>\n<p>8-9 cm<\/td>\n<td class=\"attrLabels\">Garantie:<\/td>\n<td width=\"50.0%\">2 ANS<\/td>\n<\/tr>\n<tr>\n<td class=\"attrLabels\">Outils d&#039;installation\u00a0:<\/td>\n<td width=\"50.0%\">Ouais<\/td>\n<td class=\"attrLabels\">Production:<\/td>\n<td width=\"50.0%\">500 \u2013 850 par heure selon la taille<\/td>\n<\/tr>\n<\/tbody>\n<\/table>","protected":false},"excerpt":{"rendered":"<h2>Machine \u00e0 beignets ou beignets automatique professionnelle<\/h2>\n<p>Ce\u00a0<strong>machine \u00e0 beignets<\/strong>\u00a0de\u00a0<strong><span style=\"color: #ff0000;\">\u00c0<\/span><span style=\"color: #0000ff;\">R.<\/span>c<\/strong>\u00a0Il est indiqu\u00e9 pour la production en cha\u00eene ou encore pour la fabrication de beignets frais en grande quantit\u00e9 afin qu&#039;ils conservent toute leur texture et leur saveur.<\/p>\n<p>Le\u00a0<strong>machine \u00e0 beignets automatique <span style=\"color: #ff0000;\">\u00c0<\/span><span style=\"color: #0000ff;\">R.<\/span>CMAD3<\/strong>\u00a0Il est fabriqu\u00e9 en acier inoxydable de qualit\u00e9 alimentaire. La conception enti\u00e8rement automatique est populaire pour sa haute efficacit\u00e9 et sa pr\u00e9cision de production\u00a0<strong>beignets<\/strong>\u00a0avec formation automatique : il dispose d&#039;un contr\u00f4le automatique de la temp\u00e9rature, les beignets tournent automatiquement sur la bande\u00a0<strong>gain de temps et d&#039;\u00e9nergie<\/strong>. Avec le\u00a0<strong>machine \u00e0 beignets automatique<\/strong>\u00a0peut faire beaucoup de d\u00e9licieux<strong>\u00a0beignets<\/strong> dor\u00e9 et croustillant gr\u00e2ce \u00e0 sa cuve de 7L.<\/p>\n<h6><strong>Garantie\u00a0<span style=\"color: #ff0000;\">\u00c0<\/span><span style=\"color: #0000ff;\">R.<\/span>c<\/strong><strong>\u00a02 ANS<\/strong><\/h6>\n<h6><span style=\"color: #008000;\">Machine automatique pour beignets et beignets, efficace, basse consommation 3000w<\/span><\/h6>\n<h6><strong>support technique inclus<\/strong><\/h6>","protected":false},"featured_media":2011,"comment_status":"open","ping_status":"closed","template":"","meta":{"wds_primary_product_brand":0,"wds_primary_product_cat":0},"product_brand":[],"product_cat":[56,53],"product_tag":[],"class_list":{"0":"post-2000","1":"product","2":"type-product","3":"status-publish","4":"has-post-thumbnail","6":"product_cat-maquinaria-para-ferias","7":"product_cat-panaderia-y-pasteleria-industrial","8":"product_shipping_class-express","10":"first","11":"instock","12":"taxable","13":"shipping-taxable","14":"purchasable","15":"product-type-simple"},"yoast_head":"<!-- This site is optimized with the Yoast SEO Premium plugin v24.9 (Yoast SEO v26.1) - https:\/\/yoast.com\/wordpress\/plugins\/seo\/ -->\n<title>M\u00e1quina autom\u00e1tica para donuts o rosquillas peque\u00f1a - distribuci\u00f3n ARC<\/title>\n<meta name=\"robots\" content=\"index, follow, max-snippet:-1, max-image-preview:large, max-video-preview:-1\" \/>\n<link rel=\"canonical\" href=\"https:\/\/www.distribucionarc.com\/producto\/maquina-automatica-para-donuts-o-rosquillas-pequena\/\" \/>\n<meta property=\"og:locale\" content=\"fr_FR\" \/>\n<meta property=\"og:type\" content=\"article\" \/>\n<meta property=\"og:title\" content=\"M\u00e1quina autom\u00e1tica para donuts o rosquillas peque\u00f1a\" \/>\n<meta property=\"og:description\" content=\"M\u00e1quina autom\u00e1tica para donuts o rosquillas profesional Esta\u00a0m\u00e1quina de donuts\u00a0de\u00a0ARC\u00a0es la indicada para la producci\u00f3n en cadena o incluso para fabricar donuts frescos en gran cantidad para que conserven toda su textura y sabor.  La\u00a0m\u00e1quina autom\u00e1tica de rosquillas ARCMAD3\u00a0est\u00e1 hecha de acero inoxidable de calidad alimentaria. El dise\u00f1o totalmente autom\u00e1tico es popular por su alta eficiencia y precisi\u00f3n para producir\u00a0donuts\u00a0con formaci\u00f3n autom\u00e1tica: dispone de control autom\u00e1tico de temperatura, los donuts giran autom\u00e1ticamente por la cinta\u00a0ahorrando tiempo y energ\u00eda. Con la\u00a0m\u00e1quina autom\u00e1tica de rosquillas\u00a0puede hacer \u00a0una gran cantidad de deliciosos\u00a0donuts dorados y crujientes gracias a su tanque de 7L. Garant\u00eda\u00a0ARC\u00a02 A\u00d1OS Maquina automatica para donuts y rosquillas eficiente, bajo consumo 3000w soporte t\u00e9cnico incluido\" \/>\n<meta property=\"og:url\" content=\"https:\/\/www.distribucionarc.com\/producto\/maquina-automatica-para-donuts-o-rosquillas-pequena\/\" \/>\n<meta property=\"og:site_name\" content=\"distribuci\u00f3n ARC\" \/>\n<meta property=\"article:modified_time\" content=\"2023-10-19T12:46:02+00:00\" \/>\n<meta property=\"og:image\" content=\"https:\/\/distribucionarc.com\/wp-content\/uploads\/2020\/08\/M\u00e1quina-autom\u00e1tica-para-donuts-o-rosquillas-3-2.jpg\" \/>\n\t<meta property=\"og:image:width\" content=\"1001\" \/>\n\t<meta property=\"og:image:height\" content=\"1001\" \/>\n\t<meta property=\"og:image:type\" content=\"image\/jpeg\" \/>\n<meta name=\"twitter:card\" content=\"summary_large_image\" \/>\n<meta name=\"twitter:label1\" content=\"Dur\u00e9e de lecture estim\u00e9e\" \/>\n\t<meta name=\"twitter:data1\" content=\"2 minutes\" \/>\n<script type=\"application\/ld+json\" class=\"yoast-schema-graph\">{\"@context\":\"https:\/\/schema.org\",\"@graph\":[{\"@type\":\"WebPage\",\"@id\":\"https:\/\/www.distribucionarc.com\/producto\/maquina-automatica-para-donuts-o-rosquillas-pequena\/\",\"url\":\"https:\/\/www.distribucionarc.com\/producto\/maquina-automatica-para-donuts-o-rosquillas-pequena\/\",\"name\":\"M\u00e1quina autom\u00e1tica para donuts o rosquillas peque\u00f1a - distribuci\u00f3n ARC\",\"isPartOf\":{\"@id\":\"https:\/\/www.distribucionarc.com\/sl\/#website\"},\"primaryImageOfPage\":{\"@id\":\"https:\/\/www.distribucionarc.com\/producto\/maquina-automatica-para-donuts-o-rosquillas-pequena\/#primaryimage\"},\"image\":{\"@id\":\"https:\/\/www.distribucionarc.com\/producto\/maquina-automatica-para-donuts-o-rosquillas-pequena\/#primaryimage\"},\"thumbnailUrl\":\"https:\/\/distribucionarc.com\/wp-content\/uploads\/2020\/08\/M\u00e1quina-autom\u00e1tica-para-donuts-o-rosquillas-3-2.jpg\",\"datePublished\":\"2020-08-05T13:58:02+00:00\",\"dateModified\":\"2023-10-19T12:46:02+00:00\",\"breadcrumb\":{\"@id\":\"https:\/\/www.distribucionarc.com\/producto\/maquina-automatica-para-donuts-o-rosquillas-pequena\/#breadcrumb\"},\"inLanguage\":\"fr-FR\",\"potentialAction\":[{\"@type\":\"ReadAction\",\"target\":[\"https:\/\/www.distribucionarc.com\/producto\/maquina-automatica-para-donuts-o-rosquillas-pequena\/\"]}]},{\"@type\":\"ImageObject\",\"inLanguage\":\"fr-FR\",\"@id\":\"https:\/\/www.distribucionarc.com\/producto\/maquina-automatica-para-donuts-o-rosquillas-pequena\/#primaryimage\",\"url\":\"https:\/\/distribucionarc.com\/wp-content\/uploads\/2020\/08\/M\u00e1quina-autom\u00e1tica-para-donuts-o-rosquillas-3-2.jpg\",\"contentUrl\":\"https:\/\/distribucionarc.com\/wp-content\/uploads\/2020\/08\/M\u00e1quina-autom\u00e1tica-para-donuts-o-rosquillas-3-2.jpg\",\"width\":1001,\"height\":1001,\"caption\":\"M\u00e1quina autom\u00e1tica para donuts o rosquillas peque\u00f1a\"},{\"@type\":\"BreadcrumbList\",\"@id\":\"https:\/\/www.distribucionarc.com\/producto\/maquina-automatica-para-donuts-o-rosquillas-pequena\/#breadcrumb\",\"itemListElement\":[{\"@type\":\"ListItem\",\"position\":1,\"name\":\"Portada\",\"item\":\"https:\/\/www.distribucionarc.com\/\"},{\"@type\":\"ListItem\",\"position\":2,\"name\":\"\u00dcr\u00fcnler\",\"item\":\"https:\/\/www.distribucionarc.com\/tr\/magaza\/\"},{\"@type\":\"ListItem\",\"position\":3,\"name\":\"M\u00e1quina autom\u00e1tica para donuts o rosquillas peque\u00f1a\"}]},{\"@type\":\"WebSite\",\"@id\":\"https:\/\/www.distribucionarc.com\/sl\/#website\",\"url\":\"https:\/\/www.distribucionarc.com\/sl\/\",\"name\":\"distribuci\u00f3n ARC\",\"description\":\"Empresa especializada en la fabricaci\u00f3n y distribuci\u00f3n de maquinaria industrial, selladoras de latas, Maquinas de hacer pastillas, Maquinas de cortar carne...\",\"publisher\":{\"@id\":\"https:\/\/www.distribucionarc.com\/sl\/#organization\"},\"potentialAction\":[{\"@type\":\"SearchAction\",\"target\":{\"@type\":\"EntryPoint\",\"urlTemplate\":\"https:\/\/www.distribucionarc.com\/sl\/?s={search_term_string}\"},\"query-input\":{\"@type\":\"PropertyValueSpecification\",\"valueRequired\":true,\"valueName\":\"search_term_string\"}}],\"inLanguage\":\"fr-FR\"},{\"@type\":\"Organization\",\"@id\":\"https:\/\/www.distribucionarc.com\/sl\/#organization\",\"name\":\"Distribuci\u00f3n ARC\",\"url\":\"https:\/\/www.distribucionarc.com\/sl\/\",\"logo\":{\"@type\":\"ImageObject\",\"inLanguage\":\"fr-FR\",\"@id\":\"https:\/\/www.distribucionarc.com\/sl\/#\/schema\/logo\/image\/\",\"url\":\"https:\/\/distribucionarc.com\/wp-content\/uploads\/2024\/10\/distribucion-ARC-COLOR-SIN-FONDO-e1732295305345.png\",\"contentUrl\":\"https:\/\/distribucionarc.com\/wp-content\/uploads\/2024\/10\/distribucion-ARC-COLOR-SIN-FONDO-e1732295305345.png\",\"width\":1164,\"height\":558,\"caption\":\"Distribuci\u00f3n ARC\"},\"image\":{\"@id\":\"https:\/\/www.distribucionarc.com\/sl\/#\/schema\/logo\/image\/\"},\"description\":\"Empresa especializada en la fabricaci\u00f3n y distribuci\u00f3n de maquinaria industrial para los sectores alimentario y farmac\u00e9utico. Nos especializamos en: M\u00e1quinas de cortar carne Fabricaci\u00f3n de comprimidos Sistemas de transporte industrial L\u00edneas de embotellado Dosificadores Y mucho m\u00e1s... Ofrecemos soluciones innovadoras y personalizadas para optimizar los procesos productivos de tu empresa.\",\"email\":\"Admistracion@distribucionarc.com\",\"telephone\":\"+34 643496664\",\"legalName\":\"ARC TECH SOLUTIONS\",\"foundingDate\":\"2024-04-09\",\"vatID\":\"B55480172\",\"numberOfEmployees\":{\"@type\":\"QuantitativeValue\",\"minValue\":\"1\",\"maxValue\":\"10\"}}]}<\/script>\n<!-- \/ Yoast SEO Premium plugin. -->","yoast_head_json":{"title":"Machine automatique \u00e0 petits beignets ou beignets - ARC distribution","robots":{"index":"index","follow":"follow","max-snippet":"max-snippet:-1","max-image-preview":"max-image-preview:large","max-video-preview":"max-video-preview:-1"},"canonical":"https:\/\/www.distribucionarc.com\/producto\/maquina-automatica-para-donuts-o-rosquillas-pequena\/","og_locale":"fr_FR","og_type":"article","og_title":"M\u00e1quina autom\u00e1tica para donuts o rosquillas peque\u00f1a","og_description":"M\u00e1quina autom\u00e1tica para donuts o rosquillas profesional Esta\u00a0m\u00e1quina de donuts\u00a0de\u00a0ARC\u00a0es la indicada para la producci\u00f3n en cadena o incluso para fabricar donuts frescos en gran cantidad para que conserven toda su textura y sabor.  La\u00a0m\u00e1quina autom\u00e1tica de rosquillas ARCMAD3\u00a0est\u00e1 hecha de acero inoxidable de calidad alimentaria. El dise\u00f1o totalmente autom\u00e1tico es popular por su alta eficiencia y precisi\u00f3n para producir\u00a0donuts\u00a0con formaci\u00f3n autom\u00e1tica: dispone de control autom\u00e1tico de temperatura, los donuts giran autom\u00e1ticamente por la cinta\u00a0ahorrando tiempo y energ\u00eda. Con la\u00a0m\u00e1quina autom\u00e1tica de rosquillas\u00a0puede hacer \u00a0una gran cantidad de deliciosos\u00a0donuts dorados y crujientes gracias a su tanque de 7L. Garant\u00eda\u00a0ARC\u00a02 A\u00d1OS Maquina automatica para donuts y rosquillas eficiente, bajo consumo 3000w soporte t\u00e9cnico incluido","og_url":"https:\/\/www.distribucionarc.com\/producto\/maquina-automatica-para-donuts-o-rosquillas-pequena\/","og_site_name":"distribuci\u00f3n ARC","article_modified_time":"2023-10-19T12:46:02+00:00","og_image":[{"width":1001,"height":1001,"url":"https:\/\/distribucionarc.com\/wp-content\/uploads\/2020\/08\/M\u00e1quina-autom\u00e1tica-para-donuts-o-rosquillas-3-2.jpg","type":"image\/jpeg"}],"twitter_card":"summary_large_image","twitter_misc":{"Dur\u00e9e de lecture estim\u00e9e":"2 minutes"},"schema":{"@context":"https:\/\/schema.org","@graph":[{"@type":"WebPage","@id":"https:\/\/www.distribucionarc.com\/producto\/maquina-automatica-para-donuts-o-rosquillas-pequena\/","url":"https:\/\/www.distribucionarc.com\/producto\/maquina-automatica-para-donuts-o-rosquillas-pequena\/","name":"Machine automatique \u00e0 petits beignets ou beignets - ARC distribution","isPartOf":{"@id":"https:\/\/www.distribucionarc.com\/sl\/#website"},"primaryImageOfPage":{"@id":"https:\/\/www.distribucionarc.com\/producto\/maquina-automatica-para-donuts-o-rosquillas-pequena\/#primaryimage"},"image":{"@id":"https:\/\/www.distribucionarc.com\/producto\/maquina-automatica-para-donuts-o-rosquillas-pequena\/#primaryimage"},"thumbnailUrl":"https:\/\/distribucionarc.com\/wp-content\/uploads\/2020\/08\/M\u00e1quina-autom\u00e1tica-para-donuts-o-rosquillas-3-2.jpg","datePublished":"2020-08-05T13:58:02+00:00","dateModified":"2023-10-19T12:46:02+00:00","breadcrumb":{"@id":"https:\/\/www.distribucionarc.com\/producto\/maquina-automatica-para-donuts-o-rosquillas-pequena\/#breadcrumb"},"inLanguage":"fr-FR","potentialAction":[{"@type":"ReadAction","target":["https:\/\/www.distribucionarc.com\/producto\/maquina-automatica-para-donuts-o-rosquillas-pequena\/"]}]},{"@type":"ImageObject","inLanguage":"fr-FR","@id":"https:\/\/www.distribucionarc.com\/producto\/maquina-automatica-para-donuts-o-rosquillas-pequena\/#primaryimage","url":"https:\/\/distribucionarc.com\/wp-content\/uploads\/2020\/08\/M\u00e1quina-autom\u00e1tica-para-donuts-o-rosquillas-3-2.jpg","contentUrl":"https:\/\/distribucionarc.com\/wp-content\/uploads\/2020\/08\/M\u00e1quina-autom\u00e1tica-para-donuts-o-rosquillas-3-2.jpg","width":1001,"height":1001,"caption":"M\u00e1quina autom\u00e1tica para donuts o rosquillas peque\u00f1a"},{"@type":"BreadcrumbList","@id":"https:\/\/www.distribucionarc.com\/producto\/maquina-automatica-para-donuts-o-rosquillas-pequena\/#breadcrumb","itemListElement":[{"@type":"ListItem","position":1,"name":"Portada","item":"https:\/\/www.distribucionarc.com\/"},{"@type":"ListItem","position":2,"name":"\u00dcr\u00fcnler","item":"https:\/\/www.distribucionarc.com\/tr\/magaza\/"},{"@type":"ListItem","position":3,"name":"M\u00e1quina autom\u00e1tica para donuts o rosquillas peque\u00f1a"}]},{"@type":"WebSite","@id":"https:\/\/www.distribucionarc.com\/sl\/#website","url":"https:\/\/www.distribucionarc.com\/sl\/","name":"R\u00e9partition de l&#039;ARC","description":"Entreprise sp\u00e9cialis\u00e9e dans la fabrication et la distribution de machines industrielles, scelleuses de bo\u00eetes, machines \u00e0 comprim\u00e9s, machines \u00e0 d\u00e9couper la viande...","publisher":{"@id":"https:\/\/www.distribucionarc.com\/sl\/#organization"},"potentialAction":[{"@type":"SearchAction","target":{"@type":"EntryPoint","urlTemplate":"https:\/\/www.distribucionarc.com\/sl\/?s={search_term_string}"},"query-input":{"@type":"PropertyValueSpecification","valueRequired":true,"valueName":"search_term_string"}}],"inLanguage":"fr-FR"},{"@type":"Organization","@id":"https:\/\/www.distribucionarc.com\/sl\/#organization","name":"Distribution ARC","url":"https:\/\/www.distribucionarc.com\/sl\/","logo":{"@type":"ImageObject","inLanguage":"fr-FR","@id":"https:\/\/www.distribucionarc.com\/sl\/#\/schema\/logo\/image\/","url":"https:\/\/distribucionarc.com\/wp-content\/uploads\/2024\/10\/distribucion-ARC-COLOR-SIN-FONDO-e1732295305345.png","contentUrl":"https:\/\/distribucionarc.com\/wp-content\/uploads\/2024\/10\/distribucion-ARC-COLOR-SIN-FONDO-e1732295305345.png","width":1164,"height":558,"caption":"Distribuci\u00f3n ARC"},"image":{"@id":"https:\/\/www.distribucionarc.com\/sl\/#\/schema\/logo\/image\/"},"description":"Entreprise sp\u00e9cialis\u00e9e dans la fabrication et la distribution de machines industrielles pour les secteurs alimentaire et pharmaceutique. Nous sommes sp\u00e9cialis\u00e9s dans : Machines \u00e0 couper la viande Fabrication de comprim\u00e9s Syst\u00e8mes de transport industriel Lignes d'embouteillage Machines de dosage Et bien plus encore... Nous proposons des solutions innovantes et personnalis\u00e9es pour optimiser les processus de production de votre entreprise.","email":"Admistracion@distribucionarc.com","telephone":"+34 643496664","legalName":"ARC TECH SOLUTIONS","foundingDate":"2024-04-09","vatID":"B55480172","numberOfEmployees":{"@type":"QuantitativeValue","minValue":"1","maxValue":"10"}}]}},"_links":{"self":[{"href":"https:\/\/distribucionarc.com\/fr\/wp-json\/wp\/v2\/product\/2000","targetHints":{"allow":["GET"]}}],"collection":[{"href":"https:\/\/distribucionarc.com\/fr\/wp-json\/wp\/v2\/product"}],"about":[{"href":"https:\/\/distribucionarc.com\/fr\/wp-json\/wp\/v2\/types\/product"}],"replies":[{"embeddable":true,"href":"https:\/\/distribucionarc.com\/fr\/wp-json\/wp\/v2\/comments?post=2000"}],"version-history":[{"count":0,"href":"https:\/\/distribucionarc.com\/fr\/wp-json\/wp\/v2\/product\/2000\/revisions"}],"wp:featuredmedia":[{"embeddable":true,"href":"https:\/\/distribucionarc.com\/fr\/wp-json\/wp\/v2\/media\/2011"}],"wp:attachment":[{"href":"https:\/\/distribucionarc.com\/fr\/wp-json\/wp\/v2\/media?parent=2000"}],"wp:term":[{"taxonomy":"product_brand","embeddable":true,"href":"https:\/\/distribucionarc.com\/fr\/wp-json\/wp\/v2\/product_brand?post=2000"},{"taxonomy":"product_cat","embeddable":true,"href":"https:\/\/distribucionarc.com\/fr\/wp-json\/wp\/v2\/product_cat?post=2000"},{"taxonomy":"product_tag","embeddable":true,"href":"https:\/\/distribucionarc.com\/fr\/wp-json\/wp\/v2\/product_tag?post=2000"}],"curies":[{"name":"wp","href":"https:\/\/api.w.org\/{rel}","templated":true}]}}