{"id":2043,"date":"2020-08-07T12:24:18","date_gmt":"2020-08-07T12:24:18","guid":{"rendered":"https:\/\/distribucionarc.com\/?post_type=product&#038;p=2043"},"modified":"2025-05-08T21:08:48","modified_gmt":"2025-05-08T19:08:48","slug":"17l-digital-liquid-filler-dosage-embouteilleur-machine","status":"publish","type":"product","link":"https:\/\/distribucionarc.com\/fr\/producto\/dosificadora-embotelladora-llenadora-de-liquidos-digital-de-17l\/","title":{"rendered":"Distributeur de liquide num\u00e9rique 20L, machine d&#039;embouteillage, remplisseur"},"content":{"rendered":"<h3>Distributeur de liquide num\u00e9rique 20L, machine d&#039;embouteillage, remplisseur<\/h3>\n<p>La pompe et le moteur <strong>distributeur de liquide <span style=\"color: #ff0000;\">\u00c0<\/span><span style=\"color: #0000ff;\">R.<\/span>c<\/strong> Ils sont compos\u00e9s de plusieurs mat\u00e9riaux anticorrosion de la meilleure qualit\u00e9, le bo\u00eetier robuste en acier inoxydable est fini avec un antirouille pour assurer sa durabilit\u00e9.<\/p>\n<p>Le temps d&#039;attente pour le remplissage peut \u00eatre r\u00e9gl\u00e9 librement sur l&#039;\u00e9cran LCD et dispose \u00e9galement d&#039;une fonction de comptage automatique. Vous pouvez effectuer le processus de remplissage en r\u00e9glant le<strong> remplisseur<\/strong> <strong>automatiquement<\/strong> <strong>soit<\/strong> <strong>contr\u00f4ler le processus manuellement<\/strong> avec une p\u00e9dale de d\u00e9marrage automatique facile \u00e0 utiliser.<\/p>\n<p>Vous pouvez r\u00e9gler la hauteur pour diff\u00e9rentes tailles de r\u00e9cipients, la buse et le tuyau du<strong> embouteilleur <span style=\"color: #ff0000;\">\u00c0<\/span><span style=\"color: #0000ff;\">R.<\/span>CEDL20K<\/strong> Ils sont con\u00e7us avec un syst\u00e8me anti-goutte de remplissage de haute pr\u00e9cision. Fournit un <strong>grande quantit\u00e9 de remplissage (20L\/min)\u00a0<\/strong> exempt d&#039;impuret\u00e9s gr\u00e2ce \u00e0 son grand filtre d&#039;entr\u00e9e.<\/p>\n<p>Il int\u00e8gre un ventilateur pour assurer un fonctionnement stable gr\u00e2ce \u00e0 sa fonction d&#039;absorption automatique et de protection thermique, lui permettant de fonctionner normalement s&#039;il fonctionne pendant une longue p\u00e9riode ou s&#039;il est inactif.<\/p>\n<h6><strong>Garantie\u00a0<span style=\"color: #ff0000;\">\u00c0<\/span><span style=\"color: #0000ff;\">R.<\/span>C 2 ANS<\/strong><\/h6>\n<h6><span style=\"color: #008000;\">Distributeur d&#039;embouteillage efficace, basse consommation 200w<\/span><\/h6>\n<h6><strong>support technique inclus<\/strong><\/h6>\n<p>&nbsp;<\/p>\n<table role=\"presentation\" width=\"100%\" cellspacing=\"0\" cellpadding=\"0\">\n<tbody>\n<tr>\n<td class=\"attrLabels\">Marque:<\/td>\n<td width=\"50.0%\">ARC<\/td>\n<\/tr>\n<tr>\n<td class=\"attrLabels\">Pays de distribution\u00a0:<\/td>\n<td width=\"50.0%\">Espagne, Allemagne, \u00c9tats-Unis<\/td>\n<td class=\"attrLabels\">Poids:<\/td>\n<td width=\"50.0%\">10 kg<\/td>\n<\/tr>\n<tr>\n<td class=\"attrLabels\">Marque:<\/td>\n<td width=\"50.0%\">ARC<\/td>\n<td class=\"attrLabels\">Hauteur:<\/td>\n<td width=\"50.0%\">21,5 cm<\/td>\n<\/tr>\n<tr>\n<td class=\"attrLabels\">Couleur:<\/td>\n<td width=\"50.0%\">Argent<\/td>\n<td class=\"attrLabels\">Long:<\/td>\n<td width=\"50.0%\">35,5 cm<\/td>\n<\/tr>\n<tr>\n<td class=\"attrLabels\">Type de produit\u00a0:<\/td>\n<td width=\"50.0%\">Distributeur de remplissage de liquide<\/td>\n<td class=\"attrLabels\">Large:<\/td>\n<td width=\"50.0%\">32,5 cm<\/td>\n<\/tr>\n<tr>\n<td class=\"attrLabels\">Num\u00e9ro du fabricant :<\/td>\n<td width=\"50.0%\">ARCEDL20K<\/td>\n<td class=\"attrLabels\">Pouvoir:<\/td>\n<td width=\"50.0%\">200W<\/td>\n<\/tr>\n<tr>\n<td class=\"attrLabels\">Mat\u00e9riel:<\/td>\n<td width=\"50.0%\">acier inoxydable, micro-ordinateur, contr\u00f4le automatique, p\u00e9dale<\/td>\n<td class=\"attrLabels\">tension d&#039;entr\u00e9e<\/td>\n<td width=\"50.0%\">220 V \u2013 60 Hz<\/td>\n<\/tr>\n<tr>\n<td class=\"attrLabels\">Garantie:<\/td>\n<td width=\"50.0%\">\u00a0 2 ans<\/td>\n<td class=\"attrLabels\">Volume de remplissage\u00a0:<\/td>\n<td width=\"50.0%\">30 ml \u00e0 20 000 ml<\/td>\n<\/tr>\n<tr>\n<td class=\"attrLabels\">Outils d&#039;installation\u00a0:<\/td>\n<td width=\"50.0%\">Ouais<\/td>\n<td class=\"attrLabels\">D\u00e9bit maximal\u00a0:<\/td>\n<td width=\"50.0%\">\u00a020 L\/min selon le liquide et la maniabilit\u00e9<\/td>\n<\/tr>\n<\/tbody>\n<\/table>\n<p>&nbsp;<\/p>","protected":false},"excerpt":{"rendered":"<h2>Distributeur de liquide num\u00e9rique 20L, machine d&#039;embouteillage, remplisseur<\/h2>\n<p>Ce <strong>distributeur<\/strong> Il est largement utilis\u00e9 dans les industries pharmaceutique, chimique, des boissons, du p\u00e9trole, des cosm\u00e9tiques et autres, adapt\u00e9 \u00e0<strong> liquides \u00e0 faible viscosit\u00e9 exempts de particules<\/strong> tels que l&#039;eau, l&#039;huile d&#039;olive, le carburant, les boissons, etc.<\/p>\n<p>Le <strong>machine de remplissage de liquide<\/strong> <strong><span style=\"color: #ff0000;\">\u00c0<\/span><span style=\"color: #0000ff;\">R.<\/span>c<\/strong> Il dispose d&#039;une pompe \u00e0 d\u00e9marrage automatique et de deux t\u00eates, ce qui le rend plus pratique et efficace. Il peut \u00eatre utilis\u00e9 pour remplir de nombreux types de liquides l\u00e9gers et de faible densit\u00e9. Comme l&#039;eau, l&#039;huile d&#039;olive, les boissons, le vinaigre, le lait, etc. Selon les diff\u00e9rents types de liquides, il est recommand\u00e9 d&#039;utiliser des mat\u00e9riaux diff\u00e9rents. Le tube que nous fournissons est en silicone.<\/p>\n<h6><strong>Garantie\u00a0<span style=\"color: #ff0000;\">\u00c0<\/span><span style=\"color: #0000ff;\">R.<\/span>C 2 ANS<\/strong><\/h6>\n<h6><span style=\"color: #008000;\">Distributeur d&#039;embouteillage efficace, basse consommation 200w<\/span><\/h6>\n<h6><strong>support technique inclus<\/strong><\/h6>\n<p>&nbsp;<\/p>","protected":false},"featured_media":2053,"comment_status":"open","ping_status":"closed","template":"","meta":{"wds_primary_product_brand":0,"wds_primary_product_cat":0},"product_brand":[],"product_cat":[18,19,320,21],"product_tag":[],"class_list":{"0":"post-2043","1":"product","2":"type-product","3":"status-publish","4":"has-post-thumbnail","6":"product_cat-dosificadoras","7":"product_cat-dosificadoras-de-liquidos","8":"product_cat-llenadoras-de-liquidos-por-gravedad","9":"product_cat-maquinas-llenadoras","10":"product_shipping_class-express","12":"first","13":"instock","14":"sale","15":"taxable","16":"shipping-taxable","17":"purchasable","18":"product-type-simple"},"yoast_head":"<!-- This site is optimized with the Yoast SEO Premium plugin v24.9 (Yoast SEO v26.1) - https:\/\/yoast.com\/wordpress\/plugins\/seo\/ -->\n<title>Dosificadora, Embotelladora, Llenadora de L\u00edquidos Digital de 20L - distribuci\u00f3n ARC<\/title>\n<meta name=\"robots\" content=\"index, follow, max-snippet:-1, max-image-preview:large, max-video-preview:-1\" \/>\n<link rel=\"canonical\" href=\"https:\/\/www.distribucionarc.com\/nl\/producto\/dosificadora-embotelladora-llenadora-de-liquidos-digital-de-17l\/\" \/>\n<meta property=\"og:locale\" content=\"fr_FR\" \/>\n<meta property=\"og:type\" content=\"article\" \/>\n<meta property=\"og:title\" content=\"Dosificadora, Embotelladora, Llenadora de L\u00edquidos Digital de 20L\" \/>\n<meta property=\"og:description\" content=\"Dosificadora, Embotelladora, Llenadora de L\u00edquidos Digital de 20L Esta dosificadora es ampliamente utilizada en las industrias farmac\u00e9utica, qu\u00edmica, de bebidas, aceite, cosm\u00e9tica y otras, adecuado para l\u00edquidos de baja viscosidad y libres de part\u00edculas como agua, aceite de oliva, combustibles, bebidas, etc.  La m\u00e1quina llenadora de l\u00edquidos ARC tiene una bomba de arranque autom\u00e1tico y dos cabezales, que la hacen m\u00e1s pr\u00e1ctica y eficiente. Se puede utilizar para llenar muchos tipos de l\u00edquidos de baja densidad y ligeros. Tales como agua, aceite de oliva, bebidas, vinagre, leche, etc. Seg\u00fan los distintos tipos de l\u00edquidos se recomienda utilizar diferentes materiales. El tubo que suministramos es de silicona. Garant\u00eda\u00a0ARC 2 A\u00d1OS Dosificadora\u00a0 embotelladora eficiente, bajo consumo 200w soporte t\u00e9cnico incluido &nbsp;\" \/>\n<meta property=\"og:url\" content=\"https:\/\/www.distribucionarc.com\/nl\/producto\/dosificadora-embotelladora-llenadora-de-liquidos-digital-de-17l\/\" \/>\n<meta property=\"og:site_name\" content=\"distribuci\u00f3n ARC\" \/>\n<meta property=\"article:modified_time\" content=\"2025-05-08T19:08:48+00:00\" \/>\n<meta property=\"og:image\" content=\"https:\/\/distribucionarc.com\/wp-content\/uploads\/2020\/08\/Dosificadora-embotelladora-llenadora-de-l\u00edquidos-digital-de-17L-0.jpg\" \/>\n\t<meta property=\"og:image:width\" content=\"1600\" \/>\n\t<meta property=\"og:image:height\" content=\"1600\" \/>\n\t<meta property=\"og:image:type\" content=\"image\/jpeg\" \/>\n<meta name=\"twitter:card\" content=\"summary_large_image\" \/>\n<meta name=\"twitter:label1\" content=\"Dur\u00e9e de lecture estim\u00e9e\" \/>\n\t<meta name=\"twitter:data1\" content=\"2 minutes\" \/>\n<script type=\"application\/ld+json\" class=\"yoast-schema-graph\">{\"@context\":\"https:\/\/schema.org\",\"@graph\":[{\"@type\":\"WebPage\",\"@id\":\"https:\/\/www.distribucionarc.com\/nl\/producto\/dosificadora-embotelladora-llenadora-de-liquidos-digital-de-17l\/\",\"url\":\"https:\/\/www.distribucionarc.com\/nl\/producto\/dosificadora-embotelladora-llenadora-de-liquidos-digital-de-17l\/\",\"name\":\"Dosificadora, Embotelladora, Llenadora de L\u00edquidos Digital de 20L - distribuci\u00f3n ARC\",\"isPartOf\":{\"@id\":\"https:\/\/www.distribucionarc.com\/tr\/#website\"},\"primaryImageOfPage\":{\"@id\":\"https:\/\/www.distribucionarc.com\/nl\/producto\/dosificadora-embotelladora-llenadora-de-liquidos-digital-de-17l\/#primaryimage\"},\"image\":{\"@id\":\"https:\/\/www.distribucionarc.com\/nl\/producto\/dosificadora-embotelladora-llenadora-de-liquidos-digital-de-17l\/#primaryimage\"},\"thumbnailUrl\":\"https:\/\/distribucionarc.com\/wp-content\/uploads\/2020\/08\/Dosificadora-embotelladora-llenadora-de-l\u00edquidos-digital-de-17L-0.jpg\",\"datePublished\":\"2020-08-07T12:24:18+00:00\",\"dateModified\":\"2025-05-08T19:08:48+00:00\",\"breadcrumb\":{\"@id\":\"https:\/\/www.distribucionarc.com\/nl\/producto\/dosificadora-embotelladora-llenadora-de-liquidos-digital-de-17l\/#breadcrumb\"},\"inLanguage\":\"fr-FR\",\"potentialAction\":[{\"@type\":\"ReadAction\",\"target\":[\"https:\/\/www.distribucionarc.com\/nl\/producto\/dosificadora-embotelladora-llenadora-de-liquidos-digital-de-17l\/\"]}]},{\"@type\":\"ImageObject\",\"inLanguage\":\"fr-FR\",\"@id\":\"https:\/\/www.distribucionarc.com\/nl\/producto\/dosificadora-embotelladora-llenadora-de-liquidos-digital-de-17l\/#primaryimage\",\"url\":\"https:\/\/distribucionarc.com\/wp-content\/uploads\/2020\/08\/Dosificadora-embotelladora-llenadora-de-l\u00edquidos-digital-de-17L-0.jpg\",\"contentUrl\":\"https:\/\/distribucionarc.com\/wp-content\/uploads\/2020\/08\/Dosificadora-embotelladora-llenadora-de-l\u00edquidos-digital-de-17L-0.jpg\",\"width\":1600,\"height\":1600,\"caption\":\"Dosificadora embotelladora llenadora de l\u00edquidos digital de 17L\"},{\"@type\":\"BreadcrumbList\",\"@id\":\"https:\/\/www.distribucionarc.com\/nl\/producto\/dosificadora-embotelladora-llenadora-de-liquidos-digital-de-17l\/#breadcrumb\",\"itemListElement\":[{\"@type\":\"ListItem\",\"position\":1,\"name\":\"Portada\",\"item\":\"https:\/\/www.distribucionarc.com\/tr\/\"},{\"@type\":\"ListItem\",\"position\":2,\"name\":\"Produktai\",\"item\":\"https:\/\/distribucionarc.com\/lt\/parduotuve\/\"},{\"@type\":\"ListItem\",\"position\":3,\"name\":\"Dosificadora, Embotelladora, Llenadora de L\u00edquidos Digital de 20L\"}]},{\"@type\":\"WebSite\",\"@id\":\"https:\/\/www.distribucionarc.com\/tr\/#website\",\"url\":\"https:\/\/www.distribucionarc.com\/tr\/\",\"name\":\"distribuci\u00f3n ARC\",\"description\":\"Empresa especializada en la fabricaci\u00f3n y distribuci\u00f3n de maquinaria industrial, selladoras de latas, Maquinas de hacer pastillas, Maquinas de cortar carne...\",\"publisher\":{\"@id\":\"https:\/\/www.distribucionarc.com\/tr\/#organization\"},\"potentialAction\":[{\"@type\":\"SearchAction\",\"target\":{\"@type\":\"EntryPoint\",\"urlTemplate\":\"https:\/\/www.distribucionarc.com\/tr\/?s={search_term_string}\"},\"query-input\":{\"@type\":\"PropertyValueSpecification\",\"valueRequired\":true,\"valueName\":\"search_term_string\"}}],\"inLanguage\":\"fr-FR\"},{\"@type\":\"Organization\",\"@id\":\"https:\/\/www.distribucionarc.com\/tr\/#organization\",\"name\":\"Distribuci\u00f3n ARC\",\"url\":\"https:\/\/www.distribucionarc.com\/tr\/\",\"logo\":{\"@type\":\"ImageObject\",\"inLanguage\":\"fr-FR\",\"@id\":\"https:\/\/www.distribucionarc.com\/tr\/#\/schema\/logo\/image\/\",\"url\":\"https:\/\/distribucionarc.com\/wp-content\/uploads\/2024\/10\/distribucion-ARC-COLOR-SIN-FONDO-e1732295305345.png\",\"contentUrl\":\"https:\/\/distribucionarc.com\/wp-content\/uploads\/2024\/10\/distribucion-ARC-COLOR-SIN-FONDO-e1732295305345.png\",\"width\":1164,\"height\":558,\"caption\":\"Distribuci\u00f3n ARC\"},\"image\":{\"@id\":\"https:\/\/www.distribucionarc.com\/tr\/#\/schema\/logo\/image\/\"},\"description\":\"Empresa especializada en la fabricaci\u00f3n y distribuci\u00f3n de maquinaria industrial para los sectores alimentario y farmac\u00e9utico. Nos especializamos en: M\u00e1quinas de cortar carne Fabricaci\u00f3n de comprimidos Sistemas de transporte industrial L\u00edneas de embotellado Dosificadores Y mucho m\u00e1s... Ofrecemos soluciones innovadoras y personalizadas para optimizar los procesos productivos de tu empresa.\",\"email\":\"Admistracion@distribucionarc.com\",\"telephone\":\"+34 643496664\",\"legalName\":\"ARC TECH SOLUTIONS\",\"foundingDate\":\"2024-04-09\",\"vatID\":\"B55480172\",\"numberOfEmployees\":{\"@type\":\"QuantitativeValue\",\"minValue\":\"1\",\"maxValue\":\"10\"}}]}<\/script>\n<!-- \/ Yoast SEO Premium plugin. -->","yoast_head_json":{"title":"Distributeur de Liquide Digital 20L, Embouteillage et Remplissage - ARC distribution","robots":{"index":"index","follow":"follow","max-snippet":"max-snippet:-1","max-image-preview":"max-image-preview:large","max-video-preview":"max-video-preview:-1"},"canonical":"https:\/\/www.distribucionarc.com\/nl\/producto\/dosificadora-embotelladora-llenadora-de-liquidos-digital-de-17l\/","og_locale":"fr_FR","og_type":"article","og_title":"Dosificadora, Embotelladora, Llenadora de L\u00edquidos Digital de 20L","og_description":"Dosificadora, Embotelladora, Llenadora de L\u00edquidos Digital de 20L Esta dosificadora es ampliamente utilizada en las industrias farmac\u00e9utica, qu\u00edmica, de bebidas, aceite, cosm\u00e9tica y otras, adecuado para l\u00edquidos de baja viscosidad y libres de part\u00edculas como agua, aceite de oliva, combustibles, bebidas, etc.  La m\u00e1quina llenadora de l\u00edquidos ARC tiene una bomba de arranque autom\u00e1tico y dos cabezales, que la hacen m\u00e1s pr\u00e1ctica y eficiente. Se puede utilizar para llenar muchos tipos de l\u00edquidos de baja densidad y ligeros. Tales como agua, aceite de oliva, bebidas, vinagre, leche, etc. Seg\u00fan los distintos tipos de l\u00edquidos se recomienda utilizar diferentes materiales. El tubo que suministramos es de silicona. Garant\u00eda\u00a0ARC 2 A\u00d1OS Dosificadora\u00a0 embotelladora eficiente, bajo consumo 200w soporte t\u00e9cnico incluido &nbsp;","og_url":"https:\/\/www.distribucionarc.com\/nl\/producto\/dosificadora-embotelladora-llenadora-de-liquidos-digital-de-17l\/","og_site_name":"distribuci\u00f3n ARC","article_modified_time":"2025-05-08T19:08:48+00:00","og_image":[{"width":1600,"height":1600,"url":"https:\/\/distribucionarc.com\/wp-content\/uploads\/2020\/08\/Dosificadora-embotelladora-llenadora-de-l\u00edquidos-digital-de-17L-0.jpg","type":"image\/jpeg"}],"twitter_card":"summary_large_image","twitter_misc":{"Dur\u00e9e de lecture estim\u00e9e":"2 minutes"},"schema":{"@context":"https:\/\/schema.org","@graph":[{"@type":"WebPage","@id":"https:\/\/www.distribucionarc.com\/nl\/producto\/dosificadora-embotelladora-llenadora-de-liquidos-digital-de-17l\/","url":"https:\/\/www.distribucionarc.com\/nl\/producto\/dosificadora-embotelladora-llenadora-de-liquidos-digital-de-17l\/","name":"Distributeur de Liquide Digital 20L, Embouteillage et Remplissage - ARC distribution","isPartOf":{"@id":"https:\/\/www.distribucionarc.com\/tr\/#website"},"primaryImageOfPage":{"@id":"https:\/\/www.distribucionarc.com\/nl\/producto\/dosificadora-embotelladora-llenadora-de-liquidos-digital-de-17l\/#primaryimage"},"image":{"@id":"https:\/\/www.distribucionarc.com\/nl\/producto\/dosificadora-embotelladora-llenadora-de-liquidos-digital-de-17l\/#primaryimage"},"thumbnailUrl":"https:\/\/distribucionarc.com\/wp-content\/uploads\/2020\/08\/Dosificadora-embotelladora-llenadora-de-l\u00edquidos-digital-de-17L-0.jpg","datePublished":"2020-08-07T12:24:18+00:00","dateModified":"2025-05-08T19:08:48+00:00","breadcrumb":{"@id":"https:\/\/www.distribucionarc.com\/nl\/producto\/dosificadora-embotelladora-llenadora-de-liquidos-digital-de-17l\/#breadcrumb"},"inLanguage":"fr-FR","potentialAction":[{"@type":"ReadAction","target":["https:\/\/www.distribucionarc.com\/nl\/producto\/dosificadora-embotelladora-llenadora-de-liquidos-digital-de-17l\/"]}]},{"@type":"ImageObject","inLanguage":"fr-FR","@id":"https:\/\/www.distribucionarc.com\/nl\/producto\/dosificadora-embotelladora-llenadora-de-liquidos-digital-de-17l\/#primaryimage","url":"https:\/\/distribucionarc.com\/wp-content\/uploads\/2020\/08\/Dosificadora-embotelladora-llenadora-de-l\u00edquidos-digital-de-17L-0.jpg","contentUrl":"https:\/\/distribucionarc.com\/wp-content\/uploads\/2020\/08\/Dosificadora-embotelladora-llenadora-de-l\u00edquidos-digital-de-17L-0.jpg","width":1600,"height":1600,"caption":"Dosificadora embotelladora llenadora de l\u00edquidos digital de 17L"},{"@type":"BreadcrumbList","@id":"https:\/\/www.distribucionarc.com\/nl\/producto\/dosificadora-embotelladora-llenadora-de-liquidos-digital-de-17l\/#breadcrumb","itemListElement":[{"@type":"ListItem","position":1,"name":"Portada","item":"https:\/\/www.distribucionarc.com\/tr\/"},{"@type":"ListItem","position":2,"name":"Produktai","item":"https:\/\/distribucionarc.com\/lt\/parduotuve\/"},{"@type":"ListItem","position":3,"name":"Dosificadora, Embotelladora, Llenadora de L\u00edquidos Digital de 20L"}]},{"@type":"WebSite","@id":"https:\/\/www.distribucionarc.com\/tr\/#website","url":"https:\/\/www.distribucionarc.com\/tr\/","name":"R\u00e9partition de l&#039;ARC","description":"Entreprise sp\u00e9cialis\u00e9e dans la fabrication et la distribution de machines industrielles, scelleuses de bo\u00eetes, machines \u00e0 comprim\u00e9s, machines \u00e0 d\u00e9couper la viande...","publisher":{"@id":"https:\/\/www.distribucionarc.com\/tr\/#organization"},"potentialAction":[{"@type":"SearchAction","target":{"@type":"EntryPoint","urlTemplate":"https:\/\/www.distribucionarc.com\/tr\/?s={search_term_string}"},"query-input":{"@type":"PropertyValueSpecification","valueRequired":true,"valueName":"search_term_string"}}],"inLanguage":"fr-FR"},{"@type":"Organization","@id":"https:\/\/www.distribucionarc.com\/tr\/#organization","name":"Distribution ARC","url":"https:\/\/www.distribucionarc.com\/tr\/","logo":{"@type":"ImageObject","inLanguage":"fr-FR","@id":"https:\/\/www.distribucionarc.com\/tr\/#\/schema\/logo\/image\/","url":"https:\/\/distribucionarc.com\/wp-content\/uploads\/2024\/10\/distribucion-ARC-COLOR-SIN-FONDO-e1732295305345.png","contentUrl":"https:\/\/distribucionarc.com\/wp-content\/uploads\/2024\/10\/distribucion-ARC-COLOR-SIN-FONDO-e1732295305345.png","width":1164,"height":558,"caption":"Distribuci\u00f3n ARC"},"image":{"@id":"https:\/\/www.distribucionarc.com\/tr\/#\/schema\/logo\/image\/"},"description":"Entreprise sp\u00e9cialis\u00e9e dans la fabrication et la distribution de machines industrielles pour les secteurs alimentaire et pharmaceutique. Nous sommes sp\u00e9cialis\u00e9s dans : Machines \u00e0 couper la viande Fabrication de comprim\u00e9s Syst\u00e8mes de transport industriel Lignes d'embouteillage Machines de dosage Et bien plus encore... Nous proposons des solutions innovantes et personnalis\u00e9es pour optimiser les processus de production de votre entreprise.","email":"Admistracion@distribucionarc.com","telephone":"+34 643496664","legalName":"ARC TECH SOLUTIONS","foundingDate":"2024-04-09","vatID":"B55480172","numberOfEmployees":{"@type":"QuantitativeValue","minValue":"1","maxValue":"10"}}]}},"_links":{"self":[{"href":"https:\/\/distribucionarc.com\/fr\/wp-json\/wp\/v2\/product\/2043","targetHints":{"allow":["GET"]}}],"collection":[{"href":"https:\/\/distribucionarc.com\/fr\/wp-json\/wp\/v2\/product"}],"about":[{"href":"https:\/\/distribucionarc.com\/fr\/wp-json\/wp\/v2\/types\/product"}],"replies":[{"embeddable":true,"href":"https:\/\/distribucionarc.com\/fr\/wp-json\/wp\/v2\/comments?post=2043"}],"version-history":[{"count":1,"href":"https:\/\/distribucionarc.com\/fr\/wp-json\/wp\/v2\/product\/2043\/revisions"}],"predecessor-version":[{"id":17458,"href":"https:\/\/distribucionarc.com\/fr\/wp-json\/wp\/v2\/product\/2043\/revisions\/17458"}],"wp:featuredmedia":[{"embeddable":true,"href":"https:\/\/distribucionarc.com\/fr\/wp-json\/wp\/v2\/media\/2053"}],"wp:attachment":[{"href":"https:\/\/distribucionarc.com\/fr\/wp-json\/wp\/v2\/media?parent=2043"}],"wp:term":[{"taxonomy":"product_brand","embeddable":true,"href":"https:\/\/distribucionarc.com\/fr\/wp-json\/wp\/v2\/product_brand?post=2043"},{"taxonomy":"product_cat","embeddable":true,"href":"https:\/\/distribucionarc.com\/fr\/wp-json\/wp\/v2\/product_cat?post=2043"},{"taxonomy":"product_tag","embeddable":true,"href":"https:\/\/distribucionarc.com\/fr\/wp-json\/wp\/v2\/product_tag?post=2043"}],"curies":[{"name":"wp","href":"https:\/\/api.w.org\/{rel}","templated":true}]}}