{"id":2108,"date":"2020-08-10T10:11:48","date_gmt":"2020-08-10T10:11:48","guid":{"rendered":"https:\/\/distribucionarc.com\/?post_type=product&#038;p=2108"},"modified":"2020-09-30T09:28:41","modified_gmt":"2020-09-30T09:28:41","slug":"bois-fruits-broyeur-broyeur-7l","status":"publish","type":"product","link":"https:\/\/distribucionarc.com\/fr\/producto\/trituradora-molinillo-de-frutas-de-madera-7l\/","title":{"rendered":"Broyeur, broyeur \u00e0 fruits en bois 7L"},"content":{"rendered":"<h3>Broyeur de fruits en bois 7L<\/h3>\n<p>Les pommes, les poires, les coings et les types de fruits apparent\u00e9s sont particuli\u00e8rement id\u00e9aux pour une transformation ult\u00e9rieure. La pulpe relativement ferme est broy\u00e9e par\u00a0<strong>le moulin \u00e0 fruits\u00a0<span style=\"color: #ff0000;\">\u00c0<\/span><span style=\"color: #0000ff;\">R.<\/span>c<\/strong>; La mac\u00e9ration qui en r\u00e9sulte augmente le rendement en jus et permet le pressage des fruits. Les fruits \u00e0 pulpe molle ou molle n&#039;ont pas besoin d&#039;\u00eatre \u00e9cras\u00e9s par le moulin car leurs graines ont tendance \u00e0 amer la saveur du jus.<\/p>\n<p>Vous obtiendrez un jus de bonne qualit\u00e9 si vous utilisez des fruits m\u00fbrs et bons. Les fruits non m\u00fbrs, trop m\u00fbrs, pourris ou cass\u00e9s doivent \u00eatre tri\u00e9s. Avant de transformer le fruit, nettoyez-le soigneusement \u00e0 l&#039;eau potable afin qu&#039;aucune salet\u00e9 ne p\u00e9n\u00e8tre dans la pur\u00e9e.<\/p>\n<p>Avec \u00e7a\u00a0<strong>broyeur de fruits ou de l\u00e9gumes<\/strong>\u00a0<strong><span style=\"color: #ff0000;\">\u00c0<\/span><span style=\"color: #0000ff;\">R.<\/span>CTMMF7 <\/strong>le broyage permet d&#039;obtenir exactement la bonne consistance. L&#039;unit\u00e9 de coupe robuste (alliage d&#039;aluminium) est guid\u00e9e en douceur par un entra\u00eenement manuel. L&#039;entonnoir de broyage ainsi que l&#039;entonnoir de collecte sont en bois robuste pour donner une saveur unique. L&#039;entonnoir a une capacit\u00e9 de 7 litres. Le cadre de base est \u00e9quip\u00e9 de pieds en caoutchouc pour un maintien stable.<\/p>\n<h6><\/h6>\n<h6><strong>Garantie\u00a0<\/strong><span style=\"color: #ff0000;\"><strong>\u00c0<\/strong><\/span><span style=\"color: #0000ff;\"><strong>R.<\/strong><\/span><strong>C 2 ANS<\/strong><\/h6>\n<h6><strong>support technique inclus<\/strong><\/h6>\n<p>&nbsp;<\/p>\n<table width=\"100%\">\n<tbody>\n<tr>\n<td>Gars:<\/td>\n<td width=\"50%\">Manuel<\/td>\n<td colspan=\"2\" width=\"327\"><\/td>\n<\/tr>\n<tr>\n<td>Pays de distribution\u00a0:<\/td>\n<td width=\"50%\">Espagne, Allemagne, \u00c9tats-Unis<\/td>\n<td>Poids:<\/td>\n<td width=\"50%\">5 kg<\/td>\n<\/tr>\n<tr>\n<td>Marque:<\/td>\n<td width=\"50%\">ARC<\/td>\n<td>Hauteur:<\/td>\n<td width=\"50%\">30 cm<\/td>\n<\/tr>\n<tr>\n<td>Couleur:<\/td>\n<td width=\"50%\">Argent<\/td>\n<td>Long:<\/td>\n<td width=\"50%\">\u00a056 cm<\/td>\n<\/tr>\n<tr>\n<td>Type de produit\u00a0:<\/td>\n<td width=\"50%\">presse-fruits, presse-vin<\/td>\n<td>Large:<\/td>\n<td width=\"50%\">23 cm<\/td>\n<\/tr>\n<tr>\n<td>Num\u00e9ro du fabricant :<\/td>\n<td width=\"50%\">ARCTMF7<\/td>\n<td>Taille du panier :<\/td>\n<td width=\"50%\">34x30cm<\/td>\n<\/tr>\n<tr>\n<td>Mat\u00e9riel:<\/td>\n<td width=\"50%\">\u00a0Bois robuste, alliage d&#039;aluminium<\/td>\n<td>\u00c9quipement:<\/td>\n<td width=\"50%\">Manivelle<\/td>\n<\/tr>\n<tr>\n<td>Capacit\u00e9:<\/td>\n<td width=\"50%\">7L<\/td>\n<td>Garantie:<\/td>\n<td width=\"50%\">2 ANS<\/td>\n<\/tr>\n<tr>\n<td>Hauteur du canon :<\/td>\n<td width=\"50%\">18 cm<\/td>\n<td><\/td>\n<td width=\"50%\"><\/td>\n<\/tr>\n<\/tbody>\n<\/table>","protected":false},"excerpt":{"rendered":"<h2>Broyeur de fruits en bois 7L<\/h2>\n<p>La cl\u00e9 pour faire un bon jus, vin, mo\u00fbt, cidre, etc. C&#039;est r\u00e9aliser une pur\u00e9e savoureuse et onctueuse gr\u00e2ce au<strong>\u00a0broyeurs\u00a0<span style=\"color: #ff0000;\">\u00c0<\/span><span style=\"color: #0000ff;\">R.<\/span>c<\/strong>. Pr\u00eat \u00e0 l&#039;emploi imm\u00e9diatement et partout, quelle que soit l&#039;alimentation \u00e9lectrique.<\/p>\n<p>Le grand entonnoir a une capacit\u00e9 de 7 litres pour hacher les fruits. Le robuste\u00a0<strong>hachoir \u00e0 fruits<\/strong> La planche \u00e0 d\u00e9couper est fabriqu\u00e9e en bois robuste pour donner une saveur unique \u00e0 votre produit.<\/p>\n<h6><strong>Garantie\u00a0<\/strong><span style=\"color: #ff0000;\"><strong>\u00c0<\/strong><\/span><span style=\"color: #0000ff;\"><strong>R.<\/strong><\/span><strong>C 2 ANS<\/strong><\/h6>\n<h6><strong>support technique inclus<\/strong><\/h6>","protected":false},"featured_media":2109,"comment_status":"open","ping_status":"closed","template":"","meta":{"wds_primary_product_brand":0,"wds_primary_product_cat":0},"product_brand":[],"product_cat":[30,65,68],"product_tag":[],"class_list":{"0":"post-2108","1":"product","2":"type-product","3":"status-publish","4":"has-post-thumbnail","6":"product_cat-maquinaria-apicola","7":"product_cat-maquinaria-industrial-para-procesar-fruta-verdura-panales","8":"product_cat-trituradoras-picadoras-de-frutas-y-verduras","9":"product_shipping_class-hosteleria","11":"first","12":"instock","13":"sale","14":"taxable","15":"shipping-taxable","16":"purchasable","17":"product-type-simple"},"yoast_head":"<!-- This site is optimized with the Yoast SEO Premium plugin v24.9 (Yoast SEO v26.1) - https:\/\/yoast.com\/wordpress\/plugins\/seo\/ -->\n<title>Trituradora, molinillo de frutas de madera 7L - distribuci\u00f3n ARC<\/title>\n<meta name=\"robots\" content=\"index, follow, max-snippet:-1, max-image-preview:large, max-video-preview:-1\" \/>\n<link rel=\"canonical\" href=\"https:\/\/www.distribucionarc.com\/it\/producto\/trituradora-molinillo-de-frutas-de-madera-7l\/\" \/>\n<meta property=\"og:locale\" content=\"fr_FR\" \/>\n<meta property=\"og:type\" content=\"article\" \/>\n<meta property=\"og:title\" content=\"Trituradora, molinillo de frutas de madera 7L\" \/>\n<meta property=\"og:description\" content=\"Trituradora de frutas de madera 7L La clave para elaborar un buen zumo, jugo, vino, mosto, sidra etc. Es elaborar un sabroso y suave pur\u00e9 gracias a las\u00a0molinillos de\u00a0ARC. Listos para usar de inmediato y en cualquier lugar, independientemente de la energ\u00eda el\u00e9ctrica.  El embudo grande tiene una capacidad de 7 litros, para picar la fruta. La robusta\u00a0picadora de fruta de corte esta fabricada de madera robusta para darle un sabor \u00fanico a tu producto. Garant\u00eda\u00a0ARC 2 A\u00d1OS soporte t\u00e9cnico\u00a0incluido\" \/>\n<meta property=\"og:url\" content=\"https:\/\/www.distribucionarc.com\/it\/producto\/trituradora-molinillo-de-frutas-de-madera-7l\/\" \/>\n<meta property=\"og:site_name\" content=\"distribuci\u00f3n ARC\" \/>\n<meta property=\"article:modified_time\" content=\"2020-09-30T09:28:41+00:00\" \/>\n<meta property=\"og:image\" content=\"https:\/\/www.distribucionarc.com\/wp-content\/uploads\/2020\/08\/Trituradora-molinillo-de-frutas-de-madera-7L-0.jpg\" \/>\n\t<meta property=\"og:image:width\" content=\"1000\" \/>\n\t<meta property=\"og:image:height\" content=\"1000\" \/>\n\t<meta property=\"og:image:type\" content=\"image\/jpeg\" \/>\n<meta name=\"twitter:card\" content=\"summary_large_image\" \/>\n<meta name=\"twitter:label1\" content=\"Dur\u00e9e de lecture estim\u00e9e\" \/>\n\t<meta name=\"twitter:data1\" content=\"1 minute\" \/>\n<script type=\"application\/ld+json\" class=\"yoast-schema-graph\">{\"@context\":\"https:\/\/schema.org\",\"@graph\":[{\"@type\":\"WebPage\",\"@id\":\"https:\/\/www.distribucionarc.com\/it\/producto\/trituradora-molinillo-de-frutas-de-madera-7l\/\",\"url\":\"https:\/\/www.distribucionarc.com\/it\/producto\/trituradora-molinillo-de-frutas-de-madera-7l\/\",\"name\":\"Trituradora, molinillo de frutas de madera 7L - distribuci\u00f3n ARC\",\"isPartOf\":{\"@id\":\"https:\/\/www.distribucionarc.com\/sl\/#website\"},\"primaryImageOfPage\":{\"@id\":\"https:\/\/www.distribucionarc.com\/it\/producto\/trituradora-molinillo-de-frutas-de-madera-7l\/#primaryimage\"},\"image\":{\"@id\":\"https:\/\/www.distribucionarc.com\/it\/producto\/trituradora-molinillo-de-frutas-de-madera-7l\/#primaryimage\"},\"thumbnailUrl\":\"https:\/\/distribucionarc.com\/wp-content\/uploads\/2020\/08\/Trituradora-molinillo-de-frutas-de-madera-7L-0.jpg\",\"datePublished\":\"2020-08-10T10:11:48+00:00\",\"dateModified\":\"2020-09-30T09:28:41+00:00\",\"breadcrumb\":{\"@id\":\"https:\/\/www.distribucionarc.com\/it\/producto\/trituradora-molinillo-de-frutas-de-madera-7l\/#breadcrumb\"},\"inLanguage\":\"fr-FR\",\"potentialAction\":[{\"@type\":\"ReadAction\",\"target\":[\"https:\/\/www.distribucionarc.com\/it\/producto\/trituradora-molinillo-de-frutas-de-madera-7l\/\"]}]},{\"@type\":\"ImageObject\",\"inLanguage\":\"fr-FR\",\"@id\":\"https:\/\/www.distribucionarc.com\/it\/producto\/trituradora-molinillo-de-frutas-de-madera-7l\/#primaryimage\",\"url\":\"https:\/\/distribucionarc.com\/wp-content\/uploads\/2020\/08\/Trituradora-molinillo-de-frutas-de-madera-7L-0.jpg\",\"contentUrl\":\"https:\/\/distribucionarc.com\/wp-content\/uploads\/2020\/08\/Trituradora-molinillo-de-frutas-de-madera-7L-0.jpg\",\"width\":1000,\"height\":1000,\"caption\":\"Trituradora molinillo de frutas de madera 7L\"},{\"@type\":\"BreadcrumbList\",\"@id\":\"https:\/\/www.distribucionarc.com\/it\/producto\/trituradora-molinillo-de-frutas-de-madera-7l\/#breadcrumb\",\"itemListElement\":[{\"@type\":\"ListItem\",\"position\":1,\"name\":\"Portada\",\"item\":\"https:\/\/www.distribucionarc.com\/\"},{\"@type\":\"ListItem\",\"position\":2,\"name\":\"\u00dcr\u00fcnler\",\"item\":\"https:\/\/www.distribucionarc.com\/tr\/magaza\/\"},{\"@type\":\"ListItem\",\"position\":3,\"name\":\"Trituradora, molinillo de frutas de madera 7L\"}]},{\"@type\":\"WebSite\",\"@id\":\"https:\/\/www.distribucionarc.com\/sl\/#website\",\"url\":\"https:\/\/www.distribucionarc.com\/sl\/\",\"name\":\"distribuci\u00f3n ARC\",\"description\":\"Empresa especializada en la fabricaci\u00f3n y distribuci\u00f3n de maquinaria industrial, selladoras de latas, Maquinas de hacer pastillas, Maquinas de cortar carne...\",\"publisher\":{\"@id\":\"https:\/\/www.distribucionarc.com\/sl\/#organization\"},\"potentialAction\":[{\"@type\":\"SearchAction\",\"target\":{\"@type\":\"EntryPoint\",\"urlTemplate\":\"https:\/\/www.distribucionarc.com\/sl\/?s={search_term_string}\"},\"query-input\":{\"@type\":\"PropertyValueSpecification\",\"valueRequired\":true,\"valueName\":\"search_term_string\"}}],\"inLanguage\":\"fr-FR\"},{\"@type\":\"Organization\",\"@id\":\"https:\/\/www.distribucionarc.com\/sl\/#organization\",\"name\":\"Distribuci\u00f3n ARC\",\"url\":\"https:\/\/www.distribucionarc.com\/sl\/\",\"logo\":{\"@type\":\"ImageObject\",\"inLanguage\":\"fr-FR\",\"@id\":\"https:\/\/www.distribucionarc.com\/sl\/#\/schema\/logo\/image\/\",\"url\":\"https:\/\/distribucionarc.com\/wp-content\/uploads\/2024\/10\/distribucion-ARC-COLOR-SIN-FONDO-e1732295305345.png\",\"contentUrl\":\"https:\/\/distribucionarc.com\/wp-content\/uploads\/2024\/10\/distribucion-ARC-COLOR-SIN-FONDO-e1732295305345.png\",\"width\":1164,\"height\":558,\"caption\":\"Distribuci\u00f3n ARC\"},\"image\":{\"@id\":\"https:\/\/www.distribucionarc.com\/sl\/#\/schema\/logo\/image\/\"},\"description\":\"Empresa especializada en la fabricaci\u00f3n y distribuci\u00f3n de maquinaria industrial para los sectores alimentario y farmac\u00e9utico. Nos especializamos en: M\u00e1quinas de cortar carne Fabricaci\u00f3n de comprimidos Sistemas de transporte industrial L\u00edneas de embotellado Dosificadores Y mucho m\u00e1s... Ofrecemos soluciones innovadoras y personalizadas para optimizar los procesos productivos de tu empresa.\",\"email\":\"Admistracion@distribucionarc.com\",\"telephone\":\"+34 643496664\",\"legalName\":\"ARC TECH SOLUTIONS\",\"foundingDate\":\"2024-04-09\",\"vatID\":\"B55480172\",\"numberOfEmployees\":{\"@type\":\"QuantitativeValue\",\"minValue\":\"1\",\"maxValue\":\"10\"}}]}<\/script>\n<!-- \/ Yoast SEO Premium plugin. -->","yoast_head_json":{"title":"Broyeur, broyeur \u00e0 fruits en bois 7L - ARC distribution","robots":{"index":"index","follow":"follow","max-snippet":"max-snippet:-1","max-image-preview":"max-image-preview:large","max-video-preview":"max-video-preview:-1"},"canonical":"https:\/\/www.distribucionarc.com\/it\/producto\/trituradora-molinillo-de-frutas-de-madera-7l\/","og_locale":"fr_FR","og_type":"article","og_title":"Trituradora, molinillo de frutas de madera 7L","og_description":"Trituradora de frutas de madera 7L La clave para elaborar un buen zumo, jugo, vino, mosto, sidra etc. Es elaborar un sabroso y suave pur\u00e9 gracias a las\u00a0molinillos de\u00a0ARC. Listos para usar de inmediato y en cualquier lugar, independientemente de la energ\u00eda el\u00e9ctrica.  El embudo grande tiene una capacidad de 7 litros, para picar la fruta. La robusta\u00a0picadora de fruta de corte esta fabricada de madera robusta para darle un sabor \u00fanico a tu producto. Garant\u00eda\u00a0ARC 2 A\u00d1OS soporte t\u00e9cnico\u00a0incluido","og_url":"https:\/\/www.distribucionarc.com\/it\/producto\/trituradora-molinillo-de-frutas-de-madera-7l\/","og_site_name":"distribuci\u00f3n ARC","article_modified_time":"2020-09-30T09:28:41+00:00","og_image":[{"width":1000,"height":1000,"url":"https:\/\/www.distribucionarc.com\/wp-content\/uploads\/2020\/08\/Trituradora-molinillo-de-frutas-de-madera-7L-0.jpg","type":"image\/jpeg"}],"twitter_card":"summary_large_image","twitter_misc":{"Dur\u00e9e de lecture estim\u00e9e":"1 minute"},"schema":{"@context":"https:\/\/schema.org","@graph":[{"@type":"WebPage","@id":"https:\/\/www.distribucionarc.com\/it\/producto\/trituradora-molinillo-de-frutas-de-madera-7l\/","url":"https:\/\/www.distribucionarc.com\/it\/producto\/trituradora-molinillo-de-frutas-de-madera-7l\/","name":"Broyeur, broyeur \u00e0 fruits en bois 7L - ARC distribution","isPartOf":{"@id":"https:\/\/www.distribucionarc.com\/sl\/#website"},"primaryImageOfPage":{"@id":"https:\/\/www.distribucionarc.com\/it\/producto\/trituradora-molinillo-de-frutas-de-madera-7l\/#primaryimage"},"image":{"@id":"https:\/\/www.distribucionarc.com\/it\/producto\/trituradora-molinillo-de-frutas-de-madera-7l\/#primaryimage"},"thumbnailUrl":"https:\/\/distribucionarc.com\/wp-content\/uploads\/2020\/08\/Trituradora-molinillo-de-frutas-de-madera-7L-0.jpg","datePublished":"2020-08-10T10:11:48+00:00","dateModified":"2020-09-30T09:28:41+00:00","breadcrumb":{"@id":"https:\/\/www.distribucionarc.com\/it\/producto\/trituradora-molinillo-de-frutas-de-madera-7l\/#breadcrumb"},"inLanguage":"fr-FR","potentialAction":[{"@type":"ReadAction","target":["https:\/\/www.distribucionarc.com\/it\/producto\/trituradora-molinillo-de-frutas-de-madera-7l\/"]}]},{"@type":"ImageObject","inLanguage":"fr-FR","@id":"https:\/\/www.distribucionarc.com\/it\/producto\/trituradora-molinillo-de-frutas-de-madera-7l\/#primaryimage","url":"https:\/\/distribucionarc.com\/wp-content\/uploads\/2020\/08\/Trituradora-molinillo-de-frutas-de-madera-7L-0.jpg","contentUrl":"https:\/\/distribucionarc.com\/wp-content\/uploads\/2020\/08\/Trituradora-molinillo-de-frutas-de-madera-7L-0.jpg","width":1000,"height":1000,"caption":"Trituradora molinillo de frutas de madera 7L"},{"@type":"BreadcrumbList","@id":"https:\/\/www.distribucionarc.com\/it\/producto\/trituradora-molinillo-de-frutas-de-madera-7l\/#breadcrumb","itemListElement":[{"@type":"ListItem","position":1,"name":"Portada","item":"https:\/\/www.distribucionarc.com\/"},{"@type":"ListItem","position":2,"name":"\u00dcr\u00fcnler","item":"https:\/\/www.distribucionarc.com\/tr\/magaza\/"},{"@type":"ListItem","position":3,"name":"Trituradora, molinillo de frutas de madera 7L"}]},{"@type":"WebSite","@id":"https:\/\/www.distribucionarc.com\/sl\/#website","url":"https:\/\/www.distribucionarc.com\/sl\/","name":"R\u00e9partition de l&#039;ARC","description":"Entreprise sp\u00e9cialis\u00e9e dans la fabrication et la distribution de machines industrielles, scelleuses de bo\u00eetes, machines \u00e0 comprim\u00e9s, machines \u00e0 d\u00e9couper la viande...","publisher":{"@id":"https:\/\/www.distribucionarc.com\/sl\/#organization"},"potentialAction":[{"@type":"SearchAction","target":{"@type":"EntryPoint","urlTemplate":"https:\/\/www.distribucionarc.com\/sl\/?s={search_term_string}"},"query-input":{"@type":"PropertyValueSpecification","valueRequired":true,"valueName":"search_term_string"}}],"inLanguage":"fr-FR"},{"@type":"Organization","@id":"https:\/\/www.distribucionarc.com\/sl\/#organization","name":"Distribution ARC","url":"https:\/\/www.distribucionarc.com\/sl\/","logo":{"@type":"ImageObject","inLanguage":"fr-FR","@id":"https:\/\/www.distribucionarc.com\/sl\/#\/schema\/logo\/image\/","url":"https:\/\/distribucionarc.com\/wp-content\/uploads\/2024\/10\/distribucion-ARC-COLOR-SIN-FONDO-e1732295305345.png","contentUrl":"https:\/\/distribucionarc.com\/wp-content\/uploads\/2024\/10\/distribucion-ARC-COLOR-SIN-FONDO-e1732295305345.png","width":1164,"height":558,"caption":"Distribuci\u00f3n ARC"},"image":{"@id":"https:\/\/www.distribucionarc.com\/sl\/#\/schema\/logo\/image\/"},"description":"Entreprise sp\u00e9cialis\u00e9e dans la fabrication et la distribution de machines industrielles pour les secteurs alimentaire et pharmaceutique. Nous sommes sp\u00e9cialis\u00e9s dans : Machines \u00e0 couper la viande Fabrication de comprim\u00e9s Syst\u00e8mes de transport industriel Lignes d'embouteillage Machines de dosage Et bien plus encore... Nous proposons des solutions innovantes et personnalis\u00e9es pour optimiser les processus de production de votre entreprise.","email":"Admistracion@distribucionarc.com","telephone":"+34 643496664","legalName":"ARC TECH SOLUTIONS","foundingDate":"2024-04-09","vatID":"B55480172","numberOfEmployees":{"@type":"QuantitativeValue","minValue":"1","maxValue":"10"}}]}},"_links":{"self":[{"href":"https:\/\/distribucionarc.com\/fr\/wp-json\/wp\/v2\/product\/2108","targetHints":{"allow":["GET"]}}],"collection":[{"href":"https:\/\/distribucionarc.com\/fr\/wp-json\/wp\/v2\/product"}],"about":[{"href":"https:\/\/distribucionarc.com\/fr\/wp-json\/wp\/v2\/types\/product"}],"replies":[{"embeddable":true,"href":"https:\/\/distribucionarc.com\/fr\/wp-json\/wp\/v2\/comments?post=2108"}],"version-history":[{"count":0,"href":"https:\/\/distribucionarc.com\/fr\/wp-json\/wp\/v2\/product\/2108\/revisions"}],"wp:featuredmedia":[{"embeddable":true,"href":"https:\/\/distribucionarc.com\/fr\/wp-json\/wp\/v2\/media\/2109"}],"wp:attachment":[{"href":"https:\/\/distribucionarc.com\/fr\/wp-json\/wp\/v2\/media?parent=2108"}],"wp:term":[{"taxonomy":"product_brand","embeddable":true,"href":"https:\/\/distribucionarc.com\/fr\/wp-json\/wp\/v2\/product_brand?post=2108"},{"taxonomy":"product_cat","embeddable":true,"href":"https:\/\/distribucionarc.com\/fr\/wp-json\/wp\/v2\/product_cat?post=2108"},{"taxonomy":"product_tag","embeddable":true,"href":"https:\/\/distribucionarc.com\/fr\/wp-json\/wp\/v2\/product_tag?post=2108"}],"curies":[{"name":"wp","href":"https:\/\/api.w.org\/{rel}","templated":true}]}}