{"id":2117,"date":"2020-08-10T10:30:30","date_gmt":"2020-08-10T10:30:30","guid":{"rendered":"https:\/\/distribucionarc.com\/?post_type=product&#038;p=2117"},"modified":"2020-09-30T09:29:44","modified_gmt":"2020-09-30T09:29:44","slug":"presse-vin-presse-fruits-presse-fruits-30l","status":"publish","type":"product","link":"https:\/\/distribucionarc.com\/fr\/producto\/prensa-de-vino-extractor-de-zumo-exprimidor-de-frutas-30l\/","title":{"rendered":"Pressoir, extracteur de jus, presse-fruits 30L"},"content":{"rendered":"<h3>Pressoir, extracteur de jus, presse-fruits 30 L<\/h3>\n<p>Le pressage avec le\u00a0<strong>presse-fruits\u00a0<span style=\"color: #ff0000;\">\u00c0<\/span><span style=\"color: #0000ff;\">R.<\/span>c<\/strong>\u00a0Ce sera simple et rapide, selon la mac\u00e9ration (fruits tr\u00e8s hach\u00e9s). Chaque type de fruit n\u00e9cessite son propre type de pr\u00e9paration.<\/p>\n<p>La quantit\u00e9 de jus obtenue d\u00e9pend bien entendu de la teneur en eau du fruit et non de l&#039;effort de l&#039;op\u00e9rateur. Si le fruit est bien pr\u00e9par\u00e9, il peut \u00eatre facilement press\u00e9 d\u2019une seule main.<\/p>\n<p>Vous ne pouvez pas presser des fruits entiers, coup\u00e9s en deux ou en quartiers. Les presses \u00e0 vis ne sont pas con\u00e7ues pour cela, il est recommand\u00e9 de bien \u00e9craser les fruits pour de meilleurs r\u00e9sultats.<\/p>\n<p>Le\u00a0<strong>presseur de vin <span style=\"color: #ff0000;\">\u00c0<\/span><span style=\"color: #0000ff;\">R.<\/span>CPEF30<\/strong>\u00a0Il est fabriqu\u00e9 avec un arbre continu en acier \u00e0 fonctionnement manuel et m\u00e9canique, un entonnoir de collecte robuste en acier inoxydable, le\u00a0<strong>baril<\/strong>\u00a0fait de\u00a0<strong>tige de h\u00eatre robuste<\/strong>\u00a0Cela pr\u00e9serve mieux la saveur et lui donnera de la stabilit\u00e9 pendant le processus.<\/p>\n<h6><strong>Garantie\u00a0<\/strong><span style=\"color: #ff0000;\"><strong>\u00c0<\/strong><\/span><span style=\"color: #0000ff;\"><strong>R.<\/strong><\/span><strong>C 2 ANS<\/strong><\/h6>\n<h6><strong>support technique inclus<\/strong><\/h6>\n<p>&nbsp;<\/p>\n<table width=\"100%\">\n<tbody>\n<tr>\n<td>Gars:<\/td>\n<td width=\"50%\">Manuel<\/td>\n<td colspan=\"2\" width=\"327\"><\/td>\n<\/tr>\n<tr>\n<td>Pays de distribution\u00a0:<\/td>\n<td width=\"50%\">Espagne, Allemagne, \u00c9tats-Unis<\/td>\n<td>Poids:<\/td>\n<td width=\"50%\">13 kg<\/td>\n<\/tr>\n<tr>\n<td>Marque:<\/td>\n<td width=\"50%\">ARC<\/td>\n<td>Hauteur:<\/td>\n<td width=\"50%\">62 cm<\/td>\n<\/tr>\n<tr>\n<td>Couleur:<\/td>\n<td width=\"50%\">Argent<\/td>\n<td>Long:<\/td>\n<td width=\"50%\">\u00a037 cm<\/td>\n<\/tr>\n<tr>\n<td>Type de produit\u00a0:<\/td>\n<td width=\"50%\">presse-fruits, presse-vin<\/td>\n<td>Large:<\/td>\n<td width=\"50%\">37 cm<\/td>\n<\/tr>\n<tr>\n<td>Num\u00e9ro du fabricant :<\/td>\n<td width=\"50%\">ARCPEF30<\/td>\n<td>Production:<\/td>\n<td width=\"50%\">30L<\/td>\n<\/tr>\n<tr>\n<td>Mat\u00e9riel:<\/td>\n<td width=\"50%\">bois de h\u00eatre, acier inoxydable alimentaire, acier<\/td>\n<td>Taille du panier :<\/td>\n<td width=\"50%\">29x29cm<\/td>\n<\/tr>\n<tr>\n<td>Dimensions du canon :<\/td>\n<td width=\"50%\">37 cm de diam\u00e8tre<\/td>\n<td>\u00c9quipement:<\/td>\n<td width=\"50%\">Toile de presse incluse<\/td>\n<\/tr>\n<tr>\n<td>Hauteur du canon :<\/td>\n<td width=\"50%\">62 cm<\/td>\n<td>Garantie:<\/td>\n<td width=\"50%\">2 ANS<\/td>\n<\/tr>\n<\/tbody>\n<\/table>","protected":false},"excerpt":{"rendered":"<h2>Pressoir, extracteur de jus, presse-fruits 30 L<\/h2>\n<p>Il<strong>\u00a0extracteur de baies\u00a0<span style=\"color: #ff0000;\">\u00c0<\/span><span style=\"color: #0000ff;\">R.<\/span>c<\/strong>\u00a0Il est robuste avec un\u00a0<strong>rendement \u00e9lev\u00e9 en jus<\/strong>; Il exerce une pression \u00e9lev\u00e9e en raison de la construction de la tige m\u00e9tallique. Contrairement aux presses d&#039;autres fournisseurs, le barillet de presse est\u00a0<strong>en bois de h\u00eatre robuste\u00a0<\/strong>pour<strong>\u00a0mieux pr\u00e9server la saveur<\/strong>. Le<strong>\u00a0capacit\u00e9\u00a0<\/strong>Le maximum du panier est<strong> 30 litres.<br \/>\n<\/strong><\/p>\n<h6><strong>Garantie\u00a0<\/strong><span style=\"color: #ff0000;\"><strong>\u00c0<\/strong><\/span><span style=\"color: #0000ff;\"><strong>R.<\/strong><\/span><strong>C 2 ANS<\/strong><\/h6>\n<h6><strong>support technique inclus<\/strong><\/h6>","protected":false},"featured_media":2119,"comment_status":"open","ping_status":"closed","template":"","meta":{"wds_primary_product_brand":0,"wds_primary_product_cat":0},"product_brand":[],"product_cat":[30,65,67],"product_tag":[],"class_list":{"0":"post-2117","1":"product","2":"type-product","3":"status-publish","4":"has-post-thumbnail","6":"product_cat-maquinaria-apicola","7":"product_cat-maquinaria-industrial-para-procesar-fruta-verdura-panales","8":"product_cat-prensas-de-frutas-trituradoras","9":"product_shipping_class-hosteleria","11":"first","12":"instock","13":"sale","14":"taxable","15":"shipping-taxable","16":"purchasable","17":"product-type-simple"},"yoast_head":"<!-- This site is optimized with the Yoast SEO Premium plugin v24.9 (Yoast SEO v26.1) - https:\/\/yoast.com\/wordpress\/plugins\/seo\/ -->\n<title>Prensa de vino, extractor de zumo, exprimidor de frutas 30L - distribuci\u00f3n ARC<\/title>\n<meta name=\"robots\" content=\"index, follow, max-snippet:-1, max-image-preview:large, max-video-preview:-1\" \/>\n<link rel=\"canonical\" href=\"https:\/\/distribucionarc.com\/fr\/produit\/presse-vin-presse-fruits-presse-fruits-30l\/\" \/>\n<meta property=\"og:locale\" content=\"fr_FR\" \/>\n<meta property=\"og:type\" content=\"article\" \/>\n<meta property=\"og:title\" content=\"Prensa de vino, extractor de zumo, exprimidor de frutas 30L\" \/>\n<meta property=\"og:description\" content=\"Prensa de vino, extractor de zumo, exprimidor de frutas 30 L El\u00a0extractor de bayas\u00a0ARC\u00a0es robusto con un\u00a0alto rendimiento de zumo; ejerce una alta presi\u00f3n debido a la construcci\u00f3n del eje de metal.\u00a0A diferencia de las prensas de otros proveedores, el\u00a0barril de\u00a0la\u00a0prensa est\u00e1\u00a0hecho de madera de haya robusta\u00a0para\u00a0conservar mejor el sabor. La\u00a0capacidad\u00a0m\u00e1xima\u00a0de la cesta es de 30 litros.  Garant\u00eda\u00a0ARC 2 A\u00d1OS soporte t\u00e9cnico\u00a0incluido\" \/>\n<meta property=\"og:url\" content=\"https:\/\/distribucionarc.com\/fr\/produit\/presse-vin-presse-fruits-presse-fruits-30l\/\" \/>\n<meta property=\"og:site_name\" content=\"distribuci\u00f3n ARC\" \/>\n<meta property=\"article:modified_time\" content=\"2020-09-30T09:29:44+00:00\" \/>\n<meta property=\"og:image\" content=\"https:\/\/distribucionarc.com\/wp-content\/uploads\/2020\/08\/Prensa-de-vino-extractor-de-zumo-exprimidor-de-frutas-30L-0.jpg\" \/>\n\t<meta property=\"og:image:width\" content=\"1000\" \/>\n\t<meta property=\"og:image:height\" content=\"1000\" \/>\n\t<meta property=\"og:image:type\" content=\"image\/jpeg\" \/>\n<meta name=\"twitter:card\" content=\"summary_large_image\" \/>\n<meta name=\"twitter:label1\" content=\"Dur\u00e9e de lecture estim\u00e9e\" \/>\n\t<meta name=\"twitter:data1\" content=\"1 minute\" \/>\n<script type=\"application\/ld+json\" class=\"yoast-schema-graph\">{\"@context\":\"https:\/\/schema.org\",\"@graph\":[{\"@type\":\"WebPage\",\"@id\":\"https:\/\/distribucionarc.com\/producto\/prensa-de-vino-extractor-de-zumo-exprimidor-de-frutas-30l\/\",\"url\":\"https:\/\/distribucionarc.com\/producto\/prensa-de-vino-extractor-de-zumo-exprimidor-de-frutas-30l\/\",\"name\":\"Prensa de vino, extractor de zumo, exprimidor de frutas 30L - distribuci\u00f3n ARC\",\"isPartOf\":{\"@id\":\"https:\/\/www.distribucionarc.com\/de\/#website\"},\"primaryImageOfPage\":{\"@id\":\"https:\/\/distribucionarc.com\/producto\/prensa-de-vino-extractor-de-zumo-exprimidor-de-frutas-30l\/#primaryimage\"},\"image\":{\"@id\":\"https:\/\/distribucionarc.com\/producto\/prensa-de-vino-extractor-de-zumo-exprimidor-de-frutas-30l\/#primaryimage\"},\"thumbnailUrl\":\"https:\/\/distribucionarc.com\/wp-content\/uploads\/2020\/08\/Prensa-de-vino-extractor-de-zumo-exprimidor-de-frutas-30L-0.jpg\",\"datePublished\":\"2020-08-10T10:30:30+00:00\",\"dateModified\":\"2020-09-30T09:29:44+00:00\",\"breadcrumb\":{\"@id\":\"https:\/\/distribucionarc.com\/producto\/prensa-de-vino-extractor-de-zumo-exprimidor-de-frutas-30l\/#breadcrumb\"},\"inLanguage\":\"fr-FR\",\"potentialAction\":[{\"@type\":\"ReadAction\",\"target\":[\"https:\/\/distribucionarc.com\/producto\/prensa-de-vino-extractor-de-zumo-exprimidor-de-frutas-30l\/\"]}]},{\"@type\":\"ImageObject\",\"inLanguage\":\"fr-FR\",\"@id\":\"https:\/\/distribucionarc.com\/producto\/prensa-de-vino-extractor-de-zumo-exprimidor-de-frutas-30l\/#primaryimage\",\"url\":\"https:\/\/distribucionarc.com\/wp-content\/uploads\/2020\/08\/Prensa-de-vino-extractor-de-zumo-exprimidor-de-frutas-30L-0.jpg\",\"contentUrl\":\"https:\/\/distribucionarc.com\/wp-content\/uploads\/2020\/08\/Prensa-de-vino-extractor-de-zumo-exprimidor-de-frutas-30L-0.jpg\",\"width\":1000,\"height\":1000,\"caption\":\"Prensa de vino extractor de zumo exprimidor de frutas 30L\"},{\"@type\":\"BreadcrumbList\",\"@id\":\"https:\/\/distribucionarc.com\/producto\/prensa-de-vino-extractor-de-zumo-exprimidor-de-frutas-30l\/#breadcrumb\",\"itemListElement\":[{\"@type\":\"ListItem\",\"position\":1,\"name\":\"Portada\",\"item\":\"https:\/\/www.distribucionarc.com\/en\/\"},{\"@type\":\"ListItem\",\"position\":2,\"name\":\"Products\",\"item\":\"https:\/\/www.distribucionarc.com\/en\/shop\/\"},{\"@type\":\"ListItem\",\"position\":3,\"name\":\"Prensa de vino, extractor de zumo, exprimidor de frutas 30L\"}]},{\"@type\":\"WebSite\",\"@id\":\"https:\/\/www.distribucionarc.com\/de\/#website\",\"url\":\"https:\/\/www.distribucionarc.com\/de\/\",\"name\":\"distribuci\u00f3n ARC\",\"description\":\"Empresa especializada en la fabricaci\u00f3n y distribuci\u00f3n de maquinaria industrial, selladoras de latas, Maquinas de hacer pastillas, Maquinas de cortar carne...\",\"publisher\":{\"@id\":\"https:\/\/www.distribucionarc.com\/de\/#organization\"},\"potentialAction\":[{\"@type\":\"SearchAction\",\"target\":{\"@type\":\"EntryPoint\",\"urlTemplate\":\"https:\/\/www.distribucionarc.com\/de\/?s={search_term_string}\"},\"query-input\":{\"@type\":\"PropertyValueSpecification\",\"valueRequired\":true,\"valueName\":\"search_term_string\"}}],\"inLanguage\":\"fr-FR\"},{\"@type\":\"Organization\",\"@id\":\"https:\/\/www.distribucionarc.com\/de\/#organization\",\"name\":\"Distribuci\u00f3n ARC\",\"url\":\"https:\/\/www.distribucionarc.com\/de\/\",\"logo\":{\"@type\":\"ImageObject\",\"inLanguage\":\"fr-FR\",\"@id\":\"https:\/\/www.distribucionarc.com\/de\/#\/schema\/logo\/image\/\",\"url\":\"https:\/\/distribucionarc.com\/wp-content\/uploads\/2024\/10\/distribucion-ARC-COLOR-SIN-FONDO-e1732295305345.png\",\"contentUrl\":\"https:\/\/distribucionarc.com\/wp-content\/uploads\/2024\/10\/distribucion-ARC-COLOR-SIN-FONDO-e1732295305345.png\",\"width\":1164,\"height\":558,\"caption\":\"Distribuci\u00f3n ARC\"},\"image\":{\"@id\":\"https:\/\/www.distribucionarc.com\/de\/#\/schema\/logo\/image\/\"},\"description\":\"Empresa especializada en la fabricaci\u00f3n y distribuci\u00f3n de maquinaria industrial para los sectores alimentario y farmac\u00e9utico. Nos especializamos en: M\u00e1quinas de cortar carne Fabricaci\u00f3n de comprimidos Sistemas de transporte industrial L\u00edneas de embotellado Dosificadores Y mucho m\u00e1s... Ofrecemos soluciones innovadoras y personalizadas para optimizar los procesos productivos de tu empresa.\",\"email\":\"Admistracion@distribucionarc.com\",\"telephone\":\"+34 643496664\",\"legalName\":\"ARC TECH SOLUTIONS\",\"foundingDate\":\"2024-04-09\",\"vatID\":\"B55480172\",\"numberOfEmployees\":{\"@type\":\"QuantitativeValue\",\"minValue\":\"1\",\"maxValue\":\"10\"}}]}<\/script>\n<!-- \/ Yoast SEO Premium plugin. -->","yoast_head_json":{"title":"Pressoir, extracteur de jus, presse-fruits 30L - ARC distribution","robots":{"index":"index","follow":"follow","max-snippet":"max-snippet:-1","max-image-preview":"max-image-preview:large","max-video-preview":"max-video-preview:-1"},"canonical":"https:\/\/distribucionarc.com\/fr\/produit\/presse-vin-presse-fruits-presse-fruits-30l\/","og_locale":"fr_FR","og_type":"article","og_title":"Prensa de vino, extractor de zumo, exprimidor de frutas 30L","og_description":"Prensa de vino, extractor de zumo, exprimidor de frutas 30 L El\u00a0extractor de bayas\u00a0ARC\u00a0es robusto con un\u00a0alto rendimiento de zumo; ejerce una alta presi\u00f3n debido a la construcci\u00f3n del eje de metal.\u00a0A diferencia de las prensas de otros proveedores, el\u00a0barril de\u00a0la\u00a0prensa est\u00e1\u00a0hecho de madera de haya robusta\u00a0para\u00a0conservar mejor el sabor. La\u00a0capacidad\u00a0m\u00e1xima\u00a0de la cesta es de 30 litros.  Garant\u00eda\u00a0ARC 2 A\u00d1OS soporte t\u00e9cnico\u00a0incluido","og_url":"https:\/\/distribucionarc.com\/fr\/produit\/presse-vin-presse-fruits-presse-fruits-30l\/","og_site_name":"distribuci\u00f3n ARC","article_modified_time":"2020-09-30T09:29:44+00:00","og_image":[{"width":1000,"height":1000,"url":"https:\/\/distribucionarc.com\/wp-content\/uploads\/2020\/08\/Prensa-de-vino-extractor-de-zumo-exprimidor-de-frutas-30L-0.jpg","type":"image\/jpeg"}],"twitter_card":"summary_large_image","twitter_misc":{"Dur\u00e9e de lecture estim\u00e9e":"1 minute"},"schema":{"@context":"https:\/\/schema.org","@graph":[{"@type":"WebPage","@id":"https:\/\/distribucionarc.com\/producto\/prensa-de-vino-extractor-de-zumo-exprimidor-de-frutas-30l\/","url":"https:\/\/distribucionarc.com\/producto\/prensa-de-vino-extractor-de-zumo-exprimidor-de-frutas-30l\/","name":"Pressoir, extracteur de jus, presse-fruits 30L - ARC distribution","isPartOf":{"@id":"https:\/\/www.distribucionarc.com\/de\/#website"},"primaryImageOfPage":{"@id":"https:\/\/distribucionarc.com\/producto\/prensa-de-vino-extractor-de-zumo-exprimidor-de-frutas-30l\/#primaryimage"},"image":{"@id":"https:\/\/distribucionarc.com\/producto\/prensa-de-vino-extractor-de-zumo-exprimidor-de-frutas-30l\/#primaryimage"},"thumbnailUrl":"https:\/\/distribucionarc.com\/wp-content\/uploads\/2020\/08\/Prensa-de-vino-extractor-de-zumo-exprimidor-de-frutas-30L-0.jpg","datePublished":"2020-08-10T10:30:30+00:00","dateModified":"2020-09-30T09:29:44+00:00","breadcrumb":{"@id":"https:\/\/distribucionarc.com\/producto\/prensa-de-vino-extractor-de-zumo-exprimidor-de-frutas-30l\/#breadcrumb"},"inLanguage":"fr-FR","potentialAction":[{"@type":"ReadAction","target":["https:\/\/distribucionarc.com\/producto\/prensa-de-vino-extractor-de-zumo-exprimidor-de-frutas-30l\/"]}]},{"@type":"ImageObject","inLanguage":"fr-FR","@id":"https:\/\/distribucionarc.com\/producto\/prensa-de-vino-extractor-de-zumo-exprimidor-de-frutas-30l\/#primaryimage","url":"https:\/\/distribucionarc.com\/wp-content\/uploads\/2020\/08\/Prensa-de-vino-extractor-de-zumo-exprimidor-de-frutas-30L-0.jpg","contentUrl":"https:\/\/distribucionarc.com\/wp-content\/uploads\/2020\/08\/Prensa-de-vino-extractor-de-zumo-exprimidor-de-frutas-30L-0.jpg","width":1000,"height":1000,"caption":"Prensa de vino extractor de zumo exprimidor de frutas 30L"},{"@type":"BreadcrumbList","@id":"https:\/\/distribucionarc.com\/producto\/prensa-de-vino-extractor-de-zumo-exprimidor-de-frutas-30l\/#breadcrumb","itemListElement":[{"@type":"ListItem","position":1,"name":"Portada","item":"https:\/\/www.distribucionarc.com\/en\/"},{"@type":"ListItem","position":2,"name":"Products","item":"https:\/\/www.distribucionarc.com\/en\/shop\/"},{"@type":"ListItem","position":3,"name":"Prensa de vino, extractor de zumo, exprimidor de frutas 30L"}]},{"@type":"WebSite","@id":"https:\/\/www.distribucionarc.com\/de\/#website","url":"https:\/\/www.distribucionarc.com\/de\/","name":"R\u00e9partition de l&#039;ARC","description":"Entreprise sp\u00e9cialis\u00e9e dans la fabrication et la distribution de machines industrielles, scelleuses de bo\u00eetes, machines \u00e0 comprim\u00e9s, machines \u00e0 d\u00e9couper la viande...","publisher":{"@id":"https:\/\/www.distribucionarc.com\/de\/#organization"},"potentialAction":[{"@type":"SearchAction","target":{"@type":"EntryPoint","urlTemplate":"https:\/\/www.distribucionarc.com\/de\/?s={search_term_string}"},"query-input":{"@type":"PropertyValueSpecification","valueRequired":true,"valueName":"search_term_string"}}],"inLanguage":"fr-FR"},{"@type":"Organization","@id":"https:\/\/www.distribucionarc.com\/de\/#organization","name":"Distribution ARC","url":"https:\/\/www.distribucionarc.com\/de\/","logo":{"@type":"ImageObject","inLanguage":"fr-FR","@id":"https:\/\/www.distribucionarc.com\/de\/#\/schema\/logo\/image\/","url":"https:\/\/distribucionarc.com\/wp-content\/uploads\/2024\/10\/distribucion-ARC-COLOR-SIN-FONDO-e1732295305345.png","contentUrl":"https:\/\/distribucionarc.com\/wp-content\/uploads\/2024\/10\/distribucion-ARC-COLOR-SIN-FONDO-e1732295305345.png","width":1164,"height":558,"caption":"Distribuci\u00f3n ARC"},"image":{"@id":"https:\/\/www.distribucionarc.com\/de\/#\/schema\/logo\/image\/"},"description":"Entreprise sp\u00e9cialis\u00e9e dans la fabrication et la distribution de machines industrielles pour les secteurs alimentaire et pharmaceutique. Nous sommes sp\u00e9cialis\u00e9s dans : Machines \u00e0 couper la viande Fabrication de comprim\u00e9s Syst\u00e8mes de transport industriel Lignes d'embouteillage Machines de dosage Et bien plus encore... Nous proposons des solutions innovantes et personnalis\u00e9es pour optimiser les processus de production de votre entreprise.","email":"Admistracion@distribucionarc.com","telephone":"+34 643496664","legalName":"ARC TECH SOLUTIONS","foundingDate":"2024-04-09","vatID":"B55480172","numberOfEmployees":{"@type":"QuantitativeValue","minValue":"1","maxValue":"10"}}]}},"_links":{"self":[{"href":"https:\/\/distribucionarc.com\/fr\/wp-json\/wp\/v2\/product\/2117","targetHints":{"allow":["GET"]}}],"collection":[{"href":"https:\/\/distribucionarc.com\/fr\/wp-json\/wp\/v2\/product"}],"about":[{"href":"https:\/\/distribucionarc.com\/fr\/wp-json\/wp\/v2\/types\/product"}],"replies":[{"embeddable":true,"href":"https:\/\/distribucionarc.com\/fr\/wp-json\/wp\/v2\/comments?post=2117"}],"version-history":[{"count":0,"href":"https:\/\/distribucionarc.com\/fr\/wp-json\/wp\/v2\/product\/2117\/revisions"}],"wp:featuredmedia":[{"embeddable":true,"href":"https:\/\/distribucionarc.com\/fr\/wp-json\/wp\/v2\/media\/2119"}],"wp:attachment":[{"href":"https:\/\/distribucionarc.com\/fr\/wp-json\/wp\/v2\/media?parent=2117"}],"wp:term":[{"taxonomy":"product_brand","embeddable":true,"href":"https:\/\/distribucionarc.com\/fr\/wp-json\/wp\/v2\/product_brand?post=2117"},{"taxonomy":"product_cat","embeddable":true,"href":"https:\/\/distribucionarc.com\/fr\/wp-json\/wp\/v2\/product_cat?post=2117"},{"taxonomy":"product_tag","embeddable":true,"href":"https:\/\/distribucionarc.com\/fr\/wp-json\/wp\/v2\/product_tag?post=2117"}],"curies":[{"name":"wp","href":"https:\/\/api.w.org\/{rel}","templated":true}]}}