{"id":2159,"date":"2020-08-10T15:42:45","date_gmt":"2020-08-10T15:42:45","guid":{"rendered":"https:\/\/distribucionarc.com\/?post_type=product&#038;p=2159"},"modified":"2020-09-30T09:53:30","modified_gmt":"2020-09-30T09:53:30","slug":"presse-a-vis-extracteur-de-jus-mini-presse-fruits-inox-3l","status":"publish","type":"product","link":"https:\/\/distribucionarc.com\/fr\/producto\/prensa-de-tornillo-extractor-de-zumo-mini-exprimidor-de-frutas-acero-inox-3l\/","title":{"rendered":"Presse \u00e0 vis, extracteur de jus, mini presse-fruits en inox 3L"},"content":{"rendered":"<h3>Presse \u00e0 vis, extracteur de jus, mini presse-fruits en inox 3L<\/h3>\n<p>Le pressage avec le\u00a0<strong>presse-fruits\u00a0<span style=\"color: #ff0000;\">\u00c0<\/span><span style=\"color: #0000ff;\">R.<\/span>c<\/strong>\u00a0Ce sera simple et rapide, selon la mac\u00e9ration (fruits tr\u00e8s hach\u00e9s). Chaque type de fruit n\u00e9cessite son propre type de pr\u00e9paration.<\/p>\n<p>La quantit\u00e9 de jus obtenue d\u00e9pend bien entendu de la teneur en eau du fruit et non de l&#039;effort de l&#039;op\u00e9rateur. Si le fruit est bien pr\u00e9par\u00e9, il peut \u00eatre facilement press\u00e9 d\u2019une seule main. Les fruits entiers, coup\u00e9s en deux ou en quartiers ne peuvent pas \u00eatre press\u00e9s. Le\u00a0<strong>presses \u00e0 vis<\/strong>\u00a0Ils ne sont pas con\u00e7us pour cela, il est recommand\u00e9 de bien \u00e9craser les fruits pour de meilleurs r\u00e9sultats.<\/p>\n<p>Le\u00a0<strong>presseur de vin <span style=\"color: #ff0000;\">\u00c0<\/span><span style=\"color: #0000ff;\">R.<\/span>CPEFA3.1<\/strong>\u00a0 Il poss\u00e8de un arbre rotatif avec un m\u00e9canisme d\u2019impression rotatif. Ce\u00a0<strong>la vis permet un pressage facile du fruit<\/strong>, Entonnoir de collecte robuste en acier inoxydable, La double corbeille \u00e0 fruits est en acier inoxydable, la plaque de pression et le bac collecteur sont \u00e9galement recouverts d&#039;un rev\u00eatement de qualit\u00e9 alimentaire. Tous les accessoires peuvent \u00eatre facilement d\u00e9mont\u00e9s et nettoy\u00e9s<\/p>\n<h6><strong>Garantie\u00a0<\/strong><span style=\"color: #ff0000;\"><strong>\u00c0<\/strong><\/span><span style=\"color: #0000ff;\"><strong>R.<\/strong><\/span><strong>C 2 ANS<\/strong><\/h6>\n<h6><strong>support technique inclus<\/strong><\/h6>\n<p>&nbsp;<\/p>\n<table width=\"100%\">\n<tbody>\n<tr>\n<td>Gars:<\/td>\n<td width=\"50%\">Manuel<\/td>\n<td colspan=\"2\" width=\"327\"><\/td>\n<\/tr>\n<tr>\n<td>Pays de distribution\u00a0:<\/td>\n<td width=\"50%\">Espagne, Allemagne, \u00c9tats-Unis<\/td>\n<td>Poids:<\/td>\n<td width=\"50%\">4kg<\/td>\n<\/tr>\n<tr>\n<td>Marque:<\/td>\n<td width=\"50%\">ARC<\/td>\n<td>Hauteur:<\/td>\n<td width=\"50%\">37 cm<\/td>\n<\/tr>\n<tr>\n<td>Couleur:<\/td>\n<td width=\"50%\">Argent<\/td>\n<td>Long:<\/td>\n<td width=\"50%\">\u00a032 cm<\/td>\n<\/tr>\n<tr>\n<td>Type de produit\u00a0:<\/td>\n<td width=\"50%\">presse-fruits, presse-vin<\/td>\n<td>Large:<\/td>\n<td width=\"50%\">30 cm<\/td>\n<\/tr>\n<tr>\n<td>Num\u00e9ro du fabricant :<\/td>\n<td width=\"50%\">ARCPEFA5<\/td>\n<td>Capacit\u00e9:<\/td>\n<td width=\"50%\">2,5L<\/td>\n<\/tr>\n<tr>\n<td>Mat\u00e9riel:<\/td>\n<td width=\"50%\">\u00a0acier inoxydable de qualit\u00e9 alimentaire<\/td>\n<td>Taille du panier :<\/td>\n<td width=\"50%\">18x13cm<\/td>\n<\/tr>\n<tr>\n<td>Dimensions du canon :<\/td>\n<td width=\"50%\">16,5 cm de diam\u00e8tre<\/td>\n<td>\u00c9quipement:<\/td>\n<td width=\"50%\">Toile de presse incluse<\/td>\n<\/tr>\n<tr>\n<td>Hauteur du canon :<\/td>\n<td width=\"50%\">12,5 cm<\/td>\n<td>Garantie:<\/td>\n<td width=\"50%\">2 ANS<\/td>\n<\/tr>\n<\/tbody>\n<\/table>","protected":false},"excerpt":{"rendered":"<h2>Presse \u00e0 vis, extracteur de jus, mini presse-fruits en inox 3L<\/h2>\n<p>Il<strong>\u00a0extracteur de baies\u00a0<span style=\"color: #ff0000;\">\u00c0<\/span><span style=\"color: #0000ff;\">R.<\/span>c<\/strong>\u00a0Il est robuste avec un\u00a0<strong>rendement \u00e9lev\u00e9 en jus<\/strong>; Il exerce une pression \u00e9lev\u00e9e gr\u00e2ce \u00e0 la construction \u00e0 vis rotative. La pratique\u00a0<strong>presse-agrumes\u00a0<\/strong><b><strong>F<\/strong>itin\u00e9raires<\/b>\u00a0peut \u00eatre assembl\u00e9 rapidement. La corbeille \u00e0 fruits double est en acier inoxydable. Pr\u00eat \u00e0 l&#039;emploi imm\u00e9diatement et partout, quelle que soit l&#039;alimentation \u00e9lectrique.<\/p>\n<h6><strong>Garantie\u00a0<\/strong><span style=\"color: #ff0000;\"><strong>\u00c0<\/strong><\/span><span style=\"color: #0000ff;\"><strong>R.<\/strong><\/span><strong>C 2 ANS<\/strong><\/h6>\n<h6><strong>support technique inclus<\/strong><\/h6>","protected":false},"featured_media":2164,"comment_status":"open","ping_status":"closed","template":"","meta":{"wds_primary_product_brand":0,"wds_primary_product_cat":0},"product_brand":[],"product_cat":[30,65,67],"product_tag":[],"class_list":{"0":"post-2159","1":"product","2":"type-product","3":"status-publish","4":"has-post-thumbnail","6":"product_cat-maquinaria-apicola","7":"product_cat-maquinaria-industrial-para-procesar-fruta-verdura-panales","8":"product_cat-prensas-de-frutas-trituradoras","9":"product_shipping_class-hosteleria","11":"first","12":"instock","13":"sale","14":"taxable","15":"shipping-taxable","16":"purchasable","17":"product-type-simple"},"yoast_head":"<!-- This site is optimized with the Yoast SEO Premium plugin v24.9 (Yoast SEO v26.1) - https:\/\/yoast.com\/wordpress\/plugins\/seo\/ -->\n<title>Prensa de tornillo, extractor de zumo,\u00a0 mini exprimidor de frutas acero inox 3L - distribuci\u00f3n ARC<\/title>\n<meta name=\"robots\" content=\"index, follow, max-snippet:-1, max-image-preview:large, max-video-preview:-1\" \/>\n<link rel=\"canonical\" href=\"https:\/\/distribucionarc.com\/fr\/produit\/presse-a-vis-extracteur-de-jus-mini-presse-fruits-inox-3l\/\" \/>\n<meta property=\"og:locale\" content=\"fr_FR\" \/>\n<meta property=\"og:type\" content=\"article\" \/>\n<meta property=\"og:title\" content=\"Prensa de tornillo, extractor de zumo,\u00a0 mini exprimidor de frutas acero inox 3L\" \/>\n<meta property=\"og:description\" content=\"Prensa de tornillo, extractor de zumo,\u00a0 mini exprimidor de frutas acero inox 3L El\u00a0extractor de bayas\u00a0ARC\u00a0es robusto con un\u00a0alto rendimiento de zumo; ejerce una alta presi\u00f3n debido a la construcci\u00f3n del tornillo giratorio. El pr\u00e1ctico\u00a0exprimidor de\u00a0frutas\u00a0se puede montar r\u00e1pidamente.\u00a0La cesta de fruta doble est\u00e1 fabricada en acero inoxidable. Listos para usar de inmediato y en cualquier lugar, independientemente de la energ\u00eda el\u00e9ctrica. Garant\u00eda\u00a0ARC 2 A\u00d1OS soporte t\u00e9cnico\u00a0incluido\" \/>\n<meta property=\"og:url\" content=\"https:\/\/distribucionarc.com\/fr\/produit\/presse-a-vis-extracteur-de-jus-mini-presse-fruits-inox-3l\/\" \/>\n<meta property=\"og:site_name\" content=\"distribuci\u00f3n ARC\" \/>\n<meta property=\"article:modified_time\" content=\"2020-09-30T09:53:30+00:00\" \/>\n<meta property=\"og:image\" content=\"https:\/\/distribucionarc.com\/wp-content\/uploads\/2020\/08\/Prensa-de-tornillo-extractor-de-zumo-mini-exprimidor-de-frutas-acero-inox-3L-0.jpg\" \/>\n\t<meta property=\"og:image:width\" content=\"1000\" \/>\n\t<meta property=\"og:image:height\" content=\"1000\" \/>\n\t<meta property=\"og:image:type\" content=\"image\/jpeg\" \/>\n<meta name=\"twitter:card\" content=\"summary_large_image\" \/>\n<meta name=\"twitter:label1\" content=\"Dur\u00e9e de lecture estim\u00e9e\" \/>\n\t<meta name=\"twitter:data1\" content=\"1 minute\" \/>\n<script type=\"application\/ld+json\" class=\"yoast-schema-graph\">{\"@context\":\"https:\/\/schema.org\",\"@graph\":[{\"@type\":\"WebPage\",\"@id\":\"https:\/\/distribucionarc.com\/pl\/producto\/prensa-de-tornillo-extractor-de-zumo-mini-exprimidor-de-frutas-acero-inox-3l\/\",\"url\":\"https:\/\/distribucionarc.com\/pl\/producto\/prensa-de-tornillo-extractor-de-zumo-mini-exprimidor-de-frutas-acero-inox-3l\/\",\"name\":\"Prensa de tornillo, extractor de zumo,\u00a0 mini exprimidor de frutas acero inox 3L - distribuci\u00f3n ARC\",\"isPartOf\":{\"@id\":\"https:\/\/distribucionarc.com\/de\/#website\"},\"primaryImageOfPage\":{\"@id\":\"https:\/\/distribucionarc.com\/pl\/producto\/prensa-de-tornillo-extractor-de-zumo-mini-exprimidor-de-frutas-acero-inox-3l\/#primaryimage\"},\"image\":{\"@id\":\"https:\/\/distribucionarc.com\/pl\/producto\/prensa-de-tornillo-extractor-de-zumo-mini-exprimidor-de-frutas-acero-inox-3l\/#primaryimage\"},\"thumbnailUrl\":\"https:\/\/distribucionarc.com\/wp-content\/uploads\/2020\/08\/Prensa-de-tornillo-extractor-de-zumo-mini-exprimidor-de-frutas-acero-inox-3L-0.jpg\",\"datePublished\":\"2020-08-10T15:42:45+00:00\",\"dateModified\":\"2020-09-30T09:53:30+00:00\",\"breadcrumb\":{\"@id\":\"https:\/\/distribucionarc.com\/pl\/producto\/prensa-de-tornillo-extractor-de-zumo-mini-exprimidor-de-frutas-acero-inox-3l\/#breadcrumb\"},\"inLanguage\":\"fr-FR\",\"potentialAction\":[{\"@type\":\"ReadAction\",\"target\":[\"https:\/\/distribucionarc.com\/pl\/producto\/prensa-de-tornillo-extractor-de-zumo-mini-exprimidor-de-frutas-acero-inox-3l\/\"]}]},{\"@type\":\"ImageObject\",\"inLanguage\":\"fr-FR\",\"@id\":\"https:\/\/distribucionarc.com\/pl\/producto\/prensa-de-tornillo-extractor-de-zumo-mini-exprimidor-de-frutas-acero-inox-3l\/#primaryimage\",\"url\":\"https:\/\/distribucionarc.com\/wp-content\/uploads\/2020\/08\/Prensa-de-tornillo-extractor-de-zumo-mini-exprimidor-de-frutas-acero-inox-3L-0.jpg\",\"contentUrl\":\"https:\/\/distribucionarc.com\/wp-content\/uploads\/2020\/08\/Prensa-de-tornillo-extractor-de-zumo-mini-exprimidor-de-frutas-acero-inox-3L-0.jpg\",\"width\":1000,\"height\":1000,\"caption\":\"Prensa de tornillo extractor de zumo mini exprimidor de frutas acero inox 3L\"},{\"@type\":\"BreadcrumbList\",\"@id\":\"https:\/\/distribucionarc.com\/pl\/producto\/prensa-de-tornillo-extractor-de-zumo-mini-exprimidor-de-frutas-acero-inox-3l\/#breadcrumb\",\"itemListElement\":[{\"@type\":\"ListItem\",\"position\":1,\"name\":\"Portada\",\"item\":\"https:\/\/distribucionarc.com\/pl\/\"},{\"@type\":\"ListItem\",\"position\":2,\"name\":\"Produkty\",\"item\":\"https:\/\/distribucionarc.com\/pl\/shop\/\"},{\"@type\":\"ListItem\",\"position\":3,\"name\":\"Prensa de tornillo, extractor de zumo,\u00a0 mini exprimidor de frutas acero inox 3L\"}]},{\"@type\":\"WebSite\",\"@id\":\"https:\/\/distribucionarc.com\/de\/#website\",\"url\":\"https:\/\/distribucionarc.com\/de\/\",\"name\":\"distribuci\u00f3n ARC\",\"description\":\"Empresa especializada en la fabricaci\u00f3n y distribuci\u00f3n de maquinaria industrial, selladoras de latas, Maquinas de hacer pastillas, Maquinas de cortar carne...\",\"publisher\":{\"@id\":\"https:\/\/distribucionarc.com\/de\/#organization\"},\"potentialAction\":[{\"@type\":\"SearchAction\",\"target\":{\"@type\":\"EntryPoint\",\"urlTemplate\":\"https:\/\/distribucionarc.com\/de\/?s={search_term_string}\"},\"query-input\":{\"@type\":\"PropertyValueSpecification\",\"valueRequired\":true,\"valueName\":\"search_term_string\"}}],\"inLanguage\":\"fr-FR\"},{\"@type\":\"Organization\",\"@id\":\"https:\/\/distribucionarc.com\/de\/#organization\",\"name\":\"Distribuci\u00f3n ARC\",\"url\":\"https:\/\/distribucionarc.com\/de\/\",\"logo\":{\"@type\":\"ImageObject\",\"inLanguage\":\"fr-FR\",\"@id\":\"https:\/\/distribucionarc.com\/de\/#\/schema\/logo\/image\/\",\"url\":\"https:\/\/distribucionarc.com\/wp-content\/uploads\/2024\/10\/distribucion-ARC-COLOR-SIN-FONDO-e1732295305345.png\",\"contentUrl\":\"https:\/\/distribucionarc.com\/wp-content\/uploads\/2024\/10\/distribucion-ARC-COLOR-SIN-FONDO-e1732295305345.png\",\"width\":1164,\"height\":558,\"caption\":\"Distribuci\u00f3n ARC\"},\"image\":{\"@id\":\"https:\/\/distribucionarc.com\/de\/#\/schema\/logo\/image\/\"},\"description\":\"Empresa especializada en la fabricaci\u00f3n y distribuci\u00f3n de maquinaria industrial para los sectores alimentario y farmac\u00e9utico. Nos especializamos en: M\u00e1quinas de cortar carne Fabricaci\u00f3n de comprimidos Sistemas de transporte industrial L\u00edneas de embotellado Dosificadores Y mucho m\u00e1s... Ofrecemos soluciones innovadoras y personalizadas para optimizar los procesos productivos de tu empresa.\",\"email\":\"Admistracion@distribucionarc.com\",\"telephone\":\"+34 643496664\",\"legalName\":\"ARC TECH SOLUTIONS\",\"foundingDate\":\"2024-04-09\",\"vatID\":\"B55480172\",\"numberOfEmployees\":{\"@type\":\"QuantitativeValue\",\"minValue\":\"1\",\"maxValue\":\"10\"}}]}<\/script>\n<!-- \/ Yoast SEO Premium plugin. -->","yoast_head_json":{"title":"Presse \u00e0 vis, extracteur de jus, mini presse-fruits inox 3L - ARC distribution","robots":{"index":"index","follow":"follow","max-snippet":"max-snippet:-1","max-image-preview":"max-image-preview:large","max-video-preview":"max-video-preview:-1"},"canonical":"https:\/\/distribucionarc.com\/fr\/produit\/presse-a-vis-extracteur-de-jus-mini-presse-fruits-inox-3l\/","og_locale":"fr_FR","og_type":"article","og_title":"Prensa de tornillo, extractor de zumo,\u00a0 mini exprimidor de frutas acero inox 3L","og_description":"Prensa de tornillo, extractor de zumo,\u00a0 mini exprimidor de frutas acero inox 3L El\u00a0extractor de bayas\u00a0ARC\u00a0es robusto con un\u00a0alto rendimiento de zumo; ejerce una alta presi\u00f3n debido a la construcci\u00f3n del tornillo giratorio. El pr\u00e1ctico\u00a0exprimidor de\u00a0frutas\u00a0se puede montar r\u00e1pidamente.\u00a0La cesta de fruta doble est\u00e1 fabricada en acero inoxidable. Listos para usar de inmediato y en cualquier lugar, independientemente de la energ\u00eda el\u00e9ctrica. Garant\u00eda\u00a0ARC 2 A\u00d1OS soporte t\u00e9cnico\u00a0incluido","og_url":"https:\/\/distribucionarc.com\/fr\/produit\/presse-a-vis-extracteur-de-jus-mini-presse-fruits-inox-3l\/","og_site_name":"distribuci\u00f3n ARC","article_modified_time":"2020-09-30T09:53:30+00:00","og_image":[{"width":1000,"height":1000,"url":"https:\/\/distribucionarc.com\/wp-content\/uploads\/2020\/08\/Prensa-de-tornillo-extractor-de-zumo-mini-exprimidor-de-frutas-acero-inox-3L-0.jpg","type":"image\/jpeg"}],"twitter_card":"summary_large_image","twitter_misc":{"Dur\u00e9e de lecture estim\u00e9e":"1 minute"},"schema":{"@context":"https:\/\/schema.org","@graph":[{"@type":"WebPage","@id":"https:\/\/distribucionarc.com\/pl\/producto\/prensa-de-tornillo-extractor-de-zumo-mini-exprimidor-de-frutas-acero-inox-3l\/","url":"https:\/\/distribucionarc.com\/pl\/producto\/prensa-de-tornillo-extractor-de-zumo-mini-exprimidor-de-frutas-acero-inox-3l\/","name":"Presse \u00e0 vis, extracteur de jus, mini presse-fruits inox 3L - ARC distribution","isPartOf":{"@id":"https:\/\/distribucionarc.com\/de\/#website"},"primaryImageOfPage":{"@id":"https:\/\/distribucionarc.com\/pl\/producto\/prensa-de-tornillo-extractor-de-zumo-mini-exprimidor-de-frutas-acero-inox-3l\/#primaryimage"},"image":{"@id":"https:\/\/distribucionarc.com\/pl\/producto\/prensa-de-tornillo-extractor-de-zumo-mini-exprimidor-de-frutas-acero-inox-3l\/#primaryimage"},"thumbnailUrl":"https:\/\/distribucionarc.com\/wp-content\/uploads\/2020\/08\/Prensa-de-tornillo-extractor-de-zumo-mini-exprimidor-de-frutas-acero-inox-3L-0.jpg","datePublished":"2020-08-10T15:42:45+00:00","dateModified":"2020-09-30T09:53:30+00:00","breadcrumb":{"@id":"https:\/\/distribucionarc.com\/pl\/producto\/prensa-de-tornillo-extractor-de-zumo-mini-exprimidor-de-frutas-acero-inox-3l\/#breadcrumb"},"inLanguage":"fr-FR","potentialAction":[{"@type":"ReadAction","target":["https:\/\/distribucionarc.com\/pl\/producto\/prensa-de-tornillo-extractor-de-zumo-mini-exprimidor-de-frutas-acero-inox-3l\/"]}]},{"@type":"ImageObject","inLanguage":"fr-FR","@id":"https:\/\/distribucionarc.com\/pl\/producto\/prensa-de-tornillo-extractor-de-zumo-mini-exprimidor-de-frutas-acero-inox-3l\/#primaryimage","url":"https:\/\/distribucionarc.com\/wp-content\/uploads\/2020\/08\/Prensa-de-tornillo-extractor-de-zumo-mini-exprimidor-de-frutas-acero-inox-3L-0.jpg","contentUrl":"https:\/\/distribucionarc.com\/wp-content\/uploads\/2020\/08\/Prensa-de-tornillo-extractor-de-zumo-mini-exprimidor-de-frutas-acero-inox-3L-0.jpg","width":1000,"height":1000,"caption":"Prensa de tornillo extractor de zumo mini exprimidor de frutas acero inox 3L"},{"@type":"BreadcrumbList","@id":"https:\/\/distribucionarc.com\/pl\/producto\/prensa-de-tornillo-extractor-de-zumo-mini-exprimidor-de-frutas-acero-inox-3l\/#breadcrumb","itemListElement":[{"@type":"ListItem","position":1,"name":"Portada","item":"https:\/\/distribucionarc.com\/pl\/"},{"@type":"ListItem","position":2,"name":"Produkty","item":"https:\/\/distribucionarc.com\/pl\/shop\/"},{"@type":"ListItem","position":3,"name":"Prensa de tornillo, extractor de zumo,\u00a0 mini exprimidor de frutas acero inox 3L"}]},{"@type":"WebSite","@id":"https:\/\/distribucionarc.com\/de\/#website","url":"https:\/\/distribucionarc.com\/de\/","name":"R\u00e9partition de l&#039;ARC","description":"Entreprise sp\u00e9cialis\u00e9e dans la fabrication et la distribution de machines industrielles, scelleuses de bo\u00eetes, machines \u00e0 comprim\u00e9s, machines \u00e0 d\u00e9couper la viande...","publisher":{"@id":"https:\/\/distribucionarc.com\/de\/#organization"},"potentialAction":[{"@type":"SearchAction","target":{"@type":"EntryPoint","urlTemplate":"https:\/\/distribucionarc.com\/de\/?s={search_term_string}"},"query-input":{"@type":"PropertyValueSpecification","valueRequired":true,"valueName":"search_term_string"}}],"inLanguage":"fr-FR"},{"@type":"Organization","@id":"https:\/\/distribucionarc.com\/de\/#organization","name":"Distribution ARC","url":"https:\/\/distribucionarc.com\/de\/","logo":{"@type":"ImageObject","inLanguage":"fr-FR","@id":"https:\/\/distribucionarc.com\/de\/#\/schema\/logo\/image\/","url":"https:\/\/distribucionarc.com\/wp-content\/uploads\/2024\/10\/distribucion-ARC-COLOR-SIN-FONDO-e1732295305345.png","contentUrl":"https:\/\/distribucionarc.com\/wp-content\/uploads\/2024\/10\/distribucion-ARC-COLOR-SIN-FONDO-e1732295305345.png","width":1164,"height":558,"caption":"Distribuci\u00f3n ARC"},"image":{"@id":"https:\/\/distribucionarc.com\/de\/#\/schema\/logo\/image\/"},"description":"Entreprise sp\u00e9cialis\u00e9e dans la fabrication et la distribution de machines industrielles pour les secteurs alimentaire et pharmaceutique. Nous sommes sp\u00e9cialis\u00e9s dans : Machines \u00e0 couper la viande Fabrication de comprim\u00e9s Syst\u00e8mes de transport industriel Lignes d'embouteillage Machines de dosage Et bien plus encore... Nous proposons des solutions innovantes et personnalis\u00e9es pour optimiser les processus de production de votre entreprise.","email":"Admistracion@distribucionarc.com","telephone":"+34 643496664","legalName":"ARC TECH SOLUTIONS","foundingDate":"2024-04-09","vatID":"B55480172","numberOfEmployees":{"@type":"QuantitativeValue","minValue":"1","maxValue":"10"}}]}},"_links":{"self":[{"href":"https:\/\/distribucionarc.com\/fr\/wp-json\/wp\/v2\/product\/2159","targetHints":{"allow":["GET"]}}],"collection":[{"href":"https:\/\/distribucionarc.com\/fr\/wp-json\/wp\/v2\/product"}],"about":[{"href":"https:\/\/distribucionarc.com\/fr\/wp-json\/wp\/v2\/types\/product"}],"replies":[{"embeddable":true,"href":"https:\/\/distribucionarc.com\/fr\/wp-json\/wp\/v2\/comments?post=2159"}],"version-history":[{"count":0,"href":"https:\/\/distribucionarc.com\/fr\/wp-json\/wp\/v2\/product\/2159\/revisions"}],"wp:featuredmedia":[{"embeddable":true,"href":"https:\/\/distribucionarc.com\/fr\/wp-json\/wp\/v2\/media\/2164"}],"wp:attachment":[{"href":"https:\/\/distribucionarc.com\/fr\/wp-json\/wp\/v2\/media?parent=2159"}],"wp:term":[{"taxonomy":"product_brand","embeddable":true,"href":"https:\/\/distribucionarc.com\/fr\/wp-json\/wp\/v2\/product_brand?post=2159"},{"taxonomy":"product_cat","embeddable":true,"href":"https:\/\/distribucionarc.com\/fr\/wp-json\/wp\/v2\/product_cat?post=2159"},{"taxonomy":"product_tag","embeddable":true,"href":"https:\/\/distribucionarc.com\/fr\/wp-json\/wp\/v2\/product_tag?post=2159"}],"curies":[{"name":"wp","href":"https:\/\/api.w.org\/{rel}","templated":true}]}}