{"id":2202,"date":"2020-08-12T11:15:41","date_gmt":"2020-08-12T11:15:41","guid":{"rendered":"https:\/\/distribucionarc.com\/?post_type=product&#038;p=2202"},"modified":"2024-10-01T18:48:14","modified_gmt":"2024-10-01T18:48:14","slug":"broyeur-broyeur-electrique-efficace-pour-fruits-ou-legumes-1000-kg-h","status":"publish","type":"product","link":"https:\/\/distribucionarc.com\/fr\/producto\/molinillo-electrico-eficiente-trituradora-de-fruta-o-verdura-1000-kg-h\/","title":{"rendered":"Broyeur \u00e9lectrique efficace, broyeur de fruits ou l\u00e9gumes 1000 kg\/h"},"content":{"rendered":"<h3>Broyeur \u00e9lectrique efficace, broyeur de fruits ou l\u00e9gumes 1000 kg\/h<\/h3>\n<p>Avec le\u00a0<strong>concasseurs \u00e9lectriques<\/strong>\u00a0de\u00a0<strong><span style=\"color: #ff0000;\">\u00c0<\/span><span style=\"color: #0000ff;\">R.<\/span>c<\/strong>, les fruits avec noyaux ou graines peuvent \u00eatre transform\u00e9s gr\u00e2ce \u00e0 leur puissant<strong>\u00a0<span style=\"color: #008000;\">moteur efficace<\/span><\/strong> et leurs lames tranchantes. Sans risquer d&#039;endommager les lames ou le fonctionnement du broyeur, le broyeur est \u00e9galement enti\u00e8rement r\u00e9alis\u00e9 en acier inoxydable.<\/p>\n<p>Le processus est simple, il suffit d&#039;allumer le\u00a0<strong>moulin \u00e0 fruits\u00a0<span style=\"color: #ff0000;\">\u00c0<\/span><span style=\"color: #0000ff;\">R.<\/span>CMFE02<\/strong>\u00a0et ins\u00e9rez les fruits dans l&#039;entonnoir. Le puissant moteur de 1,5 CV et les lames tranchantes en acier inoxydable coupent les fruits \u00e0 2\u00a0800 tours par minute en un rien de temps. Cela signifie que vous pouvez<strong>\u00a0traiter jusqu&#039;\u00e0 1000 kg de fruits par heure<\/strong>.<\/p>\n<p>Gr\u00e2ce \u00e0 l&#039;entonnoir extra large de 125 cm, les fruits peuvent \u00eatre remplis facilement et en toute s\u00e9curit\u00e9. L&#039;entonnoir peut \u00eatre retir\u00e9 et nettoy\u00e9 sans probl\u00e8me en quelques \u00e9tapes seulement, et les lames de coupe peuvent \u00e9galement \u00eatre facilement retir\u00e9es et nettoy\u00e9es.<\/p>\n<h6><strong>Garantie\u00a0<span style=\"color: #ff0000;\">\u00c0<\/span><span style=\"color: #0000ff;\">R.<\/span>C 2 ANS<\/strong><\/h6>\n<h6><span style=\"color: #008000;\">Broyeur \u00e9lectrique efficace, basse consommation 1000w<\/span><\/h6>\n<h6><strong>support technique inclus<\/strong><\/h6>\n<p>&nbsp;<\/p>\n<table role=\"presentation\" width=\"100%\" cellspacing=\"0\" cellpadding=\"0\">\n<tbody>\n<tr>\n<td class=\"attrLabels\">Marque:<\/td>\n<td width=\"50.0%\">ARC<\/td>\n<\/tr>\n<tr>\n<td class=\"attrLabels\">Pays de distribution\u00a0:<\/td>\n<td width=\"50.0%\">Espagne, Allemagne, \u00c9tats-Unis<\/td>\n<td class=\"attrLabels\">Poids:<\/td>\n<td width=\"50.0%\">25 kg<\/td>\n<\/tr>\n<tr>\n<td class=\"attrLabels\">Marque:<\/td>\n<td width=\"50.0%\">ARC<\/td>\n<td class=\"attrLabels\">Hauteur:<\/td>\n<td width=\"50.0%\">128 cm<\/td>\n<\/tr>\n<tr>\n<td class=\"attrLabels\">Couleur:<\/td>\n<td width=\"50.0%\">Argent<\/td>\n<td class=\"attrLabels\">Long:<\/td>\n<td width=\"50.0%\">40 cm<\/td>\n<\/tr>\n<tr>\n<td class=\"attrLabels\">Type de produit\u00a0:<\/td>\n<td width=\"50.0%\">broyeur \u00e9lectrique<\/td>\n<td class=\"attrLabels\">Large:<\/td>\n<td width=\"50.0%\">46 cm<\/td>\n<\/tr>\n<tr>\n<td class=\"attrLabels\">Num\u00e9ro du fabricant :<\/td>\n<td width=\"50.0%\">ARCMFE02<\/td>\n<td class=\"attrLabels\">Pouvoir:<\/td>\n<td width=\"50.0%\">1000W<\/td>\n<\/tr>\n<tr>\n<td class=\"attrLabels\">Mat\u00e9riel:<\/td>\n<td width=\"50.0%\">acier inoxydable, moteur efficace<\/td>\n<td class=\"attrLabels\">tension d&#039;entr\u00e9e<\/td>\n<td width=\"50.0%\">230 V \u2013 50 Hz<\/td>\n<\/tr>\n<tr>\n<td class=\"attrLabels\">Garantie:<\/td>\n<td width=\"50.0%\">\u00a0 2 ans<\/td>\n<td class=\"attrLabels\">Poursuite:<\/td>\n<td width=\"50.0%\">1000 kg par heure<\/td>\n<\/tr>\n<tr>\n<td class=\"attrLabels\">Taille de l&#039;entonnoir\u00a0:<\/td>\n<td width=\"50.0%\">17 \u00d8 cm x 80 cm<\/td>\n<td class=\"attrLabels\">Puissance du moteur\u00a0:<\/td>\n<td width=\"50.0%\">1,5 ch<\/td>\n<\/tr>\n<\/tbody>\n<\/table>","protected":false},"excerpt":{"rendered":"<h2>Broyeur \u00e9lectrique efficace, broyeur de fruits ou l\u00e9gumes 1000 kg\/h<\/h2>\n<p>Ce\u00a0<strong>moulin \u00e0 fruits\u00a0<span style=\"color: #ff0000;\">\u00c0<\/span><span style=\"color: #0000ff;\">R.<\/span>c<\/strong>\u00a0C&#039;est l&#039;outil id\u00e9al. Avec lui, vous pouvez facilement hacher une vari\u00e9t\u00e9 de fruits durs ou m\u00eame avec des graines. La mani\u00e8re la plus efficace de r\u00e9aliser des jus naturels, des mac\u00e9rats ou des pur\u00e9es de fruits. Gr\u00e2ce \u00e0 la puissance efficace de son moteur et \u00e0 ses lames tranchantes en acier inoxydable, le processus de hachage sera instantan\u00e9.<\/p>\n<h6><strong>Garantie\u00a0<span style=\"color: #ff0000;\">\u00c0<\/span><span style=\"color: #0000ff;\">R.<\/span>C 2 ANS<\/strong><\/h6>\n<h6><span style=\"color: #008000;\">Broyeur \u00e9lectrique efficace, basse consommation 1000w<\/span><\/h6>\n<h6><strong>support technique inclus<\/strong><\/h6>","protected":false},"featured_media":2203,"comment_status":"open","ping_status":"closed","template":"","meta":{"wds_primary_product_brand":0,"wds_primary_product_cat":0},"product_brand":[],"product_cat":[30,65,67,68],"product_tag":[],"class_list":{"0":"post-2202","1":"product","2":"type-product","3":"status-publish","4":"has-post-thumbnail","6":"product_cat-maquinaria-apicola","7":"product_cat-maquinaria-industrial-para-procesar-fruta-verdura-panales","8":"product_cat-prensas-de-frutas-trituradoras","9":"product_cat-trituradoras-picadoras-de-frutas-y-verduras","10":"product_shipping_class-express","12":"first","13":"instock","14":"taxable","15":"shipping-taxable","16":"purchasable","17":"product-type-simple"},"yoast_head":"<!-- This site is optimized with the Yoast SEO Premium plugin v24.9 (Yoast SEO v26.1) - https:\/\/yoast.com\/wordpress\/plugins\/seo\/ -->\n<title>Molinillo el\u00e9ctrico eficiente, trituradora de fruta o verdura 1000 kg\/h - distribuci\u00f3n ARC<\/title>\n<meta name=\"robots\" content=\"index, follow, max-snippet:-1, max-image-preview:large, max-video-preview:-1\" \/>\n<link rel=\"canonical\" href=\"https:\/\/distribucionarc.com\/fr\/produit\/broyeur-broyeur-electrique-efficace-pour-fruits-ou-legumes-1000-kg-h\/\" \/>\n<meta property=\"og:locale\" content=\"fr_FR\" \/>\n<meta property=\"og:type\" content=\"article\" \/>\n<meta property=\"og:title\" content=\"Molinillo el\u00e9ctrico eficiente, trituradora de fruta o verdura 1000 kg\/h\" \/>\n<meta property=\"og:description\" content=\"Molinillo el\u00e9ctrico eficiente, trituradora de fruta o verdura 1000 kg\/h Este\u00a0molinillo de frutas\u00a0ARC\u00a0es la herramienta ideal. Con \u00e9l, puede picar f\u00e1cilmente variedad de frutas duras o incluso con semilla. La forma m\u00e1s eficaz de hacer zumos naturales, macerados o pur\u00e9s de frutas. Gracias a la potencia eficiente de su motor y sus aspas de acero inox afiladas el proceso de picado ser\u00e1 instant\u00e1neo. Garant\u00eda\u00a0ARC 2 A\u00d1OS Molinillo el\u00e9ctrico eficiente, bajo consumo 1000w soporte t\u00e9cnico incluido\" \/>\n<meta property=\"og:url\" content=\"https:\/\/distribucionarc.com\/fr\/produit\/broyeur-broyeur-electrique-efficace-pour-fruits-ou-legumes-1000-kg-h\/\" \/>\n<meta property=\"og:site_name\" content=\"distribuci\u00f3n ARC\" \/>\n<meta property=\"article:modified_time\" content=\"2024-10-01T18:48:14+00:00\" \/>\n<meta property=\"og:image\" content=\"https:\/\/distribucionarc.com\/wp-content\/uploads\/2020\/08\/Molinillo-el\u00e9ctrico-eficiente-trituradora-de-fruta-o-verdura-1000-kg-h-0.jpg\" \/>\n\t<meta property=\"og:image:width\" content=\"1000\" \/>\n\t<meta property=\"og:image:height\" content=\"1000\" \/>\n\t<meta property=\"og:image:type\" content=\"image\/jpeg\" \/>\n<meta name=\"twitter:card\" content=\"summary_large_image\" \/>\n<meta name=\"twitter:label1\" content=\"Dur\u00e9e de lecture estim\u00e9e\" \/>\n\t<meta name=\"twitter:data1\" content=\"2 minutes\" \/>\n<script type=\"application\/ld+json\" class=\"yoast-schema-graph\">{\"@context\":\"https:\/\/schema.org\",\"@graph\":[{\"@type\":\"WebPage\",\"@id\":\"https:\/\/distribucionarc.com\/nb\/producto\/molinillo-electrico-eficiente-trituradora-de-fruta-o-verdura-1000-kg-h\/\",\"url\":\"https:\/\/distribucionarc.com\/nb\/producto\/molinillo-electrico-eficiente-trituradora-de-fruta-o-verdura-1000-kg-h\/\",\"name\":\"Molinillo el\u00e9ctrico eficiente, trituradora de fruta o verdura 1000 kg\/h - distribuci\u00f3n ARC\",\"isPartOf\":{\"@id\":\"https:\/\/www.distribucionarc.com\/sl\/#website\"},\"primaryImageOfPage\":{\"@id\":\"https:\/\/distribucionarc.com\/nb\/producto\/molinillo-electrico-eficiente-trituradora-de-fruta-o-verdura-1000-kg-h\/#primaryimage\"},\"image\":{\"@id\":\"https:\/\/distribucionarc.com\/nb\/producto\/molinillo-electrico-eficiente-trituradora-de-fruta-o-verdura-1000-kg-h\/#primaryimage\"},\"thumbnailUrl\":\"https:\/\/distribucionarc.com\/wp-content\/uploads\/2020\/08\/Molinillo-el\u00e9ctrico-eficiente-trituradora-de-fruta-o-verdura-1000-kg-h-0.jpg\",\"datePublished\":\"2020-08-12T11:15:41+00:00\",\"dateModified\":\"2024-10-01T18:48:14+00:00\",\"breadcrumb\":{\"@id\":\"https:\/\/distribucionarc.com\/nb\/producto\/molinillo-electrico-eficiente-trituradora-de-fruta-o-verdura-1000-kg-h\/#breadcrumb\"},\"inLanguage\":\"fr-FR\",\"potentialAction\":[{\"@type\":\"ReadAction\",\"target\":[\"https:\/\/distribucionarc.com\/nb\/producto\/molinillo-electrico-eficiente-trituradora-de-fruta-o-verdura-1000-kg-h\/\"]}]},{\"@type\":\"ImageObject\",\"inLanguage\":\"fr-FR\",\"@id\":\"https:\/\/distribucionarc.com\/nb\/producto\/molinillo-electrico-eficiente-trituradora-de-fruta-o-verdura-1000-kg-h\/#primaryimage\",\"url\":\"https:\/\/distribucionarc.com\/wp-content\/uploads\/2020\/08\/Molinillo-el\u00e9ctrico-eficiente-trituradora-de-fruta-o-verdura-1000-kg-h-0.jpg\",\"contentUrl\":\"https:\/\/distribucionarc.com\/wp-content\/uploads\/2020\/08\/Molinillo-el\u00e9ctrico-eficiente-trituradora-de-fruta-o-verdura-1000-kg-h-0.jpg\",\"width\":1000,\"height\":1000,\"caption\":\"Molinillo el\u00e9ctrico eficiente trituradora de fruta o verdura 1000 kg\/h\"},{\"@type\":\"BreadcrumbList\",\"@id\":\"https:\/\/distribucionarc.com\/nb\/producto\/molinillo-electrico-eficiente-trituradora-de-fruta-o-verdura-1000-kg-h\/#breadcrumb\",\"itemListElement\":[{\"@type\":\"ListItem\",\"position\":1,\"name\":\"Portada\",\"item\":\"https:\/\/www.distribucionarc.com\/\"},{\"@type\":\"ListItem\",\"position\":2,\"name\":\"\u00dcr\u00fcnler\",\"item\":\"https:\/\/www.distribucionarc.com\/tr\/magaza\/\"},{\"@type\":\"ListItem\",\"position\":3,\"name\":\"Molinillo el\u00e9ctrico eficiente, trituradora de fruta o verdura 1000 kg\/h\"}]},{\"@type\":\"WebSite\",\"@id\":\"https:\/\/www.distribucionarc.com\/sl\/#website\",\"url\":\"https:\/\/www.distribucionarc.com\/sl\/\",\"name\":\"distribuci\u00f3n ARC\",\"description\":\"Empresa especializada en la fabricaci\u00f3n y distribuci\u00f3n de maquinaria industrial, selladoras de latas, Maquinas de hacer pastillas, Maquinas de cortar carne...\",\"publisher\":{\"@id\":\"https:\/\/www.distribucionarc.com\/sl\/#organization\"},\"potentialAction\":[{\"@type\":\"SearchAction\",\"target\":{\"@type\":\"EntryPoint\",\"urlTemplate\":\"https:\/\/www.distribucionarc.com\/sl\/?s={search_term_string}\"},\"query-input\":{\"@type\":\"PropertyValueSpecification\",\"valueRequired\":true,\"valueName\":\"search_term_string\"}}],\"inLanguage\":\"fr-FR\"},{\"@type\":\"Organization\",\"@id\":\"https:\/\/www.distribucionarc.com\/sl\/#organization\",\"name\":\"Distribuci\u00f3n ARC\",\"url\":\"https:\/\/www.distribucionarc.com\/sl\/\",\"logo\":{\"@type\":\"ImageObject\",\"inLanguage\":\"fr-FR\",\"@id\":\"https:\/\/www.distribucionarc.com\/sl\/#\/schema\/logo\/image\/\",\"url\":\"https:\/\/distribucionarc.com\/wp-content\/uploads\/2024\/10\/distribucion-ARC-COLOR-SIN-FONDO-e1732295305345.png\",\"contentUrl\":\"https:\/\/distribucionarc.com\/wp-content\/uploads\/2024\/10\/distribucion-ARC-COLOR-SIN-FONDO-e1732295305345.png\",\"width\":1164,\"height\":558,\"caption\":\"Distribuci\u00f3n ARC\"},\"image\":{\"@id\":\"https:\/\/www.distribucionarc.com\/sl\/#\/schema\/logo\/image\/\"},\"description\":\"Empresa especializada en la fabricaci\u00f3n y distribuci\u00f3n de maquinaria industrial para los sectores alimentario y farmac\u00e9utico. Nos especializamos en: M\u00e1quinas de cortar carne Fabricaci\u00f3n de comprimidos Sistemas de transporte industrial L\u00edneas de embotellado Dosificadores Y mucho m\u00e1s... Ofrecemos soluciones innovadoras y personalizadas para optimizar los procesos productivos de tu empresa.\",\"email\":\"Admistracion@distribucionarc.com\",\"telephone\":\"+34 643496664\",\"legalName\":\"ARC TECH SOLUTIONS\",\"foundingDate\":\"2024-04-09\",\"vatID\":\"B55480172\",\"numberOfEmployees\":{\"@type\":\"QuantitativeValue\",\"minValue\":\"1\",\"maxValue\":\"10\"}}]}<\/script>\n<!-- \/ Yoast SEO Premium plugin. -->","yoast_head_json":{"title":"Broyeur \u00e9lectrique efficace, broyeur de fruits ou l\u00e9gumes 1000 kg\/h - ARC distribution","robots":{"index":"index","follow":"follow","max-snippet":"max-snippet:-1","max-image-preview":"max-image-preview:large","max-video-preview":"max-video-preview:-1"},"canonical":"https:\/\/distribucionarc.com\/fr\/produit\/broyeur-broyeur-electrique-efficace-pour-fruits-ou-legumes-1000-kg-h\/","og_locale":"fr_FR","og_type":"article","og_title":"Molinillo el\u00e9ctrico eficiente, trituradora de fruta o verdura 1000 kg\/h","og_description":"Molinillo el\u00e9ctrico eficiente, trituradora de fruta o verdura 1000 kg\/h Este\u00a0molinillo de frutas\u00a0ARC\u00a0es la herramienta ideal. Con \u00e9l, puede picar f\u00e1cilmente variedad de frutas duras o incluso con semilla. La forma m\u00e1s eficaz de hacer zumos naturales, macerados o pur\u00e9s de frutas. Gracias a la potencia eficiente de su motor y sus aspas de acero inox afiladas el proceso de picado ser\u00e1 instant\u00e1neo. Garant\u00eda\u00a0ARC 2 A\u00d1OS Molinillo el\u00e9ctrico eficiente, bajo consumo 1000w soporte t\u00e9cnico incluido","og_url":"https:\/\/distribucionarc.com\/fr\/produit\/broyeur-broyeur-electrique-efficace-pour-fruits-ou-legumes-1000-kg-h\/","og_site_name":"distribuci\u00f3n ARC","article_modified_time":"2024-10-01T18:48:14+00:00","og_image":[{"width":1000,"height":1000,"url":"https:\/\/distribucionarc.com\/wp-content\/uploads\/2020\/08\/Molinillo-el\u00e9ctrico-eficiente-trituradora-de-fruta-o-verdura-1000-kg-h-0.jpg","type":"image\/jpeg"}],"twitter_card":"summary_large_image","twitter_misc":{"Dur\u00e9e de lecture estim\u00e9e":"2 minutes"},"schema":{"@context":"https:\/\/schema.org","@graph":[{"@type":"WebPage","@id":"https:\/\/distribucionarc.com\/nb\/producto\/molinillo-electrico-eficiente-trituradora-de-fruta-o-verdura-1000-kg-h\/","url":"https:\/\/distribucionarc.com\/nb\/producto\/molinillo-electrico-eficiente-trituradora-de-fruta-o-verdura-1000-kg-h\/","name":"Broyeur \u00e9lectrique efficace, broyeur de fruits ou l\u00e9gumes 1000 kg\/h - ARC distribution","isPartOf":{"@id":"https:\/\/www.distribucionarc.com\/sl\/#website"},"primaryImageOfPage":{"@id":"https:\/\/distribucionarc.com\/nb\/producto\/molinillo-electrico-eficiente-trituradora-de-fruta-o-verdura-1000-kg-h\/#primaryimage"},"image":{"@id":"https:\/\/distribucionarc.com\/nb\/producto\/molinillo-electrico-eficiente-trituradora-de-fruta-o-verdura-1000-kg-h\/#primaryimage"},"thumbnailUrl":"https:\/\/distribucionarc.com\/wp-content\/uploads\/2020\/08\/Molinillo-el\u00e9ctrico-eficiente-trituradora-de-fruta-o-verdura-1000-kg-h-0.jpg","datePublished":"2020-08-12T11:15:41+00:00","dateModified":"2024-10-01T18:48:14+00:00","breadcrumb":{"@id":"https:\/\/distribucionarc.com\/nb\/producto\/molinillo-electrico-eficiente-trituradora-de-fruta-o-verdura-1000-kg-h\/#breadcrumb"},"inLanguage":"fr-FR","potentialAction":[{"@type":"ReadAction","target":["https:\/\/distribucionarc.com\/nb\/producto\/molinillo-electrico-eficiente-trituradora-de-fruta-o-verdura-1000-kg-h\/"]}]},{"@type":"ImageObject","inLanguage":"fr-FR","@id":"https:\/\/distribucionarc.com\/nb\/producto\/molinillo-electrico-eficiente-trituradora-de-fruta-o-verdura-1000-kg-h\/#primaryimage","url":"https:\/\/distribucionarc.com\/wp-content\/uploads\/2020\/08\/Molinillo-el\u00e9ctrico-eficiente-trituradora-de-fruta-o-verdura-1000-kg-h-0.jpg","contentUrl":"https:\/\/distribucionarc.com\/wp-content\/uploads\/2020\/08\/Molinillo-el\u00e9ctrico-eficiente-trituradora-de-fruta-o-verdura-1000-kg-h-0.jpg","width":1000,"height":1000,"caption":"Molinillo el\u00e9ctrico eficiente trituradora de fruta o verdura 1000 kg\/h"},{"@type":"BreadcrumbList","@id":"https:\/\/distribucionarc.com\/nb\/producto\/molinillo-electrico-eficiente-trituradora-de-fruta-o-verdura-1000-kg-h\/#breadcrumb","itemListElement":[{"@type":"ListItem","position":1,"name":"Portada","item":"https:\/\/www.distribucionarc.com\/"},{"@type":"ListItem","position":2,"name":"\u00dcr\u00fcnler","item":"https:\/\/www.distribucionarc.com\/tr\/magaza\/"},{"@type":"ListItem","position":3,"name":"Molinillo el\u00e9ctrico eficiente, trituradora de fruta o verdura 1000 kg\/h"}]},{"@type":"WebSite","@id":"https:\/\/www.distribucionarc.com\/sl\/#website","url":"https:\/\/www.distribucionarc.com\/sl\/","name":"R\u00e9partition de l&#039;ARC","description":"Entreprise sp\u00e9cialis\u00e9e dans la fabrication et la distribution de machines industrielles, scelleuses de bo\u00eetes, machines \u00e0 comprim\u00e9s, machines \u00e0 d\u00e9couper la viande...","publisher":{"@id":"https:\/\/www.distribucionarc.com\/sl\/#organization"},"potentialAction":[{"@type":"SearchAction","target":{"@type":"EntryPoint","urlTemplate":"https:\/\/www.distribucionarc.com\/sl\/?s={search_term_string}"},"query-input":{"@type":"PropertyValueSpecification","valueRequired":true,"valueName":"search_term_string"}}],"inLanguage":"fr-FR"},{"@type":"Organization","@id":"https:\/\/www.distribucionarc.com\/sl\/#organization","name":"Distribution ARC","url":"https:\/\/www.distribucionarc.com\/sl\/","logo":{"@type":"ImageObject","inLanguage":"fr-FR","@id":"https:\/\/www.distribucionarc.com\/sl\/#\/schema\/logo\/image\/","url":"https:\/\/distribucionarc.com\/wp-content\/uploads\/2024\/10\/distribucion-ARC-COLOR-SIN-FONDO-e1732295305345.png","contentUrl":"https:\/\/distribucionarc.com\/wp-content\/uploads\/2024\/10\/distribucion-ARC-COLOR-SIN-FONDO-e1732295305345.png","width":1164,"height":558,"caption":"Distribuci\u00f3n ARC"},"image":{"@id":"https:\/\/www.distribucionarc.com\/sl\/#\/schema\/logo\/image\/"},"description":"Entreprise sp\u00e9cialis\u00e9e dans la fabrication et la distribution de machines industrielles pour les secteurs alimentaire et pharmaceutique. Nous sommes sp\u00e9cialis\u00e9s dans : Machines \u00e0 couper la viande Fabrication de comprim\u00e9s Syst\u00e8mes de transport industriel Lignes d'embouteillage Machines de dosage Et bien plus encore... Nous proposons des solutions innovantes et personnalis\u00e9es pour optimiser les processus de production de votre entreprise.","email":"Admistracion@distribucionarc.com","telephone":"+34 643496664","legalName":"ARC TECH SOLUTIONS","foundingDate":"2024-04-09","vatID":"B55480172","numberOfEmployees":{"@type":"QuantitativeValue","minValue":"1","maxValue":"10"}}]}},"_links":{"self":[{"href":"https:\/\/distribucionarc.com\/fr\/wp-json\/wp\/v2\/product\/2202","targetHints":{"allow":["GET"]}}],"collection":[{"href":"https:\/\/distribucionarc.com\/fr\/wp-json\/wp\/v2\/product"}],"about":[{"href":"https:\/\/distribucionarc.com\/fr\/wp-json\/wp\/v2\/types\/product"}],"replies":[{"embeddable":true,"href":"https:\/\/distribucionarc.com\/fr\/wp-json\/wp\/v2\/comments?post=2202"}],"version-history":[{"count":0,"href":"https:\/\/distribucionarc.com\/fr\/wp-json\/wp\/v2\/product\/2202\/revisions"}],"wp:featuredmedia":[{"embeddable":true,"href":"https:\/\/distribucionarc.com\/fr\/wp-json\/wp\/v2\/media\/2203"}],"wp:attachment":[{"href":"https:\/\/distribucionarc.com\/fr\/wp-json\/wp\/v2\/media?parent=2202"}],"wp:term":[{"taxonomy":"product_brand","embeddable":true,"href":"https:\/\/distribucionarc.com\/fr\/wp-json\/wp\/v2\/product_brand?post=2202"},{"taxonomy":"product_cat","embeddable":true,"href":"https:\/\/distribucionarc.com\/fr\/wp-json\/wp\/v2\/product_cat?post=2202"},{"taxonomy":"product_tag","embeddable":true,"href":"https:\/\/distribucionarc.com\/fr\/wp-json\/wp\/v2\/product_tag?post=2202"}],"curies":[{"name":"wp","href":"https:\/\/api.w.org\/{rel}","templated":true}]}}