{"id":2304,"date":"2020-08-14T10:40:14","date_gmt":"2020-08-14T10:40:14","guid":{"rendered":"https:\/\/distribucionarc.com\/?post_type=product&#038;p=2304"},"modified":"2020-09-30T11:59:21","modified_gmt":"2020-09-30T11:59:21","slug":"egouttoir-avec-drainage-et-1-coupe-humide-1-32-x-15-cm","status":"publish","type":"product","link":"https:\/\/distribucionarc.com\/fr\/producto\/bandeja-de-goteo-con-drenaje-y-1-moja-copas-1-32-x-15-cm\/","title":{"rendered":"Bac collecteur avec \u00e9gouttoir et 1 porte-gobelet 32 x 15 cm"},"content":{"rendered":"<h3>Bac de r\u00e9cup\u00e9ration avec \u00e9gouttage et 1 mouilleur de verre 32 x 15 cm<\/h3>\n<p>Le corps de ceci <strong>Plateau de bar ARC<\/strong> Il est fabriqu\u00e9 en acier inoxydable 304 avec rondelle ABS et entr\u00e9e et sortie d&#039;eau en laiton. Assure une protection contre la corrosion et la rouille.<\/p>\n<p>La chasse d&#039;eau utilise une vanne enti\u00e8rement en acier inoxydable 304 pour garantir la s\u00e9curit\u00e9 de l&#039;eau. Il dispose de cinq puissants trous de pulv\u00e9risation d&#039;eau qui offrent un nettoyage multidimensionnel et un nettoyage maximal.<\/p>\n<p>Les verres peuvent \u00eatre nettoy\u00e9s dans toutes les directions en les pla\u00e7ant simplement dans le <strong>lave-pot \u00e0 vapeur<\/strong> d&#039;une seule main. Ce <strong>rondelle \u00e0 coupelle <span style=\"color: #ff0000;\">\u00c0<\/span><span style=\"color: #0000ff;\">R.<\/span>CBGV100<\/strong> Il a une conception int\u00e9gr\u00e9e qui peut \u00eatre parfaitement int\u00e9gr\u00e9e dans la barre en fonction de la taille pour avoir plus d&#039;espace.<\/p>\n<h6><strong>Garantie\u00a0<\/strong><span style=\"color: #ff0000;\"><strong>\u00c0<\/strong><\/span><span style=\"color: #0000ff;\"><strong>R.<\/strong><\/span><strong>C 2 ANS<\/strong><\/h6>\n<h6><strong>support technique inclus<\/strong><\/h6>\n<p>&nbsp;<\/p>\n<table width=\"100%\">\n<tbody>\n<tr>\n<td>Gars:<\/td>\n<td width=\"50%\">Manuel<\/td>\n<td colspan=\"2\" width=\"327\"><\/td>\n<\/tr>\n<tr>\n<td>Pays de distribution\u00a0:<\/td>\n<td width=\"50%\">Espagne, Allemagne, \u00c9tats-Unis<\/td>\n<td>Poids:<\/td>\n<td width=\"50%\">650 g<\/td>\n<\/tr>\n<tr>\n<td>Marque:<\/td>\n<td width=\"50%\">ARC<\/td>\n<td>Hauteur:<\/td>\n<td width=\"50%\">3 cm<\/td>\n<\/tr>\n<tr>\n<td>Couleur:<\/td>\n<td width=\"50%\">Argent<\/td>\n<td>Long:<\/td>\n<td width=\"50%\">32,8 cm<\/td>\n<\/tr>\n<tr>\n<td>Type de produit\u00a0:<\/td>\n<td width=\"50%\">Bac d&#039;\u00e9gouttage<\/td>\n<td>Large:<\/td>\n<td width=\"50%\">15,5 cm<\/td>\n<\/tr>\n<tr>\n<td>Num\u00e9ro du fabricant :<\/td>\n<td width=\"50%\">ARCBGV100<\/td>\n<td>Diam\u00e8tre de nettoyage du verre :<\/td>\n<td width=\"50%\">11,5 cm<\/td>\n<\/tr>\n<tr>\n<td>Mat\u00e9riel:<\/td>\n<td width=\"50%\">Acier inoxydable 304 de qualit\u00e9 alimentaire<\/td>\n<td>Bac d&#039;\u00e9gouttage :<\/td>\n<td width=\"50%\">30,8 x 15,2 cm<\/td>\n<\/tr>\n<tr>\n<td>Outil d&#039;installation :<\/td>\n<td width=\"50%\">2 x tuyaux d&#039;entr\u00e9e et de sortie d&#039;eau<\/p>\n<p>2 x adaptateurs de conversion<\/td>\n<td>Pression d&#039;eau recommand\u00e9e :<\/td>\n<td width=\"50%\">15-30 PSI<\/td>\n<\/tr>\n<tr>\n<td>Garantie:<\/td>\n<td width=\"50%\">2 ANS<\/td>\n<td>\u00c9paisseur du mat\u00e9riau :<\/td>\n<td width=\"50%\">0,12 cm<\/td>\n<\/tr>\n<\/tbody>\n<\/table>","protected":false},"excerpt":{"rendered":"<h2>Bac de r\u00e9cup\u00e9ration avec \u00e9gouttage et 1 mouilleur de verre 32 x 15 cm<\/h2>\n<p>Ce<strong> lave-verres <span style=\"color: #ff0000;\">\u00c0<\/span><span style=\"color: #0000ff;\">R.<\/span>c<\/strong> pour le rin\u00e7age est un outil efficace pour nettoyer tous types de verres et r\u00e9cipients d&#039;un diam\u00e8tre inf\u00e9rieur \u00e0 12 cm. Offre plus de 80% d&#039;\u00e9conomies d&#039;eau par rapport au lavage des mains conventionnel. Avec 5 puissants trous de pulv\u00e9risation d&#039;eau, vos verres sont nettoy\u00e9s en 3 secondes.<\/p>\n<h6><strong>Garantie\u00a0<\/strong><span style=\"color: #ff0000;\"><strong>\u00c0<\/strong><\/span><span style=\"color: #0000ff;\"><strong>R.<\/strong><\/span><strong>C 2 ANS<\/strong><\/h6>\n<h6><strong>support technique inclus<\/strong><\/h6>","protected":false},"featured_media":2311,"comment_status":"open","ping_status":"closed","template":"","meta":{"wds_primary_product_brand":0,"wds_primary_product_cat":0},"product_brand":[],"product_cat":[64],"product_tag":[],"class_list":{"0":"post-2304","1":"product","2":"type-product","3":"status-publish","4":"has-post-thumbnail","6":"product_cat-fregaderos-mesas-de-apoyo-mesones-de-trabajo","7":"product_shipping_class-hosteleria","9":"first","10":"instock","11":"sale","12":"taxable","13":"shipping-taxable","14":"purchasable","15":"product-type-simple"},"yoast_head":"<!-- This site is optimized with the Yoast SEO Premium plugin v24.9 (Yoast SEO v26.1) - https:\/\/yoast.com\/wordpress\/plugins\/seo\/ -->\n<title>Bandeja de goteo con drenaje y 1 moja copas 32 x 15 cm - distribuci\u00f3n ARC<\/title>\n<meta name=\"robots\" content=\"index, follow, max-snippet:-1, max-image-preview:large, max-video-preview:-1\" \/>\n<link rel=\"canonical\" href=\"https:\/\/www.distribucionarc.com\/sk\/producto\/bandeja-de-goteo-con-drenaje-y-1-moja-copas-1-32-x-15-cm\/\" \/>\n<meta property=\"og:locale\" content=\"fr_FR\" \/>\n<meta property=\"og:type\" content=\"article\" \/>\n<meta property=\"og:title\" content=\"Bandeja de goteo con drenaje y 1 moja copas 32 x 15 cm\" \/>\n<meta property=\"og:description\" content=\"Bandeja de goteo con drenaje y\u00a0 1 moja copas \u00a032 x 15 cm Esta lavadora de vidrio ARC para enjuague es una herramienta eficiente para la limpieza de todo tipo de vasos y recipientes con un di\u00e1metro inferior a 12 cm. Ofrece m\u00e1s del 80% de ahorro de agua en comparaci\u00f3n con el lavado de manos convencional. Con 5 potentes orificios de pulverizaci\u00f3n de agua, sus vasos se limpian en 3 segundos. Garant\u00eda\u00a0ARC 2 A\u00d1OS soporte t\u00e9cnico\u00a0incluido\" \/>\n<meta property=\"og:url\" content=\"https:\/\/www.distribucionarc.com\/sk\/producto\/bandeja-de-goteo-con-drenaje-y-1-moja-copas-1-32-x-15-cm\/\" \/>\n<meta property=\"og:site_name\" content=\"distribuci\u00f3n ARC\" \/>\n<meta property=\"article:modified_time\" content=\"2020-09-30T11:59:21+00:00\" \/>\n<meta property=\"og:image\" content=\"https:\/\/www.distribucionarc.com\/wp-content\/uploads\/2020\/08\/Bandeja-de-goteo-con-drenaje-y-1-moja-copas-1-32-x-15-cm-0.jpg\" \/>\n\t<meta property=\"og:image:width\" content=\"1600\" \/>\n\t<meta property=\"og:image:height\" content=\"1600\" \/>\n\t<meta property=\"og:image:type\" content=\"image\/jpeg\" \/>\n<meta name=\"twitter:card\" content=\"summary_large_image\" \/>\n<meta name=\"twitter:label1\" content=\"Dur\u00e9e de lecture estim\u00e9e\" \/>\n\t<meta name=\"twitter:data1\" content=\"1 minute\" \/>\n<script type=\"application\/ld+json\" class=\"yoast-schema-graph\">{\"@context\":\"https:\/\/schema.org\",\"@graph\":[{\"@type\":\"WebPage\",\"@id\":\"https:\/\/www.distribucionarc.com\/sk\/producto\/bandeja-de-goteo-con-drenaje-y-1-moja-copas-1-32-x-15-cm\/\",\"url\":\"https:\/\/www.distribucionarc.com\/sk\/producto\/bandeja-de-goteo-con-drenaje-y-1-moja-copas-1-32-x-15-cm\/\",\"name\":\"Bandeja de goteo con drenaje y 1 moja copas 32 x 15 cm - distribuci\u00f3n ARC\",\"isPartOf\":{\"@id\":\"https:\/\/distribucionarc.com\/ro\/#website\"},\"primaryImageOfPage\":{\"@id\":\"https:\/\/www.distribucionarc.com\/sk\/producto\/bandeja-de-goteo-con-drenaje-y-1-moja-copas-1-32-x-15-cm\/#primaryimage\"},\"image\":{\"@id\":\"https:\/\/www.distribucionarc.com\/sk\/producto\/bandeja-de-goteo-con-drenaje-y-1-moja-copas-1-32-x-15-cm\/#primaryimage\"},\"thumbnailUrl\":\"https:\/\/distribucionarc.com\/wp-content\/uploads\/2020\/08\/Bandeja-de-goteo-con-drenaje-y-1-moja-copas-1-32-x-15-cm-0.jpg\",\"datePublished\":\"2020-08-14T10:40:14+00:00\",\"dateModified\":\"2020-09-30T11:59:21+00:00\",\"breadcrumb\":{\"@id\":\"https:\/\/www.distribucionarc.com\/sk\/producto\/bandeja-de-goteo-con-drenaje-y-1-moja-copas-1-32-x-15-cm\/#breadcrumb\"},\"inLanguage\":\"fr-FR\",\"potentialAction\":[{\"@type\":\"ReadAction\",\"target\":[\"https:\/\/www.distribucionarc.com\/sk\/producto\/bandeja-de-goteo-con-drenaje-y-1-moja-copas-1-32-x-15-cm\/\"]}]},{\"@type\":\"ImageObject\",\"inLanguage\":\"fr-FR\",\"@id\":\"https:\/\/www.distribucionarc.com\/sk\/producto\/bandeja-de-goteo-con-drenaje-y-1-moja-copas-1-32-x-15-cm\/#primaryimage\",\"url\":\"https:\/\/distribucionarc.com\/wp-content\/uploads\/2020\/08\/Bandeja-de-goteo-con-drenaje-y-1-moja-copas-1-32-x-15-cm-0.jpg\",\"contentUrl\":\"https:\/\/distribucionarc.com\/wp-content\/uploads\/2020\/08\/Bandeja-de-goteo-con-drenaje-y-1-moja-copas-1-32-x-15-cm-0.jpg\",\"width\":1600,\"height\":1600,\"caption\":\"Bandeja de goteo con drenaje y 1 moja copas 1 32 x 15 cm\"},{\"@type\":\"BreadcrumbList\",\"@id\":\"https:\/\/www.distribucionarc.com\/sk\/producto\/bandeja-de-goteo-con-drenaje-y-1-moja-copas-1-32-x-15-cm\/#breadcrumb\",\"itemListElement\":[{\"@type\":\"ListItem\",\"position\":1,\"name\":\"Portada\",\"item\":\"https:\/\/distribucionarc.com\/ar\/\"},{\"@type\":\"ListItem\",\"position\":2,\"name\":\"Proizvodi\",\"item\":\"https:\/\/www.distribucionarc.com\/hr\/ducan\/\"},{\"@type\":\"ListItem\",\"position\":3,\"name\":\"Bandeja de goteo con drenaje y 1 moja copas 32 x 15 cm\"}]},{\"@type\":\"WebSite\",\"@id\":\"https:\/\/distribucionarc.com\/ro\/#website\",\"url\":\"https:\/\/distribucionarc.com\/ro\/\",\"name\":\"distribuci\u00f3n ARC\",\"description\":\"Empresa especializada en la fabricaci\u00f3n y distribuci\u00f3n de maquinaria industrial, selladoras de latas, Maquinas de hacer pastillas, Maquinas de cortar carne...\",\"publisher\":{\"@id\":\"https:\/\/distribucionarc.com\/ro\/#organization\"},\"potentialAction\":[{\"@type\":\"SearchAction\",\"target\":{\"@type\":\"EntryPoint\",\"urlTemplate\":\"https:\/\/distribucionarc.com\/ro\/?s={search_term_string}\"},\"query-input\":{\"@type\":\"PropertyValueSpecification\",\"valueRequired\":true,\"valueName\":\"search_term_string\"}}],\"inLanguage\":\"fr-FR\"},{\"@type\":\"Organization\",\"@id\":\"https:\/\/distribucionarc.com\/ro\/#organization\",\"name\":\"Distribuci\u00f3n ARC\",\"url\":\"https:\/\/distribucionarc.com\/ro\/\",\"logo\":{\"@type\":\"ImageObject\",\"inLanguage\":\"fr-FR\",\"@id\":\"https:\/\/distribucionarc.com\/ro\/#\/schema\/logo\/image\/\",\"url\":\"https:\/\/distribucionarc.com\/wp-content\/uploads\/2024\/10\/distribucion-ARC-COLOR-SIN-FONDO-e1732295305345.png\",\"contentUrl\":\"https:\/\/distribucionarc.com\/wp-content\/uploads\/2024\/10\/distribucion-ARC-COLOR-SIN-FONDO-e1732295305345.png\",\"width\":1164,\"height\":558,\"caption\":\"Distribuci\u00f3n ARC\"},\"image\":{\"@id\":\"https:\/\/distribucionarc.com\/ro\/#\/schema\/logo\/image\/\"},\"description\":\"Empresa especializada en la fabricaci\u00f3n y distribuci\u00f3n de maquinaria industrial para los sectores alimentario y farmac\u00e9utico. Nos especializamos en: M\u00e1quinas de cortar carne Fabricaci\u00f3n de comprimidos Sistemas de transporte industrial L\u00edneas de embotellado Dosificadores Y mucho m\u00e1s... Ofrecemos soluciones innovadoras y personalizadas para optimizar los procesos productivos de tu empresa.\",\"email\":\"Admistracion@distribucionarc.com\",\"telephone\":\"+34 643496664\",\"legalName\":\"ARC TECH SOLUTIONS\",\"foundingDate\":\"2024-04-09\",\"vatID\":\"B55480172\",\"numberOfEmployees\":{\"@type\":\"QuantitativeValue\",\"minValue\":\"1\",\"maxValue\":\"10\"}}]}<\/script>\n<!-- \/ Yoast SEO Premium plugin. -->","yoast_head_json":{"title":"Bac de r\u00e9cup\u00e9ration avec \u00e9gouttage et 1 mouilleur de verre 32 x 15 cm - Distribution ARC","robots":{"index":"index","follow":"follow","max-snippet":"max-snippet:-1","max-image-preview":"max-image-preview:large","max-video-preview":"max-video-preview:-1"},"canonical":"https:\/\/www.distribucionarc.com\/sk\/producto\/bandeja-de-goteo-con-drenaje-y-1-moja-copas-1-32-x-15-cm\/","og_locale":"fr_FR","og_type":"article","og_title":"Bandeja de goteo con drenaje y 1 moja copas 32 x 15 cm","og_description":"Bandeja de goteo con drenaje y\u00a0 1 moja copas \u00a032 x 15 cm Esta lavadora de vidrio ARC para enjuague es una herramienta eficiente para la limpieza de todo tipo de vasos y recipientes con un di\u00e1metro inferior a 12 cm. Ofrece m\u00e1s del 80% de ahorro de agua en comparaci\u00f3n con el lavado de manos convencional. Con 5 potentes orificios de pulverizaci\u00f3n de agua, sus vasos se limpian en 3 segundos. Garant\u00eda\u00a0ARC 2 A\u00d1OS soporte t\u00e9cnico\u00a0incluido","og_url":"https:\/\/www.distribucionarc.com\/sk\/producto\/bandeja-de-goteo-con-drenaje-y-1-moja-copas-1-32-x-15-cm\/","og_site_name":"distribuci\u00f3n ARC","article_modified_time":"2020-09-30T11:59:21+00:00","og_image":[{"width":1600,"height":1600,"url":"https:\/\/www.distribucionarc.com\/wp-content\/uploads\/2020\/08\/Bandeja-de-goteo-con-drenaje-y-1-moja-copas-1-32-x-15-cm-0.jpg","type":"image\/jpeg"}],"twitter_card":"summary_large_image","twitter_misc":{"Dur\u00e9e de lecture estim\u00e9e":"1 minute"},"schema":{"@context":"https:\/\/schema.org","@graph":[{"@type":"WebPage","@id":"https:\/\/www.distribucionarc.com\/sk\/producto\/bandeja-de-goteo-con-drenaje-y-1-moja-copas-1-32-x-15-cm\/","url":"https:\/\/www.distribucionarc.com\/sk\/producto\/bandeja-de-goteo-con-drenaje-y-1-moja-copas-1-32-x-15-cm\/","name":"Bac de r\u00e9cup\u00e9ration avec \u00e9gouttage et 1 mouilleur de verre 32 x 15 cm - Distribution ARC","isPartOf":{"@id":"https:\/\/distribucionarc.com\/ro\/#website"},"primaryImageOfPage":{"@id":"https:\/\/www.distribucionarc.com\/sk\/producto\/bandeja-de-goteo-con-drenaje-y-1-moja-copas-1-32-x-15-cm\/#primaryimage"},"image":{"@id":"https:\/\/www.distribucionarc.com\/sk\/producto\/bandeja-de-goteo-con-drenaje-y-1-moja-copas-1-32-x-15-cm\/#primaryimage"},"thumbnailUrl":"https:\/\/distribucionarc.com\/wp-content\/uploads\/2020\/08\/Bandeja-de-goteo-con-drenaje-y-1-moja-copas-1-32-x-15-cm-0.jpg","datePublished":"2020-08-14T10:40:14+00:00","dateModified":"2020-09-30T11:59:21+00:00","breadcrumb":{"@id":"https:\/\/www.distribucionarc.com\/sk\/producto\/bandeja-de-goteo-con-drenaje-y-1-moja-copas-1-32-x-15-cm\/#breadcrumb"},"inLanguage":"fr-FR","potentialAction":[{"@type":"ReadAction","target":["https:\/\/www.distribucionarc.com\/sk\/producto\/bandeja-de-goteo-con-drenaje-y-1-moja-copas-1-32-x-15-cm\/"]}]},{"@type":"ImageObject","inLanguage":"fr-FR","@id":"https:\/\/www.distribucionarc.com\/sk\/producto\/bandeja-de-goteo-con-drenaje-y-1-moja-copas-1-32-x-15-cm\/#primaryimage","url":"https:\/\/distribucionarc.com\/wp-content\/uploads\/2020\/08\/Bandeja-de-goteo-con-drenaje-y-1-moja-copas-1-32-x-15-cm-0.jpg","contentUrl":"https:\/\/distribucionarc.com\/wp-content\/uploads\/2020\/08\/Bandeja-de-goteo-con-drenaje-y-1-moja-copas-1-32-x-15-cm-0.jpg","width":1600,"height":1600,"caption":"Bandeja de goteo con drenaje y 1 moja copas 1 32 x 15 cm"},{"@type":"BreadcrumbList","@id":"https:\/\/www.distribucionarc.com\/sk\/producto\/bandeja-de-goteo-con-drenaje-y-1-moja-copas-1-32-x-15-cm\/#breadcrumb","itemListElement":[{"@type":"ListItem","position":1,"name":"Portada","item":"https:\/\/distribucionarc.com\/ar\/"},{"@type":"ListItem","position":2,"name":"Proizvodi","item":"https:\/\/www.distribucionarc.com\/hr\/ducan\/"},{"@type":"ListItem","position":3,"name":"Bandeja de goteo con drenaje y 1 moja copas 32 x 15 cm"}]},{"@type":"WebSite","@id":"https:\/\/distribucionarc.com\/ro\/#website","url":"https:\/\/distribucionarc.com\/ro\/","name":"R\u00e9partition de l&#039;ARC","description":"Entreprise sp\u00e9cialis\u00e9e dans la fabrication et la distribution de machines industrielles, scelleuses de bo\u00eetes, machines \u00e0 comprim\u00e9s, machines \u00e0 d\u00e9couper la viande...","publisher":{"@id":"https:\/\/distribucionarc.com\/ro\/#organization"},"potentialAction":[{"@type":"SearchAction","target":{"@type":"EntryPoint","urlTemplate":"https:\/\/distribucionarc.com\/ro\/?s={search_term_string}"},"query-input":{"@type":"PropertyValueSpecification","valueRequired":true,"valueName":"search_term_string"}}],"inLanguage":"fr-FR"},{"@type":"Organization","@id":"https:\/\/distribucionarc.com\/ro\/#organization","name":"Distribution ARC","url":"https:\/\/distribucionarc.com\/ro\/","logo":{"@type":"ImageObject","inLanguage":"fr-FR","@id":"https:\/\/distribucionarc.com\/ro\/#\/schema\/logo\/image\/","url":"https:\/\/distribucionarc.com\/wp-content\/uploads\/2024\/10\/distribucion-ARC-COLOR-SIN-FONDO-e1732295305345.png","contentUrl":"https:\/\/distribucionarc.com\/wp-content\/uploads\/2024\/10\/distribucion-ARC-COLOR-SIN-FONDO-e1732295305345.png","width":1164,"height":558,"caption":"Distribuci\u00f3n ARC"},"image":{"@id":"https:\/\/distribucionarc.com\/ro\/#\/schema\/logo\/image\/"},"description":"Entreprise sp\u00e9cialis\u00e9e dans la fabrication et la distribution de machines industrielles pour les secteurs alimentaire et pharmaceutique. Nous sommes sp\u00e9cialis\u00e9s dans : Machines \u00e0 couper la viande Fabrication de comprim\u00e9s Syst\u00e8mes de transport industriel Lignes d'embouteillage Machines de dosage Et bien plus encore... Nous proposons des solutions innovantes et personnalis\u00e9es pour optimiser les processus de production de votre entreprise.","email":"Admistracion@distribucionarc.com","telephone":"+34 643496664","legalName":"ARC TECH SOLUTIONS","foundingDate":"2024-04-09","vatID":"B55480172","numberOfEmployees":{"@type":"QuantitativeValue","minValue":"1","maxValue":"10"}}]}},"_links":{"self":[{"href":"https:\/\/distribucionarc.com\/fr\/wp-json\/wp\/v2\/product\/2304","targetHints":{"allow":["GET"]}}],"collection":[{"href":"https:\/\/distribucionarc.com\/fr\/wp-json\/wp\/v2\/product"}],"about":[{"href":"https:\/\/distribucionarc.com\/fr\/wp-json\/wp\/v2\/types\/product"}],"replies":[{"embeddable":true,"href":"https:\/\/distribucionarc.com\/fr\/wp-json\/wp\/v2\/comments?post=2304"}],"version-history":[{"count":0,"href":"https:\/\/distribucionarc.com\/fr\/wp-json\/wp\/v2\/product\/2304\/revisions"}],"wp:featuredmedia":[{"embeddable":true,"href":"https:\/\/distribucionarc.com\/fr\/wp-json\/wp\/v2\/media\/2311"}],"wp:attachment":[{"href":"https:\/\/distribucionarc.com\/fr\/wp-json\/wp\/v2\/media?parent=2304"}],"wp:term":[{"taxonomy":"product_brand","embeddable":true,"href":"https:\/\/distribucionarc.com\/fr\/wp-json\/wp\/v2\/product_brand?post=2304"},{"taxonomy":"product_cat","embeddable":true,"href":"https:\/\/distribucionarc.com\/fr\/wp-json\/wp\/v2\/product_cat?post=2304"},{"taxonomy":"product_tag","embeddable":true,"href":"https:\/\/distribucionarc.com\/fr\/wp-json\/wp\/v2\/product_tag?post=2304"}],"curies":[{"name":"wp","href":"https:\/\/api.w.org\/{rel}","templated":true}]}}