{"id":2440,"date":"2020-08-18T11:37:11","date_gmt":"2020-08-18T11:37:11","guid":{"rendered":"https:\/\/distribucionarc.com\/?post_type=product&#038;p=2440"},"modified":"2020-09-30T15:18:08","modified_gmt":"2020-09-30T15:18:08","slug":"presse-agrumes-orange-automatique","status":"publish","type":"product","link":"https:\/\/distribucionarc.com\/fr\/producto\/maquina-exprimidor-automatico-de-naranjas\/","title":{"rendered":"Presse-agrumes automatique pour oranges"},"content":{"rendered":"<h2>Presse-agrumes automatique pour oranges<\/h2>\n<p>Le <strong>machine \u00e0 jus d&#039;orange <span style=\"color: #ff0000;\">\u00c0<\/span><span style=\"color: #0000ff;\">R.<\/span>c<\/strong> Il est fabriqu\u00e9 avec une coque ext\u00e9rieure robuste en acier inoxydable de qualit\u00e9 alimentaire et un couvercle en acier inoxydable. Il n&#039;est pas facile de rayer ou de rouiller. Il est \u00e9quip\u00e9 d&#039;un panier de stockage de fruits de grande capacit\u00e9, ce qui am\u00e9liore l&#039;efficacit\u00e9 du travail. Convient aux oranges d&#039;un diam\u00e8tre de 4 \u00e0 8 cm<\/p>\n<p>Le rendement en jus est <strong>augmente de 5% par rapport aux autres machines<\/strong> gr\u00e2ce \u00e0 son syst\u00e8me de d\u00e9coupe et de pression. Peut <strong><span style=\"color: #ff9900;\">jus jusqu&#039;\u00e0 22-30 oranges par minute<\/span>.<\/strong><\/p>\n<p>Ce <strong>presse-agrumes automatique <span style=\"color: #ff0000;\">\u00c0<\/span><span style=\"color: #0000ff;\">R.<\/span>CEAN22<\/strong> Une bo\u00eete de filtre de type amovible int\u00e9gr\u00e9e am\u00e9lior\u00e9e (peut \u00eatre retir\u00e9e avec la bo\u00eete \u00e0 eau). En plus des deux seaux de collecte des \u00e9corces fix\u00e9s pour collecter les \u00e9corces et les d\u00e9bris apr\u00e8s l&#039;extraction du jus, le bac d&#039;\u00e9gouttage est utilis\u00e9 pour contenir les gobelets \u00e0 jus. Ils sont tous faciles \u00e0 monter et \u00e0 d\u00e9monter pour un nettoyage facile.<\/p>\n<p>Il y a un couvercle de protection autour de l&#039;interrupteur marche\/arr\u00eat, qui garantit son \u00e9tanch\u00e9it\u00e9 et son anti-fuite ; La machine cessera de fonctionner sans le couvercle en acier inoxydable pour assurer la s\u00e9curit\u00e9 de l&#039;op\u00e9rateur.<\/p>\n<h6><\/h6>\n<h6>Garantie<strong>\u00a0<\/strong><span style=\"color: #ff0000;\"><strong>\u00c0<\/strong><\/span><span style=\"color: #0000ff;\"><strong>R.<\/strong><\/span><strong>C 2 ANS<\/strong><\/h6>\n<h6><span style=\"color: #008000;\">Moteur \u00e0 faible consommation le plus efficace de 100 W<\/span><\/h6>\n<h6>support technique inclus<\/h6>\n<p>&nbsp;<\/p>\n<table role=\"presentation\" width=\"100%\" cellspacing=\"0\" cellpadding=\"0\">\n<tbody>\n<tr>\n<td class=\"attrLabels\">Garantie:<\/td>\n<td width=\"50.0%\">2 ANS<\/td>\n<\/tr>\n<tr>\n<td class=\"attrLabels\">Couleur:<\/td>\n<td width=\"50.0%\">Argent<\/td>\n<td class=\"attrLabels\">Hauteur:<\/td>\n<td width=\"50.0%\">78,5 cm<\/td>\n<\/tr>\n<tr>\n<td class=\"attrLabels\">Pays de distribution\u00a0:<\/td>\n<td width=\"50.0%\">Espagne, Allemagne, \u00c9tats-Unis<\/td>\n<td class=\"attrLabels\">Long:<\/td>\n<td width=\"50.0%\">54 cm<\/td>\n<\/tr>\n<tr>\n<td class=\"attrLabels\">Marque:<\/td>\n<td width=\"50.0%\">ARC<\/td>\n<td class=\"attrLabels\">Large:<\/td>\n<td width=\"50.0%\">\u00a0 34 cm<\/td>\n<\/tr>\n<tr>\n<td class=\"attrLabels\">Type de produit\u00a0:<\/td>\n<td width=\"50.0%\">M\u00e9langeur professionnel<\/td>\n<td class=\"attrLabels\">Pouvoir:<\/td>\n<td width=\"50.0%\">100W<\/td>\n<\/tr>\n<tr>\n<td class=\"attrLabels\">Num\u00e9ro du fabricant :<\/td>\n<td width=\"50.0%\">ARC\u00c9AN22<\/td>\n<td class=\"attrLabels\">tension:<\/td>\n<td width=\"50.0%\">110 V 60 Hz<\/p>\n<p>220 V 50 Hz<\/td>\n<\/tr>\n<tr>\n<td class=\"attrLabels\">Mat\u00e9riel:<\/td>\n<td width=\"50.0%\">Acier inoxydable 304, moteur efficace<\/td>\n<td class=\"attrLabels\">Temps de jus\u00a0:<\/td>\n<td width=\"50.0%\">22-30 pi\u00e8ces par minute<\/td>\n<\/tr>\n<tr>\n<td class=\"attrLabels\">Outils d&#039;installation\u00a0:<\/td>\n<td width=\"50.0%\">Ouais<\/td>\n<td class=\"attrLabels\">Diam\u00e8tre orange :<\/td>\n<td width=\"50.0%\">4 \u2013 8 cm<\/td>\n<\/tr>\n<tr>\n<td class=\"attrLabels\">Poids:<\/td>\n<td width=\"50.0%\">44,8 kg<\/td>\n<td class=\"attrLabels\">Capacit\u00e9 du panier :<\/td>\n<td width=\"50.0%\">4 \u00e0 8 kg selon la taille<\/td>\n<\/tr>\n<\/tbody>\n<\/table>","protected":false},"excerpt":{"rendered":"<h2>Presse-agrumes automatique pour oranges<\/h2>\n<p>Le<strong> presse-agrumes <span style=\"color: #ff0000;\">\u00c0<\/span><span style=\"color: #0000ff;\">R.<\/span>c<\/strong> Il a un design attrayant et est fabriqu\u00e9 en acier inoxydable de qualit\u00e9 alimentaire de haute qualit\u00e9. Il peut extraire efficacement le jus des oranges, des citrons, des limes, etc. La machine p\u00e8le la peau, produit des jus frais et filtre automatiquement. Vous obtiendrez de d\u00e9licieux jus frais sans additifs en remplissant le panier du <strong>presse-agrumes automatique<\/strong> et en appuyant sur le bouton de d\u00e9marrage.<\/p>\n<h6>Garantie<strong>\u00a0<\/strong><span style=\"color: #ff0000;\"><strong>\u00c0<\/strong><\/span><span style=\"color: #0000ff;\"><strong>R.<\/strong><\/span><strong>C 2 ANS<\/strong><\/h6>\n<h6><span style=\"color: #008000;\">Moteur \u00e0 faible consommation le plus efficace de 100 W<\/span><\/h6>\n<h6>support technique inclus<\/h6>","protected":false},"featured_media":2447,"comment_status":"open","ping_status":"closed","template":"","meta":{"wds_primary_product_brand":0,"wds_primary_product_cat":0},"product_brand":[],"product_cat":[65],"product_tag":[],"class_list":{"0":"post-2440","1":"product","2":"type-product","3":"status-publish","4":"has-post-thumbnail","6":"product_cat-maquinaria-industrial-para-procesar-fruta-verdura-panales","7":"product_shipping_class-express","9":"first","10":"instock","11":"sale","12":"taxable","13":"shipping-taxable","14":"purchasable","15":"product-type-simple"},"yoast_head":"<!-- This site is optimized with the Yoast SEO Premium plugin v24.9 (Yoast SEO v26.1) - https:\/\/yoast.com\/wordpress\/plugins\/seo\/ -->\n<title>M\u00e1quina exprimidor autom\u00e1tico de naranjas - distribuci\u00f3n ARC<\/title>\n<meta name=\"robots\" content=\"index, follow, max-snippet:-1, max-image-preview:large, max-video-preview:-1\" \/>\n<link rel=\"canonical\" href=\"https:\/\/distribucionarc.com\/fr\/produit\/presse-agrumes-orange-automatique\/\" \/>\n<meta property=\"og:locale\" content=\"fr_FR\" \/>\n<meta property=\"og:type\" content=\"article\" \/>\n<meta property=\"og:title\" content=\"M\u00e1quina exprimidor autom\u00e1tico de naranjas\" \/>\n<meta property=\"og:description\" content=\"M\u00e1quina exprimidor autom\u00e1tico de naranjas La m\u00e1quina de exprimidora ARC tiene un dise\u00f1o atractivo y est\u00e1 hecha de acero inoxidable de calidad alimentaria de alta calidad. Puede extraer eficazmente el zumo de naranjas, limones, limas, etc. La m\u00e1quina pela la piel, produce zumos frescos y se filtra autom\u00e1ticamente. Obtendr\u00e1 deliciosos jugos frescos sin aditivos llenando la cesta del exprimidor autom\u00e1tico y accionando el bot\u00f3n de inicio. Garant\u00eda\u00a0ARC 2 A\u00d1OS motor m\u00e1s eficiente bajo consumo 100W soporte t\u00e9cnico\u00a0incluido\" \/>\n<meta property=\"og:url\" content=\"https:\/\/distribucionarc.com\/fr\/produit\/presse-agrumes-orange-automatique\/\" \/>\n<meta property=\"og:site_name\" content=\"distribuci\u00f3n ARC\" \/>\n<meta property=\"article:modified_time\" content=\"2020-09-30T15:18:08+00:00\" \/>\n<meta property=\"og:image\" content=\"https:\/\/distribucionarc.com\/wp-content\/uploads\/2020\/08\/M\u00e1quina-exprimidor-autom\u00e1tico-de-naranjas-0.jpg\" \/>\n\t<meta property=\"og:image:width\" content=\"1600\" \/>\n\t<meta property=\"og:image:height\" content=\"1600\" \/>\n\t<meta property=\"og:image:type\" content=\"image\/jpeg\" \/>\n<meta name=\"twitter:card\" content=\"summary_large_image\" \/>\n<meta name=\"twitter:label1\" content=\"Dur\u00e9e de lecture estim\u00e9e\" \/>\n\t<meta name=\"twitter:data1\" content=\"1 minute\" \/>\n<script type=\"application\/ld+json\" class=\"yoast-schema-graph\">{\"@context\":\"https:\/\/schema.org\",\"@graph\":[{\"@type\":\"WebPage\",\"@id\":\"https:\/\/distribucionarc.com\/el\/producto\/maquina-exprimidor-automatico-de-naranjas\/\",\"url\":\"https:\/\/distribucionarc.com\/el\/producto\/maquina-exprimidor-automatico-de-naranjas\/\",\"name\":\"M\u00e1quina exprimidor autom\u00e1tico de naranjas - distribuci\u00f3n ARC\",\"isPartOf\":{\"@id\":\"https:\/\/www.distribucionarc.com\/sl\/#website\"},\"primaryImageOfPage\":{\"@id\":\"https:\/\/distribucionarc.com\/el\/producto\/maquina-exprimidor-automatico-de-naranjas\/#primaryimage\"},\"image\":{\"@id\":\"https:\/\/distribucionarc.com\/el\/producto\/maquina-exprimidor-automatico-de-naranjas\/#primaryimage\"},\"thumbnailUrl\":\"https:\/\/distribucionarc.com\/wp-content\/uploads\/2020\/08\/M\u00e1quina-exprimidor-autom\u00e1tico-de-naranjas-0.jpg\",\"datePublished\":\"2020-08-18T11:37:11+00:00\",\"dateModified\":\"2020-09-30T15:18:08+00:00\",\"breadcrumb\":{\"@id\":\"https:\/\/distribucionarc.com\/el\/producto\/maquina-exprimidor-automatico-de-naranjas\/#breadcrumb\"},\"inLanguage\":\"fr-FR\",\"potentialAction\":[{\"@type\":\"ReadAction\",\"target\":[\"https:\/\/distribucionarc.com\/el\/producto\/maquina-exprimidor-automatico-de-naranjas\/\"]}]},{\"@type\":\"ImageObject\",\"inLanguage\":\"fr-FR\",\"@id\":\"https:\/\/distribucionarc.com\/el\/producto\/maquina-exprimidor-automatico-de-naranjas\/#primaryimage\",\"url\":\"https:\/\/distribucionarc.com\/wp-content\/uploads\/2020\/08\/M\u00e1quina-exprimidor-autom\u00e1tico-de-naranjas-0.jpg\",\"contentUrl\":\"https:\/\/distribucionarc.com\/wp-content\/uploads\/2020\/08\/M\u00e1quina-exprimidor-autom\u00e1tico-de-naranjas-0.jpg\",\"width\":1600,\"height\":1600,\"caption\":\"M\u00e1quina exprimidor autom\u00e1tico de naranjas\"},{\"@type\":\"BreadcrumbList\",\"@id\":\"https:\/\/distribucionarc.com\/el\/producto\/maquina-exprimidor-automatico-de-naranjas\/#breadcrumb\",\"itemListElement\":[{\"@type\":\"ListItem\",\"position\":1,\"name\":\"Portada\",\"item\":\"https:\/\/www.distribucionarc.com\/\"},{\"@type\":\"ListItem\",\"position\":2,\"name\":\"\u00dcr\u00fcnler\",\"item\":\"https:\/\/www.distribucionarc.com\/tr\/magaza\/\"},{\"@type\":\"ListItem\",\"position\":3,\"name\":\"M\u00e1quina exprimidor autom\u00e1tico de naranjas\"}]},{\"@type\":\"WebSite\",\"@id\":\"https:\/\/www.distribucionarc.com\/sl\/#website\",\"url\":\"https:\/\/www.distribucionarc.com\/sl\/\",\"name\":\"distribuci\u00f3n ARC\",\"description\":\"Empresa especializada en la fabricaci\u00f3n y distribuci\u00f3n de maquinaria industrial, selladoras de latas, Maquinas de hacer pastillas, Maquinas de cortar carne...\",\"publisher\":{\"@id\":\"https:\/\/www.distribucionarc.com\/sl\/#organization\"},\"potentialAction\":[{\"@type\":\"SearchAction\",\"target\":{\"@type\":\"EntryPoint\",\"urlTemplate\":\"https:\/\/www.distribucionarc.com\/sl\/?s={search_term_string}\"},\"query-input\":{\"@type\":\"PropertyValueSpecification\",\"valueRequired\":true,\"valueName\":\"search_term_string\"}}],\"inLanguage\":\"fr-FR\"},{\"@type\":\"Organization\",\"@id\":\"https:\/\/www.distribucionarc.com\/sl\/#organization\",\"name\":\"Distribuci\u00f3n ARC\",\"url\":\"https:\/\/www.distribucionarc.com\/sl\/\",\"logo\":{\"@type\":\"ImageObject\",\"inLanguage\":\"fr-FR\",\"@id\":\"https:\/\/www.distribucionarc.com\/sl\/#\/schema\/logo\/image\/\",\"url\":\"https:\/\/distribucionarc.com\/wp-content\/uploads\/2024\/10\/distribucion-ARC-COLOR-SIN-FONDO-e1732295305345.png\",\"contentUrl\":\"https:\/\/distribucionarc.com\/wp-content\/uploads\/2024\/10\/distribucion-ARC-COLOR-SIN-FONDO-e1732295305345.png\",\"width\":1164,\"height\":558,\"caption\":\"Distribuci\u00f3n ARC\"},\"image\":{\"@id\":\"https:\/\/www.distribucionarc.com\/sl\/#\/schema\/logo\/image\/\"},\"description\":\"Empresa especializada en la fabricaci\u00f3n y distribuci\u00f3n de maquinaria industrial para los sectores alimentario y farmac\u00e9utico. Nos especializamos en: M\u00e1quinas de cortar carne Fabricaci\u00f3n de comprimidos Sistemas de transporte industrial L\u00edneas de embotellado Dosificadores Y mucho m\u00e1s... Ofrecemos soluciones innovadoras y personalizadas para optimizar los procesos productivos de tu empresa.\",\"email\":\"Admistracion@distribucionarc.com\",\"telephone\":\"+34 643496664\",\"legalName\":\"ARC TECH SOLUTIONS\",\"foundingDate\":\"2024-04-09\",\"vatID\":\"B55480172\",\"numberOfEmployees\":{\"@type\":\"QuantitativeValue\",\"minValue\":\"1\",\"maxValue\":\"10\"}}]}<\/script>\n<!-- \/ Yoast SEO Premium plugin. -->","yoast_head_json":{"title":"Presse-agrumes automatique pour oranges - ARC distribution","robots":{"index":"index","follow":"follow","max-snippet":"max-snippet:-1","max-image-preview":"max-image-preview:large","max-video-preview":"max-video-preview:-1"},"canonical":"https:\/\/distribucionarc.com\/fr\/produit\/presse-agrumes-orange-automatique\/","og_locale":"fr_FR","og_type":"article","og_title":"M\u00e1quina exprimidor autom\u00e1tico de naranjas","og_description":"M\u00e1quina exprimidor autom\u00e1tico de naranjas La m\u00e1quina de exprimidora ARC tiene un dise\u00f1o atractivo y est\u00e1 hecha de acero inoxidable de calidad alimentaria de alta calidad. Puede extraer eficazmente el zumo de naranjas, limones, limas, etc. La m\u00e1quina pela la piel, produce zumos frescos y se filtra autom\u00e1ticamente. Obtendr\u00e1 deliciosos jugos frescos sin aditivos llenando la cesta del exprimidor autom\u00e1tico y accionando el bot\u00f3n de inicio. Garant\u00eda\u00a0ARC 2 A\u00d1OS motor m\u00e1s eficiente bajo consumo 100W soporte t\u00e9cnico\u00a0incluido","og_url":"https:\/\/distribucionarc.com\/fr\/produit\/presse-agrumes-orange-automatique\/","og_site_name":"distribuci\u00f3n ARC","article_modified_time":"2020-09-30T15:18:08+00:00","og_image":[{"width":1600,"height":1600,"url":"https:\/\/distribucionarc.com\/wp-content\/uploads\/2020\/08\/M\u00e1quina-exprimidor-autom\u00e1tico-de-naranjas-0.jpg","type":"image\/jpeg"}],"twitter_card":"summary_large_image","twitter_misc":{"Dur\u00e9e de lecture estim\u00e9e":"1 minute"},"schema":{"@context":"https:\/\/schema.org","@graph":[{"@type":"WebPage","@id":"https:\/\/distribucionarc.com\/el\/producto\/maquina-exprimidor-automatico-de-naranjas\/","url":"https:\/\/distribucionarc.com\/el\/producto\/maquina-exprimidor-automatico-de-naranjas\/","name":"Presse-agrumes automatique pour oranges - ARC distribution","isPartOf":{"@id":"https:\/\/www.distribucionarc.com\/sl\/#website"},"primaryImageOfPage":{"@id":"https:\/\/distribucionarc.com\/el\/producto\/maquina-exprimidor-automatico-de-naranjas\/#primaryimage"},"image":{"@id":"https:\/\/distribucionarc.com\/el\/producto\/maquina-exprimidor-automatico-de-naranjas\/#primaryimage"},"thumbnailUrl":"https:\/\/distribucionarc.com\/wp-content\/uploads\/2020\/08\/M\u00e1quina-exprimidor-autom\u00e1tico-de-naranjas-0.jpg","datePublished":"2020-08-18T11:37:11+00:00","dateModified":"2020-09-30T15:18:08+00:00","breadcrumb":{"@id":"https:\/\/distribucionarc.com\/el\/producto\/maquina-exprimidor-automatico-de-naranjas\/#breadcrumb"},"inLanguage":"fr-FR","potentialAction":[{"@type":"ReadAction","target":["https:\/\/distribucionarc.com\/el\/producto\/maquina-exprimidor-automatico-de-naranjas\/"]}]},{"@type":"ImageObject","inLanguage":"fr-FR","@id":"https:\/\/distribucionarc.com\/el\/producto\/maquina-exprimidor-automatico-de-naranjas\/#primaryimage","url":"https:\/\/distribucionarc.com\/wp-content\/uploads\/2020\/08\/M\u00e1quina-exprimidor-autom\u00e1tico-de-naranjas-0.jpg","contentUrl":"https:\/\/distribucionarc.com\/wp-content\/uploads\/2020\/08\/M\u00e1quina-exprimidor-autom\u00e1tico-de-naranjas-0.jpg","width":1600,"height":1600,"caption":"M\u00e1quina exprimidor autom\u00e1tico de naranjas"},{"@type":"BreadcrumbList","@id":"https:\/\/distribucionarc.com\/el\/producto\/maquina-exprimidor-automatico-de-naranjas\/#breadcrumb","itemListElement":[{"@type":"ListItem","position":1,"name":"Portada","item":"https:\/\/www.distribucionarc.com\/"},{"@type":"ListItem","position":2,"name":"\u00dcr\u00fcnler","item":"https:\/\/www.distribucionarc.com\/tr\/magaza\/"},{"@type":"ListItem","position":3,"name":"M\u00e1quina exprimidor autom\u00e1tico de naranjas"}]},{"@type":"WebSite","@id":"https:\/\/www.distribucionarc.com\/sl\/#website","url":"https:\/\/www.distribucionarc.com\/sl\/","name":"R\u00e9partition de l&#039;ARC","description":"Entreprise sp\u00e9cialis\u00e9e dans la fabrication et la distribution de machines industrielles, scelleuses de bo\u00eetes, machines \u00e0 comprim\u00e9s, machines \u00e0 d\u00e9couper la viande...","publisher":{"@id":"https:\/\/www.distribucionarc.com\/sl\/#organization"},"potentialAction":[{"@type":"SearchAction","target":{"@type":"EntryPoint","urlTemplate":"https:\/\/www.distribucionarc.com\/sl\/?s={search_term_string}"},"query-input":{"@type":"PropertyValueSpecification","valueRequired":true,"valueName":"search_term_string"}}],"inLanguage":"fr-FR"},{"@type":"Organization","@id":"https:\/\/www.distribucionarc.com\/sl\/#organization","name":"Distribution ARC","url":"https:\/\/www.distribucionarc.com\/sl\/","logo":{"@type":"ImageObject","inLanguage":"fr-FR","@id":"https:\/\/www.distribucionarc.com\/sl\/#\/schema\/logo\/image\/","url":"https:\/\/distribucionarc.com\/wp-content\/uploads\/2024\/10\/distribucion-ARC-COLOR-SIN-FONDO-e1732295305345.png","contentUrl":"https:\/\/distribucionarc.com\/wp-content\/uploads\/2024\/10\/distribucion-ARC-COLOR-SIN-FONDO-e1732295305345.png","width":1164,"height":558,"caption":"Distribuci\u00f3n ARC"},"image":{"@id":"https:\/\/www.distribucionarc.com\/sl\/#\/schema\/logo\/image\/"},"description":"Entreprise sp\u00e9cialis\u00e9e dans la fabrication et la distribution de machines industrielles pour les secteurs alimentaire et pharmaceutique. Nous sommes sp\u00e9cialis\u00e9s dans : Machines \u00e0 couper la viande Fabrication de comprim\u00e9s Syst\u00e8mes de transport industriel Lignes d'embouteillage Machines de dosage Et bien plus encore... Nous proposons des solutions innovantes et personnalis\u00e9es pour optimiser les processus de production de votre entreprise.","email":"Admistracion@distribucionarc.com","telephone":"+34 643496664","legalName":"ARC TECH SOLUTIONS","foundingDate":"2024-04-09","vatID":"B55480172","numberOfEmployees":{"@type":"QuantitativeValue","minValue":"1","maxValue":"10"}}]}},"_links":{"self":[{"href":"https:\/\/distribucionarc.com\/fr\/wp-json\/wp\/v2\/product\/2440","targetHints":{"allow":["GET"]}}],"collection":[{"href":"https:\/\/distribucionarc.com\/fr\/wp-json\/wp\/v2\/product"}],"about":[{"href":"https:\/\/distribucionarc.com\/fr\/wp-json\/wp\/v2\/types\/product"}],"replies":[{"embeddable":true,"href":"https:\/\/distribucionarc.com\/fr\/wp-json\/wp\/v2\/comments?post=2440"}],"version-history":[{"count":0,"href":"https:\/\/distribucionarc.com\/fr\/wp-json\/wp\/v2\/product\/2440\/revisions"}],"wp:featuredmedia":[{"embeddable":true,"href":"https:\/\/distribucionarc.com\/fr\/wp-json\/wp\/v2\/media\/2447"}],"wp:attachment":[{"href":"https:\/\/distribucionarc.com\/fr\/wp-json\/wp\/v2\/media?parent=2440"}],"wp:term":[{"taxonomy":"product_brand","embeddable":true,"href":"https:\/\/distribucionarc.com\/fr\/wp-json\/wp\/v2\/product_brand?post=2440"},{"taxonomy":"product_cat","embeddable":true,"href":"https:\/\/distribucionarc.com\/fr\/wp-json\/wp\/v2\/product_cat?post=2440"},{"taxonomy":"product_tag","embeddable":true,"href":"https:\/\/distribucionarc.com\/fr\/wp-json\/wp\/v2\/product_tag?post=2440"}],"curies":[{"name":"wp","href":"https:\/\/api.w.org\/{rel}","templated":true}]}}