{"id":2608,"date":"2020-08-19T16:59:17","date_gmt":"2020-08-19T16:59:17","guid":{"rendered":"https:\/\/distribucionarc.com\/?post_type=product&#038;p=2608"},"modified":"2023-06-04T18:46:12","modified_gmt":"2023-06-04T18:46:12","slug":"hachoir-electrique-pour-fruits-legumes-et-viande","status":"publish","type":"product","link":"https:\/\/distribucionarc.com\/fr\/producto\/cortadora-picadora-electrica-de-frutas-verduras-y-carne\/","title":{"rendered":"Trancheuse, hachoir \u00e9lectrique pour fruits, l\u00e9gumes et viande"},"content":{"rendered":"<h3>Hachoir \u00e9lectrique pour fruits, l\u00e9gumes et viandes, robot de cuisine<\/h3>\n<p>Il\u00a0<strong>coupe-l\u00e9gumes professionnel\u00a0<span style=\"color: #ff0000;\">\u00c0<\/span><span style=\"color: #0000ff;\">R.<\/span>c<\/strong> Il est fabriqu\u00e9 en acier inoxydable et en alliage d&#039;aluminium moul\u00e9 avec une surface anodis\u00e9e argent\u00e9e. Anticorrosif. Le moteur haute efficacit\u00e9 de 500 W permet une vitesse de rotation \u00e9lev\u00e9e de 1 600 tr\/min. La vitesse de rotation des disques de coupe est de 270 tr\/min.<\/p>\n<p>Les pieds en caoutchouc antid\u00e9rapants assurent la stabilit\u00e9 du\u00a0<strong>coupeur professionnel<\/strong>; L&#039;interrupteur d&#039;alimentation \u00e0 couvercle assure la s\u00e9curit\u00e9\u00a0; la barre d&#039;alimentation \u00e9vite de se blesser les mains ; La poign\u00e9e ergonomique facilite la coupe.<\/p>\n<p>Convient pour couper divers l\u00e9gumes, fruits et fromages. Capable d&#039;effectuer la coupe, le d\u00e9chiquetage et le d\u00e9coupage en d\u00e9s \u00e0 l&#039;aide de diff\u00e9rents disques de coupe.<\/p>\n<h6>Garantie<strong>\u00a0<span style=\"color: #ff0000;\">\u00c0<\/span><span style=\"color: #0000ff;\">R.<\/span>c<\/strong><\/h6>\n<h6><span style=\"color: #008000;\"><strong>Robot culinaire pour l\u00e9gumes, basse consommation 500w<\/strong><\/span><\/h6>\n<h6>support technique inclus<\/h6>\n<p>&nbsp;<\/p>\n<table role=\"presentation\" width=\"100%\" cellspacing=\"0\" cellpadding=\"0\">\n<tbody>\n<tr>\n<td class=\"attrLabels\">Garantie:<\/td>\n<td width=\"50.0%\">ARC 2 ANS<\/td>\n<\/tr>\n<tr>\n<td class=\"attrLabels\">Pays de distribution\u00a0:<\/td>\n<td width=\"50.0%\">Espagne, Allemagne, \u00c9tats-Unis<\/td>\n<td class=\"attrLabels\">Poids:<\/td>\n<td width=\"50.0%\">9,7kg<\/td>\n<\/tr>\n<tr>\n<td class=\"attrLabels\">Marque:<\/td>\n<td width=\"50.0%\">ARC<\/td>\n<td class=\"attrLabels\">Hauteur:<\/td>\n<td width=\"50.0%\">46 cm<\/td>\n<\/tr>\n<tr>\n<td class=\"attrLabels\">Couleur:<\/td>\n<td width=\"50.0%\">Argent<\/td>\n<td class=\"attrLabels\">Long:<\/td>\n<td width=\"50.0%\">30 cm<\/td>\n<\/tr>\n<tr>\n<td class=\"attrLabels\">Type de produit\u00a0:<\/td>\n<td width=\"50.0%\">Coupe-l\u00e9gumes professionnel<\/td>\n<td class=\"attrLabels\">Large:<\/td>\n<td width=\"50.0%\">21 cm<\/td>\n<\/tr>\n<tr>\n<td class=\"attrLabels\">Num\u00e9ro du fabricant :<\/td>\n<td width=\"50.0%\">ARCCVPC25<\/td>\n<td class=\"attrLabels\">Pouvoir:<\/td>\n<td width=\"50.0%\">500W<\/td>\n<\/tr>\n<tr>\n<td class=\"attrLabels\">Mat\u00e9riel:<\/td>\n<td width=\"50.0%\">acier inoxydable<\/td>\n<td class=\"attrLabels\">tension d&#039;entr\u00e9e<\/td>\n<td width=\"50.0%\">220 V \u2013 50 Hz<\/td>\n<\/tr>\n<tr>\n<td class=\"attrLabels\">types de coupe\u00a0:<\/td>\n<td width=\"50.0%\">fin, moulu, concass\u00e9<\/td>\n<td class=\"attrLabels\">Rotation du moteur\u00a0:<\/td>\n<td width=\"50.0%\">1600 tr\/min<\/td>\n<\/tr>\n<tr>\n<td class=\"attrLabels\">Outils d&#039;installation\u00a0:<\/td>\n<td width=\"50.0%\">Ouais<\/td>\n<td class=\"attrLabels\">vitesse du disque \u00e0 tron\u00e7onner\u00a0:<\/td>\n<td width=\"50.0%\">270 tr\/min<\/td>\n<\/tr>\n<\/tbody>\n<\/table>","protected":false},"excerpt":{"rendered":"<h2>Hachoir \u00e9lectrique pour fruits, l\u00e9gumes et viandes, robot de cuisine<\/h2>\n<p>Avec le\u00a0<strong>coupe-l\u00e9gumes<\/strong>\u00a0de\u00a0<strong><span style=\"color: #ff0000;\">\u00c0<\/span><span style=\"color: #0000ff;\">R.<\/span>c<\/strong>\u00a0Vous gagnerez du temps et de l&#039;argent, pr\u00e9parerez vos salades, pommes de terre rissol\u00e9es, saut\u00e9s, etc. De la mani\u00e8re la plus efficace et la plus simple.<\/p>\n<p>Ce\u00a0<strong>coupe-aliments\u00a0<span style=\"color: #ff0000;\">\u00c0<\/span><span style=\"color: #0000ff;\">R.<\/span>CCVPC25<\/strong> Il est fabriqu\u00e9 en acier inoxydable de qualit\u00e9 alimentaire et en alliage d&#039;aluminium moul\u00e9 de haute qualit\u00e9 avec une surface anodis\u00e9e argent\u00e9e. Ce hachoir \u00e0 l\u00e9gumes commercial est parfait pour hacher diverses viandes, l\u00e9gumes et fruits !<\/p>\n<h6>Garantie<strong>\u00a0<span style=\"color: #ff0000;\">\u00c0<\/span><span style=\"color: #0000ff;\">R.<\/span>c<\/strong><\/h6>\n<h6><span style=\"color: #008000;\"><strong>Robot culinaire pour l\u00e9gumes, basse consommation 500w<\/strong><\/span><\/h6>\n<h6>support technique inclus<\/h6>","protected":false},"featured_media":2616,"comment_status":"open","ping_status":"closed","template":"","meta":{"wds_primary_product_brand":0,"wds_primary_product_cat":0},"product_brand":[],"product_cat":[43],"product_tag":[],"class_list":{"0":"post-2608","1":"product","2":"type-product","3":"status-publish","4":"has-post-thumbnail","6":"product_cat-cortadoras-de-alimentos","7":"product_shipping_class-hosteleria","9":"first","10":"instock","11":"taxable","12":"shipping-taxable","13":"purchasable","14":"product-type-simple"},"yoast_head":"<!-- This site is optimized with the Yoast SEO Premium plugin v24.9 (Yoast SEO v26.1) - https:\/\/yoast.com\/wordpress\/plugins\/seo\/ -->\n<title>Cortadora, picadora el\u00e9ctrica de frutas, verduras y carne - distribuci\u00f3n ARC<\/title>\n<meta name=\"robots\" content=\"index, follow, max-snippet:-1, max-image-preview:large, max-video-preview:-1\" \/>\n<link rel=\"canonical\" href=\"https:\/\/www.distribucionarc.com\/en\/producto\/cortadora-picadora-electrica-de-frutas-verduras-y-carne\/\" \/>\n<meta property=\"og:locale\" content=\"fr_FR\" \/>\n<meta property=\"og:type\" content=\"article\" \/>\n<meta property=\"og:title\" content=\"Cortadora, picadora el\u00e9ctrica de frutas, verduras y carne\" \/>\n<meta property=\"og:description\" content=\"Cortadora, picadora el\u00e9ctrica de frutas, verduras y carne procesador de verduras Con la\u00a0cortadora de verduras\u00a0de\u00a0ARC\u00a0ahorraras tiempo y dinero, preparar tus ensaladas, picadillos, salteados, etc. De la forma m\u00e1s eficaz y sencilla.  Este\u00a0cortador de alimentos\u00a0ARCCVPC25 est\u00e1 hecho de acero inoxidable de grado alimenticio y aleaci\u00f3n de aluminio fundido de alta calidad con superficie anodizada de plata. \u00a1Este picador de verduras comercial es perfecto para cortar varias carnes, verduras y frutas! Garant\u00eda\u00a0ARC Procesador de alimentos vegetales, bajo consumo 500w soporte t\u00e9cnico\u00a0incluido\" \/>\n<meta property=\"og:url\" content=\"https:\/\/www.distribucionarc.com\/en\/producto\/cortadora-picadora-electrica-de-frutas-verduras-y-carne\/\" \/>\n<meta property=\"og:site_name\" content=\"distribuci\u00f3n ARC\" \/>\n<meta property=\"article:modified_time\" content=\"2023-06-04T18:46:12+00:00\" \/>\n<meta property=\"og:image\" content=\"https:\/\/distribucionarc.com\/wp-content\/uploads\/2020\/08\/Cortadora-picadora-el\u00e9ctrica-de-frutas-verduras-y-carne-0.jpg\" \/>\n\t<meta property=\"og:image:width\" content=\"1001\" \/>\n\t<meta property=\"og:image:height\" content=\"1001\" \/>\n\t<meta property=\"og:image:type\" content=\"image\/jpeg\" \/>\n<meta name=\"twitter:card\" content=\"summary_large_image\" \/>\n<meta name=\"twitter:label1\" content=\"Dur\u00e9e de lecture estim\u00e9e\" \/>\n\t<meta name=\"twitter:data1\" content=\"1 minute\" \/>\n<script type=\"application\/ld+json\" class=\"yoast-schema-graph\">{\"@context\":\"https:\/\/schema.org\",\"@graph\":[{\"@type\":\"WebPage\",\"@id\":\"https:\/\/www.distribucionarc.com\/en\/producto\/cortadora-picadora-electrica-de-frutas-verduras-y-carne\/\",\"url\":\"https:\/\/www.distribucionarc.com\/en\/producto\/cortadora-picadora-electrica-de-frutas-verduras-y-carne\/\",\"name\":\"Cortadora, picadora el\u00e9ctrica de frutas, verduras y carne - distribuci\u00f3n ARC\",\"isPartOf\":{\"@id\":\"https:\/\/www.distribucionarc.com\/sl\/#website\"},\"primaryImageOfPage\":{\"@id\":\"https:\/\/www.distribucionarc.com\/en\/producto\/cortadora-picadora-electrica-de-frutas-verduras-y-carne\/#primaryimage\"},\"image\":{\"@id\":\"https:\/\/www.distribucionarc.com\/en\/producto\/cortadora-picadora-electrica-de-frutas-verduras-y-carne\/#primaryimage\"},\"thumbnailUrl\":\"https:\/\/distribucionarc.com\/wp-content\/uploads\/2020\/08\/Cortadora-picadora-el\u00e9ctrica-de-frutas-verduras-y-carne-0.jpg\",\"datePublished\":\"2020-08-19T16:59:17+00:00\",\"dateModified\":\"2023-06-04T18:46:12+00:00\",\"breadcrumb\":{\"@id\":\"https:\/\/www.distribucionarc.com\/en\/producto\/cortadora-picadora-electrica-de-frutas-verduras-y-carne\/#breadcrumb\"},\"inLanguage\":\"fr-FR\",\"potentialAction\":[{\"@type\":\"ReadAction\",\"target\":[\"https:\/\/www.distribucionarc.com\/en\/producto\/cortadora-picadora-electrica-de-frutas-verduras-y-carne\/\"]}]},{\"@type\":\"ImageObject\",\"inLanguage\":\"fr-FR\",\"@id\":\"https:\/\/www.distribucionarc.com\/en\/producto\/cortadora-picadora-electrica-de-frutas-verduras-y-carne\/#primaryimage\",\"url\":\"https:\/\/distribucionarc.com\/wp-content\/uploads\/2020\/08\/Cortadora-picadora-el\u00e9ctrica-de-frutas-verduras-y-carne-0.jpg\",\"contentUrl\":\"https:\/\/distribucionarc.com\/wp-content\/uploads\/2020\/08\/Cortadora-picadora-el\u00e9ctrica-de-frutas-verduras-y-carne-0.jpg\",\"width\":1001,\"height\":1001,\"caption\":\"Cortadora, picadora el\u00e9ctrica de frutas, verduras y carne\"},{\"@type\":\"BreadcrumbList\",\"@id\":\"https:\/\/www.distribucionarc.com\/en\/producto\/cortadora-picadora-electrica-de-frutas-verduras-y-carne\/#breadcrumb\",\"itemListElement\":[{\"@type\":\"ListItem\",\"position\":1,\"name\":\"Portada\",\"item\":\"https:\/\/www.distribucionarc.com\/\"},{\"@type\":\"ListItem\",\"position\":2,\"name\":\"\u00dcr\u00fcnler\",\"item\":\"https:\/\/www.distribucionarc.com\/tr\/magaza\/\"},{\"@type\":\"ListItem\",\"position\":3,\"name\":\"Cortadora, picadora el\u00e9ctrica de frutas, verduras y carne\"}]},{\"@type\":\"WebSite\",\"@id\":\"https:\/\/www.distribucionarc.com\/sl\/#website\",\"url\":\"https:\/\/www.distribucionarc.com\/sl\/\",\"name\":\"distribuci\u00f3n ARC\",\"description\":\"Empresa especializada en la fabricaci\u00f3n y distribuci\u00f3n de maquinaria industrial, selladoras de latas, Maquinas de hacer pastillas, Maquinas de cortar carne...\",\"publisher\":{\"@id\":\"https:\/\/www.distribucionarc.com\/sl\/#organization\"},\"potentialAction\":[{\"@type\":\"SearchAction\",\"target\":{\"@type\":\"EntryPoint\",\"urlTemplate\":\"https:\/\/www.distribucionarc.com\/sl\/?s={search_term_string}\"},\"query-input\":{\"@type\":\"PropertyValueSpecification\",\"valueRequired\":true,\"valueName\":\"search_term_string\"}}],\"inLanguage\":\"fr-FR\"},{\"@type\":\"Organization\",\"@id\":\"https:\/\/www.distribucionarc.com\/sl\/#organization\",\"name\":\"Distribuci\u00f3n ARC\",\"url\":\"https:\/\/www.distribucionarc.com\/sl\/\",\"logo\":{\"@type\":\"ImageObject\",\"inLanguage\":\"fr-FR\",\"@id\":\"https:\/\/www.distribucionarc.com\/sl\/#\/schema\/logo\/image\/\",\"url\":\"https:\/\/distribucionarc.com\/wp-content\/uploads\/2024\/10\/distribucion-ARC-COLOR-SIN-FONDO-e1732295305345.png\",\"contentUrl\":\"https:\/\/distribucionarc.com\/wp-content\/uploads\/2024\/10\/distribucion-ARC-COLOR-SIN-FONDO-e1732295305345.png\",\"width\":1164,\"height\":558,\"caption\":\"Distribuci\u00f3n ARC\"},\"image\":{\"@id\":\"https:\/\/www.distribucionarc.com\/sl\/#\/schema\/logo\/image\/\"},\"description\":\"Empresa especializada en la fabricaci\u00f3n y distribuci\u00f3n de maquinaria industrial para los sectores alimentario y farmac\u00e9utico. Nos especializamos en: M\u00e1quinas de cortar carne Fabricaci\u00f3n de comprimidos Sistemas de transporte industrial L\u00edneas de embotellado Dosificadores Y mucho m\u00e1s... Ofrecemos soluciones innovadoras y personalizadas para optimizar los procesos productivos de tu empresa.\",\"email\":\"Admistracion@distribucionarc.com\",\"telephone\":\"+34 643496664\",\"legalName\":\"ARC TECH SOLUTIONS\",\"foundingDate\":\"2024-04-09\",\"vatID\":\"B55480172\",\"numberOfEmployees\":{\"@type\":\"QuantitativeValue\",\"minValue\":\"1\",\"maxValue\":\"10\"}}]}<\/script>\n<!-- \/ Yoast SEO Premium plugin. -->","yoast_head_json":{"title":"Hachoir \u00e9lectrique \u00e0 fruits, l\u00e9gumes et viandes - ARC distribution","robots":{"index":"index","follow":"follow","max-snippet":"max-snippet:-1","max-image-preview":"max-image-preview:large","max-video-preview":"max-video-preview:-1"},"canonical":"https:\/\/www.distribucionarc.com\/en\/producto\/cortadora-picadora-electrica-de-frutas-verduras-y-carne\/","og_locale":"fr_FR","og_type":"article","og_title":"Cortadora, picadora el\u00e9ctrica de frutas, verduras y carne","og_description":"Cortadora, picadora el\u00e9ctrica de frutas, verduras y carne procesador de verduras Con la\u00a0cortadora de verduras\u00a0de\u00a0ARC\u00a0ahorraras tiempo y dinero, preparar tus ensaladas, picadillos, salteados, etc. De la forma m\u00e1s eficaz y sencilla.  Este\u00a0cortador de alimentos\u00a0ARCCVPC25 est\u00e1 hecho de acero inoxidable de grado alimenticio y aleaci\u00f3n de aluminio fundido de alta calidad con superficie anodizada de plata. \u00a1Este picador de verduras comercial es perfecto para cortar varias carnes, verduras y frutas! Garant\u00eda\u00a0ARC Procesador de alimentos vegetales, bajo consumo 500w soporte t\u00e9cnico\u00a0incluido","og_url":"https:\/\/www.distribucionarc.com\/en\/producto\/cortadora-picadora-electrica-de-frutas-verduras-y-carne\/","og_site_name":"distribuci\u00f3n ARC","article_modified_time":"2023-06-04T18:46:12+00:00","og_image":[{"width":1001,"height":1001,"url":"https:\/\/distribucionarc.com\/wp-content\/uploads\/2020\/08\/Cortadora-picadora-el\u00e9ctrica-de-frutas-verduras-y-carne-0.jpg","type":"image\/jpeg"}],"twitter_card":"summary_large_image","twitter_misc":{"Dur\u00e9e de lecture estim\u00e9e":"1 minute"},"schema":{"@context":"https:\/\/schema.org","@graph":[{"@type":"WebPage","@id":"https:\/\/www.distribucionarc.com\/en\/producto\/cortadora-picadora-electrica-de-frutas-verduras-y-carne\/","url":"https:\/\/www.distribucionarc.com\/en\/producto\/cortadora-picadora-electrica-de-frutas-verduras-y-carne\/","name":"Hachoir \u00e9lectrique \u00e0 fruits, l\u00e9gumes et viandes - ARC distribution","isPartOf":{"@id":"https:\/\/www.distribucionarc.com\/sl\/#website"},"primaryImageOfPage":{"@id":"https:\/\/www.distribucionarc.com\/en\/producto\/cortadora-picadora-electrica-de-frutas-verduras-y-carne\/#primaryimage"},"image":{"@id":"https:\/\/www.distribucionarc.com\/en\/producto\/cortadora-picadora-electrica-de-frutas-verduras-y-carne\/#primaryimage"},"thumbnailUrl":"https:\/\/distribucionarc.com\/wp-content\/uploads\/2020\/08\/Cortadora-picadora-el\u00e9ctrica-de-frutas-verduras-y-carne-0.jpg","datePublished":"2020-08-19T16:59:17+00:00","dateModified":"2023-06-04T18:46:12+00:00","breadcrumb":{"@id":"https:\/\/www.distribucionarc.com\/en\/producto\/cortadora-picadora-electrica-de-frutas-verduras-y-carne\/#breadcrumb"},"inLanguage":"fr-FR","potentialAction":[{"@type":"ReadAction","target":["https:\/\/www.distribucionarc.com\/en\/producto\/cortadora-picadora-electrica-de-frutas-verduras-y-carne\/"]}]},{"@type":"ImageObject","inLanguage":"fr-FR","@id":"https:\/\/www.distribucionarc.com\/en\/producto\/cortadora-picadora-electrica-de-frutas-verduras-y-carne\/#primaryimage","url":"https:\/\/distribucionarc.com\/wp-content\/uploads\/2020\/08\/Cortadora-picadora-el\u00e9ctrica-de-frutas-verduras-y-carne-0.jpg","contentUrl":"https:\/\/distribucionarc.com\/wp-content\/uploads\/2020\/08\/Cortadora-picadora-el\u00e9ctrica-de-frutas-verduras-y-carne-0.jpg","width":1001,"height":1001,"caption":"Cortadora, picadora el\u00e9ctrica de frutas, verduras y carne"},{"@type":"BreadcrumbList","@id":"https:\/\/www.distribucionarc.com\/en\/producto\/cortadora-picadora-electrica-de-frutas-verduras-y-carne\/#breadcrumb","itemListElement":[{"@type":"ListItem","position":1,"name":"Portada","item":"https:\/\/www.distribucionarc.com\/"},{"@type":"ListItem","position":2,"name":"\u00dcr\u00fcnler","item":"https:\/\/www.distribucionarc.com\/tr\/magaza\/"},{"@type":"ListItem","position":3,"name":"Cortadora, picadora el\u00e9ctrica de frutas, verduras y carne"}]},{"@type":"WebSite","@id":"https:\/\/www.distribucionarc.com\/sl\/#website","url":"https:\/\/www.distribucionarc.com\/sl\/","name":"R\u00e9partition de l&#039;ARC","description":"Entreprise sp\u00e9cialis\u00e9e dans la fabrication et la distribution de machines industrielles, scelleuses de bo\u00eetes, machines \u00e0 comprim\u00e9s, machines \u00e0 d\u00e9couper la viande...","publisher":{"@id":"https:\/\/www.distribucionarc.com\/sl\/#organization"},"potentialAction":[{"@type":"SearchAction","target":{"@type":"EntryPoint","urlTemplate":"https:\/\/www.distribucionarc.com\/sl\/?s={search_term_string}"},"query-input":{"@type":"PropertyValueSpecification","valueRequired":true,"valueName":"search_term_string"}}],"inLanguage":"fr-FR"},{"@type":"Organization","@id":"https:\/\/www.distribucionarc.com\/sl\/#organization","name":"Distribution ARC","url":"https:\/\/www.distribucionarc.com\/sl\/","logo":{"@type":"ImageObject","inLanguage":"fr-FR","@id":"https:\/\/www.distribucionarc.com\/sl\/#\/schema\/logo\/image\/","url":"https:\/\/distribucionarc.com\/wp-content\/uploads\/2024\/10\/distribucion-ARC-COLOR-SIN-FONDO-e1732295305345.png","contentUrl":"https:\/\/distribucionarc.com\/wp-content\/uploads\/2024\/10\/distribucion-ARC-COLOR-SIN-FONDO-e1732295305345.png","width":1164,"height":558,"caption":"Distribuci\u00f3n ARC"},"image":{"@id":"https:\/\/www.distribucionarc.com\/sl\/#\/schema\/logo\/image\/"},"description":"Entreprise sp\u00e9cialis\u00e9e dans la fabrication et la distribution de machines industrielles pour les secteurs alimentaire et pharmaceutique. Nous sommes sp\u00e9cialis\u00e9s dans : Machines \u00e0 couper la viande Fabrication de comprim\u00e9s Syst\u00e8mes de transport industriel Lignes d'embouteillage Machines de dosage Et bien plus encore... Nous proposons des solutions innovantes et personnalis\u00e9es pour optimiser les processus de production de votre entreprise.","email":"Admistracion@distribucionarc.com","telephone":"+34 643496664","legalName":"ARC TECH SOLUTIONS","foundingDate":"2024-04-09","vatID":"B55480172","numberOfEmployees":{"@type":"QuantitativeValue","minValue":"1","maxValue":"10"}}]}},"_links":{"self":[{"href":"https:\/\/distribucionarc.com\/fr\/wp-json\/wp\/v2\/product\/2608","targetHints":{"allow":["GET"]}}],"collection":[{"href":"https:\/\/distribucionarc.com\/fr\/wp-json\/wp\/v2\/product"}],"about":[{"href":"https:\/\/distribucionarc.com\/fr\/wp-json\/wp\/v2\/types\/product"}],"replies":[{"embeddable":true,"href":"https:\/\/distribucionarc.com\/fr\/wp-json\/wp\/v2\/comments?post=2608"}],"version-history":[{"count":0,"href":"https:\/\/distribucionarc.com\/fr\/wp-json\/wp\/v2\/product\/2608\/revisions"}],"wp:featuredmedia":[{"embeddable":true,"href":"https:\/\/distribucionarc.com\/fr\/wp-json\/wp\/v2\/media\/2616"}],"wp:attachment":[{"href":"https:\/\/distribucionarc.com\/fr\/wp-json\/wp\/v2\/media?parent=2608"}],"wp:term":[{"taxonomy":"product_brand","embeddable":true,"href":"https:\/\/distribucionarc.com\/fr\/wp-json\/wp\/v2\/product_brand?post=2608"},{"taxonomy":"product_cat","embeddable":true,"href":"https:\/\/distribucionarc.com\/fr\/wp-json\/wp\/v2\/product_cat?post=2608"},{"taxonomy":"product_tag","embeddable":true,"href":"https:\/\/distribucionarc.com\/fr\/wp-json\/wp\/v2\/product_tag?post=2608"}],"curies":[{"name":"wp","href":"https:\/\/api.w.org\/{rel}","templated":true}]}}