{"id":2650,"date":"2020-08-19T23:47:44","date_gmt":"2020-08-19T23:47:44","guid":{"rendered":"https:\/\/distribucionarc.com\/?post_type=product&#038;p=2650"},"modified":"2023-06-05T10:18:06","modified_gmt":"2023-06-05T10:18:06","slug":"distributeur-de-jus-et-de-boissons-froides-3","status":"publish","type":"product","link":"https:\/\/distribucionarc.com\/fr\/producto\/dispensador-de-zumo-y-bebidas-frias-3\/","title":{"rendered":"Distributeur de jus et boissons fra\u00eeches 3"},"content":{"rendered":"<h2>Distributeur de jus et boissons fra\u00eeches 3<\/h2>\n<p>Ce\u00a0<strong>distributeur \u00e9lectrique<\/strong>\u00a0de\u00a0<strong><span style=\"color: #ff0000;\">\u00c0<\/span><span style=\"color: #0000ff;\">R.<\/span>c<\/strong>\u00a0convient aux deux\u00a0<strong>boissons froides<\/strong>\u00a0comme\u00a0<strong>chaud<\/strong>, comme le lait de soja, les smoothies, les cocktails, les yaourts, le caf\u00e9, etc. Le<strong>\u00a0distributeur automatique<\/strong>\u00a0Il convient aux entreprises de restauration, aux cha\u00eenes de restaurants, aux magasins, aux h\u00f4tels, etc.<\/p>\n<p>Emballage PC de qualit\u00e9 alimentaire, sans BPA, r\u00e9sistant aux chocs et de la soci\u00e9t\u00e9\u00a0<strong>distributeur de jus<\/strong>\u00a0de\u00a0<strong><span style=\"color: #ff0000;\">\u00c0<\/span><span style=\"color: #0000ff;\">R.<\/span>c<\/strong>\u00a0Ils diff\u00e8rent des r\u00e9servoirs ABS\/AS fragiles. Le corps du distributeur de boissons froides est compos\u00e9 de 3 couches, ce qui lui conf\u00e8re une plus grande visibilit\u00e9 et une plus grande rigidit\u00e9. \u00c9vaporateur en acier inoxydable pour un excellent effet de refroidissement.<\/p>\n<p><strong>Distributeur de boissons<\/strong> avec 3<strong>\u00a0R\u00e9servoirs de 12\u00a0L chacun<\/strong> (compact mais puissant. Les agitateurs \u00e9largis permettent une agitation plus efficace \u00e0 360\u00b0. Les joints en caoutchouc aident \u00e0 pr\u00e9server le produit et \u00e0 \u00e9viter les fuites.<\/p>\n<p>Il\u00a0<strong>distributeur de boissons froides <span style=\"color: #ff0000;\">\u00c0<\/span><span style=\"color: #0000ff;\">R.<\/span>CDZE3<\/strong>. Il utilise un condenseur de refroidissement enti\u00e8rement en tube de cuivre et un compresseur haute performance et assure un refroidissement et un chauffage rapides. Il refroidit entre 5 et 12 \u2103 en utilisant seulement une consommation de 100 W et chauffe jusqu&#039;\u00e0 50-58 \u2103 en consommant 450 W, avec un contr\u00f4le constant de la temp\u00e9rature. Ses performances rapides vous aideront non seulement \u00e0 optimiser votre production, mais \u00e9galement<strong>\u00a0favorise une faible consommation d\u2019\u00e9nergie<\/strong>.\u00a0<strong>\u00a0Le distributeur de boissons<\/strong>\u00a0Il dispose d&#039;interrupteurs s\u00e9par\u00e9s pour un contr\u00f4le ind\u00e9pendant du m\u00e9lange, du refroidissement et du chauffage. Le commutateur m\u00e9langeur aide \u00e0 emp\u00eacher les s\u00e9diments au fond du r\u00e9servoir.<\/p>\n<p>Il dispose d&#039;un bac collecteur qui peut \u00eatre facilement d\u00e9mont\u00e9 pour un nettoyage facile ; Sorties de boissons \u00e0 ressort sp\u00e9cialement con\u00e7ues pour une utilisation sans effort\u00a0; Plusieurs bouches d&#039;a\u00e9ration pour une dissipation rapide de la chaleur.<\/p>\n<h6><strong>Garantie\u00a0<span style=\"color: #ff0000;\">\u00c0<\/span><span style=\"color: #0000ff;\">R.<\/span>C 2 ANS<\/strong><\/h6>\n<h6><span style=\"color: #008000;\">Distributeur efficace de jus et boissons fra\u00eeches, basse consommation 400w<\/span><\/h6>\n<h6><strong>support technique inclus.<\/strong><\/h6>\n<p>&nbsp;<\/p>\n<div class=\"woocommerce-tabs wc-tabs-wrapper\">\n<div id=\"tab-description\" class=\"woocommerce-Tabs-panel woocommerce-Tabs-panel--description panel entry-content wc-tab\" role=\"tabpanel\" aria-labelledby=\"tab-title-description\">\n<table role=\"presentation\" width=\"100%\" cellspacing=\"0\" cellpadding=\"0\">\n<tbody>\n<tr>\n<td class=\"attrLabels\">Temp\u00e9rature:<\/td>\n<td width=\"50.0%\">Froid : 5 \u2013 12 \u00baCHaud : 50 \u2013 58 \u00baC<\/td>\n<\/tr>\n<tr>\n<td class=\"attrLabels\">Pays de distribution\u00a0:<\/td>\n<td width=\"50.0%\">Espagne, Allemagne, \u00c9tats-Unis<\/td>\n<td class=\"attrLabels\">Poids:<\/td>\n<td width=\"50.0%\">33,4 kg<\/td>\n<\/tr>\n<tr>\n<td class=\"attrLabels\">Marque:<\/td>\n<td width=\"50.0%\">ARC<\/td>\n<td class=\"attrLabels\">Hauteur:<\/td>\n<td width=\"50.0%\">65 cm<\/td>\n<\/tr>\n<tr>\n<td class=\"attrLabels\">Couleur:<\/td>\n<td width=\"50.0%\">Argent<\/td>\n<td class=\"attrLabels\">Long:<\/td>\n<td width=\"50.0%\">39,4 cm<\/td>\n<\/tr>\n<tr>\n<td class=\"attrLabels\">Type de produit\u00a0:<\/td>\n<td width=\"50.0%\">Distributeur de boissons<\/td>\n<td class=\"attrLabels\">Large:<\/td>\n<td width=\"50.0%\">\u00a048,2 cm<\/td>\n<\/tr>\n<tr>\n<td class=\"attrLabels\">Num\u00e9ro du fabricant :<\/td>\n<td width=\"50.0%\">ARCDZE1<\/td>\n<td class=\"attrLabels\">Pouvoir:<\/td>\n<td width=\"50.0%\">Froid : 100W<\/p>\n<p>Chaud : 400W<\/td>\n<\/tr>\n<tr>\n<td class=\"attrLabels\">Mat\u00e9riel:<\/td>\n<td width=\"50.0%\">acier inoxydable, contr\u00f4le de la temp\u00e9rature, PC sans BPA<\/td>\n<td class=\"attrLabels\">tension d&#039;entr\u00e9e<\/td>\n<td width=\"50.0%\">220 V \u2013 60 Hz<\/td>\n<\/tr>\n<tr>\n<td class=\"attrLabels\">Compartiments\u00a0:<\/td>\n<td width=\"50.0%\">\u00a03<\/td>\n<td class=\"attrLabels\">Taille de la cabine\u00a0:<\/td>\n<td width=\"50.0%\">82 x 33 x 10 cm pour chaque niveau<\/td>\n<\/tr>\n<tr>\n<td class=\"attrLabels\">Outils d&#039;installation\u00a0:<\/td>\n<td width=\"50.0%\">Ouais<\/td>\n<td class=\"attrLabels\">Garantie:<\/td>\n<td width=\"50.0%\">2 ANS<\/td>\n<\/tr>\n<\/tbody>\n<\/table>\n<\/div>\n<\/div>","protected":false},"excerpt":{"rendered":"<h3>Distributeur de jus et boissons fra\u00eeches<\/h3>\n<p>Il\u00a0<strong>Distributeurs de boissons chaudes et froides<\/strong>\u00a0de\u00a0<strong><span style=\"color: #ff0000;\">\u00c0<\/span><span style=\"color: #0000ff;\">R.<\/span>c<\/strong>, d&#039;une capacit\u00e9 de <strong>36L<\/strong>\u00a0le\u00a0<strong>distributeur automatique de boissons fra\u00eeches<\/strong>\u00a0Il dispose d&#039;un double r\u00e9servoir de 12L chacun, le\u00a0<strong>ARCDZE3<\/strong>\u00a0Il g\u00e9n\u00e8re d\u2019excellentes performances, une apparence \u00e9l\u00e9gante et tr\u00e8s simple \u00e0 utiliser. Robinet \u00e9largi pour fibres de fruits et c\u00e9r\u00e9ales aromatis\u00e9es. Prenez soin de vos clients avec \u00e7a\u00a0<strong>distributeur de boissons \u00e9l\u00e9gant<\/strong>\u00a0Ses finitions de premier ordre et sa facilit\u00e9 d&#039;utilisation en font un produit indispensable. Le r\u00e9servoir en PC sans BPA, le corps de la machine en acier inoxydable de premi\u00e8re classe et le pansement r\u00e9tro-peint forment une protection sanitaire r\u00e9sistante \u00e0 l&#039;usure et facile \u00e0 nettoyer. Un assistant avec une capacit\u00e9 suffisante pour couvrir les besoins quotidiens.\u00a0<strong>Distributeur\u00a0<span style=\"color: #ff0000;\">\u00c0<\/span><span style=\"color: #0000ff;\">R.<\/span>c<\/strong>\u00a0haute qualit\u00e9.<\/p>\n<h6><\/h6>\n<h6><strong>Garantie\u00a0<span style=\"color: #ff0000;\">\u00c0<\/span><span style=\"color: #0000ff;\">R.<\/span>C 2 ANS<\/strong><\/h6>\n<h6><span style=\"color: #008000;\">Distributeur efficace de jus et boissons fra\u00eeches, basse consommation 400w<\/span><\/h6>\n<h6><strong>support technique inclus.<\/strong><\/h6>","protected":false},"featured_media":6017,"comment_status":"open","ping_status":"closed","template":"","meta":{"wds_primary_product_brand":0,"wds_primary_product_cat":0},"product_brand":[],"product_cat":[57],"product_tag":[],"class_list":{"0":"post-2650","1":"product","2":"type-product","3":"status-publish","4":"has-post-thumbnail","6":"product_cat-dosificadores-dispensadores","7":"product_shipping_class-hosteleria","9":"first","10":"instock","11":"taxable","12":"shipping-taxable","13":"purchasable","14":"product-type-simple"},"yoast_head":"<!-- This site is optimized with the Yoast SEO Premium plugin v24.9 (Yoast SEO v26.1) - https:\/\/yoast.com\/wordpress\/plugins\/seo\/ -->\n<title>Dispensador de zumo y bebidas fr\u00edas 3 - distribuci\u00f3n ARC<\/title>\n<meta name=\"robots\" content=\"index, follow, max-snippet:-1, max-image-preview:large, max-video-preview:-1\" \/>\n<link rel=\"canonical\" href=\"https:\/\/www.distribucionarc.com\/sl\/producto\/dispensador-de-zumo-y-bebidas-frias-3\/\" \/>\n<meta property=\"og:locale\" content=\"fr_FR\" \/>\n<meta property=\"og:type\" content=\"article\" \/>\n<meta property=\"og:title\" content=\"Dispensador de zumo y bebidas fr\u00edas 3\" \/>\n<meta property=\"og:description\" content=\"Dispensador de zumo y bebidas fr\u00edas El\u00a0Dispensadores para bebidas fr\u00edas y calientes\u00a0de\u00a0ARC, con una capacidad de 36\u00a0L\u00a0la\u00a0m\u00e1quina expendedora de bebidas fr\u00edas\u00a0cuenta con doble tanque de 12L cada uno , la\u00a0ARCDZE3\u00a0genera un excelente rendimiento, de aspecto elegante y muy f\u00e1cil de usar. Grifo agrandado para fibras de frutas y granos saborizados. Cuide a sus clientes con este\u00a0elegante Dispensador para bebidas\u00a0sus acabados de primera\u00a0 y facilidad de uso lo convierten en un producto indispensable. El tanque de PC sin BPA, el cuerpo de la m\u00e1quina de acero inoxidable de primera clase y el ap\u00f3sito pintado hacia atr\u00e1s forman un protector de salud resistente al desgaste y sencillo de limpiar. Un ayudante con capacidad suficiente para cubrir las necesidades diarias.\u00a0Dispensador\u00a0ARC\u00a0de alta calidad.  Garant\u00eda\u00a0ARC 2 A\u00d1OS Dispensador zumos y bebidas fr\u00edas eficiente, bajo consumo 400w soporte t\u00e9cnico incluido.\" \/>\n<meta property=\"og:url\" content=\"https:\/\/www.distribucionarc.com\/sl\/producto\/dispensador-de-zumo-y-bebidas-frias-3\/\" \/>\n<meta property=\"og:site_name\" content=\"distribuci\u00f3n ARC\" \/>\n<meta property=\"article:modified_time\" content=\"2023-06-05T10:18:06+00:00\" \/>\n<meta property=\"og:image\" content=\"https:\/\/www.distribucionarc.com\/wp-content\/uploads\/2020\/08\/Dispensador-de-zumo-y-bebidas-frias-3.jpg\" \/>\n\t<meta property=\"og:image:width\" content=\"1600\" \/>\n\t<meta property=\"og:image:height\" content=\"1600\" \/>\n\t<meta property=\"og:image:type\" content=\"image\/jpeg\" \/>\n<meta name=\"twitter:card\" content=\"summary_large_image\" \/>\n<meta name=\"twitter:label1\" content=\"Dur\u00e9e de lecture estim\u00e9e\" \/>\n\t<meta name=\"twitter:data1\" content=\"2 minutes\" \/>\n<script type=\"application\/ld+json\" class=\"yoast-schema-graph\">{\"@context\":\"https:\/\/schema.org\",\"@graph\":[{\"@type\":\"WebPage\",\"@id\":\"https:\/\/www.distribucionarc.com\/sl\/producto\/dispensador-de-zumo-y-bebidas-frias-3\/\",\"url\":\"https:\/\/www.distribucionarc.com\/sl\/producto\/dispensador-de-zumo-y-bebidas-frias-3\/\",\"name\":\"Dispensador de zumo y bebidas fr\u00edas 3 - distribuci\u00f3n ARC\",\"isPartOf\":{\"@id\":\"https:\/\/www.distribucionarc.com\/sl\/#website\"},\"primaryImageOfPage\":{\"@id\":\"https:\/\/www.distribucionarc.com\/sl\/producto\/dispensador-de-zumo-y-bebidas-frias-3\/#primaryimage\"},\"image\":{\"@id\":\"https:\/\/www.distribucionarc.com\/sl\/producto\/dispensador-de-zumo-y-bebidas-frias-3\/#primaryimage\"},\"thumbnailUrl\":\"https:\/\/distribucionarc.com\/wp-content\/uploads\/2020\/08\/Dispensador-de-zumo-y-bebidas-frias-3.jpg\",\"datePublished\":\"2020-08-19T23:47:44+00:00\",\"dateModified\":\"2023-06-05T10:18:06+00:00\",\"breadcrumb\":{\"@id\":\"https:\/\/www.distribucionarc.com\/sl\/producto\/dispensador-de-zumo-y-bebidas-frias-3\/#breadcrumb\"},\"inLanguage\":\"fr-FR\",\"potentialAction\":[{\"@type\":\"ReadAction\",\"target\":[\"https:\/\/www.distribucionarc.com\/sl\/producto\/dispensador-de-zumo-y-bebidas-frias-3\/\"]}]},{\"@type\":\"ImageObject\",\"inLanguage\":\"fr-FR\",\"@id\":\"https:\/\/www.distribucionarc.com\/sl\/producto\/dispensador-de-zumo-y-bebidas-frias-3\/#primaryimage\",\"url\":\"https:\/\/distribucionarc.com\/wp-content\/uploads\/2020\/08\/Dispensador-de-zumo-y-bebidas-frias-3.jpg\",\"contentUrl\":\"https:\/\/distribucionarc.com\/wp-content\/uploads\/2020\/08\/Dispensador-de-zumo-y-bebidas-frias-3.jpg\",\"width\":1600,\"height\":1600},{\"@type\":\"BreadcrumbList\",\"@id\":\"https:\/\/www.distribucionarc.com\/sl\/producto\/dispensador-de-zumo-y-bebidas-frias-3\/#breadcrumb\",\"itemListElement\":[{\"@type\":\"ListItem\",\"position\":1,\"name\":\"Portada\",\"item\":\"https:\/\/www.distribucionarc.com\/\"},{\"@type\":\"ListItem\",\"position\":2,\"name\":\"\u00dcr\u00fcnler\",\"item\":\"https:\/\/www.distribucionarc.com\/tr\/magaza\/\"},{\"@type\":\"ListItem\",\"position\":3,\"name\":\"Dispensador de zumo y bebidas fr\u00edas 3\"}]},{\"@type\":\"WebSite\",\"@id\":\"https:\/\/www.distribucionarc.com\/sl\/#website\",\"url\":\"https:\/\/www.distribucionarc.com\/sl\/\",\"name\":\"distribuci\u00f3n ARC\",\"description\":\"Empresa especializada en la fabricaci\u00f3n y distribuci\u00f3n de maquinaria industrial, selladoras de latas, Maquinas de hacer pastillas, Maquinas de cortar carne...\",\"publisher\":{\"@id\":\"https:\/\/www.distribucionarc.com\/sl\/#organization\"},\"potentialAction\":[{\"@type\":\"SearchAction\",\"target\":{\"@type\":\"EntryPoint\",\"urlTemplate\":\"https:\/\/www.distribucionarc.com\/sl\/?s={search_term_string}\"},\"query-input\":{\"@type\":\"PropertyValueSpecification\",\"valueRequired\":true,\"valueName\":\"search_term_string\"}}],\"inLanguage\":\"fr-FR\"},{\"@type\":\"Organization\",\"@id\":\"https:\/\/www.distribucionarc.com\/sl\/#organization\",\"name\":\"Distribuci\u00f3n ARC\",\"url\":\"https:\/\/www.distribucionarc.com\/sl\/\",\"logo\":{\"@type\":\"ImageObject\",\"inLanguage\":\"fr-FR\",\"@id\":\"https:\/\/www.distribucionarc.com\/sl\/#\/schema\/logo\/image\/\",\"url\":\"https:\/\/distribucionarc.com\/wp-content\/uploads\/2024\/10\/distribucion-ARC-COLOR-SIN-FONDO-e1732295305345.png\",\"contentUrl\":\"https:\/\/distribucionarc.com\/wp-content\/uploads\/2024\/10\/distribucion-ARC-COLOR-SIN-FONDO-e1732295305345.png\",\"width\":1164,\"height\":558,\"caption\":\"Distribuci\u00f3n ARC\"},\"image\":{\"@id\":\"https:\/\/www.distribucionarc.com\/sl\/#\/schema\/logo\/image\/\"},\"description\":\"Empresa especializada en la fabricaci\u00f3n y distribuci\u00f3n de maquinaria industrial para los sectores alimentario y farmac\u00e9utico. Nos especializamos en: M\u00e1quinas de cortar carne Fabricaci\u00f3n de comprimidos Sistemas de transporte industrial L\u00edneas de embotellado Dosificadores Y mucho m\u00e1s... Ofrecemos soluciones innovadoras y personalizadas para optimizar los procesos productivos de tu empresa.\",\"email\":\"Admistracion@distribucionarc.com\",\"telephone\":\"+34 643496664\",\"legalName\":\"ARC TECH SOLUTIONS\",\"foundingDate\":\"2024-04-09\",\"vatID\":\"B55480172\",\"numberOfEmployees\":{\"@type\":\"QuantitativeValue\",\"minValue\":\"1\",\"maxValue\":\"10\"}}]}<\/script>\n<!-- \/ Yoast SEO Premium plugin. -->","yoast_head_json":{"title":"Distributeur de jus et boissons fra\u00eeches 3 - ARC distribution","robots":{"index":"index","follow":"follow","max-snippet":"max-snippet:-1","max-image-preview":"max-image-preview:large","max-video-preview":"max-video-preview:-1"},"canonical":"https:\/\/www.distribucionarc.com\/sl\/producto\/dispensador-de-zumo-y-bebidas-frias-3\/","og_locale":"fr_FR","og_type":"article","og_title":"Dispensador de zumo y bebidas fr\u00edas 3","og_description":"Dispensador de zumo y bebidas fr\u00edas El\u00a0Dispensadores para bebidas fr\u00edas y calientes\u00a0de\u00a0ARC, con una capacidad de 36\u00a0L\u00a0la\u00a0m\u00e1quina expendedora de bebidas fr\u00edas\u00a0cuenta con doble tanque de 12L cada uno , la\u00a0ARCDZE3\u00a0genera un excelente rendimiento, de aspecto elegante y muy f\u00e1cil de usar. Grifo agrandado para fibras de frutas y granos saborizados. Cuide a sus clientes con este\u00a0elegante Dispensador para bebidas\u00a0sus acabados de primera\u00a0 y facilidad de uso lo convierten en un producto indispensable. El tanque de PC sin BPA, el cuerpo de la m\u00e1quina de acero inoxidable de primera clase y el ap\u00f3sito pintado hacia atr\u00e1s forman un protector de salud resistente al desgaste y sencillo de limpiar. Un ayudante con capacidad suficiente para cubrir las necesidades diarias.\u00a0Dispensador\u00a0ARC\u00a0de alta calidad.  Garant\u00eda\u00a0ARC 2 A\u00d1OS Dispensador zumos y bebidas fr\u00edas eficiente, bajo consumo 400w soporte t\u00e9cnico incluido.","og_url":"https:\/\/www.distribucionarc.com\/sl\/producto\/dispensador-de-zumo-y-bebidas-frias-3\/","og_site_name":"distribuci\u00f3n ARC","article_modified_time":"2023-06-05T10:18:06+00:00","og_image":[{"width":1600,"height":1600,"url":"https:\/\/www.distribucionarc.com\/wp-content\/uploads\/2020\/08\/Dispensador-de-zumo-y-bebidas-frias-3.jpg","type":"image\/jpeg"}],"twitter_card":"summary_large_image","twitter_misc":{"Dur\u00e9e de lecture estim\u00e9e":"2 minutes"},"schema":{"@context":"https:\/\/schema.org","@graph":[{"@type":"WebPage","@id":"https:\/\/www.distribucionarc.com\/sl\/producto\/dispensador-de-zumo-y-bebidas-frias-3\/","url":"https:\/\/www.distribucionarc.com\/sl\/producto\/dispensador-de-zumo-y-bebidas-frias-3\/","name":"Distributeur de jus et boissons fra\u00eeches 3 - ARC distribution","isPartOf":{"@id":"https:\/\/www.distribucionarc.com\/sl\/#website"},"primaryImageOfPage":{"@id":"https:\/\/www.distribucionarc.com\/sl\/producto\/dispensador-de-zumo-y-bebidas-frias-3\/#primaryimage"},"image":{"@id":"https:\/\/www.distribucionarc.com\/sl\/producto\/dispensador-de-zumo-y-bebidas-frias-3\/#primaryimage"},"thumbnailUrl":"https:\/\/distribucionarc.com\/wp-content\/uploads\/2020\/08\/Dispensador-de-zumo-y-bebidas-frias-3.jpg","datePublished":"2020-08-19T23:47:44+00:00","dateModified":"2023-06-05T10:18:06+00:00","breadcrumb":{"@id":"https:\/\/www.distribucionarc.com\/sl\/producto\/dispensador-de-zumo-y-bebidas-frias-3\/#breadcrumb"},"inLanguage":"fr-FR","potentialAction":[{"@type":"ReadAction","target":["https:\/\/www.distribucionarc.com\/sl\/producto\/dispensador-de-zumo-y-bebidas-frias-3\/"]}]},{"@type":"ImageObject","inLanguage":"fr-FR","@id":"https:\/\/www.distribucionarc.com\/sl\/producto\/dispensador-de-zumo-y-bebidas-frias-3\/#primaryimage","url":"https:\/\/distribucionarc.com\/wp-content\/uploads\/2020\/08\/Dispensador-de-zumo-y-bebidas-frias-3.jpg","contentUrl":"https:\/\/distribucionarc.com\/wp-content\/uploads\/2020\/08\/Dispensador-de-zumo-y-bebidas-frias-3.jpg","width":1600,"height":1600},{"@type":"BreadcrumbList","@id":"https:\/\/www.distribucionarc.com\/sl\/producto\/dispensador-de-zumo-y-bebidas-frias-3\/#breadcrumb","itemListElement":[{"@type":"ListItem","position":1,"name":"Portada","item":"https:\/\/www.distribucionarc.com\/"},{"@type":"ListItem","position":2,"name":"\u00dcr\u00fcnler","item":"https:\/\/www.distribucionarc.com\/tr\/magaza\/"},{"@type":"ListItem","position":3,"name":"Dispensador de zumo y bebidas fr\u00edas 3"}]},{"@type":"WebSite","@id":"https:\/\/www.distribucionarc.com\/sl\/#website","url":"https:\/\/www.distribucionarc.com\/sl\/","name":"R\u00e9partition de l&#039;ARC","description":"Entreprise sp\u00e9cialis\u00e9e dans la fabrication et la distribution de machines industrielles, scelleuses de bo\u00eetes, machines \u00e0 comprim\u00e9s, machines \u00e0 d\u00e9couper la viande...","publisher":{"@id":"https:\/\/www.distribucionarc.com\/sl\/#organization"},"potentialAction":[{"@type":"SearchAction","target":{"@type":"EntryPoint","urlTemplate":"https:\/\/www.distribucionarc.com\/sl\/?s={search_term_string}"},"query-input":{"@type":"PropertyValueSpecification","valueRequired":true,"valueName":"search_term_string"}}],"inLanguage":"fr-FR"},{"@type":"Organization","@id":"https:\/\/www.distribucionarc.com\/sl\/#organization","name":"Distribution ARC","url":"https:\/\/www.distribucionarc.com\/sl\/","logo":{"@type":"ImageObject","inLanguage":"fr-FR","@id":"https:\/\/www.distribucionarc.com\/sl\/#\/schema\/logo\/image\/","url":"https:\/\/distribucionarc.com\/wp-content\/uploads\/2024\/10\/distribucion-ARC-COLOR-SIN-FONDO-e1732295305345.png","contentUrl":"https:\/\/distribucionarc.com\/wp-content\/uploads\/2024\/10\/distribucion-ARC-COLOR-SIN-FONDO-e1732295305345.png","width":1164,"height":558,"caption":"Distribuci\u00f3n ARC"},"image":{"@id":"https:\/\/www.distribucionarc.com\/sl\/#\/schema\/logo\/image\/"},"description":"Entreprise sp\u00e9cialis\u00e9e dans la fabrication et la distribution de machines industrielles pour les secteurs alimentaire et pharmaceutique. Nous sommes sp\u00e9cialis\u00e9s dans : Machines \u00e0 couper la viande Fabrication de comprim\u00e9s Syst\u00e8mes de transport industriel Lignes d'embouteillage Machines de dosage Et bien plus encore... Nous proposons des solutions innovantes et personnalis\u00e9es pour optimiser les processus de production de votre entreprise.","email":"Admistracion@distribucionarc.com","telephone":"+34 643496664","legalName":"ARC TECH SOLUTIONS","foundingDate":"2024-04-09","vatID":"B55480172","numberOfEmployees":{"@type":"QuantitativeValue","minValue":"1","maxValue":"10"}}]}},"_links":{"self":[{"href":"https:\/\/distribucionarc.com\/fr\/wp-json\/wp\/v2\/product\/2650","targetHints":{"allow":["GET"]}}],"collection":[{"href":"https:\/\/distribucionarc.com\/fr\/wp-json\/wp\/v2\/product"}],"about":[{"href":"https:\/\/distribucionarc.com\/fr\/wp-json\/wp\/v2\/types\/product"}],"replies":[{"embeddable":true,"href":"https:\/\/distribucionarc.com\/fr\/wp-json\/wp\/v2\/comments?post=2650"}],"version-history":[{"count":0,"href":"https:\/\/distribucionarc.com\/fr\/wp-json\/wp\/v2\/product\/2650\/revisions"}],"wp:featuredmedia":[{"embeddable":true,"href":"https:\/\/distribucionarc.com\/fr\/wp-json\/wp\/v2\/media\/6017"}],"wp:attachment":[{"href":"https:\/\/distribucionarc.com\/fr\/wp-json\/wp\/v2\/media?parent=2650"}],"wp:term":[{"taxonomy":"product_brand","embeddable":true,"href":"https:\/\/distribucionarc.com\/fr\/wp-json\/wp\/v2\/product_brand?post=2650"},{"taxonomy":"product_cat","embeddable":true,"href":"https:\/\/distribucionarc.com\/fr\/wp-json\/wp\/v2\/product_cat?post=2650"},{"taxonomy":"product_tag","embeddable":true,"href":"https:\/\/distribucionarc.com\/fr\/wp-json\/wp\/v2\/product_tag?post=2650"}],"curies":[{"name":"wp","href":"https:\/\/api.w.org\/{rel}","templated":true}]}}