{"id":2708,"date":"2020-08-20T16:39:22","date_gmt":"2020-08-20T16:39:22","guid":{"rendered":"https:\/\/distribucionarc.com\/?post_type=product&#038;p=2708"},"modified":"2020-10-01T09:49:43","modified_gmt":"2020-10-01T09:49:43","slug":"machine-a-inscrire-sur-anneaux","status":"publish","type":"product","link":"https:\/\/distribucionarc.com\/fr\/producto\/maquina-para-inscripciones-en-anillos\/","title":{"rendered":"Machine d&#039;inscription d&#039;anneaux"},"content":{"rendered":"<h3>Machine d&#039;inscription d&#039;anneaux<\/h3>\n<p><strong>Graveur professionnel de bague int\u00e9rieure <span style=\"color: #ff0000;\">\u00c0<\/span><span style=\"color: #0000ff;\">R.<\/span>c<\/strong>, avec marquage en bloc de lettres standard. Gravez des initiales \u00e9tincelantes, des dates ou des phrases \u00e0 l&#039;int\u00e9rieur de presque toutes les bagues. Il peut s&#039;adapter \u00e0 diverses formes de bagues de diff\u00e9rents diam\u00e8tres et \u00e9paisseurs.<\/p>\n<p>La sph\u00e8re mesure environ (12,5 cm) de diam\u00e8tre. Il est dot\u00e9 d&#039;un cadran \u00e0 lettres majuscules double face comportant des lettres majuscules et des chiffres. Vous n&#039;aurez aucun probl\u00e8me \u00e0 r\u00e9aliser des inscriptions gr\u00e2ce \u00e0 sa pointe diamant. Plus un centrage automatique des lettres, un espacement uniforme des caract\u00e8res et une profondeur de gravure uniforme.<\/p>\n<p>Avec cette pratique <strong>graveur de bagues<span style=\"color: #ff0000;\"> \u00c0<\/span><span style=\"color: #0000ff;\">R.<\/span>MPC1<\/strong> \u00c0 l\u2019int\u00e9rieur, vous pourrez surprendre vos clients avec une gratification instantan\u00e9e et transformer chaque bague en un souvenir personnalis\u00e9 en gravant des noms, des initiales, des dates comm\u00e9moratives, un court message, etc.<\/p>\n<h6><\/h6>\n<h6><strong>Garantie<span style=\"color: #ff0000;\">\u00a0<\/span><\/strong><span style=\"color: #ff0000;\"><strong>\u00c0<\/strong><\/span><span style=\"color: #0000ff;\"><strong>R.<\/strong><\/span><strong>C 2 ANS<\/strong><\/h6>\n<h6><strong>support technique inclus<\/strong><\/h6>\n<p>&nbsp;<\/p>\n<table width=\"100%\">\n<tbody>\n<tr>\n<td>Gars:<\/td>\n<td width=\"50%\">Manuel<\/td>\n<td colspan=\"2\" width=\"327\"><\/td>\n<\/tr>\n<tr>\n<td>Pays de distribution\u00a0:<\/td>\n<td width=\"50%\">Espagne, Allemagne, \u00c9tats-Unis<\/td>\n<td>Poids:<\/td>\n<td width=\"50%\">6,5 kg<\/td>\n<\/tr>\n<tr>\n<td>Marque:<\/td>\n<td width=\"50%\">ARC<\/td>\n<td>Hauteur:<\/td>\n<td width=\"50%\">45 cm<\/td>\n<\/tr>\n<tr>\n<td>Couleur:<\/td>\n<td width=\"50%\">Argent<\/td>\n<td>Long:<\/td>\n<td width=\"50%\">\u00a025 cm<\/td>\n<\/tr>\n<tr>\n<td>Type de produit\u00a0:<\/td>\n<td width=\"50%\">graveur de bagues<\/td>\n<td>Large:<\/td>\n<td width=\"50%\">23 cm<\/td>\n<\/tr>\n<tr>\n<td>Num\u00e9ro du fabricant :<\/td>\n<td width=\"50%\">ARCGPA1<\/td>\n<td>Angle de rotation\u00a0:<\/td>\n<td width=\"50%\">360\u00ba<\/td>\n<\/tr>\n<tr>\n<td>Mat\u00e9riel:<\/td>\n<td width=\"50%\">\u00a0acier inoxydable, pointe diamant<\/td>\n<td>Taille de l&#039;entr\u00e9e\u00a0:<\/td>\n<td width=\"50%\">8,6x8,6 cm<\/td>\n<\/tr>\n<tr>\n<td>Garantie:<\/td>\n<td width=\"50%\">2 ANS<\/td>\n<td>Diam\u00e8tre de la sph\u00e8re\u00a0:<\/td>\n<td width=\"50%\">12,5 cm<\/td>\n<\/tr>\n<tr>\n<td>Outils d&#039;installation\u00a0:<\/td>\n<td width=\"50%\">Ouais<\/td>\n<td>Le forfait comprend :<\/td>\n<td width=\"50%\">1 x machine de gravure d&#039;anneau int\u00e9rieur<br \/>\n1 x cadran double face<\/td>\n<\/tr>\n<\/tbody>\n<\/table>","protected":false},"excerpt":{"rendered":"<h2>Machine d&#039;inscription d&#039;anneaux<\/h2>\n<p>Ce <strong>machine \u00e0 graver <span style=\"color: #ff0000;\">\u00c0<\/span><span style=\"color: #0000ff;\">R.<\/span>c<\/strong> Grave professionnellement l&#039;or, l&#039;argent et d&#039;autres mat\u00e9riaux et s&#039;adapte aux bagues \u00e9troites, larges et serties. Avec un <strong>pointe de crayon diamant<\/strong> ce qui garantit une gravure claire et un centrage automatique<\/p>\n<p>Il est con\u00e7u pour un <strong>gravure rapide et facile<\/strong> \u00e0 l&#039;int\u00e9rieur de plusieurs anneaux, pratiquement impossibles \u00e0 distinguer d&#039;une gravure \u00e0 la main. La transmission automatique permet au mandrin de continuer \u00e0 tourner apr\u00e8s la gravure de chaque caract\u00e8re. La sph\u00e8re de gravure double face permet de graver sur presque tous types de bagues avec diff\u00e9rentes hauteurs et \u00e9paisseurs.<\/p>\n<h6><strong>Garantie<span style=\"color: #ff0000;\">\u00a0<\/span><\/strong><span style=\"color: #ff0000;\"><strong>\u00c0<\/strong><\/span><span style=\"color: #0000ff;\"><strong>R.<\/strong><\/span><strong>C 2 ANS<\/strong><\/h6>\n<h6><strong>support technique inclus<\/strong><\/h6>","protected":false},"featured_media":2715,"comment_status":"open","ping_status":"closed","template":"","meta":{"wds_primary_product_brand":0,"wds_primary_product_cat":0},"product_brand":[],"product_cat":[69,70],"product_tag":[],"class_list":{"0":"post-2708","1":"product","2":"type-product","3":"status-publish","4":"has-post-thumbnail","6":"product_cat-maquinas-variadas","7":"product_cat-talladoras-marcadoras-de-metal-grabadoras-laser","8":"product_shipping_class-express","10":"first","11":"instock","12":"sale","13":"taxable","14":"shipping-taxable","15":"purchasable","16":"product-type-simple"},"yoast_head":"<!-- This site is optimized with the Yoast SEO Premium plugin v24.9 (Yoast SEO v26.1) - https:\/\/yoast.com\/wordpress\/plugins\/seo\/ -->\n<title>Maquina para inscripciones en anillos - distribuci\u00f3n ARC<\/title>\n<meta name=\"robots\" content=\"index, follow, max-snippet:-1, max-image-preview:large, max-video-preview:-1\" \/>\n<link rel=\"canonical\" href=\"https:\/\/distribucionarc.com\/fr\/produit\/machine-a-inscrire-sur-anneaux\/\" \/>\n<meta property=\"og:locale\" content=\"fr_FR\" \/>\n<meta property=\"og:type\" content=\"article\" \/>\n<meta property=\"og:title\" content=\"Maquina para inscripciones en anillos\" \/>\n<meta property=\"og:description\" content=\"Maquina para inscripciones en anillos Esta m\u00e1quina de grabado ARC graba profesionalmente oro, plata y otros materiales y se adapta con anillos estrechos, anchos y de conjunto. Con una punta de l\u00e1piz de diamante que asegura el grabado claro y el centrado autom\u00e1tico  Est\u00e1 dise\u00f1ado para un grabado r\u00e1pido y sencillo en el interior de varios anillos, pr\u00e1cticamente indistinguible del grabado a mano. La transmisi\u00f3n autom\u00e1tica de engranajes permite que el portabrocas siga girando despu\u00e9s de grabar cada car\u00e1cter. La esfera de grabado de doble cara permite grabar en casi todo tipo de anillos con diferentes alturas y espesores. Garant\u00eda\u00a0ARC 2 A\u00d1OS soporte t\u00e9cnico\u00a0incluido\" \/>\n<meta property=\"og:url\" content=\"https:\/\/distribucionarc.com\/fr\/produit\/machine-a-inscrire-sur-anneaux\/\" \/>\n<meta property=\"og:site_name\" content=\"distribuci\u00f3n ARC\" \/>\n<meta property=\"article:modified_time\" content=\"2020-10-01T09:49:43+00:00\" \/>\n<meta property=\"og:image\" content=\"https:\/\/distribucionarc.com\/wp-content\/uploads\/2020\/08\/M\u00e1quina-para-inscripciones-en-anillos-0.jpg\" \/>\n\t<meta property=\"og:image:width\" content=\"1001\" \/>\n\t<meta property=\"og:image:height\" content=\"1001\" \/>\n\t<meta property=\"og:image:type\" content=\"image\/jpeg\" \/>\n<meta name=\"twitter:card\" content=\"summary_large_image\" \/>\n<meta name=\"twitter:label1\" content=\"Dur\u00e9e de lecture estim\u00e9e\" \/>\n\t<meta name=\"twitter:data1\" content=\"1 minute\" \/>\n<script type=\"application\/ld+json\" class=\"yoast-schema-graph\">{\"@context\":\"https:\/\/schema.org\",\"@graph\":[{\"@type\":\"WebPage\",\"@id\":\"https:\/\/distribucionarc.com\/fr\/producto\/maquina-para-inscripciones-en-anillos\/\",\"url\":\"https:\/\/distribucionarc.com\/fr\/producto\/maquina-para-inscripciones-en-anillos\/\",\"name\":\"Maquina para inscripciones en anillos - distribuci\u00f3n ARC\",\"isPartOf\":{\"@id\":\"https:\/\/distribucionarc.com\/de\/#website\"},\"primaryImageOfPage\":{\"@id\":\"https:\/\/distribucionarc.com\/fr\/producto\/maquina-para-inscripciones-en-anillos\/#primaryimage\"},\"image\":{\"@id\":\"https:\/\/distribucionarc.com\/fr\/producto\/maquina-para-inscripciones-en-anillos\/#primaryimage\"},\"thumbnailUrl\":\"https:\/\/distribucionarc.com\/wp-content\/uploads\/2020\/08\/M\u00e1quina-para-inscripciones-en-anillos-0.jpg\",\"datePublished\":\"2020-08-20T16:39:22+00:00\",\"dateModified\":\"2020-10-01T09:49:43+00:00\",\"breadcrumb\":{\"@id\":\"https:\/\/distribucionarc.com\/fr\/producto\/maquina-para-inscripciones-en-anillos\/#breadcrumb\"},\"inLanguage\":\"fr-FR\",\"potentialAction\":[{\"@type\":\"ReadAction\",\"target\":[\"https:\/\/distribucionarc.com\/fr\/producto\/maquina-para-inscripciones-en-anillos\/\"]}]},{\"@type\":\"ImageObject\",\"inLanguage\":\"fr-FR\",\"@id\":\"https:\/\/distribucionarc.com\/fr\/producto\/maquina-para-inscripciones-en-anillos\/#primaryimage\",\"url\":\"https:\/\/distribucionarc.com\/wp-content\/uploads\/2020\/08\/M\u00e1quina-para-inscripciones-en-anillos-0.jpg\",\"contentUrl\":\"https:\/\/distribucionarc.com\/wp-content\/uploads\/2020\/08\/M\u00e1quina-para-inscripciones-en-anillos-0.jpg\",\"width\":1001,\"height\":1001,\"caption\":\"Maquina para inscripciones en anillos\"},{\"@type\":\"BreadcrumbList\",\"@id\":\"https:\/\/distribucionarc.com\/fr\/producto\/maquina-para-inscripciones-en-anillos\/#breadcrumb\",\"itemListElement\":[{\"@type\":\"ListItem\",\"position\":1,\"name\":\"Portada\",\"item\":\"https:\/\/distribucionarc.com\/pl\/\"},{\"@type\":\"ListItem\",\"position\":2,\"name\":\"Produkty\",\"item\":\"https:\/\/distribucionarc.com\/pl\/shop\/\"},{\"@type\":\"ListItem\",\"position\":3,\"name\":\"Maquina para inscripciones en anillos\"}]},{\"@type\":\"WebSite\",\"@id\":\"https:\/\/distribucionarc.com\/de\/#website\",\"url\":\"https:\/\/distribucionarc.com\/de\/\",\"name\":\"distribuci\u00f3n ARC\",\"description\":\"Empresa especializada en la fabricaci\u00f3n y distribuci\u00f3n de maquinaria industrial, selladoras de latas, Maquinas de hacer pastillas, Maquinas de cortar carne...\",\"publisher\":{\"@id\":\"https:\/\/distribucionarc.com\/de\/#organization\"},\"potentialAction\":[{\"@type\":\"SearchAction\",\"target\":{\"@type\":\"EntryPoint\",\"urlTemplate\":\"https:\/\/distribucionarc.com\/de\/?s={search_term_string}\"},\"query-input\":{\"@type\":\"PropertyValueSpecification\",\"valueRequired\":true,\"valueName\":\"search_term_string\"}}],\"inLanguage\":\"fr-FR\"},{\"@type\":\"Organization\",\"@id\":\"https:\/\/distribucionarc.com\/de\/#organization\",\"name\":\"Distribuci\u00f3n ARC\",\"url\":\"https:\/\/distribucionarc.com\/de\/\",\"logo\":{\"@type\":\"ImageObject\",\"inLanguage\":\"fr-FR\",\"@id\":\"https:\/\/distribucionarc.com\/de\/#\/schema\/logo\/image\/\",\"url\":\"https:\/\/distribucionarc.com\/wp-content\/uploads\/2024\/10\/distribucion-ARC-COLOR-SIN-FONDO-e1732295305345.png\",\"contentUrl\":\"https:\/\/distribucionarc.com\/wp-content\/uploads\/2024\/10\/distribucion-ARC-COLOR-SIN-FONDO-e1732295305345.png\",\"width\":1164,\"height\":558,\"caption\":\"Distribuci\u00f3n ARC\"},\"image\":{\"@id\":\"https:\/\/distribucionarc.com\/de\/#\/schema\/logo\/image\/\"},\"description\":\"Empresa especializada en la fabricaci\u00f3n y distribuci\u00f3n de maquinaria industrial para los sectores alimentario y farmac\u00e9utico. Nos especializamos en: M\u00e1quinas de cortar carne Fabricaci\u00f3n de comprimidos Sistemas de transporte industrial L\u00edneas de embotellado Dosificadores Y mucho m\u00e1s... Ofrecemos soluciones innovadoras y personalizadas para optimizar los procesos productivos de tu empresa.\",\"email\":\"Admistracion@distribucionarc.com\",\"telephone\":\"+34 643496664\",\"legalName\":\"ARC TECH SOLUTIONS\",\"foundingDate\":\"2024-04-09\",\"vatID\":\"B55480172\",\"numberOfEmployees\":{\"@type\":\"QuantitativeValue\",\"minValue\":\"1\",\"maxValue\":\"10\"}}]}<\/script>\n<!-- \/ Yoast SEO Premium plugin. -->","yoast_head_json":{"title":"Machine d&#039;inscription d&#039;anneaux - ARC distribution","robots":{"index":"index","follow":"follow","max-snippet":"max-snippet:-1","max-image-preview":"max-image-preview:large","max-video-preview":"max-video-preview:-1"},"canonical":"https:\/\/distribucionarc.com\/fr\/produit\/machine-a-inscrire-sur-anneaux\/","og_locale":"fr_FR","og_type":"article","og_title":"Maquina para inscripciones en anillos","og_description":"Maquina para inscripciones en anillos Esta m\u00e1quina de grabado ARC graba profesionalmente oro, plata y otros materiales y se adapta con anillos estrechos, anchos y de conjunto. Con una punta de l\u00e1piz de diamante que asegura el grabado claro y el centrado autom\u00e1tico  Est\u00e1 dise\u00f1ado para un grabado r\u00e1pido y sencillo en el interior de varios anillos, pr\u00e1cticamente indistinguible del grabado a mano. La transmisi\u00f3n autom\u00e1tica de engranajes permite que el portabrocas siga girando despu\u00e9s de grabar cada car\u00e1cter. La esfera de grabado de doble cara permite grabar en casi todo tipo de anillos con diferentes alturas y espesores. Garant\u00eda\u00a0ARC 2 A\u00d1OS soporte t\u00e9cnico\u00a0incluido","og_url":"https:\/\/distribucionarc.com\/fr\/produit\/machine-a-inscrire-sur-anneaux\/","og_site_name":"distribuci\u00f3n ARC","article_modified_time":"2020-10-01T09:49:43+00:00","og_image":[{"width":1001,"height":1001,"url":"https:\/\/distribucionarc.com\/wp-content\/uploads\/2020\/08\/M\u00e1quina-para-inscripciones-en-anillos-0.jpg","type":"image\/jpeg"}],"twitter_card":"summary_large_image","twitter_misc":{"Dur\u00e9e de lecture estim\u00e9e":"1 minute"},"schema":{"@context":"https:\/\/schema.org","@graph":[{"@type":"WebPage","@id":"https:\/\/distribucionarc.com\/fr\/producto\/maquina-para-inscripciones-en-anillos\/","url":"https:\/\/distribucionarc.com\/fr\/producto\/maquina-para-inscripciones-en-anillos\/","name":"Machine d&#039;inscription d&#039;anneaux - ARC distribution","isPartOf":{"@id":"https:\/\/distribucionarc.com\/de\/#website"},"primaryImageOfPage":{"@id":"https:\/\/distribucionarc.com\/fr\/producto\/maquina-para-inscripciones-en-anillos\/#primaryimage"},"image":{"@id":"https:\/\/distribucionarc.com\/fr\/producto\/maquina-para-inscripciones-en-anillos\/#primaryimage"},"thumbnailUrl":"https:\/\/distribucionarc.com\/wp-content\/uploads\/2020\/08\/M\u00e1quina-para-inscripciones-en-anillos-0.jpg","datePublished":"2020-08-20T16:39:22+00:00","dateModified":"2020-10-01T09:49:43+00:00","breadcrumb":{"@id":"https:\/\/distribucionarc.com\/fr\/producto\/maquina-para-inscripciones-en-anillos\/#breadcrumb"},"inLanguage":"fr-FR","potentialAction":[{"@type":"ReadAction","target":["https:\/\/distribucionarc.com\/fr\/producto\/maquina-para-inscripciones-en-anillos\/"]}]},{"@type":"ImageObject","inLanguage":"fr-FR","@id":"https:\/\/distribucionarc.com\/fr\/producto\/maquina-para-inscripciones-en-anillos\/#primaryimage","url":"https:\/\/distribucionarc.com\/wp-content\/uploads\/2020\/08\/M\u00e1quina-para-inscripciones-en-anillos-0.jpg","contentUrl":"https:\/\/distribucionarc.com\/wp-content\/uploads\/2020\/08\/M\u00e1quina-para-inscripciones-en-anillos-0.jpg","width":1001,"height":1001,"caption":"Maquina para inscripciones en anillos"},{"@type":"BreadcrumbList","@id":"https:\/\/distribucionarc.com\/fr\/producto\/maquina-para-inscripciones-en-anillos\/#breadcrumb","itemListElement":[{"@type":"ListItem","position":1,"name":"Portada","item":"https:\/\/distribucionarc.com\/pl\/"},{"@type":"ListItem","position":2,"name":"Produkty","item":"https:\/\/distribucionarc.com\/pl\/shop\/"},{"@type":"ListItem","position":3,"name":"Maquina para inscripciones en anillos"}]},{"@type":"WebSite","@id":"https:\/\/distribucionarc.com\/de\/#website","url":"https:\/\/distribucionarc.com\/de\/","name":"R\u00e9partition de l&#039;ARC","description":"Entreprise sp\u00e9cialis\u00e9e dans la fabrication et la distribution de machines industrielles, scelleuses de bo\u00eetes, machines \u00e0 comprim\u00e9s, machines \u00e0 d\u00e9couper la viande...","publisher":{"@id":"https:\/\/distribucionarc.com\/de\/#organization"},"potentialAction":[{"@type":"SearchAction","target":{"@type":"EntryPoint","urlTemplate":"https:\/\/distribucionarc.com\/de\/?s={search_term_string}"},"query-input":{"@type":"PropertyValueSpecification","valueRequired":true,"valueName":"search_term_string"}}],"inLanguage":"fr-FR"},{"@type":"Organization","@id":"https:\/\/distribucionarc.com\/de\/#organization","name":"Distribution ARC","url":"https:\/\/distribucionarc.com\/de\/","logo":{"@type":"ImageObject","inLanguage":"fr-FR","@id":"https:\/\/distribucionarc.com\/de\/#\/schema\/logo\/image\/","url":"https:\/\/distribucionarc.com\/wp-content\/uploads\/2024\/10\/distribucion-ARC-COLOR-SIN-FONDO-e1732295305345.png","contentUrl":"https:\/\/distribucionarc.com\/wp-content\/uploads\/2024\/10\/distribucion-ARC-COLOR-SIN-FONDO-e1732295305345.png","width":1164,"height":558,"caption":"Distribuci\u00f3n ARC"},"image":{"@id":"https:\/\/distribucionarc.com\/de\/#\/schema\/logo\/image\/"},"description":"Entreprise sp\u00e9cialis\u00e9e dans la fabrication et la distribution de machines industrielles pour les secteurs alimentaire et pharmaceutique. Nous sommes sp\u00e9cialis\u00e9s dans : Machines \u00e0 couper la viande Fabrication de comprim\u00e9s Syst\u00e8mes de transport industriel Lignes d'embouteillage Machines de dosage Et bien plus encore... Nous proposons des solutions innovantes et personnalis\u00e9es pour optimiser les processus de production de votre entreprise.","email":"Admistracion@distribucionarc.com","telephone":"+34 643496664","legalName":"ARC TECH SOLUTIONS","foundingDate":"2024-04-09","vatID":"B55480172","numberOfEmployees":{"@type":"QuantitativeValue","minValue":"1","maxValue":"10"}}]}},"_links":{"self":[{"href":"https:\/\/distribucionarc.com\/fr\/wp-json\/wp\/v2\/product\/2708","targetHints":{"allow":["GET"]}}],"collection":[{"href":"https:\/\/distribucionarc.com\/fr\/wp-json\/wp\/v2\/product"}],"about":[{"href":"https:\/\/distribucionarc.com\/fr\/wp-json\/wp\/v2\/types\/product"}],"replies":[{"embeddable":true,"href":"https:\/\/distribucionarc.com\/fr\/wp-json\/wp\/v2\/comments?post=2708"}],"version-history":[{"count":0,"href":"https:\/\/distribucionarc.com\/fr\/wp-json\/wp\/v2\/product\/2708\/revisions"}],"wp:featuredmedia":[{"embeddable":true,"href":"https:\/\/distribucionarc.com\/fr\/wp-json\/wp\/v2\/media\/2715"}],"wp:attachment":[{"href":"https:\/\/distribucionarc.com\/fr\/wp-json\/wp\/v2\/media?parent=2708"}],"wp:term":[{"taxonomy":"product_brand","embeddable":true,"href":"https:\/\/distribucionarc.com\/fr\/wp-json\/wp\/v2\/product_brand?post=2708"},{"taxonomy":"product_cat","embeddable":true,"href":"https:\/\/distribucionarc.com\/fr\/wp-json\/wp\/v2\/product_cat?post=2708"},{"taxonomy":"product_tag","embeddable":true,"href":"https:\/\/distribucionarc.com\/fr\/wp-json\/wp\/v2\/product_tag?post=2708"}],"curies":[{"name":"wp","href":"https:\/\/api.w.org\/{rel}","templated":true}]}}