{"id":2747,"date":"2020-08-21T11:23:47","date_gmt":"2020-08-21T11:23:47","guid":{"rendered":"https:\/\/distribucionarc.com\/?post_type=product&#038;p=2747"},"modified":"2020-10-09T10:45:53","modified_gmt":"2020-10-09T10:45:53","slug":"machine-de-gravure-et-decoupe-au-laser-co2","status":"publish","type":"product","link":"https:\/\/distribucionarc.com\/fr\/producto\/maquina-de-grabado-y-cortado-laser-de-co2\/","title":{"rendered":"Machine de gravure et d\u00e9coupe laser CO2 pour menuiserie 30 x 20"},"content":{"rendered":"<h3><strong>Machine de gravure et de d\u00e9coupe laser CO2 pour menuiserie<\/strong><\/h3>\n<p>La t\u00eate laser de haute pr\u00e9cision\u00a0<strong>machine de marquage<span style=\"color: #ff0000;\">\u00a0\u00c0<\/span><span style=\"color: #0000ff;\">R.<\/span>c<\/strong>, avec des performances et une durabilit\u00e9 de haute qualit\u00e9, fiables, am\u00e9liore la pr\u00e9cision et les performances de gravure. Les roulements de haute pr\u00e9cision et les ceintures d&#039;amortissement rendent la gravure plus pr\u00e9cise et rendent \u00e9galement la gravure plus pr\u00e9cise. <strong>durabilit\u00e9 des machines<\/strong> \u00eatre <strong>deux \u00e0 trois fois plus longue que celle d&#039;un graveur laser CO2 classique<\/strong><\/p>\n<p>Il dispose d&#039;un interrupteur marche\/arr\u00eat, d&#039;un interrupteur laser, d&#039;un interrupteur de test, d&#039;une r\u00e9gulation du courant et d&#039;une indication du courant sur le tableau de commande, pour un contr\u00f4le plus intuitif et pratique de la gravure. Un extracteur de tuyau, un \u00e9vent et un ventilateur sont inclus, ce qui r\u00e9duit efficacement la temp\u00e9rature de tous les composants \u00e9lectroniques, prolongeant ainsi leur dur\u00e9e de vie<\/p>\n<p>Il utilise un port USB pour une connexion pratique \u00e0 un PC ou un ordinateur portable, pour un contr\u00f4le plus pr\u00e9cis et meilleur de la gravure. Cette machine est compatible avec tous les mod\u00e8les d&#039;imprimantes et de scanners. Prend en charge les polices standard internationales TIF et BMP\/JPG\/JPEG\/WMF\/EMF\/PLT. Par ailleurs, le <strong>graveur laser\u00a0<span style=\"color: #ff0000;\">\u00c0<\/span><span style=\"color: #0000ff;\">R.<\/span>CGCLP40 <\/strong>est \u00e9quip\u00e9 d&#039;un\u00a0<strong>moteur pas \u00e0 pas<\/strong>\u00a0Haute pr\u00e9cision, efficace et stable, permettant une gravure plus pr\u00e9cise.<\/p>\n<h6><strong>Garantie\u00a0<span style=\"color: #ff0000;\">\u00c0<\/span><span style=\"color: #0000ff;\">R.<\/span>C 2 ANS<\/strong><\/h6>\n<h6><span style=\"color: #008000;\">Graveur laser efficace, consommation \u2264280W<\/span><\/h6>\n<h6><strong>support technique inclus<\/strong><\/h6>\n<p>&nbsp;<\/p>\n<hr \/>\n<ul>\n<li><strong>Puissance laser : 40W<\/strong><\/li>\n<li><strong>Type de laser\u00a0: gaz CO2<\/strong><\/li>\n<li><strong>Courant\u00a0: 0 ~ 22 mA<\/strong><\/li>\n<li><strong>Tension de d\u00e9clenchement du tube : 20 kV<\/strong><\/li>\n<li><strong>Tension de fonctionnement des tubes : 15 kV<\/strong><\/li>\n<li><strong>Zone de gravure : 300 x 200 mm<\/strong><\/li>\n<li><strong>Certificats\u00a0:\u00a0CE<\/strong><\/li>\n<li><strong>Type de moteur : moteur pas \u00e0 pas<\/strong><\/li>\n<li><strong>Consommation \u00e9lectrique\u00a0: \u2264250W<\/strong><\/li>\n<li><strong>Interface vers ordinateur : port USB<\/strong><\/li>\n<li><strong>Mode de refroidissement : refroidissement par eau (pompe \u00e0 eau incluse)<\/strong><\/li>\n<li><strong>Tube laser (dur\u00e9e de vie) : 1000-1300 heures<\/strong><\/li>\n<li><strong>Vitesse de gravure : 0 \u2013 500 mm\/s (0-19,68 in\/s)<\/strong><\/li>\n<li><strong>Vitesse de coupe\u00a0: 0-400 mm\/s (0-15,74 po\/s)<\/strong><\/li>\n<li><strong>Rapport de r\u00e9solution\u00a0: (0,026\u00a0mm)<\/strong><\/li>\n<li><strong>R\u00e9initialisation du positionnement\u00a0: \u22640,01\u00a0mm<\/strong><\/li>\n<li><strong>Formats graphiques pris en charge : BMP \/ JPG \/ JPEG \/ WMF \/ EMF \/ PLT<\/strong><\/li>\n<li><strong>Dimensions du produit : 850x500x300mm<\/strong><\/li>\n<li><strong>Poids du produit : 30 kg (exp\u00e9dition 38 kg)<\/strong><\/li>\n<\/ul>","protected":false},"excerpt":{"rendered":"<h2><strong>Machine de gravure et de d\u00e9coupe laser CO2 pour menuiserie\u00a0<\/strong><\/h2>\n<p>Ce\u00a0<strong>machine de marquage<\/strong>\u00a0int\u00e8gre le dernier mouvement m\u00e9canique l\u00e9ger du march\u00e9, un enregistreur modal de trois g\u00e9n\u00e9rations qui vous assurera\u00a0<strong>haute pr\u00e9cision et vitesse<\/strong>. Le nouveau\u00a0<strong>graveur laser<\/strong>\u00a0<strong><span style=\"color: #ff0000;\">\u00c0<\/span><span style=\"color: #0000ff;\">R.<\/span>CGCLP40 <\/strong>Il est dot\u00e9 de roulements et de sangles rembourr\u00e9es de <strong>haute pr\u00e9cision<\/strong><span style=\"font-size: 16px;\">\u00a0Ils rendent la gravure plus pr\u00e9cise, ils rendent aussi la<\/span><strong style=\"font-size: 16px;\"> la dur\u00e9e de vie de la machine est deux \u00e0 trois fois plus longue<\/strong><span style=\"font-size: 16px;\"> que celui d&#039;un graveur laser CO2 classique.<\/span><span style=\"font-size: 16px;\">Panneau de contr\u00f4le de haute qualit\u00e9. Il utilise un port USB pour se connecter \u00e0 votre ordinateur portable ou PC. Le soutien de <strong>logiciel<\/strong> ce <strong>inclus, CorelDraw<\/strong>.<\/span><\/p>\n<h6><strong>Garantie\u00a0<span style=\"color: #ff0000;\">\u00c0<\/span><span style=\"color: #0000ff;\">R.<\/span>C 2 ANS<\/strong><\/h6>\n<h6><span style=\"color: #008000;\">Graveur laser efficace, consommation \u2264280W<\/span><\/h6>\n<h6><strong>support technique inclus<\/strong><\/h6>","protected":false},"featured_media":2759,"comment_status":"open","ping_status":"closed","template":"","meta":{"wds_primary_product_brand":0,"wds_primary_product_cat":0},"product_brand":[],"product_cat":[69,70],"product_tag":[],"class_list":{"0":"post-2747","1":"product","2":"type-product","3":"status-publish","4":"has-post-thumbnail","6":"product_cat-maquinas-variadas","7":"product_cat-talladoras-marcadoras-de-metal-grabadoras-laser","8":"product_shipping_class-express","10":"first","11":"instock","12":"sale","13":"taxable","14":"shipping-taxable","15":"purchasable","16":"product-type-simple"},"yoast_head":"<!-- This site is optimized with the Yoast SEO Premium plugin v24.9 (Yoast SEO v26.1) - https:\/\/yoast.com\/wordpress\/plugins\/seo\/ -->\n<title>M\u00e1quina de Grabado y Cortado L\u00e1ser\u00a0de CO2 carpinteria 30 x 20 - distribuci\u00f3n ARC<\/title>\n<meta name=\"robots\" content=\"index, follow, max-snippet:-1, max-image-preview:large, max-video-preview:-1\" \/>\n<link rel=\"canonical\" href=\"https:\/\/distribucionarc.com\/fr\/produit\/machine-de-gravure-et-decoupe-au-laser-co2\/\" \/>\n<meta property=\"og:locale\" content=\"fr_FR\" \/>\n<meta property=\"og:type\" content=\"article\" \/>\n<meta property=\"og:title\" content=\"M\u00e1quina de Grabado y Cortado L\u00e1ser\u00a0de CO2 carpinteria 30 x 20\" \/>\n<meta property=\"og:description\" content=\"M\u00e1quina de Grabado y Cortado L\u00e1ser de CO2 carpinteria\u00a0 Esta\u00a0m\u00e1quina de marcado\u00a0integra el movimiento mec\u00e1nico de luz m\u00e1s nuevo del mercado, grabador modal de tres generaciones que le asegurara\u00a0alta precisi\u00f3n y velocidad. El nuevo\u00a0grabador l\u00e1ser\u00a0ARCGCLP40 cuenta con rodamientos y correas de acolchado de alta precisi\u00f3n\u00a0hacen que el grabado sea m\u00e1s preciso, tambi\u00e9n consiguen que la durabilidad de la m\u00e1quina sea dos o tres veces m\u00e1s larga que la de un grabador l\u00e1ser de CO2 convencional.panel de control de alta calidad. Emplea un puerto USB para conectarse a su port\u00e1til o PC. El soporte del software est\u00e1 incluido, CorelDraw. Garant\u00eda\u00a0ARC 2 A\u00d1OS Grabador l\u00e1ser eficiente, consumo \u2264280W soporte t\u00e9cnico incluido\" \/>\n<meta property=\"og:url\" content=\"https:\/\/distribucionarc.com\/fr\/produit\/machine-de-gravure-et-decoupe-au-laser-co2\/\" \/>\n<meta property=\"og:site_name\" content=\"distribuci\u00f3n ARC\" \/>\n<meta property=\"article:modified_time\" content=\"2020-10-09T10:45:53+00:00\" \/>\n<meta property=\"og:image\" content=\"https:\/\/distribucionarc.com\/wp-content\/uploads\/2020\/08\/Maquina-de-Grabado-y-Cortado-Laser-de-CO2-5.jpg\" \/>\n\t<meta property=\"og:image:width\" content=\"1600\" \/>\n\t<meta property=\"og:image:height\" content=\"1600\" \/>\n\t<meta property=\"og:image:type\" content=\"image\/jpeg\" \/>\n<meta name=\"twitter:card\" content=\"summary_large_image\" \/>\n<meta name=\"twitter:label1\" content=\"Dur\u00e9e de lecture estim\u00e9e\" \/>\n\t<meta name=\"twitter:data1\" content=\"2 minutes\" \/>\n<script type=\"application\/ld+json\" class=\"yoast-schema-graph\">{\"@context\":\"https:\/\/schema.org\",\"@graph\":[{\"@type\":\"WebPage\",\"@id\":\"https:\/\/distribucionarc.com\/en\/producto\/maquina-de-grabado-y-cortado-laser-de-co2\/\",\"url\":\"https:\/\/distribucionarc.com\/en\/producto\/maquina-de-grabado-y-cortado-laser-de-co2\/\",\"name\":\"M\u00e1quina de Grabado y Cortado L\u00e1ser\u00a0de CO2 carpinteria 30 x 20 - distribuci\u00f3n ARC\",\"isPartOf\":{\"@id\":\"https:\/\/www.distribucionarc.com\/sl\/#website\"},\"primaryImageOfPage\":{\"@id\":\"https:\/\/distribucionarc.com\/en\/producto\/maquina-de-grabado-y-cortado-laser-de-co2\/#primaryimage\"},\"image\":{\"@id\":\"https:\/\/distribucionarc.com\/en\/producto\/maquina-de-grabado-y-cortado-laser-de-co2\/#primaryimage\"},\"thumbnailUrl\":\"https:\/\/distribucionarc.com\/wp-content\/uploads\/2020\/08\/Maquina-de-Grabado-y-Cortado-Laser-de-CO2-5.jpg\",\"datePublished\":\"2020-08-21T11:23:47+00:00\",\"dateModified\":\"2020-10-09T10:45:53+00:00\",\"breadcrumb\":{\"@id\":\"https:\/\/distribucionarc.com\/en\/producto\/maquina-de-grabado-y-cortado-laser-de-co2\/#breadcrumb\"},\"inLanguage\":\"fr-FR\",\"potentialAction\":[{\"@type\":\"ReadAction\",\"target\":[\"https:\/\/distribucionarc.com\/en\/producto\/maquina-de-grabado-y-cortado-laser-de-co2\/\"]}]},{\"@type\":\"ImageObject\",\"inLanguage\":\"fr-FR\",\"@id\":\"https:\/\/distribucionarc.com\/en\/producto\/maquina-de-grabado-y-cortado-laser-de-co2\/#primaryimage\",\"url\":\"https:\/\/distribucionarc.com\/wp-content\/uploads\/2020\/08\/Maquina-de-Grabado-y-Cortado-Laser-de-CO2-5.jpg\",\"contentUrl\":\"https:\/\/distribucionarc.com\/wp-content\/uploads\/2020\/08\/Maquina-de-Grabado-y-Cortado-Laser-de-CO2-5.jpg\",\"width\":1600,\"height\":1600,\"caption\":\"M\u00e1quina de Grabado y Cortado L\u00e1ser\u00a0de CO2\"},{\"@type\":\"BreadcrumbList\",\"@id\":\"https:\/\/distribucionarc.com\/en\/producto\/maquina-de-grabado-y-cortado-laser-de-co2\/#breadcrumb\",\"itemListElement\":[{\"@type\":\"ListItem\",\"position\":1,\"name\":\"Portada\",\"item\":\"https:\/\/www.distribucionarc.com\/\"},{\"@type\":\"ListItem\",\"position\":2,\"name\":\"\u00dcr\u00fcnler\",\"item\":\"https:\/\/www.distribucionarc.com\/tr\/magaza\/\"},{\"@type\":\"ListItem\",\"position\":3,\"name\":\"M\u00e1quina de Grabado y Cortado L\u00e1ser\u00a0de CO2 carpinteria 30 x 20\"}]},{\"@type\":\"WebSite\",\"@id\":\"https:\/\/www.distribucionarc.com\/sl\/#website\",\"url\":\"https:\/\/www.distribucionarc.com\/sl\/\",\"name\":\"distribuci\u00f3n ARC\",\"description\":\"Empresa especializada en la fabricaci\u00f3n y distribuci\u00f3n de maquinaria industrial, selladoras de latas, Maquinas de hacer pastillas, Maquinas de cortar carne...\",\"publisher\":{\"@id\":\"https:\/\/www.distribucionarc.com\/sl\/#organization\"},\"potentialAction\":[{\"@type\":\"SearchAction\",\"target\":{\"@type\":\"EntryPoint\",\"urlTemplate\":\"https:\/\/www.distribucionarc.com\/sl\/?s={search_term_string}\"},\"query-input\":{\"@type\":\"PropertyValueSpecification\",\"valueRequired\":true,\"valueName\":\"search_term_string\"}}],\"inLanguage\":\"fr-FR\"},{\"@type\":\"Organization\",\"@id\":\"https:\/\/www.distribucionarc.com\/sl\/#organization\",\"name\":\"Distribuci\u00f3n ARC\",\"url\":\"https:\/\/www.distribucionarc.com\/sl\/\",\"logo\":{\"@type\":\"ImageObject\",\"inLanguage\":\"fr-FR\",\"@id\":\"https:\/\/www.distribucionarc.com\/sl\/#\/schema\/logo\/image\/\",\"url\":\"https:\/\/distribucionarc.com\/wp-content\/uploads\/2024\/10\/distribucion-ARC-COLOR-SIN-FONDO-e1732295305345.png\",\"contentUrl\":\"https:\/\/distribucionarc.com\/wp-content\/uploads\/2024\/10\/distribucion-ARC-COLOR-SIN-FONDO-e1732295305345.png\",\"width\":1164,\"height\":558,\"caption\":\"Distribuci\u00f3n ARC\"},\"image\":{\"@id\":\"https:\/\/www.distribucionarc.com\/sl\/#\/schema\/logo\/image\/\"},\"description\":\"Empresa especializada en la fabricaci\u00f3n y distribuci\u00f3n de maquinaria industrial para los sectores alimentario y farmac\u00e9utico. Nos especializamos en: M\u00e1quinas de cortar carne Fabricaci\u00f3n de comprimidos Sistemas de transporte industrial L\u00edneas de embotellado Dosificadores Y mucho m\u00e1s... Ofrecemos soluciones innovadoras y personalizadas para optimizar los procesos productivos de tu empresa.\",\"email\":\"Admistracion@distribucionarc.com\",\"telephone\":\"+34 643496664\",\"legalName\":\"ARC TECH SOLUTIONS\",\"foundingDate\":\"2024-04-09\",\"vatID\":\"B55480172\",\"numberOfEmployees\":{\"@type\":\"QuantitativeValue\",\"minValue\":\"1\",\"maxValue\":\"10\"}}]}<\/script>\n<!-- \/ Yoast SEO Premium plugin. -->","yoast_head_json":{"title":"Machine de Gravure et D\u00e9coupe Laser CO2 menuiserie 30 x 20 - ARC distribution","robots":{"index":"index","follow":"follow","max-snippet":"max-snippet:-1","max-image-preview":"max-image-preview:large","max-video-preview":"max-video-preview:-1"},"canonical":"https:\/\/distribucionarc.com\/fr\/produit\/machine-de-gravure-et-decoupe-au-laser-co2\/","og_locale":"fr_FR","og_type":"article","og_title":"M\u00e1quina de Grabado y Cortado L\u00e1ser\u00a0de CO2 carpinteria 30 x 20","og_description":"M\u00e1quina de Grabado y Cortado L\u00e1ser de CO2 carpinteria\u00a0 Esta\u00a0m\u00e1quina de marcado\u00a0integra el movimiento mec\u00e1nico de luz m\u00e1s nuevo del mercado, grabador modal de tres generaciones que le asegurara\u00a0alta precisi\u00f3n y velocidad. El nuevo\u00a0grabador l\u00e1ser\u00a0ARCGCLP40 cuenta con rodamientos y correas de acolchado de alta precisi\u00f3n\u00a0hacen que el grabado sea m\u00e1s preciso, tambi\u00e9n consiguen que la durabilidad de la m\u00e1quina sea dos o tres veces m\u00e1s larga que la de un grabador l\u00e1ser de CO2 convencional.panel de control de alta calidad. Emplea un puerto USB para conectarse a su port\u00e1til o PC. El soporte del software est\u00e1 incluido, CorelDraw. Garant\u00eda\u00a0ARC 2 A\u00d1OS Grabador l\u00e1ser eficiente, consumo \u2264280W soporte t\u00e9cnico incluido","og_url":"https:\/\/distribucionarc.com\/fr\/produit\/machine-de-gravure-et-decoupe-au-laser-co2\/","og_site_name":"distribuci\u00f3n ARC","article_modified_time":"2020-10-09T10:45:53+00:00","og_image":[{"width":1600,"height":1600,"url":"https:\/\/distribucionarc.com\/wp-content\/uploads\/2020\/08\/Maquina-de-Grabado-y-Cortado-Laser-de-CO2-5.jpg","type":"image\/jpeg"}],"twitter_card":"summary_large_image","twitter_misc":{"Dur\u00e9e de lecture estim\u00e9e":"2 minutes"},"schema":{"@context":"https:\/\/schema.org","@graph":[{"@type":"WebPage","@id":"https:\/\/distribucionarc.com\/en\/producto\/maquina-de-grabado-y-cortado-laser-de-co2\/","url":"https:\/\/distribucionarc.com\/en\/producto\/maquina-de-grabado-y-cortado-laser-de-co2\/","name":"Machine de Gravure et D\u00e9coupe Laser CO2 menuiserie 30 x 20 - ARC distribution","isPartOf":{"@id":"https:\/\/www.distribucionarc.com\/sl\/#website"},"primaryImageOfPage":{"@id":"https:\/\/distribucionarc.com\/en\/producto\/maquina-de-grabado-y-cortado-laser-de-co2\/#primaryimage"},"image":{"@id":"https:\/\/distribucionarc.com\/en\/producto\/maquina-de-grabado-y-cortado-laser-de-co2\/#primaryimage"},"thumbnailUrl":"https:\/\/distribucionarc.com\/wp-content\/uploads\/2020\/08\/Maquina-de-Grabado-y-Cortado-Laser-de-CO2-5.jpg","datePublished":"2020-08-21T11:23:47+00:00","dateModified":"2020-10-09T10:45:53+00:00","breadcrumb":{"@id":"https:\/\/distribucionarc.com\/en\/producto\/maquina-de-grabado-y-cortado-laser-de-co2\/#breadcrumb"},"inLanguage":"fr-FR","potentialAction":[{"@type":"ReadAction","target":["https:\/\/distribucionarc.com\/en\/producto\/maquina-de-grabado-y-cortado-laser-de-co2\/"]}]},{"@type":"ImageObject","inLanguage":"fr-FR","@id":"https:\/\/distribucionarc.com\/en\/producto\/maquina-de-grabado-y-cortado-laser-de-co2\/#primaryimage","url":"https:\/\/distribucionarc.com\/wp-content\/uploads\/2020\/08\/Maquina-de-Grabado-y-Cortado-Laser-de-CO2-5.jpg","contentUrl":"https:\/\/distribucionarc.com\/wp-content\/uploads\/2020\/08\/Maquina-de-Grabado-y-Cortado-Laser-de-CO2-5.jpg","width":1600,"height":1600,"caption":"M\u00e1quina de Grabado y Cortado L\u00e1ser\u00a0de CO2"},{"@type":"BreadcrumbList","@id":"https:\/\/distribucionarc.com\/en\/producto\/maquina-de-grabado-y-cortado-laser-de-co2\/#breadcrumb","itemListElement":[{"@type":"ListItem","position":1,"name":"Portada","item":"https:\/\/www.distribucionarc.com\/"},{"@type":"ListItem","position":2,"name":"\u00dcr\u00fcnler","item":"https:\/\/www.distribucionarc.com\/tr\/magaza\/"},{"@type":"ListItem","position":3,"name":"M\u00e1quina de Grabado y Cortado L\u00e1ser\u00a0de CO2 carpinteria 30 x 20"}]},{"@type":"WebSite","@id":"https:\/\/www.distribucionarc.com\/sl\/#website","url":"https:\/\/www.distribucionarc.com\/sl\/","name":"R\u00e9partition de l&#039;ARC","description":"Entreprise sp\u00e9cialis\u00e9e dans la fabrication et la distribution de machines industrielles, scelleuses de bo\u00eetes, machines \u00e0 comprim\u00e9s, machines \u00e0 d\u00e9couper la viande...","publisher":{"@id":"https:\/\/www.distribucionarc.com\/sl\/#organization"},"potentialAction":[{"@type":"SearchAction","target":{"@type":"EntryPoint","urlTemplate":"https:\/\/www.distribucionarc.com\/sl\/?s={search_term_string}"},"query-input":{"@type":"PropertyValueSpecification","valueRequired":true,"valueName":"search_term_string"}}],"inLanguage":"fr-FR"},{"@type":"Organization","@id":"https:\/\/www.distribucionarc.com\/sl\/#organization","name":"Distribution ARC","url":"https:\/\/www.distribucionarc.com\/sl\/","logo":{"@type":"ImageObject","inLanguage":"fr-FR","@id":"https:\/\/www.distribucionarc.com\/sl\/#\/schema\/logo\/image\/","url":"https:\/\/distribucionarc.com\/wp-content\/uploads\/2024\/10\/distribucion-ARC-COLOR-SIN-FONDO-e1732295305345.png","contentUrl":"https:\/\/distribucionarc.com\/wp-content\/uploads\/2024\/10\/distribucion-ARC-COLOR-SIN-FONDO-e1732295305345.png","width":1164,"height":558,"caption":"Distribuci\u00f3n ARC"},"image":{"@id":"https:\/\/www.distribucionarc.com\/sl\/#\/schema\/logo\/image\/"},"description":"Entreprise sp\u00e9cialis\u00e9e dans la fabrication et la distribution de machines industrielles pour les secteurs alimentaire et pharmaceutique. Nous sommes sp\u00e9cialis\u00e9s dans : Machines \u00e0 couper la viande Fabrication de comprim\u00e9s Syst\u00e8mes de transport industriel Lignes d'embouteillage Machines de dosage Et bien plus encore... Nous proposons des solutions innovantes et personnalis\u00e9es pour optimiser les processus de production de votre entreprise.","email":"Admistracion@distribucionarc.com","telephone":"+34 643496664","legalName":"ARC TECH SOLUTIONS","foundingDate":"2024-04-09","vatID":"B55480172","numberOfEmployees":{"@type":"QuantitativeValue","minValue":"1","maxValue":"10"}}]}},"_links":{"self":[{"href":"https:\/\/distribucionarc.com\/fr\/wp-json\/wp\/v2\/product\/2747","targetHints":{"allow":["GET"]}}],"collection":[{"href":"https:\/\/distribucionarc.com\/fr\/wp-json\/wp\/v2\/product"}],"about":[{"href":"https:\/\/distribucionarc.com\/fr\/wp-json\/wp\/v2\/types\/product"}],"replies":[{"embeddable":true,"href":"https:\/\/distribucionarc.com\/fr\/wp-json\/wp\/v2\/comments?post=2747"}],"version-history":[{"count":0,"href":"https:\/\/distribucionarc.com\/fr\/wp-json\/wp\/v2\/product\/2747\/revisions"}],"wp:featuredmedia":[{"embeddable":true,"href":"https:\/\/distribucionarc.com\/fr\/wp-json\/wp\/v2\/media\/2759"}],"wp:attachment":[{"href":"https:\/\/distribucionarc.com\/fr\/wp-json\/wp\/v2\/media?parent=2747"}],"wp:term":[{"taxonomy":"product_brand","embeddable":true,"href":"https:\/\/distribucionarc.com\/fr\/wp-json\/wp\/v2\/product_brand?post=2747"},{"taxonomy":"product_cat","embeddable":true,"href":"https:\/\/distribucionarc.com\/fr\/wp-json\/wp\/v2\/product_cat?post=2747"},{"taxonomy":"product_tag","embeddable":true,"href":"https:\/\/distribucionarc.com\/fr\/wp-json\/wp\/v2\/product_tag?post=2747"}],"curies":[{"name":"wp","href":"https:\/\/api.w.org\/{rel}","templated":true}]}}